{"id":587,"date":"2022-04-22T16:43:57","date_gmt":"2022-04-22T14:43:57","guid":{"rendered":"https:\/\/trendsandvision.nl\/de\/product\/nestkast-kweekkas\/"},"modified":"2026-02-04T00:11:42","modified_gmt":"2026-02-03T23:11:42","slug":"esschert-design-gewaechshaus-nistkasten","status":"publish","type":"product","link":"https:\/\/trendsandvision.nl\/de\/product\/esschert-design-gewaechshaus-nistkasten\/","title":{"rendered":"Esschert Design Gew\u00e4chshaus-Nistkasten"},"content":{"rendered":"<p>L\u00fcftungs\u00f6ffnungen unter dem Dach<br \/>\nDer Boden kann angehoben werden, um den Nistkasten zu reinigen (den Nistkasten nur im Herbst reinigen).<br \/>\ndank des Schl\u00fcssellochschneiders einfach aufzuh\u00e4ngen<br \/>\ngeeignet f\u00fcr Blaumeise, Haubenmeise, Sumpfmeise, Weidenmeise und Tannenmeise<\/p>\n<p>Die Idee, Pflanzen in einer gesch\u00fctzten Umgebung anzubauen, gibt es schon seit der R\u00f6merzeit. Der franz\u00f6sische Botaniker Charles Lucien Bonaparte wird oft als Urheber f\u00fcr den Bau des ersten praktischen Gew\u00e4chshauses genannt. Gew\u00e4chsh\u00e4user geben Ihnen heute die M\u00f6glichkeit, Pflanzen das ganze Jahr \u00fcber zu z\u00fcchten. Dieses kleine Gew\u00e4chshaus wurde speziell f\u00fcr die Blaumeise entwickelt. Neben der Blaumeise ziehen auch die Haubenmeise, die Sumpfmeise, die Weidenmeise und die Tannenmeise gerne in diesen Nistkasten ein. Bei schlechtem Wetter nutzen die V\u00f6gel das Vogelhaus auch als Unterschlupf.<\/p>\n<p>Artikelname: Gew\u00e4chshaus-<strong><a href=\"https:\/\/trendsandvision.nl\/de\/?s=Nistkasten&amp;post_type=product&amp;dgwt_wcas=1\">Nistkasten<\/a><\/strong><br \/>\nArtikelnummer: 37000599<br \/>\nProduktgruppe(n) V\u00f6gel&amp;Gartentiere, Nistk\u00e4sten und Vogelh\u00e4user, Sonstiges, Garten&amp;Terrasse, Statuen und Spiegel, Polyresin<br \/>\nProduktabmessungen in cm L 13,2 x T 12,8 x H 24,5<br \/>\nMaterial: Polyresin\/Polystein, Sperrholz<br \/>\nNettogewicht 0,752 kg<br \/>\nBarcode 8713968377603<\/p>\n","protected":false},"excerpt":{"rendered":"<p>Gew\u00e4chshaus-Nistkasten<br \/>\nArtikelnummer 37000599<br \/>\nL 13,2 x T 12,8 x H 24,5 cm<br \/>\nMaterial Polyresin, Sperrholz<br \/>\nNettogewicht 0,752 kg<br \/>\nBarcode 8713968377603<\/p>\n","protected":false},"featured_media":588,"template":"","meta":[],"product_brand":[9597,9598],"product_cat":[1315],"product_tag":[7346,6828,6842,7344,7189],"class_list":{"0":"post-587","1":"product","2":"type-product","3":"status-publish","4":"has-post-thumbnail","6":"product_brand-esschert-design","7":"product_brand-trends-and-vision","8":"product_cat-best-for-birds","9":"product_tag-gewaechshaus","10":"product_tag-nistkasten","11":"product_tag-polyresin","12":"product_tag-sperrholz","13":"product_tag-vogelhaeuser","14":"pa_ean-code-339","15":"pa_messungen-l-131-x-b-135-x-h-247-cm","17":"first","18":"instock","19":"sale","20":"taxable","21":"shipping-taxable","22":"purchasable","23":"product-type-simple","24":"czr-hentry"},"yoast_head":"<!-- This site is optimized with the Yoast SEO Premium plugin v26.4 (Yoast SEO v27.3) - https:\/\/yoast.com\/product\/yoast-seo-premium-wordpress\/ -->\n<title>Nestkast kweekkas (37000599, 8713968377603) - Trends &amp; Vision<\/title>\n<meta name=\"description\" content=\"Nestkast kweekkas: Nestkast kweekkas\" \/>\n<meta name=\"robots\" content=\"index, follow, max-snippet:-1, max-image-preview:large, max-video-preview:-1\" \/>\n<link rel=\"canonical\" href=\"https:\/\/trendsandvision.nl\/de\/product\/esschert-design-gewaechshaus-nistkasten\/\" \/>\n<meta property=\"og:locale\" content=\"de_DE\" \/>\n<meta property=\"og:type\" content=\"article\" \/>\n<meta property=\"og:title\" content=\"Esschert Design Gew\u00e4chshaus-Nistkasten\" \/>\n<meta property=\"og:description\" content=\"Nestkast kweekkas: Nestkast kweekkas\" \/>\n<meta property=\"og:url\" content=\"https:\/\/trendsandvision.nl\/de\/product\/esschert-design-gewaechshaus-nistkasten\/\" \/>\n<meta property=\"og:site_name\" content=\"Trends &amp; Vision (DE)\" \/>\n<meta property=\"article:modified_time\" content=\"2026-02-03T23:11:42+00:00\" \/>\n<meta property=\"og:image\" content=\"https:\/\/trendsandvision.nl\/de\/wp-content\/uploads\/sites\/3\/2022\/04\/37000599_01.jpg\" \/>\n\t<meta property=\"og:image:width\" content=\"800\" \/>\n\t<meta property=\"og:image:height\" content=\"800\" \/>\n\t<meta property=\"og:image:type\" content=\"image\/jpeg\" \/>\n<meta name=\"twitter:card\" content=\"summary_large_image\" \/>\n<meta name=\"twitter:label1\" content=\"Gesch\u00e4tzte Lesezeit\" \/>\n\t<meta name=\"twitter:data1\" content=\"1\u00a0Minute\" \/>\n<script type=\"application\/ld+json\" class=\"yoast-schema-graph\">{\"@context\":\"https:\\\/\\\/schema.org\",\"@graph\":[{\"@type\":\"WebPage\",\"@id\":\"https:\\\/\\\/trendsandvision.nl\\\/de\\\/product\\\/esschert-design-gewaechshaus-nistkasten\\\/\",\"url\":\"https:\\\/\\\/trendsandvision.nl\\\/de\\\/product\\\/esschert-design-gewaechshaus-nistkasten\\\/\",\"name\":\"Nestkast kweekkas (37000599, 8713968377603) - Trends & Vision\",\"isPartOf\":{\"@id\":\"https:\\\/\\\/trendsandvision.nl\\\/de\\\/#website\"},\"primaryImageOfPage\":{\"@id\":\"https:\\\/\\\/trendsandvision.nl\\\/de\\\/product\\\/esschert-design-gewaechshaus-nistkasten\\\/#primaryimage\"},\"image\":{\"@id\":\"https:\\\/\\\/trendsandvision.nl\\\/de\\\/product\\\/esschert-design-gewaechshaus-nistkasten\\\/#primaryimage\"},\"thumbnailUrl\":\"https:\\\/\\\/trendsandvision.nl\\\/de\\\/wp-content\\\/uploads\\\/sites\\\/3\\\/2022\\\/04\\\/37000599_01.jpg\",\"datePublished\":\"2022-04-22T14:43:57+00:00\",\"dateModified\":\"2026-02-03T23:11:42+00:00\",\"description\":\"Nestkast kweekkas: Nestkast kweekkas\",\"breadcrumb\":{\"@id\":\"https:\\\/\\\/trendsandvision.nl\\\/de\\\/product\\\/esschert-design-gewaechshaus-nistkasten\\\/#breadcrumb\"},\"inLanguage\":\"de\",\"potentialAction\":[{\"@type\":\"ReadAction\",\"target\":[\"https:\\\/\\\/trendsandvision.nl\\\/de\\\/product\\\/esschert-design-gewaechshaus-nistkasten\\\/\"]}]},{\"@type\":\"ImageObject\",\"inLanguage\":\"de\",\"@id\":\"https:\\\/\\\/trendsandvision.nl\\\/de\\\/product\\\/esschert-design-gewaechshaus-nistkasten\\\/#primaryimage\",\"url\":\"https:\\\/\\\/trendsandvision.nl\\\/de\\\/wp-content\\\/uploads\\\/sites\\\/3\\\/2022\\\/04\\\/37000599_01.jpg\",\"contentUrl\":\"https:\\\/\\\/trendsandvision.nl\\\/de\\\/wp-content\\\/uploads\\\/sites\\\/3\\\/2022\\\/04\\\/37000599_01.jpg\",\"width\":800,\"height\":800,\"caption\":\"Nestkast kweekkas (37000599\"},{\"@type\":\"BreadcrumbList\",\"@id\":\"https:\\\/\\\/trendsandvision.nl\\\/de\\\/product\\\/esschert-design-gewaechshaus-nistkasten\\\/#breadcrumb\",\"itemListElement\":[{\"@type\":\"ListItem\",\"position\":1,\"name\":\"Home\",\"item\":\"https:\\\/\\\/trendsandvision.nl\\\/de\\\/\"},{\"@type\":\"ListItem\",\"position\":2,\"name\":\"Gesch\u00e4ft\",\"item\":\"https:\\\/\\\/trendsandvision.nl\\\/de\\\/geschaft\\\/\"},{\"@type\":\"ListItem\",\"position\":3,\"name\":\"Esschert Design Gew\u00e4chshaus-Nistkasten\"}]},{\"@type\":\"WebSite\",\"@id\":\"https:\\\/\\\/trendsandvision.nl\\\/de\\\/#website\",\"url\":\"https:\\\/\\\/trendsandvision.nl\\\/de\\\/\",\"name\":\"Trends &amp; Vision (DE)\",\"description\":\"Der Webshop f\u00fcr Esschert Design Artikel\",\"publisher\":{\"@id\":\"https:\\\/\\\/trendsandvision.nl\\\/de\\\/#organization\"},\"potentialAction\":[{\"@type\":\"SearchAction\",\"target\":{\"@type\":\"EntryPoint\",\"urlTemplate\":\"https:\\\/\\\/trendsandvision.nl\\\/de\\\/?s={search_term_string}\"},\"query-input\":{\"@type\":\"PropertyValueSpecification\",\"valueRequired\":true,\"valueName\":\"search_term_string\"}}],\"inLanguage\":\"de\"},{\"@type\":\"Organization\",\"@id\":\"https:\\\/\\\/trendsandvision.nl\\\/de\\\/#organization\",\"name\":\"Trends &amp; Vision (DE)\",\"url\":\"https:\\\/\\\/trendsandvision.nl\\\/de\\\/\",\"logo\":{\"@type\":\"ImageObject\",\"inLanguage\":\"de\",\"@id\":\"https:\\\/\\\/trendsandvision.nl\\\/de\\\/#\\\/schema\\\/logo\\\/image\\\/\",\"url\":\"https:\\\/\\\/trendsandvision.nl\\\/de\\\/wp-content\\\/uploads\\\/sites\\\/3\\\/2022\\\/04\\\/trends-and-vision-logo.jpg\",\"contentUrl\":\"https:\\\/\\\/trendsandvision.nl\\\/de\\\/wp-content\\\/uploads\\\/sites\\\/3\\\/2022\\\/04\\\/trends-and-vision-logo.jpg\",\"width\":213,\"height\":100,\"caption\":\"Trends &amp; Vision (DE)\"},\"image\":{\"@id\":\"https:\\\/\\\/trendsandvision.nl\\\/de\\\/#\\\/schema\\\/logo\\\/image\\\/\"}}]}<\/script>\n<!-- \/ Yoast SEO Premium plugin. -->","yoast_head_json":{"title":"Nestkast kweekkas (37000599, 8713968377603) - Trends & Vision","description":"Nestkast kweekkas: Nestkast kweekkas","robots":{"index":"index","follow":"follow","max-snippet":"max-snippet:-1","max-image-preview":"max-image-preview:large","max-video-preview":"max-video-preview:-1"},"canonical":"https:\/\/trendsandvision.nl\/de\/product\/esschert-design-gewaechshaus-nistkasten\/","og_locale":"de_DE","og_type":"article","og_title":"Esschert Design Gew\u00e4chshaus-Nistkasten","og_description":"Nestkast kweekkas: Nestkast kweekkas","og_url":"https:\/\/trendsandvision.nl\/de\/product\/esschert-design-gewaechshaus-nistkasten\/","og_site_name":"Trends &amp; Vision (DE)","article_modified_time":"2026-02-03T23:11:42+00:00","og_image":[{"width":800,"height":800,"url":"https:\/\/trendsandvision.nl\/de\/wp-content\/uploads\/sites\/3\/2022\/04\/37000599_01.jpg","type":"image\/jpeg"}],"twitter_card":"summary_large_image","twitter_misc":{"Gesch\u00e4tzte Lesezeit":"1\u00a0Minute"},"schema":{"@context":"https:\/\/schema.org","@graph":[{"@type":"WebPage","@id":"https:\/\/trendsandvision.nl\/de\/product\/esschert-design-gewaechshaus-nistkasten\/","url":"https:\/\/trendsandvision.nl\/de\/product\/esschert-design-gewaechshaus-nistkasten\/","name":"Nestkast kweekkas (37000599, 8713968377603) - Trends & Vision","isPartOf":{"@id":"https:\/\/trendsandvision.nl\/de\/#website"},"primaryImageOfPage":{"@id":"https:\/\/trendsandvision.nl\/de\/product\/esschert-design-gewaechshaus-nistkasten\/#primaryimage"},"image":{"@id":"https:\/\/trendsandvision.nl\/de\/product\/esschert-design-gewaechshaus-nistkasten\/#primaryimage"},"thumbnailUrl":"https:\/\/trendsandvision.nl\/de\/wp-content\/uploads\/sites\/3\/2022\/04\/37000599_01.jpg","datePublished":"2022-04-22T14:43:57+00:00","dateModified":"2026-02-03T23:11:42+00:00","description":"Nestkast kweekkas: Nestkast kweekkas","breadcrumb":{"@id":"https:\/\/trendsandvision.nl\/de\/product\/esschert-design-gewaechshaus-nistkasten\/#breadcrumb"},"inLanguage":"de","potentialAction":[{"@type":"ReadAction","target":["https:\/\/trendsandvision.nl\/de\/product\/esschert-design-gewaechshaus-nistkasten\/"]}]},{"@type":"ImageObject","inLanguage":"de","@id":"https:\/\/trendsandvision.nl\/de\/product\/esschert-design-gewaechshaus-nistkasten\/#primaryimage","url":"https:\/\/trendsandvision.nl\/de\/wp-content\/uploads\/sites\/3\/2022\/04\/37000599_01.jpg","contentUrl":"https:\/\/trendsandvision.nl\/de\/wp-content\/uploads\/sites\/3\/2022\/04\/37000599_01.jpg","width":800,"height":800,"caption":"Nestkast kweekkas (37000599"},{"@type":"BreadcrumbList","@id":"https:\/\/trendsandvision.nl\/de\/product\/esschert-design-gewaechshaus-nistkasten\/#breadcrumb","itemListElement":[{"@type":"ListItem","position":1,"name":"Home","item":"https:\/\/trendsandvision.nl\/de\/"},{"@type":"ListItem","position":2,"name":"Gesch\u00e4ft","item":"https:\/\/trendsandvision.nl\/de\/geschaft\/"},{"@type":"ListItem","position":3,"name":"Esschert Design Gew\u00e4chshaus-Nistkasten"}]},{"@type":"WebSite","@id":"https:\/\/trendsandvision.nl\/de\/#website","url":"https:\/\/trendsandvision.nl\/de\/","name":"Trends &amp; Vision (DE)","description":"Der Webshop f\u00fcr Esschert Design Artikel","publisher":{"@id":"https:\/\/trendsandvision.nl\/de\/#organization"},"potentialAction":[{"@type":"SearchAction","target":{"@type":"EntryPoint","urlTemplate":"https:\/\/trendsandvision.nl\/de\/?s={search_term_string}"},"query-input":{"@type":"PropertyValueSpecification","valueRequired":true,"valueName":"search_term_string"}}],"inLanguage":"de"},{"@type":"Organization","@id":"https:\/\/trendsandvision.nl\/de\/#organization","name":"Trends &amp; Vision (DE)","url":"https:\/\/trendsandvision.nl\/de\/","logo":{"@type":"ImageObject","inLanguage":"de","@id":"https:\/\/trendsandvision.nl\/de\/#\/schema\/logo\/image\/","url":"https:\/\/trendsandvision.nl\/de\/wp-content\/uploads\/sites\/3\/2022\/04\/trends-and-vision-logo.jpg","contentUrl":"https:\/\/trendsandvision.nl\/de\/wp-content\/uploads\/sites\/3\/2022\/04\/trends-and-vision-logo.jpg","width":213,"height":100,"caption":"Trends &amp; Vision (DE)"},"image":{"@id":"https:\/\/trendsandvision.nl\/de\/#\/schema\/logo\/image\/"}}]}},"_links":{"self":[{"href":"https:\/\/trendsandvision.nl\/de\/wp-json\/wp\/v2\/product\/587","targetHints":{"allow":["GET"]}}],"collection":[{"href":"https:\/\/trendsandvision.nl\/de\/wp-json\/wp\/v2\/product"}],"about":[{"href":"https:\/\/trendsandvision.nl\/de\/wp-json\/wp\/v2\/types\/product"}],"wp:featuredmedia":[{"embeddable":true,"href":"https:\/\/trendsandvision.nl\/de\/wp-json\/wp\/v2\/media\/588"}],"wp:attachment":[{"href":"https:\/\/trendsandvision.nl\/de\/wp-json\/wp\/v2\/media?parent=587"}],"wp:term":[{"taxonomy":"product_brand","embeddable":true,"href":"https:\/\/trendsandvision.nl\/de\/wp-json\/wp\/v2\/product_brand?post=587"},{"taxonomy":"product_cat","embeddable":true,"href":"https:\/\/trendsandvision.nl\/de\/wp-json\/wp\/v2\/product_cat?post=587"},{"taxonomy":"product_tag","embeddable":true,"href":"https:\/\/trendsandvision.nl\/de\/wp-json\/wp\/v2\/product_tag?post=587"}],"curies":[{"name":"wp","href":"https:\/\/api.w.org\/{rel}","templated":true}]}}