{"id":5526,"date":"2022-04-22T18:47:54","date_gmt":"2022-04-22T16:47:54","guid":{"rendered":"https:\/\/trendsandvision.nl\/de\/product\/esschert-design-lange-lucifers-in-koker\/"},"modified":"2026-04-07T10:39:30","modified_gmt":"2026-04-07T08:39:30","slug":"esschert-designlange-streichhoelzer-in-koecher","status":"publish","type":"product","link":"https:\/\/trendsandvision.nl\/de\/product\/esschert-designlange-streichhoelzer-in-koecher\/","title":{"rendered":"Esschert DesignLange Streichh\u00f6lzer in K\u00f6cher"},"content":{"rendered":"<p>Bereits seit dem 6. Jahrhundert werden h\u00f6lzerne St\u00e4bchen dazu benutzt um Licht und W\u00e4rme zu erzeugen.<br \/>\nDank der extra L\u00e4nge eignen sich diese Streichh\u00f6lzer vor allem zum entz\u00fcnden von Kaminfeuern, Kerzen und sonstigen offenen Feuern.<br \/>\nDie Z\u00fcndh\u00f6lzer sind in einem runden K\u00f6cher verpackt. An dessen Unterseite befindet sich die Reibefl\u00e4che zum Entfachen der Flamme.<br \/>\nDie Oberseite ist mit einem Fenster ausgestattet, so dass leicht zu erkennen ist, wie viele Streichh\u00f6lzer sich noch im Inneren befinden.<\/p>\n<p>&#8211; Inklusive ca. 50 Streichh\u00f6lzer<br \/>\n&#8211; verpackt in Full Colour K\u00f6cher<\/p>\n<p>Artikelname: Lange Streichh\u00f6lzer in K\u00f6cher<br \/>\nArtikelnummer: LC1<br \/>\nProduktgruppe(n) Feuer, Zubeh\u00f6r, Anmachholz<br \/>\nProduktabmessungen in cm L 5,9 x T 5,9 x H 25,3<br \/>\nMaterial: Pappelholz<br \/>\nNettogewicht 0,122 kg<br \/>\nBarcode 8714982001734<\/p>\n","protected":false},"excerpt":{"rendered":"<p>&#8211; Artikelnummer: LC1<br \/>\n&#8211; Inklusive ca. 50 Streichh\u00f6lzer<br \/>\n&#8211; Verpackt in Full Colour K\u00f6cher<br \/>\n&#8211; L 5,9 x T 5,9 x H 25,3 cm<br \/>\n&#8211; Material Pappelholz<br \/>\n&#8211; Nettogewicht 0,122 kg<br \/>\n&#8211; Barcode 8714982001734<\/p>\n","protected":false},"featured_media":5527,"template":"","meta":[],"product_brand":[9597,9598],"product_cat":[1124],"product_tag":[7315,7316,7303,9401,9400,9402,8389,8094],"class_list":{"0":"post-5526","1":"product","2":"type-product","3":"status-publish","4":"has-post-thumbnail","6":"product_brand-esschert-design","7":"product_brand-trends-and-vision","8":"product_cat-fancy-flames","9":"product_tag-bbq","10":"product_tag-grill","11":"product_tag-kamin","12":"product_tag-krisenvorsorge","13":"product_tag-notfallvorsorge","14":"product_tag-notpaket","15":"product_tag-streichhoelzer","16":"product_tag-streichhoelzern","17":"pa_anbieter-esschert-design","18":"pa_ean-code-3229","19":"pa_material-populier-hout","20":"pa_messungen-59x59x253-cm","22":"first","23":"instock","24":"sale","25":"taxable","26":"shipping-taxable","27":"purchasable","28":"product-type-simple","29":"czr-hentry"},"yoast_head":"<!-- This site is optimized with the Yoast SEO Premium plugin v26.4 (Yoast SEO v27.4) - https:\/\/yoast.com\/product\/yoast-seo-premium-wordpress\/ -->\n<title>Esschert Design Lange lucifers in koker (LC1, 8714982001734) - Trends &amp; Vision<\/title>\n<meta name=\"description\" content=\"Esschert Design Lange lucifers in koker: Al sinds de 6e eeuw brengen houten staven licht en warmte. Dankzij de extra lengte zijn deze lucifers met name geschikt voor het aansteken van open ha...\" \/>\n<meta name=\"robots\" content=\"index, follow, max-snippet:-1, max-image-preview:large, max-video-preview:-1\" \/>\n<link rel=\"canonical\" href=\"https:\/\/trendsandvision.nl\/de\/product\/esschert-designlange-streichhoelzer-in-koecher\/\" \/>\n<meta property=\"og:locale\" content=\"de_DE\" \/>\n<meta property=\"og:type\" content=\"article\" \/>\n<meta property=\"og:title\" content=\"Esschert DesignLange Streichh\u00f6lzer in K\u00f6cher\" \/>\n<meta property=\"og:description\" content=\"Esschert Design Lange lucifers in koker: Al sinds de 6e eeuw brengen houten staven licht en warmte. Dankzij de extra lengte zijn deze lucifers met name geschikt voor het aansteken van open ha...\" \/>\n<meta property=\"og:url\" content=\"https:\/\/trendsandvision.nl\/de\/product\/esschert-designlange-streichhoelzer-in-koecher\/\" \/>\n<meta property=\"og:site_name\" content=\"Trends &amp; Vision (DE)\" \/>\n<meta property=\"article:modified_time\" content=\"2026-04-07T08:39:30+00:00\" \/>\n<meta property=\"og:image\" content=\"https:\/\/trendsandvision.nl\/de\/wp-content\/uploads\/sites\/3\/2022\/04\/LC1_01.jpg\" \/>\n\t<meta property=\"og:image:width\" content=\"800\" \/>\n\t<meta property=\"og:image:height\" content=\"800\" \/>\n\t<meta property=\"og:image:type\" content=\"image\/jpeg\" \/>\n<meta name=\"twitter:card\" content=\"summary_large_image\" \/>\n<meta name=\"twitter:label1\" content=\"Gesch\u00e4tzte Lesezeit\" \/>\n\t<meta name=\"twitter:data1\" content=\"1\u00a0Minute\" \/>\n<script type=\"application\/ld+json\" class=\"yoast-schema-graph\">{\"@context\":\"https:\\\/\\\/schema.org\",\"@graph\":[{\"@type\":\"WebPage\",\"@id\":\"https:\\\/\\\/trendsandvision.nl\\\/de\\\/product\\\/esschert-designlange-streichhoelzer-in-koecher\\\/\",\"url\":\"https:\\\/\\\/trendsandvision.nl\\\/de\\\/product\\\/esschert-designlange-streichhoelzer-in-koecher\\\/\",\"name\":\"Esschert Design Lange lucifers in koker (LC1, 8714982001734) - Trends & Vision\",\"isPartOf\":{\"@id\":\"https:\\\/\\\/trendsandvision.nl\\\/de\\\/#website\"},\"primaryImageOfPage\":{\"@id\":\"https:\\\/\\\/trendsandvision.nl\\\/de\\\/product\\\/esschert-designlange-streichhoelzer-in-koecher\\\/#primaryimage\"},\"image\":{\"@id\":\"https:\\\/\\\/trendsandvision.nl\\\/de\\\/product\\\/esschert-designlange-streichhoelzer-in-koecher\\\/#primaryimage\"},\"thumbnailUrl\":\"https:\\\/\\\/trendsandvision.nl\\\/de\\\/wp-content\\\/uploads\\\/sites\\\/3\\\/2022\\\/04\\\/LC1_01.jpg\",\"datePublished\":\"2022-04-22T16:47:54+00:00\",\"dateModified\":\"2026-04-07T08:39:30+00:00\",\"description\":\"Esschert Design Lange lucifers in koker: Al sinds de 6e eeuw brengen houten staven licht en warmte. Dankzij de extra lengte zijn deze lucifers met name geschikt voor het aansteken van open ha...\",\"breadcrumb\":{\"@id\":\"https:\\\/\\\/trendsandvision.nl\\\/de\\\/product\\\/esschert-designlange-streichhoelzer-in-koecher\\\/#breadcrumb\"},\"inLanguage\":\"de\",\"potentialAction\":[{\"@type\":\"ReadAction\",\"target\":[\"https:\\\/\\\/trendsandvision.nl\\\/de\\\/product\\\/esschert-designlange-streichhoelzer-in-koecher\\\/\"]}]},{\"@type\":\"ImageObject\",\"inLanguage\":\"de\",\"@id\":\"https:\\\/\\\/trendsandvision.nl\\\/de\\\/product\\\/esschert-designlange-streichhoelzer-in-koecher\\\/#primaryimage\",\"url\":\"https:\\\/\\\/trendsandvision.nl\\\/de\\\/wp-content\\\/uploads\\\/sites\\\/3\\\/2022\\\/04\\\/LC1_01.jpg\",\"contentUrl\":\"https:\\\/\\\/trendsandvision.nl\\\/de\\\/wp-content\\\/uploads\\\/sites\\\/3\\\/2022\\\/04\\\/LC1_01.jpg\",\"width\":800,\"height\":800,\"caption\":\"Esschert Design Lange lucifers in koker (LC1\"},{\"@type\":\"BreadcrumbList\",\"@id\":\"https:\\\/\\\/trendsandvision.nl\\\/de\\\/product\\\/esschert-designlange-streichhoelzer-in-koecher\\\/#breadcrumb\",\"itemListElement\":[{\"@type\":\"ListItem\",\"position\":1,\"name\":\"Home\",\"item\":\"https:\\\/\\\/trendsandvision.nl\\\/de\\\/\"},{\"@type\":\"ListItem\",\"position\":2,\"name\":\"Gesch\u00e4ft\",\"item\":\"https:\\\/\\\/trendsandvision.nl\\\/de\\\/geschaft\\\/\"},{\"@type\":\"ListItem\",\"position\":3,\"name\":\"Esschert DesignLange Streichh\u00f6lzer in K\u00f6cher\"}]},{\"@type\":\"WebSite\",\"@id\":\"https:\\\/\\\/trendsandvision.nl\\\/de\\\/#website\",\"url\":\"https:\\\/\\\/trendsandvision.nl\\\/de\\\/\",\"name\":\"Trends &amp; Vision (DE)\",\"description\":\"Der Webshop f\u00fcr Esschert Design Artikel\",\"publisher\":{\"@id\":\"https:\\\/\\\/trendsandvision.nl\\\/de\\\/#organization\"},\"potentialAction\":[{\"@type\":\"SearchAction\",\"target\":{\"@type\":\"EntryPoint\",\"urlTemplate\":\"https:\\\/\\\/trendsandvision.nl\\\/de\\\/?s={search_term_string}\"},\"query-input\":{\"@type\":\"PropertyValueSpecification\",\"valueRequired\":true,\"valueName\":\"search_term_string\"}}],\"inLanguage\":\"de\"},{\"@type\":\"Organization\",\"@id\":\"https:\\\/\\\/trendsandvision.nl\\\/de\\\/#organization\",\"name\":\"Trends &amp; Vision (DE)\",\"url\":\"https:\\\/\\\/trendsandvision.nl\\\/de\\\/\",\"logo\":{\"@type\":\"ImageObject\",\"inLanguage\":\"de\",\"@id\":\"https:\\\/\\\/trendsandvision.nl\\\/de\\\/#\\\/schema\\\/logo\\\/image\\\/\",\"url\":\"https:\\\/\\\/trendsandvision.nl\\\/de\\\/wp-content\\\/uploads\\\/sites\\\/3\\\/2022\\\/04\\\/trends-and-vision-logo.jpg\",\"contentUrl\":\"https:\\\/\\\/trendsandvision.nl\\\/de\\\/wp-content\\\/uploads\\\/sites\\\/3\\\/2022\\\/04\\\/trends-and-vision-logo.jpg\",\"width\":213,\"height\":100,\"caption\":\"Trends &amp; Vision (DE)\"},\"image\":{\"@id\":\"https:\\\/\\\/trendsandvision.nl\\\/de\\\/#\\\/schema\\\/logo\\\/image\\\/\"}}]}<\/script>\n<!-- \/ Yoast SEO Premium plugin. -->","yoast_head_json":{"title":"Esschert Design Lange lucifers in koker (LC1, 8714982001734) - Trends & Vision","description":"Esschert Design Lange lucifers in koker: Al sinds de 6e eeuw brengen houten staven licht en warmte. Dankzij de extra lengte zijn deze lucifers met name geschikt voor het aansteken van open ha...","robots":{"index":"index","follow":"follow","max-snippet":"max-snippet:-1","max-image-preview":"max-image-preview:large","max-video-preview":"max-video-preview:-1"},"canonical":"https:\/\/trendsandvision.nl\/de\/product\/esschert-designlange-streichhoelzer-in-koecher\/","og_locale":"de_DE","og_type":"article","og_title":"Esschert DesignLange Streichh\u00f6lzer in K\u00f6cher","og_description":"Esschert Design Lange lucifers in koker: Al sinds de 6e eeuw brengen houten staven licht en warmte. Dankzij de extra lengte zijn deze lucifers met name geschikt voor het aansteken van open ha...","og_url":"https:\/\/trendsandvision.nl\/de\/product\/esschert-designlange-streichhoelzer-in-koecher\/","og_site_name":"Trends &amp; Vision (DE)","article_modified_time":"2026-04-07T08:39:30+00:00","og_image":[{"width":800,"height":800,"url":"https:\/\/trendsandvision.nl\/de\/wp-content\/uploads\/sites\/3\/2022\/04\/LC1_01.jpg","type":"image\/jpeg"}],"twitter_card":"summary_large_image","twitter_misc":{"Gesch\u00e4tzte Lesezeit":"1\u00a0Minute"},"schema":{"@context":"https:\/\/schema.org","@graph":[{"@type":"WebPage","@id":"https:\/\/trendsandvision.nl\/de\/product\/esschert-designlange-streichhoelzer-in-koecher\/","url":"https:\/\/trendsandvision.nl\/de\/product\/esschert-designlange-streichhoelzer-in-koecher\/","name":"Esschert Design Lange lucifers in koker (LC1, 8714982001734) - Trends & Vision","isPartOf":{"@id":"https:\/\/trendsandvision.nl\/de\/#website"},"primaryImageOfPage":{"@id":"https:\/\/trendsandvision.nl\/de\/product\/esschert-designlange-streichhoelzer-in-koecher\/#primaryimage"},"image":{"@id":"https:\/\/trendsandvision.nl\/de\/product\/esschert-designlange-streichhoelzer-in-koecher\/#primaryimage"},"thumbnailUrl":"https:\/\/trendsandvision.nl\/de\/wp-content\/uploads\/sites\/3\/2022\/04\/LC1_01.jpg","datePublished":"2022-04-22T16:47:54+00:00","dateModified":"2026-04-07T08:39:30+00:00","description":"Esschert Design Lange lucifers in koker: Al sinds de 6e eeuw brengen houten staven licht en warmte. Dankzij de extra lengte zijn deze lucifers met name geschikt voor het aansteken van open ha...","breadcrumb":{"@id":"https:\/\/trendsandvision.nl\/de\/product\/esschert-designlange-streichhoelzer-in-koecher\/#breadcrumb"},"inLanguage":"de","potentialAction":[{"@type":"ReadAction","target":["https:\/\/trendsandvision.nl\/de\/product\/esschert-designlange-streichhoelzer-in-koecher\/"]}]},{"@type":"ImageObject","inLanguage":"de","@id":"https:\/\/trendsandvision.nl\/de\/product\/esschert-designlange-streichhoelzer-in-koecher\/#primaryimage","url":"https:\/\/trendsandvision.nl\/de\/wp-content\/uploads\/sites\/3\/2022\/04\/LC1_01.jpg","contentUrl":"https:\/\/trendsandvision.nl\/de\/wp-content\/uploads\/sites\/3\/2022\/04\/LC1_01.jpg","width":800,"height":800,"caption":"Esschert Design Lange lucifers in koker (LC1"},{"@type":"BreadcrumbList","@id":"https:\/\/trendsandvision.nl\/de\/product\/esschert-designlange-streichhoelzer-in-koecher\/#breadcrumb","itemListElement":[{"@type":"ListItem","position":1,"name":"Home","item":"https:\/\/trendsandvision.nl\/de\/"},{"@type":"ListItem","position":2,"name":"Gesch\u00e4ft","item":"https:\/\/trendsandvision.nl\/de\/geschaft\/"},{"@type":"ListItem","position":3,"name":"Esschert DesignLange Streichh\u00f6lzer in K\u00f6cher"}]},{"@type":"WebSite","@id":"https:\/\/trendsandvision.nl\/de\/#website","url":"https:\/\/trendsandvision.nl\/de\/","name":"Trends &amp; Vision (DE)","description":"Der Webshop f\u00fcr Esschert Design Artikel","publisher":{"@id":"https:\/\/trendsandvision.nl\/de\/#organization"},"potentialAction":[{"@type":"SearchAction","target":{"@type":"EntryPoint","urlTemplate":"https:\/\/trendsandvision.nl\/de\/?s={search_term_string}"},"query-input":{"@type":"PropertyValueSpecification","valueRequired":true,"valueName":"search_term_string"}}],"inLanguage":"de"},{"@type":"Organization","@id":"https:\/\/trendsandvision.nl\/de\/#organization","name":"Trends &amp; Vision (DE)","url":"https:\/\/trendsandvision.nl\/de\/","logo":{"@type":"ImageObject","inLanguage":"de","@id":"https:\/\/trendsandvision.nl\/de\/#\/schema\/logo\/image\/","url":"https:\/\/trendsandvision.nl\/de\/wp-content\/uploads\/sites\/3\/2022\/04\/trends-and-vision-logo.jpg","contentUrl":"https:\/\/trendsandvision.nl\/de\/wp-content\/uploads\/sites\/3\/2022\/04\/trends-and-vision-logo.jpg","width":213,"height":100,"caption":"Trends &amp; Vision (DE)"},"image":{"@id":"https:\/\/trendsandvision.nl\/de\/#\/schema\/logo\/image\/"}}]}},"_links":{"self":[{"href":"https:\/\/trendsandvision.nl\/de\/wp-json\/wp\/v2\/product\/5526","targetHints":{"allow":["GET"]}}],"collection":[{"href":"https:\/\/trendsandvision.nl\/de\/wp-json\/wp\/v2\/product"}],"about":[{"href":"https:\/\/trendsandvision.nl\/de\/wp-json\/wp\/v2\/types\/product"}],"wp:featuredmedia":[{"embeddable":true,"href":"https:\/\/trendsandvision.nl\/de\/wp-json\/wp\/v2\/media\/5527"}],"wp:attachment":[{"href":"https:\/\/trendsandvision.nl\/de\/wp-json\/wp\/v2\/media?parent=5526"}],"wp:term":[{"taxonomy":"product_brand","embeddable":true,"href":"https:\/\/trendsandvision.nl\/de\/wp-json\/wp\/v2\/product_brand?post=5526"},{"taxonomy":"product_cat","embeddable":true,"href":"https:\/\/trendsandvision.nl\/de\/wp-json\/wp\/v2\/product_cat?post=5526"},{"taxonomy":"product_tag","embeddable":true,"href":"https:\/\/trendsandvision.nl\/de\/wp-json\/wp\/v2\/product_tag?post=5526"}],"curies":[{"name":"wp","href":"https:\/\/api.w.org\/{rel}","templated":true}]}}