{"id":5245,"date":"2022-04-22T18:40:31","date_gmt":"2022-04-22T16:40:31","guid":{"rendered":"https:\/\/trendsandvision.nl\/de\/product\/esschert-design-kinderfernglas\/"},"modified":"2026-04-22T15:09:39","modified_gmt":"2026-04-22T13:09:39","slug":"esschert-design-kinderfernglas","status":"publish","type":"product","link":"https:\/\/trendsandvision.nl\/de\/product\/esschert-design-kinderfernglas\/","title":{"rendered":"Esschert Design Kinderfernglas"},"content":{"rendered":"<p>Fast professionelles Fernglas. 10 x 50 Field 6\u00b0 105m \/ 1000m Inkl. Schwarze Nylontasche mit Trageg\u00fcrt.<br \/>\nMit integriertes kleines Kompass. CE certificiert.<br \/>\nDie Natur steckt voller \u00dcberraschungen und bietet viele Abenteuer. Mit diesem Fernglas mit 7-facher Vergr\u00f6\u00dferung entdeckst du die Natur auf ganz besondere Weise.<br \/>\nDie 7-fache Vergr\u00f6\u00dferung bedeutet, dass du das Objekt, das du durch dein Fernglas betrachtest, siebenmal gr\u00f6\u00dfer als mit dem blo\u00dfen Auge siehst.<br \/>\nDas Fernglas eignet sich sehr gut f\u00fcr die Beobachtung von Tieren, aber nat\u00fcrlich auch um festzustellen, um welches Tier es sich handelt.<br \/>\nViele Leute benutzen ein Fernglas zum Beobachten von V\u00f6geln. Es ist sehr spannend, einen seltenen oder besonderen Vogel zu entdecken.<br \/>\nDie mitgelieferte Aufbewahrungstasche bietet Schutz f\u00fcr das Fernglas und der l\u00e4ngenverstellbare Schultergurt gew\u00e4hrt ein bequemes Tragen.<\/p>\n<p>&#8211; Fernglas inklusive verstellbarem Tragegurt<br \/>\n&#8211; inklusive Aufbewahrungstasche mit verstellbarem Schultergurt<br \/>\n&#8211; 7&#215;50 Vergr\u00f6\u00dferung<\/p>\n<p>Artikelname: Kinderfernglas<br \/>\nArtikelnummer: KG126<br \/>\nProduktgruppe(n) Kinder, Entdeckungssets<br \/>\nProduktabmessungen in cm L 17,8 x T 18,4 x H 7,5<br \/>\nMaterial: Gummi, Glas, Nylon<br \/>\nCE certificiert<br \/>\nNettogewicht 0,813 kg<br \/>\nBarcode 8714982063640<\/p>\n","protected":false},"excerpt":{"rendered":"<p>Artikelnummer: KG126<br \/>\nL 17,8 x T 18,4 x H 7,5 cm<br \/>\nMaterial: Gummi, Glas, Nylon<br \/>\nCE certificiert<br \/>\n7-facher Vergr\u00f6\u00dferung<br \/>\nNettogewicht 0,813 kg<br \/>\nBarcode 8714982063640<\/p>\n","protected":false},"featured_media":5246,"template":"","meta":[],"product_brand":[9597,9598],"product_cat":[3056],"product_tag":[10553,6800,6720,6918,10554],"class_list":{"0":"post-5245","1":"product","2":"type-product","3":"status-publish","4":"has-post-thumbnail","6":"product_brand-esschert-design","7":"product_brand-trends-and-vision","8":"product_cat-kids-in-the-garden","9":"product_tag-ce-certificiert","10":"product_tag-entdeckungssets","11":"product_tag-kinder","12":"product_tag-kinderfernglas","13":"product_tag-mit-7-facher-vergroesserung","14":"pa_anbieter-esschert-design","15":"pa_ean-code-3078","16":"pa_material-nylon-gummi-kunststoff-und-glas","17":"pa_messungen-18x7x19-cm","19":"first","20":"instock","21":"sale","22":"taxable","23":"shipping-taxable","24":"purchasable","25":"product-type-simple","26":"czr-hentry"},"yoast_head":"<!-- This site is optimized with the Yoast SEO Premium plugin v27.4 (Yoast SEO v27.4) - https:\/\/yoast.com\/product\/yoast-seo-premium-wordpress\/ -->\n<title>Esschert Design Kinderfernglas (KG126, 8714982063640) - Trends &amp; Vision<\/title>\n<meta name=\"description\" content=\"Esschert Design Kinderfernglas: Die 7-fache Vergr\u00f6\u00dferung des Kinderfernglases ist f\u00fcr die Beobachtung von Tieren bestens ger\u00fcstet. Lieferung mit Tasche. CE-zertifiziert, f\u00fcr Kinder ab 6 Jahren geeignet.\" \/>\n<meta name=\"robots\" content=\"index, follow, max-snippet:-1, max-image-preview:large, max-video-preview:-1\" \/>\n<link rel=\"canonical\" href=\"https:\/\/trendsandvision.nl\/de\/product\/esschert-design-kinderfernglas\/\" \/>\n<meta property=\"og:locale\" content=\"de_DE\" \/>\n<meta property=\"og:type\" content=\"article\" \/>\n<meta property=\"og:title\" content=\"Esschert Design Kinderfernglas\" \/>\n<meta property=\"og:description\" content=\"Esschert Design Kinderfernglas: Die 7-fache Vergr\u00f6\u00dferung des Kinderfernglases ist f\u00fcr die Beobachtung von Tieren bestens ger\u00fcstet. Lieferung mit Tasche. CE-zertifiziert, f\u00fcr Kinder ab 6 Jahren geeignet.\" \/>\n<meta property=\"og:url\" content=\"https:\/\/trendsandvision.nl\/de\/product\/esschert-design-kinderfernglas\/\" \/>\n<meta property=\"og:site_name\" content=\"Trends &amp; Vision (DE)\" \/>\n<meta property=\"article:modified_time\" content=\"2026-04-22T13:09:39+00:00\" \/>\n<meta property=\"og:image\" content=\"https:\/\/trendsandvision.nl\/de\/wp-content\/uploads\/sites\/3\/2022\/04\/KG126_01.jpg\" \/>\n\t<meta property=\"og:image:width\" content=\"800\" \/>\n\t<meta property=\"og:image:height\" content=\"800\" \/>\n\t<meta property=\"og:image:type\" content=\"image\/jpeg\" \/>\n<meta name=\"twitter:card\" content=\"summary_large_image\" \/>\n<meta name=\"twitter:label1\" content=\"Gesch\u00e4tzte Lesezeit\" \/>\n\t<meta name=\"twitter:data1\" content=\"2\u00a0Minuten\" \/>\n<script type=\"application\/ld+json\" class=\"yoast-schema-graph\">{\"@context\":\"https:\\\/\\\/schema.org\",\"@graph\":[{\"@type\":\"WebPage\",\"@id\":\"https:\\\/\\\/trendsandvision.nl\\\/de\\\/product\\\/esschert-design-kinderfernglas\\\/\",\"url\":\"https:\\\/\\\/trendsandvision.nl\\\/de\\\/product\\\/esschert-design-kinderfernglas\\\/\",\"name\":\"Esschert Design Kinderfernglas (KG126, 8714982063640) - Trends & Vision\",\"isPartOf\":{\"@id\":\"https:\\\/\\\/trendsandvision.nl\\\/de\\\/#website\"},\"primaryImageOfPage\":{\"@id\":\"https:\\\/\\\/trendsandvision.nl\\\/de\\\/product\\\/esschert-design-kinderfernglas\\\/#primaryimage\"},\"image\":{\"@id\":\"https:\\\/\\\/trendsandvision.nl\\\/de\\\/product\\\/esschert-design-kinderfernglas\\\/#primaryimage\"},\"thumbnailUrl\":\"https:\\\/\\\/trendsandvision.nl\\\/de\\\/wp-content\\\/uploads\\\/sites\\\/3\\\/2022\\\/04\\\/KG126_01.jpg\",\"datePublished\":\"2022-04-22T16:40:31+00:00\",\"dateModified\":\"2026-04-22T13:09:39+00:00\",\"description\":\"Esschert Design Kinderfernglas: Die 7-fache Vergr\u00f6\u00dferung des Kinderfernglases ist f\u00fcr die Beobachtung von Tieren bestens ger\u00fcstet. Lieferung mit Tasche. CE-zertifiziert, f\u00fcr Kinder ab 6 Jahren geeignet.\",\"breadcrumb\":{\"@id\":\"https:\\\/\\\/trendsandvision.nl\\\/de\\\/product\\\/esschert-design-kinderfernglas\\\/#breadcrumb\"},\"inLanguage\":\"de\",\"potentialAction\":[{\"@type\":\"ReadAction\",\"target\":[\"https:\\\/\\\/trendsandvision.nl\\\/de\\\/product\\\/esschert-design-kinderfernglas\\\/\"]}]},{\"@type\":\"ImageObject\",\"inLanguage\":\"de\",\"@id\":\"https:\\\/\\\/trendsandvision.nl\\\/de\\\/product\\\/esschert-design-kinderfernglas\\\/#primaryimage\",\"url\":\"https:\\\/\\\/trendsandvision.nl\\\/de\\\/wp-content\\\/uploads\\\/sites\\\/3\\\/2022\\\/04\\\/KG126_01.jpg\",\"contentUrl\":\"https:\\\/\\\/trendsandvision.nl\\\/de\\\/wp-content\\\/uploads\\\/sites\\\/3\\\/2022\\\/04\\\/KG126_01.jpg\",\"width\":800,\"height\":800,\"caption\":\"Esschert Design Kinderfernglas (KG126\"},{\"@type\":\"BreadcrumbList\",\"@id\":\"https:\\\/\\\/trendsandvision.nl\\\/de\\\/product\\\/esschert-design-kinderfernglas\\\/#breadcrumb\",\"itemListElement\":[{\"@type\":\"ListItem\",\"position\":1,\"name\":\"Home\",\"item\":\"https:\\\/\\\/trendsandvision.nl\\\/de\\\/\"},{\"@type\":\"ListItem\",\"position\":2,\"name\":\"Gesch\u00e4ft\",\"item\":\"https:\\\/\\\/trendsandvision.nl\\\/de\\\/geschaft\\\/\"},{\"@type\":\"ListItem\",\"position\":3,\"name\":\"Esschert Design Kinderfernglas\"}]},{\"@type\":\"WebSite\",\"@id\":\"https:\\\/\\\/trendsandvision.nl\\\/de\\\/#website\",\"url\":\"https:\\\/\\\/trendsandvision.nl\\\/de\\\/\",\"name\":\"Trends &amp; Vision (DE)\",\"description\":\"Der Webshop f\u00fcr Esschert Design Artikel\",\"publisher\":{\"@id\":\"https:\\\/\\\/trendsandvision.nl\\\/de\\\/#organization\"},\"potentialAction\":[{\"@type\":\"SearchAction\",\"target\":{\"@type\":\"EntryPoint\",\"urlTemplate\":\"https:\\\/\\\/trendsandvision.nl\\\/de\\\/?s={search_term_string}\"},\"query-input\":{\"@type\":\"PropertyValueSpecification\",\"valueRequired\":true,\"valueName\":\"search_term_string\"}}],\"inLanguage\":\"de\"},{\"@type\":\"Organization\",\"@id\":\"https:\\\/\\\/trendsandvision.nl\\\/de\\\/#organization\",\"name\":\"Trends &amp; Vision (DE)\",\"url\":\"https:\\\/\\\/trendsandvision.nl\\\/de\\\/\",\"logo\":{\"@type\":\"ImageObject\",\"inLanguage\":\"de\",\"@id\":\"https:\\\/\\\/trendsandvision.nl\\\/de\\\/#\\\/schema\\\/logo\\\/image\\\/\",\"url\":\"https:\\\/\\\/trendsandvision.nl\\\/de\\\/wp-content\\\/uploads\\\/sites\\\/3\\\/2022\\\/04\\\/trends-and-vision-logo.jpg\",\"contentUrl\":\"https:\\\/\\\/trendsandvision.nl\\\/de\\\/wp-content\\\/uploads\\\/sites\\\/3\\\/2022\\\/04\\\/trends-and-vision-logo.jpg\",\"width\":213,\"height\":100,\"caption\":\"Trends &amp; Vision (DE)\"},\"image\":{\"@id\":\"https:\\\/\\\/trendsandvision.nl\\\/de\\\/#\\\/schema\\\/logo\\\/image\\\/\"}}]}<\/script>\n<!-- \/ Yoast SEO Premium plugin. -->","yoast_head_json":{"title":"Esschert Design Kinderfernglas (KG126, 8714982063640) - Trends & Vision","description":"Esschert Design Kinderfernglas: Die 7-fache Vergr\u00f6\u00dferung des Kinderfernglases ist f\u00fcr die Beobachtung von Tieren bestens ger\u00fcstet. Lieferung mit Tasche. CE-zertifiziert, f\u00fcr Kinder ab 6 Jahren geeignet.","robots":{"index":"index","follow":"follow","max-snippet":"max-snippet:-1","max-image-preview":"max-image-preview:large","max-video-preview":"max-video-preview:-1"},"canonical":"https:\/\/trendsandvision.nl\/de\/product\/esschert-design-kinderfernglas\/","og_locale":"de_DE","og_type":"article","og_title":"Esschert Design Kinderfernglas","og_description":"Esschert Design Kinderfernglas: Die 7-fache Vergr\u00f6\u00dferung des Kinderfernglases ist f\u00fcr die Beobachtung von Tieren bestens ger\u00fcstet. Lieferung mit Tasche. CE-zertifiziert, f\u00fcr Kinder ab 6 Jahren geeignet.","og_url":"https:\/\/trendsandvision.nl\/de\/product\/esschert-design-kinderfernglas\/","og_site_name":"Trends &amp; Vision (DE)","article_modified_time":"2026-04-22T13:09:39+00:00","og_image":[{"width":800,"height":800,"url":"https:\/\/trendsandvision.nl\/de\/wp-content\/uploads\/sites\/3\/2022\/04\/KG126_01.jpg","type":"image\/jpeg"}],"twitter_card":"summary_large_image","twitter_misc":{"Gesch\u00e4tzte Lesezeit":"2\u00a0Minuten"},"schema":{"@context":"https:\/\/schema.org","@graph":[{"@type":"WebPage","@id":"https:\/\/trendsandvision.nl\/de\/product\/esschert-design-kinderfernglas\/","url":"https:\/\/trendsandvision.nl\/de\/product\/esschert-design-kinderfernglas\/","name":"Esschert Design Kinderfernglas (KG126, 8714982063640) - Trends & Vision","isPartOf":{"@id":"https:\/\/trendsandvision.nl\/de\/#website"},"primaryImageOfPage":{"@id":"https:\/\/trendsandvision.nl\/de\/product\/esschert-design-kinderfernglas\/#primaryimage"},"image":{"@id":"https:\/\/trendsandvision.nl\/de\/product\/esschert-design-kinderfernglas\/#primaryimage"},"thumbnailUrl":"https:\/\/trendsandvision.nl\/de\/wp-content\/uploads\/sites\/3\/2022\/04\/KG126_01.jpg","datePublished":"2022-04-22T16:40:31+00:00","dateModified":"2026-04-22T13:09:39+00:00","description":"Esschert Design Kinderfernglas: Die 7-fache Vergr\u00f6\u00dferung des Kinderfernglases ist f\u00fcr die Beobachtung von Tieren bestens ger\u00fcstet. Lieferung mit Tasche. CE-zertifiziert, f\u00fcr Kinder ab 6 Jahren geeignet.","breadcrumb":{"@id":"https:\/\/trendsandvision.nl\/de\/product\/esschert-design-kinderfernglas\/#breadcrumb"},"inLanguage":"de","potentialAction":[{"@type":"ReadAction","target":["https:\/\/trendsandvision.nl\/de\/product\/esschert-design-kinderfernglas\/"]}]},{"@type":"ImageObject","inLanguage":"de","@id":"https:\/\/trendsandvision.nl\/de\/product\/esschert-design-kinderfernglas\/#primaryimage","url":"https:\/\/trendsandvision.nl\/de\/wp-content\/uploads\/sites\/3\/2022\/04\/KG126_01.jpg","contentUrl":"https:\/\/trendsandvision.nl\/de\/wp-content\/uploads\/sites\/3\/2022\/04\/KG126_01.jpg","width":800,"height":800,"caption":"Esschert Design Kinderfernglas (KG126"},{"@type":"BreadcrumbList","@id":"https:\/\/trendsandvision.nl\/de\/product\/esschert-design-kinderfernglas\/#breadcrumb","itemListElement":[{"@type":"ListItem","position":1,"name":"Home","item":"https:\/\/trendsandvision.nl\/de\/"},{"@type":"ListItem","position":2,"name":"Gesch\u00e4ft","item":"https:\/\/trendsandvision.nl\/de\/geschaft\/"},{"@type":"ListItem","position":3,"name":"Esschert Design Kinderfernglas"}]},{"@type":"WebSite","@id":"https:\/\/trendsandvision.nl\/de\/#website","url":"https:\/\/trendsandvision.nl\/de\/","name":"Trends &amp; Vision (DE)","description":"Der Webshop f\u00fcr Esschert Design Artikel","publisher":{"@id":"https:\/\/trendsandvision.nl\/de\/#organization"},"potentialAction":[{"@type":"SearchAction","target":{"@type":"EntryPoint","urlTemplate":"https:\/\/trendsandvision.nl\/de\/?s={search_term_string}"},"query-input":{"@type":"PropertyValueSpecification","valueRequired":true,"valueName":"search_term_string"}}],"inLanguage":"de"},{"@type":"Organization","@id":"https:\/\/trendsandvision.nl\/de\/#organization","name":"Trends &amp; Vision (DE)","url":"https:\/\/trendsandvision.nl\/de\/","logo":{"@type":"ImageObject","inLanguage":"de","@id":"https:\/\/trendsandvision.nl\/de\/#\/schema\/logo\/image\/","url":"https:\/\/trendsandvision.nl\/de\/wp-content\/uploads\/sites\/3\/2022\/04\/trends-and-vision-logo.jpg","contentUrl":"https:\/\/trendsandvision.nl\/de\/wp-content\/uploads\/sites\/3\/2022\/04\/trends-and-vision-logo.jpg","width":213,"height":100,"caption":"Trends &amp; Vision (DE)"},"image":{"@id":"https:\/\/trendsandvision.nl\/de\/#\/schema\/logo\/image\/"}}]}},"_links":{"self":[{"href":"https:\/\/trendsandvision.nl\/de\/wp-json\/wp\/v2\/product\/5245","targetHints":{"allow":["GET"]}}],"collection":[{"href":"https:\/\/trendsandvision.nl\/de\/wp-json\/wp\/v2\/product"}],"about":[{"href":"https:\/\/trendsandvision.nl\/de\/wp-json\/wp\/v2\/types\/product"}],"wp:featuredmedia":[{"embeddable":true,"href":"https:\/\/trendsandvision.nl\/de\/wp-json\/wp\/v2\/media\/5246"}],"wp:attachment":[{"href":"https:\/\/trendsandvision.nl\/de\/wp-json\/wp\/v2\/media?parent=5245"}],"wp:term":[{"taxonomy":"product_brand","embeddable":true,"href":"https:\/\/trendsandvision.nl\/de\/wp-json\/wp\/v2\/product_brand?post=5245"},{"taxonomy":"product_cat","embeddable":true,"href":"https:\/\/trendsandvision.nl\/de\/wp-json\/wp\/v2\/product_cat?post=5245"},{"taxonomy":"product_tag","embeddable":true,"href":"https:\/\/trendsandvision.nl\/de\/wp-json\/wp\/v2\/product_tag?post=5245"}],"curies":[{"name":"wp","href":"https:\/\/api.w.org\/{rel}","templated":true}]}}