{"id":5223,"date":"2022-04-22T18:40:07","date_gmt":"2022-04-22T16:40:07","guid":{"rendered":"https:\/\/trendsandvision.nl\/de\/product\/esschert-design-pferdeschaukel\/"},"modified":"2026-04-07T10:37:03","modified_gmt":"2026-04-07T08:37:03","slug":"esschert-design-pferdeschaukel","status":"publish","type":"product","link":"https:\/\/trendsandvision.nl\/de\/product\/esschert-design-pferdeschaukel\/","title":{"rendered":"Esschert Design Pferdeschaukel"},"content":{"rendered":"<p>Stabile Pferdeschaukel. Hergestellt aus Autoreifen. CE certifiziert.<br \/>\nLauf, Pferdchen, lauf!<\/p>\n<p>\u00dcber Stock und \u00fcber Steine, aber brich dir nicht die Beine. Lauf, Pferdchen, lauf!<br \/>\nEine Schaukel sollte in keinem Garten fehlen. Diese robuste Schaukel besteht aus einem recycelten Gummireifen.<br \/>\nDas Material bietet einen angenehmen Sitzkomfort und damit stundenlangen Schaukelspa\u00df.<br \/>\nMit dem auff\u00e4lligen roten Seil kann die Schaukel \u00fcberall im Garten aufgeh\u00e4ngt werden.<\/p>\n<p>&#8211; einstellbare Seill\u00e4nge (maximal 1,8 Meter)<\/p>\n<p>Artikelname: Pferdeschaukel<br \/>\nArtikelnummer: KG10<br \/>\nProduktgruppe(n) Kinder, Schaukeln<br \/>\nProduktabmessungen in cm L 84,5 x T 16 x H 104<br \/>\nMaterial: Gummi, Nylon<br \/>\nNettogewicht 9,451 kg<br \/>\nBarcode 8714982010972<br \/>\nTragf\u00e4higkeit 200 kg<\/p>\n","protected":false},"excerpt":{"rendered":"<p>Artikelnummer: KG10<br \/>\nL 84,5 x T 16 x H 104 cm<br \/>\nMaterial: Gummi, Nylon<br \/>\nCE certifiziert<br \/>\nNettogewicht 9,451 kg<br \/>\nBarcode 8714982010972<br \/>\nTragf\u00e4higkeit 200 kg<\/p>\n","protected":false},"featured_media":5224,"template":"","meta":[],"product_brand":[9597,9598],"product_cat":[3056],"product_tag":[6720,6922,6921],"class_list":{"0":"post-5223","1":"product","2":"type-product","3":"status-publish","4":"has-post-thumbnail","6":"product_brand-esschert-design","7":"product_brand-trends-and-vision","8":"product_cat-kids-in-the-garden","9":"product_tag-kinder","10":"product_tag-pferdeschaukel","11":"product_tag-recycelten-gummireifen","12":"pa_anbieter-esschert-design","13":"pa_ean-code-3058","14":"pa_material-gummi-metall-und-nylon","15":"pa_messungen-63x20x172-cm","17":"first","18":"instock","19":"sale","20":"taxable","21":"shipping-taxable","22":"purchasable","23":"product-type-simple","24":"czr-hentry"},"yoast_head":"<!-- This site is optimized with the Yoast SEO Premium plugin v26.4 (Yoast SEO v27.3) - https:\/\/yoast.com\/product\/yoast-seo-premium-wordpress\/ -->\n<title>Esschert Design Pferdeschaukel (KG10, 8714982010972) - Trends &amp; Vision<\/title>\n<meta name=\"description\" content=\"Esschert Design Pferdeschaukel: Stabile Pferdeschaukel. Hergestellt aus Autoreifen. CE certifiziert. L\u00e4nge Seil: max 1,8 m\" \/>\n<meta name=\"robots\" content=\"index, follow, max-snippet:-1, max-image-preview:large, max-video-preview:-1\" \/>\n<link rel=\"canonical\" href=\"https:\/\/trendsandvision.nl\/de\/product\/esschert-design-pferdeschaukel\/\" \/>\n<meta property=\"og:locale\" content=\"de_DE\" \/>\n<meta property=\"og:type\" content=\"article\" \/>\n<meta property=\"og:title\" content=\"Esschert Design Pferdeschaukel\" \/>\n<meta property=\"og:description\" content=\"Esschert Design Pferdeschaukel: Stabile Pferdeschaukel. Hergestellt aus Autoreifen. CE certifiziert. L\u00e4nge Seil: max 1,8 m\" \/>\n<meta property=\"og:url\" content=\"https:\/\/trendsandvision.nl\/de\/product\/esschert-design-pferdeschaukel\/\" \/>\n<meta property=\"og:site_name\" content=\"Trends &amp; Vision (DE)\" \/>\n<meta property=\"article:modified_time\" content=\"2026-04-07T08:37:03+00:00\" \/>\n<meta property=\"og:image\" content=\"https:\/\/trendsandvision.nl\/de\/wp-content\/uploads\/sites\/3\/2022\/04\/KG10_01.jpg\" \/>\n\t<meta property=\"og:image:width\" content=\"800\" \/>\n\t<meta property=\"og:image:height\" content=\"800\" \/>\n\t<meta property=\"og:image:type\" content=\"image\/jpeg\" \/>\n<meta name=\"twitter:card\" content=\"summary_large_image\" \/>\n<meta name=\"twitter:label1\" content=\"Gesch\u00e4tzte Lesezeit\" \/>\n\t<meta name=\"twitter:data1\" content=\"1\u00a0Minute\" \/>\n<script type=\"application\/ld+json\" class=\"yoast-schema-graph\">{\"@context\":\"https:\\\/\\\/schema.org\",\"@graph\":[{\"@type\":\"WebPage\",\"@id\":\"https:\\\/\\\/trendsandvision.nl\\\/de\\\/product\\\/esschert-design-pferdeschaukel\\\/\",\"url\":\"https:\\\/\\\/trendsandvision.nl\\\/de\\\/product\\\/esschert-design-pferdeschaukel\\\/\",\"name\":\"Esschert Design Pferdeschaukel (KG10, 8714982010972) - Trends & Vision\",\"isPartOf\":{\"@id\":\"https:\\\/\\\/trendsandvision.nl\\\/de\\\/#website\"},\"primaryImageOfPage\":{\"@id\":\"https:\\\/\\\/trendsandvision.nl\\\/de\\\/product\\\/esschert-design-pferdeschaukel\\\/#primaryimage\"},\"image\":{\"@id\":\"https:\\\/\\\/trendsandvision.nl\\\/de\\\/product\\\/esschert-design-pferdeschaukel\\\/#primaryimage\"},\"thumbnailUrl\":\"https:\\\/\\\/trendsandvision.nl\\\/de\\\/wp-content\\\/uploads\\\/sites\\\/3\\\/2022\\\/04\\\/KG10_01.jpg\",\"datePublished\":\"2022-04-22T16:40:07+00:00\",\"dateModified\":\"2026-04-07T08:37:03+00:00\",\"description\":\"Esschert Design Pferdeschaukel: Stabile Pferdeschaukel. Hergestellt aus Autoreifen. CE certifiziert. L\u00e4nge Seil: max 1,8 m\",\"breadcrumb\":{\"@id\":\"https:\\\/\\\/trendsandvision.nl\\\/de\\\/product\\\/esschert-design-pferdeschaukel\\\/#breadcrumb\"},\"inLanguage\":\"de\",\"potentialAction\":[{\"@type\":\"ReadAction\",\"target\":[\"https:\\\/\\\/trendsandvision.nl\\\/de\\\/product\\\/esschert-design-pferdeschaukel\\\/\"]}]},{\"@type\":\"ImageObject\",\"inLanguage\":\"de\",\"@id\":\"https:\\\/\\\/trendsandvision.nl\\\/de\\\/product\\\/esschert-design-pferdeschaukel\\\/#primaryimage\",\"url\":\"https:\\\/\\\/trendsandvision.nl\\\/de\\\/wp-content\\\/uploads\\\/sites\\\/3\\\/2022\\\/04\\\/KG10_01.jpg\",\"contentUrl\":\"https:\\\/\\\/trendsandvision.nl\\\/de\\\/wp-content\\\/uploads\\\/sites\\\/3\\\/2022\\\/04\\\/KG10_01.jpg\",\"width\":800,\"height\":800,\"caption\":\"Esschert Design Pferdeschaukel (KG10\"},{\"@type\":\"BreadcrumbList\",\"@id\":\"https:\\\/\\\/trendsandvision.nl\\\/de\\\/product\\\/esschert-design-pferdeschaukel\\\/#breadcrumb\",\"itemListElement\":[{\"@type\":\"ListItem\",\"position\":1,\"name\":\"Home\",\"item\":\"https:\\\/\\\/trendsandvision.nl\\\/de\\\/\"},{\"@type\":\"ListItem\",\"position\":2,\"name\":\"Gesch\u00e4ft\",\"item\":\"https:\\\/\\\/trendsandvision.nl\\\/de\\\/geschaft\\\/\"},{\"@type\":\"ListItem\",\"position\":3,\"name\":\"Esschert Design Pferdeschaukel\"}]},{\"@type\":\"WebSite\",\"@id\":\"https:\\\/\\\/trendsandvision.nl\\\/de\\\/#website\",\"url\":\"https:\\\/\\\/trendsandvision.nl\\\/de\\\/\",\"name\":\"Trends &amp; Vision (DE)\",\"description\":\"Der Webshop f\u00fcr Esschert Design Artikel\",\"publisher\":{\"@id\":\"https:\\\/\\\/trendsandvision.nl\\\/de\\\/#organization\"},\"potentialAction\":[{\"@type\":\"SearchAction\",\"target\":{\"@type\":\"EntryPoint\",\"urlTemplate\":\"https:\\\/\\\/trendsandvision.nl\\\/de\\\/?s={search_term_string}\"},\"query-input\":{\"@type\":\"PropertyValueSpecification\",\"valueRequired\":true,\"valueName\":\"search_term_string\"}}],\"inLanguage\":\"de\"},{\"@type\":\"Organization\",\"@id\":\"https:\\\/\\\/trendsandvision.nl\\\/de\\\/#organization\",\"name\":\"Trends &amp; Vision (DE)\",\"url\":\"https:\\\/\\\/trendsandvision.nl\\\/de\\\/\",\"logo\":{\"@type\":\"ImageObject\",\"inLanguage\":\"de\",\"@id\":\"https:\\\/\\\/trendsandvision.nl\\\/de\\\/#\\\/schema\\\/logo\\\/image\\\/\",\"url\":\"https:\\\/\\\/trendsandvision.nl\\\/de\\\/wp-content\\\/uploads\\\/sites\\\/3\\\/2022\\\/04\\\/trends-and-vision-logo.jpg\",\"contentUrl\":\"https:\\\/\\\/trendsandvision.nl\\\/de\\\/wp-content\\\/uploads\\\/sites\\\/3\\\/2022\\\/04\\\/trends-and-vision-logo.jpg\",\"width\":213,\"height\":100,\"caption\":\"Trends &amp; Vision (DE)\"},\"image\":{\"@id\":\"https:\\\/\\\/trendsandvision.nl\\\/de\\\/#\\\/schema\\\/logo\\\/image\\\/\"}}]}<\/script>\n<!-- \/ Yoast SEO Premium plugin. -->","yoast_head_json":{"title":"Esschert Design Pferdeschaukel (KG10, 8714982010972) - Trends & Vision","description":"Esschert Design Pferdeschaukel: Stabile Pferdeschaukel. Hergestellt aus Autoreifen. CE certifiziert. L\u00e4nge Seil: max 1,8 m","robots":{"index":"index","follow":"follow","max-snippet":"max-snippet:-1","max-image-preview":"max-image-preview:large","max-video-preview":"max-video-preview:-1"},"canonical":"https:\/\/trendsandvision.nl\/de\/product\/esschert-design-pferdeschaukel\/","og_locale":"de_DE","og_type":"article","og_title":"Esschert Design Pferdeschaukel","og_description":"Esschert Design Pferdeschaukel: Stabile Pferdeschaukel. Hergestellt aus Autoreifen. CE certifiziert. L\u00e4nge Seil: max 1,8 m","og_url":"https:\/\/trendsandvision.nl\/de\/product\/esschert-design-pferdeschaukel\/","og_site_name":"Trends &amp; Vision (DE)","article_modified_time":"2026-04-07T08:37:03+00:00","og_image":[{"width":800,"height":800,"url":"https:\/\/trendsandvision.nl\/de\/wp-content\/uploads\/sites\/3\/2022\/04\/KG10_01.jpg","type":"image\/jpeg"}],"twitter_card":"summary_large_image","twitter_misc":{"Gesch\u00e4tzte Lesezeit":"1\u00a0Minute"},"schema":{"@context":"https:\/\/schema.org","@graph":[{"@type":"WebPage","@id":"https:\/\/trendsandvision.nl\/de\/product\/esschert-design-pferdeschaukel\/","url":"https:\/\/trendsandvision.nl\/de\/product\/esschert-design-pferdeschaukel\/","name":"Esschert Design Pferdeschaukel (KG10, 8714982010972) - Trends & Vision","isPartOf":{"@id":"https:\/\/trendsandvision.nl\/de\/#website"},"primaryImageOfPage":{"@id":"https:\/\/trendsandvision.nl\/de\/product\/esschert-design-pferdeschaukel\/#primaryimage"},"image":{"@id":"https:\/\/trendsandvision.nl\/de\/product\/esschert-design-pferdeschaukel\/#primaryimage"},"thumbnailUrl":"https:\/\/trendsandvision.nl\/de\/wp-content\/uploads\/sites\/3\/2022\/04\/KG10_01.jpg","datePublished":"2022-04-22T16:40:07+00:00","dateModified":"2026-04-07T08:37:03+00:00","description":"Esschert Design Pferdeschaukel: Stabile Pferdeschaukel. Hergestellt aus Autoreifen. CE certifiziert. L\u00e4nge Seil: max 1,8 m","breadcrumb":{"@id":"https:\/\/trendsandvision.nl\/de\/product\/esschert-design-pferdeschaukel\/#breadcrumb"},"inLanguage":"de","potentialAction":[{"@type":"ReadAction","target":["https:\/\/trendsandvision.nl\/de\/product\/esschert-design-pferdeschaukel\/"]}]},{"@type":"ImageObject","inLanguage":"de","@id":"https:\/\/trendsandvision.nl\/de\/product\/esschert-design-pferdeschaukel\/#primaryimage","url":"https:\/\/trendsandvision.nl\/de\/wp-content\/uploads\/sites\/3\/2022\/04\/KG10_01.jpg","contentUrl":"https:\/\/trendsandvision.nl\/de\/wp-content\/uploads\/sites\/3\/2022\/04\/KG10_01.jpg","width":800,"height":800,"caption":"Esschert Design Pferdeschaukel (KG10"},{"@type":"BreadcrumbList","@id":"https:\/\/trendsandvision.nl\/de\/product\/esschert-design-pferdeschaukel\/#breadcrumb","itemListElement":[{"@type":"ListItem","position":1,"name":"Home","item":"https:\/\/trendsandvision.nl\/de\/"},{"@type":"ListItem","position":2,"name":"Gesch\u00e4ft","item":"https:\/\/trendsandvision.nl\/de\/geschaft\/"},{"@type":"ListItem","position":3,"name":"Esschert Design Pferdeschaukel"}]},{"@type":"WebSite","@id":"https:\/\/trendsandvision.nl\/de\/#website","url":"https:\/\/trendsandvision.nl\/de\/","name":"Trends &amp; Vision (DE)","description":"Der Webshop f\u00fcr Esschert Design Artikel","publisher":{"@id":"https:\/\/trendsandvision.nl\/de\/#organization"},"potentialAction":[{"@type":"SearchAction","target":{"@type":"EntryPoint","urlTemplate":"https:\/\/trendsandvision.nl\/de\/?s={search_term_string}"},"query-input":{"@type":"PropertyValueSpecification","valueRequired":true,"valueName":"search_term_string"}}],"inLanguage":"de"},{"@type":"Organization","@id":"https:\/\/trendsandvision.nl\/de\/#organization","name":"Trends &amp; Vision (DE)","url":"https:\/\/trendsandvision.nl\/de\/","logo":{"@type":"ImageObject","inLanguage":"de","@id":"https:\/\/trendsandvision.nl\/de\/#\/schema\/logo\/image\/","url":"https:\/\/trendsandvision.nl\/de\/wp-content\/uploads\/sites\/3\/2022\/04\/trends-and-vision-logo.jpg","contentUrl":"https:\/\/trendsandvision.nl\/de\/wp-content\/uploads\/sites\/3\/2022\/04\/trends-and-vision-logo.jpg","width":213,"height":100,"caption":"Trends &amp; Vision (DE)"},"image":{"@id":"https:\/\/trendsandvision.nl\/de\/#\/schema\/logo\/image\/"}}]}},"_links":{"self":[{"href":"https:\/\/trendsandvision.nl\/de\/wp-json\/wp\/v2\/product\/5223","targetHints":{"allow":["GET"]}}],"collection":[{"href":"https:\/\/trendsandvision.nl\/de\/wp-json\/wp\/v2\/product"}],"about":[{"href":"https:\/\/trendsandvision.nl\/de\/wp-json\/wp\/v2\/types\/product"}],"wp:featuredmedia":[{"embeddable":true,"href":"https:\/\/trendsandvision.nl\/de\/wp-json\/wp\/v2\/media\/5224"}],"wp:attachment":[{"href":"https:\/\/trendsandvision.nl\/de\/wp-json\/wp\/v2\/media?parent=5223"}],"wp:term":[{"taxonomy":"product_brand","embeddable":true,"href":"https:\/\/trendsandvision.nl\/de\/wp-json\/wp\/v2\/product_brand?post=5223"},{"taxonomy":"product_cat","embeddable":true,"href":"https:\/\/trendsandvision.nl\/de\/wp-json\/wp\/v2\/product_cat?post=5223"},{"taxonomy":"product_tag","embeddable":true,"href":"https:\/\/trendsandvision.nl\/de\/wp-json\/wp\/v2\/product_tag?post=5223"}],"curies":[{"name":"wp","href":"https:\/\/api.w.org\/{rel}","templated":true}]}}