{"id":4966,"date":"2022-04-22T18:33:14","date_gmt":"2022-04-22T16:33:14","guid":{"rendered":"https:\/\/trendsandvision.nl\/de\/product\/esschert-design-streichoelzer-im-glas\/"},"modified":"2026-04-07T10:35:41","modified_gmt":"2026-04-07T08:35:41","slug":"esschert-design-streichoelzer-im-glas","status":"publish","type":"product","link":"https:\/\/trendsandvision.nl\/de\/product\/esschert-design-streichoelzer-im-glas\/","title":{"rendered":"Esschert Design Streich\u00f6lzer im Glas"},"content":{"rendered":"<p>Streichh\u00f6lzer in Marmeladenglas mit Reibefl\u00e4che auf dem Deckel.<br \/>\nMarmeladengl\u00e4ser sind nicht nur in der K\u00fcche anzutreffen, sondern sind auch sehr praktisch zur Aufbewahrung von kleinen Gegenst\u00e4nden oder Gartenzubeh\u00f6r.<br \/>\nDank des Labels mit einem nostalgischen Druck und des transparenten Glases ist es nicht nur eine Freude f\u00fcrs Auge sondern kann man so auf einen Blick erkennen, was sich in dem Glas befindet.<br \/>\nDie 200 Streichh\u00f6lzer k\u00f6nnen trocken in dem Glas aufbewahrt werden und mittels der Reibefl\u00e4che auf der Oberseite des Deckels entz\u00fcndet werden.<\/p>\n<p>&#8211; ca. 200 Streichh\u00f6lzer<br \/>\n&#8211; Deckel mit Reibefl\u00e4che<br \/>\n&#8211; trocken aufbewahren<\/p>\n<p>Artikelname: Streich\u00f6lzer im Glas<br \/>\nArtikelnummer: GT94<br \/>\nProduktgruppe(n) Feuer, Kaminzubeh\u00f6r<br \/>\nProduktabmessungen in cm L 8 x T 8 x H 13,4<br \/>\nVolumen in Litern 0,4<br \/>\nMaterial: Glas, Dose<br \/>\nNettogewicht 0,33 kg<br \/>\nBarcode 8714982095450<\/p>\n","protected":false},"excerpt":{"rendered":"<p>Artikelnummer: GT94<br \/>\nL 8 x T 8 x H 13,4 cm<br \/>\nca. 200 Streichh\u00f6lzer<br \/>\nDeckel mit Reibefl\u00e4che<br \/>\nTrocken aufbewahren<br \/>\nVolumen in Litern 0,4<br \/>\nMaterial: Glas, Dose<br \/>\nNettogewicht 0,33 kg<br \/>\nBarcode 8714982095450<\/p>\n","protected":false},"featured_media":4967,"template":"","meta":[],"product_brand":[9597,9598],"product_cat":[751],"product_tag":[7477,7416,9401,9400,9402,8228,7845],"class_list":{"0":"post-4966","1":"product","2":"type-product","3":"status-publish","4":"has-post-thumbnail","6":"product_brand-esschert-design","7":"product_brand-trends-and-vision","8":"product_cat-garden-tools","9":"product_tag-glas","10":"product_tag-kaminzubehoer","11":"product_tag-krisenvorsorge","12":"product_tag-notfallvorsorge","13":"product_tag-notpaket","14":"product_tag-streichoelzer","15":"product_tag-wiederverschliessbar","16":"pa_anbieter-esschert-design","17":"pa_ean-code-2930","18":"pa_material-glas-holz-metall","19":"pa_messungen-80x80x134-cm","21":"first","22":"instock","23":"sale","24":"taxable","25":"shipping-taxable","26":"purchasable","27":"product-type-simple","28":"czr-hentry"},"yoast_head":"<!-- This site is optimized with the Yoast SEO Premium plugin v26.4 (Yoast SEO v27.4) - https:\/\/yoast.com\/product\/yoast-seo-premium-wordpress\/ -->\n<title>Esschert Design Streich\u00f6lzer im Glas (GT94, 8714982095450) - Trends &amp; Vision<\/title>\n<meta name=\"description\" content=\"Esschert Design Streich\u00f6lzer im Glas: Streichh\u00f6lzer in Marmeladenglas mit Reibefl\u00e4che auf dem Deckel.\" \/>\n<meta name=\"robots\" content=\"index, follow, max-snippet:-1, max-image-preview:large, max-video-preview:-1\" \/>\n<link rel=\"canonical\" href=\"https:\/\/trendsandvision.nl\/de\/product\/esschert-design-streichoelzer-im-glas\/\" \/>\n<meta property=\"og:locale\" content=\"de_DE\" \/>\n<meta property=\"og:type\" content=\"article\" \/>\n<meta property=\"og:title\" content=\"Esschert Design Streich\u00f6lzer im Glas\" \/>\n<meta property=\"og:description\" content=\"Esschert Design Streich\u00f6lzer im Glas: Streichh\u00f6lzer in Marmeladenglas mit Reibefl\u00e4che auf dem Deckel.\" \/>\n<meta property=\"og:url\" content=\"https:\/\/trendsandvision.nl\/de\/product\/esschert-design-streichoelzer-im-glas\/\" \/>\n<meta property=\"og:site_name\" content=\"Trends &amp; Vision (DE)\" \/>\n<meta property=\"article:modified_time\" content=\"2026-04-07T08:35:41+00:00\" \/>\n<meta property=\"og:image\" content=\"https:\/\/trendsandvision.nl\/de\/wp-content\/uploads\/sites\/3\/2022\/04\/GT94_01.jpg\" \/>\n\t<meta property=\"og:image:width\" content=\"800\" \/>\n\t<meta property=\"og:image:height\" content=\"800\" \/>\n\t<meta property=\"og:image:type\" content=\"image\/jpeg\" \/>\n<meta name=\"twitter:card\" content=\"summary_large_image\" \/>\n<meta name=\"twitter:label1\" content=\"Gesch\u00e4tzte Lesezeit\" \/>\n\t<meta name=\"twitter:data1\" content=\"1\u00a0Minute\" \/>\n<script type=\"application\/ld+json\" class=\"yoast-schema-graph\">{\"@context\":\"https:\\\/\\\/schema.org\",\"@graph\":[{\"@type\":\"WebPage\",\"@id\":\"https:\\\/\\\/trendsandvision.nl\\\/de\\\/product\\\/esschert-design-streichoelzer-im-glas\\\/\",\"url\":\"https:\\\/\\\/trendsandvision.nl\\\/de\\\/product\\\/esschert-design-streichoelzer-im-glas\\\/\",\"name\":\"Esschert Design Streich\u00f6lzer im Glas (GT94, 8714982095450) - Trends & Vision\",\"isPartOf\":{\"@id\":\"https:\\\/\\\/trendsandvision.nl\\\/de\\\/#website\"},\"primaryImageOfPage\":{\"@id\":\"https:\\\/\\\/trendsandvision.nl\\\/de\\\/product\\\/esschert-design-streichoelzer-im-glas\\\/#primaryimage\"},\"image\":{\"@id\":\"https:\\\/\\\/trendsandvision.nl\\\/de\\\/product\\\/esschert-design-streichoelzer-im-glas\\\/#primaryimage\"},\"thumbnailUrl\":\"https:\\\/\\\/trendsandvision.nl\\\/de\\\/wp-content\\\/uploads\\\/sites\\\/3\\\/2022\\\/04\\\/GT94_01.jpg\",\"datePublished\":\"2022-04-22T16:33:14+00:00\",\"dateModified\":\"2026-04-07T08:35:41+00:00\",\"description\":\"Esschert Design Streich\u00f6lzer im Glas: Streichh\u00f6lzer in Marmeladenglas mit Reibefl\u00e4che auf dem Deckel.\",\"breadcrumb\":{\"@id\":\"https:\\\/\\\/trendsandvision.nl\\\/de\\\/product\\\/esschert-design-streichoelzer-im-glas\\\/#breadcrumb\"},\"inLanguage\":\"de\",\"potentialAction\":[{\"@type\":\"ReadAction\",\"target\":[\"https:\\\/\\\/trendsandvision.nl\\\/de\\\/product\\\/esschert-design-streichoelzer-im-glas\\\/\"]}]},{\"@type\":\"ImageObject\",\"inLanguage\":\"de\",\"@id\":\"https:\\\/\\\/trendsandvision.nl\\\/de\\\/product\\\/esschert-design-streichoelzer-im-glas\\\/#primaryimage\",\"url\":\"https:\\\/\\\/trendsandvision.nl\\\/de\\\/wp-content\\\/uploads\\\/sites\\\/3\\\/2022\\\/04\\\/GT94_01.jpg\",\"contentUrl\":\"https:\\\/\\\/trendsandvision.nl\\\/de\\\/wp-content\\\/uploads\\\/sites\\\/3\\\/2022\\\/04\\\/GT94_01.jpg\",\"width\":800,\"height\":800,\"caption\":\"Esschert Design Streich\u00f6lzer im Glas (GT94\"},{\"@type\":\"BreadcrumbList\",\"@id\":\"https:\\\/\\\/trendsandvision.nl\\\/de\\\/product\\\/esschert-design-streichoelzer-im-glas\\\/#breadcrumb\",\"itemListElement\":[{\"@type\":\"ListItem\",\"position\":1,\"name\":\"Home\",\"item\":\"https:\\\/\\\/trendsandvision.nl\\\/de\\\/\"},{\"@type\":\"ListItem\",\"position\":2,\"name\":\"Gesch\u00e4ft\",\"item\":\"https:\\\/\\\/trendsandvision.nl\\\/de\\\/geschaft\\\/\"},{\"@type\":\"ListItem\",\"position\":3,\"name\":\"Esschert Design Streich\u00f6lzer im Glas\"}]},{\"@type\":\"WebSite\",\"@id\":\"https:\\\/\\\/trendsandvision.nl\\\/de\\\/#website\",\"url\":\"https:\\\/\\\/trendsandvision.nl\\\/de\\\/\",\"name\":\"Trends &amp; Vision (DE)\",\"description\":\"Der Webshop f\u00fcr Esschert Design Artikel\",\"publisher\":{\"@id\":\"https:\\\/\\\/trendsandvision.nl\\\/de\\\/#organization\"},\"potentialAction\":[{\"@type\":\"SearchAction\",\"target\":{\"@type\":\"EntryPoint\",\"urlTemplate\":\"https:\\\/\\\/trendsandvision.nl\\\/de\\\/?s={search_term_string}\"},\"query-input\":{\"@type\":\"PropertyValueSpecification\",\"valueRequired\":true,\"valueName\":\"search_term_string\"}}],\"inLanguage\":\"de\"},{\"@type\":\"Organization\",\"@id\":\"https:\\\/\\\/trendsandvision.nl\\\/de\\\/#organization\",\"name\":\"Trends &amp; Vision (DE)\",\"url\":\"https:\\\/\\\/trendsandvision.nl\\\/de\\\/\",\"logo\":{\"@type\":\"ImageObject\",\"inLanguage\":\"de\",\"@id\":\"https:\\\/\\\/trendsandvision.nl\\\/de\\\/#\\\/schema\\\/logo\\\/image\\\/\",\"url\":\"https:\\\/\\\/trendsandvision.nl\\\/de\\\/wp-content\\\/uploads\\\/sites\\\/3\\\/2022\\\/04\\\/trends-and-vision-logo.jpg\",\"contentUrl\":\"https:\\\/\\\/trendsandvision.nl\\\/de\\\/wp-content\\\/uploads\\\/sites\\\/3\\\/2022\\\/04\\\/trends-and-vision-logo.jpg\",\"width\":213,\"height\":100,\"caption\":\"Trends &amp; Vision (DE)\"},\"image\":{\"@id\":\"https:\\\/\\\/trendsandvision.nl\\\/de\\\/#\\\/schema\\\/logo\\\/image\\\/\"}}]}<\/script>\n<!-- \/ Yoast SEO Premium plugin. -->","yoast_head_json":{"title":"Esschert Design Streich\u00f6lzer im Glas (GT94, 8714982095450) - Trends & Vision","description":"Esschert Design Streich\u00f6lzer im Glas: Streichh\u00f6lzer in Marmeladenglas mit Reibefl\u00e4che auf dem Deckel.","robots":{"index":"index","follow":"follow","max-snippet":"max-snippet:-1","max-image-preview":"max-image-preview:large","max-video-preview":"max-video-preview:-1"},"canonical":"https:\/\/trendsandvision.nl\/de\/product\/esschert-design-streichoelzer-im-glas\/","og_locale":"de_DE","og_type":"article","og_title":"Esschert Design Streich\u00f6lzer im Glas","og_description":"Esschert Design Streich\u00f6lzer im Glas: Streichh\u00f6lzer in Marmeladenglas mit Reibefl\u00e4che auf dem Deckel.","og_url":"https:\/\/trendsandvision.nl\/de\/product\/esschert-design-streichoelzer-im-glas\/","og_site_name":"Trends &amp; Vision (DE)","article_modified_time":"2026-04-07T08:35:41+00:00","og_image":[{"width":800,"height":800,"url":"https:\/\/trendsandvision.nl\/de\/wp-content\/uploads\/sites\/3\/2022\/04\/GT94_01.jpg","type":"image\/jpeg"}],"twitter_card":"summary_large_image","twitter_misc":{"Gesch\u00e4tzte Lesezeit":"1\u00a0Minute"},"schema":{"@context":"https:\/\/schema.org","@graph":[{"@type":"WebPage","@id":"https:\/\/trendsandvision.nl\/de\/product\/esschert-design-streichoelzer-im-glas\/","url":"https:\/\/trendsandvision.nl\/de\/product\/esschert-design-streichoelzer-im-glas\/","name":"Esschert Design Streich\u00f6lzer im Glas (GT94, 8714982095450) - Trends & Vision","isPartOf":{"@id":"https:\/\/trendsandvision.nl\/de\/#website"},"primaryImageOfPage":{"@id":"https:\/\/trendsandvision.nl\/de\/product\/esschert-design-streichoelzer-im-glas\/#primaryimage"},"image":{"@id":"https:\/\/trendsandvision.nl\/de\/product\/esschert-design-streichoelzer-im-glas\/#primaryimage"},"thumbnailUrl":"https:\/\/trendsandvision.nl\/de\/wp-content\/uploads\/sites\/3\/2022\/04\/GT94_01.jpg","datePublished":"2022-04-22T16:33:14+00:00","dateModified":"2026-04-07T08:35:41+00:00","description":"Esschert Design Streich\u00f6lzer im Glas: Streichh\u00f6lzer in Marmeladenglas mit Reibefl\u00e4che auf dem Deckel.","breadcrumb":{"@id":"https:\/\/trendsandvision.nl\/de\/product\/esschert-design-streichoelzer-im-glas\/#breadcrumb"},"inLanguage":"de","potentialAction":[{"@type":"ReadAction","target":["https:\/\/trendsandvision.nl\/de\/product\/esschert-design-streichoelzer-im-glas\/"]}]},{"@type":"ImageObject","inLanguage":"de","@id":"https:\/\/trendsandvision.nl\/de\/product\/esschert-design-streichoelzer-im-glas\/#primaryimage","url":"https:\/\/trendsandvision.nl\/de\/wp-content\/uploads\/sites\/3\/2022\/04\/GT94_01.jpg","contentUrl":"https:\/\/trendsandvision.nl\/de\/wp-content\/uploads\/sites\/3\/2022\/04\/GT94_01.jpg","width":800,"height":800,"caption":"Esschert Design Streich\u00f6lzer im Glas (GT94"},{"@type":"BreadcrumbList","@id":"https:\/\/trendsandvision.nl\/de\/product\/esschert-design-streichoelzer-im-glas\/#breadcrumb","itemListElement":[{"@type":"ListItem","position":1,"name":"Home","item":"https:\/\/trendsandvision.nl\/de\/"},{"@type":"ListItem","position":2,"name":"Gesch\u00e4ft","item":"https:\/\/trendsandvision.nl\/de\/geschaft\/"},{"@type":"ListItem","position":3,"name":"Esschert Design Streich\u00f6lzer im Glas"}]},{"@type":"WebSite","@id":"https:\/\/trendsandvision.nl\/de\/#website","url":"https:\/\/trendsandvision.nl\/de\/","name":"Trends &amp; Vision (DE)","description":"Der Webshop f\u00fcr Esschert Design Artikel","publisher":{"@id":"https:\/\/trendsandvision.nl\/de\/#organization"},"potentialAction":[{"@type":"SearchAction","target":{"@type":"EntryPoint","urlTemplate":"https:\/\/trendsandvision.nl\/de\/?s={search_term_string}"},"query-input":{"@type":"PropertyValueSpecification","valueRequired":true,"valueName":"search_term_string"}}],"inLanguage":"de"},{"@type":"Organization","@id":"https:\/\/trendsandvision.nl\/de\/#organization","name":"Trends &amp; Vision (DE)","url":"https:\/\/trendsandvision.nl\/de\/","logo":{"@type":"ImageObject","inLanguage":"de","@id":"https:\/\/trendsandvision.nl\/de\/#\/schema\/logo\/image\/","url":"https:\/\/trendsandvision.nl\/de\/wp-content\/uploads\/sites\/3\/2022\/04\/trends-and-vision-logo.jpg","contentUrl":"https:\/\/trendsandvision.nl\/de\/wp-content\/uploads\/sites\/3\/2022\/04\/trends-and-vision-logo.jpg","width":213,"height":100,"caption":"Trends &amp; Vision (DE)"},"image":{"@id":"https:\/\/trendsandvision.nl\/de\/#\/schema\/logo\/image\/"}}]}},"_links":{"self":[{"href":"https:\/\/trendsandvision.nl\/de\/wp-json\/wp\/v2\/product\/4966","targetHints":{"allow":["GET"]}}],"collection":[{"href":"https:\/\/trendsandvision.nl\/de\/wp-json\/wp\/v2\/product"}],"about":[{"href":"https:\/\/trendsandvision.nl\/de\/wp-json\/wp\/v2\/types\/product"}],"wp:featuredmedia":[{"embeddable":true,"href":"https:\/\/trendsandvision.nl\/de\/wp-json\/wp\/v2\/media\/4967"}],"wp:attachment":[{"href":"https:\/\/trendsandvision.nl\/de\/wp-json\/wp\/v2\/media?parent=4966"}],"wp:term":[{"taxonomy":"product_brand","embeddable":true,"href":"https:\/\/trendsandvision.nl\/de\/wp-json\/wp\/v2\/product_brand?post=4966"},{"taxonomy":"product_cat","embeddable":true,"href":"https:\/\/trendsandvision.nl\/de\/wp-json\/wp\/v2\/product_cat?post=4966"},{"taxonomy":"product_tag","embeddable":true,"href":"https:\/\/trendsandvision.nl\/de\/wp-json\/wp\/v2\/product_tag?post=4966"}],"curies":[{"name":"wp","href":"https:\/\/api.w.org\/{rel}","templated":true}]}}