{"id":4949,"date":"2022-04-22T18:32:47","date_gmt":"2022-04-22T16:32:47","guid":{"rendered":"https:\/\/trendsandvision.nl\/de\/product\/esschert-design-gartengeraetescheide-grau-gruen\/"},"modified":"2026-04-07T10:35:36","modified_gmt":"2026-04-07T08:35:36","slug":"esschert-design-gartengeraetescheide-grau-gruen","status":"publish","type":"product","link":"https:\/\/trendsandvision.nl\/de\/product\/esschert-design-gartengeraetescheide-grau-gruen\/","title":{"rendered":"Esschert Design Gartenger\u00e4tescheide grau\/gr\u00fcn"},"content":{"rendered":"<p>Solide grau \/ gr\u00fcn Werkzeugscheide, die Sie leicht an Ihrem G\u00fcrtel befestigen k\u00f6nnen.<br \/>\nIn dieser H\u00fclle kann auch eine gro\u00dfe Trimmer Speichern, siehe Zubeh\u00f6r<br \/>\nJetzt haben Sie bei der Gartenarbeit Ihre Gartenwerkzeuge stets zur Hand.<br \/>\nDie Scheide bietet beispielsweise Platz f\u00fcr eine Gartenschere, wenn sie nicht gerade zum Schneiden von Knospen, zum Beschneiden von Blumen und zum Pfl\u00fccken von Fr\u00fcchten verwendet wird. Zudem kann die Scheide dank der gro\u00dfen Schlaufe ganz einfach am G\u00fcrtel befestigt werden.<\/p>\n<p>&#8211; Exklusive Gartenschere<br \/>\n&#8211; Zum Befestigen am G\u00fcrtel<br \/>\n&#8211; PVC-Futter<\/p>\n<p>Artikelname: Gartenger\u00e4tescheide grau<br \/>\nArtikelnummer: GT88<br \/>\nProduktgruppe(n) Garten&amp;Terrasse, Gartenger\u00e4te, Praktisches Zubeh\u00f6r, Multifunktionelles Textil<br \/>\nProduktabmessungen in cm L 9,5 x T 3,9 x H 25,6<br \/>\nMaterial Polyester<br \/>\nNettogewicht 0,039 kg<br \/>\nBarcode 8714982091322<\/p>\n","protected":false},"excerpt":{"rendered":"<p>&#8211; Artikelnummer: GT88<br \/>\n&#8211; Exklusive Gartenschere<br \/>\n&#8211; Zum Befestigen am G\u00fcrtel<br \/>\n&#8211; PVC-Futter<br \/>\n&#8211; L 9,5 x T 3,9 x H 25,6 cm<br \/>\n&#8211; Material Polyester<br \/>\n&#8211; Nettogewicht 0,039 kg<br \/>\n&#8211; Barcode 8714982091322<\/p>\n","protected":false},"featured_media":4950,"template":"","meta":[],"product_brand":[9597,9598],"product_cat":[751],"product_tag":[7315,10577,6925,7448,8229,7993],"class_list":{"0":"post-4949","1":"product","2":"type-product","3":"status-publish","4":"has-post-thumbnail","6":"product_brand-esschert-design","7":"product_brand-trends-and-vision","8":"product_cat-garden-tools","9":"product_tag-bbq","10":"product_tag-exklusive-gartenschere","11":"product_tag-gartengeraeten","12":"product_tag-messer","13":"product_tag-scheide","14":"product_tag-scheren","15":"pa_anbieter-esschert-design","16":"pa_ean-code-2919","17":"pa_material-kunststof-pp","18":"pa_messungen-95-x-26-x-39-cm-3-7-x-10-x-1-5-inch","20":"first","21":"instock","22":"sale","23":"taxable","24":"shipping-taxable","25":"purchasable","26":"product-type-simple","27":"czr-hentry"},"yoast_head":"<!-- This site is optimized with the Yoast SEO Premium plugin v26.4 (Yoast SEO v27.4) - https:\/\/yoast.com\/product\/yoast-seo-premium-wordpress\/ -->\n<title>Esschert Design Gartenger\u00e4tescheide grau\/gr\u00fcn (GT88, 8714982091322) - Trends &amp; Vision<\/title>\n<meta name=\"description\" content=\"Esschert Design Gartenger\u00e4tescheide grau\/gr\u00fcn: Gartenger\u00e4tescheide grau: 9,5 x 26 x 3,9 cm\" \/>\n<meta name=\"robots\" content=\"index, follow, max-snippet:-1, max-image-preview:large, max-video-preview:-1\" \/>\n<link rel=\"canonical\" href=\"https:\/\/trendsandvision.nl\/de\/product\/esschert-design-gartengeraetescheide-grau-gruen\/\" \/>\n<meta property=\"og:locale\" content=\"de_DE\" \/>\n<meta property=\"og:type\" content=\"article\" \/>\n<meta property=\"og:title\" content=\"Esschert Design Gartenger\u00e4tescheide grau\/gr\u00fcn\" \/>\n<meta property=\"og:description\" content=\"Esschert Design Gartenger\u00e4tescheide grau\/gr\u00fcn: Gartenger\u00e4tescheide grau: 9,5 x 26 x 3,9 cm\" \/>\n<meta property=\"og:url\" content=\"https:\/\/trendsandvision.nl\/de\/product\/esschert-design-gartengeraetescheide-grau-gruen\/\" \/>\n<meta property=\"og:site_name\" content=\"Trends &amp; Vision (DE)\" \/>\n<meta property=\"article:modified_time\" content=\"2026-04-07T08:35:36+00:00\" \/>\n<meta property=\"og:image\" content=\"https:\/\/trendsandvision.nl\/de\/wp-content\/uploads\/sites\/3\/2022\/04\/GT88_01.jpg\" \/>\n\t<meta property=\"og:image:width\" content=\"800\" \/>\n\t<meta property=\"og:image:height\" content=\"800\" \/>\n\t<meta property=\"og:image:type\" content=\"image\/jpeg\" \/>\n<meta name=\"twitter:card\" content=\"summary_large_image\" \/>\n<meta name=\"twitter:label1\" content=\"Gesch\u00e4tzte Lesezeit\" \/>\n\t<meta name=\"twitter:data1\" content=\"1\u00a0Minute\" \/>\n<script type=\"application\/ld+json\" class=\"yoast-schema-graph\">{\"@context\":\"https:\\\/\\\/schema.org\",\"@graph\":[{\"@type\":\"WebPage\",\"@id\":\"https:\\\/\\\/trendsandvision.nl\\\/de\\\/product\\\/esschert-design-gartengeraetescheide-grau-gruen\\\/\",\"url\":\"https:\\\/\\\/trendsandvision.nl\\\/de\\\/product\\\/esschert-design-gartengeraetescheide-grau-gruen\\\/\",\"name\":\"Esschert Design Gartenger\u00e4tescheide grau\\\/gr\u00fcn (GT88, 8714982091322) - Trends & Vision\",\"isPartOf\":{\"@id\":\"https:\\\/\\\/trendsandvision.nl\\\/de\\\/#website\"},\"primaryImageOfPage\":{\"@id\":\"https:\\\/\\\/trendsandvision.nl\\\/de\\\/product\\\/esschert-design-gartengeraetescheide-grau-gruen\\\/#primaryimage\"},\"image\":{\"@id\":\"https:\\\/\\\/trendsandvision.nl\\\/de\\\/product\\\/esschert-design-gartengeraetescheide-grau-gruen\\\/#primaryimage\"},\"thumbnailUrl\":\"https:\\\/\\\/trendsandvision.nl\\\/de\\\/wp-content\\\/uploads\\\/sites\\\/3\\\/2022\\\/04\\\/GT88_01.jpg\",\"datePublished\":\"2022-04-22T16:32:47+00:00\",\"dateModified\":\"2026-04-07T08:35:36+00:00\",\"description\":\"Esschert Design Gartenger\u00e4tescheide grau\\\/gr\u00fcn: Gartenger\u00e4tescheide grau: 9,5 x 26 x 3,9 cm\",\"breadcrumb\":{\"@id\":\"https:\\\/\\\/trendsandvision.nl\\\/de\\\/product\\\/esschert-design-gartengeraetescheide-grau-gruen\\\/#breadcrumb\"},\"inLanguage\":\"de\",\"potentialAction\":[{\"@type\":\"ReadAction\",\"target\":[\"https:\\\/\\\/trendsandvision.nl\\\/de\\\/product\\\/esschert-design-gartengeraetescheide-grau-gruen\\\/\"]}]},{\"@type\":\"ImageObject\",\"inLanguage\":\"de\",\"@id\":\"https:\\\/\\\/trendsandvision.nl\\\/de\\\/product\\\/esschert-design-gartengeraetescheide-grau-gruen\\\/#primaryimage\",\"url\":\"https:\\\/\\\/trendsandvision.nl\\\/de\\\/wp-content\\\/uploads\\\/sites\\\/3\\\/2022\\\/04\\\/GT88_01.jpg\",\"contentUrl\":\"https:\\\/\\\/trendsandvision.nl\\\/de\\\/wp-content\\\/uploads\\\/sites\\\/3\\\/2022\\\/04\\\/GT88_01.jpg\",\"width\":800,\"height\":800,\"caption\":\"Esschert Design Gartenger\u00e4tescheide grau\\\/gr\u00fcn (GT88\"},{\"@type\":\"BreadcrumbList\",\"@id\":\"https:\\\/\\\/trendsandvision.nl\\\/de\\\/product\\\/esschert-design-gartengeraetescheide-grau-gruen\\\/#breadcrumb\",\"itemListElement\":[{\"@type\":\"ListItem\",\"position\":1,\"name\":\"Home\",\"item\":\"https:\\\/\\\/trendsandvision.nl\\\/de\\\/\"},{\"@type\":\"ListItem\",\"position\":2,\"name\":\"Gesch\u00e4ft\",\"item\":\"https:\\\/\\\/trendsandvision.nl\\\/de\\\/geschaft\\\/\"},{\"@type\":\"ListItem\",\"position\":3,\"name\":\"Esschert Design Gartenger\u00e4tescheide grau\\\/gr\u00fcn\"}]},{\"@type\":\"WebSite\",\"@id\":\"https:\\\/\\\/trendsandvision.nl\\\/de\\\/#website\",\"url\":\"https:\\\/\\\/trendsandvision.nl\\\/de\\\/\",\"name\":\"Trends &amp; Vision (DE)\",\"description\":\"Der Webshop f\u00fcr Esschert Design Artikel\",\"publisher\":{\"@id\":\"https:\\\/\\\/trendsandvision.nl\\\/de\\\/#organization\"},\"potentialAction\":[{\"@type\":\"SearchAction\",\"target\":{\"@type\":\"EntryPoint\",\"urlTemplate\":\"https:\\\/\\\/trendsandvision.nl\\\/de\\\/?s={search_term_string}\"},\"query-input\":{\"@type\":\"PropertyValueSpecification\",\"valueRequired\":true,\"valueName\":\"search_term_string\"}}],\"inLanguage\":\"de\"},{\"@type\":\"Organization\",\"@id\":\"https:\\\/\\\/trendsandvision.nl\\\/de\\\/#organization\",\"name\":\"Trends &amp; Vision (DE)\",\"url\":\"https:\\\/\\\/trendsandvision.nl\\\/de\\\/\",\"logo\":{\"@type\":\"ImageObject\",\"inLanguage\":\"de\",\"@id\":\"https:\\\/\\\/trendsandvision.nl\\\/de\\\/#\\\/schema\\\/logo\\\/image\\\/\",\"url\":\"https:\\\/\\\/trendsandvision.nl\\\/de\\\/wp-content\\\/uploads\\\/sites\\\/3\\\/2022\\\/04\\\/trends-and-vision-logo.jpg\",\"contentUrl\":\"https:\\\/\\\/trendsandvision.nl\\\/de\\\/wp-content\\\/uploads\\\/sites\\\/3\\\/2022\\\/04\\\/trends-and-vision-logo.jpg\",\"width\":213,\"height\":100,\"caption\":\"Trends &amp; Vision (DE)\"},\"image\":{\"@id\":\"https:\\\/\\\/trendsandvision.nl\\\/de\\\/#\\\/schema\\\/logo\\\/image\\\/\"}}]}<\/script>\n<!-- \/ Yoast SEO Premium plugin. -->","yoast_head_json":{"title":"Esschert Design Gartenger\u00e4tescheide grau\/gr\u00fcn (GT88, 8714982091322) - Trends & Vision","description":"Esschert Design Gartenger\u00e4tescheide grau\/gr\u00fcn: Gartenger\u00e4tescheide grau: 9,5 x 26 x 3,9 cm","robots":{"index":"index","follow":"follow","max-snippet":"max-snippet:-1","max-image-preview":"max-image-preview:large","max-video-preview":"max-video-preview:-1"},"canonical":"https:\/\/trendsandvision.nl\/de\/product\/esschert-design-gartengeraetescheide-grau-gruen\/","og_locale":"de_DE","og_type":"article","og_title":"Esschert Design Gartenger\u00e4tescheide grau\/gr\u00fcn","og_description":"Esschert Design Gartenger\u00e4tescheide grau\/gr\u00fcn: Gartenger\u00e4tescheide grau: 9,5 x 26 x 3,9 cm","og_url":"https:\/\/trendsandvision.nl\/de\/product\/esschert-design-gartengeraetescheide-grau-gruen\/","og_site_name":"Trends &amp; Vision (DE)","article_modified_time":"2026-04-07T08:35:36+00:00","og_image":[{"width":800,"height":800,"url":"https:\/\/trendsandvision.nl\/de\/wp-content\/uploads\/sites\/3\/2022\/04\/GT88_01.jpg","type":"image\/jpeg"}],"twitter_card":"summary_large_image","twitter_misc":{"Gesch\u00e4tzte Lesezeit":"1\u00a0Minute"},"schema":{"@context":"https:\/\/schema.org","@graph":[{"@type":"WebPage","@id":"https:\/\/trendsandvision.nl\/de\/product\/esschert-design-gartengeraetescheide-grau-gruen\/","url":"https:\/\/trendsandvision.nl\/de\/product\/esschert-design-gartengeraetescheide-grau-gruen\/","name":"Esschert Design Gartenger\u00e4tescheide grau\/gr\u00fcn (GT88, 8714982091322) - Trends & Vision","isPartOf":{"@id":"https:\/\/trendsandvision.nl\/de\/#website"},"primaryImageOfPage":{"@id":"https:\/\/trendsandvision.nl\/de\/product\/esschert-design-gartengeraetescheide-grau-gruen\/#primaryimage"},"image":{"@id":"https:\/\/trendsandvision.nl\/de\/product\/esschert-design-gartengeraetescheide-grau-gruen\/#primaryimage"},"thumbnailUrl":"https:\/\/trendsandvision.nl\/de\/wp-content\/uploads\/sites\/3\/2022\/04\/GT88_01.jpg","datePublished":"2022-04-22T16:32:47+00:00","dateModified":"2026-04-07T08:35:36+00:00","description":"Esschert Design Gartenger\u00e4tescheide grau\/gr\u00fcn: Gartenger\u00e4tescheide grau: 9,5 x 26 x 3,9 cm","breadcrumb":{"@id":"https:\/\/trendsandvision.nl\/de\/product\/esschert-design-gartengeraetescheide-grau-gruen\/#breadcrumb"},"inLanguage":"de","potentialAction":[{"@type":"ReadAction","target":["https:\/\/trendsandvision.nl\/de\/product\/esschert-design-gartengeraetescheide-grau-gruen\/"]}]},{"@type":"ImageObject","inLanguage":"de","@id":"https:\/\/trendsandvision.nl\/de\/product\/esschert-design-gartengeraetescheide-grau-gruen\/#primaryimage","url":"https:\/\/trendsandvision.nl\/de\/wp-content\/uploads\/sites\/3\/2022\/04\/GT88_01.jpg","contentUrl":"https:\/\/trendsandvision.nl\/de\/wp-content\/uploads\/sites\/3\/2022\/04\/GT88_01.jpg","width":800,"height":800,"caption":"Esschert Design Gartenger\u00e4tescheide grau\/gr\u00fcn (GT88"},{"@type":"BreadcrumbList","@id":"https:\/\/trendsandvision.nl\/de\/product\/esschert-design-gartengeraetescheide-grau-gruen\/#breadcrumb","itemListElement":[{"@type":"ListItem","position":1,"name":"Home","item":"https:\/\/trendsandvision.nl\/de\/"},{"@type":"ListItem","position":2,"name":"Gesch\u00e4ft","item":"https:\/\/trendsandvision.nl\/de\/geschaft\/"},{"@type":"ListItem","position":3,"name":"Esschert Design Gartenger\u00e4tescheide grau\/gr\u00fcn"}]},{"@type":"WebSite","@id":"https:\/\/trendsandvision.nl\/de\/#website","url":"https:\/\/trendsandvision.nl\/de\/","name":"Trends &amp; Vision (DE)","description":"Der Webshop f\u00fcr Esschert Design Artikel","publisher":{"@id":"https:\/\/trendsandvision.nl\/de\/#organization"},"potentialAction":[{"@type":"SearchAction","target":{"@type":"EntryPoint","urlTemplate":"https:\/\/trendsandvision.nl\/de\/?s={search_term_string}"},"query-input":{"@type":"PropertyValueSpecification","valueRequired":true,"valueName":"search_term_string"}}],"inLanguage":"de"},{"@type":"Organization","@id":"https:\/\/trendsandvision.nl\/de\/#organization","name":"Trends &amp; Vision (DE)","url":"https:\/\/trendsandvision.nl\/de\/","logo":{"@type":"ImageObject","inLanguage":"de","@id":"https:\/\/trendsandvision.nl\/de\/#\/schema\/logo\/image\/","url":"https:\/\/trendsandvision.nl\/de\/wp-content\/uploads\/sites\/3\/2022\/04\/trends-and-vision-logo.jpg","contentUrl":"https:\/\/trendsandvision.nl\/de\/wp-content\/uploads\/sites\/3\/2022\/04\/trends-and-vision-logo.jpg","width":213,"height":100,"caption":"Trends &amp; Vision (DE)"},"image":{"@id":"https:\/\/trendsandvision.nl\/de\/#\/schema\/logo\/image\/"}}]}},"_links":{"self":[{"href":"https:\/\/trendsandvision.nl\/de\/wp-json\/wp\/v2\/product\/4949","targetHints":{"allow":["GET"]}}],"collection":[{"href":"https:\/\/trendsandvision.nl\/de\/wp-json\/wp\/v2\/product"}],"about":[{"href":"https:\/\/trendsandvision.nl\/de\/wp-json\/wp\/v2\/types\/product"}],"wp:featuredmedia":[{"embeddable":true,"href":"https:\/\/trendsandvision.nl\/de\/wp-json\/wp\/v2\/media\/4950"}],"wp:attachment":[{"href":"https:\/\/trendsandvision.nl\/de\/wp-json\/wp\/v2\/media?parent=4949"}],"wp:term":[{"taxonomy":"product_brand","embeddable":true,"href":"https:\/\/trendsandvision.nl\/de\/wp-json\/wp\/v2\/product_brand?post=4949"},{"taxonomy":"product_cat","embeddable":true,"href":"https:\/\/trendsandvision.nl\/de\/wp-json\/wp\/v2\/product_cat?post=4949"},{"taxonomy":"product_tag","embeddable":true,"href":"https:\/\/trendsandvision.nl\/de\/wp-json\/wp\/v2\/product_tag?post=4949"}],"curies":[{"name":"wp","href":"https:\/\/api.w.org\/{rel}","templated":true}]}}