{"id":4937,"date":"2022-04-22T18:32:47","date_gmt":"2022-04-22T16:32:47","guid":{"rendered":"https:\/\/trendsandvision.nl\/de\/product\/esschert-design-gartengeraete-stuhl-grau\/"},"modified":"2026-04-07T10:35:34","modified_gmt":"2026-04-07T08:35:34","slug":"esschert-design-gartengeraete-stuhl-grau","status":"publish","type":"product","link":"https:\/\/trendsandvision.nl\/de\/product\/esschert-design-gartengeraete-stuhl-grau\/","title":{"rendered":"Esschert Design Gartenger\u00e4te Stuhl grau"},"content":{"rendered":"<p>Dieser faltbare Hocker kann leicht mitgenommen werden und bietet w\u00e4hrend der Gartenarbeit\/Angeln eine Sitzm\u00f6glichkeit.<br \/>\nDie abnehmbare Tasche unter der Sitzfl\u00e4che bietet sowohl im Inneren als auch in den ger\u00e4umigen Seitentaschen ausreichende Aufbewahrungsm\u00f6glichkeiten f\u00fcr Gartenger\u00e4te und andere Accessoires sodass diese w\u00e4hrend der Gartenarbeit stets zur Hand sind.<\/p>\n<p>&#8211; 2 in 1 Funktion<br \/>\n&#8211; abnehmbare Tasche dank Druckkn\u00f6pfe<\/p>\n<p>Artikelnummer: GT85<br \/>\nProduktgruppe(n) Garten&amp;Terrasse, Gartenger\u00e4te, Praktisches Zubeh\u00f6r, Multifunktionelles Textil<br \/>\nProduktabmessungen in cm L 40,4 x T 30,8 x H 30,5<br \/>\nMaterial: Polyester, Stahl<br \/>\nNettogewicht 1,32 kg<br \/>\nBarcode 8714982091292<br \/>\nTragf\u00e4higkeit 100 kg<\/p>\n","protected":false},"excerpt":{"rendered":"<p>Artikelnummer: GT85<br \/>\nL 40,4 x T 30,8 x H 30,5 cm<br \/>\n2 in 1 Funktion<br \/>\nAbnehmbare Tasche dank Druckkn\u00f6pfe<br \/>\nMaterial: Polyester, Stahl<br \/>\nNettogewicht 1,32 kg<br \/>\nBarcode 8714982091292<br \/>\nTragf\u00e4higkeit 100 kg<\/p>\n","protected":false},"featured_media":4938,"template":"","meta":[],"product_brand":[9597,9598],"product_cat":[751],"product_tag":[7315,7982,8224,6925,8223,7799,8225],"class_list":{"0":"post-4937","1":"product","2":"type-product","3":"status-publish","4":"has-post-thumbnail","6":"product_brand-esschert-design","7":"product_brand-trends-and-vision","8":"product_cat-garden-tools","9":"product_tag-bbq","10":"product_tag-faltbar","11":"product_tag-fischen","12":"product_tag-gartengeraeten","13":"product_tag-grillbesteck","14":"product_tag-stuhl","15":"product_tag-zusammenklappbar","16":"pa_anbieter-esschert-design","17":"pa_ean-code-2914","18":"pa_material-metaal-coating-stof","19":"pa_messungen-40-x-31-x-31-cm-16-x-12-x-12-inch","21":"first","22":"instock","23":"sale","24":"taxable","25":"shipping-taxable","26":"purchasable","27":"product-type-simple","28":"czr-hentry"},"yoast_head":"<!-- This site is optimized with the Yoast SEO Premium plugin v26.4 (Yoast SEO v27.4) - https:\/\/yoast.com\/product\/yoast-seo-premium-wordpress\/ -->\n<title>Esschert Design Gartenger\u00e4te Stuhl grau (GT85, 8714982091292) - Trends &amp; Vision<\/title>\n<meta name=\"description\" content=\"Esschert Design Gartenger\u00e4te Stuhl grau: Gartenger\u00e4te Stuhl grau: 40 x 31 x 31 cm\" \/>\n<meta name=\"robots\" content=\"index, follow, max-snippet:-1, max-image-preview:large, max-video-preview:-1\" \/>\n<link rel=\"canonical\" href=\"https:\/\/trendsandvision.nl\/de\/product\/esschert-design-gartengeraete-stuhl-grau\/\" \/>\n<meta property=\"og:locale\" content=\"de_DE\" \/>\n<meta property=\"og:type\" content=\"article\" \/>\n<meta property=\"og:title\" content=\"Esschert Design Gartenger\u00e4te Stuhl grau\" \/>\n<meta property=\"og:description\" content=\"Esschert Design Gartenger\u00e4te Stuhl grau: Gartenger\u00e4te Stuhl grau: 40 x 31 x 31 cm\" \/>\n<meta property=\"og:url\" content=\"https:\/\/trendsandvision.nl\/de\/product\/esschert-design-gartengeraete-stuhl-grau\/\" \/>\n<meta property=\"og:site_name\" content=\"Trends &amp; Vision (DE)\" \/>\n<meta property=\"article:modified_time\" content=\"2026-04-07T08:35:34+00:00\" \/>\n<meta property=\"og:image\" content=\"https:\/\/trendsandvision.nl\/de\/wp-content\/uploads\/sites\/3\/2022\/04\/GT85_01.jpg\" \/>\n\t<meta property=\"og:image:width\" content=\"800\" \/>\n\t<meta property=\"og:image:height\" content=\"800\" \/>\n\t<meta property=\"og:image:type\" content=\"image\/jpeg\" \/>\n<meta name=\"twitter:card\" content=\"summary_large_image\" \/>\n<meta name=\"twitter:label1\" content=\"Gesch\u00e4tzte Lesezeit\" \/>\n\t<meta name=\"twitter:data1\" content=\"1\u00a0Minute\" \/>\n<script type=\"application\/ld+json\" class=\"yoast-schema-graph\">{\"@context\":\"https:\\\/\\\/schema.org\",\"@graph\":[{\"@type\":\"WebPage\",\"@id\":\"https:\\\/\\\/trendsandvision.nl\\\/de\\\/product\\\/esschert-design-gartengeraete-stuhl-grau\\\/\",\"url\":\"https:\\\/\\\/trendsandvision.nl\\\/de\\\/product\\\/esschert-design-gartengeraete-stuhl-grau\\\/\",\"name\":\"Esschert Design Gartenger\u00e4te Stuhl grau (GT85, 8714982091292) - Trends & Vision\",\"isPartOf\":{\"@id\":\"https:\\\/\\\/trendsandvision.nl\\\/de\\\/#website\"},\"primaryImageOfPage\":{\"@id\":\"https:\\\/\\\/trendsandvision.nl\\\/de\\\/product\\\/esschert-design-gartengeraete-stuhl-grau\\\/#primaryimage\"},\"image\":{\"@id\":\"https:\\\/\\\/trendsandvision.nl\\\/de\\\/product\\\/esschert-design-gartengeraete-stuhl-grau\\\/#primaryimage\"},\"thumbnailUrl\":\"https:\\\/\\\/trendsandvision.nl\\\/de\\\/wp-content\\\/uploads\\\/sites\\\/3\\\/2022\\\/04\\\/GT85_01.jpg\",\"datePublished\":\"2022-04-22T16:32:47+00:00\",\"dateModified\":\"2026-04-07T08:35:34+00:00\",\"description\":\"Esschert Design Gartenger\u00e4te Stuhl grau: Gartenger\u00e4te Stuhl grau: 40 x 31 x 31 cm\",\"breadcrumb\":{\"@id\":\"https:\\\/\\\/trendsandvision.nl\\\/de\\\/product\\\/esschert-design-gartengeraete-stuhl-grau\\\/#breadcrumb\"},\"inLanguage\":\"de\",\"potentialAction\":[{\"@type\":\"ReadAction\",\"target\":[\"https:\\\/\\\/trendsandvision.nl\\\/de\\\/product\\\/esschert-design-gartengeraete-stuhl-grau\\\/\"]}]},{\"@type\":\"ImageObject\",\"inLanguage\":\"de\",\"@id\":\"https:\\\/\\\/trendsandvision.nl\\\/de\\\/product\\\/esschert-design-gartengeraete-stuhl-grau\\\/#primaryimage\",\"url\":\"https:\\\/\\\/trendsandvision.nl\\\/de\\\/wp-content\\\/uploads\\\/sites\\\/3\\\/2022\\\/04\\\/GT85_01.jpg\",\"contentUrl\":\"https:\\\/\\\/trendsandvision.nl\\\/de\\\/wp-content\\\/uploads\\\/sites\\\/3\\\/2022\\\/04\\\/GT85_01.jpg\",\"width\":800,\"height\":800,\"caption\":\"Esschert Design Gartenger\u00e4te Stuhl grau (GT85\"},{\"@type\":\"BreadcrumbList\",\"@id\":\"https:\\\/\\\/trendsandvision.nl\\\/de\\\/product\\\/esschert-design-gartengeraete-stuhl-grau\\\/#breadcrumb\",\"itemListElement\":[{\"@type\":\"ListItem\",\"position\":1,\"name\":\"Home\",\"item\":\"https:\\\/\\\/trendsandvision.nl\\\/de\\\/\"},{\"@type\":\"ListItem\",\"position\":2,\"name\":\"Gesch\u00e4ft\",\"item\":\"https:\\\/\\\/trendsandvision.nl\\\/de\\\/geschaft\\\/\"},{\"@type\":\"ListItem\",\"position\":3,\"name\":\"Esschert Design Gartenger\u00e4te Stuhl grau\"}]},{\"@type\":\"WebSite\",\"@id\":\"https:\\\/\\\/trendsandvision.nl\\\/de\\\/#website\",\"url\":\"https:\\\/\\\/trendsandvision.nl\\\/de\\\/\",\"name\":\"Trends &amp; Vision (DE)\",\"description\":\"Der Webshop f\u00fcr Esschert Design Artikel\",\"publisher\":{\"@id\":\"https:\\\/\\\/trendsandvision.nl\\\/de\\\/#organization\"},\"potentialAction\":[{\"@type\":\"SearchAction\",\"target\":{\"@type\":\"EntryPoint\",\"urlTemplate\":\"https:\\\/\\\/trendsandvision.nl\\\/de\\\/?s={search_term_string}\"},\"query-input\":{\"@type\":\"PropertyValueSpecification\",\"valueRequired\":true,\"valueName\":\"search_term_string\"}}],\"inLanguage\":\"de\"},{\"@type\":\"Organization\",\"@id\":\"https:\\\/\\\/trendsandvision.nl\\\/de\\\/#organization\",\"name\":\"Trends &amp; Vision (DE)\",\"url\":\"https:\\\/\\\/trendsandvision.nl\\\/de\\\/\",\"logo\":{\"@type\":\"ImageObject\",\"inLanguage\":\"de\",\"@id\":\"https:\\\/\\\/trendsandvision.nl\\\/de\\\/#\\\/schema\\\/logo\\\/image\\\/\",\"url\":\"https:\\\/\\\/trendsandvision.nl\\\/de\\\/wp-content\\\/uploads\\\/sites\\\/3\\\/2022\\\/04\\\/trends-and-vision-logo.jpg\",\"contentUrl\":\"https:\\\/\\\/trendsandvision.nl\\\/de\\\/wp-content\\\/uploads\\\/sites\\\/3\\\/2022\\\/04\\\/trends-and-vision-logo.jpg\",\"width\":213,\"height\":100,\"caption\":\"Trends &amp; Vision (DE)\"},\"image\":{\"@id\":\"https:\\\/\\\/trendsandvision.nl\\\/de\\\/#\\\/schema\\\/logo\\\/image\\\/\"}}]}<\/script>\n<!-- \/ Yoast SEO Premium plugin. -->","yoast_head_json":{"title":"Esschert Design Gartenger\u00e4te Stuhl grau (GT85, 8714982091292) - Trends & Vision","description":"Esschert Design Gartenger\u00e4te Stuhl grau: Gartenger\u00e4te Stuhl grau: 40 x 31 x 31 cm","robots":{"index":"index","follow":"follow","max-snippet":"max-snippet:-1","max-image-preview":"max-image-preview:large","max-video-preview":"max-video-preview:-1"},"canonical":"https:\/\/trendsandvision.nl\/de\/product\/esschert-design-gartengeraete-stuhl-grau\/","og_locale":"de_DE","og_type":"article","og_title":"Esschert Design Gartenger\u00e4te Stuhl grau","og_description":"Esschert Design Gartenger\u00e4te Stuhl grau: Gartenger\u00e4te Stuhl grau: 40 x 31 x 31 cm","og_url":"https:\/\/trendsandvision.nl\/de\/product\/esschert-design-gartengeraete-stuhl-grau\/","og_site_name":"Trends &amp; Vision (DE)","article_modified_time":"2026-04-07T08:35:34+00:00","og_image":[{"width":800,"height":800,"url":"https:\/\/trendsandvision.nl\/de\/wp-content\/uploads\/sites\/3\/2022\/04\/GT85_01.jpg","type":"image\/jpeg"}],"twitter_card":"summary_large_image","twitter_misc":{"Gesch\u00e4tzte Lesezeit":"1\u00a0Minute"},"schema":{"@context":"https:\/\/schema.org","@graph":[{"@type":"WebPage","@id":"https:\/\/trendsandvision.nl\/de\/product\/esschert-design-gartengeraete-stuhl-grau\/","url":"https:\/\/trendsandvision.nl\/de\/product\/esschert-design-gartengeraete-stuhl-grau\/","name":"Esschert Design Gartenger\u00e4te Stuhl grau (GT85, 8714982091292) - Trends & Vision","isPartOf":{"@id":"https:\/\/trendsandvision.nl\/de\/#website"},"primaryImageOfPage":{"@id":"https:\/\/trendsandvision.nl\/de\/product\/esschert-design-gartengeraete-stuhl-grau\/#primaryimage"},"image":{"@id":"https:\/\/trendsandvision.nl\/de\/product\/esschert-design-gartengeraete-stuhl-grau\/#primaryimage"},"thumbnailUrl":"https:\/\/trendsandvision.nl\/de\/wp-content\/uploads\/sites\/3\/2022\/04\/GT85_01.jpg","datePublished":"2022-04-22T16:32:47+00:00","dateModified":"2026-04-07T08:35:34+00:00","description":"Esschert Design Gartenger\u00e4te Stuhl grau: Gartenger\u00e4te Stuhl grau: 40 x 31 x 31 cm","breadcrumb":{"@id":"https:\/\/trendsandvision.nl\/de\/product\/esschert-design-gartengeraete-stuhl-grau\/#breadcrumb"},"inLanguage":"de","potentialAction":[{"@type":"ReadAction","target":["https:\/\/trendsandvision.nl\/de\/product\/esschert-design-gartengeraete-stuhl-grau\/"]}]},{"@type":"ImageObject","inLanguage":"de","@id":"https:\/\/trendsandvision.nl\/de\/product\/esschert-design-gartengeraete-stuhl-grau\/#primaryimage","url":"https:\/\/trendsandvision.nl\/de\/wp-content\/uploads\/sites\/3\/2022\/04\/GT85_01.jpg","contentUrl":"https:\/\/trendsandvision.nl\/de\/wp-content\/uploads\/sites\/3\/2022\/04\/GT85_01.jpg","width":800,"height":800,"caption":"Esschert Design Gartenger\u00e4te Stuhl grau (GT85"},{"@type":"BreadcrumbList","@id":"https:\/\/trendsandvision.nl\/de\/product\/esschert-design-gartengeraete-stuhl-grau\/#breadcrumb","itemListElement":[{"@type":"ListItem","position":1,"name":"Home","item":"https:\/\/trendsandvision.nl\/de\/"},{"@type":"ListItem","position":2,"name":"Gesch\u00e4ft","item":"https:\/\/trendsandvision.nl\/de\/geschaft\/"},{"@type":"ListItem","position":3,"name":"Esschert Design Gartenger\u00e4te Stuhl grau"}]},{"@type":"WebSite","@id":"https:\/\/trendsandvision.nl\/de\/#website","url":"https:\/\/trendsandvision.nl\/de\/","name":"Trends &amp; Vision (DE)","description":"Der Webshop f\u00fcr Esschert Design Artikel","publisher":{"@id":"https:\/\/trendsandvision.nl\/de\/#organization"},"potentialAction":[{"@type":"SearchAction","target":{"@type":"EntryPoint","urlTemplate":"https:\/\/trendsandvision.nl\/de\/?s={search_term_string}"},"query-input":{"@type":"PropertyValueSpecification","valueRequired":true,"valueName":"search_term_string"}}],"inLanguage":"de"},{"@type":"Organization","@id":"https:\/\/trendsandvision.nl\/de\/#organization","name":"Trends &amp; Vision (DE)","url":"https:\/\/trendsandvision.nl\/de\/","logo":{"@type":"ImageObject","inLanguage":"de","@id":"https:\/\/trendsandvision.nl\/de\/#\/schema\/logo\/image\/","url":"https:\/\/trendsandvision.nl\/de\/wp-content\/uploads\/sites\/3\/2022\/04\/trends-and-vision-logo.jpg","contentUrl":"https:\/\/trendsandvision.nl\/de\/wp-content\/uploads\/sites\/3\/2022\/04\/trends-and-vision-logo.jpg","width":213,"height":100,"caption":"Trends &amp; Vision (DE)"},"image":{"@id":"https:\/\/trendsandvision.nl\/de\/#\/schema\/logo\/image\/"}}]}},"_links":{"self":[{"href":"https:\/\/trendsandvision.nl\/de\/wp-json\/wp\/v2\/product\/4937","targetHints":{"allow":["GET"]}}],"collection":[{"href":"https:\/\/trendsandvision.nl\/de\/wp-json\/wp\/v2\/product"}],"about":[{"href":"https:\/\/trendsandvision.nl\/de\/wp-json\/wp\/v2\/types\/product"}],"wp:featuredmedia":[{"embeddable":true,"href":"https:\/\/trendsandvision.nl\/de\/wp-json\/wp\/v2\/media\/4938"}],"wp:attachment":[{"href":"https:\/\/trendsandvision.nl\/de\/wp-json\/wp\/v2\/media?parent=4937"}],"wp:term":[{"taxonomy":"product_brand","embeddable":true,"href":"https:\/\/trendsandvision.nl\/de\/wp-json\/wp\/v2\/product_brand?post=4937"},{"taxonomy":"product_cat","embeddable":true,"href":"https:\/\/trendsandvision.nl\/de\/wp-json\/wp\/v2\/product_cat?post=4937"},{"taxonomy":"product_tag","embeddable":true,"href":"https:\/\/trendsandvision.nl\/de\/wp-json\/wp\/v2\/product_tag?post=4937"}],"curies":[{"name":"wp","href":"https:\/\/api.w.org\/{rel}","templated":true}]}}