{"id":4914,"date":"2022-04-22T18:32:10","date_gmt":"2022-04-22T16:32:10","guid":{"rendered":"https:\/\/trendsandvision.nl\/de\/product\/esschert-design-edelstahl-mini-tools-schippe-harke\/"},"modified":"2026-04-22T15:08:12","modified_gmt":"2026-04-22T13:08:12","slug":"esschert-design-edelstahl-mini-tools-schippe-harke","status":"publish","type":"product","link":"https:\/\/trendsandvision.nl\/de\/product\/esschert-design-edelstahl-mini-tools-schippe-harke\/","title":{"rendered":"Esschert Design Edelstahl Mini-Tools Schippe\/Harke"},"content":{"rendered":"<p>Traditionelles Gartenwerkzeugset f\u00fcr jeden Pflanzenliebhaber. Die Materialien sind so gew\u00e4hlt, dass sie lange und zufriedenstellend ihren Zweck erf\u00fcllen. Das Set besteht aus einer kleinen Schippe und einer kleinen Harke um auch kleine Pflanzen optimal zu pflegen.<\/p>\n<p>&#8211; Aufh\u00e4ngeschlaufe aus Leder<\/p>\n<p>Artikelname Mini-Tools Schippe\/Harke<br \/>\nArtikelnummer GT76<br \/>\nProduktgruppe(n) Garten&amp;Terrasse, Gartenger\u00e4te, Handwerkzeuge<br \/>\nMaterial Edelstahl, Eschenholz, Rindsleder<br \/>\nNettogewicht 0,144 kg<br \/>\nBarcode 8714982086601<br \/>\nFSC\u00ae FSC 100%<\/p>\n","protected":false},"excerpt":{"rendered":"<p>Edelstahl Mini-Tools Schippe\/Harke: 3.4 x 2.3 x 19 cm<br \/>\nMaterial Edelstahl, Eschenholz, Rindsleder<br \/>\nNettogewicht 0,144 kg<br \/>\nBarcode 8714982086601<br \/>\nFSC\u00ae FSC 100%<\/p>\n","protected":false},"featured_media":4915,"template":"","meta":[],"product_brand":[9597,9598],"product_cat":[751],"product_tag":[6950,7166,6925,6987],"class_list":{"0":"post-4914","1":"product","2":"type-product","3":"status-publish","4":"has-post-thumbnail","6":"product_brand-esschert-design","7":"product_brand-trends-and-vision","8":"product_cat-garden-tools","9":"product_tag-edelstahl","10":"product_tag-fsc-fsc-100","11":"product_tag-gartengeraeten","12":"product_tag-handharke","13":"pa_anbieter-esschert-design","14":"pa_ean-code-2900","15":"pa_material-essenhout-metaal-leder","16":"pa_messungen-3-4-x-2-3-x-19-cm-1-3-x-0-9-x-7-3-inch","18":"first","19":"instock","20":"sale","21":"taxable","22":"shipping-taxable","23":"purchasable","24":"product-type-simple","25":"czr-hentry"},"yoast_head":"<!-- This site is optimized with the Yoast SEO Premium plugin v27.4 (Yoast SEO v27.4) - https:\/\/yoast.com\/product\/yoast-seo-premium-wordpress\/ -->\n<title>Esschert Design Edelstahl Mini-Tools Schippe\/Harke (GT76, 8714982086601) - Trends &amp; Vision<\/title>\n<meta name=\"description\" content=\"Esschert Design Edelstahl Mini-Tools Schippe\/Harke: Edelstahl Mini-Tools Schippe\/Harke: 3.4 x 2.3 x 19 cm\" \/>\n<meta name=\"robots\" content=\"index, follow, max-snippet:-1, max-image-preview:large, max-video-preview:-1\" \/>\n<link rel=\"canonical\" href=\"https:\/\/trendsandvision.nl\/de\/product\/esschert-design-edelstahl-mini-tools-schippe-harke\/\" \/>\n<meta property=\"og:locale\" content=\"de_DE\" \/>\n<meta property=\"og:type\" content=\"article\" \/>\n<meta property=\"og:title\" content=\"Esschert Design Edelstahl Mini-Tools Schippe\/Harke\" \/>\n<meta property=\"og:description\" content=\"Esschert Design Edelstahl Mini-Tools Schippe\/Harke: Edelstahl Mini-Tools Schippe\/Harke: 3.4 x 2.3 x 19 cm\" \/>\n<meta property=\"og:url\" content=\"https:\/\/trendsandvision.nl\/de\/product\/esschert-design-edelstahl-mini-tools-schippe-harke\/\" \/>\n<meta property=\"og:site_name\" content=\"Trends &amp; Vision (DE)\" \/>\n<meta property=\"article:modified_time\" content=\"2026-04-22T13:08:12+00:00\" \/>\n<meta property=\"og:image\" content=\"https:\/\/trendsandvision.nl\/de\/wp-content\/uploads\/sites\/3\/2022\/04\/GT76_01.jpg\" \/>\n\t<meta property=\"og:image:width\" content=\"800\" \/>\n\t<meta property=\"og:image:height\" content=\"800\" \/>\n\t<meta property=\"og:image:type\" content=\"image\/jpeg\" \/>\n<meta name=\"twitter:card\" content=\"summary_large_image\" \/>\n<meta name=\"twitter:label1\" content=\"Gesch\u00e4tzte Lesezeit\" \/>\n\t<meta name=\"twitter:data1\" content=\"1\u00a0Minute\" \/>\n<script type=\"application\/ld+json\" class=\"yoast-schema-graph\">{\"@context\":\"https:\\\/\\\/schema.org\",\"@graph\":[{\"@type\":\"WebPage\",\"@id\":\"https:\\\/\\\/trendsandvision.nl\\\/de\\\/product\\\/esschert-design-edelstahl-mini-tools-schippe-harke\\\/\",\"url\":\"https:\\\/\\\/trendsandvision.nl\\\/de\\\/product\\\/esschert-design-edelstahl-mini-tools-schippe-harke\\\/\",\"name\":\"Esschert Design Edelstahl Mini-Tools Schippe\\\/Harke (GT76, 8714982086601) - Trends & Vision\",\"isPartOf\":{\"@id\":\"https:\\\/\\\/trendsandvision.nl\\\/de\\\/#website\"},\"primaryImageOfPage\":{\"@id\":\"https:\\\/\\\/trendsandvision.nl\\\/de\\\/product\\\/esschert-design-edelstahl-mini-tools-schippe-harke\\\/#primaryimage\"},\"image\":{\"@id\":\"https:\\\/\\\/trendsandvision.nl\\\/de\\\/product\\\/esschert-design-edelstahl-mini-tools-schippe-harke\\\/#primaryimage\"},\"thumbnailUrl\":\"https:\\\/\\\/trendsandvision.nl\\\/de\\\/wp-content\\\/uploads\\\/sites\\\/3\\\/2022\\\/04\\\/GT76_01.jpg\",\"datePublished\":\"2022-04-22T16:32:10+00:00\",\"dateModified\":\"2026-04-22T13:08:12+00:00\",\"description\":\"Esschert Design Edelstahl Mini-Tools Schippe\\\/Harke: Edelstahl Mini-Tools Schippe\\\/Harke: 3.4 x 2.3 x 19 cm\",\"breadcrumb\":{\"@id\":\"https:\\\/\\\/trendsandvision.nl\\\/de\\\/product\\\/esschert-design-edelstahl-mini-tools-schippe-harke\\\/#breadcrumb\"},\"inLanguage\":\"de\",\"potentialAction\":[{\"@type\":\"ReadAction\",\"target\":[\"https:\\\/\\\/trendsandvision.nl\\\/de\\\/product\\\/esschert-design-edelstahl-mini-tools-schippe-harke\\\/\"]}]},{\"@type\":\"ImageObject\",\"inLanguage\":\"de\",\"@id\":\"https:\\\/\\\/trendsandvision.nl\\\/de\\\/product\\\/esschert-design-edelstahl-mini-tools-schippe-harke\\\/#primaryimage\",\"url\":\"https:\\\/\\\/trendsandvision.nl\\\/de\\\/wp-content\\\/uploads\\\/sites\\\/3\\\/2022\\\/04\\\/GT76_01.jpg\",\"contentUrl\":\"https:\\\/\\\/trendsandvision.nl\\\/de\\\/wp-content\\\/uploads\\\/sites\\\/3\\\/2022\\\/04\\\/GT76_01.jpg\",\"width\":800,\"height\":800,\"caption\":\"Esschert Design Edelstahl Mini-Tools Schippe\\\/Harke (GT76\"},{\"@type\":\"BreadcrumbList\",\"@id\":\"https:\\\/\\\/trendsandvision.nl\\\/de\\\/product\\\/esschert-design-edelstahl-mini-tools-schippe-harke\\\/#breadcrumb\",\"itemListElement\":[{\"@type\":\"ListItem\",\"position\":1,\"name\":\"Home\",\"item\":\"https:\\\/\\\/trendsandvision.nl\\\/de\\\/\"},{\"@type\":\"ListItem\",\"position\":2,\"name\":\"Gesch\u00e4ft\",\"item\":\"https:\\\/\\\/trendsandvision.nl\\\/de\\\/geschaft\\\/\"},{\"@type\":\"ListItem\",\"position\":3,\"name\":\"Esschert Design Edelstahl Mini-Tools Schippe\\\/Harke\"}]},{\"@type\":\"WebSite\",\"@id\":\"https:\\\/\\\/trendsandvision.nl\\\/de\\\/#website\",\"url\":\"https:\\\/\\\/trendsandvision.nl\\\/de\\\/\",\"name\":\"Trends &amp; Vision (DE)\",\"description\":\"Der Webshop f\u00fcr Esschert Design Artikel\",\"publisher\":{\"@id\":\"https:\\\/\\\/trendsandvision.nl\\\/de\\\/#organization\"},\"potentialAction\":[{\"@type\":\"SearchAction\",\"target\":{\"@type\":\"EntryPoint\",\"urlTemplate\":\"https:\\\/\\\/trendsandvision.nl\\\/de\\\/?s={search_term_string}\"},\"query-input\":{\"@type\":\"PropertyValueSpecification\",\"valueRequired\":true,\"valueName\":\"search_term_string\"}}],\"inLanguage\":\"de\"},{\"@type\":\"Organization\",\"@id\":\"https:\\\/\\\/trendsandvision.nl\\\/de\\\/#organization\",\"name\":\"Trends &amp; Vision (DE)\",\"url\":\"https:\\\/\\\/trendsandvision.nl\\\/de\\\/\",\"logo\":{\"@type\":\"ImageObject\",\"inLanguage\":\"de\",\"@id\":\"https:\\\/\\\/trendsandvision.nl\\\/de\\\/#\\\/schema\\\/logo\\\/image\\\/\",\"url\":\"https:\\\/\\\/trendsandvision.nl\\\/de\\\/wp-content\\\/uploads\\\/sites\\\/3\\\/2022\\\/04\\\/trends-and-vision-logo.jpg\",\"contentUrl\":\"https:\\\/\\\/trendsandvision.nl\\\/de\\\/wp-content\\\/uploads\\\/sites\\\/3\\\/2022\\\/04\\\/trends-and-vision-logo.jpg\",\"width\":213,\"height\":100,\"caption\":\"Trends &amp; Vision (DE)\"},\"image\":{\"@id\":\"https:\\\/\\\/trendsandvision.nl\\\/de\\\/#\\\/schema\\\/logo\\\/image\\\/\"}}]}<\/script>\n<!-- \/ Yoast SEO Premium plugin. -->","yoast_head_json":{"title":"Esschert Design Edelstahl Mini-Tools Schippe\/Harke (GT76, 8714982086601) - Trends & Vision","description":"Esschert Design Edelstahl Mini-Tools Schippe\/Harke: Edelstahl Mini-Tools Schippe\/Harke: 3.4 x 2.3 x 19 cm","robots":{"index":"index","follow":"follow","max-snippet":"max-snippet:-1","max-image-preview":"max-image-preview:large","max-video-preview":"max-video-preview:-1"},"canonical":"https:\/\/trendsandvision.nl\/de\/product\/esschert-design-edelstahl-mini-tools-schippe-harke\/","og_locale":"de_DE","og_type":"article","og_title":"Esschert Design Edelstahl Mini-Tools Schippe\/Harke","og_description":"Esschert Design Edelstahl Mini-Tools Schippe\/Harke: Edelstahl Mini-Tools Schippe\/Harke: 3.4 x 2.3 x 19 cm","og_url":"https:\/\/trendsandvision.nl\/de\/product\/esschert-design-edelstahl-mini-tools-schippe-harke\/","og_site_name":"Trends &amp; Vision (DE)","article_modified_time":"2026-04-22T13:08:12+00:00","og_image":[{"width":800,"height":800,"url":"https:\/\/trendsandvision.nl\/de\/wp-content\/uploads\/sites\/3\/2022\/04\/GT76_01.jpg","type":"image\/jpeg"}],"twitter_card":"summary_large_image","twitter_misc":{"Gesch\u00e4tzte Lesezeit":"1\u00a0Minute"},"schema":{"@context":"https:\/\/schema.org","@graph":[{"@type":"WebPage","@id":"https:\/\/trendsandvision.nl\/de\/product\/esschert-design-edelstahl-mini-tools-schippe-harke\/","url":"https:\/\/trendsandvision.nl\/de\/product\/esschert-design-edelstahl-mini-tools-schippe-harke\/","name":"Esschert Design Edelstahl Mini-Tools Schippe\/Harke (GT76, 8714982086601) - Trends & Vision","isPartOf":{"@id":"https:\/\/trendsandvision.nl\/de\/#website"},"primaryImageOfPage":{"@id":"https:\/\/trendsandvision.nl\/de\/product\/esschert-design-edelstahl-mini-tools-schippe-harke\/#primaryimage"},"image":{"@id":"https:\/\/trendsandvision.nl\/de\/product\/esschert-design-edelstahl-mini-tools-schippe-harke\/#primaryimage"},"thumbnailUrl":"https:\/\/trendsandvision.nl\/de\/wp-content\/uploads\/sites\/3\/2022\/04\/GT76_01.jpg","datePublished":"2022-04-22T16:32:10+00:00","dateModified":"2026-04-22T13:08:12+00:00","description":"Esschert Design Edelstahl Mini-Tools Schippe\/Harke: Edelstahl Mini-Tools Schippe\/Harke: 3.4 x 2.3 x 19 cm","breadcrumb":{"@id":"https:\/\/trendsandvision.nl\/de\/product\/esschert-design-edelstahl-mini-tools-schippe-harke\/#breadcrumb"},"inLanguage":"de","potentialAction":[{"@type":"ReadAction","target":["https:\/\/trendsandvision.nl\/de\/product\/esschert-design-edelstahl-mini-tools-schippe-harke\/"]}]},{"@type":"ImageObject","inLanguage":"de","@id":"https:\/\/trendsandvision.nl\/de\/product\/esschert-design-edelstahl-mini-tools-schippe-harke\/#primaryimage","url":"https:\/\/trendsandvision.nl\/de\/wp-content\/uploads\/sites\/3\/2022\/04\/GT76_01.jpg","contentUrl":"https:\/\/trendsandvision.nl\/de\/wp-content\/uploads\/sites\/3\/2022\/04\/GT76_01.jpg","width":800,"height":800,"caption":"Esschert Design Edelstahl Mini-Tools Schippe\/Harke (GT76"},{"@type":"BreadcrumbList","@id":"https:\/\/trendsandvision.nl\/de\/product\/esschert-design-edelstahl-mini-tools-schippe-harke\/#breadcrumb","itemListElement":[{"@type":"ListItem","position":1,"name":"Home","item":"https:\/\/trendsandvision.nl\/de\/"},{"@type":"ListItem","position":2,"name":"Gesch\u00e4ft","item":"https:\/\/trendsandvision.nl\/de\/geschaft\/"},{"@type":"ListItem","position":3,"name":"Esschert Design Edelstahl Mini-Tools Schippe\/Harke"}]},{"@type":"WebSite","@id":"https:\/\/trendsandvision.nl\/de\/#website","url":"https:\/\/trendsandvision.nl\/de\/","name":"Trends &amp; Vision (DE)","description":"Der Webshop f\u00fcr Esschert Design Artikel","publisher":{"@id":"https:\/\/trendsandvision.nl\/de\/#organization"},"potentialAction":[{"@type":"SearchAction","target":{"@type":"EntryPoint","urlTemplate":"https:\/\/trendsandvision.nl\/de\/?s={search_term_string}"},"query-input":{"@type":"PropertyValueSpecification","valueRequired":true,"valueName":"search_term_string"}}],"inLanguage":"de"},{"@type":"Organization","@id":"https:\/\/trendsandvision.nl\/de\/#organization","name":"Trends &amp; Vision (DE)","url":"https:\/\/trendsandvision.nl\/de\/","logo":{"@type":"ImageObject","inLanguage":"de","@id":"https:\/\/trendsandvision.nl\/de\/#\/schema\/logo\/image\/","url":"https:\/\/trendsandvision.nl\/de\/wp-content\/uploads\/sites\/3\/2022\/04\/trends-and-vision-logo.jpg","contentUrl":"https:\/\/trendsandvision.nl\/de\/wp-content\/uploads\/sites\/3\/2022\/04\/trends-and-vision-logo.jpg","width":213,"height":100,"caption":"Trends &amp; Vision (DE)"},"image":{"@id":"https:\/\/trendsandvision.nl\/de\/#\/schema\/logo\/image\/"}}]}},"_links":{"self":[{"href":"https:\/\/trendsandvision.nl\/de\/wp-json\/wp\/v2\/product\/4914","targetHints":{"allow":["GET"]}}],"collection":[{"href":"https:\/\/trendsandvision.nl\/de\/wp-json\/wp\/v2\/product"}],"about":[{"href":"https:\/\/trendsandvision.nl\/de\/wp-json\/wp\/v2\/types\/product"}],"wp:featuredmedia":[{"embeddable":true,"href":"https:\/\/trendsandvision.nl\/de\/wp-json\/wp\/v2\/media\/4915"}],"wp:attachment":[{"href":"https:\/\/trendsandvision.nl\/de\/wp-json\/wp\/v2\/media?parent=4914"}],"wp:term":[{"taxonomy":"product_brand","embeddable":true,"href":"https:\/\/trendsandvision.nl\/de\/wp-json\/wp\/v2\/product_brand?post=4914"},{"taxonomy":"product_cat","embeddable":true,"href":"https:\/\/trendsandvision.nl\/de\/wp-json\/wp\/v2\/product_cat?post=4914"},{"taxonomy":"product_tag","embeddable":true,"href":"https:\/\/trendsandvision.nl\/de\/wp-json\/wp\/v2\/product_tag?post=4914"}],"curies":[{"name":"wp","href":"https:\/\/api.w.org\/{rel}","templated":true}]}}