{"id":4890,"date":"2022-04-22T18:31:24","date_gmt":"2022-04-22T16:31:24","guid":{"rendered":"https:\/\/trendsandvision.nl\/de\/product\/esschert-design-geraeteset-fuer-hauspflanzen\/"},"modified":"2026-04-22T15:08:07","modified_gmt":"2026-04-22T13:08:07","slug":"esschert-design-geraeteset-fuer-hauspflanzen","status":"publish","type":"product","link":"https:\/\/trendsandvision.nl\/de\/product\/esschert-design-geraeteset-fuer-hauspflanzen\/","title":{"rendered":"Esschert Design \ufeffGer\u00e4teset f\u00fcr Hauspflanzen"},"content":{"rendered":"<p>Traditionelles Zimmerpflanzenset f\u00fcr alle, die einen gr\u00fcnen Daumen haben.<br \/>\nDie nachhaltige Materialauswahl stellt sicher, dass dieses Werkzeug eine lange Lebensdauer hat.<br \/>\nDieses Set ist die Basis f\u00fcr die Pflege von Zimmerpflanzen. Die Gartenschere eignet sich zum Schneiden von Knospen und Blumen.<br \/>\nAufgrund der Gr\u00f6\u00dfe der Pflanzkelle und des Gabels eignen sich diese Mini-Werkzeuge besonders f\u00fcr alle Gartenarbeiten, z. B. zum Umpflanzen oder Entfernen von Unkraut.<br \/>\nEin Pflanzenspr\u00fcher ist ein unverzichtbares Werkzeug f\u00fcr jeden G\u00e4rtner, w\u00e4hrend des Anbaus, aber auch sp\u00e4ter bei der Pflanzenpflege.<br \/>\nDer weiche Spr\u00fchnebel sorgt w\u00e4hrend der Aussaat daf\u00fcr, dass der Boden feucht wird und die Samen nicht weggesp\u00fclt werden k\u00f6nnen.<br \/>\nPflanzen nehmen nicht nur Feuchtigkeit mit ihren Wurzeln auf, sondern auch mit ihren Bl\u00e4ttern.<br \/>\nBespr\u00fchen Sie die Bl\u00e4tter der Zimmer- und Gartenpflanzen insbesondere bei niedriger Luftfeuchtigkeit.<\/p>\n<p>&#8211; Set bestehend aus Gartenschere, Pflanzenkelle, Handgabel und Pflanzenspr\u00fcher<br \/>\n&#8211; Gartenschere mit Verschluss hinten und ergonomischem Griff<br \/>\n&#8211; Pflanzenkelle und Handj\u00e4ter sind mit einer Lederaufh\u00e4nge\u00f6se ausgestattet<br \/>\n&#8211; der Pflanzenspr\u00fcher aus Milchglas kann mit einer Hand bedient werden und erzeugt einen weichen Spr\u00fchnebel<br \/>\n&#8211; verpackt in einer mehrfarbigen offenen Geschenkbox<\/p>\n<p>Artikelname: Edelstahl Zimmerpflanzenset<br \/>\nArtikelnummer: GT47<br \/>\nProduktgruppe(n) Garten&amp;Terrasse, Gartenger\u00e4te, Handwerkzeuge<br \/>\nProduktabmessungen in cm L 29,2 x T 9,4 x H 22,2<br \/>\nMaterial: Edelstahl, Eschenholz, Glas, PP<br \/>\nNettogewicht 0,67 kg<br \/>\nBarcode 8714982036385<br \/>\nFSC\u00ae 100%<\/p>\n","protected":false},"excerpt":{"rendered":"<p>Artikelnummer: GT47<br \/>\nL 29,2 x T 9,4 x H 22,2 cm<br \/>\nMaterial Edelstahl, Eschenholz, Glas, PP<br \/>\nNettogewicht 0,67 kg<br \/>\nBarcode 8714982036385<br \/>\nFSC\u00ae 100%<\/p>\n","protected":false},"featured_media":4891,"template":"","meta":[],"product_brand":[9597,9598],"product_cat":[751],"product_tag":[6950,7166,6925,6765,6990,6866,6729],"class_list":{"0":"post-4890","1":"product","2":"type-product","3":"status-publish","4":"has-post-thumbnail","6":"product_brand-esschert-design","7":"product_brand-trends-and-vision","8":"product_cat-garden-tools","9":"product_tag-edelstahl","10":"product_tag-fsc-fsc-100","11":"product_tag-gartengeraeten","12":"product_tag-gemuesegarten","13":"product_tag-indoor","14":"product_tag-leder","15":"product_tag-set","16":"pa_anbieter-esschert-design","17":"pa_ean-code-2880","18":"pa_material-rfs-milchglas-handgriff-aus-eschenholz-lederschlaufen","19":"pa_messungen-29-2x22-7x10-cm","21":"first","22":"instock","23":"sale","24":"taxable","25":"shipping-taxable","26":"purchasable","27":"product-type-simple","28":"czr-hentry"},"yoast_head":"<!-- This site is optimized with the Yoast SEO Premium plugin v27.4 (Yoast SEO v27.4) - https:\/\/yoast.com\/product\/yoast-seo-premium-wordpress\/ -->\n<title>Esschert Design \ufeffGer\u00e4teset f\u00fcr Hauspflanzen (GT47, 8714982036385) - Trends &amp; Vision<\/title>\n<meta name=\"description\" content=\"Esschert Design \ufeffGer\u00e4teset f\u00fcr Hauspflanzen: \ufeffGer\u00e4teset f\u00fcr Hauspflanzen\" \/>\n<meta name=\"robots\" content=\"index, follow, max-snippet:-1, max-image-preview:large, max-video-preview:-1\" \/>\n<link rel=\"canonical\" href=\"https:\/\/trendsandvision.nl\/de\/product\/esschert-design-geraeteset-fuer-hauspflanzen\/\" \/>\n<meta property=\"og:locale\" content=\"de_DE\" \/>\n<meta property=\"og:type\" content=\"article\" \/>\n<meta property=\"og:title\" content=\"Esschert Design \ufeffGer\u00e4teset f\u00fcr Hauspflanzen\" \/>\n<meta property=\"og:description\" content=\"Esschert Design \ufeffGer\u00e4teset f\u00fcr Hauspflanzen: \ufeffGer\u00e4teset f\u00fcr Hauspflanzen\" \/>\n<meta property=\"og:url\" content=\"https:\/\/trendsandvision.nl\/de\/product\/esschert-design-geraeteset-fuer-hauspflanzen\/\" \/>\n<meta property=\"og:site_name\" content=\"Trends &amp; Vision (DE)\" \/>\n<meta property=\"article:modified_time\" content=\"2026-04-22T13:08:07+00:00\" \/>\n<meta property=\"og:image\" content=\"https:\/\/trendsandvision.nl\/de\/wp-content\/uploads\/sites\/3\/2022\/04\/GT47_01.jpg\" \/>\n\t<meta property=\"og:image:width\" content=\"800\" \/>\n\t<meta property=\"og:image:height\" content=\"800\" \/>\n\t<meta property=\"og:image:type\" content=\"image\/jpeg\" \/>\n<meta name=\"twitter:card\" content=\"summary_large_image\" \/>\n<meta name=\"twitter:label1\" content=\"Gesch\u00e4tzte Lesezeit\" \/>\n\t<meta name=\"twitter:data1\" content=\"2\u00a0Minuten\" \/>\n<script type=\"application\/ld+json\" class=\"yoast-schema-graph\">{\"@context\":\"https:\\\/\\\/schema.org\",\"@graph\":[{\"@type\":\"WebPage\",\"@id\":\"https:\\\/\\\/trendsandvision.nl\\\/de\\\/product\\\/esschert-design-geraeteset-fuer-hauspflanzen\\\/\",\"url\":\"https:\\\/\\\/trendsandvision.nl\\\/de\\\/product\\\/esschert-design-geraeteset-fuer-hauspflanzen\\\/\",\"name\":\"Esschert Design \ufeffGer\u00e4teset f\u00fcr Hauspflanzen (GT47, 8714982036385) - Trends & Vision\",\"isPartOf\":{\"@id\":\"https:\\\/\\\/trendsandvision.nl\\\/de\\\/#website\"},\"primaryImageOfPage\":{\"@id\":\"https:\\\/\\\/trendsandvision.nl\\\/de\\\/product\\\/esschert-design-geraeteset-fuer-hauspflanzen\\\/#primaryimage\"},\"image\":{\"@id\":\"https:\\\/\\\/trendsandvision.nl\\\/de\\\/product\\\/esschert-design-geraeteset-fuer-hauspflanzen\\\/#primaryimage\"},\"thumbnailUrl\":\"https:\\\/\\\/trendsandvision.nl\\\/de\\\/wp-content\\\/uploads\\\/sites\\\/3\\\/2022\\\/04\\\/GT47_01.jpg\",\"datePublished\":\"2022-04-22T16:31:24+00:00\",\"dateModified\":\"2026-04-22T13:08:07+00:00\",\"description\":\"Esschert Design \ufeffGer\u00e4teset f\u00fcr Hauspflanzen: \ufeffGer\u00e4teset f\u00fcr Hauspflanzen\",\"breadcrumb\":{\"@id\":\"https:\\\/\\\/trendsandvision.nl\\\/de\\\/product\\\/esschert-design-geraeteset-fuer-hauspflanzen\\\/#breadcrumb\"},\"inLanguage\":\"de\",\"potentialAction\":[{\"@type\":\"ReadAction\",\"target\":[\"https:\\\/\\\/trendsandvision.nl\\\/de\\\/product\\\/esschert-design-geraeteset-fuer-hauspflanzen\\\/\"]}]},{\"@type\":\"ImageObject\",\"inLanguage\":\"de\",\"@id\":\"https:\\\/\\\/trendsandvision.nl\\\/de\\\/product\\\/esschert-design-geraeteset-fuer-hauspflanzen\\\/#primaryimage\",\"url\":\"https:\\\/\\\/trendsandvision.nl\\\/de\\\/wp-content\\\/uploads\\\/sites\\\/3\\\/2022\\\/04\\\/GT47_01.jpg\",\"contentUrl\":\"https:\\\/\\\/trendsandvision.nl\\\/de\\\/wp-content\\\/uploads\\\/sites\\\/3\\\/2022\\\/04\\\/GT47_01.jpg\",\"width\":800,\"height\":800,\"caption\":\"Esschert Design \ufeffGer\u00e4teset f\u00fcr Hauspflanzen (GT47\"},{\"@type\":\"BreadcrumbList\",\"@id\":\"https:\\\/\\\/trendsandvision.nl\\\/de\\\/product\\\/esschert-design-geraeteset-fuer-hauspflanzen\\\/#breadcrumb\",\"itemListElement\":[{\"@type\":\"ListItem\",\"position\":1,\"name\":\"Home\",\"item\":\"https:\\\/\\\/trendsandvision.nl\\\/de\\\/\"},{\"@type\":\"ListItem\",\"position\":2,\"name\":\"Gesch\u00e4ft\",\"item\":\"https:\\\/\\\/trendsandvision.nl\\\/de\\\/geschaft\\\/\"},{\"@type\":\"ListItem\",\"position\":3,\"name\":\"Esschert Design \ufeffGer\u00e4teset f\u00fcr Hauspflanzen\"}]},{\"@type\":\"WebSite\",\"@id\":\"https:\\\/\\\/trendsandvision.nl\\\/de\\\/#website\",\"url\":\"https:\\\/\\\/trendsandvision.nl\\\/de\\\/\",\"name\":\"Trends &amp; Vision (DE)\",\"description\":\"Der Webshop f\u00fcr Esschert Design Artikel\",\"publisher\":{\"@id\":\"https:\\\/\\\/trendsandvision.nl\\\/de\\\/#organization\"},\"potentialAction\":[{\"@type\":\"SearchAction\",\"target\":{\"@type\":\"EntryPoint\",\"urlTemplate\":\"https:\\\/\\\/trendsandvision.nl\\\/de\\\/?s={search_term_string}\"},\"query-input\":{\"@type\":\"PropertyValueSpecification\",\"valueRequired\":true,\"valueName\":\"search_term_string\"}}],\"inLanguage\":\"de\"},{\"@type\":\"Organization\",\"@id\":\"https:\\\/\\\/trendsandvision.nl\\\/de\\\/#organization\",\"name\":\"Trends &amp; Vision (DE)\",\"url\":\"https:\\\/\\\/trendsandvision.nl\\\/de\\\/\",\"logo\":{\"@type\":\"ImageObject\",\"inLanguage\":\"de\",\"@id\":\"https:\\\/\\\/trendsandvision.nl\\\/de\\\/#\\\/schema\\\/logo\\\/image\\\/\",\"url\":\"https:\\\/\\\/trendsandvision.nl\\\/de\\\/wp-content\\\/uploads\\\/sites\\\/3\\\/2022\\\/04\\\/trends-and-vision-logo.jpg\",\"contentUrl\":\"https:\\\/\\\/trendsandvision.nl\\\/de\\\/wp-content\\\/uploads\\\/sites\\\/3\\\/2022\\\/04\\\/trends-and-vision-logo.jpg\",\"width\":213,\"height\":100,\"caption\":\"Trends &amp; Vision (DE)\"},\"image\":{\"@id\":\"https:\\\/\\\/trendsandvision.nl\\\/de\\\/#\\\/schema\\\/logo\\\/image\\\/\"}}]}<\/script>\n<!-- \/ Yoast SEO Premium plugin. -->","yoast_head_json":{"title":"Esschert Design \ufeffGer\u00e4teset f\u00fcr Hauspflanzen (GT47, 8714982036385) - Trends & Vision","description":"Esschert Design \ufeffGer\u00e4teset f\u00fcr Hauspflanzen: \ufeffGer\u00e4teset f\u00fcr Hauspflanzen","robots":{"index":"index","follow":"follow","max-snippet":"max-snippet:-1","max-image-preview":"max-image-preview:large","max-video-preview":"max-video-preview:-1"},"canonical":"https:\/\/trendsandvision.nl\/de\/product\/esschert-design-geraeteset-fuer-hauspflanzen\/","og_locale":"de_DE","og_type":"article","og_title":"Esschert Design \ufeffGer\u00e4teset f\u00fcr Hauspflanzen","og_description":"Esschert Design \ufeffGer\u00e4teset f\u00fcr Hauspflanzen: \ufeffGer\u00e4teset f\u00fcr Hauspflanzen","og_url":"https:\/\/trendsandvision.nl\/de\/product\/esschert-design-geraeteset-fuer-hauspflanzen\/","og_site_name":"Trends &amp; Vision (DE)","article_modified_time":"2026-04-22T13:08:07+00:00","og_image":[{"width":800,"height":800,"url":"https:\/\/trendsandvision.nl\/de\/wp-content\/uploads\/sites\/3\/2022\/04\/GT47_01.jpg","type":"image\/jpeg"}],"twitter_card":"summary_large_image","twitter_misc":{"Gesch\u00e4tzte Lesezeit":"2\u00a0Minuten"},"schema":{"@context":"https:\/\/schema.org","@graph":[{"@type":"WebPage","@id":"https:\/\/trendsandvision.nl\/de\/product\/esschert-design-geraeteset-fuer-hauspflanzen\/","url":"https:\/\/trendsandvision.nl\/de\/product\/esschert-design-geraeteset-fuer-hauspflanzen\/","name":"Esschert Design \ufeffGer\u00e4teset f\u00fcr Hauspflanzen (GT47, 8714982036385) - Trends & Vision","isPartOf":{"@id":"https:\/\/trendsandvision.nl\/de\/#website"},"primaryImageOfPage":{"@id":"https:\/\/trendsandvision.nl\/de\/product\/esschert-design-geraeteset-fuer-hauspflanzen\/#primaryimage"},"image":{"@id":"https:\/\/trendsandvision.nl\/de\/product\/esschert-design-geraeteset-fuer-hauspflanzen\/#primaryimage"},"thumbnailUrl":"https:\/\/trendsandvision.nl\/de\/wp-content\/uploads\/sites\/3\/2022\/04\/GT47_01.jpg","datePublished":"2022-04-22T16:31:24+00:00","dateModified":"2026-04-22T13:08:07+00:00","description":"Esschert Design \ufeffGer\u00e4teset f\u00fcr Hauspflanzen: \ufeffGer\u00e4teset f\u00fcr Hauspflanzen","breadcrumb":{"@id":"https:\/\/trendsandvision.nl\/de\/product\/esschert-design-geraeteset-fuer-hauspflanzen\/#breadcrumb"},"inLanguage":"de","potentialAction":[{"@type":"ReadAction","target":["https:\/\/trendsandvision.nl\/de\/product\/esschert-design-geraeteset-fuer-hauspflanzen\/"]}]},{"@type":"ImageObject","inLanguage":"de","@id":"https:\/\/trendsandvision.nl\/de\/product\/esschert-design-geraeteset-fuer-hauspflanzen\/#primaryimage","url":"https:\/\/trendsandvision.nl\/de\/wp-content\/uploads\/sites\/3\/2022\/04\/GT47_01.jpg","contentUrl":"https:\/\/trendsandvision.nl\/de\/wp-content\/uploads\/sites\/3\/2022\/04\/GT47_01.jpg","width":800,"height":800,"caption":"Esschert Design \ufeffGer\u00e4teset f\u00fcr Hauspflanzen (GT47"},{"@type":"BreadcrumbList","@id":"https:\/\/trendsandvision.nl\/de\/product\/esschert-design-geraeteset-fuer-hauspflanzen\/#breadcrumb","itemListElement":[{"@type":"ListItem","position":1,"name":"Home","item":"https:\/\/trendsandvision.nl\/de\/"},{"@type":"ListItem","position":2,"name":"Gesch\u00e4ft","item":"https:\/\/trendsandvision.nl\/de\/geschaft\/"},{"@type":"ListItem","position":3,"name":"Esschert Design \ufeffGer\u00e4teset f\u00fcr Hauspflanzen"}]},{"@type":"WebSite","@id":"https:\/\/trendsandvision.nl\/de\/#website","url":"https:\/\/trendsandvision.nl\/de\/","name":"Trends &amp; Vision (DE)","description":"Der Webshop f\u00fcr Esschert Design Artikel","publisher":{"@id":"https:\/\/trendsandvision.nl\/de\/#organization"},"potentialAction":[{"@type":"SearchAction","target":{"@type":"EntryPoint","urlTemplate":"https:\/\/trendsandvision.nl\/de\/?s={search_term_string}"},"query-input":{"@type":"PropertyValueSpecification","valueRequired":true,"valueName":"search_term_string"}}],"inLanguage":"de"},{"@type":"Organization","@id":"https:\/\/trendsandvision.nl\/de\/#organization","name":"Trends &amp; Vision (DE)","url":"https:\/\/trendsandvision.nl\/de\/","logo":{"@type":"ImageObject","inLanguage":"de","@id":"https:\/\/trendsandvision.nl\/de\/#\/schema\/logo\/image\/","url":"https:\/\/trendsandvision.nl\/de\/wp-content\/uploads\/sites\/3\/2022\/04\/trends-and-vision-logo.jpg","contentUrl":"https:\/\/trendsandvision.nl\/de\/wp-content\/uploads\/sites\/3\/2022\/04\/trends-and-vision-logo.jpg","width":213,"height":100,"caption":"Trends &amp; Vision (DE)"},"image":{"@id":"https:\/\/trendsandvision.nl\/de\/#\/schema\/logo\/image\/"}}]}},"_links":{"self":[{"href":"https:\/\/trendsandvision.nl\/de\/wp-json\/wp\/v2\/product\/4890","targetHints":{"allow":["GET"]}}],"collection":[{"href":"https:\/\/trendsandvision.nl\/de\/wp-json\/wp\/v2\/product"}],"about":[{"href":"https:\/\/trendsandvision.nl\/de\/wp-json\/wp\/v2\/types\/product"}],"wp:featuredmedia":[{"embeddable":true,"href":"https:\/\/trendsandvision.nl\/de\/wp-json\/wp\/v2\/media\/4891"}],"wp:attachment":[{"href":"https:\/\/trendsandvision.nl\/de\/wp-json\/wp\/v2\/media?parent=4890"}],"wp:term":[{"taxonomy":"product_brand","embeddable":true,"href":"https:\/\/trendsandvision.nl\/de\/wp-json\/wp\/v2\/product_brand?post=4890"},{"taxonomy":"product_cat","embeddable":true,"href":"https:\/\/trendsandvision.nl\/de\/wp-json\/wp\/v2\/product_cat?post=4890"},{"taxonomy":"product_tag","embeddable":true,"href":"https:\/\/trendsandvision.nl\/de\/wp-json\/wp\/v2\/product_tag?post=4890"}],"curies":[{"name":"wp","href":"https:\/\/api.w.org\/{rel}","templated":true}]}}