{"id":4887,"date":"2022-04-22T18:31:24","date_gmt":"2022-04-22T16:31:24","guid":{"rendered":"https:\/\/trendsandvision.nl\/de\/product\/esschert-design-schneideset\/"},"modified":"2026-04-07T10:35:21","modified_gmt":"2026-04-07T08:35:21","slug":"esschert-design-schneideset","status":"publish","type":"product","link":"https:\/\/trendsandvision.nl\/de\/product\/esschert-design-schneideset\/","title":{"rendered":"Esschert Design \ufeffSchneideset"},"content":{"rendered":"<p>Traditionelles Schneideset f\u00fcr alle mit gr\u00fcnem Daumen. Die langlebige Materialauswahl gew\u00e4hrt eine lange Nutzungsdauer des Werkzeugs.<br \/>\nDieses Set ist die Basis f\u00fcr kleine Gartenarbeiten. Die Gartenschere eignet sich zum Schneiden von Knospen, zum Beschneiden von Blumen und zum Pfl\u00fccken von Fr\u00fcchten.<br \/>\nDas Schnittmesser mit seiner typischen gebogenen Klinge eignet sich sehr gut zum Schnitzen, Stecken und Pfropfen, zum Beschneiden von \u00c4sten oder zum Schneiden von Blumen. Die robusten Schweinslederhandschuhe in authentischem Design bieten den H\u00e4nden Schutz vor Schmutz und Dornen.<\/p>\n<p>&#8211; Set bestehend aus Gartenschere, Gartenmesser und Lederhandschuhen<br \/>\n&#8211; Gartenschere mit Verschluss hinten und ergonomischem Griff<br \/>\n&#8211; Klappbare Gartenschere<br \/>\n&#8211; Verpackt in einer offenen mehrfarbigen Geschenkbox<\/p>\n<p>Artikelname: Edelstahl Schneideset<br \/>\nArtikelnummer: GT43<br \/>\nProduktgruppe(n) Garten&amp;Terrasse, Gartenger\u00e4te, Handwerkzeuge<br \/>\nProduktabmessungen in cm L 28,4 x T 5,7 x H 26,4<br \/>\nMaterial: Edelstahl, Eschenholz, Rindslederschlaufe, Schweineleder<br \/>\nNettogewicht 0,62 kg<br \/>\nBarcode 8714982035432<br \/>\nFSC\u00ae 100%<\/p>\n","protected":false},"excerpt":{"rendered":"<p>Artikelnummer: GT43<br \/>\nL 28,4 x T 5,7 x H 26,4 cm<br \/>\nMaterial: Edelstahl, Eschenholz,<br \/>\nRindslederschlaufe, Schweineleder<br \/>\nNettogewicht 0,62 kg<br \/>\nBarcode 8714982035432<br \/>\nFSC\u00ae 100%<\/p>\n","protected":false},"featured_media":4888,"template":"","meta":[],"product_brand":[9597,9598],"product_cat":[751],"product_tag":[6950,7166,6925,6765,6866,8236,6729],"class_list":{"0":"post-4887","1":"product","2":"type-product","3":"status-publish","4":"has-post-thumbnail","6":"product_brand-esschert-design","7":"product_brand-trends-and-vision","8":"product_cat-garden-tools","9":"product_tag-edelstahl","10":"product_tag-fsc-fsc-100","11":"product_tag-gartengeraeten","12":"product_tag-gemuesegarten","13":"product_tag-leder","14":"product_tag-schneiden","15":"product_tag-set","16":"pa_anbieter-esschert-design","17":"pa_ean-code-2877","18":"pa_material-rfs-escheholz-schweinelederund-pappe","19":"pa_messungen-26-x-28-x-6-cm","21":"first","22":"instock","23":"sale","24":"taxable","25":"shipping-taxable","26":"purchasable","27":"product-type-simple","28":"czr-hentry"},"yoast_head":"<!-- This site is optimized with the Yoast SEO Premium plugin v26.4 (Yoast SEO v27.3) - https:\/\/yoast.com\/product\/yoast-seo-premium-wordpress\/ -->\n<title>Esschert Design \ufeffSchneideset (GT43, 8714982035432) - Trends &amp; Vision<\/title>\n<meta name=\"description\" content=\"Esschert Design \ufeffSchneideset: Geschenkschneideset. Inhalt: Blumenschere, Gartenmesser und Schweinelederne Handschuhe.\" \/>\n<meta name=\"robots\" content=\"index, follow, max-snippet:-1, max-image-preview:large, max-video-preview:-1\" \/>\n<link rel=\"canonical\" href=\"https:\/\/trendsandvision.nl\/de\/product\/esschert-design-schneideset\/\" \/>\n<meta property=\"og:locale\" content=\"de_DE\" \/>\n<meta property=\"og:type\" content=\"article\" \/>\n<meta property=\"og:title\" content=\"Esschert Design \ufeffSchneideset\" \/>\n<meta property=\"og:description\" content=\"Esschert Design \ufeffSchneideset: Geschenkschneideset. Inhalt: Blumenschere, Gartenmesser und Schweinelederne Handschuhe.\" \/>\n<meta property=\"og:url\" content=\"https:\/\/trendsandvision.nl\/de\/product\/esschert-design-schneideset\/\" \/>\n<meta property=\"og:site_name\" content=\"Trends &amp; Vision (DE)\" \/>\n<meta property=\"article:modified_time\" content=\"2026-04-07T08:35:21+00:00\" \/>\n<meta property=\"og:image\" content=\"https:\/\/trendsandvision.nl\/de\/wp-content\/uploads\/sites\/3\/2022\/04\/GT43_01.jpg\" \/>\n\t<meta property=\"og:image:width\" content=\"800\" \/>\n\t<meta property=\"og:image:height\" content=\"800\" \/>\n\t<meta property=\"og:image:type\" content=\"image\/jpeg\" \/>\n<meta name=\"twitter:card\" content=\"summary_large_image\" \/>\n<meta name=\"twitter:label1\" content=\"Gesch\u00e4tzte Lesezeit\" \/>\n\t<meta name=\"twitter:data1\" content=\"1\u00a0Minute\" \/>\n<script type=\"application\/ld+json\" class=\"yoast-schema-graph\">{\"@context\":\"https:\\\/\\\/schema.org\",\"@graph\":[{\"@type\":\"WebPage\",\"@id\":\"https:\\\/\\\/trendsandvision.nl\\\/de\\\/product\\\/esschert-design-schneideset\\\/\",\"url\":\"https:\\\/\\\/trendsandvision.nl\\\/de\\\/product\\\/esschert-design-schneideset\\\/\",\"name\":\"Esschert Design \ufeffSchneideset (GT43, 8714982035432) - Trends & Vision\",\"isPartOf\":{\"@id\":\"https:\\\/\\\/trendsandvision.nl\\\/de\\\/#website\"},\"primaryImageOfPage\":{\"@id\":\"https:\\\/\\\/trendsandvision.nl\\\/de\\\/product\\\/esschert-design-schneideset\\\/#primaryimage\"},\"image\":{\"@id\":\"https:\\\/\\\/trendsandvision.nl\\\/de\\\/product\\\/esschert-design-schneideset\\\/#primaryimage\"},\"thumbnailUrl\":\"https:\\\/\\\/trendsandvision.nl\\\/de\\\/wp-content\\\/uploads\\\/sites\\\/3\\\/2022\\\/04\\\/GT43_01.jpg\",\"datePublished\":\"2022-04-22T16:31:24+00:00\",\"dateModified\":\"2026-04-07T08:35:21+00:00\",\"description\":\"Esschert Design \ufeffSchneideset: Geschenkschneideset. Inhalt: Blumenschere, Gartenmesser und Schweinelederne Handschuhe.\",\"breadcrumb\":{\"@id\":\"https:\\\/\\\/trendsandvision.nl\\\/de\\\/product\\\/esschert-design-schneideset\\\/#breadcrumb\"},\"inLanguage\":\"de\",\"potentialAction\":[{\"@type\":\"ReadAction\",\"target\":[\"https:\\\/\\\/trendsandvision.nl\\\/de\\\/product\\\/esschert-design-schneideset\\\/\"]}]},{\"@type\":\"ImageObject\",\"inLanguage\":\"de\",\"@id\":\"https:\\\/\\\/trendsandvision.nl\\\/de\\\/product\\\/esschert-design-schneideset\\\/#primaryimage\",\"url\":\"https:\\\/\\\/trendsandvision.nl\\\/de\\\/wp-content\\\/uploads\\\/sites\\\/3\\\/2022\\\/04\\\/GT43_01.jpg\",\"contentUrl\":\"https:\\\/\\\/trendsandvision.nl\\\/de\\\/wp-content\\\/uploads\\\/sites\\\/3\\\/2022\\\/04\\\/GT43_01.jpg\",\"width\":800,\"height\":800,\"caption\":\"Esschert Design \ufeffSchneideset (GT43\"},{\"@type\":\"BreadcrumbList\",\"@id\":\"https:\\\/\\\/trendsandvision.nl\\\/de\\\/product\\\/esschert-design-schneideset\\\/#breadcrumb\",\"itemListElement\":[{\"@type\":\"ListItem\",\"position\":1,\"name\":\"Home\",\"item\":\"https:\\\/\\\/trendsandvision.nl\\\/de\\\/\"},{\"@type\":\"ListItem\",\"position\":2,\"name\":\"Gesch\u00e4ft\",\"item\":\"https:\\\/\\\/trendsandvision.nl\\\/de\\\/geschaft\\\/\"},{\"@type\":\"ListItem\",\"position\":3,\"name\":\"Esschert Design \ufeffSchneideset\"}]},{\"@type\":\"WebSite\",\"@id\":\"https:\\\/\\\/trendsandvision.nl\\\/de\\\/#website\",\"url\":\"https:\\\/\\\/trendsandvision.nl\\\/de\\\/\",\"name\":\"Trends &amp; Vision (DE)\",\"description\":\"Der Webshop f\u00fcr Esschert Design Artikel\",\"publisher\":{\"@id\":\"https:\\\/\\\/trendsandvision.nl\\\/de\\\/#organization\"},\"potentialAction\":[{\"@type\":\"SearchAction\",\"target\":{\"@type\":\"EntryPoint\",\"urlTemplate\":\"https:\\\/\\\/trendsandvision.nl\\\/de\\\/?s={search_term_string}\"},\"query-input\":{\"@type\":\"PropertyValueSpecification\",\"valueRequired\":true,\"valueName\":\"search_term_string\"}}],\"inLanguage\":\"de\"},{\"@type\":\"Organization\",\"@id\":\"https:\\\/\\\/trendsandvision.nl\\\/de\\\/#organization\",\"name\":\"Trends &amp; Vision (DE)\",\"url\":\"https:\\\/\\\/trendsandvision.nl\\\/de\\\/\",\"logo\":{\"@type\":\"ImageObject\",\"inLanguage\":\"de\",\"@id\":\"https:\\\/\\\/trendsandvision.nl\\\/de\\\/#\\\/schema\\\/logo\\\/image\\\/\",\"url\":\"https:\\\/\\\/trendsandvision.nl\\\/de\\\/wp-content\\\/uploads\\\/sites\\\/3\\\/2022\\\/04\\\/trends-and-vision-logo.jpg\",\"contentUrl\":\"https:\\\/\\\/trendsandvision.nl\\\/de\\\/wp-content\\\/uploads\\\/sites\\\/3\\\/2022\\\/04\\\/trends-and-vision-logo.jpg\",\"width\":213,\"height\":100,\"caption\":\"Trends &amp; Vision (DE)\"},\"image\":{\"@id\":\"https:\\\/\\\/trendsandvision.nl\\\/de\\\/#\\\/schema\\\/logo\\\/image\\\/\"}}]}<\/script>\n<!-- \/ Yoast SEO Premium plugin. -->","yoast_head_json":{"title":"Esschert Design \ufeffSchneideset (GT43, 8714982035432) - Trends & Vision","description":"Esschert Design \ufeffSchneideset: Geschenkschneideset. Inhalt: Blumenschere, Gartenmesser und Schweinelederne Handschuhe.","robots":{"index":"index","follow":"follow","max-snippet":"max-snippet:-1","max-image-preview":"max-image-preview:large","max-video-preview":"max-video-preview:-1"},"canonical":"https:\/\/trendsandvision.nl\/de\/product\/esschert-design-schneideset\/","og_locale":"de_DE","og_type":"article","og_title":"Esschert Design \ufeffSchneideset","og_description":"Esschert Design \ufeffSchneideset: Geschenkschneideset. Inhalt: Blumenschere, Gartenmesser und Schweinelederne Handschuhe.","og_url":"https:\/\/trendsandvision.nl\/de\/product\/esschert-design-schneideset\/","og_site_name":"Trends &amp; Vision (DE)","article_modified_time":"2026-04-07T08:35:21+00:00","og_image":[{"width":800,"height":800,"url":"https:\/\/trendsandvision.nl\/de\/wp-content\/uploads\/sites\/3\/2022\/04\/GT43_01.jpg","type":"image\/jpeg"}],"twitter_card":"summary_large_image","twitter_misc":{"Gesch\u00e4tzte Lesezeit":"1\u00a0Minute"},"schema":{"@context":"https:\/\/schema.org","@graph":[{"@type":"WebPage","@id":"https:\/\/trendsandvision.nl\/de\/product\/esschert-design-schneideset\/","url":"https:\/\/trendsandvision.nl\/de\/product\/esschert-design-schneideset\/","name":"Esschert Design \ufeffSchneideset (GT43, 8714982035432) - Trends & Vision","isPartOf":{"@id":"https:\/\/trendsandvision.nl\/de\/#website"},"primaryImageOfPage":{"@id":"https:\/\/trendsandvision.nl\/de\/product\/esschert-design-schneideset\/#primaryimage"},"image":{"@id":"https:\/\/trendsandvision.nl\/de\/product\/esschert-design-schneideset\/#primaryimage"},"thumbnailUrl":"https:\/\/trendsandvision.nl\/de\/wp-content\/uploads\/sites\/3\/2022\/04\/GT43_01.jpg","datePublished":"2022-04-22T16:31:24+00:00","dateModified":"2026-04-07T08:35:21+00:00","description":"Esschert Design \ufeffSchneideset: Geschenkschneideset. Inhalt: Blumenschere, Gartenmesser und Schweinelederne Handschuhe.","breadcrumb":{"@id":"https:\/\/trendsandvision.nl\/de\/product\/esschert-design-schneideset\/#breadcrumb"},"inLanguage":"de","potentialAction":[{"@type":"ReadAction","target":["https:\/\/trendsandvision.nl\/de\/product\/esschert-design-schneideset\/"]}]},{"@type":"ImageObject","inLanguage":"de","@id":"https:\/\/trendsandvision.nl\/de\/product\/esschert-design-schneideset\/#primaryimage","url":"https:\/\/trendsandvision.nl\/de\/wp-content\/uploads\/sites\/3\/2022\/04\/GT43_01.jpg","contentUrl":"https:\/\/trendsandvision.nl\/de\/wp-content\/uploads\/sites\/3\/2022\/04\/GT43_01.jpg","width":800,"height":800,"caption":"Esschert Design \ufeffSchneideset (GT43"},{"@type":"BreadcrumbList","@id":"https:\/\/trendsandvision.nl\/de\/product\/esschert-design-schneideset\/#breadcrumb","itemListElement":[{"@type":"ListItem","position":1,"name":"Home","item":"https:\/\/trendsandvision.nl\/de\/"},{"@type":"ListItem","position":2,"name":"Gesch\u00e4ft","item":"https:\/\/trendsandvision.nl\/de\/geschaft\/"},{"@type":"ListItem","position":3,"name":"Esschert Design \ufeffSchneideset"}]},{"@type":"WebSite","@id":"https:\/\/trendsandvision.nl\/de\/#website","url":"https:\/\/trendsandvision.nl\/de\/","name":"Trends &amp; Vision (DE)","description":"Der Webshop f\u00fcr Esschert Design Artikel","publisher":{"@id":"https:\/\/trendsandvision.nl\/de\/#organization"},"potentialAction":[{"@type":"SearchAction","target":{"@type":"EntryPoint","urlTemplate":"https:\/\/trendsandvision.nl\/de\/?s={search_term_string}"},"query-input":{"@type":"PropertyValueSpecification","valueRequired":true,"valueName":"search_term_string"}}],"inLanguage":"de"},{"@type":"Organization","@id":"https:\/\/trendsandvision.nl\/de\/#organization","name":"Trends &amp; Vision (DE)","url":"https:\/\/trendsandvision.nl\/de\/","logo":{"@type":"ImageObject","inLanguage":"de","@id":"https:\/\/trendsandvision.nl\/de\/#\/schema\/logo\/image\/","url":"https:\/\/trendsandvision.nl\/de\/wp-content\/uploads\/sites\/3\/2022\/04\/trends-and-vision-logo.jpg","contentUrl":"https:\/\/trendsandvision.nl\/de\/wp-content\/uploads\/sites\/3\/2022\/04\/trends-and-vision-logo.jpg","width":213,"height":100,"caption":"Trends &amp; Vision (DE)"},"image":{"@id":"https:\/\/trendsandvision.nl\/de\/#\/schema\/logo\/image\/"}}]}},"_links":{"self":[{"href":"https:\/\/trendsandvision.nl\/de\/wp-json\/wp\/v2\/product\/4887","targetHints":{"allow":["GET"]}}],"collection":[{"href":"https:\/\/trendsandvision.nl\/de\/wp-json\/wp\/v2\/product"}],"about":[{"href":"https:\/\/trendsandvision.nl\/de\/wp-json\/wp\/v2\/types\/product"}],"wp:featuredmedia":[{"embeddable":true,"href":"https:\/\/trendsandvision.nl\/de\/wp-json\/wp\/v2\/media\/4888"}],"wp:attachment":[{"href":"https:\/\/trendsandvision.nl\/de\/wp-json\/wp\/v2\/media?parent=4887"}],"wp:term":[{"taxonomy":"product_brand","embeddable":true,"href":"https:\/\/trendsandvision.nl\/de\/wp-json\/wp\/v2\/product_brand?post=4887"},{"taxonomy":"product_cat","embeddable":true,"href":"https:\/\/trendsandvision.nl\/de\/wp-json\/wp\/v2\/product_cat?post=4887"},{"taxonomy":"product_tag","embeddable":true,"href":"https:\/\/trendsandvision.nl\/de\/wp-json\/wp\/v2\/product_tag?post=4887"}],"curies":[{"name":"wp","href":"https:\/\/api.w.org\/{rel}","templated":true}]}}