{"id":4874,"date":"2022-04-22T18:30:57","date_gmt":"2022-04-22T16:30:57","guid":{"rendered":"https:\/\/trendsandvision.nl\/de\/product\/esschert-design-pflanztisch-hartholz\/"},"modified":"2026-04-07T10:34:31","modified_gmt":"2026-04-07T08:34:31","slug":"esschert-design-pflanztisch-hartholz","status":"publish","type":"product","link":"https:\/\/trendsandvision.nl\/de\/product\/esschert-design-pflanztisch-hartholz\/","title":{"rendered":"Esschert Design Pflanztisch Hartholz"},"content":{"rendered":"<p>Schaffen Sie sich einen sch\u00f6nen Arbeitsplatz im Garten.<br \/>\nDieser Pflanzttisch schafft nicht nur viel Atmosph\u00e4re, sondern bietet auch eine komfortabele Arbeitsh\u00f6he beim Ein und Umtopfen von Pflanzen.<br \/>\nDie mitgelieferte Zinkwanne bietet ausreichend Platz zum Aufbewahren von Blumenerde. Au\u00dferdem bietet die darunter liegende Ablage die M\u00f6glichkeit, Gartenger\u00e4te oder andere Utensilien zu verstauen.<br \/>\nAu\u00dferdem l\u00e4sst er sich sehr einfach zusammenklappen, sodass er platzsparend verstaut werden kann.<br \/>\nDas hochwertige Holz sorgt f\u00fcr eine sch\u00f6ne Verarbeitung und eine gute Stabilit\u00e4t. Zudem sorgt die feine Holzstruktur daf\u00fcr, dass der Tisch sich \u00fcber die Jahre hinweg glatt anf\u00fchlt. Dies ist von Natur aus eine witterungsbest\u00e4ndige Holzart, sodass dieser Topftisch hervorragend f\u00fcr den Au\u00dfenbereich geeignet ist.<\/p>\n<p>&#8211; klappbar<br \/>\n&#8211; inklusive Zinkwanne<br \/>\n&#8211; Unser Sortiment Beetkasten finden Sie <a href=\"https:\/\/trendsandvision.nl\/de\/?s=Beet&amp;post_type=product&amp;dgwt_wcas=1\" rel=\"noopener\" target=\"_blank\">HIER<\/a><\/p>\n<p>Artikelname: Pflanztisch Hartholz<br \/>\nArtikelnummer: GT35<br \/>\nProduktgruppe(n) Kultivierung, Gew\u00e4chsh\u00e4user und Fr\u00fchbeete, Sonstiges<br \/>\nProduktabmessungen in cm L 79 x T 58 x H 89<br \/>\nMaterial: Eukalyptus, Zink<br \/>\nNettogewicht 17,2 kg<br \/>\nBarcode 8714982030710<br \/>\nFSC\u00ae Mix 70%<br \/>\nTragf\u00e4higkeit<br \/>\n20 kg per layer, total 40 kg<\/p>\n","protected":false},"excerpt":{"rendered":"<p>&#8211; Artikelnummer: GT35<br \/>\n&#8211; L 79 x T 58 x H 89 cm<br \/>\n&#8211; klappbar<br \/>\n&#8211; inklusive Zinkwanne<br \/>\n&#8211; Material Eukalyptus, Zink<br \/>\n&#8211; Nettogewicht 17,2 kg<br \/>\n&#8211; Barcode 8714982030710<br \/>\n&#8211; FSC\u00ae FSC Mix 70%<br \/>\n&#8211; Tragf\u00e4higkeit<br \/>\n&#8211; 20 kg per layer,<br \/>\n&#8211; total 40 kg<br \/>\n&#8211; Sortiment Beetkasten finden Sie <a href=\"https:\/\/trendsandvision.nl\/de\/?s=Beet&amp;post_type=product&amp;dgwt_wcas=1\" rel=\"noopener\" target=\"_blank\">HIER<\/a><\/p>\n","protected":false},"featured_media":4875,"template":"","meta":[],"product_brand":[9597,9598],"product_cat":[751],"product_tag":[8005,7982,7430,6765,7477,8237,6743],"class_list":{"0":"post-4874","1":"product","2":"type-product","3":"status-publish","4":"has-post-thumbnail","6":"product_brand-esschert-design","7":"product_brand-trends-and-vision","8":"product_cat-garden-tools","9":"product_tag-beetkasten","10":"product_tag-faltbar","11":"product_tag-fsc-fsc-mix-70","12":"product_tag-gemuesegarten","13":"product_tag-glas","14":"product_tag-hartholz","15":"product_tag-kultivierung","16":"pa_anbieter-esschert-design","17":"pa_ean-code-2869","18":"pa_material-hartholz-fsc-zertifiziert-und-verzinktes-metall","19":"pa_messungen-79x58x89-cm","21":"first","22":"instock","23":"sale","24":"taxable","25":"shipping-taxable","26":"purchasable","27":"product-type-simple","28":"czr-hentry"},"yoast_head":"<!-- This site is optimized with the Yoast SEO Premium plugin v26.4 (Yoast SEO v27.3) - https:\/\/yoast.com\/product\/yoast-seo-premium-wordpress\/ -->\n<title>Esschert Design Pflanztisch Hartholz (GT35, 8714982030710) - Trends &amp; Vision<\/title>\n<meta name=\"description\" content=\"Esschert Design Pflanztisch Hartholz: Pflanztisch Hartholz\" \/>\n<meta name=\"robots\" content=\"index, follow, max-snippet:-1, max-image-preview:large, max-video-preview:-1\" \/>\n<link rel=\"canonical\" href=\"https:\/\/trendsandvision.nl\/de\/product\/esschert-design-pflanztisch-hartholz\/\" \/>\n<meta property=\"og:locale\" content=\"de_DE\" \/>\n<meta property=\"og:type\" content=\"article\" \/>\n<meta property=\"og:title\" content=\"Esschert Design Pflanztisch Hartholz\" \/>\n<meta property=\"og:description\" content=\"Esschert Design Pflanztisch Hartholz: Pflanztisch Hartholz\" \/>\n<meta property=\"og:url\" content=\"https:\/\/trendsandvision.nl\/de\/product\/esschert-design-pflanztisch-hartholz\/\" \/>\n<meta property=\"og:site_name\" content=\"Trends &amp; Vision (DE)\" \/>\n<meta property=\"article:modified_time\" content=\"2026-04-07T08:34:31+00:00\" \/>\n<meta property=\"og:image\" content=\"https:\/\/trendsandvision.nl\/de\/wp-content\/uploads\/sites\/3\/2022\/04\/GT35_01.jpg\" \/>\n\t<meta property=\"og:image:width\" content=\"800\" \/>\n\t<meta property=\"og:image:height\" content=\"800\" \/>\n\t<meta property=\"og:image:type\" content=\"image\/jpeg\" \/>\n<meta name=\"twitter:card\" content=\"summary_large_image\" \/>\n<meta name=\"twitter:label1\" content=\"Gesch\u00e4tzte Lesezeit\" \/>\n\t<meta name=\"twitter:data1\" content=\"2\u00a0Minuten\" \/>\n<script type=\"application\/ld+json\" class=\"yoast-schema-graph\">{\"@context\":\"https:\\\/\\\/schema.org\",\"@graph\":[{\"@type\":\"WebPage\",\"@id\":\"https:\\\/\\\/trendsandvision.nl\\\/de\\\/product\\\/esschert-design-pflanztisch-hartholz\\\/\",\"url\":\"https:\\\/\\\/trendsandvision.nl\\\/de\\\/product\\\/esschert-design-pflanztisch-hartholz\\\/\",\"name\":\"Esschert Design Pflanztisch Hartholz (GT35, 8714982030710) - Trends & Vision\",\"isPartOf\":{\"@id\":\"https:\\\/\\\/trendsandvision.nl\\\/de\\\/#website\"},\"primaryImageOfPage\":{\"@id\":\"https:\\\/\\\/trendsandvision.nl\\\/de\\\/product\\\/esschert-design-pflanztisch-hartholz\\\/#primaryimage\"},\"image\":{\"@id\":\"https:\\\/\\\/trendsandvision.nl\\\/de\\\/product\\\/esschert-design-pflanztisch-hartholz\\\/#primaryimage\"},\"thumbnailUrl\":\"https:\\\/\\\/trendsandvision.nl\\\/de\\\/wp-content\\\/uploads\\\/sites\\\/3\\\/2022\\\/04\\\/GT35_01.jpg\",\"datePublished\":\"2022-04-22T16:30:57+00:00\",\"dateModified\":\"2026-04-07T08:34:31+00:00\",\"description\":\"Esschert Design Pflanztisch Hartholz: Pflanztisch Hartholz\",\"breadcrumb\":{\"@id\":\"https:\\\/\\\/trendsandvision.nl\\\/de\\\/product\\\/esschert-design-pflanztisch-hartholz\\\/#breadcrumb\"},\"inLanguage\":\"de\",\"potentialAction\":[{\"@type\":\"ReadAction\",\"target\":[\"https:\\\/\\\/trendsandvision.nl\\\/de\\\/product\\\/esschert-design-pflanztisch-hartholz\\\/\"]}]},{\"@type\":\"ImageObject\",\"inLanguage\":\"de\",\"@id\":\"https:\\\/\\\/trendsandvision.nl\\\/de\\\/product\\\/esschert-design-pflanztisch-hartholz\\\/#primaryimage\",\"url\":\"https:\\\/\\\/trendsandvision.nl\\\/de\\\/wp-content\\\/uploads\\\/sites\\\/3\\\/2022\\\/04\\\/GT35_01.jpg\",\"contentUrl\":\"https:\\\/\\\/trendsandvision.nl\\\/de\\\/wp-content\\\/uploads\\\/sites\\\/3\\\/2022\\\/04\\\/GT35_01.jpg\",\"width\":800,\"height\":800,\"caption\":\"Esschert Design Pflanztisch Hartholz (GT35\"},{\"@type\":\"BreadcrumbList\",\"@id\":\"https:\\\/\\\/trendsandvision.nl\\\/de\\\/product\\\/esschert-design-pflanztisch-hartholz\\\/#breadcrumb\",\"itemListElement\":[{\"@type\":\"ListItem\",\"position\":1,\"name\":\"Home\",\"item\":\"https:\\\/\\\/trendsandvision.nl\\\/de\\\/\"},{\"@type\":\"ListItem\",\"position\":2,\"name\":\"Gesch\u00e4ft\",\"item\":\"https:\\\/\\\/trendsandvision.nl\\\/de\\\/geschaft\\\/\"},{\"@type\":\"ListItem\",\"position\":3,\"name\":\"Esschert Design Pflanztisch Hartholz\"}]},{\"@type\":\"WebSite\",\"@id\":\"https:\\\/\\\/trendsandvision.nl\\\/de\\\/#website\",\"url\":\"https:\\\/\\\/trendsandvision.nl\\\/de\\\/\",\"name\":\"Trends &amp; Vision (DE)\",\"description\":\"Der Webshop f\u00fcr Esschert Design Artikel\",\"publisher\":{\"@id\":\"https:\\\/\\\/trendsandvision.nl\\\/de\\\/#organization\"},\"potentialAction\":[{\"@type\":\"SearchAction\",\"target\":{\"@type\":\"EntryPoint\",\"urlTemplate\":\"https:\\\/\\\/trendsandvision.nl\\\/de\\\/?s={search_term_string}\"},\"query-input\":{\"@type\":\"PropertyValueSpecification\",\"valueRequired\":true,\"valueName\":\"search_term_string\"}}],\"inLanguage\":\"de\"},{\"@type\":\"Organization\",\"@id\":\"https:\\\/\\\/trendsandvision.nl\\\/de\\\/#organization\",\"name\":\"Trends &amp; Vision (DE)\",\"url\":\"https:\\\/\\\/trendsandvision.nl\\\/de\\\/\",\"logo\":{\"@type\":\"ImageObject\",\"inLanguage\":\"de\",\"@id\":\"https:\\\/\\\/trendsandvision.nl\\\/de\\\/#\\\/schema\\\/logo\\\/image\\\/\",\"url\":\"https:\\\/\\\/trendsandvision.nl\\\/de\\\/wp-content\\\/uploads\\\/sites\\\/3\\\/2022\\\/04\\\/trends-and-vision-logo.jpg\",\"contentUrl\":\"https:\\\/\\\/trendsandvision.nl\\\/de\\\/wp-content\\\/uploads\\\/sites\\\/3\\\/2022\\\/04\\\/trends-and-vision-logo.jpg\",\"width\":213,\"height\":100,\"caption\":\"Trends &amp; Vision (DE)\"},\"image\":{\"@id\":\"https:\\\/\\\/trendsandvision.nl\\\/de\\\/#\\\/schema\\\/logo\\\/image\\\/\"}}]}<\/script>\n<!-- \/ Yoast SEO Premium plugin. -->","yoast_head_json":{"title":"Esschert Design Pflanztisch Hartholz (GT35, 8714982030710) - Trends & Vision","description":"Esschert Design Pflanztisch Hartholz: Pflanztisch Hartholz","robots":{"index":"index","follow":"follow","max-snippet":"max-snippet:-1","max-image-preview":"max-image-preview:large","max-video-preview":"max-video-preview:-1"},"canonical":"https:\/\/trendsandvision.nl\/de\/product\/esschert-design-pflanztisch-hartholz\/","og_locale":"de_DE","og_type":"article","og_title":"Esschert Design Pflanztisch Hartholz","og_description":"Esschert Design Pflanztisch Hartholz: Pflanztisch Hartholz","og_url":"https:\/\/trendsandvision.nl\/de\/product\/esschert-design-pflanztisch-hartholz\/","og_site_name":"Trends &amp; Vision (DE)","article_modified_time":"2026-04-07T08:34:31+00:00","og_image":[{"width":800,"height":800,"url":"https:\/\/trendsandvision.nl\/de\/wp-content\/uploads\/sites\/3\/2022\/04\/GT35_01.jpg","type":"image\/jpeg"}],"twitter_card":"summary_large_image","twitter_misc":{"Gesch\u00e4tzte Lesezeit":"2\u00a0Minuten"},"schema":{"@context":"https:\/\/schema.org","@graph":[{"@type":"WebPage","@id":"https:\/\/trendsandvision.nl\/de\/product\/esschert-design-pflanztisch-hartholz\/","url":"https:\/\/trendsandvision.nl\/de\/product\/esschert-design-pflanztisch-hartholz\/","name":"Esschert Design Pflanztisch Hartholz (GT35, 8714982030710) - Trends & Vision","isPartOf":{"@id":"https:\/\/trendsandvision.nl\/de\/#website"},"primaryImageOfPage":{"@id":"https:\/\/trendsandvision.nl\/de\/product\/esschert-design-pflanztisch-hartholz\/#primaryimage"},"image":{"@id":"https:\/\/trendsandvision.nl\/de\/product\/esschert-design-pflanztisch-hartholz\/#primaryimage"},"thumbnailUrl":"https:\/\/trendsandvision.nl\/de\/wp-content\/uploads\/sites\/3\/2022\/04\/GT35_01.jpg","datePublished":"2022-04-22T16:30:57+00:00","dateModified":"2026-04-07T08:34:31+00:00","description":"Esschert Design Pflanztisch Hartholz: Pflanztisch Hartholz","breadcrumb":{"@id":"https:\/\/trendsandvision.nl\/de\/product\/esschert-design-pflanztisch-hartholz\/#breadcrumb"},"inLanguage":"de","potentialAction":[{"@type":"ReadAction","target":["https:\/\/trendsandvision.nl\/de\/product\/esschert-design-pflanztisch-hartholz\/"]}]},{"@type":"ImageObject","inLanguage":"de","@id":"https:\/\/trendsandvision.nl\/de\/product\/esschert-design-pflanztisch-hartholz\/#primaryimage","url":"https:\/\/trendsandvision.nl\/de\/wp-content\/uploads\/sites\/3\/2022\/04\/GT35_01.jpg","contentUrl":"https:\/\/trendsandvision.nl\/de\/wp-content\/uploads\/sites\/3\/2022\/04\/GT35_01.jpg","width":800,"height":800,"caption":"Esschert Design Pflanztisch Hartholz (GT35"},{"@type":"BreadcrumbList","@id":"https:\/\/trendsandvision.nl\/de\/product\/esschert-design-pflanztisch-hartholz\/#breadcrumb","itemListElement":[{"@type":"ListItem","position":1,"name":"Home","item":"https:\/\/trendsandvision.nl\/de\/"},{"@type":"ListItem","position":2,"name":"Gesch\u00e4ft","item":"https:\/\/trendsandvision.nl\/de\/geschaft\/"},{"@type":"ListItem","position":3,"name":"Esschert Design Pflanztisch Hartholz"}]},{"@type":"WebSite","@id":"https:\/\/trendsandvision.nl\/de\/#website","url":"https:\/\/trendsandvision.nl\/de\/","name":"Trends &amp; Vision (DE)","description":"Der Webshop f\u00fcr Esschert Design Artikel","publisher":{"@id":"https:\/\/trendsandvision.nl\/de\/#organization"},"potentialAction":[{"@type":"SearchAction","target":{"@type":"EntryPoint","urlTemplate":"https:\/\/trendsandvision.nl\/de\/?s={search_term_string}"},"query-input":{"@type":"PropertyValueSpecification","valueRequired":true,"valueName":"search_term_string"}}],"inLanguage":"de"},{"@type":"Organization","@id":"https:\/\/trendsandvision.nl\/de\/#organization","name":"Trends &amp; Vision (DE)","url":"https:\/\/trendsandvision.nl\/de\/","logo":{"@type":"ImageObject","inLanguage":"de","@id":"https:\/\/trendsandvision.nl\/de\/#\/schema\/logo\/image\/","url":"https:\/\/trendsandvision.nl\/de\/wp-content\/uploads\/sites\/3\/2022\/04\/trends-and-vision-logo.jpg","contentUrl":"https:\/\/trendsandvision.nl\/de\/wp-content\/uploads\/sites\/3\/2022\/04\/trends-and-vision-logo.jpg","width":213,"height":100,"caption":"Trends &amp; Vision (DE)"},"image":{"@id":"https:\/\/trendsandvision.nl\/de\/#\/schema\/logo\/image\/"}}]}},"_links":{"self":[{"href":"https:\/\/trendsandvision.nl\/de\/wp-json\/wp\/v2\/product\/4874","targetHints":{"allow":["GET"]}}],"collection":[{"href":"https:\/\/trendsandvision.nl\/de\/wp-json\/wp\/v2\/product"}],"about":[{"href":"https:\/\/trendsandvision.nl\/de\/wp-json\/wp\/v2\/types\/product"}],"wp:featuredmedia":[{"embeddable":true,"href":"https:\/\/trendsandvision.nl\/de\/wp-json\/wp\/v2\/media\/4875"}],"wp:attachment":[{"href":"https:\/\/trendsandvision.nl\/de\/wp-json\/wp\/v2\/media?parent=4874"}],"wp:term":[{"taxonomy":"product_brand","embeddable":true,"href":"https:\/\/trendsandvision.nl\/de\/wp-json\/wp\/v2\/product_brand?post=4874"},{"taxonomy":"product_cat","embeddable":true,"href":"https:\/\/trendsandvision.nl\/de\/wp-json\/wp\/v2\/product_cat?post=4874"},{"taxonomy":"product_tag","embeddable":true,"href":"https:\/\/trendsandvision.nl\/de\/wp-json\/wp\/v2\/product_tag?post=4874"}],"curies":[{"name":"wp","href":"https:\/\/api.w.org\/{rel}","templated":true}]}}