{"id":4872,"date":"2022-04-22T18:30:57","date_gmt":"2022-04-22T16:30:57","guid":{"rendered":"https:\/\/trendsandvision.nl\/de\/product\/esschert-design-beetkasten-hartholz-breit\/"},"modified":"2026-04-07T10:34:16","modified_gmt":"2026-04-07T08:34:16","slug":"esschert-design-beetkasten-hartholz-breit","status":"publish","type":"product","link":"https:\/\/trendsandvision.nl\/de\/product\/esschert-design-beetkasten-hartholz-breit\/","title":{"rendered":"Esschert Design Beetkasten Hartholz breit"},"content":{"rendered":"<p>Schaffen Sie einen sch\u00f6nen dekorativen Platz im Garten f\u00fcr Setzlinge.<br \/>\nDieser Fr\u00fchbeetkasten bringt nicht nur viel Atmosph\u00e4re, sondern bietet auch einen gesch\u00fctzten Platz f\u00fcr Pflanzen.<br \/>\nDer Gew\u00e4chskasten verf\u00fcgt \u00fcber zwei Ebenen und bietet somit ausreichend Platz zum Aufstellen von Pflanzen und Setzlingen.<br \/>\nDie ger\u00e4umige T\u00fcr an der Vorderseite macht das Platzieren und Pflegen der Pflanzen ganz einfach.<br \/>\nDie Klappen lassen sich auch unabh\u00e4ngig voneinander in f\u00fcnf H\u00f6hen verstellen, um eine ausreichende Bel\u00fcftung und einen guten Sauerstoffgehalt im Kasten zu gew\u00e4hrleisten. Au\u00dferdem l\u00e4sst er sich sehr einfach zusammenklappen, so dass er platzsparend verstaut werden kann.<br \/>\nDas hochwertige Hartholz sorgt f\u00fcr eine sch\u00f6ne Verqarbeitung und eine gute Stabilit\u00e4t. Zudem sorgt die feine Holzstruktur daf\u00fcr, dass der Kasten sich \u00fcber die Jahre hinweg glatt anf\u00fchlt. Dies ist von Natur aus eine witterungsbest\u00e4ndige Holzart, sosass dieser Topftisch hervorragend f\u00fcr den Au\u00dfenbereich geeignet ist.<\/p>\n<p>&#8211; klappbar<br \/>\n&#8211; 2 Regale<br \/>\n&#8211; 2 Klappen, jeweils in 5 Stufen verstellbar<br \/>\n&#8211; Klappen mit Ablaufl\u00f6chern<br \/>\n&#8211; T\u00fcren vorne<\/p>\n<p>&#8211; Unser Sortiment Beetkasten finden Sie <a href=\"https:\/\/trendsandvision.nl\/de\/?s=Beet&amp;post_type=product&amp;dgwt_wcas=1\" rel=\"noopener\" target=\"_blank\">HIER<\/a><\/p>\n<p>Artikelname: Beetkasten Hartholz breit<br \/>\nArtikelnummer: GT33<br \/>\nProduktgruppe(n) Kultivierung, Gew\u00e4chsh\u00e4user und Fr\u00fchbeete, Gew\u00e4chsh\u00e4user<br \/>\nProduktabmessungen in cm L 118,5 x T 60 x H 80<br \/>\nMaterial: Eukalyptus, Edelstahl, Glas<br \/>\nNettogewicht 36,1 kg<br \/>\nBarcode 8714982030697<br \/>\nFSC\u00ae Mix 70%<br \/>\nTragf\u00e4higkeit<br \/>\n40 kg per layer, total 80 kg<\/p>\n<p>Sehr geehrter Kunde, die Versandkosten f\u00fcr diesen Artikel sind h\u00f6her als das (Versand)Angebot im Shop angebt.<br \/>\nF\u00fcr die sichere Lieferung dieses Artikels sind die tats\u00e4chlichen Versandkosten vielleicht h\u00f6her.<br \/>\nNach der Bestellung erhalten Sie ein E-Mail mit IDEAL \u201eLink\u201c wohin die m\u00f6gliche Mehrkosten sind berechnet.<\/p>\n","protected":false},"excerpt":{"rendered":"<p>&#8211; Artikelnummer: GT33<br \/>\n&#8211; L 118,5 x T 60 x H 80 cm<br \/>\n&#8211; Material: Eukalyptus, Edelstahl, Glas<br \/>\n&#8211; Nettogewicht 36,1 kg<br \/>\n&#8211; Barcode 8714982030697<br \/>\n&#8211; FSC\u00ae Mix 70%<br \/>\n&#8211; Tragf\u00e4higkeit<br \/>\n&#8211; 40 kg per layer, total 80 kg<br \/>\n&#8211; klappbar<br \/>\n&#8211; 2 Regale<br \/>\n&#8211; 2 Klappen, jeweils in 5 Stufen verstellbar<br \/>\n&#8211; Klappen mit Ablaufl\u00f6chern<br \/>\n&#8211; T\u00fcren vorne<br \/>\n&#8211; Sortiment Beetkasten finden Sie <a href=\"https:\/\/trendsandvision.nl\/de\/?s=Beet&amp;post_type=product&amp;dgwt_wcas=1\" rel=\"noopener\" target=\"_blank\">HIER<\/a><\/p>\n","protected":false},"featured_media":4873,"template":"","meta":[],"product_brand":[9597,9598],"product_cat":[751],"product_tag":[8005,7982,7430,6765,7477,8237,6743],"class_list":{"0":"post-4872","1":"product","2":"type-product","3":"status-publish","4":"has-post-thumbnail","6":"product_brand-esschert-design","7":"product_brand-trends-and-vision","8":"product_cat-garden-tools","9":"product_tag-beetkasten","10":"product_tag-faltbar","11":"product_tag-fsc-fsc-mix-70","12":"product_tag-gemuesegarten","13":"product_tag-glas","14":"product_tag-hartholz","15":"product_tag-kultivierung","16":"pa_anbieter-esschert-design","17":"pa_ean-code-2866","18":"pa_material-hartholz-fsc-zertifiziert-rostfreier-stahl-glas","19":"pa_messungen-119x59x80-cm","21":"first","22":"instock","23":"sale","24":"taxable","25":"shipping-taxable","26":"purchasable","27":"product-type-simple","28":"czr-hentry"},"yoast_head":"<!-- This site is optimized with the Yoast SEO Premium plugin v26.4 (Yoast SEO v27.4) - https:\/\/yoast.com\/product\/yoast-seo-premium-wordpress\/ -->\n<title>Esschert Design Beetkasten Hartholz breit (GT33, 8714982030697) - Trends &amp; Vision<\/title>\n<meta name=\"description\" content=\"Esschert Design Beetkasten Hartholz breit: Beetkasten Hartholz breit\" \/>\n<meta name=\"robots\" content=\"index, follow, max-snippet:-1, max-image-preview:large, max-video-preview:-1\" \/>\n<link rel=\"canonical\" href=\"https:\/\/trendsandvision.nl\/de\/product\/esschert-design-beetkasten-hartholz-breit\/\" \/>\n<meta property=\"og:locale\" content=\"de_DE\" \/>\n<meta property=\"og:type\" content=\"article\" \/>\n<meta property=\"og:title\" content=\"Esschert Design Beetkasten Hartholz breit\" \/>\n<meta property=\"og:description\" content=\"Esschert Design Beetkasten Hartholz breit: Beetkasten Hartholz breit\" \/>\n<meta property=\"og:url\" content=\"https:\/\/trendsandvision.nl\/de\/product\/esschert-design-beetkasten-hartholz-breit\/\" \/>\n<meta property=\"og:site_name\" content=\"Trends &amp; Vision (DE)\" \/>\n<meta property=\"article:modified_time\" content=\"2026-04-07T08:34:16+00:00\" \/>\n<meta property=\"og:image\" content=\"https:\/\/trendsandvision.nl\/de\/wp-content\/uploads\/sites\/3\/2022\/04\/GT33_01.jpg\" \/>\n\t<meta property=\"og:image:width\" content=\"800\" \/>\n\t<meta property=\"og:image:height\" content=\"800\" \/>\n\t<meta property=\"og:image:type\" content=\"image\/jpeg\" \/>\n<meta name=\"twitter:card\" content=\"summary_large_image\" \/>\n<meta name=\"twitter:label1\" content=\"Gesch\u00e4tzte Lesezeit\" \/>\n\t<meta name=\"twitter:data1\" content=\"2\u00a0Minuten\" \/>\n<script type=\"application\/ld+json\" class=\"yoast-schema-graph\">{\"@context\":\"https:\\\/\\\/schema.org\",\"@graph\":[{\"@type\":\"WebPage\",\"@id\":\"https:\\\/\\\/trendsandvision.nl\\\/de\\\/product\\\/esschert-design-beetkasten-hartholz-breit\\\/\",\"url\":\"https:\\\/\\\/trendsandvision.nl\\\/de\\\/product\\\/esschert-design-beetkasten-hartholz-breit\\\/\",\"name\":\"Esschert Design Beetkasten Hartholz breit (GT33, 8714982030697) - Trends & Vision\",\"isPartOf\":{\"@id\":\"https:\\\/\\\/trendsandvision.nl\\\/de\\\/#website\"},\"primaryImageOfPage\":{\"@id\":\"https:\\\/\\\/trendsandvision.nl\\\/de\\\/product\\\/esschert-design-beetkasten-hartholz-breit\\\/#primaryimage\"},\"image\":{\"@id\":\"https:\\\/\\\/trendsandvision.nl\\\/de\\\/product\\\/esschert-design-beetkasten-hartholz-breit\\\/#primaryimage\"},\"thumbnailUrl\":\"https:\\\/\\\/trendsandvision.nl\\\/de\\\/wp-content\\\/uploads\\\/sites\\\/3\\\/2022\\\/04\\\/GT33_01.jpg\",\"datePublished\":\"2022-04-22T16:30:57+00:00\",\"dateModified\":\"2026-04-07T08:34:16+00:00\",\"description\":\"Esschert Design Beetkasten Hartholz breit: Beetkasten Hartholz breit\",\"breadcrumb\":{\"@id\":\"https:\\\/\\\/trendsandvision.nl\\\/de\\\/product\\\/esschert-design-beetkasten-hartholz-breit\\\/#breadcrumb\"},\"inLanguage\":\"de\",\"potentialAction\":[{\"@type\":\"ReadAction\",\"target\":[\"https:\\\/\\\/trendsandvision.nl\\\/de\\\/product\\\/esschert-design-beetkasten-hartholz-breit\\\/\"]}]},{\"@type\":\"ImageObject\",\"inLanguage\":\"de\",\"@id\":\"https:\\\/\\\/trendsandvision.nl\\\/de\\\/product\\\/esschert-design-beetkasten-hartholz-breit\\\/#primaryimage\",\"url\":\"https:\\\/\\\/trendsandvision.nl\\\/de\\\/wp-content\\\/uploads\\\/sites\\\/3\\\/2022\\\/04\\\/GT33_01.jpg\",\"contentUrl\":\"https:\\\/\\\/trendsandvision.nl\\\/de\\\/wp-content\\\/uploads\\\/sites\\\/3\\\/2022\\\/04\\\/GT33_01.jpg\",\"width\":800,\"height\":800,\"caption\":\"Esschert Design Beetkasten Hartholz breit (GT33\"},{\"@type\":\"BreadcrumbList\",\"@id\":\"https:\\\/\\\/trendsandvision.nl\\\/de\\\/product\\\/esschert-design-beetkasten-hartholz-breit\\\/#breadcrumb\",\"itemListElement\":[{\"@type\":\"ListItem\",\"position\":1,\"name\":\"Home\",\"item\":\"https:\\\/\\\/trendsandvision.nl\\\/de\\\/\"},{\"@type\":\"ListItem\",\"position\":2,\"name\":\"Gesch\u00e4ft\",\"item\":\"https:\\\/\\\/trendsandvision.nl\\\/de\\\/geschaft\\\/\"},{\"@type\":\"ListItem\",\"position\":3,\"name\":\"Esschert Design Beetkasten Hartholz breit\"}]},{\"@type\":\"WebSite\",\"@id\":\"https:\\\/\\\/trendsandvision.nl\\\/de\\\/#website\",\"url\":\"https:\\\/\\\/trendsandvision.nl\\\/de\\\/\",\"name\":\"Trends &amp; Vision (DE)\",\"description\":\"Der Webshop f\u00fcr Esschert Design Artikel\",\"publisher\":{\"@id\":\"https:\\\/\\\/trendsandvision.nl\\\/de\\\/#organization\"},\"potentialAction\":[{\"@type\":\"SearchAction\",\"target\":{\"@type\":\"EntryPoint\",\"urlTemplate\":\"https:\\\/\\\/trendsandvision.nl\\\/de\\\/?s={search_term_string}\"},\"query-input\":{\"@type\":\"PropertyValueSpecification\",\"valueRequired\":true,\"valueName\":\"search_term_string\"}}],\"inLanguage\":\"de\"},{\"@type\":\"Organization\",\"@id\":\"https:\\\/\\\/trendsandvision.nl\\\/de\\\/#organization\",\"name\":\"Trends &amp; Vision (DE)\",\"url\":\"https:\\\/\\\/trendsandvision.nl\\\/de\\\/\",\"logo\":{\"@type\":\"ImageObject\",\"inLanguage\":\"de\",\"@id\":\"https:\\\/\\\/trendsandvision.nl\\\/de\\\/#\\\/schema\\\/logo\\\/image\\\/\",\"url\":\"https:\\\/\\\/trendsandvision.nl\\\/de\\\/wp-content\\\/uploads\\\/sites\\\/3\\\/2022\\\/04\\\/trends-and-vision-logo.jpg\",\"contentUrl\":\"https:\\\/\\\/trendsandvision.nl\\\/de\\\/wp-content\\\/uploads\\\/sites\\\/3\\\/2022\\\/04\\\/trends-and-vision-logo.jpg\",\"width\":213,\"height\":100,\"caption\":\"Trends &amp; Vision (DE)\"},\"image\":{\"@id\":\"https:\\\/\\\/trendsandvision.nl\\\/de\\\/#\\\/schema\\\/logo\\\/image\\\/\"}}]}<\/script>\n<!-- \/ Yoast SEO Premium plugin. -->","yoast_head_json":{"title":"Esschert Design Beetkasten Hartholz breit (GT33, 8714982030697) - Trends & Vision","description":"Esschert Design Beetkasten Hartholz breit: Beetkasten Hartholz breit","robots":{"index":"index","follow":"follow","max-snippet":"max-snippet:-1","max-image-preview":"max-image-preview:large","max-video-preview":"max-video-preview:-1"},"canonical":"https:\/\/trendsandvision.nl\/de\/product\/esschert-design-beetkasten-hartholz-breit\/","og_locale":"de_DE","og_type":"article","og_title":"Esschert Design Beetkasten Hartholz breit","og_description":"Esschert Design Beetkasten Hartholz breit: Beetkasten Hartholz breit","og_url":"https:\/\/trendsandvision.nl\/de\/product\/esschert-design-beetkasten-hartholz-breit\/","og_site_name":"Trends &amp; Vision (DE)","article_modified_time":"2026-04-07T08:34:16+00:00","og_image":[{"width":800,"height":800,"url":"https:\/\/trendsandvision.nl\/de\/wp-content\/uploads\/sites\/3\/2022\/04\/GT33_01.jpg","type":"image\/jpeg"}],"twitter_card":"summary_large_image","twitter_misc":{"Gesch\u00e4tzte Lesezeit":"2\u00a0Minuten"},"schema":{"@context":"https:\/\/schema.org","@graph":[{"@type":"WebPage","@id":"https:\/\/trendsandvision.nl\/de\/product\/esschert-design-beetkasten-hartholz-breit\/","url":"https:\/\/trendsandvision.nl\/de\/product\/esschert-design-beetkasten-hartholz-breit\/","name":"Esschert Design Beetkasten Hartholz breit (GT33, 8714982030697) - Trends & Vision","isPartOf":{"@id":"https:\/\/trendsandvision.nl\/de\/#website"},"primaryImageOfPage":{"@id":"https:\/\/trendsandvision.nl\/de\/product\/esschert-design-beetkasten-hartholz-breit\/#primaryimage"},"image":{"@id":"https:\/\/trendsandvision.nl\/de\/product\/esschert-design-beetkasten-hartholz-breit\/#primaryimage"},"thumbnailUrl":"https:\/\/trendsandvision.nl\/de\/wp-content\/uploads\/sites\/3\/2022\/04\/GT33_01.jpg","datePublished":"2022-04-22T16:30:57+00:00","dateModified":"2026-04-07T08:34:16+00:00","description":"Esschert Design Beetkasten Hartholz breit: Beetkasten Hartholz breit","breadcrumb":{"@id":"https:\/\/trendsandvision.nl\/de\/product\/esschert-design-beetkasten-hartholz-breit\/#breadcrumb"},"inLanguage":"de","potentialAction":[{"@type":"ReadAction","target":["https:\/\/trendsandvision.nl\/de\/product\/esschert-design-beetkasten-hartholz-breit\/"]}]},{"@type":"ImageObject","inLanguage":"de","@id":"https:\/\/trendsandvision.nl\/de\/product\/esschert-design-beetkasten-hartholz-breit\/#primaryimage","url":"https:\/\/trendsandvision.nl\/de\/wp-content\/uploads\/sites\/3\/2022\/04\/GT33_01.jpg","contentUrl":"https:\/\/trendsandvision.nl\/de\/wp-content\/uploads\/sites\/3\/2022\/04\/GT33_01.jpg","width":800,"height":800,"caption":"Esschert Design Beetkasten Hartholz breit (GT33"},{"@type":"BreadcrumbList","@id":"https:\/\/trendsandvision.nl\/de\/product\/esschert-design-beetkasten-hartholz-breit\/#breadcrumb","itemListElement":[{"@type":"ListItem","position":1,"name":"Home","item":"https:\/\/trendsandvision.nl\/de\/"},{"@type":"ListItem","position":2,"name":"Gesch\u00e4ft","item":"https:\/\/trendsandvision.nl\/de\/geschaft\/"},{"@type":"ListItem","position":3,"name":"Esschert Design Beetkasten Hartholz breit"}]},{"@type":"WebSite","@id":"https:\/\/trendsandvision.nl\/de\/#website","url":"https:\/\/trendsandvision.nl\/de\/","name":"Trends &amp; Vision (DE)","description":"Der Webshop f\u00fcr Esschert Design Artikel","publisher":{"@id":"https:\/\/trendsandvision.nl\/de\/#organization"},"potentialAction":[{"@type":"SearchAction","target":{"@type":"EntryPoint","urlTemplate":"https:\/\/trendsandvision.nl\/de\/?s={search_term_string}"},"query-input":{"@type":"PropertyValueSpecification","valueRequired":true,"valueName":"search_term_string"}}],"inLanguage":"de"},{"@type":"Organization","@id":"https:\/\/trendsandvision.nl\/de\/#organization","name":"Trends &amp; Vision (DE)","url":"https:\/\/trendsandvision.nl\/de\/","logo":{"@type":"ImageObject","inLanguage":"de","@id":"https:\/\/trendsandvision.nl\/de\/#\/schema\/logo\/image\/","url":"https:\/\/trendsandvision.nl\/de\/wp-content\/uploads\/sites\/3\/2022\/04\/trends-and-vision-logo.jpg","contentUrl":"https:\/\/trendsandvision.nl\/de\/wp-content\/uploads\/sites\/3\/2022\/04\/trends-and-vision-logo.jpg","width":213,"height":100,"caption":"Trends &amp; Vision (DE)"},"image":{"@id":"https:\/\/trendsandvision.nl\/de\/#\/schema\/logo\/image\/"}}]}},"_links":{"self":[{"href":"https:\/\/trendsandvision.nl\/de\/wp-json\/wp\/v2\/product\/4872","targetHints":{"allow":["GET"]}}],"collection":[{"href":"https:\/\/trendsandvision.nl\/de\/wp-json\/wp\/v2\/product"}],"about":[{"href":"https:\/\/trendsandvision.nl\/de\/wp-json\/wp\/v2\/types\/product"}],"wp:featuredmedia":[{"embeddable":true,"href":"https:\/\/trendsandvision.nl\/de\/wp-json\/wp\/v2\/media\/4873"}],"wp:attachment":[{"href":"https:\/\/trendsandvision.nl\/de\/wp-json\/wp\/v2\/media?parent=4872"}],"wp:term":[{"taxonomy":"product_brand","embeddable":true,"href":"https:\/\/trendsandvision.nl\/de\/wp-json\/wp\/v2\/product_brand?post=4872"},{"taxonomy":"product_cat","embeddable":true,"href":"https:\/\/trendsandvision.nl\/de\/wp-json\/wp\/v2\/product_cat?post=4872"},{"taxonomy":"product_tag","embeddable":true,"href":"https:\/\/trendsandvision.nl\/de\/wp-json\/wp\/v2\/product_tag?post=4872"}],"curies":[{"name":"wp","href":"https:\/\/api.w.org\/{rel}","templated":true}]}}