{"id":4779,"date":"2022-04-22T18:28:33","date_gmt":"2022-04-22T16:28:33","guid":{"rendered":"https:\/\/trendsandvision.nl\/de\/product\/metalen-plantenringen-set-van-40\/"},"modified":"2026-04-22T15:06:17","modified_gmt":"2026-04-22T13:06:17","slug":"esschert-design-pflanzenstuetzringe-aus-metall-set-van-40","status":"publish","type":"product","link":"https:\/\/trendsandvision.nl\/de\/product\/esschert-design-pflanzenstuetzringe-aus-metall-set-van-40\/","title":{"rendered":"Esschert Design Pflanzenst\u00fctzringe aus Metall set van 40"},"content":{"rendered":"<p>Geben Sie Pflanzen mit diesen Pflanzenst\u00fctzringen die Unterst\u00fctzung, die sie brauchen.<br \/>\nDie Ringe sind wiederverwendbar und halten die Pflanzen aufrecht, wenn sie an einem Stock befestigt sind.<br \/>\n\u00d6ffnen Sie den Ring und befestigen Sie ihn um die Pflanze und St\u00fctze.<\/p>\n<p>&#8211; Wiederverwendbar h\u00e4lt die Pflanzen aufrecht<br \/>\n&#8211; Einfache Handhabung<\/p>\n<p>Artikelnummer: GT265<br \/>\nProduktgruppe(n) Kultivierung, Bedarf, Pflanzenstecker und -h\u00e4nger, Pflanzenetiketten, Rankhilfen<br \/>\nProduktabmessungen in cm L 2,5 x T 2,5 x H 0,3<br \/>\nMaterial: Verzinktes Eisen<br \/>\nNettogewicht 0,04 kg<br \/>\nBarcode 8714982209604<\/p>\n","protected":false},"excerpt":{"rendered":"<p>Artikelnummer: GT265<br \/>\nL 2,5 x T 2,5 x H 0,3 cm<br \/>\nMaterial: Verzinktes Eisen<br \/>\nEinfache Handhabung<br \/>\nNettogewicht 0,04 kg<br \/>\nBarcode 8714982209604<\/p>\n","protected":false},"featured_media":4780,"template":"","meta":[],"product_brand":[9597,9598],"product_cat":[751],"product_tag":[7370,10578,6801,7369],"class_list":{"0":"post-4779","1":"product","2":"type-product","3":"status-publish","4":"has-post-thumbnail","6":"product_brand-esschert-design","7":"product_brand-trends-and-vision","8":"product_cat-garden-tools","9":"product_tag-bedarf","10":"product_tag-einfache-handhabung","11":"product_tag-pflanzenstecker","12":"product_tag-rankhilfen","13":"pa_ean-code-2825","14":"pa_material-gegalvaniseerd-ijzer","15":"pa_messungen-25-x-25-x-03-cm","17":"first","18":"instock","19":"sale","20":"taxable","21":"shipping-taxable","22":"purchasable","23":"product-type-simple","24":"czr-hentry"},"yoast_head":"<!-- This site is optimized with the Yoast SEO Premium plugin v27.4 (Yoast SEO v27.5) - https:\/\/yoast.com\/product\/yoast-seo-premium-wordpress\/ -->\n<title>Metalen plantenringen set van 40 (GT265, 8714982209604) - Trends &amp; Vision<\/title>\n<meta name=\"description\" content=\"Metalen plantenringen set van 40: Deze plantensteunringen zijn een grote hulp bij het rechtop houden van planten\" \/>\n<meta name=\"robots\" content=\"index, follow, max-snippet:-1, max-image-preview:large, max-video-preview:-1\" \/>\n<link rel=\"canonical\" href=\"https:\/\/trendsandvision.nl\/de\/product\/esschert-design-pflanzenstuetzringe-aus-metall-set-van-40\/\" \/>\n<meta property=\"og:locale\" content=\"de_DE\" \/>\n<meta property=\"og:type\" content=\"article\" \/>\n<meta property=\"og:title\" content=\"Esschert Design Pflanzenst\u00fctzringe aus Metall set van 40\" \/>\n<meta property=\"og:description\" content=\"Metalen plantenringen set van 40: Deze plantensteunringen zijn een grote hulp bij het rechtop houden van planten\" \/>\n<meta property=\"og:url\" content=\"https:\/\/trendsandvision.nl\/de\/product\/esschert-design-pflanzenstuetzringe-aus-metall-set-van-40\/\" \/>\n<meta property=\"og:site_name\" content=\"Trends &amp; Vision (DE)\" \/>\n<meta property=\"article:modified_time\" content=\"2026-04-22T13:06:17+00:00\" \/>\n<meta property=\"og:image\" content=\"https:\/\/trendsandvision.nl\/de\/wp-content\/uploads\/sites\/3\/2022\/04\/GT265_01.jpg\" \/>\n\t<meta property=\"og:image:width\" content=\"800\" \/>\n\t<meta property=\"og:image:height\" content=\"800\" \/>\n\t<meta property=\"og:image:type\" content=\"image\/jpeg\" \/>\n<meta name=\"twitter:card\" content=\"summary_large_image\" \/>\n<meta name=\"twitter:label1\" content=\"Gesch\u00e4tzte Lesezeit\" \/>\n\t<meta name=\"twitter:data1\" content=\"1\u00a0Minute\" \/>\n<script type=\"application\/ld+json\" class=\"yoast-schema-graph\">{\"@context\":\"https:\\\/\\\/schema.org\",\"@graph\":[{\"@type\":\"WebPage\",\"@id\":\"https:\\\/\\\/trendsandvision.nl\\\/de\\\/product\\\/esschert-design-pflanzenstuetzringe-aus-metall-set-van-40\\\/\",\"url\":\"https:\\\/\\\/trendsandvision.nl\\\/de\\\/product\\\/esschert-design-pflanzenstuetzringe-aus-metall-set-van-40\\\/\",\"name\":\"Metalen plantenringen set van 40 (GT265, 8714982209604) - Trends & Vision\",\"isPartOf\":{\"@id\":\"https:\\\/\\\/trendsandvision.nl\\\/de\\\/#website\"},\"primaryImageOfPage\":{\"@id\":\"https:\\\/\\\/trendsandvision.nl\\\/de\\\/product\\\/esschert-design-pflanzenstuetzringe-aus-metall-set-van-40\\\/#primaryimage\"},\"image\":{\"@id\":\"https:\\\/\\\/trendsandvision.nl\\\/de\\\/product\\\/esschert-design-pflanzenstuetzringe-aus-metall-set-van-40\\\/#primaryimage\"},\"thumbnailUrl\":\"https:\\\/\\\/trendsandvision.nl\\\/de\\\/wp-content\\\/uploads\\\/sites\\\/3\\\/2022\\\/04\\\/GT265_01.jpg\",\"datePublished\":\"2022-04-22T16:28:33+00:00\",\"dateModified\":\"2026-04-22T13:06:17+00:00\",\"description\":\"Metalen plantenringen set van 40: Deze plantensteunringen zijn een grote hulp bij het rechtop houden van planten\",\"breadcrumb\":{\"@id\":\"https:\\\/\\\/trendsandvision.nl\\\/de\\\/product\\\/esschert-design-pflanzenstuetzringe-aus-metall-set-van-40\\\/#breadcrumb\"},\"inLanguage\":\"de\",\"potentialAction\":[{\"@type\":\"ReadAction\",\"target\":[\"https:\\\/\\\/trendsandvision.nl\\\/de\\\/product\\\/esschert-design-pflanzenstuetzringe-aus-metall-set-van-40\\\/\"]}]},{\"@type\":\"ImageObject\",\"inLanguage\":\"de\",\"@id\":\"https:\\\/\\\/trendsandvision.nl\\\/de\\\/product\\\/esschert-design-pflanzenstuetzringe-aus-metall-set-van-40\\\/#primaryimage\",\"url\":\"https:\\\/\\\/trendsandvision.nl\\\/de\\\/wp-content\\\/uploads\\\/sites\\\/3\\\/2022\\\/04\\\/GT265_01.jpg\",\"contentUrl\":\"https:\\\/\\\/trendsandvision.nl\\\/de\\\/wp-content\\\/uploads\\\/sites\\\/3\\\/2022\\\/04\\\/GT265_01.jpg\",\"width\":800,\"height\":800,\"caption\":\"Metalen plantenringen set van 40 (GT265\"},{\"@type\":\"BreadcrumbList\",\"@id\":\"https:\\\/\\\/trendsandvision.nl\\\/de\\\/product\\\/esschert-design-pflanzenstuetzringe-aus-metall-set-van-40\\\/#breadcrumb\",\"itemListElement\":[{\"@type\":\"ListItem\",\"position\":1,\"name\":\"Home\",\"item\":\"https:\\\/\\\/trendsandvision.nl\\\/de\\\/\"},{\"@type\":\"ListItem\",\"position\":2,\"name\":\"Gesch\u00e4ft\",\"item\":\"https:\\\/\\\/trendsandvision.nl\\\/de\\\/geschaft\\\/\"},{\"@type\":\"ListItem\",\"position\":3,\"name\":\"Esschert Design Pflanzenst\u00fctzringe aus Metall set van 40\"}]},{\"@type\":\"WebSite\",\"@id\":\"https:\\\/\\\/trendsandvision.nl\\\/de\\\/#website\",\"url\":\"https:\\\/\\\/trendsandvision.nl\\\/de\\\/\",\"name\":\"Trends &amp; Vision (DE)\",\"description\":\"Der Webshop f\u00fcr Esschert Design Artikel\",\"publisher\":{\"@id\":\"https:\\\/\\\/trendsandvision.nl\\\/de\\\/#organization\"},\"potentialAction\":[{\"@type\":\"SearchAction\",\"target\":{\"@type\":\"EntryPoint\",\"urlTemplate\":\"https:\\\/\\\/trendsandvision.nl\\\/de\\\/?s={search_term_string}\"},\"query-input\":{\"@type\":\"PropertyValueSpecification\",\"valueRequired\":true,\"valueName\":\"search_term_string\"}}],\"inLanguage\":\"de\"},{\"@type\":\"Organization\",\"@id\":\"https:\\\/\\\/trendsandvision.nl\\\/de\\\/#organization\",\"name\":\"Trends &amp; Vision (DE)\",\"url\":\"https:\\\/\\\/trendsandvision.nl\\\/de\\\/\",\"logo\":{\"@type\":\"ImageObject\",\"inLanguage\":\"de\",\"@id\":\"https:\\\/\\\/trendsandvision.nl\\\/de\\\/#\\\/schema\\\/logo\\\/image\\\/\",\"url\":\"https:\\\/\\\/trendsandvision.nl\\\/de\\\/wp-content\\\/uploads\\\/sites\\\/3\\\/2022\\\/04\\\/trends-and-vision-logo.jpg\",\"contentUrl\":\"https:\\\/\\\/trendsandvision.nl\\\/de\\\/wp-content\\\/uploads\\\/sites\\\/3\\\/2022\\\/04\\\/trends-and-vision-logo.jpg\",\"width\":213,\"height\":100,\"caption\":\"Trends &amp; Vision (DE)\"},\"image\":{\"@id\":\"https:\\\/\\\/trendsandvision.nl\\\/de\\\/#\\\/schema\\\/logo\\\/image\\\/\"}}]}<\/script>\n<!-- \/ Yoast SEO Premium plugin. -->","yoast_head_json":{"title":"Metalen plantenringen set van 40 (GT265, 8714982209604) - Trends & Vision","description":"Metalen plantenringen set van 40: Deze plantensteunringen zijn een grote hulp bij het rechtop houden van planten","robots":{"index":"index","follow":"follow","max-snippet":"max-snippet:-1","max-image-preview":"max-image-preview:large","max-video-preview":"max-video-preview:-1"},"canonical":"https:\/\/trendsandvision.nl\/de\/product\/esschert-design-pflanzenstuetzringe-aus-metall-set-van-40\/","og_locale":"de_DE","og_type":"article","og_title":"Esschert Design Pflanzenst\u00fctzringe aus Metall set van 40","og_description":"Metalen plantenringen set van 40: Deze plantensteunringen zijn een grote hulp bij het rechtop houden van planten","og_url":"https:\/\/trendsandvision.nl\/de\/product\/esschert-design-pflanzenstuetzringe-aus-metall-set-van-40\/","og_site_name":"Trends &amp; Vision (DE)","article_modified_time":"2026-04-22T13:06:17+00:00","og_image":[{"width":800,"height":800,"url":"https:\/\/trendsandvision.nl\/de\/wp-content\/uploads\/sites\/3\/2022\/04\/GT265_01.jpg","type":"image\/jpeg"}],"twitter_card":"summary_large_image","twitter_misc":{"Gesch\u00e4tzte Lesezeit":"1\u00a0Minute"},"schema":{"@context":"https:\/\/schema.org","@graph":[{"@type":"WebPage","@id":"https:\/\/trendsandvision.nl\/de\/product\/esschert-design-pflanzenstuetzringe-aus-metall-set-van-40\/","url":"https:\/\/trendsandvision.nl\/de\/product\/esschert-design-pflanzenstuetzringe-aus-metall-set-van-40\/","name":"Metalen plantenringen set van 40 (GT265, 8714982209604) - Trends & Vision","isPartOf":{"@id":"https:\/\/trendsandvision.nl\/de\/#website"},"primaryImageOfPage":{"@id":"https:\/\/trendsandvision.nl\/de\/product\/esschert-design-pflanzenstuetzringe-aus-metall-set-van-40\/#primaryimage"},"image":{"@id":"https:\/\/trendsandvision.nl\/de\/product\/esschert-design-pflanzenstuetzringe-aus-metall-set-van-40\/#primaryimage"},"thumbnailUrl":"https:\/\/trendsandvision.nl\/de\/wp-content\/uploads\/sites\/3\/2022\/04\/GT265_01.jpg","datePublished":"2022-04-22T16:28:33+00:00","dateModified":"2026-04-22T13:06:17+00:00","description":"Metalen plantenringen set van 40: Deze plantensteunringen zijn een grote hulp bij het rechtop houden van planten","breadcrumb":{"@id":"https:\/\/trendsandvision.nl\/de\/product\/esschert-design-pflanzenstuetzringe-aus-metall-set-van-40\/#breadcrumb"},"inLanguage":"de","potentialAction":[{"@type":"ReadAction","target":["https:\/\/trendsandvision.nl\/de\/product\/esschert-design-pflanzenstuetzringe-aus-metall-set-van-40\/"]}]},{"@type":"ImageObject","inLanguage":"de","@id":"https:\/\/trendsandvision.nl\/de\/product\/esschert-design-pflanzenstuetzringe-aus-metall-set-van-40\/#primaryimage","url":"https:\/\/trendsandvision.nl\/de\/wp-content\/uploads\/sites\/3\/2022\/04\/GT265_01.jpg","contentUrl":"https:\/\/trendsandvision.nl\/de\/wp-content\/uploads\/sites\/3\/2022\/04\/GT265_01.jpg","width":800,"height":800,"caption":"Metalen plantenringen set van 40 (GT265"},{"@type":"BreadcrumbList","@id":"https:\/\/trendsandvision.nl\/de\/product\/esschert-design-pflanzenstuetzringe-aus-metall-set-van-40\/#breadcrumb","itemListElement":[{"@type":"ListItem","position":1,"name":"Home","item":"https:\/\/trendsandvision.nl\/de\/"},{"@type":"ListItem","position":2,"name":"Gesch\u00e4ft","item":"https:\/\/trendsandvision.nl\/de\/geschaft\/"},{"@type":"ListItem","position":3,"name":"Esschert Design Pflanzenst\u00fctzringe aus Metall set van 40"}]},{"@type":"WebSite","@id":"https:\/\/trendsandvision.nl\/de\/#website","url":"https:\/\/trendsandvision.nl\/de\/","name":"Trends &amp; Vision (DE)","description":"Der Webshop f\u00fcr Esschert Design Artikel","publisher":{"@id":"https:\/\/trendsandvision.nl\/de\/#organization"},"potentialAction":[{"@type":"SearchAction","target":{"@type":"EntryPoint","urlTemplate":"https:\/\/trendsandvision.nl\/de\/?s={search_term_string}"},"query-input":{"@type":"PropertyValueSpecification","valueRequired":true,"valueName":"search_term_string"}}],"inLanguage":"de"},{"@type":"Organization","@id":"https:\/\/trendsandvision.nl\/de\/#organization","name":"Trends &amp; Vision (DE)","url":"https:\/\/trendsandvision.nl\/de\/","logo":{"@type":"ImageObject","inLanguage":"de","@id":"https:\/\/trendsandvision.nl\/de\/#\/schema\/logo\/image\/","url":"https:\/\/trendsandvision.nl\/de\/wp-content\/uploads\/sites\/3\/2022\/04\/trends-and-vision-logo.jpg","contentUrl":"https:\/\/trendsandvision.nl\/de\/wp-content\/uploads\/sites\/3\/2022\/04\/trends-and-vision-logo.jpg","width":213,"height":100,"caption":"Trends &amp; Vision (DE)"},"image":{"@id":"https:\/\/trendsandvision.nl\/de\/#\/schema\/logo\/image\/"}}]}},"_links":{"self":[{"href":"https:\/\/trendsandvision.nl\/de\/wp-json\/wp\/v2\/product\/4779","targetHints":{"allow":["GET"]}}],"collection":[{"href":"https:\/\/trendsandvision.nl\/de\/wp-json\/wp\/v2\/product"}],"about":[{"href":"https:\/\/trendsandvision.nl\/de\/wp-json\/wp\/v2\/types\/product"}],"wp:featuredmedia":[{"embeddable":true,"href":"https:\/\/trendsandvision.nl\/de\/wp-json\/wp\/v2\/media\/4780"}],"wp:attachment":[{"href":"https:\/\/trendsandvision.nl\/de\/wp-json\/wp\/v2\/media?parent=4779"}],"wp:term":[{"taxonomy":"product_brand","embeddable":true,"href":"https:\/\/trendsandvision.nl\/de\/wp-json\/wp\/v2\/product_brand?post=4779"},{"taxonomy":"product_cat","embeddable":true,"href":"https:\/\/trendsandvision.nl\/de\/wp-json\/wp\/v2\/product_cat?post=4779"},{"taxonomy":"product_tag","embeddable":true,"href":"https:\/\/trendsandvision.nl\/de\/wp-json\/wp\/v2\/product_tag?post=4779"}],"curies":[{"name":"wp","href":"https:\/\/api.w.org\/{rel}","templated":true}]}}