{"id":4665,"date":"2022-04-22T18:25:11","date_gmt":"2022-04-22T16:25:11","guid":{"rendered":"https:\/\/trendsandvision.nl\/de\/product\/esschert-design-muellaufsammler-fuer-erwachsene\/"},"modified":"2026-04-22T15:05:54","modified_gmt":"2026-04-22T13:05:54","slug":"esschert-design-muellaufsammler-fuer-erwachsene","status":"publish","type":"product","link":"https:\/\/trendsandvision.nl\/de\/product\/esschert-design-muellaufsammler-fuer-erwachsene\/","title":{"rendered":"Esschert Design M\u00fcllaufsammler f\u00fcr Erwachsene"},"content":{"rendered":"<p>Machen Sie die Welt ein wenig sauberer mit diesem M\u00fcllgreifer. Die M\u00fcllreste k\u00f6nnen einfach aufgesammelt werden, ohne den R\u00fccken zu belasten.<br \/>\nAuch f\u00fcr Kinder ist da eine <strong><a href=\"https:\/\/trendsandvision.nl\/de\/?s=M\u00fcllaufsammler&amp;post_type=product&amp;dgwt_wcas=1\">M\u00fcllgreifer<\/a><\/strong><\/p>\n<p>Artikelname: <strong><a href=\"https:\/\/trendsandvision.nl\/de\/?s=M\u00fcllaufsammler&amp;post_type=product&amp;dgwt_wcas=1\">M\u00fcllaufsammler<\/a><\/strong><br \/>\nArtikelnummer: GT213<br \/>\nProduktgruppe(n) Garten &amp; Terrasse, Gartenger\u00e4te, Handwerkzeuge<br \/>\nProduktabmessungen in cm L 8 x T 7 x H 91,5<br \/>\nMaterial: Eisen, PP<br \/>\nNettogewicht 0,086 kg<br \/>\nBarcode 8714982181375<br \/>\nProduzent <a href=\"https:\/\/www.esschertdesign.com\/shop\/de\/zwerfvuilgrijper-voor-volwassenen-gt213\" target=\"_blank\">Esschert Design<\/a><\/p>\n<p><a href=\"https:\/\/www.destatis.de\/Europa\/DE\/Thema\/Umwelt-Energie\/Muell_und_Recycling.html\" target=\"_blank\">Umweltschutz<\/a><\/p>\n","protected":false},"excerpt":{"rendered":"<p>&#8211; Artikelnummer: GT213<br \/>\n&#8211; L 8 x T 7 x H 91,5 cm<br \/>\n&#8211; einfache Handhabung<br \/>\n&#8211; kein B\u00fccken mehr<br \/>\n&#8211; guter Griff<br \/>\n&#8211; Auch f\u00fcr Kinder ist da eine <strong><a href=\"https:\/\/trendsandvision.nl\/de\/?s=M\u00fcllaufsammler&amp;post_type=product&amp;dgwt_wcas=1\">M\u00fcllgreifer<\/a><\/strong><\/p>\n","protected":false},"featured_media":4666,"template":"","meta":[],"product_brand":[9597,9598],"product_cat":[751],"product_tag":[11304,11305,7025,6749,6839,7319],"class_list":{"0":"post-4665","1":"product","2":"type-product","3":"status-publish","4":"has-post-thumbnail","6":"product_brand-esschert-design","7":"product_brand-trends-and-vision","8":"product_cat-garden-tools","9":"product_tag-clean-up","10":"product_tag-cleanup","11":"product_tag-edukativ","12":"product_tag-handwerkzeuge","13":"product_tag-muellaufsammler","14":"product_tag-umweltfreundlich","15":"pa_anbieter-esschert-design","16":"pa_ean-code-2759","17":"pa_messungen-78x74x84-cm","19":"first","20":"instock","21":"sale","22":"taxable","23":"shipping-taxable","24":"purchasable","25":"product-type-simple","26":"czr-hentry"},"yoast_head":"<!-- This site is optimized with the Yoast SEO Premium plugin v27.4 (Yoast SEO v27.4) - https:\/\/yoast.com\/product\/yoast-seo-premium-wordpress\/ -->\n<title>Esschert Design M\u00fcllaufsammler f\u00fcr Erwachsene (GT213)<\/title>\n<meta name=\"description\" content=\"Esschert Design M\u00fcllaufsammler f\u00fcr Erwachsene (GT213, 8714982181375): - L 8 x T 7 x H 91,5 cm- einfache Handhabung- kein B\u00fccken mehr- guter Griff\" \/>\n<meta name=\"robots\" content=\"index, follow, max-snippet:-1, max-image-preview:large, max-video-preview:-1\" \/>\n<link rel=\"canonical\" href=\"https:\/\/trendsandvision.nl\/de\/product\/esschert-design-muellaufsammler-fuer-erwachsene\/\" \/>\n<meta property=\"og:locale\" content=\"de_DE\" \/>\n<meta property=\"og:type\" content=\"article\" \/>\n<meta property=\"og:title\" content=\"Esschert Design M\u00fcllaufsammler f\u00fcr Erwachsene\" \/>\n<meta property=\"og:description\" content=\"Esschert Design M\u00fcllaufsammler f\u00fcr Erwachsene (GT213, 8714982181375): - L 8 x T 7 x H 91,5 cm- einfache Handhabung- kein B\u00fccken mehr- guter Griff\" \/>\n<meta property=\"og:url\" content=\"https:\/\/trendsandvision.nl\/de\/product\/esschert-design-muellaufsammler-fuer-erwachsene\/\" \/>\n<meta property=\"og:site_name\" content=\"Trends &amp; Vision (DE)\" \/>\n<meta property=\"article:modified_time\" content=\"2026-04-22T13:05:54+00:00\" \/>\n<meta property=\"og:image\" content=\"https:\/\/trendsandvision.nl\/de\/wp-content\/uploads\/sites\/3\/2022\/04\/GT213_01.jpg\" \/>\n\t<meta property=\"og:image:width\" content=\"800\" \/>\n\t<meta property=\"og:image:height\" content=\"800\" \/>\n\t<meta property=\"og:image:type\" content=\"image\/jpeg\" \/>\n<meta name=\"twitter:card\" content=\"summary_large_image\" \/>\n<meta name=\"twitter:label1\" content=\"Gesch\u00e4tzte Lesezeit\" \/>\n\t<meta name=\"twitter:data1\" content=\"1\u00a0Minute\" \/>\n<script type=\"application\/ld+json\" class=\"yoast-schema-graph\">{\"@context\":\"https:\\\/\\\/schema.org\",\"@graph\":[{\"@type\":\"WebPage\",\"@id\":\"https:\\\/\\\/trendsandvision.nl\\\/de\\\/product\\\/esschert-design-muellaufsammler-fuer-erwachsene\\\/\",\"url\":\"https:\\\/\\\/trendsandvision.nl\\\/de\\\/product\\\/esschert-design-muellaufsammler-fuer-erwachsene\\\/\",\"name\":\"Esschert Design M\u00fcllaufsammler f\u00fcr Erwachsene (GT213)\",\"isPartOf\":{\"@id\":\"https:\\\/\\\/trendsandvision.nl\\\/de\\\/#website\"},\"primaryImageOfPage\":{\"@id\":\"https:\\\/\\\/trendsandvision.nl\\\/de\\\/product\\\/esschert-design-muellaufsammler-fuer-erwachsene\\\/#primaryimage\"},\"image\":{\"@id\":\"https:\\\/\\\/trendsandvision.nl\\\/de\\\/product\\\/esschert-design-muellaufsammler-fuer-erwachsene\\\/#primaryimage\"},\"thumbnailUrl\":\"https:\\\/\\\/trendsandvision.nl\\\/de\\\/wp-content\\\/uploads\\\/sites\\\/3\\\/2022\\\/04\\\/GT213_01.jpg\",\"datePublished\":\"2022-04-22T16:25:11+00:00\",\"dateModified\":\"2026-04-22T13:05:54+00:00\",\"description\":\"Esschert Design M\u00fcllaufsammler f\u00fcr Erwachsene (GT213, 8714982181375): - L 8 x T 7 x H 91,5 cm- einfache Handhabung- kein B\u00fccken mehr- guter Griff\",\"breadcrumb\":{\"@id\":\"https:\\\/\\\/trendsandvision.nl\\\/de\\\/product\\\/esschert-design-muellaufsammler-fuer-erwachsene\\\/#breadcrumb\"},\"inLanguage\":\"de\",\"potentialAction\":[{\"@type\":\"ReadAction\",\"target\":[\"https:\\\/\\\/trendsandvision.nl\\\/de\\\/product\\\/esschert-design-muellaufsammler-fuer-erwachsene\\\/\"]}]},{\"@type\":\"ImageObject\",\"inLanguage\":\"de\",\"@id\":\"https:\\\/\\\/trendsandvision.nl\\\/de\\\/product\\\/esschert-design-muellaufsammler-fuer-erwachsene\\\/#primaryimage\",\"url\":\"https:\\\/\\\/trendsandvision.nl\\\/de\\\/wp-content\\\/uploads\\\/sites\\\/3\\\/2022\\\/04\\\/GT213_01.jpg\",\"contentUrl\":\"https:\\\/\\\/trendsandvision.nl\\\/de\\\/wp-content\\\/uploads\\\/sites\\\/3\\\/2022\\\/04\\\/GT213_01.jpg\",\"width\":800,\"height\":800,\"caption\":\"Trends and Vision M\u00fcllaufsammler f\u00fcr Erwachsene (GT213, 8714982181375): - L 8 x T 7 x H 91,5 cm- einfache Handhabung- kein B\u00fccken mehr- guter Griff\"},{\"@type\":\"BreadcrumbList\",\"@id\":\"https:\\\/\\\/trendsandvision.nl\\\/de\\\/product\\\/esschert-design-muellaufsammler-fuer-erwachsene\\\/#breadcrumb\",\"itemListElement\":[{\"@type\":\"ListItem\",\"position\":1,\"name\":\"Home\",\"item\":\"https:\\\/\\\/trendsandvision.nl\\\/de\\\/\"},{\"@type\":\"ListItem\",\"position\":2,\"name\":\"Gesch\u00e4ft\",\"item\":\"https:\\\/\\\/trendsandvision.nl\\\/de\\\/geschaft\\\/\"},{\"@type\":\"ListItem\",\"position\":3,\"name\":\"Esschert Design M\u00fcllaufsammler f\u00fcr Erwachsene\"}]},{\"@type\":\"WebSite\",\"@id\":\"https:\\\/\\\/trendsandvision.nl\\\/de\\\/#website\",\"url\":\"https:\\\/\\\/trendsandvision.nl\\\/de\\\/\",\"name\":\"Trends &amp; Vision (DE)\",\"description\":\"Der Webshop f\u00fcr Esschert Design Artikel\",\"publisher\":{\"@id\":\"https:\\\/\\\/trendsandvision.nl\\\/de\\\/#organization\"},\"potentialAction\":[{\"@type\":\"SearchAction\",\"target\":{\"@type\":\"EntryPoint\",\"urlTemplate\":\"https:\\\/\\\/trendsandvision.nl\\\/de\\\/?s={search_term_string}\"},\"query-input\":{\"@type\":\"PropertyValueSpecification\",\"valueRequired\":true,\"valueName\":\"search_term_string\"}}],\"inLanguage\":\"de\"},{\"@type\":\"Organization\",\"@id\":\"https:\\\/\\\/trendsandvision.nl\\\/de\\\/#organization\",\"name\":\"Trends &amp; Vision (DE)\",\"url\":\"https:\\\/\\\/trendsandvision.nl\\\/de\\\/\",\"logo\":{\"@type\":\"ImageObject\",\"inLanguage\":\"de\",\"@id\":\"https:\\\/\\\/trendsandvision.nl\\\/de\\\/#\\\/schema\\\/logo\\\/image\\\/\",\"url\":\"https:\\\/\\\/trendsandvision.nl\\\/de\\\/wp-content\\\/uploads\\\/sites\\\/3\\\/2022\\\/04\\\/trends-and-vision-logo.jpg\",\"contentUrl\":\"https:\\\/\\\/trendsandvision.nl\\\/de\\\/wp-content\\\/uploads\\\/sites\\\/3\\\/2022\\\/04\\\/trends-and-vision-logo.jpg\",\"width\":213,\"height\":100,\"caption\":\"Trends &amp; Vision (DE)\"},\"image\":{\"@id\":\"https:\\\/\\\/trendsandvision.nl\\\/de\\\/#\\\/schema\\\/logo\\\/image\\\/\"}}]}<\/script>\n<!-- \/ Yoast SEO Premium plugin. -->","yoast_head_json":{"title":"Esschert Design M\u00fcllaufsammler f\u00fcr Erwachsene (GT213)","description":"Esschert Design M\u00fcllaufsammler f\u00fcr Erwachsene (GT213, 8714982181375): - L 8 x T 7 x H 91,5 cm- einfache Handhabung- kein B\u00fccken mehr- guter Griff","robots":{"index":"index","follow":"follow","max-snippet":"max-snippet:-1","max-image-preview":"max-image-preview:large","max-video-preview":"max-video-preview:-1"},"canonical":"https:\/\/trendsandvision.nl\/de\/product\/esschert-design-muellaufsammler-fuer-erwachsene\/","og_locale":"de_DE","og_type":"article","og_title":"Esschert Design M\u00fcllaufsammler f\u00fcr Erwachsene","og_description":"Esschert Design M\u00fcllaufsammler f\u00fcr Erwachsene (GT213, 8714982181375): - L 8 x T 7 x H 91,5 cm- einfache Handhabung- kein B\u00fccken mehr- guter Griff","og_url":"https:\/\/trendsandvision.nl\/de\/product\/esschert-design-muellaufsammler-fuer-erwachsene\/","og_site_name":"Trends &amp; Vision (DE)","article_modified_time":"2026-04-22T13:05:54+00:00","og_image":[{"width":800,"height":800,"url":"https:\/\/trendsandvision.nl\/de\/wp-content\/uploads\/sites\/3\/2022\/04\/GT213_01.jpg","type":"image\/jpeg"}],"twitter_card":"summary_large_image","twitter_misc":{"Gesch\u00e4tzte Lesezeit":"1\u00a0Minute"},"schema":{"@context":"https:\/\/schema.org","@graph":[{"@type":"WebPage","@id":"https:\/\/trendsandvision.nl\/de\/product\/esschert-design-muellaufsammler-fuer-erwachsene\/","url":"https:\/\/trendsandvision.nl\/de\/product\/esschert-design-muellaufsammler-fuer-erwachsene\/","name":"Esschert Design M\u00fcllaufsammler f\u00fcr Erwachsene (GT213)","isPartOf":{"@id":"https:\/\/trendsandvision.nl\/de\/#website"},"primaryImageOfPage":{"@id":"https:\/\/trendsandvision.nl\/de\/product\/esschert-design-muellaufsammler-fuer-erwachsene\/#primaryimage"},"image":{"@id":"https:\/\/trendsandvision.nl\/de\/product\/esschert-design-muellaufsammler-fuer-erwachsene\/#primaryimage"},"thumbnailUrl":"https:\/\/trendsandvision.nl\/de\/wp-content\/uploads\/sites\/3\/2022\/04\/GT213_01.jpg","datePublished":"2022-04-22T16:25:11+00:00","dateModified":"2026-04-22T13:05:54+00:00","description":"Esschert Design M\u00fcllaufsammler f\u00fcr Erwachsene (GT213, 8714982181375): - L 8 x T 7 x H 91,5 cm- einfache Handhabung- kein B\u00fccken mehr- guter Griff","breadcrumb":{"@id":"https:\/\/trendsandvision.nl\/de\/product\/esschert-design-muellaufsammler-fuer-erwachsene\/#breadcrumb"},"inLanguage":"de","potentialAction":[{"@type":"ReadAction","target":["https:\/\/trendsandvision.nl\/de\/product\/esschert-design-muellaufsammler-fuer-erwachsene\/"]}]},{"@type":"ImageObject","inLanguage":"de","@id":"https:\/\/trendsandvision.nl\/de\/product\/esschert-design-muellaufsammler-fuer-erwachsene\/#primaryimage","url":"https:\/\/trendsandvision.nl\/de\/wp-content\/uploads\/sites\/3\/2022\/04\/GT213_01.jpg","contentUrl":"https:\/\/trendsandvision.nl\/de\/wp-content\/uploads\/sites\/3\/2022\/04\/GT213_01.jpg","width":800,"height":800,"caption":"Trends and Vision M\u00fcllaufsammler f\u00fcr Erwachsene (GT213, 8714982181375): - L 8 x T 7 x H 91,5 cm- einfache Handhabung- kein B\u00fccken mehr- guter Griff"},{"@type":"BreadcrumbList","@id":"https:\/\/trendsandvision.nl\/de\/product\/esschert-design-muellaufsammler-fuer-erwachsene\/#breadcrumb","itemListElement":[{"@type":"ListItem","position":1,"name":"Home","item":"https:\/\/trendsandvision.nl\/de\/"},{"@type":"ListItem","position":2,"name":"Gesch\u00e4ft","item":"https:\/\/trendsandvision.nl\/de\/geschaft\/"},{"@type":"ListItem","position":3,"name":"Esschert Design M\u00fcllaufsammler f\u00fcr Erwachsene"}]},{"@type":"WebSite","@id":"https:\/\/trendsandvision.nl\/de\/#website","url":"https:\/\/trendsandvision.nl\/de\/","name":"Trends &amp; Vision (DE)","description":"Der Webshop f\u00fcr Esschert Design Artikel","publisher":{"@id":"https:\/\/trendsandvision.nl\/de\/#organization"},"potentialAction":[{"@type":"SearchAction","target":{"@type":"EntryPoint","urlTemplate":"https:\/\/trendsandvision.nl\/de\/?s={search_term_string}"},"query-input":{"@type":"PropertyValueSpecification","valueRequired":true,"valueName":"search_term_string"}}],"inLanguage":"de"},{"@type":"Organization","@id":"https:\/\/trendsandvision.nl\/de\/#organization","name":"Trends &amp; Vision (DE)","url":"https:\/\/trendsandvision.nl\/de\/","logo":{"@type":"ImageObject","inLanguage":"de","@id":"https:\/\/trendsandvision.nl\/de\/#\/schema\/logo\/image\/","url":"https:\/\/trendsandvision.nl\/de\/wp-content\/uploads\/sites\/3\/2022\/04\/trends-and-vision-logo.jpg","contentUrl":"https:\/\/trendsandvision.nl\/de\/wp-content\/uploads\/sites\/3\/2022\/04\/trends-and-vision-logo.jpg","width":213,"height":100,"caption":"Trends &amp; Vision (DE)"},"image":{"@id":"https:\/\/trendsandvision.nl\/de\/#\/schema\/logo\/image\/"}}]}},"_links":{"self":[{"href":"https:\/\/trendsandvision.nl\/de\/wp-json\/wp\/v2\/product\/4665","targetHints":{"allow":["GET"]}}],"collection":[{"href":"https:\/\/trendsandvision.nl\/de\/wp-json\/wp\/v2\/product"}],"about":[{"href":"https:\/\/trendsandvision.nl\/de\/wp-json\/wp\/v2\/types\/product"}],"wp:featuredmedia":[{"embeddable":true,"href":"https:\/\/trendsandvision.nl\/de\/wp-json\/wp\/v2\/media\/4666"}],"wp:attachment":[{"href":"https:\/\/trendsandvision.nl\/de\/wp-json\/wp\/v2\/media?parent=4665"}],"wp:term":[{"taxonomy":"product_brand","embeddable":true,"href":"https:\/\/trendsandvision.nl\/de\/wp-json\/wp\/v2\/product_brand?post=4665"},{"taxonomy":"product_cat","embeddable":true,"href":"https:\/\/trendsandvision.nl\/de\/wp-json\/wp\/v2\/product_cat?post=4665"},{"taxonomy":"product_tag","embeddable":true,"href":"https:\/\/trendsandvision.nl\/de\/wp-json\/wp\/v2\/product_tag?post=4665"}],"curies":[{"name":"wp","href":"https:\/\/api.w.org\/{rel}","templated":true}]}}