{"id":4626,"date":"2022-04-22T18:24:21","date_gmt":"2022-04-22T16:24:21","guid":{"rendered":"https:\/\/trendsandvision.nl\/de\/product\/esschert-design-aufbewahrungskorb-aus-gewachstem-segeltuch-l\/"},"modified":"2025-10-14T23:40:58","modified_gmt":"2025-10-14T21:40:58","slug":"esschert-design-aufbewahrungskorb-aus-gewachstem-segeltuch-l","status":"publish","type":"product","link":"https:\/\/trendsandvision.nl\/de\/product\/esschert-design-aufbewahrungskorb-aus-gewachstem-segeltuch-l\/","title":{"rendered":"Esschert Design Aufbewahrungskorb aus gewachstem Segeltuch L."},"content":{"rendered":"<p>Gewachstes Canvas ist einer der \u00e4ltesten Stoffe der Welt. Der Ursprung der Wachsstoffe beginnt im 15. Jahrhundert, als \u00d6l und Fett verwendet wurden, um die Plane wasser- und winddicht zu machen.<br \/>\nAus diesem wasserabweisenden Canvas wurde auch Kleidung produziert, die von Seeleuten und Fischern getragen wurde. Es erfreute sich aufgrund seiner Haltbarkeit und Festigkeit gro\u00dfer Beliebtheit. In diesem Korb k\u00f6nnen Gartenger\u00e4te und andere Gegenst\u00e4nde aufbewahrt werden. Stilvoll und robust, ein Muss f\u00fcr den anspruchsvollen G\u00e4rtner.<\/p>\n<p>&#8211; wasserabweisend<br \/>\n&#8211; stark und langlebig<br \/>\n&#8211; entwickelt im Laufe der Zeit eine sch\u00f6ne Patina<br \/>\n&#8211; stilvoll und robust<\/p>\n<p>Artikelname: Aufbewahrungskorb aus gewachstem Segeltuch L.<br \/>\nArtikelnummer: GT203<br \/>\nProduktgruppe(n) Garten&amp;Terrasse, Gartenger\u00e4te, Multifunktionelles Textil, Aufbewahrungsl\u00f6sungen, Kultivierung, T\u00f6pfe und Gef\u00e4\u00dfe, K\u00f6rbe und Sch\u00fcsseln, Indoor, Sonstiges<br \/>\nProduktabmessungen in cm L 29 x T 29 x H 33,5<br \/>\nMaterial: Gewachster Canvas ( 75% Baumwolle, 15% Polyester, 10% Parafin)<br \/>\nNettogewicht 0,295 kg<br \/>\nBarcode 8714982174025<\/p>\n","protected":false},"excerpt":{"rendered":"<p>&#8211; Artikelnummer: GT203<br \/>\n&#8211; cm L 29 x T 29 x H 33,5<br \/>\n&#8211; wasserabweisend<br \/>\n&#8211; stark und langlebig<br \/>\n&#8211; entwickelt im Laufe der Zeit eine sch\u00f6ne Patina<br \/>\n&#8211; stilvoll und robust<br \/>\n&#8211; Material: Gewachster Canvas<br \/>\n&#8211; 75% Baumwolle, 15% Polyester, 10% Parafin<br \/>\n&#8211; Nettogewicht 0,295 kg<br \/>\n&#8211; Barcode 8714982174025<\/p>\n","protected":false},"featured_media":4627,"template":"","meta":[],"product_brand":[9597,9598],"product_cat":[751],"product_tag":[7049,7384,7508],"class_list":{"0":"post-4626","1":"product","2":"type-product","3":"status-publish","4":"has-post-thumbnail","6":"product_brand-esschert-design","7":"product_brand-trends-and-vision","8":"product_cat-garden-tools","9":"product_tag-aufbewahrungsloesungen","10":"product_tag-feuer","11":"product_tag-koerbe-und-schuesseln","12":"pa_anbieter-esschert-design","13":"pa_ean-code-2734","14":"pa_material-gewachster-canvas-75-baumwolle-15-polyester-10-parafin","15":"pa_messungen-290x290x330-cm","17":"first","18":"instock","19":"sale","20":"taxable","21":"shipping-taxable","22":"purchasable","23":"product-type-simple","24":"czr-hentry"},"yoast_head":"<!-- This site is optimized with the Yoast SEO Premium plugin v27.4 (Yoast SEO v27.5) - https:\/\/yoast.com\/product\/yoast-seo-premium-wordpress\/ -->\n<title>Esschert Design Aufbewahrungskorb aus gewachstem Segeltuch L. (GT203, 8714982174025) - Trends &amp; Vision<\/title>\n<meta name=\"description\" content=\"Esschert Design Aufbewahrungskorb aus gewachstem Segeltuch L.: Gewachstes Canvas ist einer der \u00e4ltesten Stoffe der Welt. Der Ursprung der Wachsstoffe beginnt im 15\" \/>\n<meta name=\"robots\" content=\"index, follow, max-snippet:-1, max-image-preview:large, max-video-preview:-1\" \/>\n<link rel=\"canonical\" href=\"https:\/\/trendsandvision.nl\/de\/product\/esschert-design-aufbewahrungskorb-aus-gewachstem-segeltuch-l\/\" \/>\n<meta property=\"og:locale\" content=\"de_DE\" \/>\n<meta property=\"og:type\" content=\"article\" \/>\n<meta property=\"og:title\" content=\"Esschert Design Aufbewahrungskorb aus gewachstem Segeltuch L.\" \/>\n<meta property=\"og:description\" content=\"Esschert Design Aufbewahrungskorb aus gewachstem Segeltuch L.: Gewachstes Canvas ist einer der \u00e4ltesten Stoffe der Welt. Der Ursprung der Wachsstoffe beginnt im 15\" \/>\n<meta property=\"og:url\" content=\"https:\/\/trendsandvision.nl\/de\/product\/esschert-design-aufbewahrungskorb-aus-gewachstem-segeltuch-l\/\" \/>\n<meta property=\"og:site_name\" content=\"Trends &amp; Vision (DE)\" \/>\n<meta property=\"article:modified_time\" content=\"2025-10-14T21:40:58+00:00\" \/>\n<meta property=\"og:image\" content=\"https:\/\/trendsandvision.nl\/de\/wp-content\/uploads\/sites\/3\/2022\/04\/GT203_01.jpg\" \/>\n\t<meta property=\"og:image:width\" content=\"800\" \/>\n\t<meta property=\"og:image:height\" content=\"800\" \/>\n\t<meta property=\"og:image:type\" content=\"image\/jpeg\" \/>\n<meta name=\"twitter:card\" content=\"summary_large_image\" \/>\n<meta name=\"twitter:label1\" content=\"Gesch\u00e4tzte Lesezeit\" \/>\n\t<meta name=\"twitter:data1\" content=\"1\u00a0Minute\" \/>\n<script type=\"application\/ld+json\" class=\"yoast-schema-graph\">{\"@context\":\"https:\\\/\\\/schema.org\",\"@graph\":[{\"@type\":\"WebPage\",\"@id\":\"https:\\\/\\\/trendsandvision.nl\\\/de\\\/product\\\/esschert-design-aufbewahrungskorb-aus-gewachstem-segeltuch-l\\\/\",\"url\":\"https:\\\/\\\/trendsandvision.nl\\\/de\\\/product\\\/esschert-design-aufbewahrungskorb-aus-gewachstem-segeltuch-l\\\/\",\"name\":\"Esschert Design Aufbewahrungskorb aus gewachstem Segeltuch L. (GT203, 8714982174025) - Trends & Vision\",\"isPartOf\":{\"@id\":\"https:\\\/\\\/trendsandvision.nl\\\/de\\\/#website\"},\"primaryImageOfPage\":{\"@id\":\"https:\\\/\\\/trendsandvision.nl\\\/de\\\/product\\\/esschert-design-aufbewahrungskorb-aus-gewachstem-segeltuch-l\\\/#primaryimage\"},\"image\":{\"@id\":\"https:\\\/\\\/trendsandvision.nl\\\/de\\\/product\\\/esschert-design-aufbewahrungskorb-aus-gewachstem-segeltuch-l\\\/#primaryimage\"},\"thumbnailUrl\":\"https:\\\/\\\/trendsandvision.nl\\\/de\\\/wp-content\\\/uploads\\\/sites\\\/3\\\/2022\\\/04\\\/GT203_01.jpg\",\"datePublished\":\"2022-04-22T16:24:21+00:00\",\"dateModified\":\"2025-10-14T21:40:58+00:00\",\"description\":\"Esschert Design Aufbewahrungskorb aus gewachstem Segeltuch L.: Gewachstes Canvas ist einer der \u00e4ltesten Stoffe der Welt. Der Ursprung der Wachsstoffe beginnt im 15\",\"breadcrumb\":{\"@id\":\"https:\\\/\\\/trendsandvision.nl\\\/de\\\/product\\\/esschert-design-aufbewahrungskorb-aus-gewachstem-segeltuch-l\\\/#breadcrumb\"},\"inLanguage\":\"de\",\"potentialAction\":[{\"@type\":\"ReadAction\",\"target\":[\"https:\\\/\\\/trendsandvision.nl\\\/de\\\/product\\\/esschert-design-aufbewahrungskorb-aus-gewachstem-segeltuch-l\\\/\"]}]},{\"@type\":\"ImageObject\",\"inLanguage\":\"de\",\"@id\":\"https:\\\/\\\/trendsandvision.nl\\\/de\\\/product\\\/esschert-design-aufbewahrungskorb-aus-gewachstem-segeltuch-l\\\/#primaryimage\",\"url\":\"https:\\\/\\\/trendsandvision.nl\\\/de\\\/wp-content\\\/uploads\\\/sites\\\/3\\\/2022\\\/04\\\/GT203_01.jpg\",\"contentUrl\":\"https:\\\/\\\/trendsandvision.nl\\\/de\\\/wp-content\\\/uploads\\\/sites\\\/3\\\/2022\\\/04\\\/GT203_01.jpg\",\"width\":800,\"height\":800,\"caption\":\"Esschert Design Aufbewahrungskorb aus gewachstem Segeltuch L. (GT203\"},{\"@type\":\"BreadcrumbList\",\"@id\":\"https:\\\/\\\/trendsandvision.nl\\\/de\\\/product\\\/esschert-design-aufbewahrungskorb-aus-gewachstem-segeltuch-l\\\/#breadcrumb\",\"itemListElement\":[{\"@type\":\"ListItem\",\"position\":1,\"name\":\"Home\",\"item\":\"https:\\\/\\\/trendsandvision.nl\\\/de\\\/\"},{\"@type\":\"ListItem\",\"position\":2,\"name\":\"Gesch\u00e4ft\",\"item\":\"https:\\\/\\\/trendsandvision.nl\\\/de\\\/geschaft\\\/\"},{\"@type\":\"ListItem\",\"position\":3,\"name\":\"Esschert Design Aufbewahrungskorb aus gewachstem Segeltuch L.\"}]},{\"@type\":\"WebSite\",\"@id\":\"https:\\\/\\\/trendsandvision.nl\\\/de\\\/#website\",\"url\":\"https:\\\/\\\/trendsandvision.nl\\\/de\\\/\",\"name\":\"Trends &amp; Vision (DE)\",\"description\":\"Der Webshop f\u00fcr Esschert Design Artikel\",\"publisher\":{\"@id\":\"https:\\\/\\\/trendsandvision.nl\\\/de\\\/#organization\"},\"potentialAction\":[{\"@type\":\"SearchAction\",\"target\":{\"@type\":\"EntryPoint\",\"urlTemplate\":\"https:\\\/\\\/trendsandvision.nl\\\/de\\\/?s={search_term_string}\"},\"query-input\":{\"@type\":\"PropertyValueSpecification\",\"valueRequired\":true,\"valueName\":\"search_term_string\"}}],\"inLanguage\":\"de\"},{\"@type\":\"Organization\",\"@id\":\"https:\\\/\\\/trendsandvision.nl\\\/de\\\/#organization\",\"name\":\"Trends &amp; Vision (DE)\",\"url\":\"https:\\\/\\\/trendsandvision.nl\\\/de\\\/\",\"logo\":{\"@type\":\"ImageObject\",\"inLanguage\":\"de\",\"@id\":\"https:\\\/\\\/trendsandvision.nl\\\/de\\\/#\\\/schema\\\/logo\\\/image\\\/\",\"url\":\"https:\\\/\\\/trendsandvision.nl\\\/de\\\/wp-content\\\/uploads\\\/sites\\\/3\\\/2022\\\/04\\\/trends-and-vision-logo.jpg\",\"contentUrl\":\"https:\\\/\\\/trendsandvision.nl\\\/de\\\/wp-content\\\/uploads\\\/sites\\\/3\\\/2022\\\/04\\\/trends-and-vision-logo.jpg\",\"width\":213,\"height\":100,\"caption\":\"Trends &amp; Vision (DE)\"},\"image\":{\"@id\":\"https:\\\/\\\/trendsandvision.nl\\\/de\\\/#\\\/schema\\\/logo\\\/image\\\/\"}}]}<\/script>\n<!-- \/ Yoast SEO Premium plugin. -->","yoast_head_json":{"title":"Esschert Design Aufbewahrungskorb aus gewachstem Segeltuch L. (GT203, 8714982174025) - Trends & Vision","description":"Esschert Design Aufbewahrungskorb aus gewachstem Segeltuch L.: Gewachstes Canvas ist einer der \u00e4ltesten Stoffe der Welt. Der Ursprung der Wachsstoffe beginnt im 15","robots":{"index":"index","follow":"follow","max-snippet":"max-snippet:-1","max-image-preview":"max-image-preview:large","max-video-preview":"max-video-preview:-1"},"canonical":"https:\/\/trendsandvision.nl\/de\/product\/esschert-design-aufbewahrungskorb-aus-gewachstem-segeltuch-l\/","og_locale":"de_DE","og_type":"article","og_title":"Esschert Design Aufbewahrungskorb aus gewachstem Segeltuch L.","og_description":"Esschert Design Aufbewahrungskorb aus gewachstem Segeltuch L.: Gewachstes Canvas ist einer der \u00e4ltesten Stoffe der Welt. Der Ursprung der Wachsstoffe beginnt im 15","og_url":"https:\/\/trendsandvision.nl\/de\/product\/esschert-design-aufbewahrungskorb-aus-gewachstem-segeltuch-l\/","og_site_name":"Trends &amp; Vision (DE)","article_modified_time":"2025-10-14T21:40:58+00:00","og_image":[{"width":800,"height":800,"url":"https:\/\/trendsandvision.nl\/de\/wp-content\/uploads\/sites\/3\/2022\/04\/GT203_01.jpg","type":"image\/jpeg"}],"twitter_card":"summary_large_image","twitter_misc":{"Gesch\u00e4tzte Lesezeit":"1\u00a0Minute"},"schema":{"@context":"https:\/\/schema.org","@graph":[{"@type":"WebPage","@id":"https:\/\/trendsandvision.nl\/de\/product\/esschert-design-aufbewahrungskorb-aus-gewachstem-segeltuch-l\/","url":"https:\/\/trendsandvision.nl\/de\/product\/esschert-design-aufbewahrungskorb-aus-gewachstem-segeltuch-l\/","name":"Esschert Design Aufbewahrungskorb aus gewachstem Segeltuch L. (GT203, 8714982174025) - Trends & Vision","isPartOf":{"@id":"https:\/\/trendsandvision.nl\/de\/#website"},"primaryImageOfPage":{"@id":"https:\/\/trendsandvision.nl\/de\/product\/esschert-design-aufbewahrungskorb-aus-gewachstem-segeltuch-l\/#primaryimage"},"image":{"@id":"https:\/\/trendsandvision.nl\/de\/product\/esschert-design-aufbewahrungskorb-aus-gewachstem-segeltuch-l\/#primaryimage"},"thumbnailUrl":"https:\/\/trendsandvision.nl\/de\/wp-content\/uploads\/sites\/3\/2022\/04\/GT203_01.jpg","datePublished":"2022-04-22T16:24:21+00:00","dateModified":"2025-10-14T21:40:58+00:00","description":"Esschert Design Aufbewahrungskorb aus gewachstem Segeltuch L.: Gewachstes Canvas ist einer der \u00e4ltesten Stoffe der Welt. Der Ursprung der Wachsstoffe beginnt im 15","breadcrumb":{"@id":"https:\/\/trendsandvision.nl\/de\/product\/esschert-design-aufbewahrungskorb-aus-gewachstem-segeltuch-l\/#breadcrumb"},"inLanguage":"de","potentialAction":[{"@type":"ReadAction","target":["https:\/\/trendsandvision.nl\/de\/product\/esschert-design-aufbewahrungskorb-aus-gewachstem-segeltuch-l\/"]}]},{"@type":"ImageObject","inLanguage":"de","@id":"https:\/\/trendsandvision.nl\/de\/product\/esschert-design-aufbewahrungskorb-aus-gewachstem-segeltuch-l\/#primaryimage","url":"https:\/\/trendsandvision.nl\/de\/wp-content\/uploads\/sites\/3\/2022\/04\/GT203_01.jpg","contentUrl":"https:\/\/trendsandvision.nl\/de\/wp-content\/uploads\/sites\/3\/2022\/04\/GT203_01.jpg","width":800,"height":800,"caption":"Esschert Design Aufbewahrungskorb aus gewachstem Segeltuch L. (GT203"},{"@type":"BreadcrumbList","@id":"https:\/\/trendsandvision.nl\/de\/product\/esschert-design-aufbewahrungskorb-aus-gewachstem-segeltuch-l\/#breadcrumb","itemListElement":[{"@type":"ListItem","position":1,"name":"Home","item":"https:\/\/trendsandvision.nl\/de\/"},{"@type":"ListItem","position":2,"name":"Gesch\u00e4ft","item":"https:\/\/trendsandvision.nl\/de\/geschaft\/"},{"@type":"ListItem","position":3,"name":"Esschert Design Aufbewahrungskorb aus gewachstem Segeltuch L."}]},{"@type":"WebSite","@id":"https:\/\/trendsandvision.nl\/de\/#website","url":"https:\/\/trendsandvision.nl\/de\/","name":"Trends &amp; Vision (DE)","description":"Der Webshop f\u00fcr Esschert Design Artikel","publisher":{"@id":"https:\/\/trendsandvision.nl\/de\/#organization"},"potentialAction":[{"@type":"SearchAction","target":{"@type":"EntryPoint","urlTemplate":"https:\/\/trendsandvision.nl\/de\/?s={search_term_string}"},"query-input":{"@type":"PropertyValueSpecification","valueRequired":true,"valueName":"search_term_string"}}],"inLanguage":"de"},{"@type":"Organization","@id":"https:\/\/trendsandvision.nl\/de\/#organization","name":"Trends &amp; Vision (DE)","url":"https:\/\/trendsandvision.nl\/de\/","logo":{"@type":"ImageObject","inLanguage":"de","@id":"https:\/\/trendsandvision.nl\/de\/#\/schema\/logo\/image\/","url":"https:\/\/trendsandvision.nl\/de\/wp-content\/uploads\/sites\/3\/2022\/04\/trends-and-vision-logo.jpg","contentUrl":"https:\/\/trendsandvision.nl\/de\/wp-content\/uploads\/sites\/3\/2022\/04\/trends-and-vision-logo.jpg","width":213,"height":100,"caption":"Trends &amp; Vision (DE)"},"image":{"@id":"https:\/\/trendsandvision.nl\/de\/#\/schema\/logo\/image\/"}}]}},"_links":{"self":[{"href":"https:\/\/trendsandvision.nl\/de\/wp-json\/wp\/v2\/product\/4626","targetHints":{"allow":["GET"]}}],"collection":[{"href":"https:\/\/trendsandvision.nl\/de\/wp-json\/wp\/v2\/product"}],"about":[{"href":"https:\/\/trendsandvision.nl\/de\/wp-json\/wp\/v2\/types\/product"}],"wp:featuredmedia":[{"embeddable":true,"href":"https:\/\/trendsandvision.nl\/de\/wp-json\/wp\/v2\/media\/4627"}],"wp:attachment":[{"href":"https:\/\/trendsandvision.nl\/de\/wp-json\/wp\/v2\/media?parent=4626"}],"wp:term":[{"taxonomy":"product_brand","embeddable":true,"href":"https:\/\/trendsandvision.nl\/de\/wp-json\/wp\/v2\/product_brand?post=4626"},{"taxonomy":"product_cat","embeddable":true,"href":"https:\/\/trendsandvision.nl\/de\/wp-json\/wp\/v2\/product_cat?post=4626"},{"taxonomy":"product_tag","embeddable":true,"href":"https:\/\/trendsandvision.nl\/de\/wp-json\/wp\/v2\/product_tag?post=4626"}],"curies":[{"name":"wp","href":"https:\/\/api.w.org\/{rel}","templated":true}]}}