{"id":4400,"date":"2022-04-22T18:18:38","date_gmt":"2022-04-22T16:18:38","guid":{"rendered":"https:\/\/trendsandvision.nl\/de\/product\/esschert-design-schiefer-pflanzschild-an-haken\/"},"modified":"2026-04-07T10:32:35","modified_gmt":"2026-04-07T08:32:35","slug":"esschert-design-schiefer-pflanzschild-an-haken","status":"publish","type":"product","link":"https:\/\/trendsandvision.nl\/de\/product\/esschert-design-schiefer-pflanzschild-an-haken\/","title":{"rendered":"Esschert Design Schiefer Pflanzschild an Haken"},"content":{"rendered":"<p>Auf diesen Schiefer- Pflanzschildern k\u00f6nnen bei der Aussaat oder dem Setzen von Blumenzwiebeln die Namen der jeweiligen Pflanzenarten notiert werden.<br \/>\nBeschriften Sie die Schilder mit einem wei\u00dfen, wasserfesten Stift.<br \/>\nDer lange Metallstab sorgt daf\u00fcr, dass die Pflanzschilder aus den Pflanzen herausragen und so nog stets gut lesbar sind.<\/p>\n<p>Artikelname: Schiefer Pflanzschild an Haken (<strong>AB SECHS ST\u00dcCK, MENGENRABATT<\/strong>)<br \/>\nArtikelnummer: GT132<br \/>\nProduktgruppe(n) Kultivierung, Bedarf, Pflanzenstecker und -h\u00e4nger<br \/>\nProduktabmessungen in cm L 8 x T 3,3 x H 36,5<br \/>\nMaterial: Schiefer, Eisen<br \/>\nNettogewicht 0,087 kg<br \/>\nBarcode 8714982123245<\/p>\n<p>Einfach mitbestellen: mit <strong><a href=\"https:\/\/trendsandvision.nl\/de\/product\/esschert-design-specksteinkreide-2er-set\/\">unsere Specksteinkreide<\/a><\/strong> zu beschreiben<\/p>\n<p>Traditionelles Gartenhilfsmittel f\u00fcr jeden Pflanzenliebhaber. Die Materialien sind so gew\u00e4hlt, dass sie lange und zufriedenstellend ihren Zweck erf\u00fcllen. Schiefer entsteht im Laufe vieler Millionen Jahre durch Druck der auf Lehm ausge\u00fcbt wird.<\/p>\n","protected":false},"excerpt":{"rendered":"<p>&#8211; <strong>ST\u00dcCKPREIS: AB SECHS ST\u00dcCK, MENGENRABATT<\/strong><br \/>\n&#8211; Material: Schiefer, Eisen<br \/>\n&#8211; L 8 x T 3,3 x H 36,5<br \/>\n&#8211; Nettogewicht 0,087 kg. <\/p>\n<p>Einfach mitbestellen: mit <strong><a href=\"https:\/\/trendsandvision.nl\/de\/product\/esschert-design-specksteinkreide-2er-set\/\">unsere Specksteinkreide<\/a><\/strong> zu beschreiben<\/p>\n","protected":false},"featured_media":4401,"template":"","meta":[],"product_brand":[9597,9598],"product_cat":[751],"product_tag":[8274,6709,6743,7320,6746,7829],"class_list":{"0":"post-4400","1":"product","2":"type-product","3":"status-publish","4":"has-post-thumbnail","6":"product_brand-esschert-design","7":"product_brand-trends-and-vision","8":"product_cat-garden-tools","9":"product_tag-gt142","10":"product_tag-haken","11":"product_tag-kultivierung","12":"product_tag-pflanzschilder","13":"product_tag-schiefer","14":"product_tag-schrebergarten","15":"pa_anbieter-esschert-design","16":"pa_ean-code-2599","17":"pa_material-schiefer-metall","18":"pa_messungen-81x34x36","20":"first","21":"instock","22":"sale","23":"taxable","24":"shipping-taxable","25":"purchasable","26":"product-type-simple","27":"czr-hentry"},"yoast_head":"<!-- This site is optimized with the Yoast SEO Premium plugin v26.4 (Yoast SEO v27.4) - https:\/\/yoast.com\/product\/yoast-seo-premium-wordpress\/ -->\n<title>Esschert Design Schiefer Pflanzschild an Haken (GT132, 8714982123245) - Trends &amp; Vision<\/title>\n<meta name=\"description\" content=\"Esschert Design Schiefer Pflanzschild an Haken: Schiefer Pflanzschild an Haken - Gewicht: 0,092 gr...\" \/>\n<meta name=\"robots\" content=\"index, follow, max-snippet:-1, max-image-preview:large, max-video-preview:-1\" \/>\n<link rel=\"canonical\" href=\"https:\/\/trendsandvision.nl\/de\/product\/esschert-design-schiefer-pflanzschild-an-haken\/\" \/>\n<meta property=\"og:locale\" content=\"de_DE\" \/>\n<meta property=\"og:type\" content=\"article\" \/>\n<meta property=\"og:title\" content=\"Esschert Design Schiefer Pflanzschild an Haken\" \/>\n<meta property=\"og:description\" content=\"Esschert Design Schiefer Pflanzschild an Haken: Schiefer Pflanzschild an Haken - Gewicht: 0,092 gr...\" \/>\n<meta property=\"og:url\" content=\"https:\/\/trendsandvision.nl\/de\/product\/esschert-design-schiefer-pflanzschild-an-haken\/\" \/>\n<meta property=\"og:site_name\" content=\"Trends &amp; Vision (DE)\" \/>\n<meta property=\"article:modified_time\" content=\"2026-04-07T08:32:35+00:00\" \/>\n<meta property=\"og:image\" content=\"https:\/\/trendsandvision.nl\/de\/wp-content\/uploads\/sites\/3\/2022\/04\/GT132_01.jpg\" \/>\n\t<meta property=\"og:image:width\" content=\"800\" \/>\n\t<meta property=\"og:image:height\" content=\"800\" \/>\n\t<meta property=\"og:image:type\" content=\"image\/jpeg\" \/>\n<meta name=\"twitter:card\" content=\"summary_large_image\" \/>\n<meta name=\"twitter:label1\" content=\"Gesch\u00e4tzte Lesezeit\" \/>\n\t<meta name=\"twitter:data1\" content=\"1\u00a0Minute\" \/>\n<script type=\"application\/ld+json\" class=\"yoast-schema-graph\">{\"@context\":\"https:\\\/\\\/schema.org\",\"@graph\":[{\"@type\":\"WebPage\",\"@id\":\"https:\\\/\\\/trendsandvision.nl\\\/de\\\/product\\\/esschert-design-schiefer-pflanzschild-an-haken\\\/\",\"url\":\"https:\\\/\\\/trendsandvision.nl\\\/de\\\/product\\\/esschert-design-schiefer-pflanzschild-an-haken\\\/\",\"name\":\"Esschert Design Schiefer Pflanzschild an Haken (GT132, 8714982123245) - Trends & Vision\",\"isPartOf\":{\"@id\":\"https:\\\/\\\/trendsandvision.nl\\\/de\\\/#website\"},\"primaryImageOfPage\":{\"@id\":\"https:\\\/\\\/trendsandvision.nl\\\/de\\\/product\\\/esschert-design-schiefer-pflanzschild-an-haken\\\/#primaryimage\"},\"image\":{\"@id\":\"https:\\\/\\\/trendsandvision.nl\\\/de\\\/product\\\/esschert-design-schiefer-pflanzschild-an-haken\\\/#primaryimage\"},\"thumbnailUrl\":\"https:\\\/\\\/trendsandvision.nl\\\/de\\\/wp-content\\\/uploads\\\/sites\\\/3\\\/2022\\\/04\\\/GT132_01.jpg\",\"datePublished\":\"2022-04-22T16:18:38+00:00\",\"dateModified\":\"2026-04-07T08:32:35+00:00\",\"description\":\"Esschert Design Schiefer Pflanzschild an Haken: Schiefer Pflanzschild an Haken - Gewicht: 0,092 gr...\",\"breadcrumb\":{\"@id\":\"https:\\\/\\\/trendsandvision.nl\\\/de\\\/product\\\/esschert-design-schiefer-pflanzschild-an-haken\\\/#breadcrumb\"},\"inLanguage\":\"de\",\"potentialAction\":[{\"@type\":\"ReadAction\",\"target\":[\"https:\\\/\\\/trendsandvision.nl\\\/de\\\/product\\\/esschert-design-schiefer-pflanzschild-an-haken\\\/\"]}]},{\"@type\":\"ImageObject\",\"inLanguage\":\"de\",\"@id\":\"https:\\\/\\\/trendsandvision.nl\\\/de\\\/product\\\/esschert-design-schiefer-pflanzschild-an-haken\\\/#primaryimage\",\"url\":\"https:\\\/\\\/trendsandvision.nl\\\/de\\\/wp-content\\\/uploads\\\/sites\\\/3\\\/2022\\\/04\\\/GT132_01.jpg\",\"contentUrl\":\"https:\\\/\\\/trendsandvision.nl\\\/de\\\/wp-content\\\/uploads\\\/sites\\\/3\\\/2022\\\/04\\\/GT132_01.jpg\",\"width\":800,\"height\":800,\"caption\":\"Esschert Design Schiefer Pflanzschild an Haken (GT132\"},{\"@type\":\"BreadcrumbList\",\"@id\":\"https:\\\/\\\/trendsandvision.nl\\\/de\\\/product\\\/esschert-design-schiefer-pflanzschild-an-haken\\\/#breadcrumb\",\"itemListElement\":[{\"@type\":\"ListItem\",\"position\":1,\"name\":\"Home\",\"item\":\"https:\\\/\\\/trendsandvision.nl\\\/de\\\/\"},{\"@type\":\"ListItem\",\"position\":2,\"name\":\"Gesch\u00e4ft\",\"item\":\"https:\\\/\\\/trendsandvision.nl\\\/de\\\/geschaft\\\/\"},{\"@type\":\"ListItem\",\"position\":3,\"name\":\"Esschert Design Schiefer Pflanzschild an Haken\"}]},{\"@type\":\"WebSite\",\"@id\":\"https:\\\/\\\/trendsandvision.nl\\\/de\\\/#website\",\"url\":\"https:\\\/\\\/trendsandvision.nl\\\/de\\\/\",\"name\":\"Trends &amp; Vision (DE)\",\"description\":\"Der Webshop f\u00fcr Esschert Design Artikel\",\"publisher\":{\"@id\":\"https:\\\/\\\/trendsandvision.nl\\\/de\\\/#organization\"},\"potentialAction\":[{\"@type\":\"SearchAction\",\"target\":{\"@type\":\"EntryPoint\",\"urlTemplate\":\"https:\\\/\\\/trendsandvision.nl\\\/de\\\/?s={search_term_string}\"},\"query-input\":{\"@type\":\"PropertyValueSpecification\",\"valueRequired\":true,\"valueName\":\"search_term_string\"}}],\"inLanguage\":\"de\"},{\"@type\":\"Organization\",\"@id\":\"https:\\\/\\\/trendsandvision.nl\\\/de\\\/#organization\",\"name\":\"Trends &amp; Vision (DE)\",\"url\":\"https:\\\/\\\/trendsandvision.nl\\\/de\\\/\",\"logo\":{\"@type\":\"ImageObject\",\"inLanguage\":\"de\",\"@id\":\"https:\\\/\\\/trendsandvision.nl\\\/de\\\/#\\\/schema\\\/logo\\\/image\\\/\",\"url\":\"https:\\\/\\\/trendsandvision.nl\\\/de\\\/wp-content\\\/uploads\\\/sites\\\/3\\\/2022\\\/04\\\/trends-and-vision-logo.jpg\",\"contentUrl\":\"https:\\\/\\\/trendsandvision.nl\\\/de\\\/wp-content\\\/uploads\\\/sites\\\/3\\\/2022\\\/04\\\/trends-and-vision-logo.jpg\",\"width\":213,\"height\":100,\"caption\":\"Trends &amp; Vision (DE)\"},\"image\":{\"@id\":\"https:\\\/\\\/trendsandvision.nl\\\/de\\\/#\\\/schema\\\/logo\\\/image\\\/\"}}]}<\/script>\n<!-- \/ Yoast SEO Premium plugin. -->","yoast_head_json":{"title":"Esschert Design Schiefer Pflanzschild an Haken (GT132, 8714982123245) - Trends & Vision","description":"Esschert Design Schiefer Pflanzschild an Haken: Schiefer Pflanzschild an Haken - Gewicht: 0,092 gr...","robots":{"index":"index","follow":"follow","max-snippet":"max-snippet:-1","max-image-preview":"max-image-preview:large","max-video-preview":"max-video-preview:-1"},"canonical":"https:\/\/trendsandvision.nl\/de\/product\/esschert-design-schiefer-pflanzschild-an-haken\/","og_locale":"de_DE","og_type":"article","og_title":"Esschert Design Schiefer Pflanzschild an Haken","og_description":"Esschert Design Schiefer Pflanzschild an Haken: Schiefer Pflanzschild an Haken - Gewicht: 0,092 gr...","og_url":"https:\/\/trendsandvision.nl\/de\/product\/esschert-design-schiefer-pflanzschild-an-haken\/","og_site_name":"Trends &amp; Vision (DE)","article_modified_time":"2026-04-07T08:32:35+00:00","og_image":[{"width":800,"height":800,"url":"https:\/\/trendsandvision.nl\/de\/wp-content\/uploads\/sites\/3\/2022\/04\/GT132_01.jpg","type":"image\/jpeg"}],"twitter_card":"summary_large_image","twitter_misc":{"Gesch\u00e4tzte Lesezeit":"1\u00a0Minute"},"schema":{"@context":"https:\/\/schema.org","@graph":[{"@type":"WebPage","@id":"https:\/\/trendsandvision.nl\/de\/product\/esschert-design-schiefer-pflanzschild-an-haken\/","url":"https:\/\/trendsandvision.nl\/de\/product\/esschert-design-schiefer-pflanzschild-an-haken\/","name":"Esschert Design Schiefer Pflanzschild an Haken (GT132, 8714982123245) - Trends & Vision","isPartOf":{"@id":"https:\/\/trendsandvision.nl\/de\/#website"},"primaryImageOfPage":{"@id":"https:\/\/trendsandvision.nl\/de\/product\/esschert-design-schiefer-pflanzschild-an-haken\/#primaryimage"},"image":{"@id":"https:\/\/trendsandvision.nl\/de\/product\/esschert-design-schiefer-pflanzschild-an-haken\/#primaryimage"},"thumbnailUrl":"https:\/\/trendsandvision.nl\/de\/wp-content\/uploads\/sites\/3\/2022\/04\/GT132_01.jpg","datePublished":"2022-04-22T16:18:38+00:00","dateModified":"2026-04-07T08:32:35+00:00","description":"Esschert Design Schiefer Pflanzschild an Haken: Schiefer Pflanzschild an Haken - Gewicht: 0,092 gr...","breadcrumb":{"@id":"https:\/\/trendsandvision.nl\/de\/product\/esschert-design-schiefer-pflanzschild-an-haken\/#breadcrumb"},"inLanguage":"de","potentialAction":[{"@type":"ReadAction","target":["https:\/\/trendsandvision.nl\/de\/product\/esschert-design-schiefer-pflanzschild-an-haken\/"]}]},{"@type":"ImageObject","inLanguage":"de","@id":"https:\/\/trendsandvision.nl\/de\/product\/esschert-design-schiefer-pflanzschild-an-haken\/#primaryimage","url":"https:\/\/trendsandvision.nl\/de\/wp-content\/uploads\/sites\/3\/2022\/04\/GT132_01.jpg","contentUrl":"https:\/\/trendsandvision.nl\/de\/wp-content\/uploads\/sites\/3\/2022\/04\/GT132_01.jpg","width":800,"height":800,"caption":"Esschert Design Schiefer Pflanzschild an Haken (GT132"},{"@type":"BreadcrumbList","@id":"https:\/\/trendsandvision.nl\/de\/product\/esschert-design-schiefer-pflanzschild-an-haken\/#breadcrumb","itemListElement":[{"@type":"ListItem","position":1,"name":"Home","item":"https:\/\/trendsandvision.nl\/de\/"},{"@type":"ListItem","position":2,"name":"Gesch\u00e4ft","item":"https:\/\/trendsandvision.nl\/de\/geschaft\/"},{"@type":"ListItem","position":3,"name":"Esschert Design Schiefer Pflanzschild an Haken"}]},{"@type":"WebSite","@id":"https:\/\/trendsandvision.nl\/de\/#website","url":"https:\/\/trendsandvision.nl\/de\/","name":"Trends &amp; Vision (DE)","description":"Der Webshop f\u00fcr Esschert Design Artikel","publisher":{"@id":"https:\/\/trendsandvision.nl\/de\/#organization"},"potentialAction":[{"@type":"SearchAction","target":{"@type":"EntryPoint","urlTemplate":"https:\/\/trendsandvision.nl\/de\/?s={search_term_string}"},"query-input":{"@type":"PropertyValueSpecification","valueRequired":true,"valueName":"search_term_string"}}],"inLanguage":"de"},{"@type":"Organization","@id":"https:\/\/trendsandvision.nl\/de\/#organization","name":"Trends &amp; Vision (DE)","url":"https:\/\/trendsandvision.nl\/de\/","logo":{"@type":"ImageObject","inLanguage":"de","@id":"https:\/\/trendsandvision.nl\/de\/#\/schema\/logo\/image\/","url":"https:\/\/trendsandvision.nl\/de\/wp-content\/uploads\/sites\/3\/2022\/04\/trends-and-vision-logo.jpg","contentUrl":"https:\/\/trendsandvision.nl\/de\/wp-content\/uploads\/sites\/3\/2022\/04\/trends-and-vision-logo.jpg","width":213,"height":100,"caption":"Trends &amp; Vision (DE)"},"image":{"@id":"https:\/\/trendsandvision.nl\/de\/#\/schema\/logo\/image\/"}}]}},"_links":{"self":[{"href":"https:\/\/trendsandvision.nl\/de\/wp-json\/wp\/v2\/product\/4400","targetHints":{"allow":["GET"]}}],"collection":[{"href":"https:\/\/trendsandvision.nl\/de\/wp-json\/wp\/v2\/product"}],"about":[{"href":"https:\/\/trendsandvision.nl\/de\/wp-json\/wp\/v2\/types\/product"}],"wp:featuredmedia":[{"embeddable":true,"href":"https:\/\/trendsandvision.nl\/de\/wp-json\/wp\/v2\/media\/4401"}],"wp:attachment":[{"href":"https:\/\/trendsandvision.nl\/de\/wp-json\/wp\/v2\/media?parent=4400"}],"wp:term":[{"taxonomy":"product_brand","embeddable":true,"href":"https:\/\/trendsandvision.nl\/de\/wp-json\/wp\/v2\/product_brand?post=4400"},{"taxonomy":"product_cat","embeddable":true,"href":"https:\/\/trendsandvision.nl\/de\/wp-json\/wp\/v2\/product_cat?post=4400"},{"taxonomy":"product_tag","embeddable":true,"href":"https:\/\/trendsandvision.nl\/de\/wp-json\/wp\/v2\/product_tag?post=4400"}],"curies":[{"name":"wp","href":"https:\/\/api.w.org\/{rel}","templated":true}]}}