{"id":4339,"date":"2022-04-22T18:17:11","date_gmt":"2022-04-22T16:17:11","guid":{"rendered":"https:\/\/trendsandvision.nl\/de\/product\/esschert-design-bessenplukker\/"},"modified":"2026-04-22T15:04:56","modified_gmt":"2026-04-22T13:04:56","slug":"esschert-design-beerenpfluecker-holz","status":"publish","type":"product","link":"https:\/\/trendsandvision.nl\/de\/product\/esschert-design-beerenpfluecker-holz\/","title":{"rendered":"Esschert Design Beerenpfl\u00fccker Holz"},"content":{"rendered":"<p>Traditioneller Beerenpfl\u00fccker f\u00fcr ein schnelles und einfaches Ernten unterschiedlicher Beerensorten. Pfl\u00fccken Sie gleichzeitig viele Beeren, indem Sie die Beeren hinter die Z\u00e4hne des Pfl\u00fcckers einhaken und den Pfl\u00fccker nach vorn ziehen.<br \/>\nAnschlie\u00dfend den Pfl\u00fccker einfach in einen Korb ausleeren.<\/p>\n<p>Fr\u00fcher zog man oft mit der ganzen Familie los, um in der Natur Beeren zu pfl\u00fccken.<br \/>\nEin guter Pfl\u00fccker konnte t\u00e4glich bis zu 35 kg Waldbeeren pfl\u00fccken.<br \/>\nSeit dem 19. Jahrhundert werden Beeren auch angebaut.<br \/>\nF\u00fcr das Ernten unterschiedlicher Beerensorten geeignet.<\/p>\n<p>Artikelname: Beerenpfl\u00fccker Holz<br \/>\nArtikelnummer: GT114<br \/>\nProduktgruppe(n) Garten &amp; Terrasse, Gartenger\u00e4te, Praktisches Zubeh\u00f6r<br \/>\nProduktabmessungen in cm L 14,2 x T 22,3 x H 10,6<br \/>\nMaterial: Buchenholz, Metall<br \/>\nNettogewicht 0,449 kg<br \/>\nBarcode 8714982113864<\/p>\n","protected":false},"excerpt":{"rendered":"<p>Artikelname: Beerenpfl\u00fccker Holz<br \/>\nArtikelnummer: GT114<br \/>\nL 14,2 x T 22,3 x H 10,6<br \/>\nMaterial: Buchenholz, Metall<br \/>\nNettogewicht 0,449 kg<br \/>\nBarcode 8714982113864<br \/>\nAlle <strong><a href=\"https:\/\/trendsandvision.nl\/de\/?s=pfl\u00fccker&amp;post_type=product&amp;dgwt_wcas=1\">Pfl\u00fccker<\/a><\/strong><\/p>\n","protected":false},"featured_media":4340,"template":"","meta":[],"product_brand":[9597,9598],"product_cat":[751],"product_tag":[10273,6755,6756,6810],"class_list":{"0":"post-4339","1":"product","2":"type-product","3":"status-publish","4":"has-post-thumbnail","6":"product_brand-esschert-design","7":"product_brand-trends-and-vision","8":"product_cat-garden-tools","9":"product_tag-buchenholz","10":"product_tag-gartengeraete","11":"product_tag-obst","12":"product_tag-pfluecker","13":"pa_anbieter-esschert-design","14":"pa_ean-code-2561","15":"pa_material-beukenhout-metaal","16":"pa_messungen-142x223x106-cm","18":"first","19":"instock","20":"sale","21":"taxable","22":"shipping-taxable","23":"purchasable","24":"product-type-simple","25":"czr-hentry"},"yoast_head":"<!-- This site is optimized with the Yoast SEO Premium plugin v27.4 (Yoast SEO v27.4) - https:\/\/yoast.com\/product\/yoast-seo-premium-wordpress\/ -->\n<title>Esschert Design Bessenplukker (GT114, 8714982113864) - Trends &amp; Vision<\/title>\n<meta name=\"description\" content=\"Esschert Design Bessenplukker: Traditionele bessenplukker voor snel en eenvoudig oogsten van verschillende soorten bessen. Je plukt vele bessen tegelijk door de tanden achter de bes...\" \/>\n<meta name=\"robots\" content=\"index, follow, max-snippet:-1, max-image-preview:large, max-video-preview:-1\" \/>\n<link rel=\"canonical\" href=\"https:\/\/trendsandvision.nl\/de\/product\/esschert-design-beerenpfluecker-holz\/\" \/>\n<meta property=\"og:locale\" content=\"de_DE\" \/>\n<meta property=\"og:type\" content=\"article\" \/>\n<meta property=\"og:title\" content=\"Esschert Design Beerenpfl\u00fccker Holz\" \/>\n<meta property=\"og:description\" content=\"Esschert Design Bessenplukker: Traditionele bessenplukker voor snel en eenvoudig oogsten van verschillende soorten bessen. Je plukt vele bessen tegelijk door de tanden achter de bes...\" \/>\n<meta property=\"og:url\" content=\"https:\/\/trendsandvision.nl\/de\/product\/esschert-design-beerenpfluecker-holz\/\" \/>\n<meta property=\"og:site_name\" content=\"Trends &amp; Vision (DE)\" \/>\n<meta property=\"article:modified_time\" content=\"2026-04-22T13:04:56+00:00\" \/>\n<meta property=\"og:image\" content=\"https:\/\/trendsandvision.nl\/de\/wp-content\/uploads\/sites\/3\/2022\/04\/GT114_01.jpg\" \/>\n\t<meta property=\"og:image:width\" content=\"800\" \/>\n\t<meta property=\"og:image:height\" content=\"800\" \/>\n\t<meta property=\"og:image:type\" content=\"image\/jpeg\" \/>\n<meta name=\"twitter:card\" content=\"summary_large_image\" \/>\n<meta name=\"twitter:label1\" content=\"Gesch\u00e4tzte Lesezeit\" \/>\n\t<meta name=\"twitter:data1\" content=\"1\u00a0Minute\" \/>\n<script type=\"application\/ld+json\" class=\"yoast-schema-graph\">{\"@context\":\"https:\\\/\\\/schema.org\",\"@graph\":[{\"@type\":\"WebPage\",\"@id\":\"https:\\\/\\\/trendsandvision.nl\\\/de\\\/product\\\/esschert-design-beerenpfluecker-holz\\\/\",\"url\":\"https:\\\/\\\/trendsandvision.nl\\\/de\\\/product\\\/esschert-design-beerenpfluecker-holz\\\/\",\"name\":\"Esschert Design Bessenplukker (GT114, 8714982113864) - Trends & Vision\",\"isPartOf\":{\"@id\":\"https:\\\/\\\/trendsandvision.nl\\\/de\\\/#website\"},\"primaryImageOfPage\":{\"@id\":\"https:\\\/\\\/trendsandvision.nl\\\/de\\\/product\\\/esschert-design-beerenpfluecker-holz\\\/#primaryimage\"},\"image\":{\"@id\":\"https:\\\/\\\/trendsandvision.nl\\\/de\\\/product\\\/esschert-design-beerenpfluecker-holz\\\/#primaryimage\"},\"thumbnailUrl\":\"https:\\\/\\\/trendsandvision.nl\\\/de\\\/wp-content\\\/uploads\\\/sites\\\/3\\\/2022\\\/04\\\/GT114_01.jpg\",\"datePublished\":\"2022-04-22T16:17:11+00:00\",\"dateModified\":\"2026-04-22T13:04:56+00:00\",\"description\":\"Esschert Design Bessenplukker: Traditionele bessenplukker voor snel en eenvoudig oogsten van verschillende soorten bessen. Je plukt vele bessen tegelijk door de tanden achter de bes...\",\"breadcrumb\":{\"@id\":\"https:\\\/\\\/trendsandvision.nl\\\/de\\\/product\\\/esschert-design-beerenpfluecker-holz\\\/#breadcrumb\"},\"inLanguage\":\"de\",\"potentialAction\":[{\"@type\":\"ReadAction\",\"target\":[\"https:\\\/\\\/trendsandvision.nl\\\/de\\\/product\\\/esschert-design-beerenpfluecker-holz\\\/\"]}]},{\"@type\":\"ImageObject\",\"inLanguage\":\"de\",\"@id\":\"https:\\\/\\\/trendsandvision.nl\\\/de\\\/product\\\/esschert-design-beerenpfluecker-holz\\\/#primaryimage\",\"url\":\"https:\\\/\\\/trendsandvision.nl\\\/de\\\/wp-content\\\/uploads\\\/sites\\\/3\\\/2022\\\/04\\\/GT114_01.jpg\",\"contentUrl\":\"https:\\\/\\\/trendsandvision.nl\\\/de\\\/wp-content\\\/uploads\\\/sites\\\/3\\\/2022\\\/04\\\/GT114_01.jpg\",\"width\":800,\"height\":800,\"caption\":\"Esschert Design Bessenplukker (GT114\"},{\"@type\":\"BreadcrumbList\",\"@id\":\"https:\\\/\\\/trendsandvision.nl\\\/de\\\/product\\\/esschert-design-beerenpfluecker-holz\\\/#breadcrumb\",\"itemListElement\":[{\"@type\":\"ListItem\",\"position\":1,\"name\":\"Home\",\"item\":\"https:\\\/\\\/trendsandvision.nl\\\/de\\\/\"},{\"@type\":\"ListItem\",\"position\":2,\"name\":\"Gesch\u00e4ft\",\"item\":\"https:\\\/\\\/trendsandvision.nl\\\/de\\\/geschaft\\\/\"},{\"@type\":\"ListItem\",\"position\":3,\"name\":\"Esschert Design Beerenpfl\u00fccker Holz\"}]},{\"@type\":\"WebSite\",\"@id\":\"https:\\\/\\\/trendsandvision.nl\\\/de\\\/#website\",\"url\":\"https:\\\/\\\/trendsandvision.nl\\\/de\\\/\",\"name\":\"Trends &amp; Vision (DE)\",\"description\":\"Der Webshop f\u00fcr Esschert Design Artikel\",\"publisher\":{\"@id\":\"https:\\\/\\\/trendsandvision.nl\\\/de\\\/#organization\"},\"potentialAction\":[{\"@type\":\"SearchAction\",\"target\":{\"@type\":\"EntryPoint\",\"urlTemplate\":\"https:\\\/\\\/trendsandvision.nl\\\/de\\\/?s={search_term_string}\"},\"query-input\":{\"@type\":\"PropertyValueSpecification\",\"valueRequired\":true,\"valueName\":\"search_term_string\"}}],\"inLanguage\":\"de\"},{\"@type\":\"Organization\",\"@id\":\"https:\\\/\\\/trendsandvision.nl\\\/de\\\/#organization\",\"name\":\"Trends &amp; Vision (DE)\",\"url\":\"https:\\\/\\\/trendsandvision.nl\\\/de\\\/\",\"logo\":{\"@type\":\"ImageObject\",\"inLanguage\":\"de\",\"@id\":\"https:\\\/\\\/trendsandvision.nl\\\/de\\\/#\\\/schema\\\/logo\\\/image\\\/\",\"url\":\"https:\\\/\\\/trendsandvision.nl\\\/de\\\/wp-content\\\/uploads\\\/sites\\\/3\\\/2022\\\/04\\\/trends-and-vision-logo.jpg\",\"contentUrl\":\"https:\\\/\\\/trendsandvision.nl\\\/de\\\/wp-content\\\/uploads\\\/sites\\\/3\\\/2022\\\/04\\\/trends-and-vision-logo.jpg\",\"width\":213,\"height\":100,\"caption\":\"Trends &amp; Vision (DE)\"},\"image\":{\"@id\":\"https:\\\/\\\/trendsandvision.nl\\\/de\\\/#\\\/schema\\\/logo\\\/image\\\/\"}}]}<\/script>\n<!-- \/ Yoast SEO Premium plugin. -->","yoast_head_json":{"title":"Esschert Design Bessenplukker (GT114, 8714982113864) - Trends & Vision","description":"Esschert Design Bessenplukker: Traditionele bessenplukker voor snel en eenvoudig oogsten van verschillende soorten bessen. Je plukt vele bessen tegelijk door de tanden achter de bes...","robots":{"index":"index","follow":"follow","max-snippet":"max-snippet:-1","max-image-preview":"max-image-preview:large","max-video-preview":"max-video-preview:-1"},"canonical":"https:\/\/trendsandvision.nl\/de\/product\/esschert-design-beerenpfluecker-holz\/","og_locale":"de_DE","og_type":"article","og_title":"Esschert Design Beerenpfl\u00fccker Holz","og_description":"Esschert Design Bessenplukker: Traditionele bessenplukker voor snel en eenvoudig oogsten van verschillende soorten bessen. Je plukt vele bessen tegelijk door de tanden achter de bes...","og_url":"https:\/\/trendsandvision.nl\/de\/product\/esschert-design-beerenpfluecker-holz\/","og_site_name":"Trends &amp; Vision (DE)","article_modified_time":"2026-04-22T13:04:56+00:00","og_image":[{"width":800,"height":800,"url":"https:\/\/trendsandvision.nl\/de\/wp-content\/uploads\/sites\/3\/2022\/04\/GT114_01.jpg","type":"image\/jpeg"}],"twitter_card":"summary_large_image","twitter_misc":{"Gesch\u00e4tzte Lesezeit":"1\u00a0Minute"},"schema":{"@context":"https:\/\/schema.org","@graph":[{"@type":"WebPage","@id":"https:\/\/trendsandvision.nl\/de\/product\/esschert-design-beerenpfluecker-holz\/","url":"https:\/\/trendsandvision.nl\/de\/product\/esschert-design-beerenpfluecker-holz\/","name":"Esschert Design Bessenplukker (GT114, 8714982113864) - Trends & Vision","isPartOf":{"@id":"https:\/\/trendsandvision.nl\/de\/#website"},"primaryImageOfPage":{"@id":"https:\/\/trendsandvision.nl\/de\/product\/esschert-design-beerenpfluecker-holz\/#primaryimage"},"image":{"@id":"https:\/\/trendsandvision.nl\/de\/product\/esschert-design-beerenpfluecker-holz\/#primaryimage"},"thumbnailUrl":"https:\/\/trendsandvision.nl\/de\/wp-content\/uploads\/sites\/3\/2022\/04\/GT114_01.jpg","datePublished":"2022-04-22T16:17:11+00:00","dateModified":"2026-04-22T13:04:56+00:00","description":"Esschert Design Bessenplukker: Traditionele bessenplukker voor snel en eenvoudig oogsten van verschillende soorten bessen. Je plukt vele bessen tegelijk door de tanden achter de bes...","breadcrumb":{"@id":"https:\/\/trendsandvision.nl\/de\/product\/esschert-design-beerenpfluecker-holz\/#breadcrumb"},"inLanguage":"de","potentialAction":[{"@type":"ReadAction","target":["https:\/\/trendsandvision.nl\/de\/product\/esschert-design-beerenpfluecker-holz\/"]}]},{"@type":"ImageObject","inLanguage":"de","@id":"https:\/\/trendsandvision.nl\/de\/product\/esschert-design-beerenpfluecker-holz\/#primaryimage","url":"https:\/\/trendsandvision.nl\/de\/wp-content\/uploads\/sites\/3\/2022\/04\/GT114_01.jpg","contentUrl":"https:\/\/trendsandvision.nl\/de\/wp-content\/uploads\/sites\/3\/2022\/04\/GT114_01.jpg","width":800,"height":800,"caption":"Esschert Design Bessenplukker (GT114"},{"@type":"BreadcrumbList","@id":"https:\/\/trendsandvision.nl\/de\/product\/esschert-design-beerenpfluecker-holz\/#breadcrumb","itemListElement":[{"@type":"ListItem","position":1,"name":"Home","item":"https:\/\/trendsandvision.nl\/de\/"},{"@type":"ListItem","position":2,"name":"Gesch\u00e4ft","item":"https:\/\/trendsandvision.nl\/de\/geschaft\/"},{"@type":"ListItem","position":3,"name":"Esschert Design Beerenpfl\u00fccker Holz"}]},{"@type":"WebSite","@id":"https:\/\/trendsandvision.nl\/de\/#website","url":"https:\/\/trendsandvision.nl\/de\/","name":"Trends &amp; Vision (DE)","description":"Der Webshop f\u00fcr Esschert Design Artikel","publisher":{"@id":"https:\/\/trendsandvision.nl\/de\/#organization"},"potentialAction":[{"@type":"SearchAction","target":{"@type":"EntryPoint","urlTemplate":"https:\/\/trendsandvision.nl\/de\/?s={search_term_string}"},"query-input":{"@type":"PropertyValueSpecification","valueRequired":true,"valueName":"search_term_string"}}],"inLanguage":"de"},{"@type":"Organization","@id":"https:\/\/trendsandvision.nl\/de\/#organization","name":"Trends &amp; Vision (DE)","url":"https:\/\/trendsandvision.nl\/de\/","logo":{"@type":"ImageObject","inLanguage":"de","@id":"https:\/\/trendsandvision.nl\/de\/#\/schema\/logo\/image\/","url":"https:\/\/trendsandvision.nl\/de\/wp-content\/uploads\/sites\/3\/2022\/04\/trends-and-vision-logo.jpg","contentUrl":"https:\/\/trendsandvision.nl\/de\/wp-content\/uploads\/sites\/3\/2022\/04\/trends-and-vision-logo.jpg","width":213,"height":100,"caption":"Trends &amp; Vision (DE)"},"image":{"@id":"https:\/\/trendsandvision.nl\/de\/#\/schema\/logo\/image\/"}}]}},"_links":{"self":[{"href":"https:\/\/trendsandvision.nl\/de\/wp-json\/wp\/v2\/product\/4339","targetHints":{"allow":["GET"]}}],"collection":[{"href":"https:\/\/trendsandvision.nl\/de\/wp-json\/wp\/v2\/product"}],"about":[{"href":"https:\/\/trendsandvision.nl\/de\/wp-json\/wp\/v2\/types\/product"}],"wp:featuredmedia":[{"embeddable":true,"href":"https:\/\/trendsandvision.nl\/de\/wp-json\/wp\/v2\/media\/4340"}],"wp:attachment":[{"href":"https:\/\/trendsandvision.nl\/de\/wp-json\/wp\/v2\/media?parent=4339"}],"wp:term":[{"taxonomy":"product_brand","embeddable":true,"href":"https:\/\/trendsandvision.nl\/de\/wp-json\/wp\/v2\/product_brand?post=4339"},{"taxonomy":"product_cat","embeddable":true,"href":"https:\/\/trendsandvision.nl\/de\/wp-json\/wp\/v2\/product_cat?post=4339"},{"taxonomy":"product_tag","embeddable":true,"href":"https:\/\/trendsandvision.nl\/de\/wp-json\/wp\/v2\/product_tag?post=4339"}],"curies":[{"name":"wp","href":"https:\/\/api.w.org\/{rel}","templated":true}]}}