{"id":4336,"date":"2022-04-22T18:17:11","date_gmt":"2022-04-22T16:17:11","guid":{"rendered":"https:\/\/trendsandvision.nl\/de\/product\/esschert-design-fruitplukker\/"},"modified":"2026-04-07T10:32:24","modified_gmt":"2026-04-07T08:32:24","slug":"esschert-design-obstpfluecker","status":"publish","type":"product","link":"https:\/\/trendsandvision.nl\/de\/product\/esschert-design-obstpfluecker\/","title":{"rendered":"Esschert Design Obstpfl\u00fccker"},"content":{"rendered":"<p>Obst pfl\u00fccken war noch nie so einfach! Dieser Pfl\u00fccker eignet sich hervorragend zur Obsternte in B\u00e4umen, selbst von hohen und somit schwer erreichbaren \u00c4sten. Der Stoffsack bietet ausreichend Platz um mehrere \u00c4pfel, Birnen, Kirschen oder Pflaumen gleichzeitig zu pfl\u00fccken.<\/p>\n<p>Artikelname: Obstpfl\u00fccker<br \/>\nArtikelnummer: GT113<br \/>\nProduktgruppe(n) Garten &amp; Terrasse, Gartenger\u00e4te, Praktisches Zubeh\u00f6r<br \/>\nProduktabmessungen in cm L 19,1 x T 13,5 x H 5,5<br \/>\nMaterial: Verzinkter Carbonstahl, Baumwolle<br \/>\nNettogewicht 0,166 kg<br \/>\nBarcode 8714982113857<\/p>\n<p>Da ist auch ein <a href=\"https:\/\/trendsandvision.nl\/de\/product\/esschert-design-obstsammler\/\">Obstsammler<\/a>!<\/p>\n","protected":false},"excerpt":{"rendered":"<p>&#8211; geeignet zur Ernte von u.a.<br \/>\n&#8211; \u00c4pfeln, Birnen, Kirschen<br \/>\n&#8211; oder Pflaumen<br \/>\n&#8211; geeignet f\u00fcr einen<br \/>\n&#8211; Stildurchmesser von 23 mm<br \/>\n&#8211; exklusiv Stil<br \/>\n&#8211; 19,1 x 13,5 x 5,5 cm<br \/>\n&#8211; Da ist auch ein <a href=\"https:\/\/trendsandvision.nl\/de\/product\/esschert-design-obstsammler\/\">Obstsammler<\/a>!<\/p>\n","protected":false},"featured_media":4337,"template":"","meta":[],"product_brand":[9597,9598],"product_cat":[751],"product_tag":[6755,6756,6733,6810],"class_list":{"0":"post-4336","1":"product","2":"type-product","3":"status-publish","4":"has-post-thumbnail","6":"product_brand-esschert-design","7":"product_brand-trends-and-vision","8":"product_cat-garden-tools","9":"product_tag-gartengeraete","10":"product_tag-obst","11":"product_tag-paedagogisch","12":"product_tag-pfluecker","13":"pa_anbieter-esschert-design","14":"pa_ean-code-2558","15":"pa_material-gegalvaniseerd-koolstofstaal-katoen","16":"pa_messungen-191x135x55-cm","18":"first","19":"outofstock","20":"sale","21":"taxable","22":"shipping-taxable","23":"purchasable","24":"product-type-simple","25":"czr-hentry"},"yoast_head":"<!-- This site is optimized with the Yoast SEO Premium plugin v26.4 (Yoast SEO v27.4) - https:\/\/yoast.com\/product\/yoast-seo-premium-wordpress\/ -->\n<title>Esschert Design Fruitplukker (GT113, 8714982113857) - Trends &amp; Vision<\/title>\n<meta name=\"description\" content=\"Esschert Design Fruitplukker: Waar pluk jij de vruchten van? Fruit plukken is nooit zo eenvoudig geweest. Deze fruitplukker is uitermate geschikt om fruit uit bomen te kunnen plukk...\" \/>\n<meta name=\"robots\" content=\"index, follow, max-snippet:-1, max-image-preview:large, max-video-preview:-1\" \/>\n<link rel=\"canonical\" href=\"https:\/\/trendsandvision.nl\/de\/product\/esschert-design-obstpfluecker\/\" \/>\n<meta property=\"og:locale\" content=\"de_DE\" \/>\n<meta property=\"og:type\" content=\"article\" \/>\n<meta property=\"og:title\" content=\"Esschert Design Obstpfl\u00fccker\" \/>\n<meta property=\"og:description\" content=\"Esschert Design Fruitplukker: Waar pluk jij de vruchten van? Fruit plukken is nooit zo eenvoudig geweest. Deze fruitplukker is uitermate geschikt om fruit uit bomen te kunnen plukk...\" \/>\n<meta property=\"og:url\" content=\"https:\/\/trendsandvision.nl\/de\/product\/esschert-design-obstpfluecker\/\" \/>\n<meta property=\"og:site_name\" content=\"Trends &amp; Vision (DE)\" \/>\n<meta property=\"article:modified_time\" content=\"2026-04-07T08:32:24+00:00\" \/>\n<meta property=\"og:image\" content=\"https:\/\/trendsandvision.nl\/de\/wp-content\/uploads\/sites\/3\/2022\/04\/GT113_01.jpg\" \/>\n\t<meta property=\"og:image:width\" content=\"800\" \/>\n\t<meta property=\"og:image:height\" content=\"800\" \/>\n\t<meta property=\"og:image:type\" content=\"image\/jpeg\" \/>\n<meta name=\"twitter:card\" content=\"summary_large_image\" \/>\n<meta name=\"twitter:label1\" content=\"Gesch\u00e4tzte Lesezeit\" \/>\n\t<meta name=\"twitter:data1\" content=\"1\u00a0Minute\" \/>\n<script type=\"application\/ld+json\" class=\"yoast-schema-graph\">{\"@context\":\"https:\\\/\\\/schema.org\",\"@graph\":[{\"@type\":\"WebPage\",\"@id\":\"https:\\\/\\\/trendsandvision.nl\\\/de\\\/product\\\/esschert-design-obstpfluecker\\\/\",\"url\":\"https:\\\/\\\/trendsandvision.nl\\\/de\\\/product\\\/esschert-design-obstpfluecker\\\/\",\"name\":\"Esschert Design Fruitplukker (GT113, 8714982113857) - Trends & Vision\",\"isPartOf\":{\"@id\":\"https:\\\/\\\/trendsandvision.nl\\\/de\\\/#website\"},\"primaryImageOfPage\":{\"@id\":\"https:\\\/\\\/trendsandvision.nl\\\/de\\\/product\\\/esschert-design-obstpfluecker\\\/#primaryimage\"},\"image\":{\"@id\":\"https:\\\/\\\/trendsandvision.nl\\\/de\\\/product\\\/esschert-design-obstpfluecker\\\/#primaryimage\"},\"thumbnailUrl\":\"https:\\\/\\\/trendsandvision.nl\\\/de\\\/wp-content\\\/uploads\\\/sites\\\/3\\\/2022\\\/04\\\/GT113_01.jpg\",\"datePublished\":\"2022-04-22T16:17:11+00:00\",\"dateModified\":\"2026-04-07T08:32:24+00:00\",\"description\":\"Esschert Design Fruitplukker: Waar pluk jij de vruchten van? Fruit plukken is nooit zo eenvoudig geweest. Deze fruitplukker is uitermate geschikt om fruit uit bomen te kunnen plukk...\",\"breadcrumb\":{\"@id\":\"https:\\\/\\\/trendsandvision.nl\\\/de\\\/product\\\/esschert-design-obstpfluecker\\\/#breadcrumb\"},\"inLanguage\":\"de\",\"potentialAction\":[{\"@type\":\"ReadAction\",\"target\":[\"https:\\\/\\\/trendsandvision.nl\\\/de\\\/product\\\/esschert-design-obstpfluecker\\\/\"]}]},{\"@type\":\"ImageObject\",\"inLanguage\":\"de\",\"@id\":\"https:\\\/\\\/trendsandvision.nl\\\/de\\\/product\\\/esschert-design-obstpfluecker\\\/#primaryimage\",\"url\":\"https:\\\/\\\/trendsandvision.nl\\\/de\\\/wp-content\\\/uploads\\\/sites\\\/3\\\/2022\\\/04\\\/GT113_01.jpg\",\"contentUrl\":\"https:\\\/\\\/trendsandvision.nl\\\/de\\\/wp-content\\\/uploads\\\/sites\\\/3\\\/2022\\\/04\\\/GT113_01.jpg\",\"width\":800,\"height\":800,\"caption\":\"Esschert Design Fruitplukker (GT113\"},{\"@type\":\"BreadcrumbList\",\"@id\":\"https:\\\/\\\/trendsandvision.nl\\\/de\\\/product\\\/esschert-design-obstpfluecker\\\/#breadcrumb\",\"itemListElement\":[{\"@type\":\"ListItem\",\"position\":1,\"name\":\"Home\",\"item\":\"https:\\\/\\\/trendsandvision.nl\\\/de\\\/\"},{\"@type\":\"ListItem\",\"position\":2,\"name\":\"Gesch\u00e4ft\",\"item\":\"https:\\\/\\\/trendsandvision.nl\\\/de\\\/geschaft\\\/\"},{\"@type\":\"ListItem\",\"position\":3,\"name\":\"Esschert Design Obstpfl\u00fccker\"}]},{\"@type\":\"WebSite\",\"@id\":\"https:\\\/\\\/trendsandvision.nl\\\/de\\\/#website\",\"url\":\"https:\\\/\\\/trendsandvision.nl\\\/de\\\/\",\"name\":\"Trends &amp; Vision (DE)\",\"description\":\"Der Webshop f\u00fcr Esschert Design Artikel\",\"publisher\":{\"@id\":\"https:\\\/\\\/trendsandvision.nl\\\/de\\\/#organization\"},\"potentialAction\":[{\"@type\":\"SearchAction\",\"target\":{\"@type\":\"EntryPoint\",\"urlTemplate\":\"https:\\\/\\\/trendsandvision.nl\\\/de\\\/?s={search_term_string}\"},\"query-input\":{\"@type\":\"PropertyValueSpecification\",\"valueRequired\":true,\"valueName\":\"search_term_string\"}}],\"inLanguage\":\"de\"},{\"@type\":\"Organization\",\"@id\":\"https:\\\/\\\/trendsandvision.nl\\\/de\\\/#organization\",\"name\":\"Trends &amp; Vision (DE)\",\"url\":\"https:\\\/\\\/trendsandvision.nl\\\/de\\\/\",\"logo\":{\"@type\":\"ImageObject\",\"inLanguage\":\"de\",\"@id\":\"https:\\\/\\\/trendsandvision.nl\\\/de\\\/#\\\/schema\\\/logo\\\/image\\\/\",\"url\":\"https:\\\/\\\/trendsandvision.nl\\\/de\\\/wp-content\\\/uploads\\\/sites\\\/3\\\/2022\\\/04\\\/trends-and-vision-logo.jpg\",\"contentUrl\":\"https:\\\/\\\/trendsandvision.nl\\\/de\\\/wp-content\\\/uploads\\\/sites\\\/3\\\/2022\\\/04\\\/trends-and-vision-logo.jpg\",\"width\":213,\"height\":100,\"caption\":\"Trends &amp; Vision (DE)\"},\"image\":{\"@id\":\"https:\\\/\\\/trendsandvision.nl\\\/de\\\/#\\\/schema\\\/logo\\\/image\\\/\"}}]}<\/script>\n<!-- \/ Yoast SEO Premium plugin. -->","yoast_head_json":{"title":"Esschert Design Fruitplukker (GT113, 8714982113857) - Trends & Vision","description":"Esschert Design Fruitplukker: Waar pluk jij de vruchten van? Fruit plukken is nooit zo eenvoudig geweest. Deze fruitplukker is uitermate geschikt om fruit uit bomen te kunnen plukk...","robots":{"index":"index","follow":"follow","max-snippet":"max-snippet:-1","max-image-preview":"max-image-preview:large","max-video-preview":"max-video-preview:-1"},"canonical":"https:\/\/trendsandvision.nl\/de\/product\/esschert-design-obstpfluecker\/","og_locale":"de_DE","og_type":"article","og_title":"Esschert Design Obstpfl\u00fccker","og_description":"Esschert Design Fruitplukker: Waar pluk jij de vruchten van? Fruit plukken is nooit zo eenvoudig geweest. Deze fruitplukker is uitermate geschikt om fruit uit bomen te kunnen plukk...","og_url":"https:\/\/trendsandvision.nl\/de\/product\/esschert-design-obstpfluecker\/","og_site_name":"Trends &amp; Vision (DE)","article_modified_time":"2026-04-07T08:32:24+00:00","og_image":[{"width":800,"height":800,"url":"https:\/\/trendsandvision.nl\/de\/wp-content\/uploads\/sites\/3\/2022\/04\/GT113_01.jpg","type":"image\/jpeg"}],"twitter_card":"summary_large_image","twitter_misc":{"Gesch\u00e4tzte Lesezeit":"1\u00a0Minute"},"schema":{"@context":"https:\/\/schema.org","@graph":[{"@type":"WebPage","@id":"https:\/\/trendsandvision.nl\/de\/product\/esschert-design-obstpfluecker\/","url":"https:\/\/trendsandvision.nl\/de\/product\/esschert-design-obstpfluecker\/","name":"Esschert Design Fruitplukker (GT113, 8714982113857) - Trends & Vision","isPartOf":{"@id":"https:\/\/trendsandvision.nl\/de\/#website"},"primaryImageOfPage":{"@id":"https:\/\/trendsandvision.nl\/de\/product\/esschert-design-obstpfluecker\/#primaryimage"},"image":{"@id":"https:\/\/trendsandvision.nl\/de\/product\/esschert-design-obstpfluecker\/#primaryimage"},"thumbnailUrl":"https:\/\/trendsandvision.nl\/de\/wp-content\/uploads\/sites\/3\/2022\/04\/GT113_01.jpg","datePublished":"2022-04-22T16:17:11+00:00","dateModified":"2026-04-07T08:32:24+00:00","description":"Esschert Design Fruitplukker: Waar pluk jij de vruchten van? Fruit plukken is nooit zo eenvoudig geweest. Deze fruitplukker is uitermate geschikt om fruit uit bomen te kunnen plukk...","breadcrumb":{"@id":"https:\/\/trendsandvision.nl\/de\/product\/esschert-design-obstpfluecker\/#breadcrumb"},"inLanguage":"de","potentialAction":[{"@type":"ReadAction","target":["https:\/\/trendsandvision.nl\/de\/product\/esschert-design-obstpfluecker\/"]}]},{"@type":"ImageObject","inLanguage":"de","@id":"https:\/\/trendsandvision.nl\/de\/product\/esschert-design-obstpfluecker\/#primaryimage","url":"https:\/\/trendsandvision.nl\/de\/wp-content\/uploads\/sites\/3\/2022\/04\/GT113_01.jpg","contentUrl":"https:\/\/trendsandvision.nl\/de\/wp-content\/uploads\/sites\/3\/2022\/04\/GT113_01.jpg","width":800,"height":800,"caption":"Esschert Design Fruitplukker (GT113"},{"@type":"BreadcrumbList","@id":"https:\/\/trendsandvision.nl\/de\/product\/esschert-design-obstpfluecker\/#breadcrumb","itemListElement":[{"@type":"ListItem","position":1,"name":"Home","item":"https:\/\/trendsandvision.nl\/de\/"},{"@type":"ListItem","position":2,"name":"Gesch\u00e4ft","item":"https:\/\/trendsandvision.nl\/de\/geschaft\/"},{"@type":"ListItem","position":3,"name":"Esschert Design Obstpfl\u00fccker"}]},{"@type":"WebSite","@id":"https:\/\/trendsandvision.nl\/de\/#website","url":"https:\/\/trendsandvision.nl\/de\/","name":"Trends &amp; Vision (DE)","description":"Der Webshop f\u00fcr Esschert Design Artikel","publisher":{"@id":"https:\/\/trendsandvision.nl\/de\/#organization"},"potentialAction":[{"@type":"SearchAction","target":{"@type":"EntryPoint","urlTemplate":"https:\/\/trendsandvision.nl\/de\/?s={search_term_string}"},"query-input":{"@type":"PropertyValueSpecification","valueRequired":true,"valueName":"search_term_string"}}],"inLanguage":"de"},{"@type":"Organization","@id":"https:\/\/trendsandvision.nl\/de\/#organization","name":"Trends &amp; Vision (DE)","url":"https:\/\/trendsandvision.nl\/de\/","logo":{"@type":"ImageObject","inLanguage":"de","@id":"https:\/\/trendsandvision.nl\/de\/#\/schema\/logo\/image\/","url":"https:\/\/trendsandvision.nl\/de\/wp-content\/uploads\/sites\/3\/2022\/04\/trends-and-vision-logo.jpg","contentUrl":"https:\/\/trendsandvision.nl\/de\/wp-content\/uploads\/sites\/3\/2022\/04\/trends-and-vision-logo.jpg","width":213,"height":100,"caption":"Trends &amp; Vision (DE)"},"image":{"@id":"https:\/\/trendsandvision.nl\/de\/#\/schema\/logo\/image\/"}}]}},"_links":{"self":[{"href":"https:\/\/trendsandvision.nl\/de\/wp-json\/wp\/v2\/product\/4336","targetHints":{"allow":["GET"]}}],"collection":[{"href":"https:\/\/trendsandvision.nl\/de\/wp-json\/wp\/v2\/product"}],"about":[{"href":"https:\/\/trendsandvision.nl\/de\/wp-json\/wp\/v2\/types\/product"}],"wp:featuredmedia":[{"embeddable":true,"href":"https:\/\/trendsandvision.nl\/de\/wp-json\/wp\/v2\/media\/4337"}],"wp:attachment":[{"href":"https:\/\/trendsandvision.nl\/de\/wp-json\/wp\/v2\/media?parent=4336"}],"wp:term":[{"taxonomy":"product_brand","embeddable":true,"href":"https:\/\/trendsandvision.nl\/de\/wp-json\/wp\/v2\/product_brand?post=4336"},{"taxonomy":"product_cat","embeddable":true,"href":"https:\/\/trendsandvision.nl\/de\/wp-json\/wp\/v2\/product_cat?post=4336"},{"taxonomy":"product_tag","embeddable":true,"href":"https:\/\/trendsandvision.nl\/de\/wp-json\/wp\/v2\/product_tag?post=4336"}],"curies":[{"name":"wp","href":"https:\/\/api.w.org\/{rel}","templated":true}]}}