{"id":4251,"date":"2022-04-22T18:14:53","date_gmt":"2022-04-22T16:14:53","guid":{"rendered":"https:\/\/trendsandvision.nl\/de\/product\/esschert-design-gartengeraete-stuhl\/"},"modified":"2026-04-07T10:32:12","modified_gmt":"2026-04-07T08:32:12","slug":"esschert-design-gartengeraete-stuhl","status":"publish","type":"product","link":"https:\/\/trendsandvision.nl\/de\/product\/esschert-design-gartengeraete-stuhl\/","title":{"rendered":"Esschert Design Gartenger\u00e4te Stuhl"},"content":{"rendered":"<p>Dieser faltbare Hocker kann leicht mitgenommen werden und bietet w\u00e4hrend der Gartenarbeit eine Sitzm\u00f6glichkeit.<br \/>\nDie abnehmbare Tasche unter der Sitzfl\u00e4che bietet sowohl im Inneren als auch in den ger\u00e4umigen Seitentaschen ausreichende Aufbewahrungsm\u00f6glichkeiten f\u00fcr Gartenger\u00e4te und andere Accessoires sodass diese w\u00e4hrend der Gartenarbeit stets zur Hand sind.<\/p>\n<p>&#8211; 2 in 1 Funktion<br \/>\n&#8211; abnehmbare Tasche dank Druckkn\u00f6pfe<\/p>\n<p>Artikelname: Gartenger\u00e4te Stuhl<br \/>\nArtikelnummer: GT01<br \/>\nProduktgruppe(n) Garten&amp;Terrasse, Gartenger\u00e4te, Praktisches Zubeh\u00f6r, Multifunktionelles Textil<br \/>\nProduktabmessungen in cm L 40,4 x T 30,8 x H 30,5<br \/>\nMaterial: Polyester, Stahl<br \/>\nNettogewicht 1,32 kg<br \/>\nBarcode 8714982024795<br \/>\nTragf\u00e4higkeit 100 kg<\/p>\n","protected":false},"excerpt":{"rendered":"<p>&#8211; Artikelnummer: GT01<br \/>\n&#8211; L 40,4 x T 30,8 x H 30,5 cm<br \/>\n&#8211; Material Polyester, Stahl<br \/>\n&#8211; 2 in 1 Funktion<br \/>\n&#8211; abnehmbare Tasche dank Druckkn\u00f6pfe<br \/>\n&#8211; Nettogewicht 1,32 kg<br \/>\n&#8211; Barcode 8714982024795<br \/>\n&#8211; Tragf\u00e4higkeit 100 kg<\/p>\n","protected":false},"featured_media":4252,"template":"","meta":[],"product_brand":[9597,9598],"product_cat":[751],"product_tag":[9384,6925,7335,8225],"class_list":{"0":"post-4251","1":"product","2":"type-product","3":"status-publish","4":"has-post-thumbnail","6":"product_brand-esschert-design","7":"product_brand-trends-and-vision","8":"product_cat-garden-tools","9":"product_tag-100kg","10":"product_tag-gartengeraeten","11":"product_tag-stuehle","12":"product_tag-zusammenklappbar","13":"pa_anbieter-esschert-design","14":"pa_ean-code-2515","15":"pa_material-pulverbeschichtetes-metal-und-leinen","16":"pa_messungen-30x415x305-cm","18":"first","19":"instock","20":"sale","21":"taxable","22":"shipping-taxable","23":"purchasable","24":"product-type-simple","25":"czr-hentry"},"yoast_head":"<!-- This site is optimized with the Yoast SEO Premium plugin v26.4 (Yoast SEO v27.4) - https:\/\/yoast.com\/product\/yoast-seo-premium-wordpress\/ -->\n<title>Esschert Design Gartenger\u00e4te Stuhl (GT01, 8714982024795) - Trends &amp; Vision<\/title>\n<meta name=\"description\" content=\"Esschert Design Gartenger\u00e4te Stuhl: Gartenwerkzeugstuhl. Die Werkzeugtasche kann mann abnehmen und hat mehrere F\u00e4cher zum verstauen. In\" \/>\n<meta name=\"robots\" content=\"index, follow, max-snippet:-1, max-image-preview:large, max-video-preview:-1\" \/>\n<link rel=\"canonical\" href=\"https:\/\/trendsandvision.nl\/de\/product\/esschert-design-gartengeraete-stuhl\/\" \/>\n<meta property=\"og:locale\" content=\"de_DE\" \/>\n<meta property=\"og:type\" content=\"article\" \/>\n<meta property=\"og:title\" content=\"Esschert Design Gartenger\u00e4te Stuhl\" \/>\n<meta property=\"og:description\" content=\"Esschert Design Gartenger\u00e4te Stuhl: Gartenwerkzeugstuhl. Die Werkzeugtasche kann mann abnehmen und hat mehrere F\u00e4cher zum verstauen. In\" \/>\n<meta property=\"og:url\" content=\"https:\/\/trendsandvision.nl\/de\/product\/esschert-design-gartengeraete-stuhl\/\" \/>\n<meta property=\"og:site_name\" content=\"Trends &amp; Vision (DE)\" \/>\n<meta property=\"article:modified_time\" content=\"2026-04-07T08:32:12+00:00\" \/>\n<meta property=\"og:image\" content=\"https:\/\/trendsandvision.nl\/de\/wp-content\/uploads\/sites\/3\/2022\/04\/GT01_01.jpg\" \/>\n\t<meta property=\"og:image:width\" content=\"800\" \/>\n\t<meta property=\"og:image:height\" content=\"800\" \/>\n\t<meta property=\"og:image:type\" content=\"image\/jpeg\" \/>\n<meta name=\"twitter:card\" content=\"summary_large_image\" \/>\n<meta name=\"twitter:label1\" content=\"Gesch\u00e4tzte Lesezeit\" \/>\n\t<meta name=\"twitter:data1\" content=\"1\u00a0Minute\" \/>\n<script type=\"application\/ld+json\" class=\"yoast-schema-graph\">{\"@context\":\"https:\\\/\\\/schema.org\",\"@graph\":[{\"@type\":\"WebPage\",\"@id\":\"https:\\\/\\\/trendsandvision.nl\\\/de\\\/product\\\/esschert-design-gartengeraete-stuhl\\\/\",\"url\":\"https:\\\/\\\/trendsandvision.nl\\\/de\\\/product\\\/esschert-design-gartengeraete-stuhl\\\/\",\"name\":\"Esschert Design Gartenger\u00e4te Stuhl (GT01, 8714982024795) - Trends & Vision\",\"isPartOf\":{\"@id\":\"https:\\\/\\\/trendsandvision.nl\\\/de\\\/#website\"},\"primaryImageOfPage\":{\"@id\":\"https:\\\/\\\/trendsandvision.nl\\\/de\\\/product\\\/esschert-design-gartengeraete-stuhl\\\/#primaryimage\"},\"image\":{\"@id\":\"https:\\\/\\\/trendsandvision.nl\\\/de\\\/product\\\/esschert-design-gartengeraete-stuhl\\\/#primaryimage\"},\"thumbnailUrl\":\"https:\\\/\\\/trendsandvision.nl\\\/de\\\/wp-content\\\/uploads\\\/sites\\\/3\\\/2022\\\/04\\\/GT01_01.jpg\",\"datePublished\":\"2022-04-22T16:14:53+00:00\",\"dateModified\":\"2026-04-07T08:32:12+00:00\",\"description\":\"Esschert Design Gartenger\u00e4te Stuhl: Gartenwerkzeugstuhl. Die Werkzeugtasche kann mann abnehmen und hat mehrere F\u00e4cher zum verstauen. In\",\"breadcrumb\":{\"@id\":\"https:\\\/\\\/trendsandvision.nl\\\/de\\\/product\\\/esschert-design-gartengeraete-stuhl\\\/#breadcrumb\"},\"inLanguage\":\"de\",\"potentialAction\":[{\"@type\":\"ReadAction\",\"target\":[\"https:\\\/\\\/trendsandvision.nl\\\/de\\\/product\\\/esschert-design-gartengeraete-stuhl\\\/\"]}]},{\"@type\":\"ImageObject\",\"inLanguage\":\"de\",\"@id\":\"https:\\\/\\\/trendsandvision.nl\\\/de\\\/product\\\/esschert-design-gartengeraete-stuhl\\\/#primaryimage\",\"url\":\"https:\\\/\\\/trendsandvision.nl\\\/de\\\/wp-content\\\/uploads\\\/sites\\\/3\\\/2022\\\/04\\\/GT01_01.jpg\",\"contentUrl\":\"https:\\\/\\\/trendsandvision.nl\\\/de\\\/wp-content\\\/uploads\\\/sites\\\/3\\\/2022\\\/04\\\/GT01_01.jpg\",\"width\":800,\"height\":800,\"caption\":\"Esschert Design Gartenger\u00e4te Stuhl (GT01\"},{\"@type\":\"BreadcrumbList\",\"@id\":\"https:\\\/\\\/trendsandvision.nl\\\/de\\\/product\\\/esschert-design-gartengeraete-stuhl\\\/#breadcrumb\",\"itemListElement\":[{\"@type\":\"ListItem\",\"position\":1,\"name\":\"Home\",\"item\":\"https:\\\/\\\/trendsandvision.nl\\\/de\\\/\"},{\"@type\":\"ListItem\",\"position\":2,\"name\":\"Gesch\u00e4ft\",\"item\":\"https:\\\/\\\/trendsandvision.nl\\\/de\\\/geschaft\\\/\"},{\"@type\":\"ListItem\",\"position\":3,\"name\":\"Esschert Design Gartenger\u00e4te Stuhl\"}]},{\"@type\":\"WebSite\",\"@id\":\"https:\\\/\\\/trendsandvision.nl\\\/de\\\/#website\",\"url\":\"https:\\\/\\\/trendsandvision.nl\\\/de\\\/\",\"name\":\"Trends &amp; Vision (DE)\",\"description\":\"Der Webshop f\u00fcr Esschert Design Artikel\",\"publisher\":{\"@id\":\"https:\\\/\\\/trendsandvision.nl\\\/de\\\/#organization\"},\"potentialAction\":[{\"@type\":\"SearchAction\",\"target\":{\"@type\":\"EntryPoint\",\"urlTemplate\":\"https:\\\/\\\/trendsandvision.nl\\\/de\\\/?s={search_term_string}\"},\"query-input\":{\"@type\":\"PropertyValueSpecification\",\"valueRequired\":true,\"valueName\":\"search_term_string\"}}],\"inLanguage\":\"de\"},{\"@type\":\"Organization\",\"@id\":\"https:\\\/\\\/trendsandvision.nl\\\/de\\\/#organization\",\"name\":\"Trends &amp; Vision (DE)\",\"url\":\"https:\\\/\\\/trendsandvision.nl\\\/de\\\/\",\"logo\":{\"@type\":\"ImageObject\",\"inLanguage\":\"de\",\"@id\":\"https:\\\/\\\/trendsandvision.nl\\\/de\\\/#\\\/schema\\\/logo\\\/image\\\/\",\"url\":\"https:\\\/\\\/trendsandvision.nl\\\/de\\\/wp-content\\\/uploads\\\/sites\\\/3\\\/2022\\\/04\\\/trends-and-vision-logo.jpg\",\"contentUrl\":\"https:\\\/\\\/trendsandvision.nl\\\/de\\\/wp-content\\\/uploads\\\/sites\\\/3\\\/2022\\\/04\\\/trends-and-vision-logo.jpg\",\"width\":213,\"height\":100,\"caption\":\"Trends &amp; Vision (DE)\"},\"image\":{\"@id\":\"https:\\\/\\\/trendsandvision.nl\\\/de\\\/#\\\/schema\\\/logo\\\/image\\\/\"}}]}<\/script>\n<!-- \/ Yoast SEO Premium plugin. -->","yoast_head_json":{"title":"Esschert Design Gartenger\u00e4te Stuhl (GT01, 8714982024795) - Trends & Vision","description":"Esschert Design Gartenger\u00e4te Stuhl: Gartenwerkzeugstuhl. Die Werkzeugtasche kann mann abnehmen und hat mehrere F\u00e4cher zum verstauen. In","robots":{"index":"index","follow":"follow","max-snippet":"max-snippet:-1","max-image-preview":"max-image-preview:large","max-video-preview":"max-video-preview:-1"},"canonical":"https:\/\/trendsandvision.nl\/de\/product\/esschert-design-gartengeraete-stuhl\/","og_locale":"de_DE","og_type":"article","og_title":"Esschert Design Gartenger\u00e4te Stuhl","og_description":"Esschert Design Gartenger\u00e4te Stuhl: Gartenwerkzeugstuhl. Die Werkzeugtasche kann mann abnehmen und hat mehrere F\u00e4cher zum verstauen. In","og_url":"https:\/\/trendsandvision.nl\/de\/product\/esschert-design-gartengeraete-stuhl\/","og_site_name":"Trends &amp; Vision (DE)","article_modified_time":"2026-04-07T08:32:12+00:00","og_image":[{"width":800,"height":800,"url":"https:\/\/trendsandvision.nl\/de\/wp-content\/uploads\/sites\/3\/2022\/04\/GT01_01.jpg","type":"image\/jpeg"}],"twitter_card":"summary_large_image","twitter_misc":{"Gesch\u00e4tzte Lesezeit":"1\u00a0Minute"},"schema":{"@context":"https:\/\/schema.org","@graph":[{"@type":"WebPage","@id":"https:\/\/trendsandvision.nl\/de\/product\/esschert-design-gartengeraete-stuhl\/","url":"https:\/\/trendsandvision.nl\/de\/product\/esschert-design-gartengeraete-stuhl\/","name":"Esschert Design Gartenger\u00e4te Stuhl (GT01, 8714982024795) - Trends & Vision","isPartOf":{"@id":"https:\/\/trendsandvision.nl\/de\/#website"},"primaryImageOfPage":{"@id":"https:\/\/trendsandvision.nl\/de\/product\/esschert-design-gartengeraete-stuhl\/#primaryimage"},"image":{"@id":"https:\/\/trendsandvision.nl\/de\/product\/esschert-design-gartengeraete-stuhl\/#primaryimage"},"thumbnailUrl":"https:\/\/trendsandvision.nl\/de\/wp-content\/uploads\/sites\/3\/2022\/04\/GT01_01.jpg","datePublished":"2022-04-22T16:14:53+00:00","dateModified":"2026-04-07T08:32:12+00:00","description":"Esschert Design Gartenger\u00e4te Stuhl: Gartenwerkzeugstuhl. Die Werkzeugtasche kann mann abnehmen und hat mehrere F\u00e4cher zum verstauen. In","breadcrumb":{"@id":"https:\/\/trendsandvision.nl\/de\/product\/esschert-design-gartengeraete-stuhl\/#breadcrumb"},"inLanguage":"de","potentialAction":[{"@type":"ReadAction","target":["https:\/\/trendsandvision.nl\/de\/product\/esschert-design-gartengeraete-stuhl\/"]}]},{"@type":"ImageObject","inLanguage":"de","@id":"https:\/\/trendsandvision.nl\/de\/product\/esschert-design-gartengeraete-stuhl\/#primaryimage","url":"https:\/\/trendsandvision.nl\/de\/wp-content\/uploads\/sites\/3\/2022\/04\/GT01_01.jpg","contentUrl":"https:\/\/trendsandvision.nl\/de\/wp-content\/uploads\/sites\/3\/2022\/04\/GT01_01.jpg","width":800,"height":800,"caption":"Esschert Design Gartenger\u00e4te Stuhl (GT01"},{"@type":"BreadcrumbList","@id":"https:\/\/trendsandvision.nl\/de\/product\/esschert-design-gartengeraete-stuhl\/#breadcrumb","itemListElement":[{"@type":"ListItem","position":1,"name":"Home","item":"https:\/\/trendsandvision.nl\/de\/"},{"@type":"ListItem","position":2,"name":"Gesch\u00e4ft","item":"https:\/\/trendsandvision.nl\/de\/geschaft\/"},{"@type":"ListItem","position":3,"name":"Esschert Design Gartenger\u00e4te Stuhl"}]},{"@type":"WebSite","@id":"https:\/\/trendsandvision.nl\/de\/#website","url":"https:\/\/trendsandvision.nl\/de\/","name":"Trends &amp; Vision (DE)","description":"Der Webshop f\u00fcr Esschert Design Artikel","publisher":{"@id":"https:\/\/trendsandvision.nl\/de\/#organization"},"potentialAction":[{"@type":"SearchAction","target":{"@type":"EntryPoint","urlTemplate":"https:\/\/trendsandvision.nl\/de\/?s={search_term_string}"},"query-input":{"@type":"PropertyValueSpecification","valueRequired":true,"valueName":"search_term_string"}}],"inLanguage":"de"},{"@type":"Organization","@id":"https:\/\/trendsandvision.nl\/de\/#organization","name":"Trends &amp; Vision (DE)","url":"https:\/\/trendsandvision.nl\/de\/","logo":{"@type":"ImageObject","inLanguage":"de","@id":"https:\/\/trendsandvision.nl\/de\/#\/schema\/logo\/image\/","url":"https:\/\/trendsandvision.nl\/de\/wp-content\/uploads\/sites\/3\/2022\/04\/trends-and-vision-logo.jpg","contentUrl":"https:\/\/trendsandvision.nl\/de\/wp-content\/uploads\/sites\/3\/2022\/04\/trends-and-vision-logo.jpg","width":213,"height":100,"caption":"Trends &amp; Vision (DE)"},"image":{"@id":"https:\/\/trendsandvision.nl\/de\/#\/schema\/logo\/image\/"}}]}},"_links":{"self":[{"href":"https:\/\/trendsandvision.nl\/de\/wp-json\/wp\/v2\/product\/4251","targetHints":{"allow":["GET"]}}],"collection":[{"href":"https:\/\/trendsandvision.nl\/de\/wp-json\/wp\/v2\/product"}],"about":[{"href":"https:\/\/trendsandvision.nl\/de\/wp-json\/wp\/v2\/types\/product"}],"wp:featuredmedia":[{"embeddable":true,"href":"https:\/\/trendsandvision.nl\/de\/wp-json\/wp\/v2\/media\/4252"}],"wp:attachment":[{"href":"https:\/\/trendsandvision.nl\/de\/wp-json\/wp\/v2\/media?parent=4251"}],"wp:term":[{"taxonomy":"product_brand","embeddable":true,"href":"https:\/\/trendsandvision.nl\/de\/wp-json\/wp\/v2\/product_brand?post=4251"},{"taxonomy":"product_cat","embeddable":true,"href":"https:\/\/trendsandvision.nl\/de\/wp-json\/wp\/v2\/product_cat?post=4251"},{"taxonomy":"product_tag","embeddable":true,"href":"https:\/\/trendsandvision.nl\/de\/wp-json\/wp\/v2\/product_tag?post=4251"}],"curies":[{"name":"wp","href":"https:\/\/api.w.org\/{rel}","templated":true}]}}