{"id":4239,"date":"2022-04-22T18:14:40","date_gmt":"2022-04-22T16:14:40","guid":{"rendered":"https:\/\/trendsandvision.nl\/de\/product\/heksenbol-glas-l-ass\/"},"modified":"2026-04-07T10:32:10","modified_gmt":"2026-04-07T08:32:10","slug":"esschert-design-hexenkugel-aus-glas-l-wahl","status":"publish","type":"product","link":"https:\/\/trendsandvision.nl\/de\/product\/esschert-design-hexenkugel-aus-glas-l-wahl\/","title":{"rendered":"Esschert Design Hexenkugel aus Glas L Wahl"},"content":{"rendered":"<p>Ein Juwel in jedem Garten mit symbolischer Bedeutung. Diese Hexenkugeln wurden in der Vergangenheit dazu verwendet, Hexen zu verjagen sowie Krankheiten und andere Widrigkeiten abzuwehren. Hexen durften ihr eigenes Spiegelbild nicht sehen; dieses w\u00fcrde sie ihrer Magie berauben.<br \/>\nNach alten Geschichten haben die verschiedenen Farben &#8222;magische Eigenschaften; Rot bewahrt Liebe und Glauben, Gr\u00fcn bringt eine reiche Ernte und Blau verhindert einen Krieg.<br \/>\nHeutzutage verwenden wir den Hexenball als Blickfang im Garten, oder als Dekoration in Innenr\u00e4umen.<br \/>\nDurch die Reflexion werden au\u00dferdem Reiher und Greifv\u00f6gel verscheucht.<br \/>\nAu\u00dferdem kann man diese Hexenkugel mit Stroh f\u00fcllen, damit die Kugel Ohrw\u00fcrmer anlockt.<br \/>\nDiese kleinen Tiere fressen gerne Blattl\u00e4use!<\/p>\n<p>&#8211; Farbwahl\/Preis ist pro st\u00fcck<br \/>\n&#8211; Blickfang vertreibt Reiher und Greifv\u00f6gel auch als Unterschlupf f\u00fcr Ohrw\u00fcrmer nutzbar<\/p>\n<p>Artikelname: Hexenkugel aus Glas L<br \/>\nArtikelnummer: GG28<br \/>\nProduktgruppe(n) Garten&amp;Terrasse, Sonstiges<br \/>\nProduktabmessungen in cm \u00f8 L 17,9 x T 17,9 x H 23<br \/>\nMaterial: Glas<br \/>\nNettogewicht 0,258 kg<br \/>\nBarcode 8714982203985<\/p>\n","protected":false},"excerpt":{"rendered":"<p>&#8211; Hexenkugel aus Glas L<br \/>\n&#8211; Artikelnummer: GG28<br \/>\n&#8211; \u00f8 L 17,9 x T 17,9 x H 23 cm<br \/>\n&#8211; Material: Glas<br \/>\n&#8211; Farbwahl\/Preis ist pro st\u00fcck<br \/>\n&#8211; Nettogewicht 0,258 kg<br \/>\n&#8211; Barcode 8714982203985<\/p>\n","protected":false},"featured_media":4240,"template":"","meta":[],"product_brand":[9597,9598],"product_cat":[503],"product_tag":[7366,7447,10587],"class_list":{"0":"post-4239","1":"product","2":"type-product","3":"status-publish","4":"has-post-thumbnail","6":"product_brand-esschert-design","7":"product_brand-trends-and-vision","8":"product_cat-esscherts-garden","9":"product_tag-gartenterrasse","10":"product_tag-hexenkugel","11":"product_tag-l","12":"pa_ean-code-2506","13":"pa_messungen-179-x-179-x-23-cm","15":"first","16":"instock","17":"sale","18":"taxable","19":"shipping-taxable","20":"purchasable","21":"product-type-simple","22":"czr-hentry"},"yoast_head":"<!-- This site is optimized with the Yoast SEO Premium plugin v26.4 (Yoast SEO v27.3) - https:\/\/yoast.com\/product\/yoast-seo-premium-wordpress\/ -->\n<title>Heksenbol glas L ass. (GG28, 8714982203985) - Trends &amp; Vision<\/title>\n<meta name=\"description\" content=\"Heksenbol glas L ass.: Heksenbol glas L ass.\" \/>\n<meta name=\"robots\" content=\"index, follow, max-snippet:-1, max-image-preview:large, max-video-preview:-1\" \/>\n<link rel=\"canonical\" href=\"https:\/\/trendsandvision.nl\/de\/product\/esschert-design-hexenkugel-aus-glas-l-wahl\/\" \/>\n<meta property=\"og:locale\" content=\"de_DE\" \/>\n<meta property=\"og:type\" content=\"article\" \/>\n<meta property=\"og:title\" content=\"Esschert Design Hexenkugel aus Glas L Wahl\" \/>\n<meta property=\"og:description\" content=\"Heksenbol glas L ass.: Heksenbol glas L ass.\" \/>\n<meta property=\"og:url\" content=\"https:\/\/trendsandvision.nl\/de\/product\/esschert-design-hexenkugel-aus-glas-l-wahl\/\" \/>\n<meta property=\"og:site_name\" content=\"Trends &amp; Vision (DE)\" \/>\n<meta property=\"article:modified_time\" content=\"2026-04-07T08:32:10+00:00\" \/>\n<meta property=\"og:image\" content=\"https:\/\/trendsandvision.nl\/de\/wp-content\/uploads\/sites\/3\/2022\/04\/GG28_01.jpg\" \/>\n\t<meta property=\"og:image:width\" content=\"800\" \/>\n\t<meta property=\"og:image:height\" content=\"800\" \/>\n\t<meta property=\"og:image:type\" content=\"image\/jpeg\" \/>\n<meta name=\"twitter:card\" content=\"summary_large_image\" \/>\n<meta name=\"twitter:label1\" content=\"Gesch\u00e4tzte Lesezeit\" \/>\n\t<meta name=\"twitter:data1\" content=\"2\u00a0Minuten\" \/>\n<script type=\"application\/ld+json\" class=\"yoast-schema-graph\">{\"@context\":\"https:\\\/\\\/schema.org\",\"@graph\":[{\"@type\":\"WebPage\",\"@id\":\"https:\\\/\\\/trendsandvision.nl\\\/de\\\/product\\\/esschert-design-hexenkugel-aus-glas-l-wahl\\\/\",\"url\":\"https:\\\/\\\/trendsandvision.nl\\\/de\\\/product\\\/esschert-design-hexenkugel-aus-glas-l-wahl\\\/\",\"name\":\"Heksenbol glas L ass. (GG28, 8714982203985) - Trends & Vision\",\"isPartOf\":{\"@id\":\"https:\\\/\\\/trendsandvision.nl\\\/de\\\/#website\"},\"primaryImageOfPage\":{\"@id\":\"https:\\\/\\\/trendsandvision.nl\\\/de\\\/product\\\/esschert-design-hexenkugel-aus-glas-l-wahl\\\/#primaryimage\"},\"image\":{\"@id\":\"https:\\\/\\\/trendsandvision.nl\\\/de\\\/product\\\/esschert-design-hexenkugel-aus-glas-l-wahl\\\/#primaryimage\"},\"thumbnailUrl\":\"https:\\\/\\\/trendsandvision.nl\\\/de\\\/wp-content\\\/uploads\\\/sites\\\/3\\\/2022\\\/04\\\/GG28_01.jpg\",\"datePublished\":\"2022-04-22T16:14:40+00:00\",\"dateModified\":\"2026-04-07T08:32:10+00:00\",\"description\":\"Heksenbol glas L ass.: Heksenbol glas L ass.\",\"breadcrumb\":{\"@id\":\"https:\\\/\\\/trendsandvision.nl\\\/de\\\/product\\\/esschert-design-hexenkugel-aus-glas-l-wahl\\\/#breadcrumb\"},\"inLanguage\":\"de\",\"potentialAction\":[{\"@type\":\"ReadAction\",\"target\":[\"https:\\\/\\\/trendsandvision.nl\\\/de\\\/product\\\/esschert-design-hexenkugel-aus-glas-l-wahl\\\/\"]}]},{\"@type\":\"ImageObject\",\"inLanguage\":\"de\",\"@id\":\"https:\\\/\\\/trendsandvision.nl\\\/de\\\/product\\\/esschert-design-hexenkugel-aus-glas-l-wahl\\\/#primaryimage\",\"url\":\"https:\\\/\\\/trendsandvision.nl\\\/de\\\/wp-content\\\/uploads\\\/sites\\\/3\\\/2022\\\/04\\\/GG28_01.jpg\",\"contentUrl\":\"https:\\\/\\\/trendsandvision.nl\\\/de\\\/wp-content\\\/uploads\\\/sites\\\/3\\\/2022\\\/04\\\/GG28_01.jpg\",\"width\":800,\"height\":800,\"caption\":\"Heksenbol glas L ass. (GG28\"},{\"@type\":\"BreadcrumbList\",\"@id\":\"https:\\\/\\\/trendsandvision.nl\\\/de\\\/product\\\/esschert-design-hexenkugel-aus-glas-l-wahl\\\/#breadcrumb\",\"itemListElement\":[{\"@type\":\"ListItem\",\"position\":1,\"name\":\"Home\",\"item\":\"https:\\\/\\\/trendsandvision.nl\\\/de\\\/\"},{\"@type\":\"ListItem\",\"position\":2,\"name\":\"Gesch\u00e4ft\",\"item\":\"https:\\\/\\\/trendsandvision.nl\\\/de\\\/geschaft\\\/\"},{\"@type\":\"ListItem\",\"position\":3,\"name\":\"Esschert Design Hexenkugel aus Glas L Wahl\"}]},{\"@type\":\"WebSite\",\"@id\":\"https:\\\/\\\/trendsandvision.nl\\\/de\\\/#website\",\"url\":\"https:\\\/\\\/trendsandvision.nl\\\/de\\\/\",\"name\":\"Trends &amp; Vision (DE)\",\"description\":\"Der Webshop f\u00fcr Esschert Design Artikel\",\"publisher\":{\"@id\":\"https:\\\/\\\/trendsandvision.nl\\\/de\\\/#organization\"},\"potentialAction\":[{\"@type\":\"SearchAction\",\"target\":{\"@type\":\"EntryPoint\",\"urlTemplate\":\"https:\\\/\\\/trendsandvision.nl\\\/de\\\/?s={search_term_string}\"},\"query-input\":{\"@type\":\"PropertyValueSpecification\",\"valueRequired\":true,\"valueName\":\"search_term_string\"}}],\"inLanguage\":\"de\"},{\"@type\":\"Organization\",\"@id\":\"https:\\\/\\\/trendsandvision.nl\\\/de\\\/#organization\",\"name\":\"Trends &amp; Vision (DE)\",\"url\":\"https:\\\/\\\/trendsandvision.nl\\\/de\\\/\",\"logo\":{\"@type\":\"ImageObject\",\"inLanguage\":\"de\",\"@id\":\"https:\\\/\\\/trendsandvision.nl\\\/de\\\/#\\\/schema\\\/logo\\\/image\\\/\",\"url\":\"https:\\\/\\\/trendsandvision.nl\\\/de\\\/wp-content\\\/uploads\\\/sites\\\/3\\\/2022\\\/04\\\/trends-and-vision-logo.jpg\",\"contentUrl\":\"https:\\\/\\\/trendsandvision.nl\\\/de\\\/wp-content\\\/uploads\\\/sites\\\/3\\\/2022\\\/04\\\/trends-and-vision-logo.jpg\",\"width\":213,\"height\":100,\"caption\":\"Trends &amp; Vision (DE)\"},\"image\":{\"@id\":\"https:\\\/\\\/trendsandvision.nl\\\/de\\\/#\\\/schema\\\/logo\\\/image\\\/\"}}]}<\/script>\n<!-- \/ Yoast SEO Premium plugin. -->","yoast_head_json":{"title":"Heksenbol glas L ass. (GG28, 8714982203985) - Trends & Vision","description":"Heksenbol glas L ass.: Heksenbol glas L ass.","robots":{"index":"index","follow":"follow","max-snippet":"max-snippet:-1","max-image-preview":"max-image-preview:large","max-video-preview":"max-video-preview:-1"},"canonical":"https:\/\/trendsandvision.nl\/de\/product\/esschert-design-hexenkugel-aus-glas-l-wahl\/","og_locale":"de_DE","og_type":"article","og_title":"Esschert Design Hexenkugel aus Glas L Wahl","og_description":"Heksenbol glas L ass.: Heksenbol glas L ass.","og_url":"https:\/\/trendsandvision.nl\/de\/product\/esschert-design-hexenkugel-aus-glas-l-wahl\/","og_site_name":"Trends &amp; Vision (DE)","article_modified_time":"2026-04-07T08:32:10+00:00","og_image":[{"width":800,"height":800,"url":"https:\/\/trendsandvision.nl\/de\/wp-content\/uploads\/sites\/3\/2022\/04\/GG28_01.jpg","type":"image\/jpeg"}],"twitter_card":"summary_large_image","twitter_misc":{"Gesch\u00e4tzte Lesezeit":"2\u00a0Minuten"},"schema":{"@context":"https:\/\/schema.org","@graph":[{"@type":"WebPage","@id":"https:\/\/trendsandvision.nl\/de\/product\/esschert-design-hexenkugel-aus-glas-l-wahl\/","url":"https:\/\/trendsandvision.nl\/de\/product\/esschert-design-hexenkugel-aus-glas-l-wahl\/","name":"Heksenbol glas L ass. (GG28, 8714982203985) - Trends & Vision","isPartOf":{"@id":"https:\/\/trendsandvision.nl\/de\/#website"},"primaryImageOfPage":{"@id":"https:\/\/trendsandvision.nl\/de\/product\/esschert-design-hexenkugel-aus-glas-l-wahl\/#primaryimage"},"image":{"@id":"https:\/\/trendsandvision.nl\/de\/product\/esschert-design-hexenkugel-aus-glas-l-wahl\/#primaryimage"},"thumbnailUrl":"https:\/\/trendsandvision.nl\/de\/wp-content\/uploads\/sites\/3\/2022\/04\/GG28_01.jpg","datePublished":"2022-04-22T16:14:40+00:00","dateModified":"2026-04-07T08:32:10+00:00","description":"Heksenbol glas L ass.: Heksenbol glas L ass.","breadcrumb":{"@id":"https:\/\/trendsandvision.nl\/de\/product\/esschert-design-hexenkugel-aus-glas-l-wahl\/#breadcrumb"},"inLanguage":"de","potentialAction":[{"@type":"ReadAction","target":["https:\/\/trendsandvision.nl\/de\/product\/esschert-design-hexenkugel-aus-glas-l-wahl\/"]}]},{"@type":"ImageObject","inLanguage":"de","@id":"https:\/\/trendsandvision.nl\/de\/product\/esschert-design-hexenkugel-aus-glas-l-wahl\/#primaryimage","url":"https:\/\/trendsandvision.nl\/de\/wp-content\/uploads\/sites\/3\/2022\/04\/GG28_01.jpg","contentUrl":"https:\/\/trendsandvision.nl\/de\/wp-content\/uploads\/sites\/3\/2022\/04\/GG28_01.jpg","width":800,"height":800,"caption":"Heksenbol glas L ass. (GG28"},{"@type":"BreadcrumbList","@id":"https:\/\/trendsandvision.nl\/de\/product\/esschert-design-hexenkugel-aus-glas-l-wahl\/#breadcrumb","itemListElement":[{"@type":"ListItem","position":1,"name":"Home","item":"https:\/\/trendsandvision.nl\/de\/"},{"@type":"ListItem","position":2,"name":"Gesch\u00e4ft","item":"https:\/\/trendsandvision.nl\/de\/geschaft\/"},{"@type":"ListItem","position":3,"name":"Esschert Design Hexenkugel aus Glas L Wahl"}]},{"@type":"WebSite","@id":"https:\/\/trendsandvision.nl\/de\/#website","url":"https:\/\/trendsandvision.nl\/de\/","name":"Trends &amp; Vision (DE)","description":"Der Webshop f\u00fcr Esschert Design Artikel","publisher":{"@id":"https:\/\/trendsandvision.nl\/de\/#organization"},"potentialAction":[{"@type":"SearchAction","target":{"@type":"EntryPoint","urlTemplate":"https:\/\/trendsandvision.nl\/de\/?s={search_term_string}"},"query-input":{"@type":"PropertyValueSpecification","valueRequired":true,"valueName":"search_term_string"}}],"inLanguage":"de"},{"@type":"Organization","@id":"https:\/\/trendsandvision.nl\/de\/#organization","name":"Trends &amp; Vision (DE)","url":"https:\/\/trendsandvision.nl\/de\/","logo":{"@type":"ImageObject","inLanguage":"de","@id":"https:\/\/trendsandvision.nl\/de\/#\/schema\/logo\/image\/","url":"https:\/\/trendsandvision.nl\/de\/wp-content\/uploads\/sites\/3\/2022\/04\/trends-and-vision-logo.jpg","contentUrl":"https:\/\/trendsandvision.nl\/de\/wp-content\/uploads\/sites\/3\/2022\/04\/trends-and-vision-logo.jpg","width":213,"height":100,"caption":"Trends &amp; Vision (DE)"},"image":{"@id":"https:\/\/trendsandvision.nl\/de\/#\/schema\/logo\/image\/"}}]}},"_links":{"self":[{"href":"https:\/\/trendsandvision.nl\/de\/wp-json\/wp\/v2\/product\/4239","targetHints":{"allow":["GET"]}}],"collection":[{"href":"https:\/\/trendsandvision.nl\/de\/wp-json\/wp\/v2\/product"}],"about":[{"href":"https:\/\/trendsandvision.nl\/de\/wp-json\/wp\/v2\/types\/product"}],"wp:featuredmedia":[{"embeddable":true,"href":"https:\/\/trendsandvision.nl\/de\/wp-json\/wp\/v2\/media\/4240"}],"wp:attachment":[{"href":"https:\/\/trendsandvision.nl\/de\/wp-json\/wp\/v2\/media?parent=4239"}],"wp:term":[{"taxonomy":"product_brand","embeddable":true,"href":"https:\/\/trendsandvision.nl\/de\/wp-json\/wp\/v2\/product_brand?post=4239"},{"taxonomy":"product_cat","embeddable":true,"href":"https:\/\/trendsandvision.nl\/de\/wp-json\/wp\/v2\/product_cat?post=4239"},{"taxonomy":"product_tag","embeddable":true,"href":"https:\/\/trendsandvision.nl\/de\/wp-json\/wp\/v2\/product_tag?post=4239"}],"curies":[{"name":"wp","href":"https:\/\/api.w.org\/{rel}","templated":true}]}}