{"id":4143,"date":"2022-04-22T18:12:29","date_gmt":"2022-04-22T16:12:29","guid":{"rendered":"https:\/\/trendsandvision.nl\/de\/product\/esschert-design-blumen-und-kraeutertrockner\/"},"modified":"2026-04-22T15:04:02","modified_gmt":"2026-04-22T13:04:02","slug":"esschert-design-blumen-und-kraeutertrockner","status":"publish","type":"product","link":"https:\/\/trendsandvision.nl\/de\/product\/esschert-design-blumen-und-kraeutertrockner\/","title":{"rendered":"Esschert Design Blumen- und Kr\u00e4utertrockner"},"content":{"rendered":"<p>Eine der ersten Methoden, um Blumen und Kr\u00e4uter l\u00e4nger zu genie\u00dfen, war die Trocknungstechnik. Viele Pflanzen behalten ihre Form, Farbe, ihren Duft und ihren Geschmack, wenn sie an der Luft getrocknet werden. Trocknen Sie gepfl\u00fcckte Blumen und Kr\u00e4uter, indem Sie sie auf das Gestell legen.<\/p>\n<p>&#8211; einfach zu bedienen<br \/>\n&#8211; nat\u00fcrliches Aussehen<br \/>\n&#8211; 3 Schichten<br \/>\n&#8211; stapelbar<br \/>\n&#8211; offene Struktur f\u00fcr gute Bel\u00fcftung<\/p>\n<p>Artikelname: Blumen- und Kr\u00e4utertrockner<br \/>\nArtikelnummer: FH008<br \/>\nProduktgruppe(n) Garten&amp;Terrasse, Gartenger\u00e4te, Praktisches Zubeh\u00f6r, Kultivierung, Bedarf, Sonstiges, Indoor, Getrocknete Blumen und Kr\u00e4uter, Sonstiges<br \/>\nProduktabmessungen in cm L 36,8 x T 23,5 x H 16<br \/>\nMaterial: Kiefernholz, Edelstahl<br \/>\nNettogewicht 0,805 kg<br \/>\nBarcode 8714982175589<br \/>\nFSC\u00ae  100%<\/p>\n","protected":false},"excerpt":{"rendered":"<p>&#8211; Artikelnummer: FH008<br \/>\n&#8211; L 36,8 x T 23,5 x H 16 cm<br \/>\n&#8211; Material: Kiefernholz, Edelstahl<br \/>\n&#8211; Nettogewicht 0,805 kg<br \/>\n&#8211; Barcode 8714982175589<br \/>\n&#8211; FSC\u00ae 100%<br \/>\n&#8211; einfach zu bedienen<br \/>\n&#8211; nat\u00fcrliches Aussehen<br \/>\n&#8211; 3 Schichten<br \/>\n&#8211; stapelbar<br \/>\n&#8211; offene Struktur f\u00fcr gute Bel\u00fcftung<\/p>\n","protected":false},"featured_media":4144,"template":"","meta":[],"product_brand":[9597,9598],"product_cat":[503],"product_tag":[7166,7401,7437],"class_list":{"0":"post-4143","1":"product","2":"type-product","3":"status-publish","4":"has-post-thumbnail","6":"product_brand-esschert-design","7":"product_brand-trends-and-vision","8":"product_cat-esscherts-garden","9":"product_tag-fsc-fsc-100","10":"product_tag-getrocknete-blumen-und-kraeuter","11":"product_tag-stapelbar","12":"pa_anbieter-esschert-design","13":"pa_ean-code-2434","14":"pa_messungen-368x235x16-cm","16":"first","17":"instock","18":"sale","19":"taxable","20":"shipping-taxable","21":"purchasable","22":"product-type-simple","23":"czr-hentry"},"yoast_head":"<!-- This site is optimized with the Yoast SEO Premium plugin v27.4 (Yoast SEO v27.4) - https:\/\/yoast.com\/product\/yoast-seo-premium-wordpress\/ -->\n<title>Esschert Design Blumen- und Kr\u00e4utertrockner (FH008, 8714982175589) - Trends &amp; Vision<\/title>\n<meta name=\"description\" content=\"Esschert Design Blumen- und Kr\u00e4utertrockner: Eine der ersten Methoden, um Blumen und Kr\u00e4uter l\u00e4nger zu genie\u00dfen, war die Trocknungstechnik. Viele\" \/>\n<meta name=\"robots\" content=\"index, follow, max-snippet:-1, max-image-preview:large, max-video-preview:-1\" \/>\n<link rel=\"canonical\" href=\"https:\/\/trendsandvision.nl\/de\/product\/esschert-design-blumen-und-kraeutertrockner\/\" \/>\n<meta property=\"og:locale\" content=\"de_DE\" \/>\n<meta property=\"og:type\" content=\"article\" \/>\n<meta property=\"og:title\" content=\"Esschert Design Blumen- und Kr\u00e4utertrockner\" \/>\n<meta property=\"og:description\" content=\"Esschert Design Blumen- und Kr\u00e4utertrockner: Eine der ersten Methoden, um Blumen und Kr\u00e4uter l\u00e4nger zu genie\u00dfen, war die Trocknungstechnik. Viele\" \/>\n<meta property=\"og:url\" content=\"https:\/\/trendsandvision.nl\/de\/product\/esschert-design-blumen-und-kraeutertrockner\/\" \/>\n<meta property=\"og:site_name\" content=\"Trends &amp; Vision (DE)\" \/>\n<meta property=\"article:modified_time\" content=\"2026-04-22T13:04:02+00:00\" \/>\n<meta property=\"og:image\" content=\"https:\/\/trendsandvision.nl\/de\/wp-content\/uploads\/sites\/3\/2022\/04\/FH008_01.jpg\" \/>\n\t<meta property=\"og:image:width\" content=\"800\" \/>\n\t<meta property=\"og:image:height\" content=\"800\" \/>\n\t<meta property=\"og:image:type\" content=\"image\/jpeg\" \/>\n<meta name=\"twitter:card\" content=\"summary_large_image\" \/>\n<meta name=\"twitter:label1\" content=\"Gesch\u00e4tzte Lesezeit\" \/>\n\t<meta name=\"twitter:data1\" content=\"1\u00a0Minute\" \/>\n<script type=\"application\/ld+json\" class=\"yoast-schema-graph\">{\"@context\":\"https:\\\/\\\/schema.org\",\"@graph\":[{\"@type\":\"WebPage\",\"@id\":\"https:\\\/\\\/trendsandvision.nl\\\/de\\\/product\\\/esschert-design-blumen-und-kraeutertrockner\\\/\",\"url\":\"https:\\\/\\\/trendsandvision.nl\\\/de\\\/product\\\/esschert-design-blumen-und-kraeutertrockner\\\/\",\"name\":\"Esschert Design Blumen- und Kr\u00e4utertrockner (FH008, 8714982175589) - Trends & Vision\",\"isPartOf\":{\"@id\":\"https:\\\/\\\/trendsandvision.nl\\\/de\\\/#website\"},\"primaryImageOfPage\":{\"@id\":\"https:\\\/\\\/trendsandvision.nl\\\/de\\\/product\\\/esschert-design-blumen-und-kraeutertrockner\\\/#primaryimage\"},\"image\":{\"@id\":\"https:\\\/\\\/trendsandvision.nl\\\/de\\\/product\\\/esschert-design-blumen-und-kraeutertrockner\\\/#primaryimage\"},\"thumbnailUrl\":\"https:\\\/\\\/trendsandvision.nl\\\/de\\\/wp-content\\\/uploads\\\/sites\\\/3\\\/2022\\\/04\\\/FH008_01.jpg\",\"datePublished\":\"2022-04-22T16:12:29+00:00\",\"dateModified\":\"2026-04-22T13:04:02+00:00\",\"description\":\"Esschert Design Blumen- und Kr\u00e4utertrockner: Eine der ersten Methoden, um Blumen und Kr\u00e4uter l\u00e4nger zu genie\u00dfen, war die Trocknungstechnik. Viele\",\"breadcrumb\":{\"@id\":\"https:\\\/\\\/trendsandvision.nl\\\/de\\\/product\\\/esschert-design-blumen-und-kraeutertrockner\\\/#breadcrumb\"},\"inLanguage\":\"de\",\"potentialAction\":[{\"@type\":\"ReadAction\",\"target\":[\"https:\\\/\\\/trendsandvision.nl\\\/de\\\/product\\\/esschert-design-blumen-und-kraeutertrockner\\\/\"]}]},{\"@type\":\"ImageObject\",\"inLanguage\":\"de\",\"@id\":\"https:\\\/\\\/trendsandvision.nl\\\/de\\\/product\\\/esschert-design-blumen-und-kraeutertrockner\\\/#primaryimage\",\"url\":\"https:\\\/\\\/trendsandvision.nl\\\/de\\\/wp-content\\\/uploads\\\/sites\\\/3\\\/2022\\\/04\\\/FH008_01.jpg\",\"contentUrl\":\"https:\\\/\\\/trendsandvision.nl\\\/de\\\/wp-content\\\/uploads\\\/sites\\\/3\\\/2022\\\/04\\\/FH008_01.jpg\",\"width\":800,\"height\":800,\"caption\":\"Esschert Design Blumen- und Kr\u00e4utertrockner (FH008\"},{\"@type\":\"BreadcrumbList\",\"@id\":\"https:\\\/\\\/trendsandvision.nl\\\/de\\\/product\\\/esschert-design-blumen-und-kraeutertrockner\\\/#breadcrumb\",\"itemListElement\":[{\"@type\":\"ListItem\",\"position\":1,\"name\":\"Home\",\"item\":\"https:\\\/\\\/trendsandvision.nl\\\/de\\\/\"},{\"@type\":\"ListItem\",\"position\":2,\"name\":\"Gesch\u00e4ft\",\"item\":\"https:\\\/\\\/trendsandvision.nl\\\/de\\\/geschaft\\\/\"},{\"@type\":\"ListItem\",\"position\":3,\"name\":\"Esschert Design Blumen- und Kr\u00e4utertrockner\"}]},{\"@type\":\"WebSite\",\"@id\":\"https:\\\/\\\/trendsandvision.nl\\\/de\\\/#website\",\"url\":\"https:\\\/\\\/trendsandvision.nl\\\/de\\\/\",\"name\":\"Trends &amp; Vision (DE)\",\"description\":\"Der Webshop f\u00fcr Esschert Design Artikel\",\"publisher\":{\"@id\":\"https:\\\/\\\/trendsandvision.nl\\\/de\\\/#organization\"},\"potentialAction\":[{\"@type\":\"SearchAction\",\"target\":{\"@type\":\"EntryPoint\",\"urlTemplate\":\"https:\\\/\\\/trendsandvision.nl\\\/de\\\/?s={search_term_string}\"},\"query-input\":{\"@type\":\"PropertyValueSpecification\",\"valueRequired\":true,\"valueName\":\"search_term_string\"}}],\"inLanguage\":\"de\"},{\"@type\":\"Organization\",\"@id\":\"https:\\\/\\\/trendsandvision.nl\\\/de\\\/#organization\",\"name\":\"Trends &amp; Vision (DE)\",\"url\":\"https:\\\/\\\/trendsandvision.nl\\\/de\\\/\",\"logo\":{\"@type\":\"ImageObject\",\"inLanguage\":\"de\",\"@id\":\"https:\\\/\\\/trendsandvision.nl\\\/de\\\/#\\\/schema\\\/logo\\\/image\\\/\",\"url\":\"https:\\\/\\\/trendsandvision.nl\\\/de\\\/wp-content\\\/uploads\\\/sites\\\/3\\\/2022\\\/04\\\/trends-and-vision-logo.jpg\",\"contentUrl\":\"https:\\\/\\\/trendsandvision.nl\\\/de\\\/wp-content\\\/uploads\\\/sites\\\/3\\\/2022\\\/04\\\/trends-and-vision-logo.jpg\",\"width\":213,\"height\":100,\"caption\":\"Trends &amp; Vision (DE)\"},\"image\":{\"@id\":\"https:\\\/\\\/trendsandvision.nl\\\/de\\\/#\\\/schema\\\/logo\\\/image\\\/\"}}]}<\/script>\n<!-- \/ Yoast SEO Premium plugin. -->","yoast_head_json":{"title":"Esschert Design Blumen- und Kr\u00e4utertrockner (FH008, 8714982175589) - Trends & Vision","description":"Esschert Design Blumen- und Kr\u00e4utertrockner: Eine der ersten Methoden, um Blumen und Kr\u00e4uter l\u00e4nger zu genie\u00dfen, war die Trocknungstechnik. Viele","robots":{"index":"index","follow":"follow","max-snippet":"max-snippet:-1","max-image-preview":"max-image-preview:large","max-video-preview":"max-video-preview:-1"},"canonical":"https:\/\/trendsandvision.nl\/de\/product\/esschert-design-blumen-und-kraeutertrockner\/","og_locale":"de_DE","og_type":"article","og_title":"Esschert Design Blumen- und Kr\u00e4utertrockner","og_description":"Esschert Design Blumen- und Kr\u00e4utertrockner: Eine der ersten Methoden, um Blumen und Kr\u00e4uter l\u00e4nger zu genie\u00dfen, war die Trocknungstechnik. Viele","og_url":"https:\/\/trendsandvision.nl\/de\/product\/esschert-design-blumen-und-kraeutertrockner\/","og_site_name":"Trends &amp; Vision (DE)","article_modified_time":"2026-04-22T13:04:02+00:00","og_image":[{"width":800,"height":800,"url":"https:\/\/trendsandvision.nl\/de\/wp-content\/uploads\/sites\/3\/2022\/04\/FH008_01.jpg","type":"image\/jpeg"}],"twitter_card":"summary_large_image","twitter_misc":{"Gesch\u00e4tzte Lesezeit":"1\u00a0Minute"},"schema":{"@context":"https:\/\/schema.org","@graph":[{"@type":"WebPage","@id":"https:\/\/trendsandvision.nl\/de\/product\/esschert-design-blumen-und-kraeutertrockner\/","url":"https:\/\/trendsandvision.nl\/de\/product\/esschert-design-blumen-und-kraeutertrockner\/","name":"Esschert Design Blumen- und Kr\u00e4utertrockner (FH008, 8714982175589) - Trends & Vision","isPartOf":{"@id":"https:\/\/trendsandvision.nl\/de\/#website"},"primaryImageOfPage":{"@id":"https:\/\/trendsandvision.nl\/de\/product\/esschert-design-blumen-und-kraeutertrockner\/#primaryimage"},"image":{"@id":"https:\/\/trendsandvision.nl\/de\/product\/esschert-design-blumen-und-kraeutertrockner\/#primaryimage"},"thumbnailUrl":"https:\/\/trendsandvision.nl\/de\/wp-content\/uploads\/sites\/3\/2022\/04\/FH008_01.jpg","datePublished":"2022-04-22T16:12:29+00:00","dateModified":"2026-04-22T13:04:02+00:00","description":"Esschert Design Blumen- und Kr\u00e4utertrockner: Eine der ersten Methoden, um Blumen und Kr\u00e4uter l\u00e4nger zu genie\u00dfen, war die Trocknungstechnik. Viele","breadcrumb":{"@id":"https:\/\/trendsandvision.nl\/de\/product\/esschert-design-blumen-und-kraeutertrockner\/#breadcrumb"},"inLanguage":"de","potentialAction":[{"@type":"ReadAction","target":["https:\/\/trendsandvision.nl\/de\/product\/esschert-design-blumen-und-kraeutertrockner\/"]}]},{"@type":"ImageObject","inLanguage":"de","@id":"https:\/\/trendsandvision.nl\/de\/product\/esschert-design-blumen-und-kraeutertrockner\/#primaryimage","url":"https:\/\/trendsandvision.nl\/de\/wp-content\/uploads\/sites\/3\/2022\/04\/FH008_01.jpg","contentUrl":"https:\/\/trendsandvision.nl\/de\/wp-content\/uploads\/sites\/3\/2022\/04\/FH008_01.jpg","width":800,"height":800,"caption":"Esschert Design Blumen- und Kr\u00e4utertrockner (FH008"},{"@type":"BreadcrumbList","@id":"https:\/\/trendsandvision.nl\/de\/product\/esschert-design-blumen-und-kraeutertrockner\/#breadcrumb","itemListElement":[{"@type":"ListItem","position":1,"name":"Home","item":"https:\/\/trendsandvision.nl\/de\/"},{"@type":"ListItem","position":2,"name":"Gesch\u00e4ft","item":"https:\/\/trendsandvision.nl\/de\/geschaft\/"},{"@type":"ListItem","position":3,"name":"Esschert Design Blumen- und Kr\u00e4utertrockner"}]},{"@type":"WebSite","@id":"https:\/\/trendsandvision.nl\/de\/#website","url":"https:\/\/trendsandvision.nl\/de\/","name":"Trends &amp; Vision (DE)","description":"Der Webshop f\u00fcr Esschert Design Artikel","publisher":{"@id":"https:\/\/trendsandvision.nl\/de\/#organization"},"potentialAction":[{"@type":"SearchAction","target":{"@type":"EntryPoint","urlTemplate":"https:\/\/trendsandvision.nl\/de\/?s={search_term_string}"},"query-input":{"@type":"PropertyValueSpecification","valueRequired":true,"valueName":"search_term_string"}}],"inLanguage":"de"},{"@type":"Organization","@id":"https:\/\/trendsandvision.nl\/de\/#organization","name":"Trends &amp; Vision (DE)","url":"https:\/\/trendsandvision.nl\/de\/","logo":{"@type":"ImageObject","inLanguage":"de","@id":"https:\/\/trendsandvision.nl\/de\/#\/schema\/logo\/image\/","url":"https:\/\/trendsandvision.nl\/de\/wp-content\/uploads\/sites\/3\/2022\/04\/trends-and-vision-logo.jpg","contentUrl":"https:\/\/trendsandvision.nl\/de\/wp-content\/uploads\/sites\/3\/2022\/04\/trends-and-vision-logo.jpg","width":213,"height":100,"caption":"Trends &amp; Vision (DE)"},"image":{"@id":"https:\/\/trendsandvision.nl\/de\/#\/schema\/logo\/image\/"}}]}},"_links":{"self":[{"href":"https:\/\/trendsandvision.nl\/de\/wp-json\/wp\/v2\/product\/4143","targetHints":{"allow":["GET"]}}],"collection":[{"href":"https:\/\/trendsandvision.nl\/de\/wp-json\/wp\/v2\/product"}],"about":[{"href":"https:\/\/trendsandvision.nl\/de\/wp-json\/wp\/v2\/types\/product"}],"wp:featuredmedia":[{"embeddable":true,"href":"https:\/\/trendsandvision.nl\/de\/wp-json\/wp\/v2\/media\/4144"}],"wp:attachment":[{"href":"https:\/\/trendsandvision.nl\/de\/wp-json\/wp\/v2\/media?parent=4143"}],"wp:term":[{"taxonomy":"product_brand","embeddable":true,"href":"https:\/\/trendsandvision.nl\/de\/wp-json\/wp\/v2\/product_brand?post=4143"},{"taxonomy":"product_cat","embeddable":true,"href":"https:\/\/trendsandvision.nl\/de\/wp-json\/wp\/v2\/product_cat?post=4143"},{"taxonomy":"product_tag","embeddable":true,"href":"https:\/\/trendsandvision.nl\/de\/wp-json\/wp\/v2\/product_tag?post=4143"}],"curies":[{"name":"wp","href":"https:\/\/api.w.org\/{rel}","templated":true}]}}