{"id":4064,"date":"2022-04-22T18:10:31","date_gmt":"2022-04-22T16:10:31","guid":{"rendered":"https:\/\/trendsandvision.nl\/de\/product\/esschert-design-ovengedroogd-beukenhout\/"},"modified":"2026-04-22T15:03:15","modified_gmt":"2026-04-22T13:03:15","slug":"esschert-design-premium-kammergetrocknetes-buchenholz","status":"publish","type":"product","link":"https:\/\/trendsandvision.nl\/de\/product\/esschert-design-premium-kammergetrocknetes-buchenholz\/","title":{"rendered":"Esschert Design Premium kammergetrocknetes Buchenholz"},"content":{"rendered":"<p>  Dieses kammergetrocknete Buchenholz gibt ein sanftes Flammenspiel mit wenigen Funken und hat eine lange Brenndauer.<\/p>\n<p>&#8211; Hartholz<br \/>\n&#8211; brennt langsam und lange<br \/>\n&#8211; brennt mit einer gro\u00dfen und regelm\u00e4\u00dfigen Flamme und einem faszinierenden Zusammenspiel von Flammen<br \/>\n&#8211; gibt viel W\u00e4rme ab (Brennwert: 4,2 KWh \/ kg)<br \/>\n&#8211; Holz enth\u00e4lt kein Harz, somit springen keine Funken, wenn es brennt<br \/>\n&#8211; sehr saubere Verbrennung<br \/>\n&#8211; f\u00fcr jede Art von Kamin oder Herd geeignet.<\/p>\n<p>Artikelnummer: FF913<br \/>\nProduktgruppe(n) Feuer, Brennholz, Brennstoff<br \/>\nProduktabmessungen in cm L 32,4 x T 14,2 x H 58,5<br \/>\nVolumen in Litern 22<br \/>\nMaterial: Buche<br \/>\nNettogewicht 7,95 kg<br \/>\nBarcode 8714982145193<br \/>\nFSC\u00ae 100%<\/p>\n","protected":false},"excerpt":{"rendered":"<p>Artikelnummer: FF913<br \/>\nL 32,4 x T 14,2 x H 58,5 cm<br \/>\nVolumen in Litern 22<br \/>\nMaterial Buche<br \/>\nNettogewicht 7,95 kg<br \/>\nBarcode 8714982145193<br \/>\nFSC\u00ae 100%<\/p>\n","protected":false},"featured_media":4065,"template":"","meta":[],"product_brand":[9597,9598],"product_cat":[1124],"product_tag":[7315,8199,8302,7166,8198,8301],"class_list":{"0":"post-4064","1":"product","2":"type-product","3":"status-publish","4":"has-post-thumbnail","6":"product_brand-esschert-design","7":"product_brand-trends-and-vision","8":"product_cat-fancy-flames","9":"product_tag-bbq","10":"product_tag-brennholz","11":"product_tag-buchen","12":"product_tag-fsc-fsc-100","13":"product_tag-ofengetrocknet","14":"product_tag-premium","15":"pa_anbieter-esschert-design","16":"pa_ean-code-2383","17":"pa_material-hout-mix","18":"pa_messungen-67x40x14","20":"first","21":"instock","22":"sale","23":"taxable","24":"shipping-taxable","25":"purchasable","26":"product-type-simple","27":"czr-hentry"},"yoast_head":"<!-- This site is optimized with the Yoast SEO Premium plugin v27.4 (Yoast SEO v27.4) - https:\/\/yoast.com\/product\/yoast-seo-premium-wordpress\/ -->\n<title>Esschert Design Ovengedroogd beukenhout (FF913, 8714982145193) - Trends &amp; Vision<\/title>\n<meta name=\"description\" content=\"Esschert Design Ovengedroogd beukenhout: Ovengedroogd beukenhout\" \/>\n<meta name=\"robots\" content=\"index, follow, max-snippet:-1, max-image-preview:large, max-video-preview:-1\" \/>\n<link rel=\"canonical\" href=\"https:\/\/trendsandvision.nl\/de\/product\/esschert-design-premium-kammergetrocknetes-buchenholz\/\" \/>\n<meta property=\"og:locale\" content=\"de_DE\" \/>\n<meta property=\"og:type\" content=\"article\" \/>\n<meta property=\"og:title\" content=\"Esschert Design Premium kammergetrocknetes Buchenholz\" \/>\n<meta property=\"og:description\" content=\"Esschert Design Ovengedroogd beukenhout: Ovengedroogd beukenhout\" \/>\n<meta property=\"og:url\" content=\"https:\/\/trendsandvision.nl\/de\/product\/esschert-design-premium-kammergetrocknetes-buchenholz\/\" \/>\n<meta property=\"og:site_name\" content=\"Trends &amp; Vision (DE)\" \/>\n<meta property=\"article:modified_time\" content=\"2026-04-22T13:03:15+00:00\" \/>\n<meta property=\"og:image\" content=\"https:\/\/trendsandvision.nl\/de\/wp-content\/uploads\/sites\/3\/2022\/04\/FF913_01.jpg\" \/>\n\t<meta property=\"og:image:width\" content=\"800\" \/>\n\t<meta property=\"og:image:height\" content=\"800\" \/>\n\t<meta property=\"og:image:type\" content=\"image\/jpeg\" \/>\n<meta name=\"twitter:card\" content=\"summary_large_image\" \/>\n<meta name=\"twitter:label1\" content=\"Gesch\u00e4tzte Lesezeit\" \/>\n\t<meta name=\"twitter:data1\" content=\"1\u00a0Minute\" \/>\n<script type=\"application\/ld+json\" class=\"yoast-schema-graph\">{\"@context\":\"https:\\\/\\\/schema.org\",\"@graph\":[{\"@type\":\"WebPage\",\"@id\":\"https:\\\/\\\/trendsandvision.nl\\\/de\\\/product\\\/esschert-design-premium-kammergetrocknetes-buchenholz\\\/\",\"url\":\"https:\\\/\\\/trendsandvision.nl\\\/de\\\/product\\\/esschert-design-premium-kammergetrocknetes-buchenholz\\\/\",\"name\":\"Esschert Design Ovengedroogd beukenhout (FF913, 8714982145193) - Trends & Vision\",\"isPartOf\":{\"@id\":\"https:\\\/\\\/trendsandvision.nl\\\/de\\\/#website\"},\"primaryImageOfPage\":{\"@id\":\"https:\\\/\\\/trendsandvision.nl\\\/de\\\/product\\\/esschert-design-premium-kammergetrocknetes-buchenholz\\\/#primaryimage\"},\"image\":{\"@id\":\"https:\\\/\\\/trendsandvision.nl\\\/de\\\/product\\\/esschert-design-premium-kammergetrocknetes-buchenholz\\\/#primaryimage\"},\"thumbnailUrl\":\"https:\\\/\\\/trendsandvision.nl\\\/de\\\/wp-content\\\/uploads\\\/sites\\\/3\\\/2022\\\/04\\\/FF913_01.jpg\",\"datePublished\":\"2022-04-22T16:10:31+00:00\",\"dateModified\":\"2026-04-22T13:03:15+00:00\",\"description\":\"Esschert Design Ovengedroogd beukenhout: Ovengedroogd beukenhout\",\"breadcrumb\":{\"@id\":\"https:\\\/\\\/trendsandvision.nl\\\/de\\\/product\\\/esschert-design-premium-kammergetrocknetes-buchenholz\\\/#breadcrumb\"},\"inLanguage\":\"de\",\"potentialAction\":[{\"@type\":\"ReadAction\",\"target\":[\"https:\\\/\\\/trendsandvision.nl\\\/de\\\/product\\\/esschert-design-premium-kammergetrocknetes-buchenholz\\\/\"]}]},{\"@type\":\"ImageObject\",\"inLanguage\":\"de\",\"@id\":\"https:\\\/\\\/trendsandvision.nl\\\/de\\\/product\\\/esschert-design-premium-kammergetrocknetes-buchenholz\\\/#primaryimage\",\"url\":\"https:\\\/\\\/trendsandvision.nl\\\/de\\\/wp-content\\\/uploads\\\/sites\\\/3\\\/2022\\\/04\\\/FF913_01.jpg\",\"contentUrl\":\"https:\\\/\\\/trendsandvision.nl\\\/de\\\/wp-content\\\/uploads\\\/sites\\\/3\\\/2022\\\/04\\\/FF913_01.jpg\",\"width\":800,\"height\":800,\"caption\":\"Esschert Design Ovengedroogd beukenhout (FF913\"},{\"@type\":\"BreadcrumbList\",\"@id\":\"https:\\\/\\\/trendsandvision.nl\\\/de\\\/product\\\/esschert-design-premium-kammergetrocknetes-buchenholz\\\/#breadcrumb\",\"itemListElement\":[{\"@type\":\"ListItem\",\"position\":1,\"name\":\"Home\",\"item\":\"https:\\\/\\\/trendsandvision.nl\\\/de\\\/\"},{\"@type\":\"ListItem\",\"position\":2,\"name\":\"Gesch\u00e4ft\",\"item\":\"https:\\\/\\\/trendsandvision.nl\\\/de\\\/geschaft\\\/\"},{\"@type\":\"ListItem\",\"position\":3,\"name\":\"Esschert Design Premium kammergetrocknetes Buchenholz\"}]},{\"@type\":\"WebSite\",\"@id\":\"https:\\\/\\\/trendsandvision.nl\\\/de\\\/#website\",\"url\":\"https:\\\/\\\/trendsandvision.nl\\\/de\\\/\",\"name\":\"Trends &amp; Vision (DE)\",\"description\":\"Der Webshop f\u00fcr Esschert Design Artikel\",\"publisher\":{\"@id\":\"https:\\\/\\\/trendsandvision.nl\\\/de\\\/#organization\"},\"potentialAction\":[{\"@type\":\"SearchAction\",\"target\":{\"@type\":\"EntryPoint\",\"urlTemplate\":\"https:\\\/\\\/trendsandvision.nl\\\/de\\\/?s={search_term_string}\"},\"query-input\":{\"@type\":\"PropertyValueSpecification\",\"valueRequired\":true,\"valueName\":\"search_term_string\"}}],\"inLanguage\":\"de\"},{\"@type\":\"Organization\",\"@id\":\"https:\\\/\\\/trendsandvision.nl\\\/de\\\/#organization\",\"name\":\"Trends &amp; Vision (DE)\",\"url\":\"https:\\\/\\\/trendsandvision.nl\\\/de\\\/\",\"logo\":{\"@type\":\"ImageObject\",\"inLanguage\":\"de\",\"@id\":\"https:\\\/\\\/trendsandvision.nl\\\/de\\\/#\\\/schema\\\/logo\\\/image\\\/\",\"url\":\"https:\\\/\\\/trendsandvision.nl\\\/de\\\/wp-content\\\/uploads\\\/sites\\\/3\\\/2022\\\/04\\\/trends-and-vision-logo.jpg\",\"contentUrl\":\"https:\\\/\\\/trendsandvision.nl\\\/de\\\/wp-content\\\/uploads\\\/sites\\\/3\\\/2022\\\/04\\\/trends-and-vision-logo.jpg\",\"width\":213,\"height\":100,\"caption\":\"Trends &amp; Vision (DE)\"},\"image\":{\"@id\":\"https:\\\/\\\/trendsandvision.nl\\\/de\\\/#\\\/schema\\\/logo\\\/image\\\/\"}}]}<\/script>\n<!-- \/ Yoast SEO Premium plugin. -->","yoast_head_json":{"title":"Esschert Design Ovengedroogd beukenhout (FF913, 8714982145193) - Trends & Vision","description":"Esschert Design Ovengedroogd beukenhout: Ovengedroogd beukenhout","robots":{"index":"index","follow":"follow","max-snippet":"max-snippet:-1","max-image-preview":"max-image-preview:large","max-video-preview":"max-video-preview:-1"},"canonical":"https:\/\/trendsandvision.nl\/de\/product\/esschert-design-premium-kammergetrocknetes-buchenholz\/","og_locale":"de_DE","og_type":"article","og_title":"Esschert Design Premium kammergetrocknetes Buchenholz","og_description":"Esschert Design Ovengedroogd beukenhout: Ovengedroogd beukenhout","og_url":"https:\/\/trendsandvision.nl\/de\/product\/esschert-design-premium-kammergetrocknetes-buchenholz\/","og_site_name":"Trends &amp; Vision (DE)","article_modified_time":"2026-04-22T13:03:15+00:00","og_image":[{"width":800,"height":800,"url":"https:\/\/trendsandvision.nl\/de\/wp-content\/uploads\/sites\/3\/2022\/04\/FF913_01.jpg","type":"image\/jpeg"}],"twitter_card":"summary_large_image","twitter_misc":{"Gesch\u00e4tzte Lesezeit":"1\u00a0Minute"},"schema":{"@context":"https:\/\/schema.org","@graph":[{"@type":"WebPage","@id":"https:\/\/trendsandvision.nl\/de\/product\/esschert-design-premium-kammergetrocknetes-buchenholz\/","url":"https:\/\/trendsandvision.nl\/de\/product\/esschert-design-premium-kammergetrocknetes-buchenholz\/","name":"Esschert Design Ovengedroogd beukenhout (FF913, 8714982145193) - Trends & Vision","isPartOf":{"@id":"https:\/\/trendsandvision.nl\/de\/#website"},"primaryImageOfPage":{"@id":"https:\/\/trendsandvision.nl\/de\/product\/esschert-design-premium-kammergetrocknetes-buchenholz\/#primaryimage"},"image":{"@id":"https:\/\/trendsandvision.nl\/de\/product\/esschert-design-premium-kammergetrocknetes-buchenholz\/#primaryimage"},"thumbnailUrl":"https:\/\/trendsandvision.nl\/de\/wp-content\/uploads\/sites\/3\/2022\/04\/FF913_01.jpg","datePublished":"2022-04-22T16:10:31+00:00","dateModified":"2026-04-22T13:03:15+00:00","description":"Esschert Design Ovengedroogd beukenhout: Ovengedroogd beukenhout","breadcrumb":{"@id":"https:\/\/trendsandvision.nl\/de\/product\/esschert-design-premium-kammergetrocknetes-buchenholz\/#breadcrumb"},"inLanguage":"de","potentialAction":[{"@type":"ReadAction","target":["https:\/\/trendsandvision.nl\/de\/product\/esschert-design-premium-kammergetrocknetes-buchenholz\/"]}]},{"@type":"ImageObject","inLanguage":"de","@id":"https:\/\/trendsandvision.nl\/de\/product\/esschert-design-premium-kammergetrocknetes-buchenholz\/#primaryimage","url":"https:\/\/trendsandvision.nl\/de\/wp-content\/uploads\/sites\/3\/2022\/04\/FF913_01.jpg","contentUrl":"https:\/\/trendsandvision.nl\/de\/wp-content\/uploads\/sites\/3\/2022\/04\/FF913_01.jpg","width":800,"height":800,"caption":"Esschert Design Ovengedroogd beukenhout (FF913"},{"@type":"BreadcrumbList","@id":"https:\/\/trendsandvision.nl\/de\/product\/esschert-design-premium-kammergetrocknetes-buchenholz\/#breadcrumb","itemListElement":[{"@type":"ListItem","position":1,"name":"Home","item":"https:\/\/trendsandvision.nl\/de\/"},{"@type":"ListItem","position":2,"name":"Gesch\u00e4ft","item":"https:\/\/trendsandvision.nl\/de\/geschaft\/"},{"@type":"ListItem","position":3,"name":"Esschert Design Premium kammergetrocknetes Buchenholz"}]},{"@type":"WebSite","@id":"https:\/\/trendsandvision.nl\/de\/#website","url":"https:\/\/trendsandvision.nl\/de\/","name":"Trends &amp; Vision (DE)","description":"Der Webshop f\u00fcr Esschert Design Artikel","publisher":{"@id":"https:\/\/trendsandvision.nl\/de\/#organization"},"potentialAction":[{"@type":"SearchAction","target":{"@type":"EntryPoint","urlTemplate":"https:\/\/trendsandvision.nl\/de\/?s={search_term_string}"},"query-input":{"@type":"PropertyValueSpecification","valueRequired":true,"valueName":"search_term_string"}}],"inLanguage":"de"},{"@type":"Organization","@id":"https:\/\/trendsandvision.nl\/de\/#organization","name":"Trends &amp; Vision (DE)","url":"https:\/\/trendsandvision.nl\/de\/","logo":{"@type":"ImageObject","inLanguage":"de","@id":"https:\/\/trendsandvision.nl\/de\/#\/schema\/logo\/image\/","url":"https:\/\/trendsandvision.nl\/de\/wp-content\/uploads\/sites\/3\/2022\/04\/trends-and-vision-logo.jpg","contentUrl":"https:\/\/trendsandvision.nl\/de\/wp-content\/uploads\/sites\/3\/2022\/04\/trends-and-vision-logo.jpg","width":213,"height":100,"caption":"Trends &amp; Vision (DE)"},"image":{"@id":"https:\/\/trendsandvision.nl\/de\/#\/schema\/logo\/image\/"}}]}},"_links":{"self":[{"href":"https:\/\/trendsandvision.nl\/de\/wp-json\/wp\/v2\/product\/4064","targetHints":{"allow":["GET"]}}],"collection":[{"href":"https:\/\/trendsandvision.nl\/de\/wp-json\/wp\/v2\/product"}],"about":[{"href":"https:\/\/trendsandvision.nl\/de\/wp-json\/wp\/v2\/types\/product"}],"wp:featuredmedia":[{"embeddable":true,"href":"https:\/\/trendsandvision.nl\/de\/wp-json\/wp\/v2\/media\/4065"}],"wp:attachment":[{"href":"https:\/\/trendsandvision.nl\/de\/wp-json\/wp\/v2\/media?parent=4064"}],"wp:term":[{"taxonomy":"product_brand","embeddable":true,"href":"https:\/\/trendsandvision.nl\/de\/wp-json\/wp\/v2\/product_brand?post=4064"},{"taxonomy":"product_cat","embeddable":true,"href":"https:\/\/trendsandvision.nl\/de\/wp-json\/wp\/v2\/product_cat?post=4064"},{"taxonomy":"product_tag","embeddable":true,"href":"https:\/\/trendsandvision.nl\/de\/wp-json\/wp\/v2\/product_tag?post=4064"}],"curies":[{"name":"wp","href":"https:\/\/api.w.org\/{rel}","templated":true}]}}