{"id":3969,"date":"2022-04-22T18:08:01","date_gmt":"2022-04-22T16:08:01","guid":{"rendered":"https:\/\/trendsandvision.nl\/de\/product\/esschert-design-olielamp-terrazzo-s\/"},"modified":"2026-04-07T10:29:37","modified_gmt":"2026-04-07T08:29:37","slug":"esschert-design-oellampe-terrazzo-s","status":"publish","type":"product","link":"https:\/\/trendsandvision.nl\/de\/product\/esschert-design-oellampe-terrazzo-s\/","title":{"rendered":"Esschert Design \u00d6llampe Terrazzo S"},"content":{"rendered":"<p>Diese kugelf\u00f6rmige \u00d6llampe ist perfekt f\u00fcr lange Sommerabende im Garten.<br \/>\nDie \u00d6llampe ist mit einem Edelstahl-\u00d6lbeh\u00e4lter, einem Glasfaserdocht und einer Haube zum L\u00f6schen der Flamme ausgestattet.<br \/>\nSet mit 6 Glasfaser-Ersatzdochten, 3 x S und 3 x L.<br \/>\nDiese Dochten sind f\u00fcr unsere Tockel-Fackel FF8Z, FF24Z und FF15 geeignet.<\/p>\n<p>&#8211; Edelstahlbeh\u00e4lter<br \/>\n&#8211; Glasfaserdocht<br \/>\n&#8211; Inklusive Flamml\u00f6schkappe und aus Terrazzo<\/p>\n<p>Artikelname: \u00d6llampe Terrazzo S<br \/>\nArtikelnummer: FF461<br \/>\nProduktgruppe(n) Feuer, Atmosph\u00e4rische Beleuchtung, Sonstiges, Garten&amp;Terrasse, Atmosph\u00e4rische Beleuchtung, Sonstiges<br \/>\nProduktabmessungen in cm L 14,7 x T 14,7 x H 15,5<br \/>\nVolumen in Litern maximum filling capacity: 0,085 L<br \/>\nMaterial: Terrazzo, Aluminium, Stahl, Glasfaser<br \/>\nNettogewicht 1,76 kg<br \/>\nBarcode 8714982171604<\/p>\n","protected":false},"excerpt":{"rendered":"<p>&#8211; L 14,7 x T 14,7 x H 15,5 cm<br \/>\n&#8211; Volumen in Litern maximum<br \/>\n&#8211; filling capacity: 0,085 L<br \/>\n&#8211; Material: Terrazzo, Aluminium,<br \/>\n&#8211; Stahl, Glasfaser<br \/>\n&#8211; Edelstahlbeh\u00e4lter<br \/>\n&#8211; Glasfaserdocht<br \/>\n&#8211; Inklusive Flamml\u00f6schkappe<br \/>\n&#8211; und aus Terrazzo<br \/>\n&#8211; Nettogewicht 1,76 kg<br \/>\n&#8211; Barcode 8714982171604<\/p>\n","protected":false},"featured_media":3970,"template":"","meta":[],"product_brand":[9597,9598],"product_cat":[1124],"product_tag":[7056,7366],"class_list":{"0":"post-3969","1":"product","2":"type-product","3":"status-publish","4":"has-post-thumbnail","6":"product_brand-esschert-design","7":"product_brand-trends-and-vision","8":"product_cat-fancy-flames","9":"product_tag-atmosphaerische-beleuchtung","10":"product_tag-gartenterrasse","11":"pa_anbieter-esschert-design","12":"pa_ean-code-2318","13":"pa_messungen-142x142x156-cm","15":"first","16":"instock","17":"sale","18":"taxable","19":"shipping-taxable","20":"purchasable","21":"product-type-simple","22":"czr-hentry"},"yoast_head":"<!-- This site is optimized with the Yoast SEO Premium plugin v26.4 (Yoast SEO v27.3) - https:\/\/yoast.com\/product\/yoast-seo-premium-wordpress\/ -->\n<title>Esschert Design Olielamp terrazzo S (FF461, 8714982171604) - Trends &amp; Vision<\/title>\n<meta name=\"description\" content=\"Esschert Design Olielamp terrazzo S: Afmetingen: 14,2 x 14,2 x 15,6 cm\" \/>\n<meta name=\"robots\" content=\"index, follow, max-snippet:-1, max-image-preview:large, max-video-preview:-1\" \/>\n<link rel=\"canonical\" href=\"https:\/\/trendsandvision.nl\/de\/product\/esschert-design-oellampe-terrazzo-s\/\" \/>\n<meta property=\"og:locale\" content=\"de_DE\" \/>\n<meta property=\"og:type\" content=\"article\" \/>\n<meta property=\"og:title\" content=\"Esschert Design \u00d6llampe Terrazzo S\" \/>\n<meta property=\"og:description\" content=\"Esschert Design Olielamp terrazzo S: Afmetingen: 14,2 x 14,2 x 15,6 cm\" \/>\n<meta property=\"og:url\" content=\"https:\/\/trendsandvision.nl\/de\/product\/esschert-design-oellampe-terrazzo-s\/\" \/>\n<meta property=\"og:site_name\" content=\"Trends &amp; Vision (DE)\" \/>\n<meta property=\"article:modified_time\" content=\"2026-04-07T08:29:37+00:00\" \/>\n<meta property=\"og:image\" content=\"https:\/\/trendsandvision.nl\/de\/wp-content\/uploads\/sites\/3\/2022\/04\/FF461_01.jpg\" \/>\n\t<meta property=\"og:image:width\" content=\"800\" \/>\n\t<meta property=\"og:image:height\" content=\"800\" \/>\n\t<meta property=\"og:image:type\" content=\"image\/jpeg\" \/>\n<meta name=\"twitter:card\" content=\"summary_large_image\" \/>\n<meta name=\"twitter:label1\" content=\"Gesch\u00e4tzte Lesezeit\" \/>\n\t<meta name=\"twitter:data1\" content=\"1\u00a0Minute\" \/>\n<script type=\"application\/ld+json\" class=\"yoast-schema-graph\">{\"@context\":\"https:\\\/\\\/schema.org\",\"@graph\":[{\"@type\":\"WebPage\",\"@id\":\"https:\\\/\\\/trendsandvision.nl\\\/de\\\/product\\\/esschert-design-oellampe-terrazzo-s\\\/\",\"url\":\"https:\\\/\\\/trendsandvision.nl\\\/de\\\/product\\\/esschert-design-oellampe-terrazzo-s\\\/\",\"name\":\"Esschert Design Olielamp terrazzo S (FF461, 8714982171604) - Trends & Vision\",\"isPartOf\":{\"@id\":\"https:\\\/\\\/trendsandvision.nl\\\/de\\\/#website\"},\"primaryImageOfPage\":{\"@id\":\"https:\\\/\\\/trendsandvision.nl\\\/de\\\/product\\\/esschert-design-oellampe-terrazzo-s\\\/#primaryimage\"},\"image\":{\"@id\":\"https:\\\/\\\/trendsandvision.nl\\\/de\\\/product\\\/esschert-design-oellampe-terrazzo-s\\\/#primaryimage\"},\"thumbnailUrl\":\"https:\\\/\\\/trendsandvision.nl\\\/de\\\/wp-content\\\/uploads\\\/sites\\\/3\\\/2022\\\/04\\\/FF461_01.jpg\",\"datePublished\":\"2022-04-22T16:08:01+00:00\",\"dateModified\":\"2026-04-07T08:29:37+00:00\",\"description\":\"Esschert Design Olielamp terrazzo S: Afmetingen: 14,2 x 14,2 x 15,6 cm\",\"breadcrumb\":{\"@id\":\"https:\\\/\\\/trendsandvision.nl\\\/de\\\/product\\\/esschert-design-oellampe-terrazzo-s\\\/#breadcrumb\"},\"inLanguage\":\"de\",\"potentialAction\":[{\"@type\":\"ReadAction\",\"target\":[\"https:\\\/\\\/trendsandvision.nl\\\/de\\\/product\\\/esschert-design-oellampe-terrazzo-s\\\/\"]}]},{\"@type\":\"ImageObject\",\"inLanguage\":\"de\",\"@id\":\"https:\\\/\\\/trendsandvision.nl\\\/de\\\/product\\\/esschert-design-oellampe-terrazzo-s\\\/#primaryimage\",\"url\":\"https:\\\/\\\/trendsandvision.nl\\\/de\\\/wp-content\\\/uploads\\\/sites\\\/3\\\/2022\\\/04\\\/FF461_01.jpg\",\"contentUrl\":\"https:\\\/\\\/trendsandvision.nl\\\/de\\\/wp-content\\\/uploads\\\/sites\\\/3\\\/2022\\\/04\\\/FF461_01.jpg\",\"width\":800,\"height\":800,\"caption\":\"Esschert Design Olielamp terrazzo S (FF461\"},{\"@type\":\"BreadcrumbList\",\"@id\":\"https:\\\/\\\/trendsandvision.nl\\\/de\\\/product\\\/esschert-design-oellampe-terrazzo-s\\\/#breadcrumb\",\"itemListElement\":[{\"@type\":\"ListItem\",\"position\":1,\"name\":\"Home\",\"item\":\"https:\\\/\\\/trendsandvision.nl\\\/de\\\/\"},{\"@type\":\"ListItem\",\"position\":2,\"name\":\"Gesch\u00e4ft\",\"item\":\"https:\\\/\\\/trendsandvision.nl\\\/de\\\/geschaft\\\/\"},{\"@type\":\"ListItem\",\"position\":3,\"name\":\"Esschert Design \u00d6llampe Terrazzo S\"}]},{\"@type\":\"WebSite\",\"@id\":\"https:\\\/\\\/trendsandvision.nl\\\/de\\\/#website\",\"url\":\"https:\\\/\\\/trendsandvision.nl\\\/de\\\/\",\"name\":\"Trends &amp; Vision (DE)\",\"description\":\"Der Webshop f\u00fcr Esschert Design Artikel\",\"publisher\":{\"@id\":\"https:\\\/\\\/trendsandvision.nl\\\/de\\\/#organization\"},\"potentialAction\":[{\"@type\":\"SearchAction\",\"target\":{\"@type\":\"EntryPoint\",\"urlTemplate\":\"https:\\\/\\\/trendsandvision.nl\\\/de\\\/?s={search_term_string}\"},\"query-input\":{\"@type\":\"PropertyValueSpecification\",\"valueRequired\":true,\"valueName\":\"search_term_string\"}}],\"inLanguage\":\"de\"},{\"@type\":\"Organization\",\"@id\":\"https:\\\/\\\/trendsandvision.nl\\\/de\\\/#organization\",\"name\":\"Trends &amp; Vision (DE)\",\"url\":\"https:\\\/\\\/trendsandvision.nl\\\/de\\\/\",\"logo\":{\"@type\":\"ImageObject\",\"inLanguage\":\"de\",\"@id\":\"https:\\\/\\\/trendsandvision.nl\\\/de\\\/#\\\/schema\\\/logo\\\/image\\\/\",\"url\":\"https:\\\/\\\/trendsandvision.nl\\\/de\\\/wp-content\\\/uploads\\\/sites\\\/3\\\/2022\\\/04\\\/trends-and-vision-logo.jpg\",\"contentUrl\":\"https:\\\/\\\/trendsandvision.nl\\\/de\\\/wp-content\\\/uploads\\\/sites\\\/3\\\/2022\\\/04\\\/trends-and-vision-logo.jpg\",\"width\":213,\"height\":100,\"caption\":\"Trends &amp; Vision (DE)\"},\"image\":{\"@id\":\"https:\\\/\\\/trendsandvision.nl\\\/de\\\/#\\\/schema\\\/logo\\\/image\\\/\"}}]}<\/script>\n<!-- \/ Yoast SEO Premium plugin. -->","yoast_head_json":{"title":"Esschert Design Olielamp terrazzo S (FF461, 8714982171604) - Trends & Vision","description":"Esschert Design Olielamp terrazzo S: Afmetingen: 14,2 x 14,2 x 15,6 cm","robots":{"index":"index","follow":"follow","max-snippet":"max-snippet:-1","max-image-preview":"max-image-preview:large","max-video-preview":"max-video-preview:-1"},"canonical":"https:\/\/trendsandvision.nl\/de\/product\/esschert-design-oellampe-terrazzo-s\/","og_locale":"de_DE","og_type":"article","og_title":"Esschert Design \u00d6llampe Terrazzo S","og_description":"Esschert Design Olielamp terrazzo S: Afmetingen: 14,2 x 14,2 x 15,6 cm","og_url":"https:\/\/trendsandvision.nl\/de\/product\/esschert-design-oellampe-terrazzo-s\/","og_site_name":"Trends &amp; Vision (DE)","article_modified_time":"2026-04-07T08:29:37+00:00","og_image":[{"width":800,"height":800,"url":"https:\/\/trendsandvision.nl\/de\/wp-content\/uploads\/sites\/3\/2022\/04\/FF461_01.jpg","type":"image\/jpeg"}],"twitter_card":"summary_large_image","twitter_misc":{"Gesch\u00e4tzte Lesezeit":"1\u00a0Minute"},"schema":{"@context":"https:\/\/schema.org","@graph":[{"@type":"WebPage","@id":"https:\/\/trendsandvision.nl\/de\/product\/esschert-design-oellampe-terrazzo-s\/","url":"https:\/\/trendsandvision.nl\/de\/product\/esschert-design-oellampe-terrazzo-s\/","name":"Esschert Design Olielamp terrazzo S (FF461, 8714982171604) - Trends & Vision","isPartOf":{"@id":"https:\/\/trendsandvision.nl\/de\/#website"},"primaryImageOfPage":{"@id":"https:\/\/trendsandvision.nl\/de\/product\/esschert-design-oellampe-terrazzo-s\/#primaryimage"},"image":{"@id":"https:\/\/trendsandvision.nl\/de\/product\/esschert-design-oellampe-terrazzo-s\/#primaryimage"},"thumbnailUrl":"https:\/\/trendsandvision.nl\/de\/wp-content\/uploads\/sites\/3\/2022\/04\/FF461_01.jpg","datePublished":"2022-04-22T16:08:01+00:00","dateModified":"2026-04-07T08:29:37+00:00","description":"Esschert Design Olielamp terrazzo S: Afmetingen: 14,2 x 14,2 x 15,6 cm","breadcrumb":{"@id":"https:\/\/trendsandvision.nl\/de\/product\/esschert-design-oellampe-terrazzo-s\/#breadcrumb"},"inLanguage":"de","potentialAction":[{"@type":"ReadAction","target":["https:\/\/trendsandvision.nl\/de\/product\/esschert-design-oellampe-terrazzo-s\/"]}]},{"@type":"ImageObject","inLanguage":"de","@id":"https:\/\/trendsandvision.nl\/de\/product\/esschert-design-oellampe-terrazzo-s\/#primaryimage","url":"https:\/\/trendsandvision.nl\/de\/wp-content\/uploads\/sites\/3\/2022\/04\/FF461_01.jpg","contentUrl":"https:\/\/trendsandvision.nl\/de\/wp-content\/uploads\/sites\/3\/2022\/04\/FF461_01.jpg","width":800,"height":800,"caption":"Esschert Design Olielamp terrazzo S (FF461"},{"@type":"BreadcrumbList","@id":"https:\/\/trendsandvision.nl\/de\/product\/esschert-design-oellampe-terrazzo-s\/#breadcrumb","itemListElement":[{"@type":"ListItem","position":1,"name":"Home","item":"https:\/\/trendsandvision.nl\/de\/"},{"@type":"ListItem","position":2,"name":"Gesch\u00e4ft","item":"https:\/\/trendsandvision.nl\/de\/geschaft\/"},{"@type":"ListItem","position":3,"name":"Esschert Design \u00d6llampe Terrazzo S"}]},{"@type":"WebSite","@id":"https:\/\/trendsandvision.nl\/de\/#website","url":"https:\/\/trendsandvision.nl\/de\/","name":"Trends &amp; Vision (DE)","description":"Der Webshop f\u00fcr Esschert Design Artikel","publisher":{"@id":"https:\/\/trendsandvision.nl\/de\/#organization"},"potentialAction":[{"@type":"SearchAction","target":{"@type":"EntryPoint","urlTemplate":"https:\/\/trendsandvision.nl\/de\/?s={search_term_string}"},"query-input":{"@type":"PropertyValueSpecification","valueRequired":true,"valueName":"search_term_string"}}],"inLanguage":"de"},{"@type":"Organization","@id":"https:\/\/trendsandvision.nl\/de\/#organization","name":"Trends &amp; Vision (DE)","url":"https:\/\/trendsandvision.nl\/de\/","logo":{"@type":"ImageObject","inLanguage":"de","@id":"https:\/\/trendsandvision.nl\/de\/#\/schema\/logo\/image\/","url":"https:\/\/trendsandvision.nl\/de\/wp-content\/uploads\/sites\/3\/2022\/04\/trends-and-vision-logo.jpg","contentUrl":"https:\/\/trendsandvision.nl\/de\/wp-content\/uploads\/sites\/3\/2022\/04\/trends-and-vision-logo.jpg","width":213,"height":100,"caption":"Trends &amp; Vision (DE)"},"image":{"@id":"https:\/\/trendsandvision.nl\/de\/#\/schema\/logo\/image\/"}}]}},"_links":{"self":[{"href":"https:\/\/trendsandvision.nl\/de\/wp-json\/wp\/v2\/product\/3969","targetHints":{"allow":["GET"]}}],"collection":[{"href":"https:\/\/trendsandvision.nl\/de\/wp-json\/wp\/v2\/product"}],"about":[{"href":"https:\/\/trendsandvision.nl\/de\/wp-json\/wp\/v2\/types\/product"}],"wp:featuredmedia":[{"embeddable":true,"href":"https:\/\/trendsandvision.nl\/de\/wp-json\/wp\/v2\/media\/3970"}],"wp:attachment":[{"href":"https:\/\/trendsandvision.nl\/de\/wp-json\/wp\/v2\/media?parent=3969"}],"wp:term":[{"taxonomy":"product_brand","embeddable":true,"href":"https:\/\/trendsandvision.nl\/de\/wp-json\/wp\/v2\/product_brand?post=3969"},{"taxonomy":"product_cat","embeddable":true,"href":"https:\/\/trendsandvision.nl\/de\/wp-json\/wp\/v2\/product_cat?post=3969"},{"taxonomy":"product_tag","embeddable":true,"href":"https:\/\/trendsandvision.nl\/de\/wp-json\/wp\/v2\/product_tag?post=3969"}],"curies":[{"name":"wp","href":"https:\/\/api.w.org\/{rel}","templated":true}]}}