{"id":3807,"date":"2022-04-22T18:04:07","date_gmt":"2022-04-22T16:04:07","guid":{"rendered":"https:\/\/trendsandvision.nl\/de\/product\/esschert-design-wachstuchfackel-3er-set-sort\/"},"modified":"2026-04-07T10:29:12","modified_gmt":"2026-04-07T08:29:12","slug":"esschert-design-wachstuchfackel-3er-set-wahl","status":"publish","type":"product","link":"https:\/\/trendsandvision.nl\/de\/product\/esschert-design-wachstuchfackel-3er-set-wahl\/","title":{"rendered":"Esschert Design Wachstuchfackel 3er Set Wahl"},"content":{"rendered":"<p>Diese Wachsfackeln sind mit Tropfschalen ausgestattet. Die Fackeln eignen sich f\u00fcr G\u00e4rten, Terrassen und f\u00fcr Fackeltouren.<\/p>\n<p>&#8211; mit Auffangschale<br \/>\n&#8211; geeignet f\u00fcr G\u00e4rten, Terrassen und Fackelwanderungen<br \/>\n&#8211; Set aus 3 gleiche (Wahl) Farben<\/p>\n<p>Artikelname: Wachstuchfackel, Set aus 3 (gleiche Farben)<br \/>\nArtikelnummer: FF289<br \/>\nProduktgruppe(n) Feuer, Fackeln, Kerzen und Feuergef\u00e4\u00dfe, Atmosph\u00e4rische Beleuchtung, Fackeln und Kerzen, Garten &amp; Terrasse<br \/>\nProduktabmessungen in cm L 3 x T 3 x H 50,5<br \/>\nMaterial: Baumwolle, Paraffine, Kiefernholz, Papier<br \/>\nNettogewicht 0,25 kg<br \/>\nBarcode 8714982134609<\/p>\n","protected":false},"excerpt":{"rendered":"<p>&#8211; Artikelnummer: FF289<br \/>\n&#8211; Produktabmessungen jede in cm L 3 x T 3 x H 50,5<br \/>\n&#8211; Material: Baumwolle, Paraffine,<br \/>\n&#8211; Kiefernholz, Papier<br \/>\n&#8211; mit Auffangschale<br \/>\n&#8211; geeignet f\u00fcr G\u00e4rten,<br \/>\n&#8211; Terrassen und Fackelwanderungen<br \/>\n&#8211; Set aus 3 gleiche (Wahl) Farben<br \/>\n&#8211; Nettogewicht 0,25 kg<br \/>\n&#8211; Barcode 8714982134609<\/p>\n","protected":false},"featured_media":3808,"template":"","meta":[],"product_brand":[9597,9598],"product_cat":[1124],"product_tag":[8100,6729,8101,6945],"class_list":{"0":"post-3807","1":"product","2":"type-product","3":"status-publish","4":"has-post-thumbnail","6":"product_brand-esschert-design","7":"product_brand-trends-and-vision","8":"product_cat-fancy-flames","9":"product_tag-fackel","10":"product_tag-set","11":"product_tag-wachstuchfackel","12":"product_tag-wahl","13":"pa_anbieter-esschert-design","14":"pa_ean-code-2220","15":"pa_material-baumwolle-paraffine-zhai-holz-papier","16":"pa_messungen-3x3x505","18":"first","19":"instock","20":"sale","21":"taxable","22":"shipping-taxable","23":"purchasable","24":"product-type-simple","25":"czr-hentry"},"yoast_head":"<!-- This site is optimized with the Yoast SEO Premium plugin v26.4 (Yoast SEO v27.4) - https:\/\/yoast.com\/product\/yoast-seo-premium-wordpress\/ -->\n<title>Esschert Design Wachstuchfackel 3er Set sort. (FF289, 8714982134609) - Trends &amp; Vision<\/title>\n<meta name=\"description\" content=\"Esschert Design Wachstuchfackel 3er Set sort.: Wachstuchfackel 3er Set sort.\" \/>\n<meta name=\"robots\" content=\"index, follow, max-snippet:-1, max-image-preview:large, max-video-preview:-1\" \/>\n<link rel=\"canonical\" href=\"https:\/\/trendsandvision.nl\/de\/product\/esschert-design-wachstuchfackel-3er-set-wahl\/\" \/>\n<meta property=\"og:locale\" content=\"de_DE\" \/>\n<meta property=\"og:type\" content=\"article\" \/>\n<meta property=\"og:title\" content=\"Esschert Design Wachstuchfackel 3er Set Wahl\" \/>\n<meta property=\"og:description\" content=\"Esschert Design Wachstuchfackel 3er Set sort.: Wachstuchfackel 3er Set sort.\" \/>\n<meta property=\"og:url\" content=\"https:\/\/trendsandvision.nl\/de\/product\/esschert-design-wachstuchfackel-3er-set-wahl\/\" \/>\n<meta property=\"og:site_name\" content=\"Trends &amp; Vision (DE)\" \/>\n<meta property=\"article:modified_time\" content=\"2026-04-07T08:29:12+00:00\" \/>\n<meta property=\"og:image\" content=\"https:\/\/trendsandvision.nl\/de\/wp-content\/uploads\/sites\/3\/2022\/04\/FF289_01.jpg\" \/>\n\t<meta property=\"og:image:width\" content=\"800\" \/>\n\t<meta property=\"og:image:height\" content=\"800\" \/>\n\t<meta property=\"og:image:type\" content=\"image\/jpeg\" \/>\n<meta name=\"twitter:card\" content=\"summary_large_image\" \/>\n<meta name=\"twitter:label1\" content=\"Gesch\u00e4tzte Lesezeit\" \/>\n\t<meta name=\"twitter:data1\" content=\"1\u00a0Minute\" \/>\n<script type=\"application\/ld+json\" class=\"yoast-schema-graph\">{\"@context\":\"https:\\\/\\\/schema.org\",\"@graph\":[{\"@type\":\"WebPage\",\"@id\":\"https:\\\/\\\/trendsandvision.nl\\\/de\\\/product\\\/esschert-design-wachstuchfackel-3er-set-wahl\\\/\",\"url\":\"https:\\\/\\\/trendsandvision.nl\\\/de\\\/product\\\/esschert-design-wachstuchfackel-3er-set-wahl\\\/\",\"name\":\"Esschert Design Wachstuchfackel 3er Set sort. (FF289, 8714982134609) - Trends & Vision\",\"isPartOf\":{\"@id\":\"https:\\\/\\\/trendsandvision.nl\\\/de\\\/#website\"},\"primaryImageOfPage\":{\"@id\":\"https:\\\/\\\/trendsandvision.nl\\\/de\\\/product\\\/esschert-design-wachstuchfackel-3er-set-wahl\\\/#primaryimage\"},\"image\":{\"@id\":\"https:\\\/\\\/trendsandvision.nl\\\/de\\\/product\\\/esschert-design-wachstuchfackel-3er-set-wahl\\\/#primaryimage\"},\"thumbnailUrl\":\"https:\\\/\\\/trendsandvision.nl\\\/de\\\/wp-content\\\/uploads\\\/sites\\\/3\\\/2022\\\/04\\\/FF289_01.jpg\",\"datePublished\":\"2022-04-22T16:04:07+00:00\",\"dateModified\":\"2026-04-07T08:29:12+00:00\",\"description\":\"Esschert Design Wachstuchfackel 3er Set sort.: Wachstuchfackel 3er Set sort.\",\"breadcrumb\":{\"@id\":\"https:\\\/\\\/trendsandvision.nl\\\/de\\\/product\\\/esschert-design-wachstuchfackel-3er-set-wahl\\\/#breadcrumb\"},\"inLanguage\":\"de\",\"potentialAction\":[{\"@type\":\"ReadAction\",\"target\":[\"https:\\\/\\\/trendsandvision.nl\\\/de\\\/product\\\/esschert-design-wachstuchfackel-3er-set-wahl\\\/\"]}]},{\"@type\":\"ImageObject\",\"inLanguage\":\"de\",\"@id\":\"https:\\\/\\\/trendsandvision.nl\\\/de\\\/product\\\/esschert-design-wachstuchfackel-3er-set-wahl\\\/#primaryimage\",\"url\":\"https:\\\/\\\/trendsandvision.nl\\\/de\\\/wp-content\\\/uploads\\\/sites\\\/3\\\/2022\\\/04\\\/FF289_01.jpg\",\"contentUrl\":\"https:\\\/\\\/trendsandvision.nl\\\/de\\\/wp-content\\\/uploads\\\/sites\\\/3\\\/2022\\\/04\\\/FF289_01.jpg\",\"width\":800,\"height\":800,\"caption\":\"Esschert Design Wachstuchfackel 3er Set sort. (FF289\"},{\"@type\":\"BreadcrumbList\",\"@id\":\"https:\\\/\\\/trendsandvision.nl\\\/de\\\/product\\\/esschert-design-wachstuchfackel-3er-set-wahl\\\/#breadcrumb\",\"itemListElement\":[{\"@type\":\"ListItem\",\"position\":1,\"name\":\"Home\",\"item\":\"https:\\\/\\\/trendsandvision.nl\\\/de\\\/\"},{\"@type\":\"ListItem\",\"position\":2,\"name\":\"Gesch\u00e4ft\",\"item\":\"https:\\\/\\\/trendsandvision.nl\\\/de\\\/geschaft\\\/\"},{\"@type\":\"ListItem\",\"position\":3,\"name\":\"Esschert Design Wachstuchfackel 3er Set Wahl\"}]},{\"@type\":\"WebSite\",\"@id\":\"https:\\\/\\\/trendsandvision.nl\\\/de\\\/#website\",\"url\":\"https:\\\/\\\/trendsandvision.nl\\\/de\\\/\",\"name\":\"Trends &amp; Vision (DE)\",\"description\":\"Der Webshop f\u00fcr Esschert Design Artikel\",\"publisher\":{\"@id\":\"https:\\\/\\\/trendsandvision.nl\\\/de\\\/#organization\"},\"potentialAction\":[{\"@type\":\"SearchAction\",\"target\":{\"@type\":\"EntryPoint\",\"urlTemplate\":\"https:\\\/\\\/trendsandvision.nl\\\/de\\\/?s={search_term_string}\"},\"query-input\":{\"@type\":\"PropertyValueSpecification\",\"valueRequired\":true,\"valueName\":\"search_term_string\"}}],\"inLanguage\":\"de\"},{\"@type\":\"Organization\",\"@id\":\"https:\\\/\\\/trendsandvision.nl\\\/de\\\/#organization\",\"name\":\"Trends &amp; Vision (DE)\",\"url\":\"https:\\\/\\\/trendsandvision.nl\\\/de\\\/\",\"logo\":{\"@type\":\"ImageObject\",\"inLanguage\":\"de\",\"@id\":\"https:\\\/\\\/trendsandvision.nl\\\/de\\\/#\\\/schema\\\/logo\\\/image\\\/\",\"url\":\"https:\\\/\\\/trendsandvision.nl\\\/de\\\/wp-content\\\/uploads\\\/sites\\\/3\\\/2022\\\/04\\\/trends-and-vision-logo.jpg\",\"contentUrl\":\"https:\\\/\\\/trendsandvision.nl\\\/de\\\/wp-content\\\/uploads\\\/sites\\\/3\\\/2022\\\/04\\\/trends-and-vision-logo.jpg\",\"width\":213,\"height\":100,\"caption\":\"Trends &amp; Vision (DE)\"},\"image\":{\"@id\":\"https:\\\/\\\/trendsandvision.nl\\\/de\\\/#\\\/schema\\\/logo\\\/image\\\/\"}}]}<\/script>\n<!-- \/ Yoast SEO Premium plugin. -->","yoast_head_json":{"title":"Esschert Design Wachstuchfackel 3er Set sort. (FF289, 8714982134609) - Trends & Vision","description":"Esschert Design Wachstuchfackel 3er Set sort.: Wachstuchfackel 3er Set sort.","robots":{"index":"index","follow":"follow","max-snippet":"max-snippet:-1","max-image-preview":"max-image-preview:large","max-video-preview":"max-video-preview:-1"},"canonical":"https:\/\/trendsandvision.nl\/de\/product\/esschert-design-wachstuchfackel-3er-set-wahl\/","og_locale":"de_DE","og_type":"article","og_title":"Esschert Design Wachstuchfackel 3er Set Wahl","og_description":"Esschert Design Wachstuchfackel 3er Set sort.: Wachstuchfackel 3er Set sort.","og_url":"https:\/\/trendsandvision.nl\/de\/product\/esschert-design-wachstuchfackel-3er-set-wahl\/","og_site_name":"Trends &amp; Vision (DE)","article_modified_time":"2026-04-07T08:29:12+00:00","og_image":[{"width":800,"height":800,"url":"https:\/\/trendsandvision.nl\/de\/wp-content\/uploads\/sites\/3\/2022\/04\/FF289_01.jpg","type":"image\/jpeg"}],"twitter_card":"summary_large_image","twitter_misc":{"Gesch\u00e4tzte Lesezeit":"1\u00a0Minute"},"schema":{"@context":"https:\/\/schema.org","@graph":[{"@type":"WebPage","@id":"https:\/\/trendsandvision.nl\/de\/product\/esschert-design-wachstuchfackel-3er-set-wahl\/","url":"https:\/\/trendsandvision.nl\/de\/product\/esschert-design-wachstuchfackel-3er-set-wahl\/","name":"Esschert Design Wachstuchfackel 3er Set sort. (FF289, 8714982134609) - Trends & Vision","isPartOf":{"@id":"https:\/\/trendsandvision.nl\/de\/#website"},"primaryImageOfPage":{"@id":"https:\/\/trendsandvision.nl\/de\/product\/esschert-design-wachstuchfackel-3er-set-wahl\/#primaryimage"},"image":{"@id":"https:\/\/trendsandvision.nl\/de\/product\/esschert-design-wachstuchfackel-3er-set-wahl\/#primaryimage"},"thumbnailUrl":"https:\/\/trendsandvision.nl\/de\/wp-content\/uploads\/sites\/3\/2022\/04\/FF289_01.jpg","datePublished":"2022-04-22T16:04:07+00:00","dateModified":"2026-04-07T08:29:12+00:00","description":"Esschert Design Wachstuchfackel 3er Set sort.: Wachstuchfackel 3er Set sort.","breadcrumb":{"@id":"https:\/\/trendsandvision.nl\/de\/product\/esschert-design-wachstuchfackel-3er-set-wahl\/#breadcrumb"},"inLanguage":"de","potentialAction":[{"@type":"ReadAction","target":["https:\/\/trendsandvision.nl\/de\/product\/esschert-design-wachstuchfackel-3er-set-wahl\/"]}]},{"@type":"ImageObject","inLanguage":"de","@id":"https:\/\/trendsandvision.nl\/de\/product\/esschert-design-wachstuchfackel-3er-set-wahl\/#primaryimage","url":"https:\/\/trendsandvision.nl\/de\/wp-content\/uploads\/sites\/3\/2022\/04\/FF289_01.jpg","contentUrl":"https:\/\/trendsandvision.nl\/de\/wp-content\/uploads\/sites\/3\/2022\/04\/FF289_01.jpg","width":800,"height":800,"caption":"Esschert Design Wachstuchfackel 3er Set sort. (FF289"},{"@type":"BreadcrumbList","@id":"https:\/\/trendsandvision.nl\/de\/product\/esschert-design-wachstuchfackel-3er-set-wahl\/#breadcrumb","itemListElement":[{"@type":"ListItem","position":1,"name":"Home","item":"https:\/\/trendsandvision.nl\/de\/"},{"@type":"ListItem","position":2,"name":"Gesch\u00e4ft","item":"https:\/\/trendsandvision.nl\/de\/geschaft\/"},{"@type":"ListItem","position":3,"name":"Esschert Design Wachstuchfackel 3er Set Wahl"}]},{"@type":"WebSite","@id":"https:\/\/trendsandvision.nl\/de\/#website","url":"https:\/\/trendsandvision.nl\/de\/","name":"Trends &amp; Vision (DE)","description":"Der Webshop f\u00fcr Esschert Design Artikel","publisher":{"@id":"https:\/\/trendsandvision.nl\/de\/#organization"},"potentialAction":[{"@type":"SearchAction","target":{"@type":"EntryPoint","urlTemplate":"https:\/\/trendsandvision.nl\/de\/?s={search_term_string}"},"query-input":{"@type":"PropertyValueSpecification","valueRequired":true,"valueName":"search_term_string"}}],"inLanguage":"de"},{"@type":"Organization","@id":"https:\/\/trendsandvision.nl\/de\/#organization","name":"Trends &amp; Vision (DE)","url":"https:\/\/trendsandvision.nl\/de\/","logo":{"@type":"ImageObject","inLanguage":"de","@id":"https:\/\/trendsandvision.nl\/de\/#\/schema\/logo\/image\/","url":"https:\/\/trendsandvision.nl\/de\/wp-content\/uploads\/sites\/3\/2022\/04\/trends-and-vision-logo.jpg","contentUrl":"https:\/\/trendsandvision.nl\/de\/wp-content\/uploads\/sites\/3\/2022\/04\/trends-and-vision-logo.jpg","width":213,"height":100,"caption":"Trends &amp; Vision (DE)"},"image":{"@id":"https:\/\/trendsandvision.nl\/de\/#\/schema\/logo\/image\/"}}]}},"_links":{"self":[{"href":"https:\/\/trendsandvision.nl\/de\/wp-json\/wp\/v2\/product\/3807","targetHints":{"allow":["GET"]}}],"collection":[{"href":"https:\/\/trendsandvision.nl\/de\/wp-json\/wp\/v2\/product"}],"about":[{"href":"https:\/\/trendsandvision.nl\/de\/wp-json\/wp\/v2\/types\/product"}],"wp:featuredmedia":[{"embeddable":true,"href":"https:\/\/trendsandvision.nl\/de\/wp-json\/wp\/v2\/media\/3808"}],"wp:attachment":[{"href":"https:\/\/trendsandvision.nl\/de\/wp-json\/wp\/v2\/media?parent=3807"}],"wp:term":[{"taxonomy":"product_brand","embeddable":true,"href":"https:\/\/trendsandvision.nl\/de\/wp-json\/wp\/v2\/product_brand?post=3807"},{"taxonomy":"product_cat","embeddable":true,"href":"https:\/\/trendsandvision.nl\/de\/wp-json\/wp\/v2\/product_cat?post=3807"},{"taxonomy":"product_tag","embeddable":true,"href":"https:\/\/trendsandvision.nl\/de\/wp-json\/wp\/v2\/product_tag?post=3807"}],"curies":[{"name":"wp","href":"https:\/\/api.w.org\/{rel}","templated":true}]}}