{"id":3722,"date":"2022-04-22T18:01:38","date_gmt":"2022-04-22T16:01:38","guid":{"rendered":"https:\/\/trendsandvision.nl\/de\/product\/esschert-design-kampvuurkookset-7-delig\/"},"modified":"2026-04-07T10:28:55","modified_gmt":"2026-04-07T08:28:55","slug":"esschert-design-dutch-oven-kochset-7-teile-guss","status":"publish","type":"product","link":"https:\/\/trendsandvision.nl\/de\/product\/esschert-design-dutch-oven-kochset-7-teile-guss\/","title":{"rendered":"Esschert Design Dutch oven Kochset 7 Teile Guss"},"content":{"rendered":"<p>Kochen im Freien \u00fcber dem Feuer ist ein Erlebnis, ein echtes Abenteuer.<br \/>\nBereiten Sie die k\u00f6stlichsten Gerichte mit diesem kompletten 7-teiligen Set, bestehend aus einem Dutch Oven, einer Bratpfanne mit Ausguss, einer umdrehbaren Grillplatte mit Handgriffen, einem Stiltopf mit Deckel und einem Deckelhaken.<br \/>\n<strong><a href=\"https:\/\/trendsandvision.nl\/de\/?s=pfanne&amp;post_type=product&amp;dgwt_wcas=1\">Gusseisenpfannen<\/a><\/strong> sind langlebig<br \/>\nVerpackt sind all diese Komponenten in einer Holzkiste, die Griffe aus Juteseilen hat, sodass sie einfach mitzunehmen ist. Au\u00dferdem bietet die Kiste noch Platz f\u00fcr zus\u00e4tzliche Kochger\u00e4te.<\/p>\n<p>&#8211; verpackt in Holzkiste mit Griffen aus Seil<br \/>\n&#8211; 7 teilig<\/p>\n<p>Artikelname: Dutch oven Kochset 7 Teile Guss.<br \/>\nArtikelnummer FF240<br \/>\nProduktgruppe(n) Feuer, drau\u00dfen grillen und kochen<br \/>\nProduktabmessungen in cm L 52,3 x T 31 x H 20,1<br \/>\nVolumen in Litern 3,5 (+0,99l lid) \/ 0,65 \/ 1,3<br \/>\nMaterial Gusseisen, Paulownienholz, Juteseil<br \/>\nNettogewicht 14,119 kg<br \/>\nBarcode 8714982114649<\/p>\n","protected":false},"excerpt":{"rendered":"<p>&#8211; Artikelnummer FF240<br \/>\n&#8211; verpackt in Holzkiste mit Griffen aus Seil<br \/>\n&#8211; 7 teilig<br \/>\n&#8211; L 52,3 x T 31 x H 20,1 cm<br \/>\n&#8211; Volumen in Litern 3,5 (+0,99l lid) \/ 0,65 \/ 1,3<br \/>\n&#8211; Material: Gusseisen,<br \/>\n&#8211; Paulownienholz, Juteseil<br \/>\n&#8211; Nettogewicht 14,119 kg<br \/>\n&#8211; Barcode 8714982114649<br \/>\n&#8211; <strong><a href=\"https:\/\/trendsandvision.nl\/de\/?s=pfanne&amp;post_type=product&amp;dgwt_wcas=1\">Gusseisenpfannen<\/a><\/strong> sind langlebig<\/p>\n","protected":false},"featured_media":3723,"template":"","meta":[],"product_brand":[9597,9598],"product_cat":[1124],"product_tag":[7315,8122,7316,6790,9401,9400,9402,8079,7855,6729,9393],"class_list":{"0":"post-3722","1":"product","2":"type-product","3":"status-publish","4":"has-post-thumbnail","6":"product_brand-esschert-design","7":"product_brand-trends-and-vision","8":"product_cat-fancy-flames","9":"product_tag-bbq","10":"product_tag-dutch-oven","11":"product_tag-grill","12":"product_tag-gusseisen","13":"product_tag-krisenvorsorge","14":"product_tag-notfallvorsorge","15":"product_tag-notpaket","16":"product_tag-outdoor-cooking","17":"product_tag-pfannen","18":"product_tag-set","19":"product_tag-ueberlebenskit","20":"pa_anbieter-esschert-design","21":"pa_ean-code-2162","22":"pa_material-gietijzer-paulownia-hout-jute-touw","23":"pa_messungen-289x280x158-cm-197x295x46-cm-191x306x134-cm-400x205x17-cm","25":"first","26":"instock","27":"sale","28":"taxable","29":"shipping-taxable","30":"purchasable","31":"product-type-simple","32":"czr-hentry"},"yoast_head":"<!-- This site is optimized with the Yoast SEO Premium plugin v26.4 (Yoast SEO v27.4) - https:\/\/yoast.com\/product\/yoast-seo-premium-wordpress\/ -->\n<title>Esschert Design Kampvuurkookset 7 delig (FF240, 8714982114649) - Trends &amp; Vision<\/title>\n<meta name=\"description\" content=\"Esschert Design Kampvuurkookset 7 delig: Buiten koken boven het vuur is een belevenis, een avontuur. Maak de heerlijkste gerechten klaar met deze complete 7-delige set\" \/>\n<meta name=\"robots\" content=\"index, follow, max-snippet:-1, max-image-preview:large, max-video-preview:-1\" \/>\n<link rel=\"canonical\" href=\"https:\/\/trendsandvision.nl\/de\/product\/esschert-design-dutch-oven-kochset-7-teile-guss\/\" \/>\n<meta property=\"og:locale\" content=\"de_DE\" \/>\n<meta property=\"og:type\" content=\"article\" \/>\n<meta property=\"og:title\" content=\"Esschert Design Dutch oven Kochset 7 Teile Guss\" \/>\n<meta property=\"og:description\" content=\"Esschert Design Kampvuurkookset 7 delig: Buiten koken boven het vuur is een belevenis, een avontuur. Maak de heerlijkste gerechten klaar met deze complete 7-delige set\" \/>\n<meta property=\"og:url\" content=\"https:\/\/trendsandvision.nl\/de\/product\/esschert-design-dutch-oven-kochset-7-teile-guss\/\" \/>\n<meta property=\"og:site_name\" content=\"Trends &amp; Vision (DE)\" \/>\n<meta property=\"article:modified_time\" content=\"2026-04-07T08:28:55+00:00\" \/>\n<meta property=\"og:image\" content=\"https:\/\/trendsandvision.nl\/de\/wp-content\/uploads\/sites\/3\/2022\/04\/FF240_01.jpg\" \/>\n\t<meta property=\"og:image:width\" content=\"800\" \/>\n\t<meta property=\"og:image:height\" content=\"800\" \/>\n\t<meta property=\"og:image:type\" content=\"image\/jpeg\" \/>\n<meta name=\"twitter:card\" content=\"summary_large_image\" \/>\n<meta name=\"twitter:label1\" content=\"Gesch\u00e4tzte Lesezeit\" \/>\n\t<meta name=\"twitter:data1\" content=\"1\u00a0Minute\" \/>\n<script type=\"application\/ld+json\" class=\"yoast-schema-graph\">{\"@context\":\"https:\\\/\\\/schema.org\",\"@graph\":[{\"@type\":\"WebPage\",\"@id\":\"https:\\\/\\\/trendsandvision.nl\\\/de\\\/product\\\/esschert-design-dutch-oven-kochset-7-teile-guss\\\/\",\"url\":\"https:\\\/\\\/trendsandvision.nl\\\/de\\\/product\\\/esschert-design-dutch-oven-kochset-7-teile-guss\\\/\",\"name\":\"Esschert Design Kampvuurkookset 7 delig (FF240, 8714982114649) - Trends & Vision\",\"isPartOf\":{\"@id\":\"https:\\\/\\\/trendsandvision.nl\\\/de\\\/#website\"},\"primaryImageOfPage\":{\"@id\":\"https:\\\/\\\/trendsandvision.nl\\\/de\\\/product\\\/esschert-design-dutch-oven-kochset-7-teile-guss\\\/#primaryimage\"},\"image\":{\"@id\":\"https:\\\/\\\/trendsandvision.nl\\\/de\\\/product\\\/esschert-design-dutch-oven-kochset-7-teile-guss\\\/#primaryimage\"},\"thumbnailUrl\":\"https:\\\/\\\/trendsandvision.nl\\\/de\\\/wp-content\\\/uploads\\\/sites\\\/3\\\/2022\\\/04\\\/FF240_01.jpg\",\"datePublished\":\"2022-04-22T16:01:38+00:00\",\"dateModified\":\"2026-04-07T08:28:55+00:00\",\"description\":\"Esschert Design Kampvuurkookset 7 delig: Buiten koken boven het vuur is een belevenis, een avontuur. Maak de heerlijkste gerechten klaar met deze complete 7-delige set\",\"breadcrumb\":{\"@id\":\"https:\\\/\\\/trendsandvision.nl\\\/de\\\/product\\\/esschert-design-dutch-oven-kochset-7-teile-guss\\\/#breadcrumb\"},\"inLanguage\":\"de\",\"potentialAction\":[{\"@type\":\"ReadAction\",\"target\":[\"https:\\\/\\\/trendsandvision.nl\\\/de\\\/product\\\/esschert-design-dutch-oven-kochset-7-teile-guss\\\/\"]}]},{\"@type\":\"ImageObject\",\"inLanguage\":\"de\",\"@id\":\"https:\\\/\\\/trendsandvision.nl\\\/de\\\/product\\\/esschert-design-dutch-oven-kochset-7-teile-guss\\\/#primaryimage\",\"url\":\"https:\\\/\\\/trendsandvision.nl\\\/de\\\/wp-content\\\/uploads\\\/sites\\\/3\\\/2022\\\/04\\\/FF240_01.jpg\",\"contentUrl\":\"https:\\\/\\\/trendsandvision.nl\\\/de\\\/wp-content\\\/uploads\\\/sites\\\/3\\\/2022\\\/04\\\/FF240_01.jpg\",\"width\":800,\"height\":800,\"caption\":\"Esschert Design Kampvuurkookset 7 delig (FF240\"},{\"@type\":\"BreadcrumbList\",\"@id\":\"https:\\\/\\\/trendsandvision.nl\\\/de\\\/product\\\/esschert-design-dutch-oven-kochset-7-teile-guss\\\/#breadcrumb\",\"itemListElement\":[{\"@type\":\"ListItem\",\"position\":1,\"name\":\"Home\",\"item\":\"https:\\\/\\\/trendsandvision.nl\\\/de\\\/\"},{\"@type\":\"ListItem\",\"position\":2,\"name\":\"Gesch\u00e4ft\",\"item\":\"https:\\\/\\\/trendsandvision.nl\\\/de\\\/geschaft\\\/\"},{\"@type\":\"ListItem\",\"position\":3,\"name\":\"Esschert Design Dutch oven Kochset 7 Teile Guss\"}]},{\"@type\":\"WebSite\",\"@id\":\"https:\\\/\\\/trendsandvision.nl\\\/de\\\/#website\",\"url\":\"https:\\\/\\\/trendsandvision.nl\\\/de\\\/\",\"name\":\"Trends &amp; Vision (DE)\",\"description\":\"Der Webshop f\u00fcr Esschert Design Artikel\",\"publisher\":{\"@id\":\"https:\\\/\\\/trendsandvision.nl\\\/de\\\/#organization\"},\"potentialAction\":[{\"@type\":\"SearchAction\",\"target\":{\"@type\":\"EntryPoint\",\"urlTemplate\":\"https:\\\/\\\/trendsandvision.nl\\\/de\\\/?s={search_term_string}\"},\"query-input\":{\"@type\":\"PropertyValueSpecification\",\"valueRequired\":true,\"valueName\":\"search_term_string\"}}],\"inLanguage\":\"de\"},{\"@type\":\"Organization\",\"@id\":\"https:\\\/\\\/trendsandvision.nl\\\/de\\\/#organization\",\"name\":\"Trends &amp; Vision (DE)\",\"url\":\"https:\\\/\\\/trendsandvision.nl\\\/de\\\/\",\"logo\":{\"@type\":\"ImageObject\",\"inLanguage\":\"de\",\"@id\":\"https:\\\/\\\/trendsandvision.nl\\\/de\\\/#\\\/schema\\\/logo\\\/image\\\/\",\"url\":\"https:\\\/\\\/trendsandvision.nl\\\/de\\\/wp-content\\\/uploads\\\/sites\\\/3\\\/2022\\\/04\\\/trends-and-vision-logo.jpg\",\"contentUrl\":\"https:\\\/\\\/trendsandvision.nl\\\/de\\\/wp-content\\\/uploads\\\/sites\\\/3\\\/2022\\\/04\\\/trends-and-vision-logo.jpg\",\"width\":213,\"height\":100,\"caption\":\"Trends &amp; Vision (DE)\"},\"image\":{\"@id\":\"https:\\\/\\\/trendsandvision.nl\\\/de\\\/#\\\/schema\\\/logo\\\/image\\\/\"}}]}<\/script>\n<!-- \/ Yoast SEO Premium plugin. -->","yoast_head_json":{"title":"Esschert Design Kampvuurkookset 7 delig (FF240, 8714982114649) - Trends & Vision","description":"Esschert Design Kampvuurkookset 7 delig: Buiten koken boven het vuur is een belevenis, een avontuur. Maak de heerlijkste gerechten klaar met deze complete 7-delige set","robots":{"index":"index","follow":"follow","max-snippet":"max-snippet:-1","max-image-preview":"max-image-preview:large","max-video-preview":"max-video-preview:-1"},"canonical":"https:\/\/trendsandvision.nl\/de\/product\/esschert-design-dutch-oven-kochset-7-teile-guss\/","og_locale":"de_DE","og_type":"article","og_title":"Esschert Design Dutch oven Kochset 7 Teile Guss","og_description":"Esschert Design Kampvuurkookset 7 delig: Buiten koken boven het vuur is een belevenis, een avontuur. Maak de heerlijkste gerechten klaar met deze complete 7-delige set","og_url":"https:\/\/trendsandvision.nl\/de\/product\/esschert-design-dutch-oven-kochset-7-teile-guss\/","og_site_name":"Trends &amp; Vision (DE)","article_modified_time":"2026-04-07T08:28:55+00:00","og_image":[{"width":800,"height":800,"url":"https:\/\/trendsandvision.nl\/de\/wp-content\/uploads\/sites\/3\/2022\/04\/FF240_01.jpg","type":"image\/jpeg"}],"twitter_card":"summary_large_image","twitter_misc":{"Gesch\u00e4tzte Lesezeit":"1\u00a0Minute"},"schema":{"@context":"https:\/\/schema.org","@graph":[{"@type":"WebPage","@id":"https:\/\/trendsandvision.nl\/de\/product\/esschert-design-dutch-oven-kochset-7-teile-guss\/","url":"https:\/\/trendsandvision.nl\/de\/product\/esschert-design-dutch-oven-kochset-7-teile-guss\/","name":"Esschert Design Kampvuurkookset 7 delig (FF240, 8714982114649) - Trends & Vision","isPartOf":{"@id":"https:\/\/trendsandvision.nl\/de\/#website"},"primaryImageOfPage":{"@id":"https:\/\/trendsandvision.nl\/de\/product\/esschert-design-dutch-oven-kochset-7-teile-guss\/#primaryimage"},"image":{"@id":"https:\/\/trendsandvision.nl\/de\/product\/esschert-design-dutch-oven-kochset-7-teile-guss\/#primaryimage"},"thumbnailUrl":"https:\/\/trendsandvision.nl\/de\/wp-content\/uploads\/sites\/3\/2022\/04\/FF240_01.jpg","datePublished":"2022-04-22T16:01:38+00:00","dateModified":"2026-04-07T08:28:55+00:00","description":"Esschert Design Kampvuurkookset 7 delig: Buiten koken boven het vuur is een belevenis, een avontuur. Maak de heerlijkste gerechten klaar met deze complete 7-delige set","breadcrumb":{"@id":"https:\/\/trendsandvision.nl\/de\/product\/esschert-design-dutch-oven-kochset-7-teile-guss\/#breadcrumb"},"inLanguage":"de","potentialAction":[{"@type":"ReadAction","target":["https:\/\/trendsandvision.nl\/de\/product\/esschert-design-dutch-oven-kochset-7-teile-guss\/"]}]},{"@type":"ImageObject","inLanguage":"de","@id":"https:\/\/trendsandvision.nl\/de\/product\/esschert-design-dutch-oven-kochset-7-teile-guss\/#primaryimage","url":"https:\/\/trendsandvision.nl\/de\/wp-content\/uploads\/sites\/3\/2022\/04\/FF240_01.jpg","contentUrl":"https:\/\/trendsandvision.nl\/de\/wp-content\/uploads\/sites\/3\/2022\/04\/FF240_01.jpg","width":800,"height":800,"caption":"Esschert Design Kampvuurkookset 7 delig (FF240"},{"@type":"BreadcrumbList","@id":"https:\/\/trendsandvision.nl\/de\/product\/esschert-design-dutch-oven-kochset-7-teile-guss\/#breadcrumb","itemListElement":[{"@type":"ListItem","position":1,"name":"Home","item":"https:\/\/trendsandvision.nl\/de\/"},{"@type":"ListItem","position":2,"name":"Gesch\u00e4ft","item":"https:\/\/trendsandvision.nl\/de\/geschaft\/"},{"@type":"ListItem","position":3,"name":"Esschert Design Dutch oven Kochset 7 Teile Guss"}]},{"@type":"WebSite","@id":"https:\/\/trendsandvision.nl\/de\/#website","url":"https:\/\/trendsandvision.nl\/de\/","name":"Trends &amp; Vision (DE)","description":"Der Webshop f\u00fcr Esschert Design Artikel","publisher":{"@id":"https:\/\/trendsandvision.nl\/de\/#organization"},"potentialAction":[{"@type":"SearchAction","target":{"@type":"EntryPoint","urlTemplate":"https:\/\/trendsandvision.nl\/de\/?s={search_term_string}"},"query-input":{"@type":"PropertyValueSpecification","valueRequired":true,"valueName":"search_term_string"}}],"inLanguage":"de"},{"@type":"Organization","@id":"https:\/\/trendsandvision.nl\/de\/#organization","name":"Trends &amp; Vision (DE)","url":"https:\/\/trendsandvision.nl\/de\/","logo":{"@type":"ImageObject","inLanguage":"de","@id":"https:\/\/trendsandvision.nl\/de\/#\/schema\/logo\/image\/","url":"https:\/\/trendsandvision.nl\/de\/wp-content\/uploads\/sites\/3\/2022\/04\/trends-and-vision-logo.jpg","contentUrl":"https:\/\/trendsandvision.nl\/de\/wp-content\/uploads\/sites\/3\/2022\/04\/trends-and-vision-logo.jpg","width":213,"height":100,"caption":"Trends &amp; Vision (DE)"},"image":{"@id":"https:\/\/trendsandvision.nl\/de\/#\/schema\/logo\/image\/"}}]}},"_links":{"self":[{"href":"https:\/\/trendsandvision.nl\/de\/wp-json\/wp\/v2\/product\/3722","targetHints":{"allow":["GET"]}}],"collection":[{"href":"https:\/\/trendsandvision.nl\/de\/wp-json\/wp\/v2\/product"}],"about":[{"href":"https:\/\/trendsandvision.nl\/de\/wp-json\/wp\/v2\/types\/product"}],"wp:featuredmedia":[{"embeddable":true,"href":"https:\/\/trendsandvision.nl\/de\/wp-json\/wp\/v2\/media\/3723"}],"wp:attachment":[{"href":"https:\/\/trendsandvision.nl\/de\/wp-json\/wp\/v2\/media?parent=3722"}],"wp:term":[{"taxonomy":"product_brand","embeddable":true,"href":"https:\/\/trendsandvision.nl\/de\/wp-json\/wp\/v2\/product_brand?post=3722"},{"taxonomy":"product_cat","embeddable":true,"href":"https:\/\/trendsandvision.nl\/de\/wp-json\/wp\/v2\/product_cat?post=3722"},{"taxonomy":"product_tag","embeddable":true,"href":"https:\/\/trendsandvision.nl\/de\/wp-json\/wp\/v2\/product_tag?post=3722"}],"curies":[{"name":"wp","href":"https:\/\/api.w.org\/{rel}","templated":true}]}}