{"id":3658,"date":"2022-04-22T17:59:42","date_gmt":"2022-04-22T15:59:42","guid":{"rendered":"https:\/\/trendsandvision.nl\/de\/product\/esschert-design-kampvuur-kookset\/"},"modified":"2026-04-07T10:28:49","modified_gmt":"2026-04-07T08:28:49","slug":"esschert-design-outdoor-kochset","status":"publish","type":"product","link":"https:\/\/trendsandvision.nl\/de\/product\/esschert-design-outdoor-kochset\/","title":{"rendered":"Esschert Design Outdoor Kochset"},"content":{"rendered":"<p>Kochen im Freien \u00fcber dem Feuer ist ein Erlebnis, ein echtes Abenteuer. Bereiten Sie die k\u00f6stlichsten Gerichte mit diesem 4 teiligem Outdoorkochset, bestehend aus einer Bratpfanne, einem Topf mit Griff, einem Topf mit Henkel und einer Kaffeekanne mit Deckel und Henkel.<\/p>\n<p>&#8211; 4 teilig (Bratpfanne \u00f8 25.4 cm, Topf mit Griff 1,9 L. \u00f8 18,4 cm, Topf mit Henkel 3,3 L. \u00f8 19 cm, Kaffekanne 1,9 L. (f\u00fcr 8 Tassen) \u00f8 16 cm)<br \/>\n&#8211; geringes Gewicht (ideal zum Mitnehmen)<br \/>\n&#8211; leicht zu reinigen<br \/>\n&#8211; verpackt in Geschenkverpackung<br \/>\n&#8211; \u00dcberlebenskit<\/p>\n<p>Artikelnummer: FF215<br \/>\nProduktgruppe(n) Feuer, drau\u00dfen grillen und kochen<br \/>\nProduktabmessungen in cm L 26,3 x T 43,1 x H 21,7<br \/>\nVolumen in Litern 2,19 \/ 1,557 \/ 3,242 \/ 1<br \/>\nMaterial: Weichstahl<br \/>\nNettogewicht 1,811 kg<br \/>\nBarcode 8714982103292<\/p>\n","protected":false},"excerpt":{"rendered":"<p>&#8211; Artikelnummer: FF215<br \/>\n&#8211; L 26,3 x T 43,1 x H 21,7 cm<br \/>\n&#8211; 4 teilig (Bratpfanne \u00f8 25.4 cm,<br \/>\n&#8211; Topf mit Griff 1,9 L. \u00f8 18,4 cm,<br \/>\n&#8211; Topf mit Henkel 3,3 L. \u00f8 19 cm,<br \/>\n&#8211; Kaffekanne 1,9 L. (f\u00fcr 8 Tassen) \u00f8 16 cm)<br \/>\n&#8211; Geringes Gewicht (ideal zum Mitnehmen)<br \/>\n&#8211; leicht zu reinigen<br \/>\n&#8211; Verpackt in Geschenkverpackung<br \/>\n&#8211; \u00dcberlebenskit<br \/>\n&#8211; Material: Weichstahl<br \/>\n&#8211; Nettogewicht 1,811 kg<br \/>\n&#8211; Barcode 8714982103292<\/p>\n","protected":false},"featured_media":3659,"template":"","meta":[],"product_brand":[9597,9598],"product_cat":[1124],"product_tag":[7315,7316,6790,9401,9400,9402,8079,7855,9393],"class_list":{"0":"post-3658","1":"product","2":"type-product","3":"status-publish","4":"has-post-thumbnail","6":"product_brand-esschert-design","7":"product_brand-trends-and-vision","8":"product_cat-fancy-flames","9":"product_tag-bbq","10":"product_tag-grill","11":"product_tag-gusseisen","12":"product_tag-krisenvorsorge","13":"product_tag-notfallvorsorge","14":"product_tag-notpaket","15":"product_tag-outdoor-cooking","16":"product_tag-pfannen","17":"product_tag-ueberlebenskit","18":"pa_anbieter-esschert-design","19":"pa_ean-code-2126","20":"pa_material-metaal","21":"pa_messungen-184x165x223-cm-305x185x95-cm-225x210x182-cm-241x430x85-cm","23":"first","24":"instock","25":"sale","26":"taxable","27":"shipping-taxable","28":"purchasable","29":"product-type-simple","30":"czr-hentry"},"yoast_head":"<!-- This site is optimized with the Yoast SEO Premium plugin v26.4 (Yoast SEO v27.4) - https:\/\/yoast.com\/product\/yoast-seo-premium-wordpress\/ -->\n<title>Esschert Design Kampvuur kookset (FF215, 8714982103292) - Trends &amp; Vision<\/title>\n<meta name=\"description\" content=\"Esschert Design Kampvuur kookset: Emaille kampvuur kookset, 4-delig: Lichtgewicht &amp;amp\" \/>\n<meta name=\"robots\" content=\"index, follow, max-snippet:-1, max-image-preview:large, max-video-preview:-1\" \/>\n<link rel=\"canonical\" href=\"https:\/\/trendsandvision.nl\/de\/product\/esschert-design-outdoor-kochset\/\" \/>\n<meta property=\"og:locale\" content=\"de_DE\" \/>\n<meta property=\"og:type\" content=\"article\" \/>\n<meta property=\"og:title\" content=\"Esschert Design Outdoor Kochset\" \/>\n<meta property=\"og:description\" content=\"Esschert Design Kampvuur kookset: Emaille kampvuur kookset, 4-delig: Lichtgewicht &amp;amp\" \/>\n<meta property=\"og:url\" content=\"https:\/\/trendsandvision.nl\/de\/product\/esschert-design-outdoor-kochset\/\" \/>\n<meta property=\"og:site_name\" content=\"Trends &amp; Vision (DE)\" \/>\n<meta property=\"article:modified_time\" content=\"2026-04-07T08:28:49+00:00\" \/>\n<meta property=\"og:image\" content=\"https:\/\/trendsandvision.nl\/de\/wp-content\/uploads\/sites\/3\/2022\/04\/FF215_01.jpg\" \/>\n\t<meta property=\"og:image:width\" content=\"800\" \/>\n\t<meta property=\"og:image:height\" content=\"800\" \/>\n\t<meta property=\"og:image:type\" content=\"image\/jpeg\" \/>\n<meta name=\"twitter:card\" content=\"summary_large_image\" \/>\n<meta name=\"twitter:label1\" content=\"Gesch\u00e4tzte Lesezeit\" \/>\n\t<meta name=\"twitter:data1\" content=\"1\u00a0Minute\" \/>\n<script type=\"application\/ld+json\" class=\"yoast-schema-graph\">{\"@context\":\"https:\\\/\\\/schema.org\",\"@graph\":[{\"@type\":\"WebPage\",\"@id\":\"https:\\\/\\\/trendsandvision.nl\\\/de\\\/product\\\/esschert-design-outdoor-kochset\\\/\",\"url\":\"https:\\\/\\\/trendsandvision.nl\\\/de\\\/product\\\/esschert-design-outdoor-kochset\\\/\",\"name\":\"Esschert Design Kampvuur kookset (FF215, 8714982103292) - Trends & Vision\",\"isPartOf\":{\"@id\":\"https:\\\/\\\/trendsandvision.nl\\\/de\\\/#website\"},\"primaryImageOfPage\":{\"@id\":\"https:\\\/\\\/trendsandvision.nl\\\/de\\\/product\\\/esschert-design-outdoor-kochset\\\/#primaryimage\"},\"image\":{\"@id\":\"https:\\\/\\\/trendsandvision.nl\\\/de\\\/product\\\/esschert-design-outdoor-kochset\\\/#primaryimage\"},\"thumbnailUrl\":\"https:\\\/\\\/trendsandvision.nl\\\/de\\\/wp-content\\\/uploads\\\/sites\\\/3\\\/2022\\\/04\\\/FF215_01.jpg\",\"datePublished\":\"2022-04-22T15:59:42+00:00\",\"dateModified\":\"2026-04-07T08:28:49+00:00\",\"description\":\"Esschert Design Kampvuur kookset: Emaille kampvuur kookset, 4-delig: Lichtgewicht &amp\",\"breadcrumb\":{\"@id\":\"https:\\\/\\\/trendsandvision.nl\\\/de\\\/product\\\/esschert-design-outdoor-kochset\\\/#breadcrumb\"},\"inLanguage\":\"de\",\"potentialAction\":[{\"@type\":\"ReadAction\",\"target\":[\"https:\\\/\\\/trendsandvision.nl\\\/de\\\/product\\\/esschert-design-outdoor-kochset\\\/\"]}]},{\"@type\":\"ImageObject\",\"inLanguage\":\"de\",\"@id\":\"https:\\\/\\\/trendsandvision.nl\\\/de\\\/product\\\/esschert-design-outdoor-kochset\\\/#primaryimage\",\"url\":\"https:\\\/\\\/trendsandvision.nl\\\/de\\\/wp-content\\\/uploads\\\/sites\\\/3\\\/2022\\\/04\\\/FF215_01.jpg\",\"contentUrl\":\"https:\\\/\\\/trendsandvision.nl\\\/de\\\/wp-content\\\/uploads\\\/sites\\\/3\\\/2022\\\/04\\\/FF215_01.jpg\",\"width\":800,\"height\":800,\"caption\":\"Esschert Design Kampvuur kookset (FF215\"},{\"@type\":\"BreadcrumbList\",\"@id\":\"https:\\\/\\\/trendsandvision.nl\\\/de\\\/product\\\/esschert-design-outdoor-kochset\\\/#breadcrumb\",\"itemListElement\":[{\"@type\":\"ListItem\",\"position\":1,\"name\":\"Home\",\"item\":\"https:\\\/\\\/trendsandvision.nl\\\/de\\\/\"},{\"@type\":\"ListItem\",\"position\":2,\"name\":\"Gesch\u00e4ft\",\"item\":\"https:\\\/\\\/trendsandvision.nl\\\/de\\\/geschaft\\\/\"},{\"@type\":\"ListItem\",\"position\":3,\"name\":\"Esschert Design Outdoor Kochset\"}]},{\"@type\":\"WebSite\",\"@id\":\"https:\\\/\\\/trendsandvision.nl\\\/de\\\/#website\",\"url\":\"https:\\\/\\\/trendsandvision.nl\\\/de\\\/\",\"name\":\"Trends &amp; Vision (DE)\",\"description\":\"Der Webshop f\u00fcr Esschert Design Artikel\",\"publisher\":{\"@id\":\"https:\\\/\\\/trendsandvision.nl\\\/de\\\/#organization\"},\"potentialAction\":[{\"@type\":\"SearchAction\",\"target\":{\"@type\":\"EntryPoint\",\"urlTemplate\":\"https:\\\/\\\/trendsandvision.nl\\\/de\\\/?s={search_term_string}\"},\"query-input\":{\"@type\":\"PropertyValueSpecification\",\"valueRequired\":true,\"valueName\":\"search_term_string\"}}],\"inLanguage\":\"de\"},{\"@type\":\"Organization\",\"@id\":\"https:\\\/\\\/trendsandvision.nl\\\/de\\\/#organization\",\"name\":\"Trends &amp; Vision (DE)\",\"url\":\"https:\\\/\\\/trendsandvision.nl\\\/de\\\/\",\"logo\":{\"@type\":\"ImageObject\",\"inLanguage\":\"de\",\"@id\":\"https:\\\/\\\/trendsandvision.nl\\\/de\\\/#\\\/schema\\\/logo\\\/image\\\/\",\"url\":\"https:\\\/\\\/trendsandvision.nl\\\/de\\\/wp-content\\\/uploads\\\/sites\\\/3\\\/2022\\\/04\\\/trends-and-vision-logo.jpg\",\"contentUrl\":\"https:\\\/\\\/trendsandvision.nl\\\/de\\\/wp-content\\\/uploads\\\/sites\\\/3\\\/2022\\\/04\\\/trends-and-vision-logo.jpg\",\"width\":213,\"height\":100,\"caption\":\"Trends &amp; Vision (DE)\"},\"image\":{\"@id\":\"https:\\\/\\\/trendsandvision.nl\\\/de\\\/#\\\/schema\\\/logo\\\/image\\\/\"}}]}<\/script>\n<!-- \/ Yoast SEO Premium plugin. -->","yoast_head_json":{"title":"Esschert Design Kampvuur kookset (FF215, 8714982103292) - Trends & Vision","description":"Esschert Design Kampvuur kookset: Emaille kampvuur kookset, 4-delig: Lichtgewicht &amp","robots":{"index":"index","follow":"follow","max-snippet":"max-snippet:-1","max-image-preview":"max-image-preview:large","max-video-preview":"max-video-preview:-1"},"canonical":"https:\/\/trendsandvision.nl\/de\/product\/esschert-design-outdoor-kochset\/","og_locale":"de_DE","og_type":"article","og_title":"Esschert Design Outdoor Kochset","og_description":"Esschert Design Kampvuur kookset: Emaille kampvuur kookset, 4-delig: Lichtgewicht &amp","og_url":"https:\/\/trendsandvision.nl\/de\/product\/esschert-design-outdoor-kochset\/","og_site_name":"Trends &amp; Vision (DE)","article_modified_time":"2026-04-07T08:28:49+00:00","og_image":[{"width":800,"height":800,"url":"https:\/\/trendsandvision.nl\/de\/wp-content\/uploads\/sites\/3\/2022\/04\/FF215_01.jpg","type":"image\/jpeg"}],"twitter_card":"summary_large_image","twitter_misc":{"Gesch\u00e4tzte Lesezeit":"1\u00a0Minute"},"schema":{"@context":"https:\/\/schema.org","@graph":[{"@type":"WebPage","@id":"https:\/\/trendsandvision.nl\/de\/product\/esschert-design-outdoor-kochset\/","url":"https:\/\/trendsandvision.nl\/de\/product\/esschert-design-outdoor-kochset\/","name":"Esschert Design Kampvuur kookset (FF215, 8714982103292) - Trends & Vision","isPartOf":{"@id":"https:\/\/trendsandvision.nl\/de\/#website"},"primaryImageOfPage":{"@id":"https:\/\/trendsandvision.nl\/de\/product\/esschert-design-outdoor-kochset\/#primaryimage"},"image":{"@id":"https:\/\/trendsandvision.nl\/de\/product\/esschert-design-outdoor-kochset\/#primaryimage"},"thumbnailUrl":"https:\/\/trendsandvision.nl\/de\/wp-content\/uploads\/sites\/3\/2022\/04\/FF215_01.jpg","datePublished":"2022-04-22T15:59:42+00:00","dateModified":"2026-04-07T08:28:49+00:00","description":"Esschert Design Kampvuur kookset: Emaille kampvuur kookset, 4-delig: Lichtgewicht &amp","breadcrumb":{"@id":"https:\/\/trendsandvision.nl\/de\/product\/esschert-design-outdoor-kochset\/#breadcrumb"},"inLanguage":"de","potentialAction":[{"@type":"ReadAction","target":["https:\/\/trendsandvision.nl\/de\/product\/esschert-design-outdoor-kochset\/"]}]},{"@type":"ImageObject","inLanguage":"de","@id":"https:\/\/trendsandvision.nl\/de\/product\/esschert-design-outdoor-kochset\/#primaryimage","url":"https:\/\/trendsandvision.nl\/de\/wp-content\/uploads\/sites\/3\/2022\/04\/FF215_01.jpg","contentUrl":"https:\/\/trendsandvision.nl\/de\/wp-content\/uploads\/sites\/3\/2022\/04\/FF215_01.jpg","width":800,"height":800,"caption":"Esschert Design Kampvuur kookset (FF215"},{"@type":"BreadcrumbList","@id":"https:\/\/trendsandvision.nl\/de\/product\/esschert-design-outdoor-kochset\/#breadcrumb","itemListElement":[{"@type":"ListItem","position":1,"name":"Home","item":"https:\/\/trendsandvision.nl\/de\/"},{"@type":"ListItem","position":2,"name":"Gesch\u00e4ft","item":"https:\/\/trendsandvision.nl\/de\/geschaft\/"},{"@type":"ListItem","position":3,"name":"Esschert Design Outdoor Kochset"}]},{"@type":"WebSite","@id":"https:\/\/trendsandvision.nl\/de\/#website","url":"https:\/\/trendsandvision.nl\/de\/","name":"Trends &amp; Vision (DE)","description":"Der Webshop f\u00fcr Esschert Design Artikel","publisher":{"@id":"https:\/\/trendsandvision.nl\/de\/#organization"},"potentialAction":[{"@type":"SearchAction","target":{"@type":"EntryPoint","urlTemplate":"https:\/\/trendsandvision.nl\/de\/?s={search_term_string}"},"query-input":{"@type":"PropertyValueSpecification","valueRequired":true,"valueName":"search_term_string"}}],"inLanguage":"de"},{"@type":"Organization","@id":"https:\/\/trendsandvision.nl\/de\/#organization","name":"Trends &amp; Vision (DE)","url":"https:\/\/trendsandvision.nl\/de\/","logo":{"@type":"ImageObject","inLanguage":"de","@id":"https:\/\/trendsandvision.nl\/de\/#\/schema\/logo\/image\/","url":"https:\/\/trendsandvision.nl\/de\/wp-content\/uploads\/sites\/3\/2022\/04\/trends-and-vision-logo.jpg","contentUrl":"https:\/\/trendsandvision.nl\/de\/wp-content\/uploads\/sites\/3\/2022\/04\/trends-and-vision-logo.jpg","width":213,"height":100,"caption":"Trends &amp; Vision (DE)"},"image":{"@id":"https:\/\/trendsandvision.nl\/de\/#\/schema\/logo\/image\/"}}]}},"_links":{"self":[{"href":"https:\/\/trendsandvision.nl\/de\/wp-json\/wp\/v2\/product\/3658","targetHints":{"allow":["GET"]}}],"collection":[{"href":"https:\/\/trendsandvision.nl\/de\/wp-json\/wp\/v2\/product"}],"about":[{"href":"https:\/\/trendsandvision.nl\/de\/wp-json\/wp\/v2\/types\/product"}],"wp:featuredmedia":[{"embeddable":true,"href":"https:\/\/trendsandvision.nl\/de\/wp-json\/wp\/v2\/media\/3659"}],"wp:attachment":[{"href":"https:\/\/trendsandvision.nl\/de\/wp-json\/wp\/v2\/media?parent=3658"}],"wp:term":[{"taxonomy":"product_brand","embeddable":true,"href":"https:\/\/trendsandvision.nl\/de\/wp-json\/wp\/v2\/product_brand?post=3658"},{"taxonomy":"product_cat","embeddable":true,"href":"https:\/\/trendsandvision.nl\/de\/wp-json\/wp\/v2\/product_cat?post=3658"},{"taxonomy":"product_tag","embeddable":true,"href":"https:\/\/trendsandvision.nl\/de\/wp-json\/wp\/v2\/product_tag?post=3658"}],"curies":[{"name":"wp","href":"https:\/\/api.w.org\/{rel}","templated":true}]}}