{"id":3640,"date":"2022-04-22T17:59:09","date_gmt":"2022-04-22T15:59:09","guid":{"rendered":"https:\/\/trendsandvision.nl\/de\/product\/esschert-design-gusseiserne-feuerschale-niedrig-s\/"},"modified":"2026-04-22T15:00:46","modified_gmt":"2026-04-22T13:00:46","slug":"esschert-design-gusseiserne-feuerschale-niedrig-s","status":"publish","type":"product","link":"https:\/\/trendsandvision.nl\/de\/product\/esschert-design-gusseiserne-feuerschale-niedrig-s\/","title":{"rendered":"Esschert Design Gu\u00dfeiserne Feuerschale niedrig S"},"content":{"rendered":"<p>Ein Feuer im Garten sorgt f\u00fcr eine gem\u00fctliche Atmosph\u00e4re und sieht toll aus.<br \/>\nDiese runde Feuerschale mit seinem stabilen Fu\u00df erzeugt viel Ambiente und sorgt rund herum f\u00fcr W\u00e4rme.<br \/>\nBei Gebrauch kann dieser Artikel durch Einwirkung von Feuer und Wetter sowie durch Alterung rosten, wodurch eine h\u00fcbsche Patina entsteht.<\/p>\n<p>&#8211; schwere Ausf\u00fchrung<br \/>\n&#8211; zeitloses Design<br \/>\n&#8211; einfach zu montieren<br \/>\n&#8211; verpackt in brauner Verpackung mit Fullcolour Aufkleber<\/p>\n<p>Artikelnummer: FF209<br \/>\nProduktgruppe(n) Feuer, Feuerk\u00f6rbe und Feuerschalen<br \/>\nProduktabmessungen in cm \u00f8 L 50 x T 50 x H 18<br \/>\nMaterial: Gusseisen<br \/>\nNettogewicht 9,58 kg<br \/>\nBarcode 8714982097560<\/p>\n","protected":false},"excerpt":{"rendered":"<p>&#8211; schwere Ausf\u00fchrung<br \/>\n&#8211; zeitloses Design<br \/>\n&#8211; einfach zu montieren<br \/>\n&#8211; verpackt in brauner Verpackung<br \/>\n&#8211; mit Fullcolour Aufkleber<br \/>\n&#8211; Artikelnummer: FF209<br \/>\n&#8211; cm \u00f8 L 50 x T 50 x H 18<br \/>\n&#8211; Material Gusseisen<br \/>\n&#8211; Nettogewicht 9,58 kg<br \/>\n&#8211; Barcode 8714982097560<\/p>\n","protected":false},"featured_media":3641,"template":"","meta":[],"product_brand":[9597,9598],"product_cat":[1124],"product_tag":[6971,6790,9399],"class_list":{"0":"post-3640","1":"product","2":"type-product","3":"status-publish","4":"has-post-thumbnail","6":"product_brand-esschert-design","7":"product_brand-trends-and-vision","8":"product_cat-fancy-flames","9":"product_tag-feuerschale","10":"product_tag-gusseisen","11":"product_tag-o-50-cm","12":"pa_anbieter-esschert-design","13":"pa_ean-code-2117","14":"pa_material-gusseisen","15":"pa_messungen-500x500x175-cm","17":"first","18":"instock","19":"sale","20":"taxable","21":"shipping-taxable","22":"purchasable","23":"product-type-simple","24":"czr-hentry"},"yoast_head":"<!-- This site is optimized with the Yoast SEO Premium plugin v27.4 (Yoast SEO v27.4) - https:\/\/yoast.com\/product\/yoast-seo-premium-wordpress\/ -->\n<title>Esschert Design Gu\u00dfeiserne Feuerschale niedrig S (FF209, 8714982097560) - Trends &amp; Vision<\/title>\n<meta name=\"description\" content=\"Esschert Design Gu\u00dfeiserne Feuerschale niedrig S: Gu\u00dfeiserne Feuerschale niedrig S\" \/>\n<meta name=\"robots\" content=\"index, follow, max-snippet:-1, max-image-preview:large, max-video-preview:-1\" \/>\n<link rel=\"canonical\" href=\"https:\/\/trendsandvision.nl\/de\/product\/esschert-design-gusseiserne-feuerschale-niedrig-s\/\" \/>\n<meta property=\"og:locale\" content=\"de_DE\" \/>\n<meta property=\"og:type\" content=\"article\" \/>\n<meta property=\"og:title\" content=\"Esschert Design Gu\u00dfeiserne Feuerschale niedrig S\" \/>\n<meta property=\"og:description\" content=\"Esschert Design Gu\u00dfeiserne Feuerschale niedrig S: Gu\u00dfeiserne Feuerschale niedrig S\" \/>\n<meta property=\"og:url\" content=\"https:\/\/trendsandvision.nl\/de\/product\/esschert-design-gusseiserne-feuerschale-niedrig-s\/\" \/>\n<meta property=\"og:site_name\" content=\"Trends &amp; Vision (DE)\" \/>\n<meta property=\"article:modified_time\" content=\"2026-04-22T13:00:46+00:00\" \/>\n<meta property=\"og:image\" content=\"https:\/\/trendsandvision.nl\/de\/wp-content\/uploads\/sites\/3\/2022\/04\/FF209_01.jpg\" \/>\n\t<meta property=\"og:image:width\" content=\"800\" \/>\n\t<meta property=\"og:image:height\" content=\"800\" \/>\n\t<meta property=\"og:image:type\" content=\"image\/jpeg\" \/>\n<meta name=\"twitter:card\" content=\"summary_large_image\" \/>\n<meta name=\"twitter:label1\" content=\"Gesch\u00e4tzte Lesezeit\" \/>\n\t<meta name=\"twitter:data1\" content=\"1\u00a0Minute\" \/>\n<script type=\"application\/ld+json\" class=\"yoast-schema-graph\">{\"@context\":\"https:\\\/\\\/schema.org\",\"@graph\":[{\"@type\":\"WebPage\",\"@id\":\"https:\\\/\\\/trendsandvision.nl\\\/de\\\/product\\\/esschert-design-gusseiserne-feuerschale-niedrig-s\\\/\",\"url\":\"https:\\\/\\\/trendsandvision.nl\\\/de\\\/product\\\/esschert-design-gusseiserne-feuerschale-niedrig-s\\\/\",\"name\":\"Esschert Design Gu\u00dfeiserne Feuerschale niedrig S (FF209, 8714982097560) - Trends & Vision\",\"isPartOf\":{\"@id\":\"https:\\\/\\\/trendsandvision.nl\\\/de\\\/#website\"},\"primaryImageOfPage\":{\"@id\":\"https:\\\/\\\/trendsandvision.nl\\\/de\\\/product\\\/esschert-design-gusseiserne-feuerschale-niedrig-s\\\/#primaryimage\"},\"image\":{\"@id\":\"https:\\\/\\\/trendsandvision.nl\\\/de\\\/product\\\/esschert-design-gusseiserne-feuerschale-niedrig-s\\\/#primaryimage\"},\"thumbnailUrl\":\"https:\\\/\\\/trendsandvision.nl\\\/de\\\/wp-content\\\/uploads\\\/sites\\\/3\\\/2022\\\/04\\\/FF209_01.jpg\",\"datePublished\":\"2022-04-22T15:59:09+00:00\",\"dateModified\":\"2026-04-22T13:00:46+00:00\",\"description\":\"Esschert Design Gu\u00dfeiserne Feuerschale niedrig S: Gu\u00dfeiserne Feuerschale niedrig S\",\"breadcrumb\":{\"@id\":\"https:\\\/\\\/trendsandvision.nl\\\/de\\\/product\\\/esschert-design-gusseiserne-feuerschale-niedrig-s\\\/#breadcrumb\"},\"inLanguage\":\"de\",\"potentialAction\":[{\"@type\":\"ReadAction\",\"target\":[\"https:\\\/\\\/trendsandvision.nl\\\/de\\\/product\\\/esschert-design-gusseiserne-feuerschale-niedrig-s\\\/\"]}]},{\"@type\":\"ImageObject\",\"inLanguage\":\"de\",\"@id\":\"https:\\\/\\\/trendsandvision.nl\\\/de\\\/product\\\/esschert-design-gusseiserne-feuerschale-niedrig-s\\\/#primaryimage\",\"url\":\"https:\\\/\\\/trendsandvision.nl\\\/de\\\/wp-content\\\/uploads\\\/sites\\\/3\\\/2022\\\/04\\\/FF209_01.jpg\",\"contentUrl\":\"https:\\\/\\\/trendsandvision.nl\\\/de\\\/wp-content\\\/uploads\\\/sites\\\/3\\\/2022\\\/04\\\/FF209_01.jpg\",\"width\":800,\"height\":800,\"caption\":\"Esschert Design Gu\u00dfeiserne Feuerschale niedrig S (FF209\"},{\"@type\":\"BreadcrumbList\",\"@id\":\"https:\\\/\\\/trendsandvision.nl\\\/de\\\/product\\\/esschert-design-gusseiserne-feuerschale-niedrig-s\\\/#breadcrumb\",\"itemListElement\":[{\"@type\":\"ListItem\",\"position\":1,\"name\":\"Home\",\"item\":\"https:\\\/\\\/trendsandvision.nl\\\/de\\\/\"},{\"@type\":\"ListItem\",\"position\":2,\"name\":\"Gesch\u00e4ft\",\"item\":\"https:\\\/\\\/trendsandvision.nl\\\/de\\\/geschaft\\\/\"},{\"@type\":\"ListItem\",\"position\":3,\"name\":\"Esschert Design Gu\u00dfeiserne Feuerschale niedrig S\"}]},{\"@type\":\"WebSite\",\"@id\":\"https:\\\/\\\/trendsandvision.nl\\\/de\\\/#website\",\"url\":\"https:\\\/\\\/trendsandvision.nl\\\/de\\\/\",\"name\":\"Trends &amp; Vision (DE)\",\"description\":\"Der Webshop f\u00fcr Esschert Design Artikel\",\"publisher\":{\"@id\":\"https:\\\/\\\/trendsandvision.nl\\\/de\\\/#organization\"},\"potentialAction\":[{\"@type\":\"SearchAction\",\"target\":{\"@type\":\"EntryPoint\",\"urlTemplate\":\"https:\\\/\\\/trendsandvision.nl\\\/de\\\/?s={search_term_string}\"},\"query-input\":{\"@type\":\"PropertyValueSpecification\",\"valueRequired\":true,\"valueName\":\"search_term_string\"}}],\"inLanguage\":\"de\"},{\"@type\":\"Organization\",\"@id\":\"https:\\\/\\\/trendsandvision.nl\\\/de\\\/#organization\",\"name\":\"Trends &amp; Vision (DE)\",\"url\":\"https:\\\/\\\/trendsandvision.nl\\\/de\\\/\",\"logo\":{\"@type\":\"ImageObject\",\"inLanguage\":\"de\",\"@id\":\"https:\\\/\\\/trendsandvision.nl\\\/de\\\/#\\\/schema\\\/logo\\\/image\\\/\",\"url\":\"https:\\\/\\\/trendsandvision.nl\\\/de\\\/wp-content\\\/uploads\\\/sites\\\/3\\\/2022\\\/04\\\/trends-and-vision-logo.jpg\",\"contentUrl\":\"https:\\\/\\\/trendsandvision.nl\\\/de\\\/wp-content\\\/uploads\\\/sites\\\/3\\\/2022\\\/04\\\/trends-and-vision-logo.jpg\",\"width\":213,\"height\":100,\"caption\":\"Trends &amp; Vision (DE)\"},\"image\":{\"@id\":\"https:\\\/\\\/trendsandvision.nl\\\/de\\\/#\\\/schema\\\/logo\\\/image\\\/\"}}]}<\/script>\n<!-- \/ Yoast SEO Premium plugin. -->","yoast_head_json":{"title":"Esschert Design Gu\u00dfeiserne Feuerschale niedrig S (FF209, 8714982097560) - Trends & Vision","description":"Esschert Design Gu\u00dfeiserne Feuerschale niedrig S: Gu\u00dfeiserne Feuerschale niedrig S","robots":{"index":"index","follow":"follow","max-snippet":"max-snippet:-1","max-image-preview":"max-image-preview:large","max-video-preview":"max-video-preview:-1"},"canonical":"https:\/\/trendsandvision.nl\/de\/product\/esschert-design-gusseiserne-feuerschale-niedrig-s\/","og_locale":"de_DE","og_type":"article","og_title":"Esschert Design Gu\u00dfeiserne Feuerschale niedrig S","og_description":"Esschert Design Gu\u00dfeiserne Feuerschale niedrig S: Gu\u00dfeiserne Feuerschale niedrig S","og_url":"https:\/\/trendsandvision.nl\/de\/product\/esschert-design-gusseiserne-feuerschale-niedrig-s\/","og_site_name":"Trends &amp; Vision (DE)","article_modified_time":"2026-04-22T13:00:46+00:00","og_image":[{"width":800,"height":800,"url":"https:\/\/trendsandvision.nl\/de\/wp-content\/uploads\/sites\/3\/2022\/04\/FF209_01.jpg","type":"image\/jpeg"}],"twitter_card":"summary_large_image","twitter_misc":{"Gesch\u00e4tzte Lesezeit":"1\u00a0Minute"},"schema":{"@context":"https:\/\/schema.org","@graph":[{"@type":"WebPage","@id":"https:\/\/trendsandvision.nl\/de\/product\/esschert-design-gusseiserne-feuerschale-niedrig-s\/","url":"https:\/\/trendsandvision.nl\/de\/product\/esschert-design-gusseiserne-feuerschale-niedrig-s\/","name":"Esschert Design Gu\u00dfeiserne Feuerschale niedrig S (FF209, 8714982097560) - Trends & Vision","isPartOf":{"@id":"https:\/\/trendsandvision.nl\/de\/#website"},"primaryImageOfPage":{"@id":"https:\/\/trendsandvision.nl\/de\/product\/esschert-design-gusseiserne-feuerschale-niedrig-s\/#primaryimage"},"image":{"@id":"https:\/\/trendsandvision.nl\/de\/product\/esschert-design-gusseiserne-feuerschale-niedrig-s\/#primaryimage"},"thumbnailUrl":"https:\/\/trendsandvision.nl\/de\/wp-content\/uploads\/sites\/3\/2022\/04\/FF209_01.jpg","datePublished":"2022-04-22T15:59:09+00:00","dateModified":"2026-04-22T13:00:46+00:00","description":"Esschert Design Gu\u00dfeiserne Feuerschale niedrig S: Gu\u00dfeiserne Feuerschale niedrig S","breadcrumb":{"@id":"https:\/\/trendsandvision.nl\/de\/product\/esschert-design-gusseiserne-feuerschale-niedrig-s\/#breadcrumb"},"inLanguage":"de","potentialAction":[{"@type":"ReadAction","target":["https:\/\/trendsandvision.nl\/de\/product\/esschert-design-gusseiserne-feuerschale-niedrig-s\/"]}]},{"@type":"ImageObject","inLanguage":"de","@id":"https:\/\/trendsandvision.nl\/de\/product\/esschert-design-gusseiserne-feuerschale-niedrig-s\/#primaryimage","url":"https:\/\/trendsandvision.nl\/de\/wp-content\/uploads\/sites\/3\/2022\/04\/FF209_01.jpg","contentUrl":"https:\/\/trendsandvision.nl\/de\/wp-content\/uploads\/sites\/3\/2022\/04\/FF209_01.jpg","width":800,"height":800,"caption":"Esschert Design Gu\u00dfeiserne Feuerschale niedrig S (FF209"},{"@type":"BreadcrumbList","@id":"https:\/\/trendsandvision.nl\/de\/product\/esschert-design-gusseiserne-feuerschale-niedrig-s\/#breadcrumb","itemListElement":[{"@type":"ListItem","position":1,"name":"Home","item":"https:\/\/trendsandvision.nl\/de\/"},{"@type":"ListItem","position":2,"name":"Gesch\u00e4ft","item":"https:\/\/trendsandvision.nl\/de\/geschaft\/"},{"@type":"ListItem","position":3,"name":"Esschert Design Gu\u00dfeiserne Feuerschale niedrig S"}]},{"@type":"WebSite","@id":"https:\/\/trendsandvision.nl\/de\/#website","url":"https:\/\/trendsandvision.nl\/de\/","name":"Trends &amp; Vision (DE)","description":"Der Webshop f\u00fcr Esschert Design Artikel","publisher":{"@id":"https:\/\/trendsandvision.nl\/de\/#organization"},"potentialAction":[{"@type":"SearchAction","target":{"@type":"EntryPoint","urlTemplate":"https:\/\/trendsandvision.nl\/de\/?s={search_term_string}"},"query-input":{"@type":"PropertyValueSpecification","valueRequired":true,"valueName":"search_term_string"}}],"inLanguage":"de"},{"@type":"Organization","@id":"https:\/\/trendsandvision.nl\/de\/#organization","name":"Trends &amp; Vision (DE)","url":"https:\/\/trendsandvision.nl\/de\/","logo":{"@type":"ImageObject","inLanguage":"de","@id":"https:\/\/trendsandvision.nl\/de\/#\/schema\/logo\/image\/","url":"https:\/\/trendsandvision.nl\/de\/wp-content\/uploads\/sites\/3\/2022\/04\/trends-and-vision-logo.jpg","contentUrl":"https:\/\/trendsandvision.nl\/de\/wp-content\/uploads\/sites\/3\/2022\/04\/trends-and-vision-logo.jpg","width":213,"height":100,"caption":"Trends &amp; Vision (DE)"},"image":{"@id":"https:\/\/trendsandvision.nl\/de\/#\/schema\/logo\/image\/"}}]}},"_links":{"self":[{"href":"https:\/\/trendsandvision.nl\/de\/wp-json\/wp\/v2\/product\/3640","targetHints":{"allow":["GET"]}}],"collection":[{"href":"https:\/\/trendsandvision.nl\/de\/wp-json\/wp\/v2\/product"}],"about":[{"href":"https:\/\/trendsandvision.nl\/de\/wp-json\/wp\/v2\/types\/product"}],"wp:featuredmedia":[{"embeddable":true,"href":"https:\/\/trendsandvision.nl\/de\/wp-json\/wp\/v2\/media\/3641"}],"wp:attachment":[{"href":"https:\/\/trendsandvision.nl\/de\/wp-json\/wp\/v2\/media?parent=3640"}],"wp:term":[{"taxonomy":"product_brand","embeddable":true,"href":"https:\/\/trendsandvision.nl\/de\/wp-json\/wp\/v2\/product_brand?post=3640"},{"taxonomy":"product_cat","embeddable":true,"href":"https:\/\/trendsandvision.nl\/de\/wp-json\/wp\/v2\/product_cat?post=3640"},{"taxonomy":"product_tag","embeddable":true,"href":"https:\/\/trendsandvision.nl\/de\/wp-json\/wp\/v2\/product_tag?post=3640"}],"curies":[{"name":"wp","href":"https:\/\/api.w.org\/{rel}","templated":true}]}}