{"id":3601,"date":"2022-04-22T17:58:36","date_gmt":"2022-04-22T15:58:36","guid":{"rendered":"https:\/\/trendsandvision.nl\/de\/product\/esschert-design-marshmallow-spiess\/"},"modified":"2026-04-07T10:28:41","modified_gmt":"2026-04-07T08:28:41","slug":"esschert-design-marshmallow-spiess","status":"publish","type":"product","link":"https:\/\/trendsandvision.nl\/de\/product\/esschert-design-marshmallow-spiess\/","title":{"rendered":"Esschert Design Marshmallow-Spie\u00df"},"content":{"rendered":"<p>Gem\u00fctlich rund ums Feuer sitzen und dabei leckere, gegrillte Marshmallows genie\u00dfen.<br \/>\nSpie\u00dfen Sie einen oder mehrere Marshmallows auf und halten Sie dann den Spie\u00df, der einen Holzgriff besitzt, \u00fcber das Feuer.<br \/>\nDank des langen Stiels eignet sich dieser Spie\u00df hervorragend f\u00fcr offene Feuer, da er einen sicheren Abstand zu den Flammen bietet.<br \/>\nAn dem Metallring am Ende des Holzgriffes l\u00e4sst sich der Marshmallowspie\u00df bis zu seinem n\u00e4chsten Einsatz aufh\u00e4ngen.<\/p>\n<p>&#8211; Aufh\u00e4ngering<br \/>\n&#8211; langer Stiel mit Holzgriff<br \/>\n&#8211; (siehe: <a title=\"you tube\" href=\"http:\/\/www.youtube.com\/watch?v=DVxFGo0JYBQ\" target=\"_blank\" rel=\"noopener\">you tube<\/a>)<\/p>\n<p>Artikelnummer: FF158<br \/>\nProduktgruppe(n) Feuer, drau\u00dfen grillen und kochen<br \/>\nProduktabmessungen in cm L 9,2 x T 2,2 x H 75,2<br \/>\nMaterial: Draht, EukalyptusHolz<br \/>\nNettogewicht 0,124 kg<br \/>\nBarcode 8714982086816<\/p>\n","protected":false},"excerpt":{"rendered":"<p>&#8211; Aufh\u00e4ngering<br \/>\n&#8211; langer Stiel mit Holzgriff<br \/>\n&#8211; Artikelnummer: FF158<br \/>\n&#8211; L 9,2 x T 2,2 x H 75,2 cm<br \/>\n&#8211; Material: Draht, EukalyptusHolz<br \/>\n&#8211; Nettogewicht 0,124 kg<br \/>\n&#8211; Barcode 8714982086816<br \/>\n&#8211; (siehe: <a title=\"you tube\" href=\"http:\/\/www.youtube.com\/watch?v=DVxFGo0JYBQ\" target=\"_blank\" rel=\"noopener\">you tube<\/a>)<\/p>\n","protected":false},"featured_media":3602,"template":"","meta":[],"product_brand":[9597,9598],"product_cat":[1124],"product_tag":[7315,7397,6969,7316,8137,8138],"class_list":{"0":"post-3601","1":"product","2":"type-product","3":"status-publish","4":"has-post-thumbnail","6":"product_brand-esschert-design","7":"product_brand-trends-and-vision","8":"product_cat-fancy-flames","9":"product_tag-bbq","10":"product_tag-feuerkoerbe","11":"product_tag-feuerschalen","12":"product_tag-grill","13":"product_tag-marshmallow","14":"product_tag-spiesse","15":"pa_anbieter-esschert-design","16":"pa_ean-code-2097","17":"pa_material-hout-metaal","18":"pa_messungen-9-2-x-2-2-x-75-cm-3-6-x-0-9-x-30-inch","20":"first","21":"instock","22":"sale","23":"taxable","24":"shipping-taxable","25":"purchasable","26":"product-type-simple","27":"czr-hentry"},"yoast_head":"<!-- This site is optimized with the Yoast SEO Premium plugin v26.4 (Yoast SEO v27.3) - https:\/\/yoast.com\/product\/yoast-seo-premium-wordpress\/ -->\n<title>Esschert Design Marshmallow-Spie\u00df (FF158, 8714982086816) - Trends &amp; Vision<\/title>\n<meta name=\"description\" content=\"Esschert Design Marshmallow-Spie\u00df: Marshmallow-Spie\u00df: 9.2 x 2.2 x 75 cm\" \/>\n<meta name=\"robots\" content=\"index, follow, max-snippet:-1, max-image-preview:large, max-video-preview:-1\" \/>\n<link rel=\"canonical\" href=\"https:\/\/trendsandvision.nl\/de\/product\/esschert-design-marshmallow-spiess\/\" \/>\n<meta property=\"og:locale\" content=\"de_DE\" \/>\n<meta property=\"og:type\" content=\"article\" \/>\n<meta property=\"og:title\" content=\"Esschert Design Marshmallow-Spie\u00df\" \/>\n<meta property=\"og:description\" content=\"Esschert Design Marshmallow-Spie\u00df: Marshmallow-Spie\u00df: 9.2 x 2.2 x 75 cm\" \/>\n<meta property=\"og:url\" content=\"https:\/\/trendsandvision.nl\/de\/product\/esschert-design-marshmallow-spiess\/\" \/>\n<meta property=\"og:site_name\" content=\"Trends &amp; Vision (DE)\" \/>\n<meta property=\"article:modified_time\" content=\"2026-04-07T08:28:41+00:00\" \/>\n<meta property=\"og:image\" content=\"https:\/\/trendsandvision.nl\/de\/wp-content\/uploads\/sites\/3\/2022\/04\/FF158_01.jpg\" \/>\n\t<meta property=\"og:image:width\" content=\"800\" \/>\n\t<meta property=\"og:image:height\" content=\"800\" \/>\n\t<meta property=\"og:image:type\" content=\"image\/jpeg\" \/>\n<meta name=\"twitter:card\" content=\"summary_large_image\" \/>\n<meta name=\"twitter:label1\" content=\"Gesch\u00e4tzte Lesezeit\" \/>\n\t<meta name=\"twitter:data1\" content=\"1\u00a0Minute\" \/>\n<script type=\"application\/ld+json\" class=\"yoast-schema-graph\">{\"@context\":\"https:\\\/\\\/schema.org\",\"@graph\":[{\"@type\":\"WebPage\",\"@id\":\"https:\\\/\\\/trendsandvision.nl\\\/de\\\/product\\\/esschert-design-marshmallow-spiess\\\/\",\"url\":\"https:\\\/\\\/trendsandvision.nl\\\/de\\\/product\\\/esschert-design-marshmallow-spiess\\\/\",\"name\":\"Esschert Design Marshmallow-Spie\u00df (FF158, 8714982086816) - Trends & Vision\",\"isPartOf\":{\"@id\":\"https:\\\/\\\/trendsandvision.nl\\\/de\\\/#website\"},\"primaryImageOfPage\":{\"@id\":\"https:\\\/\\\/trendsandvision.nl\\\/de\\\/product\\\/esschert-design-marshmallow-spiess\\\/#primaryimage\"},\"image\":{\"@id\":\"https:\\\/\\\/trendsandvision.nl\\\/de\\\/product\\\/esschert-design-marshmallow-spiess\\\/#primaryimage\"},\"thumbnailUrl\":\"https:\\\/\\\/trendsandvision.nl\\\/de\\\/wp-content\\\/uploads\\\/sites\\\/3\\\/2022\\\/04\\\/FF158_01.jpg\",\"datePublished\":\"2022-04-22T15:58:36+00:00\",\"dateModified\":\"2026-04-07T08:28:41+00:00\",\"description\":\"Esschert Design Marshmallow-Spie\u00df: Marshmallow-Spie\u00df: 9.2 x 2.2 x 75 cm\",\"breadcrumb\":{\"@id\":\"https:\\\/\\\/trendsandvision.nl\\\/de\\\/product\\\/esschert-design-marshmallow-spiess\\\/#breadcrumb\"},\"inLanguage\":\"de\",\"potentialAction\":[{\"@type\":\"ReadAction\",\"target\":[\"https:\\\/\\\/trendsandvision.nl\\\/de\\\/product\\\/esschert-design-marshmallow-spiess\\\/\"]}]},{\"@type\":\"ImageObject\",\"inLanguage\":\"de\",\"@id\":\"https:\\\/\\\/trendsandvision.nl\\\/de\\\/product\\\/esschert-design-marshmallow-spiess\\\/#primaryimage\",\"url\":\"https:\\\/\\\/trendsandvision.nl\\\/de\\\/wp-content\\\/uploads\\\/sites\\\/3\\\/2022\\\/04\\\/FF158_01.jpg\",\"contentUrl\":\"https:\\\/\\\/trendsandvision.nl\\\/de\\\/wp-content\\\/uploads\\\/sites\\\/3\\\/2022\\\/04\\\/FF158_01.jpg\",\"width\":800,\"height\":800,\"caption\":\"Esschert Design Marshmallow-Spie\u00df (FF158\"},{\"@type\":\"BreadcrumbList\",\"@id\":\"https:\\\/\\\/trendsandvision.nl\\\/de\\\/product\\\/esschert-design-marshmallow-spiess\\\/#breadcrumb\",\"itemListElement\":[{\"@type\":\"ListItem\",\"position\":1,\"name\":\"Home\",\"item\":\"https:\\\/\\\/trendsandvision.nl\\\/de\\\/\"},{\"@type\":\"ListItem\",\"position\":2,\"name\":\"Gesch\u00e4ft\",\"item\":\"https:\\\/\\\/trendsandvision.nl\\\/de\\\/geschaft\\\/\"},{\"@type\":\"ListItem\",\"position\":3,\"name\":\"Esschert Design Marshmallow-Spie\u00df\"}]},{\"@type\":\"WebSite\",\"@id\":\"https:\\\/\\\/trendsandvision.nl\\\/de\\\/#website\",\"url\":\"https:\\\/\\\/trendsandvision.nl\\\/de\\\/\",\"name\":\"Trends &amp; Vision (DE)\",\"description\":\"Der Webshop f\u00fcr Esschert Design Artikel\",\"publisher\":{\"@id\":\"https:\\\/\\\/trendsandvision.nl\\\/de\\\/#organization\"},\"potentialAction\":[{\"@type\":\"SearchAction\",\"target\":{\"@type\":\"EntryPoint\",\"urlTemplate\":\"https:\\\/\\\/trendsandvision.nl\\\/de\\\/?s={search_term_string}\"},\"query-input\":{\"@type\":\"PropertyValueSpecification\",\"valueRequired\":true,\"valueName\":\"search_term_string\"}}],\"inLanguage\":\"de\"},{\"@type\":\"Organization\",\"@id\":\"https:\\\/\\\/trendsandvision.nl\\\/de\\\/#organization\",\"name\":\"Trends &amp; Vision (DE)\",\"url\":\"https:\\\/\\\/trendsandvision.nl\\\/de\\\/\",\"logo\":{\"@type\":\"ImageObject\",\"inLanguage\":\"de\",\"@id\":\"https:\\\/\\\/trendsandvision.nl\\\/de\\\/#\\\/schema\\\/logo\\\/image\\\/\",\"url\":\"https:\\\/\\\/trendsandvision.nl\\\/de\\\/wp-content\\\/uploads\\\/sites\\\/3\\\/2022\\\/04\\\/trends-and-vision-logo.jpg\",\"contentUrl\":\"https:\\\/\\\/trendsandvision.nl\\\/de\\\/wp-content\\\/uploads\\\/sites\\\/3\\\/2022\\\/04\\\/trends-and-vision-logo.jpg\",\"width\":213,\"height\":100,\"caption\":\"Trends &amp; Vision (DE)\"},\"image\":{\"@id\":\"https:\\\/\\\/trendsandvision.nl\\\/de\\\/#\\\/schema\\\/logo\\\/image\\\/\"}}]}<\/script>\n<!-- \/ Yoast SEO Premium plugin. -->","yoast_head_json":{"title":"Esschert Design Marshmallow-Spie\u00df (FF158, 8714982086816) - Trends & Vision","description":"Esschert Design Marshmallow-Spie\u00df: Marshmallow-Spie\u00df: 9.2 x 2.2 x 75 cm","robots":{"index":"index","follow":"follow","max-snippet":"max-snippet:-1","max-image-preview":"max-image-preview:large","max-video-preview":"max-video-preview:-1"},"canonical":"https:\/\/trendsandvision.nl\/de\/product\/esschert-design-marshmallow-spiess\/","og_locale":"de_DE","og_type":"article","og_title":"Esschert Design Marshmallow-Spie\u00df","og_description":"Esschert Design Marshmallow-Spie\u00df: Marshmallow-Spie\u00df: 9.2 x 2.2 x 75 cm","og_url":"https:\/\/trendsandvision.nl\/de\/product\/esschert-design-marshmallow-spiess\/","og_site_name":"Trends &amp; Vision (DE)","article_modified_time":"2026-04-07T08:28:41+00:00","og_image":[{"width":800,"height":800,"url":"https:\/\/trendsandvision.nl\/de\/wp-content\/uploads\/sites\/3\/2022\/04\/FF158_01.jpg","type":"image\/jpeg"}],"twitter_card":"summary_large_image","twitter_misc":{"Gesch\u00e4tzte Lesezeit":"1\u00a0Minute"},"schema":{"@context":"https:\/\/schema.org","@graph":[{"@type":"WebPage","@id":"https:\/\/trendsandvision.nl\/de\/product\/esschert-design-marshmallow-spiess\/","url":"https:\/\/trendsandvision.nl\/de\/product\/esschert-design-marshmallow-spiess\/","name":"Esschert Design Marshmallow-Spie\u00df (FF158, 8714982086816) - Trends & Vision","isPartOf":{"@id":"https:\/\/trendsandvision.nl\/de\/#website"},"primaryImageOfPage":{"@id":"https:\/\/trendsandvision.nl\/de\/product\/esschert-design-marshmallow-spiess\/#primaryimage"},"image":{"@id":"https:\/\/trendsandvision.nl\/de\/product\/esschert-design-marshmallow-spiess\/#primaryimage"},"thumbnailUrl":"https:\/\/trendsandvision.nl\/de\/wp-content\/uploads\/sites\/3\/2022\/04\/FF158_01.jpg","datePublished":"2022-04-22T15:58:36+00:00","dateModified":"2026-04-07T08:28:41+00:00","description":"Esschert Design Marshmallow-Spie\u00df: Marshmallow-Spie\u00df: 9.2 x 2.2 x 75 cm","breadcrumb":{"@id":"https:\/\/trendsandvision.nl\/de\/product\/esschert-design-marshmallow-spiess\/#breadcrumb"},"inLanguage":"de","potentialAction":[{"@type":"ReadAction","target":["https:\/\/trendsandvision.nl\/de\/product\/esschert-design-marshmallow-spiess\/"]}]},{"@type":"ImageObject","inLanguage":"de","@id":"https:\/\/trendsandvision.nl\/de\/product\/esschert-design-marshmallow-spiess\/#primaryimage","url":"https:\/\/trendsandvision.nl\/de\/wp-content\/uploads\/sites\/3\/2022\/04\/FF158_01.jpg","contentUrl":"https:\/\/trendsandvision.nl\/de\/wp-content\/uploads\/sites\/3\/2022\/04\/FF158_01.jpg","width":800,"height":800,"caption":"Esschert Design Marshmallow-Spie\u00df (FF158"},{"@type":"BreadcrumbList","@id":"https:\/\/trendsandvision.nl\/de\/product\/esschert-design-marshmallow-spiess\/#breadcrumb","itemListElement":[{"@type":"ListItem","position":1,"name":"Home","item":"https:\/\/trendsandvision.nl\/de\/"},{"@type":"ListItem","position":2,"name":"Gesch\u00e4ft","item":"https:\/\/trendsandvision.nl\/de\/geschaft\/"},{"@type":"ListItem","position":3,"name":"Esschert Design Marshmallow-Spie\u00df"}]},{"@type":"WebSite","@id":"https:\/\/trendsandvision.nl\/de\/#website","url":"https:\/\/trendsandvision.nl\/de\/","name":"Trends &amp; Vision (DE)","description":"Der Webshop f\u00fcr Esschert Design Artikel","publisher":{"@id":"https:\/\/trendsandvision.nl\/de\/#organization"},"potentialAction":[{"@type":"SearchAction","target":{"@type":"EntryPoint","urlTemplate":"https:\/\/trendsandvision.nl\/de\/?s={search_term_string}"},"query-input":{"@type":"PropertyValueSpecification","valueRequired":true,"valueName":"search_term_string"}}],"inLanguage":"de"},{"@type":"Organization","@id":"https:\/\/trendsandvision.nl\/de\/#organization","name":"Trends &amp; Vision (DE)","url":"https:\/\/trendsandvision.nl\/de\/","logo":{"@type":"ImageObject","inLanguage":"de","@id":"https:\/\/trendsandvision.nl\/de\/#\/schema\/logo\/image\/","url":"https:\/\/trendsandvision.nl\/de\/wp-content\/uploads\/sites\/3\/2022\/04\/trends-and-vision-logo.jpg","contentUrl":"https:\/\/trendsandvision.nl\/de\/wp-content\/uploads\/sites\/3\/2022\/04\/trends-and-vision-logo.jpg","width":213,"height":100,"caption":"Trends &amp; Vision (DE)"},"image":{"@id":"https:\/\/trendsandvision.nl\/de\/#\/schema\/logo\/image\/"}}]}},"_links":{"self":[{"href":"https:\/\/trendsandvision.nl\/de\/wp-json\/wp\/v2\/product\/3601","targetHints":{"allow":["GET"]}}],"collection":[{"href":"https:\/\/trendsandvision.nl\/de\/wp-json\/wp\/v2\/product"}],"about":[{"href":"https:\/\/trendsandvision.nl\/de\/wp-json\/wp\/v2\/types\/product"}],"wp:featuredmedia":[{"embeddable":true,"href":"https:\/\/trendsandvision.nl\/de\/wp-json\/wp\/v2\/media\/3602"}],"wp:attachment":[{"href":"https:\/\/trendsandvision.nl\/de\/wp-json\/wp\/v2\/media?parent=3601"}],"wp:term":[{"taxonomy":"product_brand","embeddable":true,"href":"https:\/\/trendsandvision.nl\/de\/wp-json\/wp\/v2\/product_brand?post=3601"},{"taxonomy":"product_cat","embeddable":true,"href":"https:\/\/trendsandvision.nl\/de\/wp-json\/wp\/v2\/product_cat?post=3601"},{"taxonomy":"product_tag","embeddable":true,"href":"https:\/\/trendsandvision.nl\/de\/wp-json\/wp\/v2\/product_tag?post=3601"}],"curies":[{"name":"wp","href":"https:\/\/api.w.org\/{rel}","templated":true}]}}