{"id":3556,"date":"2022-04-22T17:57:07","date_gmt":"2022-04-22T15:57:07","guid":{"rendered":"https:\/\/trendsandvision.nl\/de\/product\/esschert-design-lange-streichhoelze\/"},"modified":"2026-04-22T15:00:32","modified_gmt":"2026-04-22T13:00:32","slug":"esschert-design-lange-streichhoelze","status":"publish","type":"product","link":"https:\/\/trendsandvision.nl\/de\/product\/esschert-design-lange-streichhoelze\/","title":{"rendered":"Esschert Design Lange Streichh\u00f6lze"},"content":{"rendered":"<p>Mit diesen langen Streichh\u00f6lze, k\u00f6nnen Sie leichtIhre Kamin, Terrassenstrahler Grill oder mehr Kerzen anz\u00fcnden<br \/>\nBereits seit dem 6. Jahrhundert werden h\u00f6lzerne St\u00e4bchen dazu benutzt um Licht und W\u00e4rme zu erzeugen.<br \/>\nDank der extra L\u00e4nge eignen sich diese Streichh\u00f6lzer vor allem zum entz\u00fcnden von Kaminfeuern, Kerzen und sonstigen offenen Feuern.<\/p>\n<p>&#8211; inklusive 10 Streichh\u00f6lzer<br \/>\n&#8211; verpackt in Full Colour Streichholzdose<\/p>\n<p>Artikelnummer: FF130<br \/>\nProduktgruppe(n) Feuer, Kaminzubeh\u00f6r, Anmachholz<br \/>\nProduktabmessungen in cm L 4,3 x T 1,6 x H 21,2<br \/>\nMaterial: Pappeln<br \/>\nNettogewicht 0,02 kg<br \/>\nBarcode 8714982070006<\/p>\n","protected":false},"excerpt":{"rendered":"<p>&#8211; inklusive 10 Streichh\u00f6lzer<br \/>\n&#8211; verpackt in Full Colour Streichholzdose<br \/>\n&#8211; Artikelnummer: FF130<br \/>\n&#8211; L 4,3 x T 1,6 x H 21,2 cm<br \/>\n&#8211; Material: Pappeln<br \/>\n&#8211; Nettogewicht 0,02 kg<br \/>\n&#8211; Barcode 8714982070006<\/p>\n","protected":false},"featured_media":3557,"template":"","meta":[],"product_brand":[9597,9598],"product_cat":[1124],"product_tag":[7397,6969,8093,9401,7470,9400,9402,8094],"class_list":{"0":"post-3556","1":"product","2":"type-product","3":"status-publish","4":"has-post-thumbnail","6":"product_brand-esschert-design","7":"product_brand-trends-and-vision","8":"product_cat-fancy-flames","9":"product_tag-feuerkoerbe","10":"product_tag-feuerschalen","11":"product_tag-feuertonne","12":"product_tag-krisenvorsorge","13":"product_tag-metall","14":"product_tag-notfallvorsorge","15":"product_tag-notpaket","16":"product_tag-streichhoelzern","17":"pa_anbieter-esschert-design","18":"pa_ean-code-2067","19":"pa_material-hout-zwavel","20":"pa_messungen-4-4-x-22-x-1-6-cm-1-7-x-8-5-x-0-6-inch","22":"first","23":"instock","24":"sale","25":"taxable","26":"shipping-taxable","27":"purchasable","28":"product-type-simple","29":"czr-hentry"},"yoast_head":"<!-- This site is optimized with the Yoast SEO Premium plugin v27.4 (Yoast SEO v27.4) - https:\/\/yoast.com\/product\/yoast-seo-premium-wordpress\/ -->\n<title>Esschert Design Lange Streichh\u00f6lze (FF130, 8714982070006) - Trends &amp; Vision<\/title>\n<meta name=\"description\" content=\"Esschert Design Lange Streichh\u00f6lze: Lange Streichh\u00f6lze: 4.4 x 22 x 1.6 cm\" \/>\n<meta name=\"robots\" content=\"index, follow, max-snippet:-1, max-image-preview:large, max-video-preview:-1\" \/>\n<link rel=\"canonical\" href=\"https:\/\/trendsandvision.nl\/de\/product\/esschert-design-lange-streichhoelze\/\" \/>\n<meta property=\"og:locale\" content=\"de_DE\" \/>\n<meta property=\"og:type\" content=\"article\" \/>\n<meta property=\"og:title\" content=\"Esschert Design Lange Streichh\u00f6lze\" \/>\n<meta property=\"og:description\" content=\"Esschert Design Lange Streichh\u00f6lze: Lange Streichh\u00f6lze: 4.4 x 22 x 1.6 cm\" \/>\n<meta property=\"og:url\" content=\"https:\/\/trendsandvision.nl\/de\/product\/esschert-design-lange-streichhoelze\/\" \/>\n<meta property=\"og:site_name\" content=\"Trends &amp; Vision (DE)\" \/>\n<meta property=\"article:modified_time\" content=\"2026-04-22T13:00:32+00:00\" \/>\n<meta property=\"og:image\" content=\"https:\/\/trendsandvision.nl\/de\/wp-content\/uploads\/sites\/3\/2022\/04\/FF130_01.jpg\" \/>\n\t<meta property=\"og:image:width\" content=\"800\" \/>\n\t<meta property=\"og:image:height\" content=\"800\" \/>\n\t<meta property=\"og:image:type\" content=\"image\/jpeg\" \/>\n<meta name=\"twitter:card\" content=\"summary_large_image\" \/>\n<meta name=\"twitter:label1\" content=\"Gesch\u00e4tzte Lesezeit\" \/>\n\t<meta name=\"twitter:data1\" content=\"1\u00a0Minute\" \/>\n<script type=\"application\/ld+json\" class=\"yoast-schema-graph\">{\"@context\":\"https:\\\/\\\/schema.org\",\"@graph\":[{\"@type\":\"WebPage\",\"@id\":\"https:\\\/\\\/trendsandvision.nl\\\/de\\\/product\\\/esschert-design-lange-streichhoelze\\\/\",\"url\":\"https:\\\/\\\/trendsandvision.nl\\\/de\\\/product\\\/esschert-design-lange-streichhoelze\\\/\",\"name\":\"Esschert Design Lange Streichh\u00f6lze (FF130, 8714982070006) - Trends & Vision\",\"isPartOf\":{\"@id\":\"https:\\\/\\\/trendsandvision.nl\\\/de\\\/#website\"},\"primaryImageOfPage\":{\"@id\":\"https:\\\/\\\/trendsandvision.nl\\\/de\\\/product\\\/esschert-design-lange-streichhoelze\\\/#primaryimage\"},\"image\":{\"@id\":\"https:\\\/\\\/trendsandvision.nl\\\/de\\\/product\\\/esschert-design-lange-streichhoelze\\\/#primaryimage\"},\"thumbnailUrl\":\"https:\\\/\\\/trendsandvision.nl\\\/de\\\/wp-content\\\/uploads\\\/sites\\\/3\\\/2022\\\/04\\\/FF130_01.jpg\",\"datePublished\":\"2022-04-22T15:57:07+00:00\",\"dateModified\":\"2026-04-22T13:00:32+00:00\",\"description\":\"Esschert Design Lange Streichh\u00f6lze: Lange Streichh\u00f6lze: 4.4 x 22 x 1.6 cm\",\"breadcrumb\":{\"@id\":\"https:\\\/\\\/trendsandvision.nl\\\/de\\\/product\\\/esschert-design-lange-streichhoelze\\\/#breadcrumb\"},\"inLanguage\":\"de\",\"potentialAction\":[{\"@type\":\"ReadAction\",\"target\":[\"https:\\\/\\\/trendsandvision.nl\\\/de\\\/product\\\/esschert-design-lange-streichhoelze\\\/\"]}]},{\"@type\":\"ImageObject\",\"inLanguage\":\"de\",\"@id\":\"https:\\\/\\\/trendsandvision.nl\\\/de\\\/product\\\/esschert-design-lange-streichhoelze\\\/#primaryimage\",\"url\":\"https:\\\/\\\/trendsandvision.nl\\\/de\\\/wp-content\\\/uploads\\\/sites\\\/3\\\/2022\\\/04\\\/FF130_01.jpg\",\"contentUrl\":\"https:\\\/\\\/trendsandvision.nl\\\/de\\\/wp-content\\\/uploads\\\/sites\\\/3\\\/2022\\\/04\\\/FF130_01.jpg\",\"width\":800,\"height\":800,\"caption\":\"Esschert Design Lange Streichh\u00f6lze (FF130\"},{\"@type\":\"BreadcrumbList\",\"@id\":\"https:\\\/\\\/trendsandvision.nl\\\/de\\\/product\\\/esschert-design-lange-streichhoelze\\\/#breadcrumb\",\"itemListElement\":[{\"@type\":\"ListItem\",\"position\":1,\"name\":\"Home\",\"item\":\"https:\\\/\\\/trendsandvision.nl\\\/de\\\/\"},{\"@type\":\"ListItem\",\"position\":2,\"name\":\"Gesch\u00e4ft\",\"item\":\"https:\\\/\\\/trendsandvision.nl\\\/de\\\/geschaft\\\/\"},{\"@type\":\"ListItem\",\"position\":3,\"name\":\"Esschert Design Lange Streichh\u00f6lze\"}]},{\"@type\":\"WebSite\",\"@id\":\"https:\\\/\\\/trendsandvision.nl\\\/de\\\/#website\",\"url\":\"https:\\\/\\\/trendsandvision.nl\\\/de\\\/\",\"name\":\"Trends &amp; Vision (DE)\",\"description\":\"Der Webshop f\u00fcr Esschert Design Artikel\",\"publisher\":{\"@id\":\"https:\\\/\\\/trendsandvision.nl\\\/de\\\/#organization\"},\"potentialAction\":[{\"@type\":\"SearchAction\",\"target\":{\"@type\":\"EntryPoint\",\"urlTemplate\":\"https:\\\/\\\/trendsandvision.nl\\\/de\\\/?s={search_term_string}\"},\"query-input\":{\"@type\":\"PropertyValueSpecification\",\"valueRequired\":true,\"valueName\":\"search_term_string\"}}],\"inLanguage\":\"de\"},{\"@type\":\"Organization\",\"@id\":\"https:\\\/\\\/trendsandvision.nl\\\/de\\\/#organization\",\"name\":\"Trends &amp; Vision (DE)\",\"url\":\"https:\\\/\\\/trendsandvision.nl\\\/de\\\/\",\"logo\":{\"@type\":\"ImageObject\",\"inLanguage\":\"de\",\"@id\":\"https:\\\/\\\/trendsandvision.nl\\\/de\\\/#\\\/schema\\\/logo\\\/image\\\/\",\"url\":\"https:\\\/\\\/trendsandvision.nl\\\/de\\\/wp-content\\\/uploads\\\/sites\\\/3\\\/2022\\\/04\\\/trends-and-vision-logo.jpg\",\"contentUrl\":\"https:\\\/\\\/trendsandvision.nl\\\/de\\\/wp-content\\\/uploads\\\/sites\\\/3\\\/2022\\\/04\\\/trends-and-vision-logo.jpg\",\"width\":213,\"height\":100,\"caption\":\"Trends &amp; Vision (DE)\"},\"image\":{\"@id\":\"https:\\\/\\\/trendsandvision.nl\\\/de\\\/#\\\/schema\\\/logo\\\/image\\\/\"}}]}<\/script>\n<!-- \/ Yoast SEO Premium plugin. -->","yoast_head_json":{"title":"Esschert Design Lange Streichh\u00f6lze (FF130, 8714982070006) - Trends & Vision","description":"Esschert Design Lange Streichh\u00f6lze: Lange Streichh\u00f6lze: 4.4 x 22 x 1.6 cm","robots":{"index":"index","follow":"follow","max-snippet":"max-snippet:-1","max-image-preview":"max-image-preview:large","max-video-preview":"max-video-preview:-1"},"canonical":"https:\/\/trendsandvision.nl\/de\/product\/esschert-design-lange-streichhoelze\/","og_locale":"de_DE","og_type":"article","og_title":"Esschert Design Lange Streichh\u00f6lze","og_description":"Esschert Design Lange Streichh\u00f6lze: Lange Streichh\u00f6lze: 4.4 x 22 x 1.6 cm","og_url":"https:\/\/trendsandvision.nl\/de\/product\/esschert-design-lange-streichhoelze\/","og_site_name":"Trends &amp; Vision (DE)","article_modified_time":"2026-04-22T13:00:32+00:00","og_image":[{"width":800,"height":800,"url":"https:\/\/trendsandvision.nl\/de\/wp-content\/uploads\/sites\/3\/2022\/04\/FF130_01.jpg","type":"image\/jpeg"}],"twitter_card":"summary_large_image","twitter_misc":{"Gesch\u00e4tzte Lesezeit":"1\u00a0Minute"},"schema":{"@context":"https:\/\/schema.org","@graph":[{"@type":"WebPage","@id":"https:\/\/trendsandvision.nl\/de\/product\/esschert-design-lange-streichhoelze\/","url":"https:\/\/trendsandvision.nl\/de\/product\/esschert-design-lange-streichhoelze\/","name":"Esschert Design Lange Streichh\u00f6lze (FF130, 8714982070006) - Trends & Vision","isPartOf":{"@id":"https:\/\/trendsandvision.nl\/de\/#website"},"primaryImageOfPage":{"@id":"https:\/\/trendsandvision.nl\/de\/product\/esschert-design-lange-streichhoelze\/#primaryimage"},"image":{"@id":"https:\/\/trendsandvision.nl\/de\/product\/esschert-design-lange-streichhoelze\/#primaryimage"},"thumbnailUrl":"https:\/\/trendsandvision.nl\/de\/wp-content\/uploads\/sites\/3\/2022\/04\/FF130_01.jpg","datePublished":"2022-04-22T15:57:07+00:00","dateModified":"2026-04-22T13:00:32+00:00","description":"Esschert Design Lange Streichh\u00f6lze: Lange Streichh\u00f6lze: 4.4 x 22 x 1.6 cm","breadcrumb":{"@id":"https:\/\/trendsandvision.nl\/de\/product\/esschert-design-lange-streichhoelze\/#breadcrumb"},"inLanguage":"de","potentialAction":[{"@type":"ReadAction","target":["https:\/\/trendsandvision.nl\/de\/product\/esschert-design-lange-streichhoelze\/"]}]},{"@type":"ImageObject","inLanguage":"de","@id":"https:\/\/trendsandvision.nl\/de\/product\/esschert-design-lange-streichhoelze\/#primaryimage","url":"https:\/\/trendsandvision.nl\/de\/wp-content\/uploads\/sites\/3\/2022\/04\/FF130_01.jpg","contentUrl":"https:\/\/trendsandvision.nl\/de\/wp-content\/uploads\/sites\/3\/2022\/04\/FF130_01.jpg","width":800,"height":800,"caption":"Esschert Design Lange Streichh\u00f6lze (FF130"},{"@type":"BreadcrumbList","@id":"https:\/\/trendsandvision.nl\/de\/product\/esschert-design-lange-streichhoelze\/#breadcrumb","itemListElement":[{"@type":"ListItem","position":1,"name":"Home","item":"https:\/\/trendsandvision.nl\/de\/"},{"@type":"ListItem","position":2,"name":"Gesch\u00e4ft","item":"https:\/\/trendsandvision.nl\/de\/geschaft\/"},{"@type":"ListItem","position":3,"name":"Esschert Design Lange Streichh\u00f6lze"}]},{"@type":"WebSite","@id":"https:\/\/trendsandvision.nl\/de\/#website","url":"https:\/\/trendsandvision.nl\/de\/","name":"Trends &amp; Vision (DE)","description":"Der Webshop f\u00fcr Esschert Design Artikel","publisher":{"@id":"https:\/\/trendsandvision.nl\/de\/#organization"},"potentialAction":[{"@type":"SearchAction","target":{"@type":"EntryPoint","urlTemplate":"https:\/\/trendsandvision.nl\/de\/?s={search_term_string}"},"query-input":{"@type":"PropertyValueSpecification","valueRequired":true,"valueName":"search_term_string"}}],"inLanguage":"de"},{"@type":"Organization","@id":"https:\/\/trendsandvision.nl\/de\/#organization","name":"Trends &amp; Vision (DE)","url":"https:\/\/trendsandvision.nl\/de\/","logo":{"@type":"ImageObject","inLanguage":"de","@id":"https:\/\/trendsandvision.nl\/de\/#\/schema\/logo\/image\/","url":"https:\/\/trendsandvision.nl\/de\/wp-content\/uploads\/sites\/3\/2022\/04\/trends-and-vision-logo.jpg","contentUrl":"https:\/\/trendsandvision.nl\/de\/wp-content\/uploads\/sites\/3\/2022\/04\/trends-and-vision-logo.jpg","width":213,"height":100,"caption":"Trends &amp; Vision (DE)"},"image":{"@id":"https:\/\/trendsandvision.nl\/de\/#\/schema\/logo\/image\/"}}]}},"_links":{"self":[{"href":"https:\/\/trendsandvision.nl\/de\/wp-json\/wp\/v2\/product\/3556","targetHints":{"allow":["GET"]}}],"collection":[{"href":"https:\/\/trendsandvision.nl\/de\/wp-json\/wp\/v2\/product"}],"about":[{"href":"https:\/\/trendsandvision.nl\/de\/wp-json\/wp\/v2\/types\/product"}],"wp:featuredmedia":[{"embeddable":true,"href":"https:\/\/trendsandvision.nl\/de\/wp-json\/wp\/v2\/media\/3557"}],"wp:attachment":[{"href":"https:\/\/trendsandvision.nl\/de\/wp-json\/wp\/v2\/media?parent=3556"}],"wp:term":[{"taxonomy":"product_brand","embeddable":true,"href":"https:\/\/trendsandvision.nl\/de\/wp-json\/wp\/v2\/product_brand?post=3556"},{"taxonomy":"product_cat","embeddable":true,"href":"https:\/\/trendsandvision.nl\/de\/wp-json\/wp\/v2\/product_cat?post=3556"},{"taxonomy":"product_tag","embeddable":true,"href":"https:\/\/trendsandvision.nl\/de\/wp-json\/wp\/v2\/product_tag?post=3556"}],"curies":[{"name":"wp","href":"https:\/\/api.w.org\/{rel}","templated":true}]}}