{"id":3522,"date":"2022-04-22T17:56:01","date_gmt":"2022-04-22T15:56:01","guid":{"rendered":"https:\/\/trendsandvision.nl\/de\/product\/esschert-design-terrassenofen-mit-gitter-rundum-28kg-120cm\/"},"modified":"2026-04-22T15:00:25","modified_gmt":"2026-04-22T13:00:25","slug":"esschert-design-terrassenofen-mit-gitter-rundum-28kg-120cm","status":"publish","type":"product","link":"https:\/\/trendsandvision.nl\/de\/product\/esschert-design-terrassenofen-mit-gitter-rundum-28kg-120cm\/","title":{"rendered":"Esschert Design Terrassenofen mit Gitter rundum 120 cm"},"content":{"rendered":"<p>Herrlich lange drau\u00dfen sitzen und genie\u00dfen mit diesem Terrassenofen, der sowohl W\u00e4rme als auch Atmosph\u00e4re in den Garten oder auf die Terrasse bringt.<br \/>\nDieser hochwertige Hochleistungsofen hat ein schlichtes Design und eignet sich f\u00fcr jeden Garten.<br \/>\nDank der drei festen Beine steht der Terrassenkamin auch fest auf dem Boden.<br \/>\nDie offene Maschendrahtstruktur des Ofenbauches sorgt daf\u00fcr, dass das Feuer von allen Seiten angeschaut werden kann und die W\u00e4rme sich \u00fcberall ausbreiten kann.<br \/>\nZudem verhindert das Maschendrahtgewebe, dass Holzst\u00fccke herausfallen.<br \/>\nBei Verwendung rostet der Artikel unter dem Einfluss von Feuer, Wetter und Zeit und erlangt mit der Zeit eine sch\u00f6ne Patina.<\/p>\n<p>&#8211; schwere Qualit\u00e4t<br \/>\n&#8211; offene Netzstruktur mit T\u00fcr<br \/>\n&#8211; zeitloses Design einfach zu montieren<br \/>\n&#8211; verpackt in braunem Karton mit mehrfarbigem Aufkleber<\/p>\n<p>Artikelnummer: FF108<br \/>\nProduktgruppe(n) Feuer, Garten- und Terrassenofen<br \/>\nProduktabmessungen in cm \u00f8 L 40,4 x T 41,1 x H 121,3<br \/>\nMaterial: Gusseisen<br \/>\nNettogewicht 31,42 kg<br \/>\nBarcode 8714982055904<\/p>\n<p>Sehr geehrter Kunde, die Versandkosten f\u00fcr diesen Artikel sind h\u00f6her als das (Versand)Angebot im Shop angebt.<br \/>\nF\u00fcr die sichere Lieferung dieses Artikels sind die tats\u00e4chlichen Versandkosten vielleicht h\u00f6her.<br \/>\nNach der Bestellung erhalten Sie ein E-Mail mit IDEAL \u201eLink\u201c wohin die m\u00f6gliche Mehrkosten sind berechnet.<\/p>\n","protected":false},"excerpt":{"rendered":"<p>&#8211; Artikelnummer: FF108<br \/>\n&#8211; schwere Qualit\u00e4t<br \/>\n&#8211; offene Netzstruktur mit T\u00fcr<br \/>\n&#8211; zeitloses Design einfach zu montieren<br \/>\n&#8211; verpackt in braunem Karton mit mehrfarbigem Aufkleber<br \/>\n&#8211; \u00f8 L 40,4 x T 41,1 x H 121,3 cm<br \/>\n&#8211; Material: Gusseisen<br \/>\n&#8211; Nettogewicht 31,42 kg<br \/>\n&#8211; Barcode 8714982055904<\/p>\n","protected":false},"featured_media":3523,"template":"","meta":[],"product_brand":[9597,9598],"product_cat":[1124],"product_tag":[9396,8155,6790,8023,8149],"class_list":{"0":"post-3522","1":"product","2":"type-product","3":"status-publish","4":"has-post-thumbnail","6":"product_brand-esschert-design","7":"product_brand-trends-and-vision","8":"product_cat-fancy-flames","9":"product_tag-buffadou-blasrohr-ff112","10":"product_tag-gitter","11":"product_tag-gusseisen","12":"product_tag-ofen","13":"product_tag-terrassen","14":"pa_anbieter-esschert-design","15":"pa_ean-code-2046","16":"pa_material-gusseisen","17":"pa_messungen-o-43x120-cm","19":"first","20":"instock","21":"sale","22":"taxable","23":"shipping-taxable","24":"purchasable","25":"product-type-simple","26":"czr-hentry"},"yoast_head":"<!-- This site is optimized with the Yoast SEO Premium plugin v27.4 (Yoast SEO v27.4) - https:\/\/yoast.com\/product\/yoast-seo-premium-wordpress\/ -->\n<title>Esschert Design Terrassenofen mit Gitter rundum 28kg 120cm (FF108, 8714982055904) - Trends &amp; Vision<\/title>\n<meta name=\"description\" content=\"Esschert Design Terrassenofen mit Gitter rundum 28kg 120cm: Terrassenofen mit Gitter rundum 28kg 120cm\" \/>\n<meta name=\"robots\" content=\"index, follow, max-snippet:-1, max-image-preview:large, max-video-preview:-1\" \/>\n<link rel=\"canonical\" href=\"https:\/\/trendsandvision.nl\/de\/product\/esschert-design-terrassenofen-mit-gitter-rundum-28kg-120cm\/\" \/>\n<meta property=\"og:locale\" content=\"de_DE\" \/>\n<meta property=\"og:type\" content=\"article\" \/>\n<meta property=\"og:title\" content=\"Esschert Design Terrassenofen mit Gitter rundum 120 cm\" \/>\n<meta property=\"og:description\" content=\"Esschert Design Terrassenofen mit Gitter rundum 28kg 120cm: Terrassenofen mit Gitter rundum 28kg 120cm\" \/>\n<meta property=\"og:url\" content=\"https:\/\/trendsandvision.nl\/de\/product\/esschert-design-terrassenofen-mit-gitter-rundum-28kg-120cm\/\" \/>\n<meta property=\"og:site_name\" content=\"Trends &amp; Vision (DE)\" \/>\n<meta property=\"article:modified_time\" content=\"2026-04-22T13:00:25+00:00\" \/>\n<meta property=\"og:image\" content=\"https:\/\/trendsandvision.nl\/de\/wp-content\/uploads\/sites\/3\/2022\/04\/FF108_01.jpg\" \/>\n\t<meta property=\"og:image:width\" content=\"800\" \/>\n\t<meta property=\"og:image:height\" content=\"800\" \/>\n\t<meta property=\"og:image:type\" content=\"image\/jpeg\" \/>\n<meta name=\"twitter:card\" content=\"summary_large_image\" \/>\n<meta name=\"twitter:label1\" content=\"Gesch\u00e4tzte Lesezeit\" \/>\n\t<meta name=\"twitter:data1\" content=\"2\u00a0Minuten\" \/>\n<script type=\"application\/ld+json\" class=\"yoast-schema-graph\">{\"@context\":\"https:\\\/\\\/schema.org\",\"@graph\":[{\"@type\":\"WebPage\",\"@id\":\"https:\\\/\\\/trendsandvision.nl\\\/de\\\/product\\\/esschert-design-terrassenofen-mit-gitter-rundum-28kg-120cm\\\/\",\"url\":\"https:\\\/\\\/trendsandvision.nl\\\/de\\\/product\\\/esschert-design-terrassenofen-mit-gitter-rundum-28kg-120cm\\\/\",\"name\":\"Esschert Design Terrassenofen mit Gitter rundum 28kg 120cm (FF108, 8714982055904) - Trends & Vision\",\"isPartOf\":{\"@id\":\"https:\\\/\\\/trendsandvision.nl\\\/de\\\/#website\"},\"primaryImageOfPage\":{\"@id\":\"https:\\\/\\\/trendsandvision.nl\\\/de\\\/product\\\/esschert-design-terrassenofen-mit-gitter-rundum-28kg-120cm\\\/#primaryimage\"},\"image\":{\"@id\":\"https:\\\/\\\/trendsandvision.nl\\\/de\\\/product\\\/esschert-design-terrassenofen-mit-gitter-rundum-28kg-120cm\\\/#primaryimage\"},\"thumbnailUrl\":\"https:\\\/\\\/trendsandvision.nl\\\/de\\\/wp-content\\\/uploads\\\/sites\\\/3\\\/2022\\\/04\\\/FF108_01.jpg\",\"datePublished\":\"2022-04-22T15:56:01+00:00\",\"dateModified\":\"2026-04-22T13:00:25+00:00\",\"description\":\"Esschert Design Terrassenofen mit Gitter rundum 28kg 120cm: Terrassenofen mit Gitter rundum 28kg 120cm\",\"breadcrumb\":{\"@id\":\"https:\\\/\\\/trendsandvision.nl\\\/de\\\/product\\\/esschert-design-terrassenofen-mit-gitter-rundum-28kg-120cm\\\/#breadcrumb\"},\"inLanguage\":\"de\",\"potentialAction\":[{\"@type\":\"ReadAction\",\"target\":[\"https:\\\/\\\/trendsandvision.nl\\\/de\\\/product\\\/esschert-design-terrassenofen-mit-gitter-rundum-28kg-120cm\\\/\"]}]},{\"@type\":\"ImageObject\",\"inLanguage\":\"de\",\"@id\":\"https:\\\/\\\/trendsandvision.nl\\\/de\\\/product\\\/esschert-design-terrassenofen-mit-gitter-rundum-28kg-120cm\\\/#primaryimage\",\"url\":\"https:\\\/\\\/trendsandvision.nl\\\/de\\\/wp-content\\\/uploads\\\/sites\\\/3\\\/2022\\\/04\\\/FF108_01.jpg\",\"contentUrl\":\"https:\\\/\\\/trendsandvision.nl\\\/de\\\/wp-content\\\/uploads\\\/sites\\\/3\\\/2022\\\/04\\\/FF108_01.jpg\",\"width\":800,\"height\":800,\"caption\":\"Esschert Design Terrassenofen mit Gitter rundum 28kg 120cm (FF108\"},{\"@type\":\"BreadcrumbList\",\"@id\":\"https:\\\/\\\/trendsandvision.nl\\\/de\\\/product\\\/esschert-design-terrassenofen-mit-gitter-rundum-28kg-120cm\\\/#breadcrumb\",\"itemListElement\":[{\"@type\":\"ListItem\",\"position\":1,\"name\":\"Home\",\"item\":\"https:\\\/\\\/trendsandvision.nl\\\/de\\\/\"},{\"@type\":\"ListItem\",\"position\":2,\"name\":\"Gesch\u00e4ft\",\"item\":\"https:\\\/\\\/trendsandvision.nl\\\/de\\\/geschaft\\\/\"},{\"@type\":\"ListItem\",\"position\":3,\"name\":\"Esschert Design Terrassenofen mit Gitter rundum 120 cm\"}]},{\"@type\":\"WebSite\",\"@id\":\"https:\\\/\\\/trendsandvision.nl\\\/de\\\/#website\",\"url\":\"https:\\\/\\\/trendsandvision.nl\\\/de\\\/\",\"name\":\"Trends &amp; Vision (DE)\",\"description\":\"Der Webshop f\u00fcr Esschert Design Artikel\",\"publisher\":{\"@id\":\"https:\\\/\\\/trendsandvision.nl\\\/de\\\/#organization\"},\"potentialAction\":[{\"@type\":\"SearchAction\",\"target\":{\"@type\":\"EntryPoint\",\"urlTemplate\":\"https:\\\/\\\/trendsandvision.nl\\\/de\\\/?s={search_term_string}\"},\"query-input\":{\"@type\":\"PropertyValueSpecification\",\"valueRequired\":true,\"valueName\":\"search_term_string\"}}],\"inLanguage\":\"de\"},{\"@type\":\"Organization\",\"@id\":\"https:\\\/\\\/trendsandvision.nl\\\/de\\\/#organization\",\"name\":\"Trends &amp; Vision (DE)\",\"url\":\"https:\\\/\\\/trendsandvision.nl\\\/de\\\/\",\"logo\":{\"@type\":\"ImageObject\",\"inLanguage\":\"de\",\"@id\":\"https:\\\/\\\/trendsandvision.nl\\\/de\\\/#\\\/schema\\\/logo\\\/image\\\/\",\"url\":\"https:\\\/\\\/trendsandvision.nl\\\/de\\\/wp-content\\\/uploads\\\/sites\\\/3\\\/2022\\\/04\\\/trends-and-vision-logo.jpg\",\"contentUrl\":\"https:\\\/\\\/trendsandvision.nl\\\/de\\\/wp-content\\\/uploads\\\/sites\\\/3\\\/2022\\\/04\\\/trends-and-vision-logo.jpg\",\"width\":213,\"height\":100,\"caption\":\"Trends &amp; Vision (DE)\"},\"image\":{\"@id\":\"https:\\\/\\\/trendsandvision.nl\\\/de\\\/#\\\/schema\\\/logo\\\/image\\\/\"}}]}<\/script>\n<!-- \/ Yoast SEO Premium plugin. -->","yoast_head_json":{"title":"Esschert Design Terrassenofen mit Gitter rundum 28kg 120cm (FF108, 8714982055904) - Trends & Vision","description":"Esschert Design Terrassenofen mit Gitter rundum 28kg 120cm: Terrassenofen mit Gitter rundum 28kg 120cm","robots":{"index":"index","follow":"follow","max-snippet":"max-snippet:-1","max-image-preview":"max-image-preview:large","max-video-preview":"max-video-preview:-1"},"canonical":"https:\/\/trendsandvision.nl\/de\/product\/esschert-design-terrassenofen-mit-gitter-rundum-28kg-120cm\/","og_locale":"de_DE","og_type":"article","og_title":"Esschert Design Terrassenofen mit Gitter rundum 120 cm","og_description":"Esschert Design Terrassenofen mit Gitter rundum 28kg 120cm: Terrassenofen mit Gitter rundum 28kg 120cm","og_url":"https:\/\/trendsandvision.nl\/de\/product\/esschert-design-terrassenofen-mit-gitter-rundum-28kg-120cm\/","og_site_name":"Trends &amp; Vision (DE)","article_modified_time":"2026-04-22T13:00:25+00:00","og_image":[{"width":800,"height":800,"url":"https:\/\/trendsandvision.nl\/de\/wp-content\/uploads\/sites\/3\/2022\/04\/FF108_01.jpg","type":"image\/jpeg"}],"twitter_card":"summary_large_image","twitter_misc":{"Gesch\u00e4tzte Lesezeit":"2\u00a0Minuten"},"schema":{"@context":"https:\/\/schema.org","@graph":[{"@type":"WebPage","@id":"https:\/\/trendsandvision.nl\/de\/product\/esschert-design-terrassenofen-mit-gitter-rundum-28kg-120cm\/","url":"https:\/\/trendsandvision.nl\/de\/product\/esschert-design-terrassenofen-mit-gitter-rundum-28kg-120cm\/","name":"Esschert Design Terrassenofen mit Gitter rundum 28kg 120cm (FF108, 8714982055904) - Trends & Vision","isPartOf":{"@id":"https:\/\/trendsandvision.nl\/de\/#website"},"primaryImageOfPage":{"@id":"https:\/\/trendsandvision.nl\/de\/product\/esschert-design-terrassenofen-mit-gitter-rundum-28kg-120cm\/#primaryimage"},"image":{"@id":"https:\/\/trendsandvision.nl\/de\/product\/esschert-design-terrassenofen-mit-gitter-rundum-28kg-120cm\/#primaryimage"},"thumbnailUrl":"https:\/\/trendsandvision.nl\/de\/wp-content\/uploads\/sites\/3\/2022\/04\/FF108_01.jpg","datePublished":"2022-04-22T15:56:01+00:00","dateModified":"2026-04-22T13:00:25+00:00","description":"Esschert Design Terrassenofen mit Gitter rundum 28kg 120cm: Terrassenofen mit Gitter rundum 28kg 120cm","breadcrumb":{"@id":"https:\/\/trendsandvision.nl\/de\/product\/esschert-design-terrassenofen-mit-gitter-rundum-28kg-120cm\/#breadcrumb"},"inLanguage":"de","potentialAction":[{"@type":"ReadAction","target":["https:\/\/trendsandvision.nl\/de\/product\/esschert-design-terrassenofen-mit-gitter-rundum-28kg-120cm\/"]}]},{"@type":"ImageObject","inLanguage":"de","@id":"https:\/\/trendsandvision.nl\/de\/product\/esschert-design-terrassenofen-mit-gitter-rundum-28kg-120cm\/#primaryimage","url":"https:\/\/trendsandvision.nl\/de\/wp-content\/uploads\/sites\/3\/2022\/04\/FF108_01.jpg","contentUrl":"https:\/\/trendsandvision.nl\/de\/wp-content\/uploads\/sites\/3\/2022\/04\/FF108_01.jpg","width":800,"height":800,"caption":"Esschert Design Terrassenofen mit Gitter rundum 28kg 120cm (FF108"},{"@type":"BreadcrumbList","@id":"https:\/\/trendsandvision.nl\/de\/product\/esschert-design-terrassenofen-mit-gitter-rundum-28kg-120cm\/#breadcrumb","itemListElement":[{"@type":"ListItem","position":1,"name":"Home","item":"https:\/\/trendsandvision.nl\/de\/"},{"@type":"ListItem","position":2,"name":"Gesch\u00e4ft","item":"https:\/\/trendsandvision.nl\/de\/geschaft\/"},{"@type":"ListItem","position":3,"name":"Esschert Design Terrassenofen mit Gitter rundum 120 cm"}]},{"@type":"WebSite","@id":"https:\/\/trendsandvision.nl\/de\/#website","url":"https:\/\/trendsandvision.nl\/de\/","name":"Trends &amp; Vision (DE)","description":"Der Webshop f\u00fcr Esschert Design Artikel","publisher":{"@id":"https:\/\/trendsandvision.nl\/de\/#organization"},"potentialAction":[{"@type":"SearchAction","target":{"@type":"EntryPoint","urlTemplate":"https:\/\/trendsandvision.nl\/de\/?s={search_term_string}"},"query-input":{"@type":"PropertyValueSpecification","valueRequired":true,"valueName":"search_term_string"}}],"inLanguage":"de"},{"@type":"Organization","@id":"https:\/\/trendsandvision.nl\/de\/#organization","name":"Trends &amp; Vision (DE)","url":"https:\/\/trendsandvision.nl\/de\/","logo":{"@type":"ImageObject","inLanguage":"de","@id":"https:\/\/trendsandvision.nl\/de\/#\/schema\/logo\/image\/","url":"https:\/\/trendsandvision.nl\/de\/wp-content\/uploads\/sites\/3\/2022\/04\/trends-and-vision-logo.jpg","contentUrl":"https:\/\/trendsandvision.nl\/de\/wp-content\/uploads\/sites\/3\/2022\/04\/trends-and-vision-logo.jpg","width":213,"height":100,"caption":"Trends &amp; Vision (DE)"},"image":{"@id":"https:\/\/trendsandvision.nl\/de\/#\/schema\/logo\/image\/"}}]}},"_links":{"self":[{"href":"https:\/\/trendsandvision.nl\/de\/wp-json\/wp\/v2\/product\/3522","targetHints":{"allow":["GET"]}}],"collection":[{"href":"https:\/\/trendsandvision.nl\/de\/wp-json\/wp\/v2\/product"}],"about":[{"href":"https:\/\/trendsandvision.nl\/de\/wp-json\/wp\/v2\/types\/product"}],"wp:featuredmedia":[{"embeddable":true,"href":"https:\/\/trendsandvision.nl\/de\/wp-json\/wp\/v2\/media\/3523"}],"wp:attachment":[{"href":"https:\/\/trendsandvision.nl\/de\/wp-json\/wp\/v2\/media?parent=3522"}],"wp:term":[{"taxonomy":"product_brand","embeddable":true,"href":"https:\/\/trendsandvision.nl\/de\/wp-json\/wp\/v2\/product_brand?post=3522"},{"taxonomy":"product_cat","embeddable":true,"href":"https:\/\/trendsandvision.nl\/de\/wp-json\/wp\/v2\/product_cat?post=3522"},{"taxonomy":"product_tag","embeddable":true,"href":"https:\/\/trendsandvision.nl\/de\/wp-json\/wp\/v2\/product_tag?post=3522"}],"curies":[{"name":"wp","href":"https:\/\/api.w.org\/{rel}","templated":true}]}}