{"id":3406,"date":"2022-04-22T17:52:41","date_gmt":"2022-04-22T15:52:41","guid":{"rendered":"https:\/\/trendsandvision.nl\/de\/product\/esschert-design-getrocknete-mehlwuermer\/"},"modified":"2025-10-14T23:36:19","modified_gmt":"2025-10-14T21:36:19","slug":"esschert-design-getrocknete-mehlwuermer","status":"publish","type":"product","link":"https:\/\/trendsandvision.nl\/de\/product\/esschert-design-getrocknete-mehlwuermer\/","title":{"rendered":"Esschert Design Getrocknete Mehlw\u00fcrmer"},"content":{"rendered":"<p>Zus\u00e4tzliches Protein f\u00fcr Gartenv\u00f6gel. Die Vogelfutterversorgung wird immer knapper, was verschiedene Vogelarten seltener macht.<br \/>\nV\u00f6gel sind im Fr\u00fchjahr sehr besch\u00e4ftigt. Zuerst suchen sie einen Partner, dann Wohnraum, Eier legen und Jungen aufziehen. Im Sommer beginnt die Mauser und bekommen sie ein neues Federkleid. Im Herbst bereiten sie sich auf den Winter vor und im Winter brauchen V\u00f6gel mehr Fett, um sich warmzuhalten. In einer kalten Nacht k\u00f6nnen sie 10% ihres K\u00f6rpergewichts verlieren.<br \/>\nDiese Mehlw\u00fcrmer sind ein proteinreicher und gesunder Snack f\u00fcr V\u00f6gel und k\u00f6nnen das ganze Jahr \u00fcber verf\u00fcttert werden.<\/p>\n<p>Kohlmeisen, Blaumeisen, Stare, Haussperlinge, Nussknacker, Amseln, Zaunk\u00f6nige und Rotkehlchen lieben Mehlw\u00fcrmer.<\/p>\n<p>&#8211; proteinreich<br \/>\n&#8211; 4 Jahreszeiten<br \/>\n&#8211; recycelbare Kartonverpackung<br \/>\n&#8211; Fenster aus PLA | 100% biobasierter Kunststoff<br \/>\n&#8211; Verpackung mit praktischer Sch\u00fctte<\/p>\n<p>Artikelname: FB858<br \/>\nProduktgruppe(n) V\u00f6gel&amp;Gartentiere, Futter, Trockenfutter, Sonstiges<br \/>\nProduktabmessungen in cm L 12,7 x T 6,4 x H 20,4<br \/>\nVolumen in Litern 250 g<br \/>\nMaterial: Getrocknete Mehlw\u00fcrmer<br \/>\nNettogewicht 0,3 kg<br \/>\nBarcode 8714982182082<\/p>\n","protected":false},"excerpt":{"rendered":"<p>&#8211; Proteinreich<br \/>\n&#8211; 4 Jahreszeiten<br \/>\n&#8211; Recycelbare Kartonverpackung<br \/>\n&#8211; Fenster aus PLA | 100% biobasierter Kunststoff<br \/>\n&#8211; Verpackung mit praktischer Sch\u00fctte<br \/>\n&#8211; Artikelname: FB858<br \/>\n&#8211; L 12,7 x T 6,4 x H 20,4 cm<br \/>\n&#8211; Volumen in Litern 250 g<br \/>\n&#8211; Material: Getrocknete Mehlw\u00fcrmer<br \/>\n&#8211; Nettogewicht 0,3 kg<br \/>\n&#8211; Barcode 8714982182082<\/p>\n","protected":false},"featured_media":3407,"template":"","meta":[],"product_brand":[9597,9598],"product_cat":[1315],"product_tag":[8177,8179,6953,8159],"class_list":{"0":"post-3406","1":"product","2":"type-product","3":"status-publish","4":"has-post-thumbnail","6":"product_brand-esschert-design","7":"product_brand-trends-and-vision","8":"product_cat-best-for-birds","9":"product_tag-getrocknet","10":"product_tag-mehlwuermer","11":"product_tag-vogelfutter","12":"product_tag-zusaetzlich","13":"pa_anbieter-esschert-design","14":"pa_ean-code-1974","15":"pa_material-getrocknete-mehlwuermer","16":"pa_messungen-125x65x204-cm","18":"first","19":"instock","20":"sale","21":"taxable","22":"shipping-taxable","23":"purchasable","24":"product-type-simple","25":"czr-hentry"},"yoast_head":"<!-- This site is optimized with the Yoast SEO Premium plugin v26.4 (Yoast SEO v27.3) - https:\/\/yoast.com\/product\/yoast-seo-premium-wordpress\/ -->\n<title>Esschert Design Getrocknete Mehlw\u00fcrmer (FB858, 8714982182082) - Trends &amp; Vision<\/title>\n<meta name=\"description\" content=\"Esschert Design Getrocknete Mehlw\u00fcrmer: Zus\u00e4tzliches Protein f\u00fcr Gartenv\u00f6gel. Die Vogelfutterversorgung wird immer knapper, was verschiedene\" \/>\n<meta name=\"robots\" content=\"index, follow, max-snippet:-1, max-image-preview:large, max-video-preview:-1\" \/>\n<link rel=\"canonical\" href=\"https:\/\/trendsandvision.nl\/de\/product\/esschert-design-getrocknete-mehlwuermer\/\" \/>\n<meta property=\"og:locale\" content=\"de_DE\" \/>\n<meta property=\"og:type\" content=\"article\" \/>\n<meta property=\"og:title\" content=\"Esschert Design Getrocknete Mehlw\u00fcrmer\" \/>\n<meta property=\"og:description\" content=\"Esschert Design Getrocknete Mehlw\u00fcrmer: Zus\u00e4tzliches Protein f\u00fcr Gartenv\u00f6gel. Die Vogelfutterversorgung wird immer knapper, was verschiedene\" \/>\n<meta property=\"og:url\" content=\"https:\/\/trendsandvision.nl\/de\/product\/esschert-design-getrocknete-mehlwuermer\/\" \/>\n<meta property=\"og:site_name\" content=\"Trends &amp; Vision (DE)\" \/>\n<meta property=\"article:modified_time\" content=\"2025-10-14T21:36:19+00:00\" \/>\n<meta property=\"og:image\" content=\"https:\/\/trendsandvision.nl\/de\/wp-content\/uploads\/sites\/3\/2022\/04\/FB858_01.jpg\" \/>\n\t<meta property=\"og:image:width\" content=\"800\" \/>\n\t<meta property=\"og:image:height\" content=\"800\" \/>\n\t<meta property=\"og:image:type\" content=\"image\/jpeg\" \/>\n<meta name=\"twitter:card\" content=\"summary_large_image\" \/>\n<meta name=\"twitter:label1\" content=\"Gesch\u00e4tzte Lesezeit\" \/>\n\t<meta name=\"twitter:data1\" content=\"2\u00a0Minuten\" \/>\n<script type=\"application\/ld+json\" class=\"yoast-schema-graph\">{\"@context\":\"https:\\\/\\\/schema.org\",\"@graph\":[{\"@type\":\"WebPage\",\"@id\":\"https:\\\/\\\/trendsandvision.nl\\\/de\\\/product\\\/esschert-design-getrocknete-mehlwuermer\\\/\",\"url\":\"https:\\\/\\\/trendsandvision.nl\\\/de\\\/product\\\/esschert-design-getrocknete-mehlwuermer\\\/\",\"name\":\"Esschert Design Getrocknete Mehlw\u00fcrmer (FB858, 8714982182082) - Trends & Vision\",\"isPartOf\":{\"@id\":\"https:\\\/\\\/trendsandvision.nl\\\/de\\\/#website\"},\"primaryImageOfPage\":{\"@id\":\"https:\\\/\\\/trendsandvision.nl\\\/de\\\/product\\\/esschert-design-getrocknete-mehlwuermer\\\/#primaryimage\"},\"image\":{\"@id\":\"https:\\\/\\\/trendsandvision.nl\\\/de\\\/product\\\/esschert-design-getrocknete-mehlwuermer\\\/#primaryimage\"},\"thumbnailUrl\":\"https:\\\/\\\/trendsandvision.nl\\\/de\\\/wp-content\\\/uploads\\\/sites\\\/3\\\/2022\\\/04\\\/FB858_01.jpg\",\"datePublished\":\"2022-04-22T15:52:41+00:00\",\"dateModified\":\"2025-10-14T21:36:19+00:00\",\"description\":\"Esschert Design Getrocknete Mehlw\u00fcrmer: Zus\u00e4tzliches Protein f\u00fcr Gartenv\u00f6gel. Die Vogelfutterversorgung wird immer knapper, was verschiedene\",\"breadcrumb\":{\"@id\":\"https:\\\/\\\/trendsandvision.nl\\\/de\\\/product\\\/esschert-design-getrocknete-mehlwuermer\\\/#breadcrumb\"},\"inLanguage\":\"de\",\"potentialAction\":[{\"@type\":\"ReadAction\",\"target\":[\"https:\\\/\\\/trendsandvision.nl\\\/de\\\/product\\\/esschert-design-getrocknete-mehlwuermer\\\/\"]}]},{\"@type\":\"ImageObject\",\"inLanguage\":\"de\",\"@id\":\"https:\\\/\\\/trendsandvision.nl\\\/de\\\/product\\\/esschert-design-getrocknete-mehlwuermer\\\/#primaryimage\",\"url\":\"https:\\\/\\\/trendsandvision.nl\\\/de\\\/wp-content\\\/uploads\\\/sites\\\/3\\\/2022\\\/04\\\/FB858_01.jpg\",\"contentUrl\":\"https:\\\/\\\/trendsandvision.nl\\\/de\\\/wp-content\\\/uploads\\\/sites\\\/3\\\/2022\\\/04\\\/FB858_01.jpg\",\"width\":800,\"height\":800,\"caption\":\"Esschert Design Getrocknete Mehlw\u00fcrmer (FB858\"},{\"@type\":\"BreadcrumbList\",\"@id\":\"https:\\\/\\\/trendsandvision.nl\\\/de\\\/product\\\/esschert-design-getrocknete-mehlwuermer\\\/#breadcrumb\",\"itemListElement\":[{\"@type\":\"ListItem\",\"position\":1,\"name\":\"Home\",\"item\":\"https:\\\/\\\/trendsandvision.nl\\\/de\\\/\"},{\"@type\":\"ListItem\",\"position\":2,\"name\":\"Gesch\u00e4ft\",\"item\":\"https:\\\/\\\/trendsandvision.nl\\\/de\\\/geschaft\\\/\"},{\"@type\":\"ListItem\",\"position\":3,\"name\":\"Esschert Design Getrocknete Mehlw\u00fcrmer\"}]},{\"@type\":\"WebSite\",\"@id\":\"https:\\\/\\\/trendsandvision.nl\\\/de\\\/#website\",\"url\":\"https:\\\/\\\/trendsandvision.nl\\\/de\\\/\",\"name\":\"Trends &amp; Vision (DE)\",\"description\":\"Der Webshop f\u00fcr Esschert Design Artikel\",\"publisher\":{\"@id\":\"https:\\\/\\\/trendsandvision.nl\\\/de\\\/#organization\"},\"potentialAction\":[{\"@type\":\"SearchAction\",\"target\":{\"@type\":\"EntryPoint\",\"urlTemplate\":\"https:\\\/\\\/trendsandvision.nl\\\/de\\\/?s={search_term_string}\"},\"query-input\":{\"@type\":\"PropertyValueSpecification\",\"valueRequired\":true,\"valueName\":\"search_term_string\"}}],\"inLanguage\":\"de\"},{\"@type\":\"Organization\",\"@id\":\"https:\\\/\\\/trendsandvision.nl\\\/de\\\/#organization\",\"name\":\"Trends &amp; Vision (DE)\",\"url\":\"https:\\\/\\\/trendsandvision.nl\\\/de\\\/\",\"logo\":{\"@type\":\"ImageObject\",\"inLanguage\":\"de\",\"@id\":\"https:\\\/\\\/trendsandvision.nl\\\/de\\\/#\\\/schema\\\/logo\\\/image\\\/\",\"url\":\"https:\\\/\\\/trendsandvision.nl\\\/de\\\/wp-content\\\/uploads\\\/sites\\\/3\\\/2022\\\/04\\\/trends-and-vision-logo.jpg\",\"contentUrl\":\"https:\\\/\\\/trendsandvision.nl\\\/de\\\/wp-content\\\/uploads\\\/sites\\\/3\\\/2022\\\/04\\\/trends-and-vision-logo.jpg\",\"width\":213,\"height\":100,\"caption\":\"Trends &amp; Vision (DE)\"},\"image\":{\"@id\":\"https:\\\/\\\/trendsandvision.nl\\\/de\\\/#\\\/schema\\\/logo\\\/image\\\/\"}}]}<\/script>\n<!-- \/ Yoast SEO Premium plugin. -->","yoast_head_json":{"title":"Esschert Design Getrocknete Mehlw\u00fcrmer (FB858, 8714982182082) - Trends & Vision","description":"Esschert Design Getrocknete Mehlw\u00fcrmer: Zus\u00e4tzliches Protein f\u00fcr Gartenv\u00f6gel. Die Vogelfutterversorgung wird immer knapper, was verschiedene","robots":{"index":"index","follow":"follow","max-snippet":"max-snippet:-1","max-image-preview":"max-image-preview:large","max-video-preview":"max-video-preview:-1"},"canonical":"https:\/\/trendsandvision.nl\/de\/product\/esschert-design-getrocknete-mehlwuermer\/","og_locale":"de_DE","og_type":"article","og_title":"Esschert Design Getrocknete Mehlw\u00fcrmer","og_description":"Esschert Design Getrocknete Mehlw\u00fcrmer: Zus\u00e4tzliches Protein f\u00fcr Gartenv\u00f6gel. Die Vogelfutterversorgung wird immer knapper, was verschiedene","og_url":"https:\/\/trendsandvision.nl\/de\/product\/esschert-design-getrocknete-mehlwuermer\/","og_site_name":"Trends &amp; Vision (DE)","article_modified_time":"2025-10-14T21:36:19+00:00","og_image":[{"width":800,"height":800,"url":"https:\/\/trendsandvision.nl\/de\/wp-content\/uploads\/sites\/3\/2022\/04\/FB858_01.jpg","type":"image\/jpeg"}],"twitter_card":"summary_large_image","twitter_misc":{"Gesch\u00e4tzte Lesezeit":"2\u00a0Minuten"},"schema":{"@context":"https:\/\/schema.org","@graph":[{"@type":"WebPage","@id":"https:\/\/trendsandvision.nl\/de\/product\/esschert-design-getrocknete-mehlwuermer\/","url":"https:\/\/trendsandvision.nl\/de\/product\/esschert-design-getrocknete-mehlwuermer\/","name":"Esschert Design Getrocknete Mehlw\u00fcrmer (FB858, 8714982182082) - Trends & Vision","isPartOf":{"@id":"https:\/\/trendsandvision.nl\/de\/#website"},"primaryImageOfPage":{"@id":"https:\/\/trendsandvision.nl\/de\/product\/esschert-design-getrocknete-mehlwuermer\/#primaryimage"},"image":{"@id":"https:\/\/trendsandvision.nl\/de\/product\/esschert-design-getrocknete-mehlwuermer\/#primaryimage"},"thumbnailUrl":"https:\/\/trendsandvision.nl\/de\/wp-content\/uploads\/sites\/3\/2022\/04\/FB858_01.jpg","datePublished":"2022-04-22T15:52:41+00:00","dateModified":"2025-10-14T21:36:19+00:00","description":"Esschert Design Getrocknete Mehlw\u00fcrmer: Zus\u00e4tzliches Protein f\u00fcr Gartenv\u00f6gel. Die Vogelfutterversorgung wird immer knapper, was verschiedene","breadcrumb":{"@id":"https:\/\/trendsandvision.nl\/de\/product\/esschert-design-getrocknete-mehlwuermer\/#breadcrumb"},"inLanguage":"de","potentialAction":[{"@type":"ReadAction","target":["https:\/\/trendsandvision.nl\/de\/product\/esschert-design-getrocknete-mehlwuermer\/"]}]},{"@type":"ImageObject","inLanguage":"de","@id":"https:\/\/trendsandvision.nl\/de\/product\/esschert-design-getrocknete-mehlwuermer\/#primaryimage","url":"https:\/\/trendsandvision.nl\/de\/wp-content\/uploads\/sites\/3\/2022\/04\/FB858_01.jpg","contentUrl":"https:\/\/trendsandvision.nl\/de\/wp-content\/uploads\/sites\/3\/2022\/04\/FB858_01.jpg","width":800,"height":800,"caption":"Esschert Design Getrocknete Mehlw\u00fcrmer (FB858"},{"@type":"BreadcrumbList","@id":"https:\/\/trendsandvision.nl\/de\/product\/esschert-design-getrocknete-mehlwuermer\/#breadcrumb","itemListElement":[{"@type":"ListItem","position":1,"name":"Home","item":"https:\/\/trendsandvision.nl\/de\/"},{"@type":"ListItem","position":2,"name":"Gesch\u00e4ft","item":"https:\/\/trendsandvision.nl\/de\/geschaft\/"},{"@type":"ListItem","position":3,"name":"Esschert Design Getrocknete Mehlw\u00fcrmer"}]},{"@type":"WebSite","@id":"https:\/\/trendsandvision.nl\/de\/#website","url":"https:\/\/trendsandvision.nl\/de\/","name":"Trends &amp; Vision (DE)","description":"Der Webshop f\u00fcr Esschert Design Artikel","publisher":{"@id":"https:\/\/trendsandvision.nl\/de\/#organization"},"potentialAction":[{"@type":"SearchAction","target":{"@type":"EntryPoint","urlTemplate":"https:\/\/trendsandvision.nl\/de\/?s={search_term_string}"},"query-input":{"@type":"PropertyValueSpecification","valueRequired":true,"valueName":"search_term_string"}}],"inLanguage":"de"},{"@type":"Organization","@id":"https:\/\/trendsandvision.nl\/de\/#organization","name":"Trends &amp; Vision (DE)","url":"https:\/\/trendsandvision.nl\/de\/","logo":{"@type":"ImageObject","inLanguage":"de","@id":"https:\/\/trendsandvision.nl\/de\/#\/schema\/logo\/image\/","url":"https:\/\/trendsandvision.nl\/de\/wp-content\/uploads\/sites\/3\/2022\/04\/trends-and-vision-logo.jpg","contentUrl":"https:\/\/trendsandvision.nl\/de\/wp-content\/uploads\/sites\/3\/2022\/04\/trends-and-vision-logo.jpg","width":213,"height":100,"caption":"Trends &amp; Vision (DE)"},"image":{"@id":"https:\/\/trendsandvision.nl\/de\/#\/schema\/logo\/image\/"}}]}},"_links":{"self":[{"href":"https:\/\/trendsandvision.nl\/de\/wp-json\/wp\/v2\/product\/3406","targetHints":{"allow":["GET"]}}],"collection":[{"href":"https:\/\/trendsandvision.nl\/de\/wp-json\/wp\/v2\/product"}],"about":[{"href":"https:\/\/trendsandvision.nl\/de\/wp-json\/wp\/v2\/types\/product"}],"wp:featuredmedia":[{"embeddable":true,"href":"https:\/\/trendsandvision.nl\/de\/wp-json\/wp\/v2\/media\/3407"}],"wp:attachment":[{"href":"https:\/\/trendsandvision.nl\/de\/wp-json\/wp\/v2\/media?parent=3406"}],"wp:term":[{"taxonomy":"product_brand","embeddable":true,"href":"https:\/\/trendsandvision.nl\/de\/wp-json\/wp\/v2\/product_brand?post=3406"},{"taxonomy":"product_cat","embeddable":true,"href":"https:\/\/trendsandvision.nl\/de\/wp-json\/wp\/v2\/product_cat?post=3406"},{"taxonomy":"product_tag","embeddable":true,"href":"https:\/\/trendsandvision.nl\/de\/wp-json\/wp\/v2\/product_tag?post=3406"}],"curies":[{"name":"wp","href":"https:\/\/api.w.org\/{rel}","templated":true}]}}