{"id":3399,"date":"2022-04-22T17:52:41","date_gmt":"2022-04-22T15:52:41","guid":{"rendered":"https:\/\/trendsandvision.nl\/de\/product\/esschert-design-getrocknete-beeren\/"},"modified":"2025-09-30T09:50:38","modified_gmt":"2025-09-30T07:50:38","slug":"esschert-design-getrocknete-beeren","status":"publish","type":"product","link":"https:\/\/trendsandvision.nl\/de\/product\/esschert-design-getrocknete-beeren\/","title":{"rendered":"Esschert Design Getrocknete Beeren"},"content":{"rendered":"<p>Die Vogelfutterversorgung wird immer knapper, was verschiedene Vogelarten seltener macht.<br \/>\nV\u00f6gel sind im Fr\u00fchjahr sehr besch\u00e4ftigt. Zuerst suchen sie einen Partner, dann Wohnraum, Eier legen und Jungen aufziehen.<br \/>\nIm Sommer beginnt die Mauser und bekommen sie ein neues Federkleid.<br \/>\nIm Herbst bereiten sie sich auf den Winter vor und im Winter brauchen V\u00f6gel mehr Fett, um sich warmzuhalten. In einer kalten Nacht k\u00f6nnen sie 10% ihres K\u00f6rpergewichts verlieren.<br \/>\nDiese getrockneten Beeren sind ein schmackhafter und gesunder Snack f\u00fcr V\u00f6gel und k\u00f6nnen das ganze Jahr \u00fcber verf\u00fcttert werden.<br \/>\nDiese Beerenmischung besteht aus Apfelbeeren, Wei\u00dfdornbeeren, Hagebutten und schwarzen Johannisbeeren und lockt Kohlmeisen, Rotkehlchen, Blaumeisen, Amseln, Spatzen und Kohlmeisen an, wobei auch andere Arten sich dar\u00fcber freuen.<\/p>\n<p>&#8211; 4 Jahreszeiten<br \/>\n&#8211; recycelbare Kartonverpackung<br \/>\n&#8211; Fenster aus PLA | 100% biobasierter Kunststoff<br \/>\n&#8211; Verpackung mit praktischer Sch\u00fctte<\/p>\n<p>Artikelnummer: FB857<br \/>\nProduktgruppe(n) V\u00f6gel&amp;Gartentiere, Futter, Trockenfutter, Sonstiges<br \/>\nProduktabmessungen in cm L 11 x T 6,1 x H 17<br \/>\nVolumen in Litern 250 g<br \/>\nMaterial: Wei\u00dfdornbeeren, wilde Hagebutten, Apfelbeeren, Johannisbeeren<br \/>\nNettogewicht 0,29 kg<br \/>\nBarcode 8714982182075<\/p>\n","protected":false},"excerpt":{"rendered":"<p>&#8211; 4 Jahreszeiten<br \/>\n&#8211; recycelbare Kartonverpackung<br \/>\n&#8211; Fenster aus PLA | 100% biobasierter Kunststoff<br \/>\n&#8211; Verpackung mit praktischer Sch\u00fctte<br \/>\n&#8211; Artikelnummer: FB857<br \/>\n&#8211; L 11 x T 6,1 x H 17 cm<br \/>\n&#8211; Volumen in Litern 250 g<br \/>\n&#8211; Material: Wei\u00dfdornbeeren, wilde Hagebutten,<br \/>\n&#8211; Apfelbeeren, Johannisbeeren<br \/>\n&#8211; Nettogewicht 0,29 kg<br \/>\n&#8211; Barcode 8714982182075<\/p>\n","protected":false},"featured_media":3400,"template":"","meta":[],"product_brand":[9597,9598],"product_cat":[1315],"product_tag":[8178,8177,6953,8159],"class_list":{"0":"post-3399","1":"product","2":"type-product","3":"status-publish","4":"has-post-thumbnail","6":"product_brand-esschert-design","7":"product_brand-trends-and-vision","8":"product_cat-best-for-birds","9":"product_tag-beeren","10":"product_tag-getrocknet","11":"product_tag-vogelfutter","12":"product_tag-zusaetzlich","13":"pa_anbieter-esschert-design","14":"pa_ean-code-1972","15":"pa_material-weissdornbeeren-wilde-hagebutten-apfelbeeren-johannisbeeren","16":"pa_messungen-125x65x204-cm","18":"first","19":"outofstock","20":"sale","21":"taxable","22":"shipping-taxable","23":"purchasable","24":"product-type-simple","25":"czr-hentry"},"yoast_head":"<!-- This site is optimized with the Yoast SEO Premium plugin v26.4 (Yoast SEO v27.3) - https:\/\/yoast.com\/product\/yoast-seo-premium-wordpress\/ -->\n<title>Esschert Design Getrocknete Beeren (FB857, 8714982182075) - Trends &amp; Vision<\/title>\n<meta name=\"description\" content=\"Esschert Design Getrocknete Beeren: Die Vogelfutterversorgung wird immer knapper, was verschiedene Vogelarten seltener macht. V\u00f6gel sind\" \/>\n<meta name=\"robots\" content=\"index, follow, max-snippet:-1, max-image-preview:large, max-video-preview:-1\" \/>\n<link rel=\"canonical\" href=\"https:\/\/trendsandvision.nl\/de\/product\/esschert-design-getrocknete-beeren\/\" \/>\n<meta property=\"og:locale\" content=\"de_DE\" \/>\n<meta property=\"og:type\" content=\"article\" \/>\n<meta property=\"og:title\" content=\"Esschert Design Getrocknete Beeren\" \/>\n<meta property=\"og:description\" content=\"Esschert Design Getrocknete Beeren: Die Vogelfutterversorgung wird immer knapper, was verschiedene Vogelarten seltener macht. V\u00f6gel sind\" \/>\n<meta property=\"og:url\" content=\"https:\/\/trendsandvision.nl\/de\/product\/esschert-design-getrocknete-beeren\/\" \/>\n<meta property=\"og:site_name\" content=\"Trends &amp; Vision (DE)\" \/>\n<meta property=\"article:modified_time\" content=\"2025-09-30T07:50:38+00:00\" \/>\n<meta property=\"og:image\" content=\"https:\/\/trendsandvision.nl\/de\/wp-content\/uploads\/sites\/3\/2022\/04\/FB857_01.jpg\" \/>\n\t<meta property=\"og:image:width\" content=\"800\" \/>\n\t<meta property=\"og:image:height\" content=\"800\" \/>\n\t<meta property=\"og:image:type\" content=\"image\/jpeg\" \/>\n<meta name=\"twitter:card\" content=\"summary_large_image\" \/>\n<meta name=\"twitter:label1\" content=\"Gesch\u00e4tzte Lesezeit\" \/>\n\t<meta name=\"twitter:data1\" content=\"2\u00a0Minuten\" \/>\n<script type=\"application\/ld+json\" class=\"yoast-schema-graph\">{\"@context\":\"https:\\\/\\\/schema.org\",\"@graph\":[{\"@type\":\"WebPage\",\"@id\":\"https:\\\/\\\/trendsandvision.nl\\\/de\\\/product\\\/esschert-design-getrocknete-beeren\\\/\",\"url\":\"https:\\\/\\\/trendsandvision.nl\\\/de\\\/product\\\/esschert-design-getrocknete-beeren\\\/\",\"name\":\"Esschert Design Getrocknete Beeren (FB857, 8714982182075) - Trends & Vision\",\"isPartOf\":{\"@id\":\"https:\\\/\\\/trendsandvision.nl\\\/de\\\/#website\"},\"primaryImageOfPage\":{\"@id\":\"https:\\\/\\\/trendsandvision.nl\\\/de\\\/product\\\/esschert-design-getrocknete-beeren\\\/#primaryimage\"},\"image\":{\"@id\":\"https:\\\/\\\/trendsandvision.nl\\\/de\\\/product\\\/esschert-design-getrocknete-beeren\\\/#primaryimage\"},\"thumbnailUrl\":\"https:\\\/\\\/trendsandvision.nl\\\/de\\\/wp-content\\\/uploads\\\/sites\\\/3\\\/2022\\\/04\\\/FB857_01.jpg\",\"datePublished\":\"2022-04-22T15:52:41+00:00\",\"dateModified\":\"2025-09-30T07:50:38+00:00\",\"description\":\"Esschert Design Getrocknete Beeren: Die Vogelfutterversorgung wird immer knapper, was verschiedene Vogelarten seltener macht. V\u00f6gel sind\",\"breadcrumb\":{\"@id\":\"https:\\\/\\\/trendsandvision.nl\\\/de\\\/product\\\/esschert-design-getrocknete-beeren\\\/#breadcrumb\"},\"inLanguage\":\"de\",\"potentialAction\":[{\"@type\":\"ReadAction\",\"target\":[\"https:\\\/\\\/trendsandvision.nl\\\/de\\\/product\\\/esschert-design-getrocknete-beeren\\\/\"]}]},{\"@type\":\"ImageObject\",\"inLanguage\":\"de\",\"@id\":\"https:\\\/\\\/trendsandvision.nl\\\/de\\\/product\\\/esschert-design-getrocknete-beeren\\\/#primaryimage\",\"url\":\"https:\\\/\\\/trendsandvision.nl\\\/de\\\/wp-content\\\/uploads\\\/sites\\\/3\\\/2022\\\/04\\\/FB857_01.jpg\",\"contentUrl\":\"https:\\\/\\\/trendsandvision.nl\\\/de\\\/wp-content\\\/uploads\\\/sites\\\/3\\\/2022\\\/04\\\/FB857_01.jpg\",\"width\":800,\"height\":800,\"caption\":\"Esschert Design Getrocknete Beeren (FB857\"},{\"@type\":\"BreadcrumbList\",\"@id\":\"https:\\\/\\\/trendsandvision.nl\\\/de\\\/product\\\/esschert-design-getrocknete-beeren\\\/#breadcrumb\",\"itemListElement\":[{\"@type\":\"ListItem\",\"position\":1,\"name\":\"Home\",\"item\":\"https:\\\/\\\/trendsandvision.nl\\\/de\\\/\"},{\"@type\":\"ListItem\",\"position\":2,\"name\":\"Gesch\u00e4ft\",\"item\":\"https:\\\/\\\/trendsandvision.nl\\\/de\\\/geschaft\\\/\"},{\"@type\":\"ListItem\",\"position\":3,\"name\":\"Esschert Design Getrocknete Beeren\"}]},{\"@type\":\"WebSite\",\"@id\":\"https:\\\/\\\/trendsandvision.nl\\\/de\\\/#website\",\"url\":\"https:\\\/\\\/trendsandvision.nl\\\/de\\\/\",\"name\":\"Trends &amp; Vision (DE)\",\"description\":\"Der Webshop f\u00fcr Esschert Design Artikel\",\"publisher\":{\"@id\":\"https:\\\/\\\/trendsandvision.nl\\\/de\\\/#organization\"},\"potentialAction\":[{\"@type\":\"SearchAction\",\"target\":{\"@type\":\"EntryPoint\",\"urlTemplate\":\"https:\\\/\\\/trendsandvision.nl\\\/de\\\/?s={search_term_string}\"},\"query-input\":{\"@type\":\"PropertyValueSpecification\",\"valueRequired\":true,\"valueName\":\"search_term_string\"}}],\"inLanguage\":\"de\"},{\"@type\":\"Organization\",\"@id\":\"https:\\\/\\\/trendsandvision.nl\\\/de\\\/#organization\",\"name\":\"Trends &amp; Vision (DE)\",\"url\":\"https:\\\/\\\/trendsandvision.nl\\\/de\\\/\",\"logo\":{\"@type\":\"ImageObject\",\"inLanguage\":\"de\",\"@id\":\"https:\\\/\\\/trendsandvision.nl\\\/de\\\/#\\\/schema\\\/logo\\\/image\\\/\",\"url\":\"https:\\\/\\\/trendsandvision.nl\\\/de\\\/wp-content\\\/uploads\\\/sites\\\/3\\\/2022\\\/04\\\/trends-and-vision-logo.jpg\",\"contentUrl\":\"https:\\\/\\\/trendsandvision.nl\\\/de\\\/wp-content\\\/uploads\\\/sites\\\/3\\\/2022\\\/04\\\/trends-and-vision-logo.jpg\",\"width\":213,\"height\":100,\"caption\":\"Trends &amp; Vision (DE)\"},\"image\":{\"@id\":\"https:\\\/\\\/trendsandvision.nl\\\/de\\\/#\\\/schema\\\/logo\\\/image\\\/\"}}]}<\/script>\n<!-- \/ Yoast SEO Premium plugin. -->","yoast_head_json":{"title":"Esschert Design Getrocknete Beeren (FB857, 8714982182075) - Trends & Vision","description":"Esschert Design Getrocknete Beeren: Die Vogelfutterversorgung wird immer knapper, was verschiedene Vogelarten seltener macht. V\u00f6gel sind","robots":{"index":"index","follow":"follow","max-snippet":"max-snippet:-1","max-image-preview":"max-image-preview:large","max-video-preview":"max-video-preview:-1"},"canonical":"https:\/\/trendsandvision.nl\/de\/product\/esschert-design-getrocknete-beeren\/","og_locale":"de_DE","og_type":"article","og_title":"Esschert Design Getrocknete Beeren","og_description":"Esschert Design Getrocknete Beeren: Die Vogelfutterversorgung wird immer knapper, was verschiedene Vogelarten seltener macht. V\u00f6gel sind","og_url":"https:\/\/trendsandvision.nl\/de\/product\/esschert-design-getrocknete-beeren\/","og_site_name":"Trends &amp; Vision (DE)","article_modified_time":"2025-09-30T07:50:38+00:00","og_image":[{"width":800,"height":800,"url":"https:\/\/trendsandvision.nl\/de\/wp-content\/uploads\/sites\/3\/2022\/04\/FB857_01.jpg","type":"image\/jpeg"}],"twitter_card":"summary_large_image","twitter_misc":{"Gesch\u00e4tzte Lesezeit":"2\u00a0Minuten"},"schema":{"@context":"https:\/\/schema.org","@graph":[{"@type":"WebPage","@id":"https:\/\/trendsandvision.nl\/de\/product\/esschert-design-getrocknete-beeren\/","url":"https:\/\/trendsandvision.nl\/de\/product\/esschert-design-getrocknete-beeren\/","name":"Esschert Design Getrocknete Beeren (FB857, 8714982182075) - Trends & Vision","isPartOf":{"@id":"https:\/\/trendsandvision.nl\/de\/#website"},"primaryImageOfPage":{"@id":"https:\/\/trendsandvision.nl\/de\/product\/esschert-design-getrocknete-beeren\/#primaryimage"},"image":{"@id":"https:\/\/trendsandvision.nl\/de\/product\/esschert-design-getrocknete-beeren\/#primaryimage"},"thumbnailUrl":"https:\/\/trendsandvision.nl\/de\/wp-content\/uploads\/sites\/3\/2022\/04\/FB857_01.jpg","datePublished":"2022-04-22T15:52:41+00:00","dateModified":"2025-09-30T07:50:38+00:00","description":"Esschert Design Getrocknete Beeren: Die Vogelfutterversorgung wird immer knapper, was verschiedene Vogelarten seltener macht. V\u00f6gel sind","breadcrumb":{"@id":"https:\/\/trendsandvision.nl\/de\/product\/esschert-design-getrocknete-beeren\/#breadcrumb"},"inLanguage":"de","potentialAction":[{"@type":"ReadAction","target":["https:\/\/trendsandvision.nl\/de\/product\/esschert-design-getrocknete-beeren\/"]}]},{"@type":"ImageObject","inLanguage":"de","@id":"https:\/\/trendsandvision.nl\/de\/product\/esschert-design-getrocknete-beeren\/#primaryimage","url":"https:\/\/trendsandvision.nl\/de\/wp-content\/uploads\/sites\/3\/2022\/04\/FB857_01.jpg","contentUrl":"https:\/\/trendsandvision.nl\/de\/wp-content\/uploads\/sites\/3\/2022\/04\/FB857_01.jpg","width":800,"height":800,"caption":"Esschert Design Getrocknete Beeren (FB857"},{"@type":"BreadcrumbList","@id":"https:\/\/trendsandvision.nl\/de\/product\/esschert-design-getrocknete-beeren\/#breadcrumb","itemListElement":[{"@type":"ListItem","position":1,"name":"Home","item":"https:\/\/trendsandvision.nl\/de\/"},{"@type":"ListItem","position":2,"name":"Gesch\u00e4ft","item":"https:\/\/trendsandvision.nl\/de\/geschaft\/"},{"@type":"ListItem","position":3,"name":"Esschert Design Getrocknete Beeren"}]},{"@type":"WebSite","@id":"https:\/\/trendsandvision.nl\/de\/#website","url":"https:\/\/trendsandvision.nl\/de\/","name":"Trends &amp; Vision (DE)","description":"Der Webshop f\u00fcr Esschert Design Artikel","publisher":{"@id":"https:\/\/trendsandvision.nl\/de\/#organization"},"potentialAction":[{"@type":"SearchAction","target":{"@type":"EntryPoint","urlTemplate":"https:\/\/trendsandvision.nl\/de\/?s={search_term_string}"},"query-input":{"@type":"PropertyValueSpecification","valueRequired":true,"valueName":"search_term_string"}}],"inLanguage":"de"},{"@type":"Organization","@id":"https:\/\/trendsandvision.nl\/de\/#organization","name":"Trends &amp; Vision (DE)","url":"https:\/\/trendsandvision.nl\/de\/","logo":{"@type":"ImageObject","inLanguage":"de","@id":"https:\/\/trendsandvision.nl\/de\/#\/schema\/logo\/image\/","url":"https:\/\/trendsandvision.nl\/de\/wp-content\/uploads\/sites\/3\/2022\/04\/trends-and-vision-logo.jpg","contentUrl":"https:\/\/trendsandvision.nl\/de\/wp-content\/uploads\/sites\/3\/2022\/04\/trends-and-vision-logo.jpg","width":213,"height":100,"caption":"Trends &amp; Vision (DE)"},"image":{"@id":"https:\/\/trendsandvision.nl\/de\/#\/schema\/logo\/image\/"}}]}},"_links":{"self":[{"href":"https:\/\/trendsandvision.nl\/de\/wp-json\/wp\/v2\/product\/3399","targetHints":{"allow":["GET"]}}],"collection":[{"href":"https:\/\/trendsandvision.nl\/de\/wp-json\/wp\/v2\/product"}],"about":[{"href":"https:\/\/trendsandvision.nl\/de\/wp-json\/wp\/v2\/types\/product"}],"wp:featuredmedia":[{"embeddable":true,"href":"https:\/\/trendsandvision.nl\/de\/wp-json\/wp\/v2\/media\/3400"}],"wp:attachment":[{"href":"https:\/\/trendsandvision.nl\/de\/wp-json\/wp\/v2\/media?parent=3399"}],"wp:term":[{"taxonomy":"product_brand","embeddable":true,"href":"https:\/\/trendsandvision.nl\/de\/wp-json\/wp\/v2\/product_brand?post=3399"},{"taxonomy":"product_cat","embeddable":true,"href":"https:\/\/trendsandvision.nl\/de\/wp-json\/wp\/v2\/product_cat?post=3399"},{"taxonomy":"product_tag","embeddable":true,"href":"https:\/\/trendsandvision.nl\/de\/wp-json\/wp\/v2\/product_tag?post=3399"}],"curies":[{"name":"wp","href":"https:\/\/api.w.org\/{rel}","templated":true}]}}