{"id":3336,"date":"2022-04-22T17:51:17","date_gmt":"2022-04-22T15:51:17","guid":{"rendered":"https:\/\/trendsandvision.nl\/de\/product\/esschert-design-vogelbad-keramik-einschliesslich-winterfutterpaket\/"},"modified":"2026-04-07T10:27:39","modified_gmt":"2026-04-07T08:27:39","slug":"esschert-design-vogelbad-keramik-einschliesslich-winterfutterpaket","status":"publish","type":"product","link":"https:\/\/trendsandvision.nl\/de\/product\/esschert-design-vogelbad-keramik-einschliesslich-winterfutterpaket\/","title":{"rendered":"Esschert Design Vogelbad (Keramik) einschliesslich Winterfutterpaket"},"content":{"rendered":"<p>G\u00f6nnen Sie den V\u00f6geln verschiedene Leckereien.<br \/>\nDieses Winterfutterpaket enth\u00e4lt: 1 Vogelbad (Keramik), das auch als Futternapf verwendet werden kann, 1 Netz roter Erdn\u00fcsse, 2 Meisenkn\u00f6del, 1 T\u00fcte Streufutter und 1 Vogelfutterherz.<\/p>\n<p>&#8211; Weihnachtsgeschenk<br \/>\n&#8211; einschlie\u00dflich Vogelbad (Keramik)<br \/>\n&#8211; verschiedene Futtersorten<br \/>\n&#8211; f\u00fcr verschiedene Vogelarten geeignet<br \/>\n&#8211; fett- und energiereich<\/p>\n<p>Artikelnummer: FB846<br \/>\nProduktgruppe(n) V\u00f6gel&amp;Gartentiere, Futter, Dekorativ, Sonstiges, Vogelb\u00e4der, Stehend<br \/>\nProduktabmessungen in cm \u00f8 L 30,7 x T 32,9 x H 10,9<br \/>\nMaterial: Terracotta, Streufutter (Weizen, Sorghum, schwarze Sonnenblumenkerne, gestreifte Sonnenblumenkerne, Linien, gebrochener Mais, Hanfsamen, Bohnen, kleiner Hafer, Wicke, Kapuzinererbsen, schwarzer Hafer), rote Erdn\u00fcsse, Meisenkn\u00f6del (Weizen, Rindertalg, Sonn<br \/>\nNettogewicht 4,045 kg<br \/>\nBarcode 8714982171918<\/p>\n","protected":false},"excerpt":{"rendered":"<p>&#8211; Weihnachtsgeschenk<br \/>\n&#8211; einschlie\u00dflich Vogelbad (Keramik)<br \/>\n&#8211; verschiedene Futtersorten<br \/>\n&#8211; f\u00fcr verschiedene Vogelarten geeignet<br \/>\n&#8211; fett- und energiereich<br \/>\n&#8211; Artikelnummer: FB846<br \/>\n&#8211; cm \u00f8 L 30,7 x T 32,9 x H 10,9<br \/>\n&#8211; Nettogewicht 4,045 kg<br \/>\n&#8211; Barcode 8714982171918<\/p>\n","protected":false},"featured_media":3337,"template":"","meta":[],"product_brand":[9597,9598],"product_cat":[1315],"product_tag":[7138,9405,7153],"class_list":{"0":"post-3336","1":"product","2":"type-product","3":"status-publish","4":"has-post-thumbnail","6":"product_brand-esschert-design","7":"product_brand-trends-and-vision","8":"product_cat-best-for-birds","9":"product_tag-vogelbaeder","10":"product_tag-weihnachtsgeschenk","11":"product_tag-winterfutterpaket","12":"pa_anbieter-esschert-design","13":"pa_ean-code-1954","14":"pa_messungen-307x329x109-cm","16":"first","17":"instock","18":"sale","19":"taxable","20":"shipping-taxable","21":"purchasable","22":"product-type-simple","23":"czr-hentry"},"yoast_head":"<!-- This site is optimized with the Yoast SEO Premium plugin v26.4 (Yoast SEO v27.3) - https:\/\/yoast.com\/product\/yoast-seo-premium-wordpress\/ -->\n<title>Esschert Design Vogelbad (Keramik) einschliesslich Winterfutterpaket (FB846, 8714982171918) - Trends &amp; Vision<\/title>\n<meta name=\"description\" content=\"Esschert Design Vogelbad (Keramik) einschliesslich Winterfutterpaket: G\u00f6nnen Sie den V\u00f6geln verschiedene Leckereien. Dieses Winterfutterpaket enth\u00e4lt: 1 Vogelbad (Keramik\" \/>\n<meta name=\"robots\" content=\"index, follow, max-snippet:-1, max-image-preview:large, max-video-preview:-1\" \/>\n<link rel=\"canonical\" href=\"https:\/\/trendsandvision.nl\/de\/product\/esschert-design-vogelbad-keramik-einschliesslich-winterfutterpaket\/\" \/>\n<meta property=\"og:locale\" content=\"de_DE\" \/>\n<meta property=\"og:type\" content=\"article\" \/>\n<meta property=\"og:title\" content=\"Esschert Design Vogelbad (Keramik) einschliesslich Winterfutterpaket\" \/>\n<meta property=\"og:description\" content=\"Esschert Design Vogelbad (Keramik) einschliesslich Winterfutterpaket: G\u00f6nnen Sie den V\u00f6geln verschiedene Leckereien. Dieses Winterfutterpaket enth\u00e4lt: 1 Vogelbad (Keramik\" \/>\n<meta property=\"og:url\" content=\"https:\/\/trendsandvision.nl\/de\/product\/esschert-design-vogelbad-keramik-einschliesslich-winterfutterpaket\/\" \/>\n<meta property=\"og:site_name\" content=\"Trends &amp; Vision (DE)\" \/>\n<meta property=\"article:modified_time\" content=\"2026-04-07T08:27:39+00:00\" \/>\n<meta property=\"og:image\" content=\"https:\/\/trendsandvision.nl\/de\/wp-content\/uploads\/sites\/3\/2022\/04\/FB846_01.jpg\" \/>\n\t<meta property=\"og:image:width\" content=\"800\" \/>\n\t<meta property=\"og:image:height\" content=\"800\" \/>\n\t<meta property=\"og:image:type\" content=\"image\/jpeg\" \/>\n<meta name=\"twitter:card\" content=\"summary_large_image\" \/>\n<meta name=\"twitter:label1\" content=\"Gesch\u00e4tzte Lesezeit\" \/>\n\t<meta name=\"twitter:data1\" content=\"1\u00a0Minute\" \/>\n<script type=\"application\/ld+json\" class=\"yoast-schema-graph\">{\"@context\":\"https:\\\/\\\/schema.org\",\"@graph\":[{\"@type\":\"WebPage\",\"@id\":\"https:\\\/\\\/trendsandvision.nl\\\/de\\\/product\\\/esschert-design-vogelbad-keramik-einschliesslich-winterfutterpaket\\\/\",\"url\":\"https:\\\/\\\/trendsandvision.nl\\\/de\\\/product\\\/esschert-design-vogelbad-keramik-einschliesslich-winterfutterpaket\\\/\",\"name\":\"Esschert Design Vogelbad (Keramik) einschliesslich Winterfutterpaket (FB846, 8714982171918) - Trends & Vision\",\"isPartOf\":{\"@id\":\"https:\\\/\\\/trendsandvision.nl\\\/de\\\/#website\"},\"primaryImageOfPage\":{\"@id\":\"https:\\\/\\\/trendsandvision.nl\\\/de\\\/product\\\/esschert-design-vogelbad-keramik-einschliesslich-winterfutterpaket\\\/#primaryimage\"},\"image\":{\"@id\":\"https:\\\/\\\/trendsandvision.nl\\\/de\\\/product\\\/esschert-design-vogelbad-keramik-einschliesslich-winterfutterpaket\\\/#primaryimage\"},\"thumbnailUrl\":\"https:\\\/\\\/trendsandvision.nl\\\/de\\\/wp-content\\\/uploads\\\/sites\\\/3\\\/2022\\\/04\\\/FB846_01.jpg\",\"datePublished\":\"2022-04-22T15:51:17+00:00\",\"dateModified\":\"2026-04-07T08:27:39+00:00\",\"description\":\"Esschert Design Vogelbad (Keramik) einschliesslich Winterfutterpaket: G\u00f6nnen Sie den V\u00f6geln verschiedene Leckereien. Dieses Winterfutterpaket enth\u00e4lt: 1 Vogelbad (Keramik\",\"breadcrumb\":{\"@id\":\"https:\\\/\\\/trendsandvision.nl\\\/de\\\/product\\\/esschert-design-vogelbad-keramik-einschliesslich-winterfutterpaket\\\/#breadcrumb\"},\"inLanguage\":\"de\",\"potentialAction\":[{\"@type\":\"ReadAction\",\"target\":[\"https:\\\/\\\/trendsandvision.nl\\\/de\\\/product\\\/esschert-design-vogelbad-keramik-einschliesslich-winterfutterpaket\\\/\"]}]},{\"@type\":\"ImageObject\",\"inLanguage\":\"de\",\"@id\":\"https:\\\/\\\/trendsandvision.nl\\\/de\\\/product\\\/esschert-design-vogelbad-keramik-einschliesslich-winterfutterpaket\\\/#primaryimage\",\"url\":\"https:\\\/\\\/trendsandvision.nl\\\/de\\\/wp-content\\\/uploads\\\/sites\\\/3\\\/2022\\\/04\\\/FB846_01.jpg\",\"contentUrl\":\"https:\\\/\\\/trendsandvision.nl\\\/de\\\/wp-content\\\/uploads\\\/sites\\\/3\\\/2022\\\/04\\\/FB846_01.jpg\",\"width\":800,\"height\":800,\"caption\":\"Esschert Design Vogelbad (Keramik) einschliesslich Winterfutterpaket (FB846\"},{\"@type\":\"BreadcrumbList\",\"@id\":\"https:\\\/\\\/trendsandvision.nl\\\/de\\\/product\\\/esschert-design-vogelbad-keramik-einschliesslich-winterfutterpaket\\\/#breadcrumb\",\"itemListElement\":[{\"@type\":\"ListItem\",\"position\":1,\"name\":\"Home\",\"item\":\"https:\\\/\\\/trendsandvision.nl\\\/de\\\/\"},{\"@type\":\"ListItem\",\"position\":2,\"name\":\"Gesch\u00e4ft\",\"item\":\"https:\\\/\\\/trendsandvision.nl\\\/de\\\/geschaft\\\/\"},{\"@type\":\"ListItem\",\"position\":3,\"name\":\"Esschert Design Vogelbad (Keramik) einschliesslich Winterfutterpaket\"}]},{\"@type\":\"WebSite\",\"@id\":\"https:\\\/\\\/trendsandvision.nl\\\/de\\\/#website\",\"url\":\"https:\\\/\\\/trendsandvision.nl\\\/de\\\/\",\"name\":\"Trends &amp; Vision (DE)\",\"description\":\"Der Webshop f\u00fcr Esschert Design Artikel\",\"publisher\":{\"@id\":\"https:\\\/\\\/trendsandvision.nl\\\/de\\\/#organization\"},\"potentialAction\":[{\"@type\":\"SearchAction\",\"target\":{\"@type\":\"EntryPoint\",\"urlTemplate\":\"https:\\\/\\\/trendsandvision.nl\\\/de\\\/?s={search_term_string}\"},\"query-input\":{\"@type\":\"PropertyValueSpecification\",\"valueRequired\":true,\"valueName\":\"search_term_string\"}}],\"inLanguage\":\"de\"},{\"@type\":\"Organization\",\"@id\":\"https:\\\/\\\/trendsandvision.nl\\\/de\\\/#organization\",\"name\":\"Trends &amp; Vision (DE)\",\"url\":\"https:\\\/\\\/trendsandvision.nl\\\/de\\\/\",\"logo\":{\"@type\":\"ImageObject\",\"inLanguage\":\"de\",\"@id\":\"https:\\\/\\\/trendsandvision.nl\\\/de\\\/#\\\/schema\\\/logo\\\/image\\\/\",\"url\":\"https:\\\/\\\/trendsandvision.nl\\\/de\\\/wp-content\\\/uploads\\\/sites\\\/3\\\/2022\\\/04\\\/trends-and-vision-logo.jpg\",\"contentUrl\":\"https:\\\/\\\/trendsandvision.nl\\\/de\\\/wp-content\\\/uploads\\\/sites\\\/3\\\/2022\\\/04\\\/trends-and-vision-logo.jpg\",\"width\":213,\"height\":100,\"caption\":\"Trends &amp; Vision (DE)\"},\"image\":{\"@id\":\"https:\\\/\\\/trendsandvision.nl\\\/de\\\/#\\\/schema\\\/logo\\\/image\\\/\"}}]}<\/script>\n<!-- \/ Yoast SEO Premium plugin. -->","yoast_head_json":{"title":"Esschert Design Vogelbad (Keramik) einschliesslich Winterfutterpaket (FB846, 8714982171918) - Trends & Vision","description":"Esschert Design Vogelbad (Keramik) einschliesslich Winterfutterpaket: G\u00f6nnen Sie den V\u00f6geln verschiedene Leckereien. Dieses Winterfutterpaket enth\u00e4lt: 1 Vogelbad (Keramik","robots":{"index":"index","follow":"follow","max-snippet":"max-snippet:-1","max-image-preview":"max-image-preview:large","max-video-preview":"max-video-preview:-1"},"canonical":"https:\/\/trendsandvision.nl\/de\/product\/esschert-design-vogelbad-keramik-einschliesslich-winterfutterpaket\/","og_locale":"de_DE","og_type":"article","og_title":"Esschert Design Vogelbad (Keramik) einschliesslich Winterfutterpaket","og_description":"Esschert Design Vogelbad (Keramik) einschliesslich Winterfutterpaket: G\u00f6nnen Sie den V\u00f6geln verschiedene Leckereien. Dieses Winterfutterpaket enth\u00e4lt: 1 Vogelbad (Keramik","og_url":"https:\/\/trendsandvision.nl\/de\/product\/esschert-design-vogelbad-keramik-einschliesslich-winterfutterpaket\/","og_site_name":"Trends &amp; Vision (DE)","article_modified_time":"2026-04-07T08:27:39+00:00","og_image":[{"width":800,"height":800,"url":"https:\/\/trendsandvision.nl\/de\/wp-content\/uploads\/sites\/3\/2022\/04\/FB846_01.jpg","type":"image\/jpeg"}],"twitter_card":"summary_large_image","twitter_misc":{"Gesch\u00e4tzte Lesezeit":"1\u00a0Minute"},"schema":{"@context":"https:\/\/schema.org","@graph":[{"@type":"WebPage","@id":"https:\/\/trendsandvision.nl\/de\/product\/esschert-design-vogelbad-keramik-einschliesslich-winterfutterpaket\/","url":"https:\/\/trendsandvision.nl\/de\/product\/esschert-design-vogelbad-keramik-einschliesslich-winterfutterpaket\/","name":"Esschert Design Vogelbad (Keramik) einschliesslich Winterfutterpaket (FB846, 8714982171918) - Trends & Vision","isPartOf":{"@id":"https:\/\/trendsandvision.nl\/de\/#website"},"primaryImageOfPage":{"@id":"https:\/\/trendsandvision.nl\/de\/product\/esschert-design-vogelbad-keramik-einschliesslich-winterfutterpaket\/#primaryimage"},"image":{"@id":"https:\/\/trendsandvision.nl\/de\/product\/esschert-design-vogelbad-keramik-einschliesslich-winterfutterpaket\/#primaryimage"},"thumbnailUrl":"https:\/\/trendsandvision.nl\/de\/wp-content\/uploads\/sites\/3\/2022\/04\/FB846_01.jpg","datePublished":"2022-04-22T15:51:17+00:00","dateModified":"2026-04-07T08:27:39+00:00","description":"Esschert Design Vogelbad (Keramik) einschliesslich Winterfutterpaket: G\u00f6nnen Sie den V\u00f6geln verschiedene Leckereien. Dieses Winterfutterpaket enth\u00e4lt: 1 Vogelbad (Keramik","breadcrumb":{"@id":"https:\/\/trendsandvision.nl\/de\/product\/esschert-design-vogelbad-keramik-einschliesslich-winterfutterpaket\/#breadcrumb"},"inLanguage":"de","potentialAction":[{"@type":"ReadAction","target":["https:\/\/trendsandvision.nl\/de\/product\/esschert-design-vogelbad-keramik-einschliesslich-winterfutterpaket\/"]}]},{"@type":"ImageObject","inLanguage":"de","@id":"https:\/\/trendsandvision.nl\/de\/product\/esschert-design-vogelbad-keramik-einschliesslich-winterfutterpaket\/#primaryimage","url":"https:\/\/trendsandvision.nl\/de\/wp-content\/uploads\/sites\/3\/2022\/04\/FB846_01.jpg","contentUrl":"https:\/\/trendsandvision.nl\/de\/wp-content\/uploads\/sites\/3\/2022\/04\/FB846_01.jpg","width":800,"height":800,"caption":"Esschert Design Vogelbad (Keramik) einschliesslich Winterfutterpaket (FB846"},{"@type":"BreadcrumbList","@id":"https:\/\/trendsandvision.nl\/de\/product\/esschert-design-vogelbad-keramik-einschliesslich-winterfutterpaket\/#breadcrumb","itemListElement":[{"@type":"ListItem","position":1,"name":"Home","item":"https:\/\/trendsandvision.nl\/de\/"},{"@type":"ListItem","position":2,"name":"Gesch\u00e4ft","item":"https:\/\/trendsandvision.nl\/de\/geschaft\/"},{"@type":"ListItem","position":3,"name":"Esschert Design Vogelbad (Keramik) einschliesslich Winterfutterpaket"}]},{"@type":"WebSite","@id":"https:\/\/trendsandvision.nl\/de\/#website","url":"https:\/\/trendsandvision.nl\/de\/","name":"Trends &amp; Vision (DE)","description":"Der Webshop f\u00fcr Esschert Design Artikel","publisher":{"@id":"https:\/\/trendsandvision.nl\/de\/#organization"},"potentialAction":[{"@type":"SearchAction","target":{"@type":"EntryPoint","urlTemplate":"https:\/\/trendsandvision.nl\/de\/?s={search_term_string}"},"query-input":{"@type":"PropertyValueSpecification","valueRequired":true,"valueName":"search_term_string"}}],"inLanguage":"de"},{"@type":"Organization","@id":"https:\/\/trendsandvision.nl\/de\/#organization","name":"Trends &amp; Vision (DE)","url":"https:\/\/trendsandvision.nl\/de\/","logo":{"@type":"ImageObject","inLanguage":"de","@id":"https:\/\/trendsandvision.nl\/de\/#\/schema\/logo\/image\/","url":"https:\/\/trendsandvision.nl\/de\/wp-content\/uploads\/sites\/3\/2022\/04\/trends-and-vision-logo.jpg","contentUrl":"https:\/\/trendsandvision.nl\/de\/wp-content\/uploads\/sites\/3\/2022\/04\/trends-and-vision-logo.jpg","width":213,"height":100,"caption":"Trends &amp; Vision (DE)"},"image":{"@id":"https:\/\/trendsandvision.nl\/de\/#\/schema\/logo\/image\/"}}]}},"_links":{"self":[{"href":"https:\/\/trendsandvision.nl\/de\/wp-json\/wp\/v2\/product\/3336","targetHints":{"allow":["GET"]}}],"collection":[{"href":"https:\/\/trendsandvision.nl\/de\/wp-json\/wp\/v2\/product"}],"about":[{"href":"https:\/\/trendsandvision.nl\/de\/wp-json\/wp\/v2\/types\/product"}],"wp:featuredmedia":[{"embeddable":true,"href":"https:\/\/trendsandvision.nl\/de\/wp-json\/wp\/v2\/media\/3337"}],"wp:attachment":[{"href":"https:\/\/trendsandvision.nl\/de\/wp-json\/wp\/v2\/media?parent=3336"}],"wp:term":[{"taxonomy":"product_brand","embeddable":true,"href":"https:\/\/trendsandvision.nl\/de\/wp-json\/wp\/v2\/product_brand?post=3336"},{"taxonomy":"product_cat","embeddable":true,"href":"https:\/\/trendsandvision.nl\/de\/wp-json\/wp\/v2\/product_cat?post=3336"},{"taxonomy":"product_tag","embeddable":true,"href":"https:\/\/trendsandvision.nl\/de\/wp-json\/wp\/v2\/product_tag?post=3336"}],"curies":[{"name":"wp","href":"https:\/\/api.w.org\/{rel}","templated":true}]}}