{"id":3275,"date":"2022-04-22T17:49:18","date_gmt":"2022-04-22T15:49:18","guid":{"rendered":"https:\/\/trendsandvision.nl\/de\/product\/voedertafel-eiken-zinken-dak-silo\/"},"modified":"2026-04-22T14:58:45","modified_gmt":"2026-04-22T12:58:45","slug":"esschert-design-futterhaus-eiche-mit-silo-und-zinkdach","status":"publish","type":"product","link":"https:\/\/trendsandvision.nl\/de\/product\/esschert-design-futterhaus-eiche-mit-silo-und-zinkdach\/","title":{"rendered":"Esschert Design Futterhaus Eiche mit Silo und Zinkdach"},"content":{"rendered":"<p>Dieses moderne Futterhaus ist mit einem Silo ausgestattet, hat ein Zinkdach und ist aus Eiche gefertigt. Das Silo dosiert das Futter und sch\u00fctzt es. Das Futterhaus wird mit einem Fu\u00df geliefert.<\/p>\n<p>Um diese Produkte zu reinigen, haben wir einen speziellen <strong><a href=\"https:\/\/trendsandvision.nl\/de\/product\/esschert-design-futtertisch-schaber\/\">Kratzer<\/a><\/strong> und <strong><a href=\"https:\/\/trendsandvision.nl\/de\/product\/esschert-design-siloreinigungsbuerste\/\">B\u00fcrste<\/a><\/strong> entwickelt.<\/p>\n<p>Artikelname Futterhaus Eiche mit Silo und Zinkdach<br \/>\nArtikelnummer FB565<br \/>\nProduktgruppe(n) V\u00f6gel&amp;Gartentiere, Futterungssysteme, Futterh\u00e4uschen, Futtertische<br \/>\nProduktabmessungen in cm L 47,5 x T 47,5 x H 116<br \/>\nMaterial Eichenholz, Stahl<br \/>\nBruttogewicht 5,344 kg<br \/>\nNettogewicht 4,639 kg<br \/>\nBarcode 8714982207723<\/p>\n<p>Sehr geehrter Kunde, die Versandkosten f\u00fcr diesen Artikel sind h\u00f6her als das (Versand)Angebot im Shop angebt.<br \/>\nF\u00fcr die sichere Lieferung dieses Artikels sind die tats\u00e4chlichen Versandkosten vielleicht h\u00f6her.<br \/>\nNach der Bestellung erhalten Sie ein E-Mail mit IDEAL \u201eLink\u201c wohin die m\u00f6gliche Mehrkosten sind berechnet.<\/p>\n","protected":false},"excerpt":{"rendered":"<p>L 47,5 x T 47,5 x H 116 cm<br \/>\nEichenholz, Stahl<br \/>\nNettogewicht 4,639 kg<br \/>\nBarcode 8714982207723<br \/>\nMit Silo<br \/>\nInklusive Fu\u00df<\/p>\n","protected":false},"featured_media":3276,"template":"","meta":[],"product_brand":[9597,9598],"product_cat":[1315],"product_tag":[7163,7017,7164,9406,7172],"class_list":{"0":"post-3275","1":"product","2":"type-product","3":"status-publish","4":"has-post-thumbnail","6":"product_brand-esschert-design","7":"product_brand-trends-and-vision","8":"product_cat-best-for-birds","9":"product_tag-eichenholz","10":"product_tag-fuetterstaender","11":"product_tag-futtertische","12":"product_tag-futtertischschaber-fb529","13":"product_tag-stahl","14":"pa_ean-code-1915","15":"pa_messungen-517-x-452-x-1195-cm","17":"first","18":"instock","19":"sale","20":"taxable","21":"shipping-taxable","22":"purchasable","23":"product-type-simple","24":"czr-hentry"},"yoast_head":"<!-- This site is optimized with the Yoast SEO Premium plugin v27.4 (Yoast SEO v27.5) - https:\/\/yoast.com\/product\/yoast-seo-premium-wordpress\/ -->\n<title>Voedertafel eiken zinken dak +silo (FB565, 8714982207723) - Trends &amp; Vision<\/title>\n<meta name=\"description\" content=\"Voedertafel eiken zinken dak +silo: Deze voedertafel is gemaakt van eiken, voorzien van een silo en heeft een koperen dak\" \/>\n<meta name=\"robots\" content=\"index, follow, max-snippet:-1, max-image-preview:large, max-video-preview:-1\" \/>\n<link rel=\"canonical\" href=\"https:\/\/trendsandvision.nl\/de\/product\/esschert-design-futterhaus-eiche-mit-silo-und-zinkdach\/\" \/>\n<meta property=\"og:locale\" content=\"de_DE\" \/>\n<meta property=\"og:type\" content=\"article\" \/>\n<meta property=\"og:title\" content=\"Esschert Design Futterhaus Eiche mit Silo und Zinkdach\" \/>\n<meta property=\"og:description\" content=\"Voedertafel eiken zinken dak +silo: Deze voedertafel is gemaakt van eiken, voorzien van een silo en heeft een koperen dak\" \/>\n<meta property=\"og:url\" content=\"https:\/\/trendsandvision.nl\/de\/product\/esschert-design-futterhaus-eiche-mit-silo-und-zinkdach\/\" \/>\n<meta property=\"og:site_name\" content=\"Trends &amp; Vision (DE)\" \/>\n<meta property=\"article:modified_time\" content=\"2026-04-22T12:58:45+00:00\" \/>\n<meta property=\"og:image\" content=\"https:\/\/trendsandvision.nl\/de\/wp-content\/uploads\/sites\/3\/2022\/04\/FB565_01.jpg\" \/>\n\t<meta property=\"og:image:width\" content=\"800\" \/>\n\t<meta property=\"og:image:height\" content=\"800\" \/>\n\t<meta property=\"og:image:type\" content=\"image\/jpeg\" \/>\n<meta name=\"twitter:card\" content=\"summary_large_image\" \/>\n<meta name=\"twitter:label1\" content=\"Gesch\u00e4tzte Lesezeit\" \/>\n\t<meta name=\"twitter:data1\" content=\"1\u00a0Minute\" \/>\n<script type=\"application\/ld+json\" class=\"yoast-schema-graph\">{\"@context\":\"https:\\\/\\\/schema.org\",\"@graph\":[{\"@type\":\"WebPage\",\"@id\":\"https:\\\/\\\/trendsandvision.nl\\\/de\\\/product\\\/esschert-design-futterhaus-eiche-mit-silo-und-zinkdach\\\/\",\"url\":\"https:\\\/\\\/trendsandvision.nl\\\/de\\\/product\\\/esschert-design-futterhaus-eiche-mit-silo-und-zinkdach\\\/\",\"name\":\"Voedertafel eiken zinken dak +silo (FB565, 8714982207723) - Trends & Vision\",\"isPartOf\":{\"@id\":\"https:\\\/\\\/trendsandvision.nl\\\/de\\\/#website\"},\"primaryImageOfPage\":{\"@id\":\"https:\\\/\\\/trendsandvision.nl\\\/de\\\/product\\\/esschert-design-futterhaus-eiche-mit-silo-und-zinkdach\\\/#primaryimage\"},\"image\":{\"@id\":\"https:\\\/\\\/trendsandvision.nl\\\/de\\\/product\\\/esschert-design-futterhaus-eiche-mit-silo-und-zinkdach\\\/#primaryimage\"},\"thumbnailUrl\":\"https:\\\/\\\/trendsandvision.nl\\\/de\\\/wp-content\\\/uploads\\\/sites\\\/3\\\/2022\\\/04\\\/FB565_01.jpg\",\"datePublished\":\"2022-04-22T15:49:18+00:00\",\"dateModified\":\"2026-04-22T12:58:45+00:00\",\"description\":\"Voedertafel eiken zinken dak +silo: Deze voedertafel is gemaakt van eiken, voorzien van een silo en heeft een koperen dak\",\"breadcrumb\":{\"@id\":\"https:\\\/\\\/trendsandvision.nl\\\/de\\\/product\\\/esschert-design-futterhaus-eiche-mit-silo-und-zinkdach\\\/#breadcrumb\"},\"inLanguage\":\"de\",\"potentialAction\":[{\"@type\":\"ReadAction\",\"target\":[\"https:\\\/\\\/trendsandvision.nl\\\/de\\\/product\\\/esschert-design-futterhaus-eiche-mit-silo-und-zinkdach\\\/\"]}]},{\"@type\":\"ImageObject\",\"inLanguage\":\"de\",\"@id\":\"https:\\\/\\\/trendsandvision.nl\\\/de\\\/product\\\/esschert-design-futterhaus-eiche-mit-silo-und-zinkdach\\\/#primaryimage\",\"url\":\"https:\\\/\\\/trendsandvision.nl\\\/de\\\/wp-content\\\/uploads\\\/sites\\\/3\\\/2022\\\/04\\\/FB565_01.jpg\",\"contentUrl\":\"https:\\\/\\\/trendsandvision.nl\\\/de\\\/wp-content\\\/uploads\\\/sites\\\/3\\\/2022\\\/04\\\/FB565_01.jpg\",\"width\":800,\"height\":800,\"caption\":\"Voedertafel eiken zinken dak +silo (FB565\"},{\"@type\":\"BreadcrumbList\",\"@id\":\"https:\\\/\\\/trendsandvision.nl\\\/de\\\/product\\\/esschert-design-futterhaus-eiche-mit-silo-und-zinkdach\\\/#breadcrumb\",\"itemListElement\":[{\"@type\":\"ListItem\",\"position\":1,\"name\":\"Home\",\"item\":\"https:\\\/\\\/trendsandvision.nl\\\/de\\\/\"},{\"@type\":\"ListItem\",\"position\":2,\"name\":\"Gesch\u00e4ft\",\"item\":\"https:\\\/\\\/trendsandvision.nl\\\/de\\\/geschaft\\\/\"},{\"@type\":\"ListItem\",\"position\":3,\"name\":\"Esschert Design Futterhaus Eiche mit Silo und Zinkdach\"}]},{\"@type\":\"WebSite\",\"@id\":\"https:\\\/\\\/trendsandvision.nl\\\/de\\\/#website\",\"url\":\"https:\\\/\\\/trendsandvision.nl\\\/de\\\/\",\"name\":\"Trends &amp; Vision (DE)\",\"description\":\"Der Webshop f\u00fcr Esschert Design Artikel\",\"publisher\":{\"@id\":\"https:\\\/\\\/trendsandvision.nl\\\/de\\\/#organization\"},\"potentialAction\":[{\"@type\":\"SearchAction\",\"target\":{\"@type\":\"EntryPoint\",\"urlTemplate\":\"https:\\\/\\\/trendsandvision.nl\\\/de\\\/?s={search_term_string}\"},\"query-input\":{\"@type\":\"PropertyValueSpecification\",\"valueRequired\":true,\"valueName\":\"search_term_string\"}}],\"inLanguage\":\"de\"},{\"@type\":\"Organization\",\"@id\":\"https:\\\/\\\/trendsandvision.nl\\\/de\\\/#organization\",\"name\":\"Trends &amp; Vision (DE)\",\"url\":\"https:\\\/\\\/trendsandvision.nl\\\/de\\\/\",\"logo\":{\"@type\":\"ImageObject\",\"inLanguage\":\"de\",\"@id\":\"https:\\\/\\\/trendsandvision.nl\\\/de\\\/#\\\/schema\\\/logo\\\/image\\\/\",\"url\":\"https:\\\/\\\/trendsandvision.nl\\\/de\\\/wp-content\\\/uploads\\\/sites\\\/3\\\/2022\\\/04\\\/trends-and-vision-logo.jpg\",\"contentUrl\":\"https:\\\/\\\/trendsandvision.nl\\\/de\\\/wp-content\\\/uploads\\\/sites\\\/3\\\/2022\\\/04\\\/trends-and-vision-logo.jpg\",\"width\":213,\"height\":100,\"caption\":\"Trends &amp; Vision (DE)\"},\"image\":{\"@id\":\"https:\\\/\\\/trendsandvision.nl\\\/de\\\/#\\\/schema\\\/logo\\\/image\\\/\"}}]}<\/script>\n<!-- \/ Yoast SEO Premium plugin. -->","yoast_head_json":{"title":"Voedertafel eiken zinken dak +silo (FB565, 8714982207723) - Trends & Vision","description":"Voedertafel eiken zinken dak +silo: Deze voedertafel is gemaakt van eiken, voorzien van een silo en heeft een koperen dak","robots":{"index":"index","follow":"follow","max-snippet":"max-snippet:-1","max-image-preview":"max-image-preview:large","max-video-preview":"max-video-preview:-1"},"canonical":"https:\/\/trendsandvision.nl\/de\/product\/esschert-design-futterhaus-eiche-mit-silo-und-zinkdach\/","og_locale":"de_DE","og_type":"article","og_title":"Esschert Design Futterhaus Eiche mit Silo und Zinkdach","og_description":"Voedertafel eiken zinken dak +silo: Deze voedertafel is gemaakt van eiken, voorzien van een silo en heeft een koperen dak","og_url":"https:\/\/trendsandvision.nl\/de\/product\/esschert-design-futterhaus-eiche-mit-silo-und-zinkdach\/","og_site_name":"Trends &amp; Vision (DE)","article_modified_time":"2026-04-22T12:58:45+00:00","og_image":[{"width":800,"height":800,"url":"https:\/\/trendsandvision.nl\/de\/wp-content\/uploads\/sites\/3\/2022\/04\/FB565_01.jpg","type":"image\/jpeg"}],"twitter_card":"summary_large_image","twitter_misc":{"Gesch\u00e4tzte Lesezeit":"1\u00a0Minute"},"schema":{"@context":"https:\/\/schema.org","@graph":[{"@type":"WebPage","@id":"https:\/\/trendsandvision.nl\/de\/product\/esschert-design-futterhaus-eiche-mit-silo-und-zinkdach\/","url":"https:\/\/trendsandvision.nl\/de\/product\/esschert-design-futterhaus-eiche-mit-silo-und-zinkdach\/","name":"Voedertafel eiken zinken dak +silo (FB565, 8714982207723) - Trends & Vision","isPartOf":{"@id":"https:\/\/trendsandvision.nl\/de\/#website"},"primaryImageOfPage":{"@id":"https:\/\/trendsandvision.nl\/de\/product\/esschert-design-futterhaus-eiche-mit-silo-und-zinkdach\/#primaryimage"},"image":{"@id":"https:\/\/trendsandvision.nl\/de\/product\/esschert-design-futterhaus-eiche-mit-silo-und-zinkdach\/#primaryimage"},"thumbnailUrl":"https:\/\/trendsandvision.nl\/de\/wp-content\/uploads\/sites\/3\/2022\/04\/FB565_01.jpg","datePublished":"2022-04-22T15:49:18+00:00","dateModified":"2026-04-22T12:58:45+00:00","description":"Voedertafel eiken zinken dak +silo: Deze voedertafel is gemaakt van eiken, voorzien van een silo en heeft een koperen dak","breadcrumb":{"@id":"https:\/\/trendsandvision.nl\/de\/product\/esschert-design-futterhaus-eiche-mit-silo-und-zinkdach\/#breadcrumb"},"inLanguage":"de","potentialAction":[{"@type":"ReadAction","target":["https:\/\/trendsandvision.nl\/de\/product\/esschert-design-futterhaus-eiche-mit-silo-und-zinkdach\/"]}]},{"@type":"ImageObject","inLanguage":"de","@id":"https:\/\/trendsandvision.nl\/de\/product\/esschert-design-futterhaus-eiche-mit-silo-und-zinkdach\/#primaryimage","url":"https:\/\/trendsandvision.nl\/de\/wp-content\/uploads\/sites\/3\/2022\/04\/FB565_01.jpg","contentUrl":"https:\/\/trendsandvision.nl\/de\/wp-content\/uploads\/sites\/3\/2022\/04\/FB565_01.jpg","width":800,"height":800,"caption":"Voedertafel eiken zinken dak +silo (FB565"},{"@type":"BreadcrumbList","@id":"https:\/\/trendsandvision.nl\/de\/product\/esschert-design-futterhaus-eiche-mit-silo-und-zinkdach\/#breadcrumb","itemListElement":[{"@type":"ListItem","position":1,"name":"Home","item":"https:\/\/trendsandvision.nl\/de\/"},{"@type":"ListItem","position":2,"name":"Gesch\u00e4ft","item":"https:\/\/trendsandvision.nl\/de\/geschaft\/"},{"@type":"ListItem","position":3,"name":"Esschert Design Futterhaus Eiche mit Silo und Zinkdach"}]},{"@type":"WebSite","@id":"https:\/\/trendsandvision.nl\/de\/#website","url":"https:\/\/trendsandvision.nl\/de\/","name":"Trends &amp; Vision (DE)","description":"Der Webshop f\u00fcr Esschert Design Artikel","publisher":{"@id":"https:\/\/trendsandvision.nl\/de\/#organization"},"potentialAction":[{"@type":"SearchAction","target":{"@type":"EntryPoint","urlTemplate":"https:\/\/trendsandvision.nl\/de\/?s={search_term_string}"},"query-input":{"@type":"PropertyValueSpecification","valueRequired":true,"valueName":"search_term_string"}}],"inLanguage":"de"},{"@type":"Organization","@id":"https:\/\/trendsandvision.nl\/de\/#organization","name":"Trends &amp; Vision (DE)","url":"https:\/\/trendsandvision.nl\/de\/","logo":{"@type":"ImageObject","inLanguage":"de","@id":"https:\/\/trendsandvision.nl\/de\/#\/schema\/logo\/image\/","url":"https:\/\/trendsandvision.nl\/de\/wp-content\/uploads\/sites\/3\/2022\/04\/trends-and-vision-logo.jpg","contentUrl":"https:\/\/trendsandvision.nl\/de\/wp-content\/uploads\/sites\/3\/2022\/04\/trends-and-vision-logo.jpg","width":213,"height":100,"caption":"Trends &amp; Vision (DE)"},"image":{"@id":"https:\/\/trendsandvision.nl\/de\/#\/schema\/logo\/image\/"}}]}},"_links":{"self":[{"href":"https:\/\/trendsandvision.nl\/de\/wp-json\/wp\/v2\/product\/3275","targetHints":{"allow":["GET"]}}],"collection":[{"href":"https:\/\/trendsandvision.nl\/de\/wp-json\/wp\/v2\/product"}],"about":[{"href":"https:\/\/trendsandvision.nl\/de\/wp-json\/wp\/v2\/types\/product"}],"wp:featuredmedia":[{"embeddable":true,"href":"https:\/\/trendsandvision.nl\/de\/wp-json\/wp\/v2\/media\/3276"}],"wp:attachment":[{"href":"https:\/\/trendsandvision.nl\/de\/wp-json\/wp\/v2\/media?parent=3275"}],"wp:term":[{"taxonomy":"product_brand","embeddable":true,"href":"https:\/\/trendsandvision.nl\/de\/wp-json\/wp\/v2\/product_brand?post=3275"},{"taxonomy":"product_cat","embeddable":true,"href":"https:\/\/trendsandvision.nl\/de\/wp-json\/wp\/v2\/product_cat?post=3275"},{"taxonomy":"product_tag","embeddable":true,"href":"https:\/\/trendsandvision.nl\/de\/wp-json\/wp\/v2\/product_tag?post=3275"}],"curies":[{"name":"wp","href":"https:\/\/api.w.org\/{rel}","templated":true}]}}