{"id":3237,"date":"2022-04-22T17:48:55","date_gmt":"2022-04-22T15:48:55","guid":{"rendered":"https:\/\/trendsandvision.nl\/de\/product\/compleet-koolmeespakket\/"},"modified":"2026-04-07T10:26:41","modified_gmt":"2026-04-07T08:26:41","slug":"esschert-design-kohlmeise-komplettpaket","status":"publish","type":"product","link":"https:\/\/trendsandvision.nl\/de\/product\/esschert-design-kohlmeise-komplettpaket\/","title":{"rendered":"Esschert Design Kohlmeise-Komplettpaket"},"content":{"rendered":"<p>Dieses Paket enth\u00e4lt alles, was Sie zur Versorgung der Kohlmeisen im Garten ben\u00f6tigen.<br \/>\nDas Set bietet Unterschlupf und Wohnraum, Streufutter und ein dazugeh\u00f6riges F\u00fctterungssystem.<br \/>\nNeben der Kohlmeise ziehen auch die Heckenbraunelle, der Haussperling und die Blaumeise gerne in diesen Nistkasten ein.<\/p>\n<p>&#8211; komplettes Set<br \/>\n&#8211; inklusive Streufutter und F\u00fctterungssystem<br \/>\n&#8211; inklusive Nistkasten<br \/>\n&#8211; verpackt in einer farbigen Geschenkbox<\/p>\n<p>Artikelnummer: FB556<br \/>\nProduktgruppe(n) V\u00f6gel&amp;Gartentiere, Nistk\u00e4sten und Vogelh\u00e4user, Kohlmeise, Futterungssysteme, Sonstiges<br \/>\nProduktabmessungen in cm L 29,6 x T 17,7 x H 29,3<br \/>\nMaterial: Kiefernholz, PVC, PP, Weizen, Sorghum, Hirse, schwarze Sonnenblumenkerne, gestreifte Sonnenblumenkerne, Linien, gebrochener Mais, Hanfsamen, Bohne, kleiner Hafer, Wicke, Erbsen, schwarzer Hafer<br \/>\nNettogewicht 1,927 kg<br \/>\nBarcode 8714982206573<br \/>\nFSC\u00ae 100%<\/p>\n","protected":false},"excerpt":{"rendered":"<p>&#8211; komplettes Set<br \/>\n&#8211; inklusive Streufutter und F\u00fctterungssystem<br \/>\n&#8211; inklusive Nistkasten<br \/>\n&#8211; verpackt in einer farbigen Geschenkbox<br \/>\n&#8211; Artikelnummer: FB556<br \/>\n&#8211; Kohlmeise-Komplettpaket<br \/>\n&#8211; Nettogewicht 1,927 kg<br \/>\n&#8211; Barcode 8714982206573<br \/>\n&#8211; FSC\u00ae FSC 100%<\/p>\n","protected":false},"featured_media":3238,"template":"","meta":[],"product_brand":[9597,9598],"product_cat":[1315],"product_tag":[9419,9410,7166,7265,9407,7444,7189],"class_list":{"0":"post-3237","1":"product","2":"type-product","3":"status-publish","4":"has-post-thumbnail","6":"product_brand-esschert-design","7":"product_brand-trends-and-vision","8":"product_cat-best-for-birds","9":"product_tag-aluminiumnaegelfb318","10":"product_tag-fb528","11":"product_tag-fsc-fsc-100","12":"product_tag-futter","13":"product_tag-geschenkbox","14":"product_tag-kohlmeise-komplettpaket","15":"product_tag-vogelhaeuser","16":"pa_ean-code-1896","17":"pa_messungen-296-x-177-x-293-cm","19":"first","20":"instock","21":"sale","22":"taxable","23":"shipping-taxable","24":"purchasable","25":"product-type-simple","26":"czr-hentry"},"yoast_head":"<!-- This site is optimized with the Yoast SEO Premium plugin v26.4 (Yoast SEO v27.3) - https:\/\/yoast.com\/product\/yoast-seo-premium-wordpress\/ -->\n<title>Compleet koolmeespakket (FB556, 8714982206573) - Trends &amp; Vision<\/title>\n<meta name=\"description\" content=\"Compleet koolmeespakket: Dit pakket bevat alles wat nodig is om voor koolmezen in de tuin te zorgen\" \/>\n<meta name=\"robots\" content=\"index, follow, max-snippet:-1, max-image-preview:large, max-video-preview:-1\" \/>\n<link rel=\"canonical\" href=\"https:\/\/trendsandvision.nl\/de\/product\/esschert-design-kohlmeise-komplettpaket\/\" \/>\n<meta property=\"og:locale\" content=\"de_DE\" \/>\n<meta property=\"og:type\" content=\"article\" \/>\n<meta property=\"og:title\" content=\"Esschert Design Kohlmeise-Komplettpaket\" \/>\n<meta property=\"og:description\" content=\"Compleet koolmeespakket: Dit pakket bevat alles wat nodig is om voor koolmezen in de tuin te zorgen\" \/>\n<meta property=\"og:url\" content=\"https:\/\/trendsandvision.nl\/de\/product\/esschert-design-kohlmeise-komplettpaket\/\" \/>\n<meta property=\"og:site_name\" content=\"Trends &amp; Vision (DE)\" \/>\n<meta property=\"article:modified_time\" content=\"2026-04-07T08:26:41+00:00\" \/>\n<meta property=\"og:image\" content=\"https:\/\/trendsandvision.nl\/de\/wp-content\/uploads\/sites\/3\/2022\/04\/FB556_01.jpg\" \/>\n\t<meta property=\"og:image:width\" content=\"800\" \/>\n\t<meta property=\"og:image:height\" content=\"800\" \/>\n\t<meta property=\"og:image:type\" content=\"image\/jpeg\" \/>\n<meta name=\"twitter:card\" content=\"summary_large_image\" \/>\n<meta name=\"twitter:label1\" content=\"Gesch\u00e4tzte Lesezeit\" \/>\n\t<meta name=\"twitter:data1\" content=\"1\u00a0Minute\" \/>\n<script type=\"application\/ld+json\" class=\"yoast-schema-graph\">{\"@context\":\"https:\\\/\\\/schema.org\",\"@graph\":[{\"@type\":\"WebPage\",\"@id\":\"https:\\\/\\\/trendsandvision.nl\\\/de\\\/product\\\/esschert-design-kohlmeise-komplettpaket\\\/\",\"url\":\"https:\\\/\\\/trendsandvision.nl\\\/de\\\/product\\\/esschert-design-kohlmeise-komplettpaket\\\/\",\"name\":\"Compleet koolmeespakket (FB556, 8714982206573) - Trends & Vision\",\"isPartOf\":{\"@id\":\"https:\\\/\\\/trendsandvision.nl\\\/de\\\/#website\"},\"primaryImageOfPage\":{\"@id\":\"https:\\\/\\\/trendsandvision.nl\\\/de\\\/product\\\/esschert-design-kohlmeise-komplettpaket\\\/#primaryimage\"},\"image\":{\"@id\":\"https:\\\/\\\/trendsandvision.nl\\\/de\\\/product\\\/esschert-design-kohlmeise-komplettpaket\\\/#primaryimage\"},\"thumbnailUrl\":\"https:\\\/\\\/trendsandvision.nl\\\/de\\\/wp-content\\\/uploads\\\/sites\\\/3\\\/2022\\\/04\\\/FB556_01.jpg\",\"datePublished\":\"2022-04-22T15:48:55+00:00\",\"dateModified\":\"2026-04-07T08:26:41+00:00\",\"description\":\"Compleet koolmeespakket: Dit pakket bevat alles wat nodig is om voor koolmezen in de tuin te zorgen\",\"breadcrumb\":{\"@id\":\"https:\\\/\\\/trendsandvision.nl\\\/de\\\/product\\\/esschert-design-kohlmeise-komplettpaket\\\/#breadcrumb\"},\"inLanguage\":\"de\",\"potentialAction\":[{\"@type\":\"ReadAction\",\"target\":[\"https:\\\/\\\/trendsandvision.nl\\\/de\\\/product\\\/esschert-design-kohlmeise-komplettpaket\\\/\"]}]},{\"@type\":\"ImageObject\",\"inLanguage\":\"de\",\"@id\":\"https:\\\/\\\/trendsandvision.nl\\\/de\\\/product\\\/esschert-design-kohlmeise-komplettpaket\\\/#primaryimage\",\"url\":\"https:\\\/\\\/trendsandvision.nl\\\/de\\\/wp-content\\\/uploads\\\/sites\\\/3\\\/2022\\\/04\\\/FB556_01.jpg\",\"contentUrl\":\"https:\\\/\\\/trendsandvision.nl\\\/de\\\/wp-content\\\/uploads\\\/sites\\\/3\\\/2022\\\/04\\\/FB556_01.jpg\",\"width\":800,\"height\":800,\"caption\":\"Compleet koolmeespakket (FB556\"},{\"@type\":\"BreadcrumbList\",\"@id\":\"https:\\\/\\\/trendsandvision.nl\\\/de\\\/product\\\/esschert-design-kohlmeise-komplettpaket\\\/#breadcrumb\",\"itemListElement\":[{\"@type\":\"ListItem\",\"position\":1,\"name\":\"Home\",\"item\":\"https:\\\/\\\/trendsandvision.nl\\\/de\\\/\"},{\"@type\":\"ListItem\",\"position\":2,\"name\":\"Gesch\u00e4ft\",\"item\":\"https:\\\/\\\/trendsandvision.nl\\\/de\\\/geschaft\\\/\"},{\"@type\":\"ListItem\",\"position\":3,\"name\":\"Esschert Design Kohlmeise-Komplettpaket\"}]},{\"@type\":\"WebSite\",\"@id\":\"https:\\\/\\\/trendsandvision.nl\\\/de\\\/#website\",\"url\":\"https:\\\/\\\/trendsandvision.nl\\\/de\\\/\",\"name\":\"Trends &amp; Vision (DE)\",\"description\":\"Der Webshop f\u00fcr Esschert Design Artikel\",\"publisher\":{\"@id\":\"https:\\\/\\\/trendsandvision.nl\\\/de\\\/#organization\"},\"potentialAction\":[{\"@type\":\"SearchAction\",\"target\":{\"@type\":\"EntryPoint\",\"urlTemplate\":\"https:\\\/\\\/trendsandvision.nl\\\/de\\\/?s={search_term_string}\"},\"query-input\":{\"@type\":\"PropertyValueSpecification\",\"valueRequired\":true,\"valueName\":\"search_term_string\"}}],\"inLanguage\":\"de\"},{\"@type\":\"Organization\",\"@id\":\"https:\\\/\\\/trendsandvision.nl\\\/de\\\/#organization\",\"name\":\"Trends &amp; Vision (DE)\",\"url\":\"https:\\\/\\\/trendsandvision.nl\\\/de\\\/\",\"logo\":{\"@type\":\"ImageObject\",\"inLanguage\":\"de\",\"@id\":\"https:\\\/\\\/trendsandvision.nl\\\/de\\\/#\\\/schema\\\/logo\\\/image\\\/\",\"url\":\"https:\\\/\\\/trendsandvision.nl\\\/de\\\/wp-content\\\/uploads\\\/sites\\\/3\\\/2022\\\/04\\\/trends-and-vision-logo.jpg\",\"contentUrl\":\"https:\\\/\\\/trendsandvision.nl\\\/de\\\/wp-content\\\/uploads\\\/sites\\\/3\\\/2022\\\/04\\\/trends-and-vision-logo.jpg\",\"width\":213,\"height\":100,\"caption\":\"Trends &amp; Vision (DE)\"},\"image\":{\"@id\":\"https:\\\/\\\/trendsandvision.nl\\\/de\\\/#\\\/schema\\\/logo\\\/image\\\/\"}}]}<\/script>\n<!-- \/ Yoast SEO Premium plugin. -->","yoast_head_json":{"title":"Compleet koolmeespakket (FB556, 8714982206573) - Trends & Vision","description":"Compleet koolmeespakket: Dit pakket bevat alles wat nodig is om voor koolmezen in de tuin te zorgen","robots":{"index":"index","follow":"follow","max-snippet":"max-snippet:-1","max-image-preview":"max-image-preview:large","max-video-preview":"max-video-preview:-1"},"canonical":"https:\/\/trendsandvision.nl\/de\/product\/esschert-design-kohlmeise-komplettpaket\/","og_locale":"de_DE","og_type":"article","og_title":"Esschert Design Kohlmeise-Komplettpaket","og_description":"Compleet koolmeespakket: Dit pakket bevat alles wat nodig is om voor koolmezen in de tuin te zorgen","og_url":"https:\/\/trendsandvision.nl\/de\/product\/esschert-design-kohlmeise-komplettpaket\/","og_site_name":"Trends &amp; Vision (DE)","article_modified_time":"2026-04-07T08:26:41+00:00","og_image":[{"width":800,"height":800,"url":"https:\/\/trendsandvision.nl\/de\/wp-content\/uploads\/sites\/3\/2022\/04\/FB556_01.jpg","type":"image\/jpeg"}],"twitter_card":"summary_large_image","twitter_misc":{"Gesch\u00e4tzte Lesezeit":"1\u00a0Minute"},"schema":{"@context":"https:\/\/schema.org","@graph":[{"@type":"WebPage","@id":"https:\/\/trendsandvision.nl\/de\/product\/esschert-design-kohlmeise-komplettpaket\/","url":"https:\/\/trendsandvision.nl\/de\/product\/esschert-design-kohlmeise-komplettpaket\/","name":"Compleet koolmeespakket (FB556, 8714982206573) - Trends & Vision","isPartOf":{"@id":"https:\/\/trendsandvision.nl\/de\/#website"},"primaryImageOfPage":{"@id":"https:\/\/trendsandvision.nl\/de\/product\/esschert-design-kohlmeise-komplettpaket\/#primaryimage"},"image":{"@id":"https:\/\/trendsandvision.nl\/de\/product\/esschert-design-kohlmeise-komplettpaket\/#primaryimage"},"thumbnailUrl":"https:\/\/trendsandvision.nl\/de\/wp-content\/uploads\/sites\/3\/2022\/04\/FB556_01.jpg","datePublished":"2022-04-22T15:48:55+00:00","dateModified":"2026-04-07T08:26:41+00:00","description":"Compleet koolmeespakket: Dit pakket bevat alles wat nodig is om voor koolmezen in de tuin te zorgen","breadcrumb":{"@id":"https:\/\/trendsandvision.nl\/de\/product\/esschert-design-kohlmeise-komplettpaket\/#breadcrumb"},"inLanguage":"de","potentialAction":[{"@type":"ReadAction","target":["https:\/\/trendsandvision.nl\/de\/product\/esschert-design-kohlmeise-komplettpaket\/"]}]},{"@type":"ImageObject","inLanguage":"de","@id":"https:\/\/trendsandvision.nl\/de\/product\/esschert-design-kohlmeise-komplettpaket\/#primaryimage","url":"https:\/\/trendsandvision.nl\/de\/wp-content\/uploads\/sites\/3\/2022\/04\/FB556_01.jpg","contentUrl":"https:\/\/trendsandvision.nl\/de\/wp-content\/uploads\/sites\/3\/2022\/04\/FB556_01.jpg","width":800,"height":800,"caption":"Compleet koolmeespakket (FB556"},{"@type":"BreadcrumbList","@id":"https:\/\/trendsandvision.nl\/de\/product\/esschert-design-kohlmeise-komplettpaket\/#breadcrumb","itemListElement":[{"@type":"ListItem","position":1,"name":"Home","item":"https:\/\/trendsandvision.nl\/de\/"},{"@type":"ListItem","position":2,"name":"Gesch\u00e4ft","item":"https:\/\/trendsandvision.nl\/de\/geschaft\/"},{"@type":"ListItem","position":3,"name":"Esschert Design Kohlmeise-Komplettpaket"}]},{"@type":"WebSite","@id":"https:\/\/trendsandvision.nl\/de\/#website","url":"https:\/\/trendsandvision.nl\/de\/","name":"Trends &amp; Vision (DE)","description":"Der Webshop f\u00fcr Esschert Design Artikel","publisher":{"@id":"https:\/\/trendsandvision.nl\/de\/#organization"},"potentialAction":[{"@type":"SearchAction","target":{"@type":"EntryPoint","urlTemplate":"https:\/\/trendsandvision.nl\/de\/?s={search_term_string}"},"query-input":{"@type":"PropertyValueSpecification","valueRequired":true,"valueName":"search_term_string"}}],"inLanguage":"de"},{"@type":"Organization","@id":"https:\/\/trendsandvision.nl\/de\/#organization","name":"Trends &amp; Vision (DE)","url":"https:\/\/trendsandvision.nl\/de\/","logo":{"@type":"ImageObject","inLanguage":"de","@id":"https:\/\/trendsandvision.nl\/de\/#\/schema\/logo\/image\/","url":"https:\/\/trendsandvision.nl\/de\/wp-content\/uploads\/sites\/3\/2022\/04\/trends-and-vision-logo.jpg","contentUrl":"https:\/\/trendsandvision.nl\/de\/wp-content\/uploads\/sites\/3\/2022\/04\/trends-and-vision-logo.jpg","width":213,"height":100,"caption":"Trends &amp; Vision (DE)"},"image":{"@id":"https:\/\/trendsandvision.nl\/de\/#\/schema\/logo\/image\/"}}]}},"_links":{"self":[{"href":"https:\/\/trendsandvision.nl\/de\/wp-json\/wp\/v2\/product\/3237","targetHints":{"allow":["GET"]}}],"collection":[{"href":"https:\/\/trendsandvision.nl\/de\/wp-json\/wp\/v2\/product"}],"about":[{"href":"https:\/\/trendsandvision.nl\/de\/wp-json\/wp\/v2\/types\/product"}],"wp:featuredmedia":[{"embeddable":true,"href":"https:\/\/trendsandvision.nl\/de\/wp-json\/wp\/v2\/media\/3238"}],"wp:attachment":[{"href":"https:\/\/trendsandvision.nl\/de\/wp-json\/wp\/v2\/media?parent=3237"}],"wp:term":[{"taxonomy":"product_brand","embeddable":true,"href":"https:\/\/trendsandvision.nl\/de\/wp-json\/wp\/v2\/product_brand?post=3237"},{"taxonomy":"product_cat","embeddable":true,"href":"https:\/\/trendsandvision.nl\/de\/wp-json\/wp\/v2\/product_cat?post=3237"},{"taxonomy":"product_tag","embeddable":true,"href":"https:\/\/trendsandvision.nl\/de\/wp-json\/wp\/v2\/product_tag?post=3237"}],"curies":[{"name":"wp","href":"https:\/\/api.w.org\/{rel}","templated":true}]}}