{"id":3205,"date":"2022-04-22T17:48:10","date_gmt":"2022-04-22T15:48:10","guid":{"rendered":"https:\/\/trendsandvision.nl\/de\/product\/esschert-design-vogellfuttersilo-eichel\/"},"modified":"2026-04-07T10:26:33","modified_gmt":"2026-04-07T08:26:33","slug":"esschert-design-vogellfuttersilo-eichel","status":"publish","type":"product","link":"https:\/\/trendsandvision.nl\/de\/product\/esschert-design-vogellfuttersilo-eichel\/","title":{"rendered":"Esschert Design Vogellfuttersilo Eichel"},"content":{"rendered":"<p>Dieses eichelf\u00f6rmige Futtersilo sch\u00fctzt das Futter vor Witterungseinfl\u00fcssen.<br \/>\nDas Silo ist leicht (nach) zu f\u00fcllen. Der Deckel kann durch Abschrauben des Rings entfernt werden.<br \/>\nUm Silo&#8217;s zu reinigen, haben wir einen speziellen <strong><a href=\"https:\/\/trendsandvision.nl\/de\/product\/esschert-design-futtertisch-schaber\/\">Kratzer<\/a><\/strong> und <strong><a href=\"https:\/\/trendsandvision.nl\/de\/product\/esschert-design-siloreinigungsbuerste\/\">B\u00fcrste<\/a><\/strong> entwickelt.<\/p>\n<p>&#8211; sch\u00fctzt das Futter vor Witterungseinfl\u00fcssen<br \/>\n&#8211; transparent<br \/>\n&#8211; leicht (nach) zu f\u00fcllen<br \/>\n&#8211; Deckel in Form einer Eichelkappe<\/p>\n<p>Artikelname: Vogellfuttersilo Eichel<br \/>\nArtikelnummer: FB533<br \/>\nProduktgruppe(n) V\u00f6gel&amp;Gartentiere, Futterungssysteme, Futtersilos<br \/>\nProduktabmessungen in cm L 16,2 x T 16,2 x H 27,4<br \/>\nMaterial: PVC, Eisen, Zink<br \/>\nNettogewicht 0,228 kg<br \/>\nBarcode 8714982184154<\/p>\n","protected":false},"excerpt":{"rendered":"<p>&#8211; sch\u00fctzt das Futter vor Witterungseinfl\u00fcssen<br \/>\n&#8211; Transparent<br \/>\n&#8211; leicht (nach) zu f\u00fcllen<br \/>\n&#8211; Deckel in Form einer Eichelkappe<br \/>\n&#8211; Vogellfuttersilo Eichel<br \/>\n&#8211; Artikelnummer: FB533<br \/>\n&#8211; L 16,2 x T 16,2 x H 27,4 cm<br \/>\n&#8211; Material: PVC, Eisen, Zink<br \/>\n&#8211; Nettogewicht 0,228 kg<br \/>\n&#8211; Barcode 8714982184154<\/p>\n","protected":false},"featured_media":3206,"template":"","meta":[],"product_brand":[9597,9598],"product_cat":[1315],"product_tag":[7190,9410,6960,6758],"class_list":{"0":"post-3205","1":"product","2":"type-product","3":"status-publish","4":"has-post-thumbnail","6":"product_brand-esschert-design","7":"product_brand-trends-and-vision","8":"product_cat-best-for-birds","9":"product_tag-eichel","10":"product_tag-fb528","11":"product_tag-futtersilos","12":"product_tag-gartentiere","13":"pa_anbieter-esschert-design","14":"pa_ean-code-1877","15":"pa_material-pvc-eisen-zink","16":"pa_messungen-168x168x273-cm","18":"first","19":"instock","20":"sale","21":"taxable","22":"shipping-taxable","23":"purchasable","24":"product-type-simple","25":"czr-hentry"},"yoast_head":"<!-- This site is optimized with the Yoast SEO Premium plugin v26.4 (Yoast SEO v27.3) - https:\/\/yoast.com\/product\/yoast-seo-premium-wordpress\/ -->\n<title>Esschert Design Vogellfuttersilo Eichel (FB533, 8714982184154) - Trends &amp; Vision<\/title>\n<meta name=\"description\" content=\"Esschert Design Vogellfuttersilo Eichel: Dieses eichelf\u00f6rmige Futtersilo sch\u00fctzt das Futter vor Witterungseinfl\u00fcssen. Das Silo ist leicht (na\" \/>\n<meta name=\"robots\" content=\"index, follow, max-snippet:-1, max-image-preview:large, max-video-preview:-1\" \/>\n<link rel=\"canonical\" href=\"https:\/\/trendsandvision.nl\/de\/product\/esschert-design-vogellfuttersilo-eichel\/\" \/>\n<meta property=\"og:locale\" content=\"de_DE\" \/>\n<meta property=\"og:type\" content=\"article\" \/>\n<meta property=\"og:title\" content=\"Esschert Design Vogellfuttersilo Eichel\" \/>\n<meta property=\"og:description\" content=\"Esschert Design Vogellfuttersilo Eichel: Dieses eichelf\u00f6rmige Futtersilo sch\u00fctzt das Futter vor Witterungseinfl\u00fcssen. Das Silo ist leicht (na\" \/>\n<meta property=\"og:url\" content=\"https:\/\/trendsandvision.nl\/de\/product\/esschert-design-vogellfuttersilo-eichel\/\" \/>\n<meta property=\"og:site_name\" content=\"Trends &amp; Vision (DE)\" \/>\n<meta property=\"article:modified_time\" content=\"2026-04-07T08:26:33+00:00\" \/>\n<meta property=\"og:image\" content=\"https:\/\/trendsandvision.nl\/de\/wp-content\/uploads\/sites\/3\/2022\/04\/FB533_01.jpg\" \/>\n\t<meta property=\"og:image:width\" content=\"800\" \/>\n\t<meta property=\"og:image:height\" content=\"800\" \/>\n\t<meta property=\"og:image:type\" content=\"image\/jpeg\" \/>\n<meta name=\"twitter:card\" content=\"summary_large_image\" \/>\n<meta name=\"twitter:label1\" content=\"Gesch\u00e4tzte Lesezeit\" \/>\n\t<meta name=\"twitter:data1\" content=\"1\u00a0Minute\" \/>\n<script type=\"application\/ld+json\" class=\"yoast-schema-graph\">{\"@context\":\"https:\\\/\\\/schema.org\",\"@graph\":[{\"@type\":\"WebPage\",\"@id\":\"https:\\\/\\\/trendsandvision.nl\\\/de\\\/product\\\/esschert-design-vogellfuttersilo-eichel\\\/\",\"url\":\"https:\\\/\\\/trendsandvision.nl\\\/de\\\/product\\\/esschert-design-vogellfuttersilo-eichel\\\/\",\"name\":\"Esschert Design Vogellfuttersilo Eichel (FB533, 8714982184154) - Trends & Vision\",\"isPartOf\":{\"@id\":\"https:\\\/\\\/trendsandvision.nl\\\/de\\\/#website\"},\"primaryImageOfPage\":{\"@id\":\"https:\\\/\\\/trendsandvision.nl\\\/de\\\/product\\\/esschert-design-vogellfuttersilo-eichel\\\/#primaryimage\"},\"image\":{\"@id\":\"https:\\\/\\\/trendsandvision.nl\\\/de\\\/product\\\/esschert-design-vogellfuttersilo-eichel\\\/#primaryimage\"},\"thumbnailUrl\":\"https:\\\/\\\/trendsandvision.nl\\\/de\\\/wp-content\\\/uploads\\\/sites\\\/3\\\/2022\\\/04\\\/FB533_01.jpg\",\"datePublished\":\"2022-04-22T15:48:10+00:00\",\"dateModified\":\"2026-04-07T08:26:33+00:00\",\"description\":\"Esschert Design Vogellfuttersilo Eichel: Dieses eichelf\u00f6rmige Futtersilo sch\u00fctzt das Futter vor Witterungseinfl\u00fcssen. Das Silo ist leicht (na\",\"breadcrumb\":{\"@id\":\"https:\\\/\\\/trendsandvision.nl\\\/de\\\/product\\\/esschert-design-vogellfuttersilo-eichel\\\/#breadcrumb\"},\"inLanguage\":\"de\",\"potentialAction\":[{\"@type\":\"ReadAction\",\"target\":[\"https:\\\/\\\/trendsandvision.nl\\\/de\\\/product\\\/esschert-design-vogellfuttersilo-eichel\\\/\"]}]},{\"@type\":\"ImageObject\",\"inLanguage\":\"de\",\"@id\":\"https:\\\/\\\/trendsandvision.nl\\\/de\\\/product\\\/esschert-design-vogellfuttersilo-eichel\\\/#primaryimage\",\"url\":\"https:\\\/\\\/trendsandvision.nl\\\/de\\\/wp-content\\\/uploads\\\/sites\\\/3\\\/2022\\\/04\\\/FB533_01.jpg\",\"contentUrl\":\"https:\\\/\\\/trendsandvision.nl\\\/de\\\/wp-content\\\/uploads\\\/sites\\\/3\\\/2022\\\/04\\\/FB533_01.jpg\",\"width\":800,\"height\":800,\"caption\":\"Esschert Design Vogellfuttersilo Eichel (FB533\"},{\"@type\":\"BreadcrumbList\",\"@id\":\"https:\\\/\\\/trendsandvision.nl\\\/de\\\/product\\\/esschert-design-vogellfuttersilo-eichel\\\/#breadcrumb\",\"itemListElement\":[{\"@type\":\"ListItem\",\"position\":1,\"name\":\"Home\",\"item\":\"https:\\\/\\\/trendsandvision.nl\\\/de\\\/\"},{\"@type\":\"ListItem\",\"position\":2,\"name\":\"Gesch\u00e4ft\",\"item\":\"https:\\\/\\\/trendsandvision.nl\\\/de\\\/geschaft\\\/\"},{\"@type\":\"ListItem\",\"position\":3,\"name\":\"Esschert Design Vogellfuttersilo Eichel\"}]},{\"@type\":\"WebSite\",\"@id\":\"https:\\\/\\\/trendsandvision.nl\\\/de\\\/#website\",\"url\":\"https:\\\/\\\/trendsandvision.nl\\\/de\\\/\",\"name\":\"Trends &amp; Vision (DE)\",\"description\":\"Der Webshop f\u00fcr Esschert Design Artikel\",\"publisher\":{\"@id\":\"https:\\\/\\\/trendsandvision.nl\\\/de\\\/#organization\"},\"potentialAction\":[{\"@type\":\"SearchAction\",\"target\":{\"@type\":\"EntryPoint\",\"urlTemplate\":\"https:\\\/\\\/trendsandvision.nl\\\/de\\\/?s={search_term_string}\"},\"query-input\":{\"@type\":\"PropertyValueSpecification\",\"valueRequired\":true,\"valueName\":\"search_term_string\"}}],\"inLanguage\":\"de\"},{\"@type\":\"Organization\",\"@id\":\"https:\\\/\\\/trendsandvision.nl\\\/de\\\/#organization\",\"name\":\"Trends &amp; Vision (DE)\",\"url\":\"https:\\\/\\\/trendsandvision.nl\\\/de\\\/\",\"logo\":{\"@type\":\"ImageObject\",\"inLanguage\":\"de\",\"@id\":\"https:\\\/\\\/trendsandvision.nl\\\/de\\\/#\\\/schema\\\/logo\\\/image\\\/\",\"url\":\"https:\\\/\\\/trendsandvision.nl\\\/de\\\/wp-content\\\/uploads\\\/sites\\\/3\\\/2022\\\/04\\\/trends-and-vision-logo.jpg\",\"contentUrl\":\"https:\\\/\\\/trendsandvision.nl\\\/de\\\/wp-content\\\/uploads\\\/sites\\\/3\\\/2022\\\/04\\\/trends-and-vision-logo.jpg\",\"width\":213,\"height\":100,\"caption\":\"Trends &amp; Vision (DE)\"},\"image\":{\"@id\":\"https:\\\/\\\/trendsandvision.nl\\\/de\\\/#\\\/schema\\\/logo\\\/image\\\/\"}}]}<\/script>\n<!-- \/ Yoast SEO Premium plugin. -->","yoast_head_json":{"title":"Esschert Design Vogellfuttersilo Eichel (FB533, 8714982184154) - Trends & Vision","description":"Esschert Design Vogellfuttersilo Eichel: Dieses eichelf\u00f6rmige Futtersilo sch\u00fctzt das Futter vor Witterungseinfl\u00fcssen. Das Silo ist leicht (na","robots":{"index":"index","follow":"follow","max-snippet":"max-snippet:-1","max-image-preview":"max-image-preview:large","max-video-preview":"max-video-preview:-1"},"canonical":"https:\/\/trendsandvision.nl\/de\/product\/esschert-design-vogellfuttersilo-eichel\/","og_locale":"de_DE","og_type":"article","og_title":"Esschert Design Vogellfuttersilo Eichel","og_description":"Esschert Design Vogellfuttersilo Eichel: Dieses eichelf\u00f6rmige Futtersilo sch\u00fctzt das Futter vor Witterungseinfl\u00fcssen. Das Silo ist leicht (na","og_url":"https:\/\/trendsandvision.nl\/de\/product\/esschert-design-vogellfuttersilo-eichel\/","og_site_name":"Trends &amp; Vision (DE)","article_modified_time":"2026-04-07T08:26:33+00:00","og_image":[{"width":800,"height":800,"url":"https:\/\/trendsandvision.nl\/de\/wp-content\/uploads\/sites\/3\/2022\/04\/FB533_01.jpg","type":"image\/jpeg"}],"twitter_card":"summary_large_image","twitter_misc":{"Gesch\u00e4tzte Lesezeit":"1\u00a0Minute"},"schema":{"@context":"https:\/\/schema.org","@graph":[{"@type":"WebPage","@id":"https:\/\/trendsandvision.nl\/de\/product\/esschert-design-vogellfuttersilo-eichel\/","url":"https:\/\/trendsandvision.nl\/de\/product\/esschert-design-vogellfuttersilo-eichel\/","name":"Esschert Design Vogellfuttersilo Eichel (FB533, 8714982184154) - Trends & Vision","isPartOf":{"@id":"https:\/\/trendsandvision.nl\/de\/#website"},"primaryImageOfPage":{"@id":"https:\/\/trendsandvision.nl\/de\/product\/esschert-design-vogellfuttersilo-eichel\/#primaryimage"},"image":{"@id":"https:\/\/trendsandvision.nl\/de\/product\/esschert-design-vogellfuttersilo-eichel\/#primaryimage"},"thumbnailUrl":"https:\/\/trendsandvision.nl\/de\/wp-content\/uploads\/sites\/3\/2022\/04\/FB533_01.jpg","datePublished":"2022-04-22T15:48:10+00:00","dateModified":"2026-04-07T08:26:33+00:00","description":"Esschert Design Vogellfuttersilo Eichel: Dieses eichelf\u00f6rmige Futtersilo sch\u00fctzt das Futter vor Witterungseinfl\u00fcssen. Das Silo ist leicht (na","breadcrumb":{"@id":"https:\/\/trendsandvision.nl\/de\/product\/esschert-design-vogellfuttersilo-eichel\/#breadcrumb"},"inLanguage":"de","potentialAction":[{"@type":"ReadAction","target":["https:\/\/trendsandvision.nl\/de\/product\/esschert-design-vogellfuttersilo-eichel\/"]}]},{"@type":"ImageObject","inLanguage":"de","@id":"https:\/\/trendsandvision.nl\/de\/product\/esschert-design-vogellfuttersilo-eichel\/#primaryimage","url":"https:\/\/trendsandvision.nl\/de\/wp-content\/uploads\/sites\/3\/2022\/04\/FB533_01.jpg","contentUrl":"https:\/\/trendsandvision.nl\/de\/wp-content\/uploads\/sites\/3\/2022\/04\/FB533_01.jpg","width":800,"height":800,"caption":"Esschert Design Vogellfuttersilo Eichel (FB533"},{"@type":"BreadcrumbList","@id":"https:\/\/trendsandvision.nl\/de\/product\/esschert-design-vogellfuttersilo-eichel\/#breadcrumb","itemListElement":[{"@type":"ListItem","position":1,"name":"Home","item":"https:\/\/trendsandvision.nl\/de\/"},{"@type":"ListItem","position":2,"name":"Gesch\u00e4ft","item":"https:\/\/trendsandvision.nl\/de\/geschaft\/"},{"@type":"ListItem","position":3,"name":"Esschert Design Vogellfuttersilo Eichel"}]},{"@type":"WebSite","@id":"https:\/\/trendsandvision.nl\/de\/#website","url":"https:\/\/trendsandvision.nl\/de\/","name":"Trends &amp; Vision (DE)","description":"Der Webshop f\u00fcr Esschert Design Artikel","publisher":{"@id":"https:\/\/trendsandvision.nl\/de\/#organization"},"potentialAction":[{"@type":"SearchAction","target":{"@type":"EntryPoint","urlTemplate":"https:\/\/trendsandvision.nl\/de\/?s={search_term_string}"},"query-input":{"@type":"PropertyValueSpecification","valueRequired":true,"valueName":"search_term_string"}}],"inLanguage":"de"},{"@type":"Organization","@id":"https:\/\/trendsandvision.nl\/de\/#organization","name":"Trends &amp; Vision (DE)","url":"https:\/\/trendsandvision.nl\/de\/","logo":{"@type":"ImageObject","inLanguage":"de","@id":"https:\/\/trendsandvision.nl\/de\/#\/schema\/logo\/image\/","url":"https:\/\/trendsandvision.nl\/de\/wp-content\/uploads\/sites\/3\/2022\/04\/trends-and-vision-logo.jpg","contentUrl":"https:\/\/trendsandvision.nl\/de\/wp-content\/uploads\/sites\/3\/2022\/04\/trends-and-vision-logo.jpg","width":213,"height":100,"caption":"Trends &amp; Vision (DE)"},"image":{"@id":"https:\/\/trendsandvision.nl\/de\/#\/schema\/logo\/image\/"}}]}},"_links":{"self":[{"href":"https:\/\/trendsandvision.nl\/de\/wp-json\/wp\/v2\/product\/3205","targetHints":{"allow":["GET"]}}],"collection":[{"href":"https:\/\/trendsandvision.nl\/de\/wp-json\/wp\/v2\/product"}],"about":[{"href":"https:\/\/trendsandvision.nl\/de\/wp-json\/wp\/v2\/types\/product"}],"wp:featuredmedia":[{"embeddable":true,"href":"https:\/\/trendsandvision.nl\/de\/wp-json\/wp\/v2\/media\/3206"}],"wp:attachment":[{"href":"https:\/\/trendsandvision.nl\/de\/wp-json\/wp\/v2\/media?parent=3205"}],"wp:term":[{"taxonomy":"product_brand","embeddable":true,"href":"https:\/\/trendsandvision.nl\/de\/wp-json\/wp\/v2\/product_brand?post=3205"},{"taxonomy":"product_cat","embeddable":true,"href":"https:\/\/trendsandvision.nl\/de\/wp-json\/wp\/v2\/product_cat?post=3205"},{"taxonomy":"product_tag","embeddable":true,"href":"https:\/\/trendsandvision.nl\/de\/wp-json\/wp\/v2\/product_tag?post=3205"}],"curies":[{"name":"wp","href":"https:\/\/api.w.org\/{rel}","templated":true}]}}