{"id":3189,"date":"2022-04-22T17:47:41","date_gmt":"2022-04-22T15:47:41","guid":{"rendered":"https:\/\/trendsandvision.nl\/de\/product\/esschert-design-fensterfuttertisch\/"},"modified":"2025-11-20T13:39:09","modified_gmt":"2025-11-20T12:39:09","slug":"esschert-design-fensterfuttertisch","status":"publish","type":"product","link":"https:\/\/trendsandvision.nl\/de\/product\/esschert-design-fensterfuttertisch\/","title":{"rendered":"Esschert Design Fensterfuttertisch"},"content":{"rendered":"<p>F\u00fcttern Sie die V\u00f6gel vom Fenster aus mithilfe dieses Fensterfuttertisches mit Saugn\u00e4pfen, damit Sie die V\u00f6gel ganz bequem beobachten k\u00f6nnen, ohne sie zu st\u00f6ren. Der Futertisch ist mit beweglichen Haken zur einfachen Aufbewahrung ausgestattet.<\/p>\n<p>Um Futtertische zu reinigen, haben wir einen speziellen <strong><a href=\"https:\/\/trendsandvision.nl\/de\/product\/esschert-design-futtertisch-schaber\/\">Kratzer<\/a><\/strong> und <strong><a href=\"https:\/\/trendsandvision.nl\/de\/product\/esschert-design-siloreinigungsbuerste\/\">B\u00fcrste<\/a><\/strong> entwickelt.<\/p>\n<p>&#8211; Mit 4 starken Saugn\u00e4pfen<br \/>\n&#8211; Mit beweglichen Haken zur einfachen Aufbewahrung<br \/>\n&#8211; V\u00f6gel beobachten, ohne sie zu st\u00f6ren<\/p>\n<p>Artikelnummer: FB527<br \/>\nProduktgruppe(n) V\u00f6gel&amp;Gartentiere, Futterungssysteme, Futtern\u00e4pfe und Futtersch\u00fcsseln, Futtersilos, Futter, Dekorativ, Sonstiges<br \/>\nProduktabmessungen in cm L 14,3 x T 14,2 x H 30,3<br \/>\nMaterial: Kiefernholz, Eisen, PVC<br \/>\nNettogewicht 0,283 kg<br \/>\nBarcode 8714982181825<br \/>\nFSC\u00ae 100%<br \/>\nTragf\u00e4higkeit 1 kg<\/p>\n","protected":false},"excerpt":{"rendered":"<p>&#8211; Mit 4 starken Saugn\u00e4pfen<br \/>\n&#8211; Mit beweglichen Haken zur<br \/>\n&#8211; einfachen Aufbewahrung<br \/>\n&#8211; V\u00f6gel beobachten, ohne sie zu st\u00f6ren<br \/>\n&#8211; Artikelnummer: FB527<br \/>\n&#8211; L 14,3 x T 14,2 x H 30,3 cm<br \/>\n&#8211; Material: Kiefernholz, Eisen, PVC<br \/>\n&#8211; Nettogewicht 0,283 kg<br \/>\n&#8211; Barcode 8714982181825<br \/>\n&#8211; FSC\u00ae  100%<br \/>\n&#8211; Tragf\u00e4higkeit 1 kg<\/p>\n","protected":false},"featured_media":3190,"template":"","meta":[],"product_brand":[9597,9598],"product_cat":[1315],"product_tag":[7166,7441,9406,7442],"class_list":{"0":"post-3189","1":"product","2":"type-product","3":"status-publish","4":"has-post-thumbnail","6":"product_brand-esschert-design","7":"product_brand-trends-and-vision","8":"product_cat-best-for-birds","9":"product_tag-fsc-fsc-100","10":"product_tag-futternaepfe-und-futterschuesseln","11":"product_tag-futtertischschaber-fb529","12":"product_tag-tragfaehigkeit-1-kg","13":"pa_anbieter-esschert-design","14":"pa_ean-code-1868","15":"pa_messungen-243x169x126-cm","17":"first","18":"instock","19":"sale","20":"taxable","21":"shipping-taxable","22":"purchasable","23":"product-type-simple","24":"czr-hentry"},"yoast_head":"<!-- This site is optimized with the Yoast SEO Premium plugin v26.4 (Yoast SEO v27.4) - https:\/\/yoast.com\/product\/yoast-seo-premium-wordpress\/ -->\n<title>Esschert Design Fensterfuttertisch (FB527, 8714982181825) - Trends &amp; Vision<\/title>\n<meta name=\"description\" content=\"Esschert Design Fensterfuttertisch: Fensterfuttertisch\" \/>\n<meta name=\"robots\" content=\"index, follow, max-snippet:-1, max-image-preview:large, max-video-preview:-1\" \/>\n<link rel=\"canonical\" href=\"https:\/\/trendsandvision.nl\/de\/product\/esschert-design-fensterfuttertisch\/\" \/>\n<meta property=\"og:locale\" content=\"de_DE\" \/>\n<meta property=\"og:type\" content=\"article\" \/>\n<meta property=\"og:title\" content=\"Esschert Design Fensterfuttertisch\" \/>\n<meta property=\"og:description\" content=\"Esschert Design Fensterfuttertisch: Fensterfuttertisch\" \/>\n<meta property=\"og:url\" content=\"https:\/\/trendsandvision.nl\/de\/product\/esschert-design-fensterfuttertisch\/\" \/>\n<meta property=\"og:site_name\" content=\"Trends &amp; Vision (DE)\" \/>\n<meta property=\"article:modified_time\" content=\"2025-11-20T12:39:09+00:00\" \/>\n<meta property=\"og:image\" content=\"https:\/\/trendsandvision.nl\/de\/wp-content\/uploads\/sites\/3\/2022\/04\/FB527_01.jpg\" \/>\n\t<meta property=\"og:image:width\" content=\"800\" \/>\n\t<meta property=\"og:image:height\" content=\"800\" \/>\n\t<meta property=\"og:image:type\" content=\"image\/jpeg\" \/>\n<meta name=\"twitter:card\" content=\"summary_large_image\" \/>\n<meta name=\"twitter:label1\" content=\"Gesch\u00e4tzte Lesezeit\" \/>\n\t<meta name=\"twitter:data1\" content=\"1\u00a0Minute\" \/>\n<script type=\"application\/ld+json\" class=\"yoast-schema-graph\">{\"@context\":\"https:\\\/\\\/schema.org\",\"@graph\":[{\"@type\":\"WebPage\",\"@id\":\"https:\\\/\\\/trendsandvision.nl\\\/de\\\/product\\\/esschert-design-fensterfuttertisch\\\/\",\"url\":\"https:\\\/\\\/trendsandvision.nl\\\/de\\\/product\\\/esschert-design-fensterfuttertisch\\\/\",\"name\":\"Esschert Design Fensterfuttertisch (FB527, 8714982181825) - Trends & Vision\",\"isPartOf\":{\"@id\":\"https:\\\/\\\/trendsandvision.nl\\\/de\\\/#website\"},\"primaryImageOfPage\":{\"@id\":\"https:\\\/\\\/trendsandvision.nl\\\/de\\\/product\\\/esschert-design-fensterfuttertisch\\\/#primaryimage\"},\"image\":{\"@id\":\"https:\\\/\\\/trendsandvision.nl\\\/de\\\/product\\\/esschert-design-fensterfuttertisch\\\/#primaryimage\"},\"thumbnailUrl\":\"https:\\\/\\\/trendsandvision.nl\\\/de\\\/wp-content\\\/uploads\\\/sites\\\/3\\\/2022\\\/04\\\/FB527_01.jpg\",\"datePublished\":\"2022-04-22T15:47:41+00:00\",\"dateModified\":\"2025-11-20T12:39:09+00:00\",\"description\":\"Esschert Design Fensterfuttertisch: Fensterfuttertisch\",\"breadcrumb\":{\"@id\":\"https:\\\/\\\/trendsandvision.nl\\\/de\\\/product\\\/esschert-design-fensterfuttertisch\\\/#breadcrumb\"},\"inLanguage\":\"de\",\"potentialAction\":[{\"@type\":\"ReadAction\",\"target\":[\"https:\\\/\\\/trendsandvision.nl\\\/de\\\/product\\\/esschert-design-fensterfuttertisch\\\/\"]}]},{\"@type\":\"ImageObject\",\"inLanguage\":\"de\",\"@id\":\"https:\\\/\\\/trendsandvision.nl\\\/de\\\/product\\\/esschert-design-fensterfuttertisch\\\/#primaryimage\",\"url\":\"https:\\\/\\\/trendsandvision.nl\\\/de\\\/wp-content\\\/uploads\\\/sites\\\/3\\\/2022\\\/04\\\/FB527_01.jpg\",\"contentUrl\":\"https:\\\/\\\/trendsandvision.nl\\\/de\\\/wp-content\\\/uploads\\\/sites\\\/3\\\/2022\\\/04\\\/FB527_01.jpg\",\"width\":800,\"height\":800,\"caption\":\"Esschert Design Fensterfuttertisch (FB527\"},{\"@type\":\"BreadcrumbList\",\"@id\":\"https:\\\/\\\/trendsandvision.nl\\\/de\\\/product\\\/esschert-design-fensterfuttertisch\\\/#breadcrumb\",\"itemListElement\":[{\"@type\":\"ListItem\",\"position\":1,\"name\":\"Home\",\"item\":\"https:\\\/\\\/trendsandvision.nl\\\/de\\\/\"},{\"@type\":\"ListItem\",\"position\":2,\"name\":\"Gesch\u00e4ft\",\"item\":\"https:\\\/\\\/trendsandvision.nl\\\/de\\\/geschaft\\\/\"},{\"@type\":\"ListItem\",\"position\":3,\"name\":\"Esschert Design Fensterfuttertisch\"}]},{\"@type\":\"WebSite\",\"@id\":\"https:\\\/\\\/trendsandvision.nl\\\/de\\\/#website\",\"url\":\"https:\\\/\\\/trendsandvision.nl\\\/de\\\/\",\"name\":\"Trends &amp; Vision (DE)\",\"description\":\"Der Webshop f\u00fcr Esschert Design Artikel\",\"publisher\":{\"@id\":\"https:\\\/\\\/trendsandvision.nl\\\/de\\\/#organization\"},\"potentialAction\":[{\"@type\":\"SearchAction\",\"target\":{\"@type\":\"EntryPoint\",\"urlTemplate\":\"https:\\\/\\\/trendsandvision.nl\\\/de\\\/?s={search_term_string}\"},\"query-input\":{\"@type\":\"PropertyValueSpecification\",\"valueRequired\":true,\"valueName\":\"search_term_string\"}}],\"inLanguage\":\"de\"},{\"@type\":\"Organization\",\"@id\":\"https:\\\/\\\/trendsandvision.nl\\\/de\\\/#organization\",\"name\":\"Trends &amp; Vision (DE)\",\"url\":\"https:\\\/\\\/trendsandvision.nl\\\/de\\\/\",\"logo\":{\"@type\":\"ImageObject\",\"inLanguage\":\"de\",\"@id\":\"https:\\\/\\\/trendsandvision.nl\\\/de\\\/#\\\/schema\\\/logo\\\/image\\\/\",\"url\":\"https:\\\/\\\/trendsandvision.nl\\\/de\\\/wp-content\\\/uploads\\\/sites\\\/3\\\/2022\\\/04\\\/trends-and-vision-logo.jpg\",\"contentUrl\":\"https:\\\/\\\/trendsandvision.nl\\\/de\\\/wp-content\\\/uploads\\\/sites\\\/3\\\/2022\\\/04\\\/trends-and-vision-logo.jpg\",\"width\":213,\"height\":100,\"caption\":\"Trends &amp; Vision (DE)\"},\"image\":{\"@id\":\"https:\\\/\\\/trendsandvision.nl\\\/de\\\/#\\\/schema\\\/logo\\\/image\\\/\"}}]}<\/script>\n<!-- \/ Yoast SEO Premium plugin. -->","yoast_head_json":{"title":"Esschert Design Fensterfuttertisch (FB527, 8714982181825) - Trends & Vision","description":"Esschert Design Fensterfuttertisch: Fensterfuttertisch","robots":{"index":"index","follow":"follow","max-snippet":"max-snippet:-1","max-image-preview":"max-image-preview:large","max-video-preview":"max-video-preview:-1"},"canonical":"https:\/\/trendsandvision.nl\/de\/product\/esschert-design-fensterfuttertisch\/","og_locale":"de_DE","og_type":"article","og_title":"Esschert Design Fensterfuttertisch","og_description":"Esschert Design Fensterfuttertisch: Fensterfuttertisch","og_url":"https:\/\/trendsandvision.nl\/de\/product\/esschert-design-fensterfuttertisch\/","og_site_name":"Trends &amp; Vision (DE)","article_modified_time":"2025-11-20T12:39:09+00:00","og_image":[{"width":800,"height":800,"url":"https:\/\/trendsandvision.nl\/de\/wp-content\/uploads\/sites\/3\/2022\/04\/FB527_01.jpg","type":"image\/jpeg"}],"twitter_card":"summary_large_image","twitter_misc":{"Gesch\u00e4tzte Lesezeit":"1\u00a0Minute"},"schema":{"@context":"https:\/\/schema.org","@graph":[{"@type":"WebPage","@id":"https:\/\/trendsandvision.nl\/de\/product\/esschert-design-fensterfuttertisch\/","url":"https:\/\/trendsandvision.nl\/de\/product\/esschert-design-fensterfuttertisch\/","name":"Esschert Design Fensterfuttertisch (FB527, 8714982181825) - Trends & Vision","isPartOf":{"@id":"https:\/\/trendsandvision.nl\/de\/#website"},"primaryImageOfPage":{"@id":"https:\/\/trendsandvision.nl\/de\/product\/esschert-design-fensterfuttertisch\/#primaryimage"},"image":{"@id":"https:\/\/trendsandvision.nl\/de\/product\/esschert-design-fensterfuttertisch\/#primaryimage"},"thumbnailUrl":"https:\/\/trendsandvision.nl\/de\/wp-content\/uploads\/sites\/3\/2022\/04\/FB527_01.jpg","datePublished":"2022-04-22T15:47:41+00:00","dateModified":"2025-11-20T12:39:09+00:00","description":"Esschert Design Fensterfuttertisch: Fensterfuttertisch","breadcrumb":{"@id":"https:\/\/trendsandvision.nl\/de\/product\/esschert-design-fensterfuttertisch\/#breadcrumb"},"inLanguage":"de","potentialAction":[{"@type":"ReadAction","target":["https:\/\/trendsandvision.nl\/de\/product\/esschert-design-fensterfuttertisch\/"]}]},{"@type":"ImageObject","inLanguage":"de","@id":"https:\/\/trendsandvision.nl\/de\/product\/esschert-design-fensterfuttertisch\/#primaryimage","url":"https:\/\/trendsandvision.nl\/de\/wp-content\/uploads\/sites\/3\/2022\/04\/FB527_01.jpg","contentUrl":"https:\/\/trendsandvision.nl\/de\/wp-content\/uploads\/sites\/3\/2022\/04\/FB527_01.jpg","width":800,"height":800,"caption":"Esschert Design Fensterfuttertisch (FB527"},{"@type":"BreadcrumbList","@id":"https:\/\/trendsandvision.nl\/de\/product\/esschert-design-fensterfuttertisch\/#breadcrumb","itemListElement":[{"@type":"ListItem","position":1,"name":"Home","item":"https:\/\/trendsandvision.nl\/de\/"},{"@type":"ListItem","position":2,"name":"Gesch\u00e4ft","item":"https:\/\/trendsandvision.nl\/de\/geschaft\/"},{"@type":"ListItem","position":3,"name":"Esschert Design Fensterfuttertisch"}]},{"@type":"WebSite","@id":"https:\/\/trendsandvision.nl\/de\/#website","url":"https:\/\/trendsandvision.nl\/de\/","name":"Trends &amp; Vision (DE)","description":"Der Webshop f\u00fcr Esschert Design Artikel","publisher":{"@id":"https:\/\/trendsandvision.nl\/de\/#organization"},"potentialAction":[{"@type":"SearchAction","target":{"@type":"EntryPoint","urlTemplate":"https:\/\/trendsandvision.nl\/de\/?s={search_term_string}"},"query-input":{"@type":"PropertyValueSpecification","valueRequired":true,"valueName":"search_term_string"}}],"inLanguage":"de"},{"@type":"Organization","@id":"https:\/\/trendsandvision.nl\/de\/#organization","name":"Trends &amp; Vision (DE)","url":"https:\/\/trendsandvision.nl\/de\/","logo":{"@type":"ImageObject","inLanguage":"de","@id":"https:\/\/trendsandvision.nl\/de\/#\/schema\/logo\/image\/","url":"https:\/\/trendsandvision.nl\/de\/wp-content\/uploads\/sites\/3\/2022\/04\/trends-and-vision-logo.jpg","contentUrl":"https:\/\/trendsandvision.nl\/de\/wp-content\/uploads\/sites\/3\/2022\/04\/trends-and-vision-logo.jpg","width":213,"height":100,"caption":"Trends &amp; Vision (DE)"},"image":{"@id":"https:\/\/trendsandvision.nl\/de\/#\/schema\/logo\/image\/"}}]}},"_links":{"self":[{"href":"https:\/\/trendsandvision.nl\/de\/wp-json\/wp\/v2\/product\/3189","targetHints":{"allow":["GET"]}}],"collection":[{"href":"https:\/\/trendsandvision.nl\/de\/wp-json\/wp\/v2\/product"}],"about":[{"href":"https:\/\/trendsandvision.nl\/de\/wp-json\/wp\/v2\/types\/product"}],"wp:featuredmedia":[{"embeddable":true,"href":"https:\/\/trendsandvision.nl\/de\/wp-json\/wp\/v2\/media\/3190"}],"wp:attachment":[{"href":"https:\/\/trendsandvision.nl\/de\/wp-json\/wp\/v2\/media?parent=3189"}],"wp:term":[{"taxonomy":"product_brand","embeddable":true,"href":"https:\/\/trendsandvision.nl\/de\/wp-json\/wp\/v2\/product_brand?post=3189"},{"taxonomy":"product_cat","embeddable":true,"href":"https:\/\/trendsandvision.nl\/de\/wp-json\/wp\/v2\/product_cat?post=3189"},{"taxonomy":"product_tag","embeddable":true,"href":"https:\/\/trendsandvision.nl\/de\/wp-json\/wp\/v2\/product_tag?post=3189"}],"curies":[{"name":"wp","href":"https:\/\/api.w.org\/{rel}","templated":true}]}}