{"id":3176,"date":"2022-04-22T17:47:14","date_gmt":"2022-04-22T15:47:14","guid":{"rendered":"https:\/\/trendsandvision.nl\/de\/product\/esschert-design-fettblockhalter-2\/"},"modified":"2026-04-07T10:26:30","modified_gmt":"2026-04-07T08:26:30","slug":"esschert-design-fettblockhalter-2","status":"publish","type":"product","link":"https:\/\/trendsandvision.nl\/de\/product\/esschert-design-fettblockhalter-2\/","title":{"rendered":"Esschert Design Fettblockhalter"},"content":{"rendered":"<p>Locken Sie mit diesem Vogelfettblockhalter V\u00f6gel in den Garten.<br \/>\nEine praktische und bequemer Weg, die V\u00f6gel <strong><a href=\"https:\/\/trendsandvision.nl\/de\/product\/esschert-design-fettblock\/\">Fettbl\u00f6cken FB912<\/a><\/strong> zu f\u00fcttern.<\/p>\n<p>&#8211; leicht (nach) zu f\u00fcllen und kann \u00fcberall aufgeh\u00e4ngt werden<br \/>\n&#8211; leicht zug\u00e4nglich<\/p>\n<p>Artikelname: Fettblockhalter<br \/>\nArtikelnummer: FB524<br \/>\nProduktgruppe(n) V\u00f6gel&amp;Gartentiere, Futterungssysteme, Futtersilos<br \/>\nProduktabmessungen in cm L 14,9 x T 5,9 x H 13,7<br \/>\nMaterial: Eisen<br \/>\nNettogewicht 0,131 kg<br \/>\nBarcode 8714982181795<br \/>\nAlle <strong><a href=\"https:\/\/trendsandvision.nl\/de\/?s=haken&amp;post_type=product&amp;dgwt_wcas=1\">Haken<\/a><\/strong><\/p>\n","protected":false},"excerpt":{"rendered":"<p>&#8211; leicht (nach) zu f\u00fcllen<br \/>\n&#8211; und kann \u00fcberall aufgeh\u00e4ngt werden<br \/>\n&#8211; leicht zug\u00e4nglich<br \/>\n&#8211; Artikelname: Fettblockhalter<br \/>\n&#8211; L 14,9 x T 5,9 x H 13,7 cm<br \/>\n&#8211; Material: Eisen<br \/>\n&#8211; Nettogewicht 0,131 kg<br \/>\n&#8211; Barcode 8714982181795<br \/>\n&#8211; V\u00f6gel<strong><a href=\"https:\/\/trendsandvision.nl\/de\/product\/esschert-design-fettblock\/\">Fettbl\u00f6cken FB912<\/a><\/strong> zu f\u00fcttern.<\/p>\n","protected":false},"featured_media":3177,"template":"","meta":[],"product_brand":[9597,9598],"product_cat":[1315],"product_tag":[6960,6759,7194],"class_list":{"0":"post-3176","1":"product","2":"type-product","3":"status-publish","4":"has-post-thumbnail","6":"product_brand-esschert-design","7":"product_brand-trends-and-vision","8":"product_cat-best-for-birds","9":"product_tag-futtersilos","10":"product_tag-fuetterungssysteme","11":"product_tag-vogelfettblockhalter","12":"pa_anbieter-esschert-design","13":"pa_ean-code-1862","14":"pa_material-eisen","15":"pa_messungen-151x7x132-cm","17":"first","18":"instock","19":"sale","20":"taxable","21":"shipping-taxable","22":"purchasable","23":"product-type-simple","24":"czr-hentry"},"yoast_head":"<!-- This site is optimized with the Yoast SEO Premium plugin v26.4 (Yoast SEO v27.3) - https:\/\/yoast.com\/product\/yoast-seo-premium-wordpress\/ -->\n<title>Esschert Design Fettblockhalter (FB524, 8714982181795) - Trends &amp; Vision<\/title>\n<meta name=\"description\" content=\"Esschert Design Fettblockhalter: Locken Sie mit diesem Vogelfettblockhalter V\u00f6gel in den Garten. Eine praktische und bequemer Weg, di\" \/>\n<meta name=\"robots\" content=\"index, follow, max-snippet:-1, max-image-preview:large, max-video-preview:-1\" \/>\n<link rel=\"canonical\" href=\"https:\/\/trendsandvision.nl\/de\/product\/esschert-design-fettblockhalter-2\/\" \/>\n<meta property=\"og:locale\" content=\"de_DE\" \/>\n<meta property=\"og:type\" content=\"article\" \/>\n<meta property=\"og:title\" content=\"Esschert Design Fettblockhalter\" \/>\n<meta property=\"og:description\" content=\"Esschert Design Fettblockhalter: Locken Sie mit diesem Vogelfettblockhalter V\u00f6gel in den Garten. Eine praktische und bequemer Weg, di\" \/>\n<meta property=\"og:url\" content=\"https:\/\/trendsandvision.nl\/de\/product\/esschert-design-fettblockhalter-2\/\" \/>\n<meta property=\"og:site_name\" content=\"Trends &amp; Vision (DE)\" \/>\n<meta property=\"article:modified_time\" content=\"2026-04-07T08:26:30+00:00\" \/>\n<meta property=\"og:image\" content=\"https:\/\/trendsandvision.nl\/de\/wp-content\/uploads\/sites\/3\/2022\/04\/FB524_01.jpg\" \/>\n\t<meta property=\"og:image:width\" content=\"800\" \/>\n\t<meta property=\"og:image:height\" content=\"800\" \/>\n\t<meta property=\"og:image:type\" content=\"image\/jpeg\" \/>\n<meta name=\"twitter:card\" content=\"summary_large_image\" \/>\n<meta name=\"twitter:label1\" content=\"Gesch\u00e4tzte Lesezeit\" \/>\n\t<meta name=\"twitter:data1\" content=\"1\u00a0Minute\" \/>\n<script type=\"application\/ld+json\" class=\"yoast-schema-graph\">{\"@context\":\"https:\\\/\\\/schema.org\",\"@graph\":[{\"@type\":\"WebPage\",\"@id\":\"https:\\\/\\\/trendsandvision.nl\\\/de\\\/product\\\/esschert-design-fettblockhalter-2\\\/\",\"url\":\"https:\\\/\\\/trendsandvision.nl\\\/de\\\/product\\\/esschert-design-fettblockhalter-2\\\/\",\"name\":\"Esschert Design Fettblockhalter (FB524, 8714982181795) - Trends & Vision\",\"isPartOf\":{\"@id\":\"https:\\\/\\\/trendsandvision.nl\\\/de\\\/#website\"},\"primaryImageOfPage\":{\"@id\":\"https:\\\/\\\/trendsandvision.nl\\\/de\\\/product\\\/esschert-design-fettblockhalter-2\\\/#primaryimage\"},\"image\":{\"@id\":\"https:\\\/\\\/trendsandvision.nl\\\/de\\\/product\\\/esschert-design-fettblockhalter-2\\\/#primaryimage\"},\"thumbnailUrl\":\"https:\\\/\\\/trendsandvision.nl\\\/de\\\/wp-content\\\/uploads\\\/sites\\\/3\\\/2022\\\/04\\\/FB524_01.jpg\",\"datePublished\":\"2022-04-22T15:47:14+00:00\",\"dateModified\":\"2026-04-07T08:26:30+00:00\",\"description\":\"Esschert Design Fettblockhalter: Locken Sie mit diesem Vogelfettblockhalter V\u00f6gel in den Garten. Eine praktische und bequemer Weg, di\",\"breadcrumb\":{\"@id\":\"https:\\\/\\\/trendsandvision.nl\\\/de\\\/product\\\/esschert-design-fettblockhalter-2\\\/#breadcrumb\"},\"inLanguage\":\"de\",\"potentialAction\":[{\"@type\":\"ReadAction\",\"target\":[\"https:\\\/\\\/trendsandvision.nl\\\/de\\\/product\\\/esschert-design-fettblockhalter-2\\\/\"]}]},{\"@type\":\"ImageObject\",\"inLanguage\":\"de\",\"@id\":\"https:\\\/\\\/trendsandvision.nl\\\/de\\\/product\\\/esschert-design-fettblockhalter-2\\\/#primaryimage\",\"url\":\"https:\\\/\\\/trendsandvision.nl\\\/de\\\/wp-content\\\/uploads\\\/sites\\\/3\\\/2022\\\/04\\\/FB524_01.jpg\",\"contentUrl\":\"https:\\\/\\\/trendsandvision.nl\\\/de\\\/wp-content\\\/uploads\\\/sites\\\/3\\\/2022\\\/04\\\/FB524_01.jpg\",\"width\":800,\"height\":800,\"caption\":\"Esschert Design Fettblockhalter (FB524\"},{\"@type\":\"BreadcrumbList\",\"@id\":\"https:\\\/\\\/trendsandvision.nl\\\/de\\\/product\\\/esschert-design-fettblockhalter-2\\\/#breadcrumb\",\"itemListElement\":[{\"@type\":\"ListItem\",\"position\":1,\"name\":\"Home\",\"item\":\"https:\\\/\\\/trendsandvision.nl\\\/de\\\/\"},{\"@type\":\"ListItem\",\"position\":2,\"name\":\"Gesch\u00e4ft\",\"item\":\"https:\\\/\\\/trendsandvision.nl\\\/de\\\/geschaft\\\/\"},{\"@type\":\"ListItem\",\"position\":3,\"name\":\"Esschert Design Fettblockhalter\"}]},{\"@type\":\"WebSite\",\"@id\":\"https:\\\/\\\/trendsandvision.nl\\\/de\\\/#website\",\"url\":\"https:\\\/\\\/trendsandvision.nl\\\/de\\\/\",\"name\":\"Trends &amp; Vision (DE)\",\"description\":\"Der Webshop f\u00fcr Esschert Design Artikel\",\"publisher\":{\"@id\":\"https:\\\/\\\/trendsandvision.nl\\\/de\\\/#organization\"},\"potentialAction\":[{\"@type\":\"SearchAction\",\"target\":{\"@type\":\"EntryPoint\",\"urlTemplate\":\"https:\\\/\\\/trendsandvision.nl\\\/de\\\/?s={search_term_string}\"},\"query-input\":{\"@type\":\"PropertyValueSpecification\",\"valueRequired\":true,\"valueName\":\"search_term_string\"}}],\"inLanguage\":\"de\"},{\"@type\":\"Organization\",\"@id\":\"https:\\\/\\\/trendsandvision.nl\\\/de\\\/#organization\",\"name\":\"Trends &amp; Vision (DE)\",\"url\":\"https:\\\/\\\/trendsandvision.nl\\\/de\\\/\",\"logo\":{\"@type\":\"ImageObject\",\"inLanguage\":\"de\",\"@id\":\"https:\\\/\\\/trendsandvision.nl\\\/de\\\/#\\\/schema\\\/logo\\\/image\\\/\",\"url\":\"https:\\\/\\\/trendsandvision.nl\\\/de\\\/wp-content\\\/uploads\\\/sites\\\/3\\\/2022\\\/04\\\/trends-and-vision-logo.jpg\",\"contentUrl\":\"https:\\\/\\\/trendsandvision.nl\\\/de\\\/wp-content\\\/uploads\\\/sites\\\/3\\\/2022\\\/04\\\/trends-and-vision-logo.jpg\",\"width\":213,\"height\":100,\"caption\":\"Trends &amp; Vision (DE)\"},\"image\":{\"@id\":\"https:\\\/\\\/trendsandvision.nl\\\/de\\\/#\\\/schema\\\/logo\\\/image\\\/\"}}]}<\/script>\n<!-- \/ Yoast SEO Premium plugin. -->","yoast_head_json":{"title":"Esschert Design Fettblockhalter (FB524, 8714982181795) - Trends & Vision","description":"Esschert Design Fettblockhalter: Locken Sie mit diesem Vogelfettblockhalter V\u00f6gel in den Garten. Eine praktische und bequemer Weg, di","robots":{"index":"index","follow":"follow","max-snippet":"max-snippet:-1","max-image-preview":"max-image-preview:large","max-video-preview":"max-video-preview:-1"},"canonical":"https:\/\/trendsandvision.nl\/de\/product\/esschert-design-fettblockhalter-2\/","og_locale":"de_DE","og_type":"article","og_title":"Esschert Design Fettblockhalter","og_description":"Esschert Design Fettblockhalter: Locken Sie mit diesem Vogelfettblockhalter V\u00f6gel in den Garten. Eine praktische und bequemer Weg, di","og_url":"https:\/\/trendsandvision.nl\/de\/product\/esschert-design-fettblockhalter-2\/","og_site_name":"Trends &amp; Vision (DE)","article_modified_time":"2026-04-07T08:26:30+00:00","og_image":[{"width":800,"height":800,"url":"https:\/\/trendsandvision.nl\/de\/wp-content\/uploads\/sites\/3\/2022\/04\/FB524_01.jpg","type":"image\/jpeg"}],"twitter_card":"summary_large_image","twitter_misc":{"Gesch\u00e4tzte Lesezeit":"1\u00a0Minute"},"schema":{"@context":"https:\/\/schema.org","@graph":[{"@type":"WebPage","@id":"https:\/\/trendsandvision.nl\/de\/product\/esschert-design-fettblockhalter-2\/","url":"https:\/\/trendsandvision.nl\/de\/product\/esschert-design-fettblockhalter-2\/","name":"Esschert Design Fettblockhalter (FB524, 8714982181795) - Trends & Vision","isPartOf":{"@id":"https:\/\/trendsandvision.nl\/de\/#website"},"primaryImageOfPage":{"@id":"https:\/\/trendsandvision.nl\/de\/product\/esschert-design-fettblockhalter-2\/#primaryimage"},"image":{"@id":"https:\/\/trendsandvision.nl\/de\/product\/esschert-design-fettblockhalter-2\/#primaryimage"},"thumbnailUrl":"https:\/\/trendsandvision.nl\/de\/wp-content\/uploads\/sites\/3\/2022\/04\/FB524_01.jpg","datePublished":"2022-04-22T15:47:14+00:00","dateModified":"2026-04-07T08:26:30+00:00","description":"Esschert Design Fettblockhalter: Locken Sie mit diesem Vogelfettblockhalter V\u00f6gel in den Garten. Eine praktische und bequemer Weg, di","breadcrumb":{"@id":"https:\/\/trendsandvision.nl\/de\/product\/esschert-design-fettblockhalter-2\/#breadcrumb"},"inLanguage":"de","potentialAction":[{"@type":"ReadAction","target":["https:\/\/trendsandvision.nl\/de\/product\/esschert-design-fettblockhalter-2\/"]}]},{"@type":"ImageObject","inLanguage":"de","@id":"https:\/\/trendsandvision.nl\/de\/product\/esschert-design-fettblockhalter-2\/#primaryimage","url":"https:\/\/trendsandvision.nl\/de\/wp-content\/uploads\/sites\/3\/2022\/04\/FB524_01.jpg","contentUrl":"https:\/\/trendsandvision.nl\/de\/wp-content\/uploads\/sites\/3\/2022\/04\/FB524_01.jpg","width":800,"height":800,"caption":"Esschert Design Fettblockhalter (FB524"},{"@type":"BreadcrumbList","@id":"https:\/\/trendsandvision.nl\/de\/product\/esschert-design-fettblockhalter-2\/#breadcrumb","itemListElement":[{"@type":"ListItem","position":1,"name":"Home","item":"https:\/\/trendsandvision.nl\/de\/"},{"@type":"ListItem","position":2,"name":"Gesch\u00e4ft","item":"https:\/\/trendsandvision.nl\/de\/geschaft\/"},{"@type":"ListItem","position":3,"name":"Esschert Design Fettblockhalter"}]},{"@type":"WebSite","@id":"https:\/\/trendsandvision.nl\/de\/#website","url":"https:\/\/trendsandvision.nl\/de\/","name":"Trends &amp; Vision (DE)","description":"Der Webshop f\u00fcr Esschert Design Artikel","publisher":{"@id":"https:\/\/trendsandvision.nl\/de\/#organization"},"potentialAction":[{"@type":"SearchAction","target":{"@type":"EntryPoint","urlTemplate":"https:\/\/trendsandvision.nl\/de\/?s={search_term_string}"},"query-input":{"@type":"PropertyValueSpecification","valueRequired":true,"valueName":"search_term_string"}}],"inLanguage":"de"},{"@type":"Organization","@id":"https:\/\/trendsandvision.nl\/de\/#organization","name":"Trends &amp; Vision (DE)","url":"https:\/\/trendsandvision.nl\/de\/","logo":{"@type":"ImageObject","inLanguage":"de","@id":"https:\/\/trendsandvision.nl\/de\/#\/schema\/logo\/image\/","url":"https:\/\/trendsandvision.nl\/de\/wp-content\/uploads\/sites\/3\/2022\/04\/trends-and-vision-logo.jpg","contentUrl":"https:\/\/trendsandvision.nl\/de\/wp-content\/uploads\/sites\/3\/2022\/04\/trends-and-vision-logo.jpg","width":213,"height":100,"caption":"Trends &amp; Vision (DE)"},"image":{"@id":"https:\/\/trendsandvision.nl\/de\/#\/schema\/logo\/image\/"}}]}},"_links":{"self":[{"href":"https:\/\/trendsandvision.nl\/de\/wp-json\/wp\/v2\/product\/3176","targetHints":{"allow":["GET"]}}],"collection":[{"href":"https:\/\/trendsandvision.nl\/de\/wp-json\/wp\/v2\/product"}],"about":[{"href":"https:\/\/trendsandvision.nl\/de\/wp-json\/wp\/v2\/types\/product"}],"wp:featuredmedia":[{"embeddable":true,"href":"https:\/\/trendsandvision.nl\/de\/wp-json\/wp\/v2\/media\/3177"}],"wp:attachment":[{"href":"https:\/\/trendsandvision.nl\/de\/wp-json\/wp\/v2\/media?parent=3176"}],"wp:term":[{"taxonomy":"product_brand","embeddable":true,"href":"https:\/\/trendsandvision.nl\/de\/wp-json\/wp\/v2\/product_brand?post=3176"},{"taxonomy":"product_cat","embeddable":true,"href":"https:\/\/trendsandvision.nl\/de\/wp-json\/wp\/v2\/product_cat?post=3176"},{"taxonomy":"product_tag","embeddable":true,"href":"https:\/\/trendsandvision.nl\/de\/wp-json\/wp\/v2\/product_tag?post=3176"}],"curies":[{"name":"wp","href":"https:\/\/api.w.org\/{rel}","templated":true}]}}