{"id":2889,"date":"2022-04-22T17:40:27","date_gmt":"2022-04-22T15:40:27","guid":{"rendered":"https:\/\/trendsandvision.nl\/de\/product\/esschert-design-grey-metal-vogeltraenke-auf-stab\/"},"modified":"2026-04-07T10:25:50","modified_gmt":"2026-04-07T08:25:50","slug":"esschert-design-grey-metal-vogeltraenke-auf-stab","status":"publish","type":"product","link":"https:\/\/trendsandvision.nl\/de\/product\/esschert-design-grey-metal-vogeltraenke-auf-stab\/","title":{"rendered":"Esschert Design Grey Metal Vogeltr\u00e4nke auf Stab"},"content":{"rendered":"<p>Esschert Design Grey Metal <strong><a href=\"https:\/\/trendsandvision.nl\/de\/?s=vogeltr\u00e4nke&amp;post_type=product&amp;dgwt_wcas=1\">Vogeltr\u00e4nke<\/a><\/strong> auf Stab.<br \/>\nKein klassischer Garten kommt ohne Vogelbedarf aus.<br \/>\nBieten Sie den V\u00f6geln ein sicheres und erh\u00f6htes <strong><a href=\"https:\/\/trendsandvision.nl\/de\/?s=Wasserbad&amp;post_type=product&amp;dgwt_wcas=1\">Wasserbad<\/a><\/strong> mit dieser klassischen und dekorativen Sch\u00fcssel.<br \/>\nDank des Erdungsstabes kann es \u00fcberall platziert werden.<br \/>\nDar\u00fcber hinaus kann diese Sch\u00fcssel auch verwendet werden, um den V\u00f6geln <strong><a href=\"https:\/\/trendsandvision.nl\/de\/?s=Nahrung&amp;post_type=product&amp;dgwt_wcas=1\">Nahrung<\/a><\/strong> anzubieten.<br \/>\nEin Vogel hat bereits am Rand Platz gefunden. Andere V\u00f6gel werden sicher bald folgen.<br \/>\nStellen Sie es an einer sichtbaren Stelle auf, damit V\u00f6gel leicht in die Badewanne gelangen k\u00f6nnen.<\/p>\n<p>Artikelnummer: FB402<br \/>\nProduktgruppe(n) V\u00f6gel&amp;Gartentiere, <strong><a href=\"https:\/\/trendsandvision.nl\/de\/?s=vogeltr\u00e4nke&amp;post_type=product&amp;dgwt_wcas=1\">Vogelb\u00e4der<\/a><\/strong>, Auf Fu\u00df, <strong><a href=\"https:\/\/trendsandvision.nl\/de\/?s=Vogelf\u00fctter&amp;post_type=product&amp;dgwt_wcas=1\">Vogelf\u00fctter<\/a><\/strong><br \/>\nProduktabmessungen in cm L 35,1 x T 35,1 x H 106<br \/>\nMaterial: Eisen, Gusseisen<br \/>\nNettogewicht 0,902 kg<br \/>\nBarcode 8714982129650<br \/>\nProduzent <a href=\"https:\/\/www.esschertdesign.com\/shop\/de\/grey-metal-vogelbad-op-pin-fb402\" target=\"_blank\">Esschert Design<\/a><\/p>\n<p>In die Presse:<br \/>\nPublikation: Wohnen &amp; Garten<br \/>\nAusgabe \/ issue no.: 04-2026<br \/>\nEVT \/ date of publication: Freitag, 13.03.26 <\/p>\n<p>Burda Garden &amp; Living-Zeitschriften: mein sch\u00f6ner Garten \u2219 Wohnen &amp; Garten \u2219 mein sch\u00f6nes Land \u2219 Lisa Wohnen &amp; Dekorieren \u2219 Das Haus \u2219 mein sch\u00f6ner Garten Spezial \u2219 mein sch\u00f6ner Garten Edition \u2219 Garten &amp; Wohnen Tr\u00e4ume \u2219 Wohnen &amp; Garten Weihnachtszauber \u2219 mein sch\u00f6nes Land Sonderhefte \u2219 GartenSpa\u00df \u2219 mein sch\u00f6ner LandGarten \u2219 Lisa Blumen &amp; Pflanzen \u2219 Frau im Trend wohnen &amp; wohlf\u00fchlen<\/p>\n","protected":false},"excerpt":{"rendered":"<p>Artikelnummer: FB402<br \/>\nGeeignet als Vogeltr\u00e4nke und Futterschale<br \/>\nH-Erdspie\u00df<br \/>\nL 35,1 x T 35,1 x H 106 cm<br \/>\nMaterial: Eisen, Gusseisen<br \/>\nNettogewicht 0,902 kg<br \/>\nBarcode 8714982129650<\/p>\n","protected":false},"featured_media":2890,"template":"","meta":[],"product_brand":[9597,9598],"product_cat":[1315],"product_tag":[11287,8188,7244,6758,6790,10840,6963],"class_list":{"0":"post-2889","1":"product","2":"type-product","3":"status-publish","4":"has-post-thumbnail","6":"product_brand-esschert-design","7":"product_brand-trends-and-vision","8":"product_cat-best-for-birds","9":"product_tag-burda-publikation","10":"product_tag-fuss","11":"product_tag-futterschale","12":"product_tag-gartentiere","13":"product_tag-gusseisen","14":"product_tag-publikationen","15":"product_tag-vogeltraenke","16":"pa_anbieter-esschert-design","17":"pa_ean-code-1716","18":"pa_material-metall","19":"pa_messungen-355x355x107","21":"first","22":"instock","23":"sale","24":"taxable","25":"shipping-taxable","26":"purchasable","27":"product-type-simple","28":"czr-hentry"},"yoast_head":"<!-- This site is optimized with the Yoast SEO Premium plugin v26.4 (Yoast SEO v27.3) - https:\/\/yoast.com\/product\/yoast-seo-premium-wordpress\/ -->\n<title>Esschert Design Grey Metal Vogeltr\u00e4nke auf Stab FB402<\/title>\n<meta name=\"description\" content=\"Esschert Design Grey Metal Vogeltr\u00e4nke auf Stab\/ Trends &amp; Vision: L 35,1 x T 35,1 x H 106 cm, Eisen, Gusseisen, Gewicht 0,902 kg, EAN 8714982129650\" \/>\n<meta name=\"robots\" content=\"index, follow, max-snippet:-1, max-image-preview:large, max-video-preview:-1\" \/>\n<link rel=\"canonical\" href=\"https:\/\/trendsandvision.nl\/de\/product\/esschert-design-grey-metal-vogeltraenke-auf-stab\/\" \/>\n<meta property=\"og:locale\" content=\"de_DE\" \/>\n<meta property=\"og:type\" content=\"article\" \/>\n<meta property=\"og:title\" content=\"Esschert Design Grey Metal Vogeltr\u00e4nke auf Stab\" \/>\n<meta property=\"og:description\" content=\"Esschert Design Grey Metal Vogeltr\u00e4nke auf Stab\/ Trends &amp; Vision: L 35,1 x T 35,1 x H 106 cm, Eisen, Gusseisen, Gewicht 0,902 kg, EAN 8714982129650\" \/>\n<meta property=\"og:url\" content=\"https:\/\/trendsandvision.nl\/de\/product\/esschert-design-grey-metal-vogeltraenke-auf-stab\/\" \/>\n<meta property=\"og:site_name\" content=\"Trends &amp; Vision (DE)\" \/>\n<meta property=\"article:modified_time\" content=\"2026-04-07T08:25:50+00:00\" \/>\n<meta property=\"og:image\" content=\"https:\/\/trendsandvision.nl\/de\/wp-content\/uploads\/sites\/3\/2022\/04\/FB402_01.jpg\" \/>\n\t<meta property=\"og:image:width\" content=\"800\" \/>\n\t<meta property=\"og:image:height\" content=\"800\" \/>\n\t<meta property=\"og:image:type\" content=\"image\/jpeg\" \/>\n<meta name=\"twitter:card\" content=\"summary_large_image\" \/>\n<meta name=\"twitter:label1\" content=\"Gesch\u00e4tzte Lesezeit\" \/>\n\t<meta name=\"twitter:data1\" content=\"2\u00a0Minuten\" \/>\n<script type=\"application\/ld+json\" class=\"yoast-schema-graph\">{\"@context\":\"https:\\\/\\\/schema.org\",\"@graph\":[{\"@type\":\"WebPage\",\"@id\":\"https:\\\/\\\/trendsandvision.nl\\\/de\\\/product\\\/esschert-design-grey-metal-vogeltraenke-auf-stab\\\/\",\"url\":\"https:\\\/\\\/trendsandvision.nl\\\/de\\\/product\\\/esschert-design-grey-metal-vogeltraenke-auf-stab\\\/\",\"name\":\"Esschert Design Grey Metal Vogeltr\u00e4nke auf Stab FB402\",\"isPartOf\":{\"@id\":\"https:\\\/\\\/trendsandvision.nl\\\/de\\\/#website\"},\"primaryImageOfPage\":{\"@id\":\"https:\\\/\\\/trendsandvision.nl\\\/de\\\/product\\\/esschert-design-grey-metal-vogeltraenke-auf-stab\\\/#primaryimage\"},\"image\":{\"@id\":\"https:\\\/\\\/trendsandvision.nl\\\/de\\\/product\\\/esschert-design-grey-metal-vogeltraenke-auf-stab\\\/#primaryimage\"},\"thumbnailUrl\":\"https:\\\/\\\/trendsandvision.nl\\\/de\\\/wp-content\\\/uploads\\\/sites\\\/3\\\/2022\\\/04\\\/FB402_01.jpg\",\"datePublished\":\"2022-04-22T15:40:27+00:00\",\"dateModified\":\"2026-04-07T08:25:50+00:00\",\"description\":\"Esschert Design Grey Metal Vogeltr\u00e4nke auf Stab\\\/ Trends & Vision: L 35,1 x T 35,1 x H 106 cm, Eisen, Gusseisen, Gewicht 0,902 kg, EAN 8714982129650\",\"breadcrumb\":{\"@id\":\"https:\\\/\\\/trendsandvision.nl\\\/de\\\/product\\\/esschert-design-grey-metal-vogeltraenke-auf-stab\\\/#breadcrumb\"},\"inLanguage\":\"de\",\"potentialAction\":[{\"@type\":\"ReadAction\",\"target\":[\"https:\\\/\\\/trendsandvision.nl\\\/de\\\/product\\\/esschert-design-grey-metal-vogeltraenke-auf-stab\\\/\"]}]},{\"@type\":\"ImageObject\",\"inLanguage\":\"de\",\"@id\":\"https:\\\/\\\/trendsandvision.nl\\\/de\\\/product\\\/esschert-design-grey-metal-vogeltraenke-auf-stab\\\/#primaryimage\",\"url\":\"https:\\\/\\\/trendsandvision.nl\\\/de\\\/wp-content\\\/uploads\\\/sites\\\/3\\\/2022\\\/04\\\/FB402_01.jpg\",\"contentUrl\":\"https:\\\/\\\/trendsandvision.nl\\\/de\\\/wp-content\\\/uploads\\\/sites\\\/3\\\/2022\\\/04\\\/FB402_01.jpg\",\"width\":800,\"height\":800,\"caption\":\"Esschert Design Grey Metal Vogeltr\u00e4nke auf Stab\\\/ Trends &amp; Vision: L 35,1 x T 35,1 x H 106 cm, Eisen, Gusseisen, Gewicht 0,902 kg, EAN 8714982129650\"},{\"@type\":\"BreadcrumbList\",\"@id\":\"https:\\\/\\\/trendsandvision.nl\\\/de\\\/product\\\/esschert-design-grey-metal-vogeltraenke-auf-stab\\\/#breadcrumb\",\"itemListElement\":[{\"@type\":\"ListItem\",\"position\":1,\"name\":\"Home\",\"item\":\"https:\\\/\\\/trendsandvision.nl\\\/de\\\/\"},{\"@type\":\"ListItem\",\"position\":2,\"name\":\"Gesch\u00e4ft\",\"item\":\"https:\\\/\\\/trendsandvision.nl\\\/de\\\/geschaft\\\/\"},{\"@type\":\"ListItem\",\"position\":3,\"name\":\"Esschert Design Grey Metal Vogeltr\u00e4nke auf Stab\"}]},{\"@type\":\"WebSite\",\"@id\":\"https:\\\/\\\/trendsandvision.nl\\\/de\\\/#website\",\"url\":\"https:\\\/\\\/trendsandvision.nl\\\/de\\\/\",\"name\":\"Trends &amp; Vision (DE)\",\"description\":\"Der Webshop f\u00fcr Esschert Design Artikel\",\"publisher\":{\"@id\":\"https:\\\/\\\/trendsandvision.nl\\\/de\\\/#organization\"},\"potentialAction\":[{\"@type\":\"SearchAction\",\"target\":{\"@type\":\"EntryPoint\",\"urlTemplate\":\"https:\\\/\\\/trendsandvision.nl\\\/de\\\/?s={search_term_string}\"},\"query-input\":{\"@type\":\"PropertyValueSpecification\",\"valueRequired\":true,\"valueName\":\"search_term_string\"}}],\"inLanguage\":\"de\"},{\"@type\":\"Organization\",\"@id\":\"https:\\\/\\\/trendsandvision.nl\\\/de\\\/#organization\",\"name\":\"Trends &amp; Vision (DE)\",\"url\":\"https:\\\/\\\/trendsandvision.nl\\\/de\\\/\",\"logo\":{\"@type\":\"ImageObject\",\"inLanguage\":\"de\",\"@id\":\"https:\\\/\\\/trendsandvision.nl\\\/de\\\/#\\\/schema\\\/logo\\\/image\\\/\",\"url\":\"https:\\\/\\\/trendsandvision.nl\\\/de\\\/wp-content\\\/uploads\\\/sites\\\/3\\\/2022\\\/04\\\/trends-and-vision-logo.jpg\",\"contentUrl\":\"https:\\\/\\\/trendsandvision.nl\\\/de\\\/wp-content\\\/uploads\\\/sites\\\/3\\\/2022\\\/04\\\/trends-and-vision-logo.jpg\",\"width\":213,\"height\":100,\"caption\":\"Trends &amp; Vision (DE)\"},\"image\":{\"@id\":\"https:\\\/\\\/trendsandvision.nl\\\/de\\\/#\\\/schema\\\/logo\\\/image\\\/\"}}]}<\/script>\n<!-- \/ Yoast SEO Premium plugin. -->","yoast_head_json":{"title":"Esschert Design Grey Metal Vogeltr\u00e4nke auf Stab FB402","description":"Esschert Design Grey Metal Vogeltr\u00e4nke auf Stab\/ Trends & Vision: L 35,1 x T 35,1 x H 106 cm, Eisen, Gusseisen, Gewicht 0,902 kg, EAN 8714982129650","robots":{"index":"index","follow":"follow","max-snippet":"max-snippet:-1","max-image-preview":"max-image-preview:large","max-video-preview":"max-video-preview:-1"},"canonical":"https:\/\/trendsandvision.nl\/de\/product\/esschert-design-grey-metal-vogeltraenke-auf-stab\/","og_locale":"de_DE","og_type":"article","og_title":"Esschert Design Grey Metal Vogeltr\u00e4nke auf Stab","og_description":"Esschert Design Grey Metal Vogeltr\u00e4nke auf Stab\/ Trends & Vision: L 35,1 x T 35,1 x H 106 cm, Eisen, Gusseisen, Gewicht 0,902 kg, EAN 8714982129650","og_url":"https:\/\/trendsandvision.nl\/de\/product\/esschert-design-grey-metal-vogeltraenke-auf-stab\/","og_site_name":"Trends &amp; Vision (DE)","article_modified_time":"2026-04-07T08:25:50+00:00","og_image":[{"width":800,"height":800,"url":"https:\/\/trendsandvision.nl\/de\/wp-content\/uploads\/sites\/3\/2022\/04\/FB402_01.jpg","type":"image\/jpeg"}],"twitter_card":"summary_large_image","twitter_misc":{"Gesch\u00e4tzte Lesezeit":"2\u00a0Minuten"},"schema":{"@context":"https:\/\/schema.org","@graph":[{"@type":"WebPage","@id":"https:\/\/trendsandvision.nl\/de\/product\/esschert-design-grey-metal-vogeltraenke-auf-stab\/","url":"https:\/\/trendsandvision.nl\/de\/product\/esschert-design-grey-metal-vogeltraenke-auf-stab\/","name":"Esschert Design Grey Metal Vogeltr\u00e4nke auf Stab FB402","isPartOf":{"@id":"https:\/\/trendsandvision.nl\/de\/#website"},"primaryImageOfPage":{"@id":"https:\/\/trendsandvision.nl\/de\/product\/esschert-design-grey-metal-vogeltraenke-auf-stab\/#primaryimage"},"image":{"@id":"https:\/\/trendsandvision.nl\/de\/product\/esschert-design-grey-metal-vogeltraenke-auf-stab\/#primaryimage"},"thumbnailUrl":"https:\/\/trendsandvision.nl\/de\/wp-content\/uploads\/sites\/3\/2022\/04\/FB402_01.jpg","datePublished":"2022-04-22T15:40:27+00:00","dateModified":"2026-04-07T08:25:50+00:00","description":"Esschert Design Grey Metal Vogeltr\u00e4nke auf Stab\/ Trends & Vision: L 35,1 x T 35,1 x H 106 cm, Eisen, Gusseisen, Gewicht 0,902 kg, EAN 8714982129650","breadcrumb":{"@id":"https:\/\/trendsandvision.nl\/de\/product\/esschert-design-grey-metal-vogeltraenke-auf-stab\/#breadcrumb"},"inLanguage":"de","potentialAction":[{"@type":"ReadAction","target":["https:\/\/trendsandvision.nl\/de\/product\/esschert-design-grey-metal-vogeltraenke-auf-stab\/"]}]},{"@type":"ImageObject","inLanguage":"de","@id":"https:\/\/trendsandvision.nl\/de\/product\/esschert-design-grey-metal-vogeltraenke-auf-stab\/#primaryimage","url":"https:\/\/trendsandvision.nl\/de\/wp-content\/uploads\/sites\/3\/2022\/04\/FB402_01.jpg","contentUrl":"https:\/\/trendsandvision.nl\/de\/wp-content\/uploads\/sites\/3\/2022\/04\/FB402_01.jpg","width":800,"height":800,"caption":"Esschert Design Grey Metal Vogeltr\u00e4nke auf Stab\/ Trends &amp; Vision: L 35,1 x T 35,1 x H 106 cm, Eisen, Gusseisen, Gewicht 0,902 kg, EAN 8714982129650"},{"@type":"BreadcrumbList","@id":"https:\/\/trendsandvision.nl\/de\/product\/esschert-design-grey-metal-vogeltraenke-auf-stab\/#breadcrumb","itemListElement":[{"@type":"ListItem","position":1,"name":"Home","item":"https:\/\/trendsandvision.nl\/de\/"},{"@type":"ListItem","position":2,"name":"Gesch\u00e4ft","item":"https:\/\/trendsandvision.nl\/de\/geschaft\/"},{"@type":"ListItem","position":3,"name":"Esschert Design Grey Metal Vogeltr\u00e4nke auf Stab"}]},{"@type":"WebSite","@id":"https:\/\/trendsandvision.nl\/de\/#website","url":"https:\/\/trendsandvision.nl\/de\/","name":"Trends &amp; Vision (DE)","description":"Der Webshop f\u00fcr Esschert Design Artikel","publisher":{"@id":"https:\/\/trendsandvision.nl\/de\/#organization"},"potentialAction":[{"@type":"SearchAction","target":{"@type":"EntryPoint","urlTemplate":"https:\/\/trendsandvision.nl\/de\/?s={search_term_string}"},"query-input":{"@type":"PropertyValueSpecification","valueRequired":true,"valueName":"search_term_string"}}],"inLanguage":"de"},{"@type":"Organization","@id":"https:\/\/trendsandvision.nl\/de\/#organization","name":"Trends &amp; Vision (DE)","url":"https:\/\/trendsandvision.nl\/de\/","logo":{"@type":"ImageObject","inLanguage":"de","@id":"https:\/\/trendsandvision.nl\/de\/#\/schema\/logo\/image\/","url":"https:\/\/trendsandvision.nl\/de\/wp-content\/uploads\/sites\/3\/2022\/04\/trends-and-vision-logo.jpg","contentUrl":"https:\/\/trendsandvision.nl\/de\/wp-content\/uploads\/sites\/3\/2022\/04\/trends-and-vision-logo.jpg","width":213,"height":100,"caption":"Trends &amp; Vision (DE)"},"image":{"@id":"https:\/\/trendsandvision.nl\/de\/#\/schema\/logo\/image\/"}}]}},"_links":{"self":[{"href":"https:\/\/trendsandvision.nl\/de\/wp-json\/wp\/v2\/product\/2889","targetHints":{"allow":["GET"]}}],"collection":[{"href":"https:\/\/trendsandvision.nl\/de\/wp-json\/wp\/v2\/product"}],"about":[{"href":"https:\/\/trendsandvision.nl\/de\/wp-json\/wp\/v2\/types\/product"}],"wp:featuredmedia":[{"embeddable":true,"href":"https:\/\/trendsandvision.nl\/de\/wp-json\/wp\/v2\/media\/2890"}],"wp:attachment":[{"href":"https:\/\/trendsandvision.nl\/de\/wp-json\/wp\/v2\/media?parent=2889"}],"wp:term":[{"taxonomy":"product_brand","embeddable":true,"href":"https:\/\/trendsandvision.nl\/de\/wp-json\/wp\/v2\/product_brand?post=2889"},{"taxonomy":"product_cat","embeddable":true,"href":"https:\/\/trendsandvision.nl\/de\/wp-json\/wp\/v2\/product_cat?post=2889"},{"taxonomy":"product_tag","embeddable":true,"href":"https:\/\/trendsandvision.nl\/de\/wp-json\/wp\/v2\/product_tag?post=2889"}],"curies":[{"name":"wp","href":"https:\/\/api.w.org\/{rel}","templated":true}]}}