{"id":2863,"date":"2022-04-22T17:39:37","date_gmt":"2022-04-22T15:39:37","guid":{"rendered":"https:\/\/trendsandvision.nl\/de\/product\/esschert-design-vetbollenautomaat-xl\/"},"modified":"2026-04-07T10:25:46","modified_gmt":"2026-04-07T08:25:46","slug":"esschert-design-meisenknoedelautomat-xl","status":"publish","type":"product","link":"https:\/\/trendsandvision.nl\/de\/product\/esschert-design-meisenknoedelautomat-xl\/","title":{"rendered":"Esschert Design Meisenkn\u00f6delautomat XL"},"content":{"rendered":"<p>Dieser Riesen- Meisenkn\u00f6delautomat bietet Platz f\u00fcr bis zu 15 Meisenkn\u00f6del.<br \/>\nDie offene Struktur erm\u00f6glicht es den V\u00f6geln die Kn\u00f6del leicht und von allen Seiten zu erreichen.<br \/>\nHierdurch k\u00f6nnen auch mehrere V\u00f6gel gleichzeitig von den Meisenkn\u00f6deln fressen.<br \/>\nDank der Dachkonstruktion ist das Bef\u00fcllen sehr einfach.<\/p>\n<p>&#8211; Geeignet f\u00fcr 15 Meisenkn\u00f6del<\/p>\n<p>Artikelname: Meisenkn\u00f6delautomat XL<br \/>\nArtikelnummer: FB391<br \/>\nProduktgruppe(n) V\u00f6gel&amp;Gartentiere, Futterungssysteme, Futtersilos<br \/>\nProduktabmessungen in cm L 12,4 x T 12,4 x H 83,6<br \/>\nMaterial: Stahl, PC<br \/>\nNettogewicht 0,279 kg<br \/>\nBarcode 8714982117978<br \/>\nAlle <strong><a href=\"https:\/\/trendsandvision.nl\/de\/?s=haken&amp;post_type=product&amp;dgwt_wcas=1\">Haken<\/a><\/strong><\/p>\n","protected":false},"excerpt":{"rendered":"<p>Geeignet f\u00fcr 15 Meisenkn\u00f6del<br \/>\nArtikelname: Meisenkn\u00f6delautomat XL<br \/>\nArtikelnummer: FB391<br \/>\nL 12,4 x T 12,4 x H 83,6 cm<br \/>\nMaterial: Stahl, PC<br \/>\nNettogewicht 0,279 kg<br \/>\nBarcode 8714982117978<br \/>\nAlle <strong><a href=\"https:\/\/trendsandvision.nl\/de\/?s=haken&amp;post_type=product&amp;dgwt_wcas=1\">Haken<\/a><\/strong><\/p>\n","protected":false},"featured_media":2864,"template":"","meta":[],"product_brand":[9597,9598],"product_cat":[1315],"product_tag":[9410,6960,7252],"class_list":{"0":"post-2863","1":"product","2":"type-product","3":"status-publish","4":"has-post-thumbnail","6":"product_brand-esschert-design","7":"product_brand-trends-and-vision","8":"product_cat-best-for-birds","9":"product_tag-fb528","10":"product_tag-futtersilos","11":"product_tag-meisenknoedelautomat-xl","12":"pa_anbieter-esschert-design","13":"pa_ean-code-1697","14":"pa_material-staal-pc","15":"pa_messungen-124x124x825","17":"first","18":"instock","19":"sale","20":"taxable","21":"shipping-taxable","22":"purchasable","23":"product-type-simple","24":"czr-hentry"},"yoast_head":"<!-- This site is optimized with the Yoast SEO Premium plugin v26.4 (Yoast SEO v27.3) - https:\/\/yoast.com\/product\/yoast-seo-premium-wordpress\/ -->\n<title>Esschert Design Vetbollenautomaat XL (FB391, 8714982117978) - Trends &amp; Vision<\/title>\n<meta name=\"description\" content=\"Esschert Design Vetbollenautomaat XL: Deze reuze vetbollenautomaat biedt plaats aan 15 vetbollen. Door de open structuur is het voor vogels mogelijk om gemakkelijk en van alle kanten bij d...\" \/>\n<meta name=\"robots\" content=\"index, follow, max-snippet:-1, max-image-preview:large, max-video-preview:-1\" \/>\n<link rel=\"canonical\" href=\"https:\/\/trendsandvision.nl\/de\/product\/esschert-design-meisenknoedelautomat-xl\/\" \/>\n<meta property=\"og:locale\" content=\"de_DE\" \/>\n<meta property=\"og:type\" content=\"article\" \/>\n<meta property=\"og:title\" content=\"Esschert Design Meisenkn\u00f6delautomat XL\" \/>\n<meta property=\"og:description\" content=\"Esschert Design Vetbollenautomaat XL: Deze reuze vetbollenautomaat biedt plaats aan 15 vetbollen. Door de open structuur is het voor vogels mogelijk om gemakkelijk en van alle kanten bij d...\" \/>\n<meta property=\"og:url\" content=\"https:\/\/trendsandvision.nl\/de\/product\/esschert-design-meisenknoedelautomat-xl\/\" \/>\n<meta property=\"og:site_name\" content=\"Trends &amp; Vision (DE)\" \/>\n<meta property=\"article:modified_time\" content=\"2026-04-07T08:25:46+00:00\" \/>\n<meta property=\"og:image\" content=\"https:\/\/trendsandvision.nl\/de\/wp-content\/uploads\/sites\/3\/2022\/04\/FB391_01.jpg\" \/>\n\t<meta property=\"og:image:width\" content=\"800\" \/>\n\t<meta property=\"og:image:height\" content=\"800\" \/>\n\t<meta property=\"og:image:type\" content=\"image\/jpeg\" \/>\n<meta name=\"twitter:card\" content=\"summary_large_image\" \/>\n<meta name=\"twitter:label1\" content=\"Gesch\u00e4tzte Lesezeit\" \/>\n\t<meta name=\"twitter:data1\" content=\"1\u00a0Minute\" \/>\n<script type=\"application\/ld+json\" class=\"yoast-schema-graph\">{\"@context\":\"https:\\\/\\\/schema.org\",\"@graph\":[{\"@type\":\"WebPage\",\"@id\":\"https:\\\/\\\/trendsandvision.nl\\\/de\\\/product\\\/esschert-design-meisenknoedelautomat-xl\\\/\",\"url\":\"https:\\\/\\\/trendsandvision.nl\\\/de\\\/product\\\/esschert-design-meisenknoedelautomat-xl\\\/\",\"name\":\"Esschert Design Vetbollenautomaat XL (FB391, 8714982117978) - Trends & Vision\",\"isPartOf\":{\"@id\":\"https:\\\/\\\/trendsandvision.nl\\\/de\\\/#website\"},\"primaryImageOfPage\":{\"@id\":\"https:\\\/\\\/trendsandvision.nl\\\/de\\\/product\\\/esschert-design-meisenknoedelautomat-xl\\\/#primaryimage\"},\"image\":{\"@id\":\"https:\\\/\\\/trendsandvision.nl\\\/de\\\/product\\\/esschert-design-meisenknoedelautomat-xl\\\/#primaryimage\"},\"thumbnailUrl\":\"https:\\\/\\\/trendsandvision.nl\\\/de\\\/wp-content\\\/uploads\\\/sites\\\/3\\\/2022\\\/04\\\/FB391_01.jpg\",\"datePublished\":\"2022-04-22T15:39:37+00:00\",\"dateModified\":\"2026-04-07T08:25:46+00:00\",\"description\":\"Esschert Design Vetbollenautomaat XL: Deze reuze vetbollenautomaat biedt plaats aan 15 vetbollen. Door de open structuur is het voor vogels mogelijk om gemakkelijk en van alle kanten bij d...\",\"breadcrumb\":{\"@id\":\"https:\\\/\\\/trendsandvision.nl\\\/de\\\/product\\\/esschert-design-meisenknoedelautomat-xl\\\/#breadcrumb\"},\"inLanguage\":\"de\",\"potentialAction\":[{\"@type\":\"ReadAction\",\"target\":[\"https:\\\/\\\/trendsandvision.nl\\\/de\\\/product\\\/esschert-design-meisenknoedelautomat-xl\\\/\"]}]},{\"@type\":\"ImageObject\",\"inLanguage\":\"de\",\"@id\":\"https:\\\/\\\/trendsandvision.nl\\\/de\\\/product\\\/esschert-design-meisenknoedelautomat-xl\\\/#primaryimage\",\"url\":\"https:\\\/\\\/trendsandvision.nl\\\/de\\\/wp-content\\\/uploads\\\/sites\\\/3\\\/2022\\\/04\\\/FB391_01.jpg\",\"contentUrl\":\"https:\\\/\\\/trendsandvision.nl\\\/de\\\/wp-content\\\/uploads\\\/sites\\\/3\\\/2022\\\/04\\\/FB391_01.jpg\",\"width\":800,\"height\":800,\"caption\":\"Esschert Design Vetbollenautomaat XL (FB391\"},{\"@type\":\"BreadcrumbList\",\"@id\":\"https:\\\/\\\/trendsandvision.nl\\\/de\\\/product\\\/esschert-design-meisenknoedelautomat-xl\\\/#breadcrumb\",\"itemListElement\":[{\"@type\":\"ListItem\",\"position\":1,\"name\":\"Home\",\"item\":\"https:\\\/\\\/trendsandvision.nl\\\/de\\\/\"},{\"@type\":\"ListItem\",\"position\":2,\"name\":\"Gesch\u00e4ft\",\"item\":\"https:\\\/\\\/trendsandvision.nl\\\/de\\\/geschaft\\\/\"},{\"@type\":\"ListItem\",\"position\":3,\"name\":\"Esschert Design Meisenkn\u00f6delautomat XL\"}]},{\"@type\":\"WebSite\",\"@id\":\"https:\\\/\\\/trendsandvision.nl\\\/de\\\/#website\",\"url\":\"https:\\\/\\\/trendsandvision.nl\\\/de\\\/\",\"name\":\"Trends &amp; Vision (DE)\",\"description\":\"Der Webshop f\u00fcr Esschert Design Artikel\",\"publisher\":{\"@id\":\"https:\\\/\\\/trendsandvision.nl\\\/de\\\/#organization\"},\"potentialAction\":[{\"@type\":\"SearchAction\",\"target\":{\"@type\":\"EntryPoint\",\"urlTemplate\":\"https:\\\/\\\/trendsandvision.nl\\\/de\\\/?s={search_term_string}\"},\"query-input\":{\"@type\":\"PropertyValueSpecification\",\"valueRequired\":true,\"valueName\":\"search_term_string\"}}],\"inLanguage\":\"de\"},{\"@type\":\"Organization\",\"@id\":\"https:\\\/\\\/trendsandvision.nl\\\/de\\\/#organization\",\"name\":\"Trends &amp; Vision (DE)\",\"url\":\"https:\\\/\\\/trendsandvision.nl\\\/de\\\/\",\"logo\":{\"@type\":\"ImageObject\",\"inLanguage\":\"de\",\"@id\":\"https:\\\/\\\/trendsandvision.nl\\\/de\\\/#\\\/schema\\\/logo\\\/image\\\/\",\"url\":\"https:\\\/\\\/trendsandvision.nl\\\/de\\\/wp-content\\\/uploads\\\/sites\\\/3\\\/2022\\\/04\\\/trends-and-vision-logo.jpg\",\"contentUrl\":\"https:\\\/\\\/trendsandvision.nl\\\/de\\\/wp-content\\\/uploads\\\/sites\\\/3\\\/2022\\\/04\\\/trends-and-vision-logo.jpg\",\"width\":213,\"height\":100,\"caption\":\"Trends &amp; Vision (DE)\"},\"image\":{\"@id\":\"https:\\\/\\\/trendsandvision.nl\\\/de\\\/#\\\/schema\\\/logo\\\/image\\\/\"}}]}<\/script>\n<!-- \/ Yoast SEO Premium plugin. -->","yoast_head_json":{"title":"Esschert Design Vetbollenautomaat XL (FB391, 8714982117978) - Trends & Vision","description":"Esschert Design Vetbollenautomaat XL: Deze reuze vetbollenautomaat biedt plaats aan 15 vetbollen. Door de open structuur is het voor vogels mogelijk om gemakkelijk en van alle kanten bij d...","robots":{"index":"index","follow":"follow","max-snippet":"max-snippet:-1","max-image-preview":"max-image-preview:large","max-video-preview":"max-video-preview:-1"},"canonical":"https:\/\/trendsandvision.nl\/de\/product\/esschert-design-meisenknoedelautomat-xl\/","og_locale":"de_DE","og_type":"article","og_title":"Esschert Design Meisenkn\u00f6delautomat XL","og_description":"Esschert Design Vetbollenautomaat XL: Deze reuze vetbollenautomaat biedt plaats aan 15 vetbollen. Door de open structuur is het voor vogels mogelijk om gemakkelijk en van alle kanten bij d...","og_url":"https:\/\/trendsandvision.nl\/de\/product\/esschert-design-meisenknoedelautomat-xl\/","og_site_name":"Trends &amp; Vision (DE)","article_modified_time":"2026-04-07T08:25:46+00:00","og_image":[{"width":800,"height":800,"url":"https:\/\/trendsandvision.nl\/de\/wp-content\/uploads\/sites\/3\/2022\/04\/FB391_01.jpg","type":"image\/jpeg"}],"twitter_card":"summary_large_image","twitter_misc":{"Gesch\u00e4tzte Lesezeit":"1\u00a0Minute"},"schema":{"@context":"https:\/\/schema.org","@graph":[{"@type":"WebPage","@id":"https:\/\/trendsandvision.nl\/de\/product\/esschert-design-meisenknoedelautomat-xl\/","url":"https:\/\/trendsandvision.nl\/de\/product\/esschert-design-meisenknoedelautomat-xl\/","name":"Esschert Design Vetbollenautomaat XL (FB391, 8714982117978) - Trends & Vision","isPartOf":{"@id":"https:\/\/trendsandvision.nl\/de\/#website"},"primaryImageOfPage":{"@id":"https:\/\/trendsandvision.nl\/de\/product\/esschert-design-meisenknoedelautomat-xl\/#primaryimage"},"image":{"@id":"https:\/\/trendsandvision.nl\/de\/product\/esschert-design-meisenknoedelautomat-xl\/#primaryimage"},"thumbnailUrl":"https:\/\/trendsandvision.nl\/de\/wp-content\/uploads\/sites\/3\/2022\/04\/FB391_01.jpg","datePublished":"2022-04-22T15:39:37+00:00","dateModified":"2026-04-07T08:25:46+00:00","description":"Esschert Design Vetbollenautomaat XL: Deze reuze vetbollenautomaat biedt plaats aan 15 vetbollen. Door de open structuur is het voor vogels mogelijk om gemakkelijk en van alle kanten bij d...","breadcrumb":{"@id":"https:\/\/trendsandvision.nl\/de\/product\/esschert-design-meisenknoedelautomat-xl\/#breadcrumb"},"inLanguage":"de","potentialAction":[{"@type":"ReadAction","target":["https:\/\/trendsandvision.nl\/de\/product\/esschert-design-meisenknoedelautomat-xl\/"]}]},{"@type":"ImageObject","inLanguage":"de","@id":"https:\/\/trendsandvision.nl\/de\/product\/esschert-design-meisenknoedelautomat-xl\/#primaryimage","url":"https:\/\/trendsandvision.nl\/de\/wp-content\/uploads\/sites\/3\/2022\/04\/FB391_01.jpg","contentUrl":"https:\/\/trendsandvision.nl\/de\/wp-content\/uploads\/sites\/3\/2022\/04\/FB391_01.jpg","width":800,"height":800,"caption":"Esschert Design Vetbollenautomaat XL (FB391"},{"@type":"BreadcrumbList","@id":"https:\/\/trendsandvision.nl\/de\/product\/esschert-design-meisenknoedelautomat-xl\/#breadcrumb","itemListElement":[{"@type":"ListItem","position":1,"name":"Home","item":"https:\/\/trendsandvision.nl\/de\/"},{"@type":"ListItem","position":2,"name":"Gesch\u00e4ft","item":"https:\/\/trendsandvision.nl\/de\/geschaft\/"},{"@type":"ListItem","position":3,"name":"Esschert Design Meisenkn\u00f6delautomat XL"}]},{"@type":"WebSite","@id":"https:\/\/trendsandvision.nl\/de\/#website","url":"https:\/\/trendsandvision.nl\/de\/","name":"Trends &amp; Vision (DE)","description":"Der Webshop f\u00fcr Esschert Design Artikel","publisher":{"@id":"https:\/\/trendsandvision.nl\/de\/#organization"},"potentialAction":[{"@type":"SearchAction","target":{"@type":"EntryPoint","urlTemplate":"https:\/\/trendsandvision.nl\/de\/?s={search_term_string}"},"query-input":{"@type":"PropertyValueSpecification","valueRequired":true,"valueName":"search_term_string"}}],"inLanguage":"de"},{"@type":"Organization","@id":"https:\/\/trendsandvision.nl\/de\/#organization","name":"Trends &amp; Vision (DE)","url":"https:\/\/trendsandvision.nl\/de\/","logo":{"@type":"ImageObject","inLanguage":"de","@id":"https:\/\/trendsandvision.nl\/de\/#\/schema\/logo\/image\/","url":"https:\/\/trendsandvision.nl\/de\/wp-content\/uploads\/sites\/3\/2022\/04\/trends-and-vision-logo.jpg","contentUrl":"https:\/\/trendsandvision.nl\/de\/wp-content\/uploads\/sites\/3\/2022\/04\/trends-and-vision-logo.jpg","width":213,"height":100,"caption":"Trends &amp; Vision (DE)"},"image":{"@id":"https:\/\/trendsandvision.nl\/de\/#\/schema\/logo\/image\/"}}]}},"_links":{"self":[{"href":"https:\/\/trendsandvision.nl\/de\/wp-json\/wp\/v2\/product\/2863","targetHints":{"allow":["GET"]}}],"collection":[{"href":"https:\/\/trendsandvision.nl\/de\/wp-json\/wp\/v2\/product"}],"about":[{"href":"https:\/\/trendsandvision.nl\/de\/wp-json\/wp\/v2\/types\/product"}],"wp:featuredmedia":[{"embeddable":true,"href":"https:\/\/trendsandvision.nl\/de\/wp-json\/wp\/v2\/media\/2864"}],"wp:attachment":[{"href":"https:\/\/trendsandvision.nl\/de\/wp-json\/wp\/v2\/media?parent=2863"}],"wp:term":[{"taxonomy":"product_brand","embeddable":true,"href":"https:\/\/trendsandvision.nl\/de\/wp-json\/wp\/v2\/product_brand?post=2863"},{"taxonomy":"product_cat","embeddable":true,"href":"https:\/\/trendsandvision.nl\/de\/wp-json\/wp\/v2\/product_cat?post=2863"},{"taxonomy":"product_tag","embeddable":true,"href":"https:\/\/trendsandvision.nl\/de\/wp-json\/wp\/v2\/product_tag?post=2863"}],"curies":[{"name":"wp","href":"https:\/\/api.w.org\/{rel}","templated":true}]}}