{"id":2828,"date":"2022-04-22T17:38:44","date_gmt":"2022-04-22T15:38:44","guid":{"rendered":"https:\/\/trendsandvision.nl\/de\/product\/esschert-design-reuzen-vetbol-500-gr-in-houder-ass\/"},"modified":"2026-04-07T10:25:41","modified_gmt":"2026-04-07T08:25:41","slug":"esschert-design-riesenmeisenknoedel-500g-halter-wahl","status":"publish","type":"product","link":"https:\/\/trendsandvision.nl\/de\/product\/esschert-design-riesenmeisenknoedel-500g-halter-wahl\/","title":{"rendered":"Esschert Design Riesenmeisenkn\u00f6del 500g + Halter Wahl"},"content":{"rendered":"<p>Dieser Meisenkn\u00f6delhalter mit einem Riesen 500g Meisenkn\u00f6del ist direkt gebrauchsfertig und kann direkt im Garten aufgeh\u00e4ngt werden.<br \/>\nDer Kn\u00f6del befindet sich in dem quadratischen Halter, der mittels des inbegriffenen Taues aufgeh\u00e4ngt werden kann.<br \/>\nDie vier \u00d6ffnungen bieten mehreren V\u00f6geln gleichzeitig einen Futterplatz bieten.<\/p>\n<p>&#8211; Wahl aus 4 Varianten<br \/>\n&#8211; 500 g Riesenmeisenkn\u00f6del und inklusive Jutetau<\/p>\n<p>Artikelname: Riesenmeisenkn\u00f6del 500g + Halter Wahl<br \/>\nArtikelnummer: FB385<br \/>\nProduktgruppe(n) V\u00f6gel&amp;Gartentiere, Futter, Fettb\u00e4lle und Fettbl\u00f6cke<br \/>\nProduktabmessungen in cm L 10 x T 10 x H 16<br \/>\nMaterial: Pappe, Zutaten Meisenkn\u00f6del: Weizen, Talg, getrocknetes Rindfleischpulver, Sorghumhirsensamen, Hirse, Sonnenblumenkerne, E565.Analyse: Kohlenhydrate 43,1%, Fett 30,6%, Protein 10,9%, Feuchtigkeit 8,8%, Rohasche 4%, Rohfaser 2,6%<br \/>\nNettogewicht 0,5 kg<br \/>\nBarcode 8714982116063<\/p>\n","protected":false},"excerpt":{"rendered":"<p>&#8211; Wahl aus 4 Varianten<br \/>\n&#8211; 500 g Riesenmeisenkn\u00f6del und<br \/>\n&#8211; inklusive Jutetau<br \/>\n&#8211; Artikelnummer: FB385<br \/>\n&#8211; L 10 x T 10 x H 16 cm<br \/>\n&#8211; Nettogewicht 0,5 kg<br \/>\n&#8211; Barcode 8714982116063<\/p>\n","protected":false},"featured_media":2829,"template":"","meta":[],"product_brand":[9597,9598],"product_cat":[1315],"product_tag":[7196,6945],"class_list":{"0":"post-2828","1":"product","2":"type-product","3":"status-publish","4":"has-post-thumbnail","6":"product_brand-esschert-design","7":"product_brand-trends-and-vision","8":"product_cat-best-for-birds","9":"product_tag-fettbaelle-und-fettbloecke","10":"product_tag-wahl","11":"pa_anbieter-esschert-design","12":"pa_ean-code-1683","13":"pa_material-karton-ingredienten-vetbol-tarwe-talg-gedroogd-rundvlees-poeder-sorgo-zaad-gierst-zonnebloempitten-e565-analyse-koolhydraten-431-ruw-vet-306-ruwe-proteine-109-vocht-88-ruwe-as","14":"pa_messungen-500x465x697-cm","16":"first","17":"instock","18":"sale","19":"taxable","20":"shipping-taxable","21":"purchasable","22":"product-type-simple","23":"czr-hentry"},"yoast_head":"<!-- This site is optimized with the Yoast SEO Premium plugin v26.4 (Yoast SEO v27.3) - https:\/\/yoast.com\/product\/yoast-seo-premium-wordpress\/ -->\n<title>Esschert Design Reuzen vetbol 500 gr in houder ass. (FB385, 8714982116063) - Trends &amp; Vision<\/title>\n<meta name=\"description\" content=\"Esschert Design Reuzen vetbol 500 gr in houder ass.: Deze vetbollenhouder met een reuze 500gr vetbol is al kant-en-klaar om direct in gebruik te worden genomen en opgehangen te worden.\" \/>\n<meta name=\"robots\" content=\"index, follow, max-snippet:-1, max-image-preview:large, max-video-preview:-1\" \/>\n<link rel=\"canonical\" href=\"https:\/\/trendsandvision.nl\/de\/product\/esschert-design-riesenmeisenknoedel-500g-halter-wahl\/\" \/>\n<meta property=\"og:locale\" content=\"de_DE\" \/>\n<meta property=\"og:type\" content=\"article\" \/>\n<meta property=\"og:title\" content=\"Esschert Design Riesenmeisenkn\u00f6del 500g + Halter Wahl\" \/>\n<meta property=\"og:description\" content=\"Esschert Design Reuzen vetbol 500 gr in houder ass.: Deze vetbollenhouder met een reuze 500gr vetbol is al kant-en-klaar om direct in gebruik te worden genomen en opgehangen te worden.\" \/>\n<meta property=\"og:url\" content=\"https:\/\/trendsandvision.nl\/de\/product\/esschert-design-riesenmeisenknoedel-500g-halter-wahl\/\" \/>\n<meta property=\"og:site_name\" content=\"Trends &amp; Vision (DE)\" \/>\n<meta property=\"article:modified_time\" content=\"2026-04-07T08:25:41+00:00\" \/>\n<meta property=\"og:image\" content=\"https:\/\/trendsandvision.nl\/de\/wp-content\/uploads\/sites\/3\/2022\/04\/FB385_01.jpg\" \/>\n\t<meta property=\"og:image:width\" content=\"800\" \/>\n\t<meta property=\"og:image:height\" content=\"800\" \/>\n\t<meta property=\"og:image:type\" content=\"image\/jpeg\" \/>\n<meta name=\"twitter:card\" content=\"summary_large_image\" \/>\n<meta name=\"twitter:label1\" content=\"Gesch\u00e4tzte Lesezeit\" \/>\n\t<meta name=\"twitter:data1\" content=\"1\u00a0Minute\" \/>\n<script type=\"application\/ld+json\" class=\"yoast-schema-graph\">{\"@context\":\"https:\\\/\\\/schema.org\",\"@graph\":[{\"@type\":\"WebPage\",\"@id\":\"https:\\\/\\\/trendsandvision.nl\\\/de\\\/product\\\/esschert-design-riesenmeisenknoedel-500g-halter-wahl\\\/\",\"url\":\"https:\\\/\\\/trendsandvision.nl\\\/de\\\/product\\\/esschert-design-riesenmeisenknoedel-500g-halter-wahl\\\/\",\"name\":\"Esschert Design Reuzen vetbol 500 gr in houder ass. (FB385, 8714982116063) - Trends & Vision\",\"isPartOf\":{\"@id\":\"https:\\\/\\\/trendsandvision.nl\\\/de\\\/#website\"},\"primaryImageOfPage\":{\"@id\":\"https:\\\/\\\/trendsandvision.nl\\\/de\\\/product\\\/esschert-design-riesenmeisenknoedel-500g-halter-wahl\\\/#primaryimage\"},\"image\":{\"@id\":\"https:\\\/\\\/trendsandvision.nl\\\/de\\\/product\\\/esschert-design-riesenmeisenknoedel-500g-halter-wahl\\\/#primaryimage\"},\"thumbnailUrl\":\"https:\\\/\\\/trendsandvision.nl\\\/de\\\/wp-content\\\/uploads\\\/sites\\\/3\\\/2022\\\/04\\\/FB385_01.jpg\",\"datePublished\":\"2022-04-22T15:38:44+00:00\",\"dateModified\":\"2026-04-07T08:25:41+00:00\",\"description\":\"Esschert Design Reuzen vetbol 500 gr in houder ass.: Deze vetbollenhouder met een reuze 500gr vetbol is al kant-en-klaar om direct in gebruik te worden genomen en opgehangen te worden.\",\"breadcrumb\":{\"@id\":\"https:\\\/\\\/trendsandvision.nl\\\/de\\\/product\\\/esschert-design-riesenmeisenknoedel-500g-halter-wahl\\\/#breadcrumb\"},\"inLanguage\":\"de\",\"potentialAction\":[{\"@type\":\"ReadAction\",\"target\":[\"https:\\\/\\\/trendsandvision.nl\\\/de\\\/product\\\/esschert-design-riesenmeisenknoedel-500g-halter-wahl\\\/\"]}]},{\"@type\":\"ImageObject\",\"inLanguage\":\"de\",\"@id\":\"https:\\\/\\\/trendsandvision.nl\\\/de\\\/product\\\/esschert-design-riesenmeisenknoedel-500g-halter-wahl\\\/#primaryimage\",\"url\":\"https:\\\/\\\/trendsandvision.nl\\\/de\\\/wp-content\\\/uploads\\\/sites\\\/3\\\/2022\\\/04\\\/FB385_01.jpg\",\"contentUrl\":\"https:\\\/\\\/trendsandvision.nl\\\/de\\\/wp-content\\\/uploads\\\/sites\\\/3\\\/2022\\\/04\\\/FB385_01.jpg\",\"width\":800,\"height\":800,\"caption\":\"Esschert Design Reuzen vetbol 500 gr in houder ass. (FB385\"},{\"@type\":\"BreadcrumbList\",\"@id\":\"https:\\\/\\\/trendsandvision.nl\\\/de\\\/product\\\/esschert-design-riesenmeisenknoedel-500g-halter-wahl\\\/#breadcrumb\",\"itemListElement\":[{\"@type\":\"ListItem\",\"position\":1,\"name\":\"Home\",\"item\":\"https:\\\/\\\/trendsandvision.nl\\\/de\\\/\"},{\"@type\":\"ListItem\",\"position\":2,\"name\":\"Gesch\u00e4ft\",\"item\":\"https:\\\/\\\/trendsandvision.nl\\\/de\\\/geschaft\\\/\"},{\"@type\":\"ListItem\",\"position\":3,\"name\":\"Esschert Design Riesenmeisenkn\u00f6del 500g + Halter Wahl\"}]},{\"@type\":\"WebSite\",\"@id\":\"https:\\\/\\\/trendsandvision.nl\\\/de\\\/#website\",\"url\":\"https:\\\/\\\/trendsandvision.nl\\\/de\\\/\",\"name\":\"Trends &amp; Vision (DE)\",\"description\":\"Der Webshop f\u00fcr Esschert Design Artikel\",\"publisher\":{\"@id\":\"https:\\\/\\\/trendsandvision.nl\\\/de\\\/#organization\"},\"potentialAction\":[{\"@type\":\"SearchAction\",\"target\":{\"@type\":\"EntryPoint\",\"urlTemplate\":\"https:\\\/\\\/trendsandvision.nl\\\/de\\\/?s={search_term_string}\"},\"query-input\":{\"@type\":\"PropertyValueSpecification\",\"valueRequired\":true,\"valueName\":\"search_term_string\"}}],\"inLanguage\":\"de\"},{\"@type\":\"Organization\",\"@id\":\"https:\\\/\\\/trendsandvision.nl\\\/de\\\/#organization\",\"name\":\"Trends &amp; Vision (DE)\",\"url\":\"https:\\\/\\\/trendsandvision.nl\\\/de\\\/\",\"logo\":{\"@type\":\"ImageObject\",\"inLanguage\":\"de\",\"@id\":\"https:\\\/\\\/trendsandvision.nl\\\/de\\\/#\\\/schema\\\/logo\\\/image\\\/\",\"url\":\"https:\\\/\\\/trendsandvision.nl\\\/de\\\/wp-content\\\/uploads\\\/sites\\\/3\\\/2022\\\/04\\\/trends-and-vision-logo.jpg\",\"contentUrl\":\"https:\\\/\\\/trendsandvision.nl\\\/de\\\/wp-content\\\/uploads\\\/sites\\\/3\\\/2022\\\/04\\\/trends-and-vision-logo.jpg\",\"width\":213,\"height\":100,\"caption\":\"Trends &amp; Vision (DE)\"},\"image\":{\"@id\":\"https:\\\/\\\/trendsandvision.nl\\\/de\\\/#\\\/schema\\\/logo\\\/image\\\/\"}}]}<\/script>\n<!-- \/ Yoast SEO Premium plugin. -->","yoast_head_json":{"title":"Esschert Design Reuzen vetbol 500 gr in houder ass. (FB385, 8714982116063) - Trends & Vision","description":"Esschert Design Reuzen vetbol 500 gr in houder ass.: Deze vetbollenhouder met een reuze 500gr vetbol is al kant-en-klaar om direct in gebruik te worden genomen en opgehangen te worden.","robots":{"index":"index","follow":"follow","max-snippet":"max-snippet:-1","max-image-preview":"max-image-preview:large","max-video-preview":"max-video-preview:-1"},"canonical":"https:\/\/trendsandvision.nl\/de\/product\/esschert-design-riesenmeisenknoedel-500g-halter-wahl\/","og_locale":"de_DE","og_type":"article","og_title":"Esschert Design Riesenmeisenkn\u00f6del 500g + Halter Wahl","og_description":"Esschert Design Reuzen vetbol 500 gr in houder ass.: Deze vetbollenhouder met een reuze 500gr vetbol is al kant-en-klaar om direct in gebruik te worden genomen en opgehangen te worden.","og_url":"https:\/\/trendsandvision.nl\/de\/product\/esschert-design-riesenmeisenknoedel-500g-halter-wahl\/","og_site_name":"Trends &amp; Vision (DE)","article_modified_time":"2026-04-07T08:25:41+00:00","og_image":[{"width":800,"height":800,"url":"https:\/\/trendsandvision.nl\/de\/wp-content\/uploads\/sites\/3\/2022\/04\/FB385_01.jpg","type":"image\/jpeg"}],"twitter_card":"summary_large_image","twitter_misc":{"Gesch\u00e4tzte Lesezeit":"1\u00a0Minute"},"schema":{"@context":"https:\/\/schema.org","@graph":[{"@type":"WebPage","@id":"https:\/\/trendsandvision.nl\/de\/product\/esschert-design-riesenmeisenknoedel-500g-halter-wahl\/","url":"https:\/\/trendsandvision.nl\/de\/product\/esschert-design-riesenmeisenknoedel-500g-halter-wahl\/","name":"Esschert Design Reuzen vetbol 500 gr in houder ass. (FB385, 8714982116063) - Trends & Vision","isPartOf":{"@id":"https:\/\/trendsandvision.nl\/de\/#website"},"primaryImageOfPage":{"@id":"https:\/\/trendsandvision.nl\/de\/product\/esschert-design-riesenmeisenknoedel-500g-halter-wahl\/#primaryimage"},"image":{"@id":"https:\/\/trendsandvision.nl\/de\/product\/esschert-design-riesenmeisenknoedel-500g-halter-wahl\/#primaryimage"},"thumbnailUrl":"https:\/\/trendsandvision.nl\/de\/wp-content\/uploads\/sites\/3\/2022\/04\/FB385_01.jpg","datePublished":"2022-04-22T15:38:44+00:00","dateModified":"2026-04-07T08:25:41+00:00","description":"Esschert Design Reuzen vetbol 500 gr in houder ass.: Deze vetbollenhouder met een reuze 500gr vetbol is al kant-en-klaar om direct in gebruik te worden genomen en opgehangen te worden.","breadcrumb":{"@id":"https:\/\/trendsandvision.nl\/de\/product\/esschert-design-riesenmeisenknoedel-500g-halter-wahl\/#breadcrumb"},"inLanguage":"de","potentialAction":[{"@type":"ReadAction","target":["https:\/\/trendsandvision.nl\/de\/product\/esschert-design-riesenmeisenknoedel-500g-halter-wahl\/"]}]},{"@type":"ImageObject","inLanguage":"de","@id":"https:\/\/trendsandvision.nl\/de\/product\/esschert-design-riesenmeisenknoedel-500g-halter-wahl\/#primaryimage","url":"https:\/\/trendsandvision.nl\/de\/wp-content\/uploads\/sites\/3\/2022\/04\/FB385_01.jpg","contentUrl":"https:\/\/trendsandvision.nl\/de\/wp-content\/uploads\/sites\/3\/2022\/04\/FB385_01.jpg","width":800,"height":800,"caption":"Esschert Design Reuzen vetbol 500 gr in houder ass. (FB385"},{"@type":"BreadcrumbList","@id":"https:\/\/trendsandvision.nl\/de\/product\/esschert-design-riesenmeisenknoedel-500g-halter-wahl\/#breadcrumb","itemListElement":[{"@type":"ListItem","position":1,"name":"Home","item":"https:\/\/trendsandvision.nl\/de\/"},{"@type":"ListItem","position":2,"name":"Gesch\u00e4ft","item":"https:\/\/trendsandvision.nl\/de\/geschaft\/"},{"@type":"ListItem","position":3,"name":"Esschert Design Riesenmeisenkn\u00f6del 500g + Halter Wahl"}]},{"@type":"WebSite","@id":"https:\/\/trendsandvision.nl\/de\/#website","url":"https:\/\/trendsandvision.nl\/de\/","name":"Trends &amp; Vision (DE)","description":"Der Webshop f\u00fcr Esschert Design Artikel","publisher":{"@id":"https:\/\/trendsandvision.nl\/de\/#organization"},"potentialAction":[{"@type":"SearchAction","target":{"@type":"EntryPoint","urlTemplate":"https:\/\/trendsandvision.nl\/de\/?s={search_term_string}"},"query-input":{"@type":"PropertyValueSpecification","valueRequired":true,"valueName":"search_term_string"}}],"inLanguage":"de"},{"@type":"Organization","@id":"https:\/\/trendsandvision.nl\/de\/#organization","name":"Trends &amp; Vision (DE)","url":"https:\/\/trendsandvision.nl\/de\/","logo":{"@type":"ImageObject","inLanguage":"de","@id":"https:\/\/trendsandvision.nl\/de\/#\/schema\/logo\/image\/","url":"https:\/\/trendsandvision.nl\/de\/wp-content\/uploads\/sites\/3\/2022\/04\/trends-and-vision-logo.jpg","contentUrl":"https:\/\/trendsandvision.nl\/de\/wp-content\/uploads\/sites\/3\/2022\/04\/trends-and-vision-logo.jpg","width":213,"height":100,"caption":"Trends &amp; Vision (DE)"},"image":{"@id":"https:\/\/trendsandvision.nl\/de\/#\/schema\/logo\/image\/"}}]}},"_links":{"self":[{"href":"https:\/\/trendsandvision.nl\/de\/wp-json\/wp\/v2\/product\/2828","targetHints":{"allow":["GET"]}}],"collection":[{"href":"https:\/\/trendsandvision.nl\/de\/wp-json\/wp\/v2\/product"}],"about":[{"href":"https:\/\/trendsandvision.nl\/de\/wp-json\/wp\/v2\/types\/product"}],"wp:featuredmedia":[{"embeddable":true,"href":"https:\/\/trendsandvision.nl\/de\/wp-json\/wp\/v2\/media\/2829"}],"wp:attachment":[{"href":"https:\/\/trendsandvision.nl\/de\/wp-json\/wp\/v2\/media?parent=2828"}],"wp:term":[{"taxonomy":"product_brand","embeddable":true,"href":"https:\/\/trendsandvision.nl\/de\/wp-json\/wp\/v2\/product_brand?post=2828"},{"taxonomy":"product_cat","embeddable":true,"href":"https:\/\/trendsandvision.nl\/de\/wp-json\/wp\/v2\/product_cat?post=2828"},{"taxonomy":"product_tag","embeddable":true,"href":"https:\/\/trendsandvision.nl\/de\/wp-json\/wp\/v2\/product_tag?post=2828"}],"curies":[{"name":"wp","href":"https:\/\/api.w.org\/{rel}","templated":true}]}}