{"id":2811,"date":"2022-04-22T17:38:16","date_gmt":"2022-04-22T15:38:16","guid":{"rendered":"https:\/\/trendsandvision.nl\/de\/product\/esschert-design-koperen-vetbolsilo\/"},"modified":"2025-12-29T23:57:41","modified_gmt":"2025-12-29T22:57:41","slug":"esschert-design-verkupferter-meisenknoedelautomat","status":"publish","type":"product","link":"https:\/\/trendsandvision.nl\/de\/product\/esschert-design-verkupferter-meisenknoedelautomat\/","title":{"rendered":"Esschert Design Verkupferter Meisenkn\u00f6delautomat"},"content":{"rendered":"<p>Dieser trendige Meisenkn\u00f6delautomat kann mit 5 Meisenkn\u00f6deln bef\u00fcllt werden. Dank der offenen Struktur k\u00f6nnen die V\u00f6gel von allen Seiten an die Meisenkn\u00f6del gelangen. Die Schale an der Unterseite sorgt daf\u00fcr, dass nichts auf den Boden f\u00e4llt, sondern im Silo bleibt. Durch die Drainagel\u00f6cher in der Schale kann Regenwasser gegebenenfalls abflie\u00dfen. Dank des Drehmechanismus des Deckel l\u00e4sst sich der Meisenkn\u00f6delautomat einfach wiederbef\u00fcllen.<\/p>\n<p>&#8211; geeignet f\u00fcr 5 Meisenkn\u00f6del<br \/>\n&#8211; Auffangschale mit Drainagel\u00f6chern<br \/>\n&#8211; Alle <strong><a href=\"https:\/\/trendsandvision.nl\/de\/?s=haken&amp;post_type=product&amp;dgwt_wcas=1\">Haken<\/a><\/strong><\/p>\n<p>Artikelname: Verkupferter Meisenkn\u00f6delautomat<br \/>\nArtikelnummer: FB381<br \/>\nProduktgruppe(n) V\u00f6gel&amp;Gartentiere, Futterungssysteme, Futtersilos<br \/>\nProduktabmessungen in cm L 16 x T 16 x H 30,2<br \/>\nMaterial: Weichstahl<br \/>\nNettogewicht 0,34 kg<br \/>\nBarcode 8714982115493<\/p>\n","protected":false},"excerpt":{"rendered":"<p>Verkupferter Meisenkn\u00f6delautomat<br \/>\nArtikelnummer: FB381<br \/>\nL 16 x T 16 x H 30,2 cm<br \/>\nMaterial: Weichstahl<br \/>\nNettogewicht 0,34 kg<br \/>\nBarcode 8714982115493<br \/>\nAlle <strong><a href=\"https:\/\/trendsandvision.nl\/de\/?s=haken&amp;post_type=product&amp;dgwt_wcas=1\">Haken<\/a><\/strong><\/p>\n","protected":false},"featured_media":2812,"template":"","meta":[],"product_brand":[9597,9598],"product_cat":[1315],"product_tag":[10714,6960,7264],"class_list":{"0":"post-2811","1":"product","2":"type-product","3":"status-publish","4":"has-post-thumbnail","6":"product_brand-esschert-design","7":"product_brand-trends-and-vision","8":"product_cat-best-for-birds","9":"product_tag-fuer-5-meisenknoedel","10":"product_tag-futtersilos","11":"product_tag-verkupferter","12":"pa_anbieter-esschert-design","13":"pa_ean-code-1674","14":"pa_material-metaal","15":"pa_messungen-165x165x305-cm","17":"first","18":"instock","19":"sale","20":"taxable","21":"shipping-taxable","22":"purchasable","23":"product-type-simple","24":"czr-hentry"},"yoast_head":"<!-- This site is optimized with the Yoast SEO Premium plugin v26.4 (Yoast SEO v27.3) - https:\/\/yoast.com\/product\/yoast-seo-premium-wordpress\/ -->\n<title>Esschert Design Koperen vetbolsilo (FB381, 8714982115493) - Trends &amp; Vision<\/title>\n<meta name=\"description\" content=\"Esschert Design Koperen vetbolsilo: Deze trendy koperen vetbolautomaat kan met 5 vetbollen gevuld worden. Door de open structuur kunnen de vogels van elke kant genieten van de vetbollen....\" \/>\n<meta name=\"robots\" content=\"index, follow, max-snippet:-1, max-image-preview:large, max-video-preview:-1\" \/>\n<link rel=\"canonical\" href=\"https:\/\/trendsandvision.nl\/de\/product\/esschert-design-verkupferter-meisenknoedelautomat\/\" \/>\n<meta property=\"og:locale\" content=\"de_DE\" \/>\n<meta property=\"og:type\" content=\"article\" \/>\n<meta property=\"og:title\" content=\"Esschert Design Verkupferter Meisenkn\u00f6delautomat\" \/>\n<meta property=\"og:description\" content=\"Esschert Design Koperen vetbolsilo: Deze trendy koperen vetbolautomaat kan met 5 vetbollen gevuld worden. Door de open structuur kunnen de vogels van elke kant genieten van de vetbollen....\" \/>\n<meta property=\"og:url\" content=\"https:\/\/trendsandvision.nl\/de\/product\/esschert-design-verkupferter-meisenknoedelautomat\/\" \/>\n<meta property=\"og:site_name\" content=\"Trends &amp; Vision (DE)\" \/>\n<meta property=\"article:modified_time\" content=\"2025-12-29T22:57:41+00:00\" \/>\n<meta property=\"og:image\" content=\"https:\/\/trendsandvision.nl\/de\/wp-content\/uploads\/sites\/3\/2022\/04\/FB381_01.jpg\" \/>\n\t<meta property=\"og:image:width\" content=\"800\" \/>\n\t<meta property=\"og:image:height\" content=\"800\" \/>\n\t<meta property=\"og:image:type\" content=\"image\/jpeg\" \/>\n<meta name=\"twitter:card\" content=\"summary_large_image\" \/>\n<meta name=\"twitter:label1\" content=\"Gesch\u00e4tzte Lesezeit\" \/>\n\t<meta name=\"twitter:data1\" content=\"1\u00a0Minute\" \/>\n<script type=\"application\/ld+json\" class=\"yoast-schema-graph\">{\"@context\":\"https:\\\/\\\/schema.org\",\"@graph\":[{\"@type\":\"WebPage\",\"@id\":\"https:\\\/\\\/trendsandvision.nl\\\/de\\\/product\\\/esschert-design-verkupferter-meisenknoedelautomat\\\/\",\"url\":\"https:\\\/\\\/trendsandvision.nl\\\/de\\\/product\\\/esschert-design-verkupferter-meisenknoedelautomat\\\/\",\"name\":\"Esschert Design Koperen vetbolsilo (FB381, 8714982115493) - Trends & Vision\",\"isPartOf\":{\"@id\":\"https:\\\/\\\/trendsandvision.nl\\\/de\\\/#website\"},\"primaryImageOfPage\":{\"@id\":\"https:\\\/\\\/trendsandvision.nl\\\/de\\\/product\\\/esschert-design-verkupferter-meisenknoedelautomat\\\/#primaryimage\"},\"image\":{\"@id\":\"https:\\\/\\\/trendsandvision.nl\\\/de\\\/product\\\/esschert-design-verkupferter-meisenknoedelautomat\\\/#primaryimage\"},\"thumbnailUrl\":\"https:\\\/\\\/trendsandvision.nl\\\/de\\\/wp-content\\\/uploads\\\/sites\\\/3\\\/2022\\\/04\\\/FB381_01.jpg\",\"datePublished\":\"2022-04-22T15:38:16+00:00\",\"dateModified\":\"2025-12-29T22:57:41+00:00\",\"description\":\"Esschert Design Koperen vetbolsilo: Deze trendy koperen vetbolautomaat kan met 5 vetbollen gevuld worden. Door de open structuur kunnen de vogels van elke kant genieten van de vetbollen....\",\"breadcrumb\":{\"@id\":\"https:\\\/\\\/trendsandvision.nl\\\/de\\\/product\\\/esschert-design-verkupferter-meisenknoedelautomat\\\/#breadcrumb\"},\"inLanguage\":\"de\",\"potentialAction\":[{\"@type\":\"ReadAction\",\"target\":[\"https:\\\/\\\/trendsandvision.nl\\\/de\\\/product\\\/esschert-design-verkupferter-meisenknoedelautomat\\\/\"]}]},{\"@type\":\"ImageObject\",\"inLanguage\":\"de\",\"@id\":\"https:\\\/\\\/trendsandvision.nl\\\/de\\\/product\\\/esschert-design-verkupferter-meisenknoedelautomat\\\/#primaryimage\",\"url\":\"https:\\\/\\\/trendsandvision.nl\\\/de\\\/wp-content\\\/uploads\\\/sites\\\/3\\\/2022\\\/04\\\/FB381_01.jpg\",\"contentUrl\":\"https:\\\/\\\/trendsandvision.nl\\\/de\\\/wp-content\\\/uploads\\\/sites\\\/3\\\/2022\\\/04\\\/FB381_01.jpg\",\"width\":800,\"height\":800,\"caption\":\"Esschert Design Koperen vetbolsilo (FB381\"},{\"@type\":\"BreadcrumbList\",\"@id\":\"https:\\\/\\\/trendsandvision.nl\\\/de\\\/product\\\/esschert-design-verkupferter-meisenknoedelautomat\\\/#breadcrumb\",\"itemListElement\":[{\"@type\":\"ListItem\",\"position\":1,\"name\":\"Home\",\"item\":\"https:\\\/\\\/trendsandvision.nl\\\/de\\\/\"},{\"@type\":\"ListItem\",\"position\":2,\"name\":\"Gesch\u00e4ft\",\"item\":\"https:\\\/\\\/trendsandvision.nl\\\/de\\\/geschaft\\\/\"},{\"@type\":\"ListItem\",\"position\":3,\"name\":\"Esschert Design Verkupferter Meisenkn\u00f6delautomat\"}]},{\"@type\":\"WebSite\",\"@id\":\"https:\\\/\\\/trendsandvision.nl\\\/de\\\/#website\",\"url\":\"https:\\\/\\\/trendsandvision.nl\\\/de\\\/\",\"name\":\"Trends &amp; Vision (DE)\",\"description\":\"Der Webshop f\u00fcr Esschert Design Artikel\",\"publisher\":{\"@id\":\"https:\\\/\\\/trendsandvision.nl\\\/de\\\/#organization\"},\"potentialAction\":[{\"@type\":\"SearchAction\",\"target\":{\"@type\":\"EntryPoint\",\"urlTemplate\":\"https:\\\/\\\/trendsandvision.nl\\\/de\\\/?s={search_term_string}\"},\"query-input\":{\"@type\":\"PropertyValueSpecification\",\"valueRequired\":true,\"valueName\":\"search_term_string\"}}],\"inLanguage\":\"de\"},{\"@type\":\"Organization\",\"@id\":\"https:\\\/\\\/trendsandvision.nl\\\/de\\\/#organization\",\"name\":\"Trends &amp; Vision (DE)\",\"url\":\"https:\\\/\\\/trendsandvision.nl\\\/de\\\/\",\"logo\":{\"@type\":\"ImageObject\",\"inLanguage\":\"de\",\"@id\":\"https:\\\/\\\/trendsandvision.nl\\\/de\\\/#\\\/schema\\\/logo\\\/image\\\/\",\"url\":\"https:\\\/\\\/trendsandvision.nl\\\/de\\\/wp-content\\\/uploads\\\/sites\\\/3\\\/2022\\\/04\\\/trends-and-vision-logo.jpg\",\"contentUrl\":\"https:\\\/\\\/trendsandvision.nl\\\/de\\\/wp-content\\\/uploads\\\/sites\\\/3\\\/2022\\\/04\\\/trends-and-vision-logo.jpg\",\"width\":213,\"height\":100,\"caption\":\"Trends &amp; Vision (DE)\"},\"image\":{\"@id\":\"https:\\\/\\\/trendsandvision.nl\\\/de\\\/#\\\/schema\\\/logo\\\/image\\\/\"}}]}<\/script>\n<!-- \/ Yoast SEO Premium plugin. -->","yoast_head_json":{"title":"Esschert Design Koperen vetbolsilo (FB381, 8714982115493) - Trends & Vision","description":"Esschert Design Koperen vetbolsilo: Deze trendy koperen vetbolautomaat kan met 5 vetbollen gevuld worden. Door de open structuur kunnen de vogels van elke kant genieten van de vetbollen....","robots":{"index":"index","follow":"follow","max-snippet":"max-snippet:-1","max-image-preview":"max-image-preview:large","max-video-preview":"max-video-preview:-1"},"canonical":"https:\/\/trendsandvision.nl\/de\/product\/esschert-design-verkupferter-meisenknoedelautomat\/","og_locale":"de_DE","og_type":"article","og_title":"Esschert Design Verkupferter Meisenkn\u00f6delautomat","og_description":"Esschert Design Koperen vetbolsilo: Deze trendy koperen vetbolautomaat kan met 5 vetbollen gevuld worden. Door de open structuur kunnen de vogels van elke kant genieten van de vetbollen....","og_url":"https:\/\/trendsandvision.nl\/de\/product\/esschert-design-verkupferter-meisenknoedelautomat\/","og_site_name":"Trends &amp; Vision (DE)","article_modified_time":"2025-12-29T22:57:41+00:00","og_image":[{"width":800,"height":800,"url":"https:\/\/trendsandvision.nl\/de\/wp-content\/uploads\/sites\/3\/2022\/04\/FB381_01.jpg","type":"image\/jpeg"}],"twitter_card":"summary_large_image","twitter_misc":{"Gesch\u00e4tzte Lesezeit":"1\u00a0Minute"},"schema":{"@context":"https:\/\/schema.org","@graph":[{"@type":"WebPage","@id":"https:\/\/trendsandvision.nl\/de\/product\/esschert-design-verkupferter-meisenknoedelautomat\/","url":"https:\/\/trendsandvision.nl\/de\/product\/esschert-design-verkupferter-meisenknoedelautomat\/","name":"Esschert Design Koperen vetbolsilo (FB381, 8714982115493) - Trends & Vision","isPartOf":{"@id":"https:\/\/trendsandvision.nl\/de\/#website"},"primaryImageOfPage":{"@id":"https:\/\/trendsandvision.nl\/de\/product\/esschert-design-verkupferter-meisenknoedelautomat\/#primaryimage"},"image":{"@id":"https:\/\/trendsandvision.nl\/de\/product\/esschert-design-verkupferter-meisenknoedelautomat\/#primaryimage"},"thumbnailUrl":"https:\/\/trendsandvision.nl\/de\/wp-content\/uploads\/sites\/3\/2022\/04\/FB381_01.jpg","datePublished":"2022-04-22T15:38:16+00:00","dateModified":"2025-12-29T22:57:41+00:00","description":"Esschert Design Koperen vetbolsilo: Deze trendy koperen vetbolautomaat kan met 5 vetbollen gevuld worden. Door de open structuur kunnen de vogels van elke kant genieten van de vetbollen....","breadcrumb":{"@id":"https:\/\/trendsandvision.nl\/de\/product\/esschert-design-verkupferter-meisenknoedelautomat\/#breadcrumb"},"inLanguage":"de","potentialAction":[{"@type":"ReadAction","target":["https:\/\/trendsandvision.nl\/de\/product\/esschert-design-verkupferter-meisenknoedelautomat\/"]}]},{"@type":"ImageObject","inLanguage":"de","@id":"https:\/\/trendsandvision.nl\/de\/product\/esschert-design-verkupferter-meisenknoedelautomat\/#primaryimage","url":"https:\/\/trendsandvision.nl\/de\/wp-content\/uploads\/sites\/3\/2022\/04\/FB381_01.jpg","contentUrl":"https:\/\/trendsandvision.nl\/de\/wp-content\/uploads\/sites\/3\/2022\/04\/FB381_01.jpg","width":800,"height":800,"caption":"Esschert Design Koperen vetbolsilo (FB381"},{"@type":"BreadcrumbList","@id":"https:\/\/trendsandvision.nl\/de\/product\/esschert-design-verkupferter-meisenknoedelautomat\/#breadcrumb","itemListElement":[{"@type":"ListItem","position":1,"name":"Home","item":"https:\/\/trendsandvision.nl\/de\/"},{"@type":"ListItem","position":2,"name":"Gesch\u00e4ft","item":"https:\/\/trendsandvision.nl\/de\/geschaft\/"},{"@type":"ListItem","position":3,"name":"Esschert Design Verkupferter Meisenkn\u00f6delautomat"}]},{"@type":"WebSite","@id":"https:\/\/trendsandvision.nl\/de\/#website","url":"https:\/\/trendsandvision.nl\/de\/","name":"Trends &amp; Vision (DE)","description":"Der Webshop f\u00fcr Esschert Design Artikel","publisher":{"@id":"https:\/\/trendsandvision.nl\/de\/#organization"},"potentialAction":[{"@type":"SearchAction","target":{"@type":"EntryPoint","urlTemplate":"https:\/\/trendsandvision.nl\/de\/?s={search_term_string}"},"query-input":{"@type":"PropertyValueSpecification","valueRequired":true,"valueName":"search_term_string"}}],"inLanguage":"de"},{"@type":"Organization","@id":"https:\/\/trendsandvision.nl\/de\/#organization","name":"Trends &amp; Vision (DE)","url":"https:\/\/trendsandvision.nl\/de\/","logo":{"@type":"ImageObject","inLanguage":"de","@id":"https:\/\/trendsandvision.nl\/de\/#\/schema\/logo\/image\/","url":"https:\/\/trendsandvision.nl\/de\/wp-content\/uploads\/sites\/3\/2022\/04\/trends-and-vision-logo.jpg","contentUrl":"https:\/\/trendsandvision.nl\/de\/wp-content\/uploads\/sites\/3\/2022\/04\/trends-and-vision-logo.jpg","width":213,"height":100,"caption":"Trends &amp; Vision (DE)"},"image":{"@id":"https:\/\/trendsandvision.nl\/de\/#\/schema\/logo\/image\/"}}]}},"_links":{"self":[{"href":"https:\/\/trendsandvision.nl\/de\/wp-json\/wp\/v2\/product\/2811","targetHints":{"allow":["GET"]}}],"collection":[{"href":"https:\/\/trendsandvision.nl\/de\/wp-json\/wp\/v2\/product"}],"about":[{"href":"https:\/\/trendsandvision.nl\/de\/wp-json\/wp\/v2\/types\/product"}],"wp:featuredmedia":[{"embeddable":true,"href":"https:\/\/trendsandvision.nl\/de\/wp-json\/wp\/v2\/media\/2812"}],"wp:attachment":[{"href":"https:\/\/trendsandvision.nl\/de\/wp-json\/wp\/v2\/media?parent=2811"}],"wp:term":[{"taxonomy":"product_brand","embeddable":true,"href":"https:\/\/trendsandvision.nl\/de\/wp-json\/wp\/v2\/product_brand?post=2811"},{"taxonomy":"product_cat","embeddable":true,"href":"https:\/\/trendsandvision.nl\/de\/wp-json\/wp\/v2\/product_cat?post=2811"},{"taxonomy":"product_tag","embeddable":true,"href":"https:\/\/trendsandvision.nl\/de\/wp-json\/wp\/v2\/product_tag?post=2811"}],"curies":[{"name":"wp","href":"https:\/\/api.w.org\/{rel}","templated":true}]}}