{"id":2789,"date":"2022-04-22T17:37:54","date_gmt":"2022-04-22T15:37:54","guid":{"rendered":"https:\/\/trendsandvision.nl\/de\/product\/esschert-design-acryl-hangende-voedertafel-huis\/"},"modified":"2026-04-07T10:25:35","modified_gmt":"2026-04-07T08:25:35","slug":"esschert-design-acryl-haengefutterhaus","status":"publish","type":"product","link":"https:\/\/trendsandvision.nl\/de\/product\/esschert-design-acryl-haengefutterhaus\/","title":{"rendered":"Esschert Design Acryl  H\u00e4ngefutterhaus"},"content":{"rendered":"<p>Sehen Sie was sich im Inneren eines Futterhauses passiert.<br \/>\nDiese moderne Variante hat durchsichtige W\u00e4nde und ein durchsichtiges Dach wodurch sichtbar wird was sich in Inneren alles abspielt.<br \/>\nGanz nebenbei wird so auch sichtbar, wann wieder Futter aufgef\u00fcllt werden muss.<br \/>\nDas Acrylhaus hat auf den beiden gegen\u00fcberliegenden Stirnseiten jeweils eine gro\u00dfe \u00d6ffnung. Das Material l\u00e4sst sich einfach s\u00e4ubern.<\/p>\n<p>&#8211; einfach zu reinigen<br \/>\n&#8211; Alle <strong><a href=\"https:\/\/trendsandvision.nl\/de\/?s=haken&amp;post_type=product&amp;dgwt_wcas=1\">Haken<\/a><\/strong><\/p>\n<p>Artikelname: Acryl H\u00e4ngefutterhaus<br \/>\nArtikelnummer: FB373<br \/>\nProduktgruppe(n) V\u00f6gel&amp;Gartentiere, Futterungssysteme, Futtertische<br \/>\nProduktabmessungen in cm L 14,5 x T 15,1 x H 15,3<br \/>\nMaterial: PMMA, Stahl mit niedrigem Kohlenstoffgehalt, Stahl<br \/>\nNettogewicht 0,197 kg<br \/>\nBarcode 8714982115073<\/p>\n","protected":false},"excerpt":{"rendered":"<p>&#8211; Artikelnummer: FB373<br \/>\n&#8211; einfach zu reinigen<br \/>\n&#8211; L 14,5 x T 15,1 x H 15,3 cm<br \/>\n&#8211; Material: PMMA, Stahl mit<br \/>\n&#8211; niedrigem Kohlenstoffgehalt, Stahl<br \/>\n&#8211; Nettogewicht 0,197 kg<br \/>\n&#8211; Barcode 8714982115073<br \/>\n-Alle <strong><a href=\"https:\/\/trendsandvision.nl\/de\/?s=haken&amp;post_type=product&amp;dgwt_wcas=1\">Haken<\/a><\/strong><\/p>\n","protected":false},"featured_media":2790,"template":"","meta":[],"product_brand":[9597,9598],"product_cat":[1315],"product_tag":[8190,9410,6960,7164,7175,8191,7994],"class_list":{"0":"post-2789","1":"product","2":"type-product","3":"status-publish","4":"has-post-thumbnail","6":"product_brand-esschert-design","7":"product_brand-trends-and-vision","8":"product_cat-best-for-birds","9":"product_tag-acryl","10":"product_tag-fb528","11":"product_tag-futtersilos","12":"product_tag-futtertische","13":"product_tag-haengend","14":"product_tag-plexiglas","15":"product_tag-transparent","16":"pa_anbieter-esschert-design","17":"pa_ean-code-1660","18":"pa_material-pmma-metaal","19":"pa_messungen-145x151x153-cm","21":"first","22":"instock","23":"sale","24":"taxable","25":"shipping-taxable","26":"purchasable","27":"product-type-simple","28":"czr-hentry"},"yoast_head":"<!-- This site is optimized with the Yoast SEO Premium plugin v26.4 (Yoast SEO v27.3) - https:\/\/yoast.com\/product\/yoast-seo-premium-wordpress\/ -->\n<title>Esschert Design Acryl hangende voedertafel huis (FB373, 8714982115073) - Trends &amp; Vision<\/title>\n<meta name=\"description\" content=\"Esschert Design Acryl hangende voedertafel huis: Zien wat er gebeurt aan de binnenkant van een vogelhuis. Deze moderne voederhuis heeft transparante wanden en dak, waardoor het zichtbaar wordt wat er...\" \/>\n<meta name=\"robots\" content=\"index, follow, max-snippet:-1, max-image-preview:large, max-video-preview:-1\" \/>\n<link rel=\"canonical\" href=\"https:\/\/trendsandvision.nl\/de\/product\/esschert-design-acryl-haengefutterhaus\/\" \/>\n<meta property=\"og:locale\" content=\"de_DE\" \/>\n<meta property=\"og:type\" content=\"article\" \/>\n<meta property=\"og:title\" content=\"Esschert Design Acryl H\u00e4ngefutterhaus\" \/>\n<meta property=\"og:description\" content=\"Esschert Design Acryl hangende voedertafel huis: Zien wat er gebeurt aan de binnenkant van een vogelhuis. Deze moderne voederhuis heeft transparante wanden en dak, waardoor het zichtbaar wordt wat er...\" \/>\n<meta property=\"og:url\" content=\"https:\/\/trendsandvision.nl\/de\/product\/esschert-design-acryl-haengefutterhaus\/\" \/>\n<meta property=\"og:site_name\" content=\"Trends &amp; Vision (DE)\" \/>\n<meta property=\"article:modified_time\" content=\"2026-04-07T08:25:35+00:00\" \/>\n<meta property=\"og:image\" content=\"https:\/\/trendsandvision.nl\/de\/wp-content\/uploads\/sites\/3\/2022\/04\/FB373_01.jpg\" \/>\n\t<meta property=\"og:image:width\" content=\"800\" \/>\n\t<meta property=\"og:image:height\" content=\"800\" \/>\n\t<meta property=\"og:image:type\" content=\"image\/jpeg\" \/>\n<meta name=\"twitter:card\" content=\"summary_large_image\" \/>\n<meta name=\"twitter:label1\" content=\"Gesch\u00e4tzte Lesezeit\" \/>\n\t<meta name=\"twitter:data1\" content=\"1\u00a0Minute\" \/>\n<script type=\"application\/ld+json\" class=\"yoast-schema-graph\">{\"@context\":\"https:\\\/\\\/schema.org\",\"@graph\":[{\"@type\":\"WebPage\",\"@id\":\"https:\\\/\\\/trendsandvision.nl\\\/de\\\/product\\\/esschert-design-acryl-haengefutterhaus\\\/\",\"url\":\"https:\\\/\\\/trendsandvision.nl\\\/de\\\/product\\\/esschert-design-acryl-haengefutterhaus\\\/\",\"name\":\"Esschert Design Acryl hangende voedertafel huis (FB373, 8714982115073) - Trends & Vision\",\"isPartOf\":{\"@id\":\"https:\\\/\\\/trendsandvision.nl\\\/de\\\/#website\"},\"primaryImageOfPage\":{\"@id\":\"https:\\\/\\\/trendsandvision.nl\\\/de\\\/product\\\/esschert-design-acryl-haengefutterhaus\\\/#primaryimage\"},\"image\":{\"@id\":\"https:\\\/\\\/trendsandvision.nl\\\/de\\\/product\\\/esschert-design-acryl-haengefutterhaus\\\/#primaryimage\"},\"thumbnailUrl\":\"https:\\\/\\\/trendsandvision.nl\\\/de\\\/wp-content\\\/uploads\\\/sites\\\/3\\\/2022\\\/04\\\/FB373_01.jpg\",\"datePublished\":\"2022-04-22T15:37:54+00:00\",\"dateModified\":\"2026-04-07T08:25:35+00:00\",\"description\":\"Esschert Design Acryl hangende voedertafel huis: Zien wat er gebeurt aan de binnenkant van een vogelhuis. Deze moderne voederhuis heeft transparante wanden en dak, waardoor het zichtbaar wordt wat er...\",\"breadcrumb\":{\"@id\":\"https:\\\/\\\/trendsandvision.nl\\\/de\\\/product\\\/esschert-design-acryl-haengefutterhaus\\\/#breadcrumb\"},\"inLanguage\":\"de\",\"potentialAction\":[{\"@type\":\"ReadAction\",\"target\":[\"https:\\\/\\\/trendsandvision.nl\\\/de\\\/product\\\/esschert-design-acryl-haengefutterhaus\\\/\"]}]},{\"@type\":\"ImageObject\",\"inLanguage\":\"de\",\"@id\":\"https:\\\/\\\/trendsandvision.nl\\\/de\\\/product\\\/esschert-design-acryl-haengefutterhaus\\\/#primaryimage\",\"url\":\"https:\\\/\\\/trendsandvision.nl\\\/de\\\/wp-content\\\/uploads\\\/sites\\\/3\\\/2022\\\/04\\\/FB373_01.jpg\",\"contentUrl\":\"https:\\\/\\\/trendsandvision.nl\\\/de\\\/wp-content\\\/uploads\\\/sites\\\/3\\\/2022\\\/04\\\/FB373_01.jpg\",\"width\":800,\"height\":800,\"caption\":\"Esschert Design Acryl hangende voedertafel huis (FB373\"},{\"@type\":\"BreadcrumbList\",\"@id\":\"https:\\\/\\\/trendsandvision.nl\\\/de\\\/product\\\/esschert-design-acryl-haengefutterhaus\\\/#breadcrumb\",\"itemListElement\":[{\"@type\":\"ListItem\",\"position\":1,\"name\":\"Home\",\"item\":\"https:\\\/\\\/trendsandvision.nl\\\/de\\\/\"},{\"@type\":\"ListItem\",\"position\":2,\"name\":\"Gesch\u00e4ft\",\"item\":\"https:\\\/\\\/trendsandvision.nl\\\/de\\\/geschaft\\\/\"},{\"@type\":\"ListItem\",\"position\":3,\"name\":\"Esschert Design Acryl H\u00e4ngefutterhaus\"}]},{\"@type\":\"WebSite\",\"@id\":\"https:\\\/\\\/trendsandvision.nl\\\/de\\\/#website\",\"url\":\"https:\\\/\\\/trendsandvision.nl\\\/de\\\/\",\"name\":\"Trends &amp; Vision (DE)\",\"description\":\"Der Webshop f\u00fcr Esschert Design Artikel\",\"publisher\":{\"@id\":\"https:\\\/\\\/trendsandvision.nl\\\/de\\\/#organization\"},\"potentialAction\":[{\"@type\":\"SearchAction\",\"target\":{\"@type\":\"EntryPoint\",\"urlTemplate\":\"https:\\\/\\\/trendsandvision.nl\\\/de\\\/?s={search_term_string}\"},\"query-input\":{\"@type\":\"PropertyValueSpecification\",\"valueRequired\":true,\"valueName\":\"search_term_string\"}}],\"inLanguage\":\"de\"},{\"@type\":\"Organization\",\"@id\":\"https:\\\/\\\/trendsandvision.nl\\\/de\\\/#organization\",\"name\":\"Trends &amp; Vision (DE)\",\"url\":\"https:\\\/\\\/trendsandvision.nl\\\/de\\\/\",\"logo\":{\"@type\":\"ImageObject\",\"inLanguage\":\"de\",\"@id\":\"https:\\\/\\\/trendsandvision.nl\\\/de\\\/#\\\/schema\\\/logo\\\/image\\\/\",\"url\":\"https:\\\/\\\/trendsandvision.nl\\\/de\\\/wp-content\\\/uploads\\\/sites\\\/3\\\/2022\\\/04\\\/trends-and-vision-logo.jpg\",\"contentUrl\":\"https:\\\/\\\/trendsandvision.nl\\\/de\\\/wp-content\\\/uploads\\\/sites\\\/3\\\/2022\\\/04\\\/trends-and-vision-logo.jpg\",\"width\":213,\"height\":100,\"caption\":\"Trends &amp; Vision (DE)\"},\"image\":{\"@id\":\"https:\\\/\\\/trendsandvision.nl\\\/de\\\/#\\\/schema\\\/logo\\\/image\\\/\"}}]}<\/script>\n<!-- \/ Yoast SEO Premium plugin. -->","yoast_head_json":{"title":"Esschert Design Acryl hangende voedertafel huis (FB373, 8714982115073) - Trends & Vision","description":"Esschert Design Acryl hangende voedertafel huis: Zien wat er gebeurt aan de binnenkant van een vogelhuis. Deze moderne voederhuis heeft transparante wanden en dak, waardoor het zichtbaar wordt wat er...","robots":{"index":"index","follow":"follow","max-snippet":"max-snippet:-1","max-image-preview":"max-image-preview:large","max-video-preview":"max-video-preview:-1"},"canonical":"https:\/\/trendsandvision.nl\/de\/product\/esschert-design-acryl-haengefutterhaus\/","og_locale":"de_DE","og_type":"article","og_title":"Esschert Design Acryl H\u00e4ngefutterhaus","og_description":"Esschert Design Acryl hangende voedertafel huis: Zien wat er gebeurt aan de binnenkant van een vogelhuis. Deze moderne voederhuis heeft transparante wanden en dak, waardoor het zichtbaar wordt wat er...","og_url":"https:\/\/trendsandvision.nl\/de\/product\/esschert-design-acryl-haengefutterhaus\/","og_site_name":"Trends &amp; Vision (DE)","article_modified_time":"2026-04-07T08:25:35+00:00","og_image":[{"width":800,"height":800,"url":"https:\/\/trendsandvision.nl\/de\/wp-content\/uploads\/sites\/3\/2022\/04\/FB373_01.jpg","type":"image\/jpeg"}],"twitter_card":"summary_large_image","twitter_misc":{"Gesch\u00e4tzte Lesezeit":"1\u00a0Minute"},"schema":{"@context":"https:\/\/schema.org","@graph":[{"@type":"WebPage","@id":"https:\/\/trendsandvision.nl\/de\/product\/esschert-design-acryl-haengefutterhaus\/","url":"https:\/\/trendsandvision.nl\/de\/product\/esschert-design-acryl-haengefutterhaus\/","name":"Esschert Design Acryl hangende voedertafel huis (FB373, 8714982115073) - Trends & Vision","isPartOf":{"@id":"https:\/\/trendsandvision.nl\/de\/#website"},"primaryImageOfPage":{"@id":"https:\/\/trendsandvision.nl\/de\/product\/esschert-design-acryl-haengefutterhaus\/#primaryimage"},"image":{"@id":"https:\/\/trendsandvision.nl\/de\/product\/esschert-design-acryl-haengefutterhaus\/#primaryimage"},"thumbnailUrl":"https:\/\/trendsandvision.nl\/de\/wp-content\/uploads\/sites\/3\/2022\/04\/FB373_01.jpg","datePublished":"2022-04-22T15:37:54+00:00","dateModified":"2026-04-07T08:25:35+00:00","description":"Esschert Design Acryl hangende voedertafel huis: Zien wat er gebeurt aan de binnenkant van een vogelhuis. Deze moderne voederhuis heeft transparante wanden en dak, waardoor het zichtbaar wordt wat er...","breadcrumb":{"@id":"https:\/\/trendsandvision.nl\/de\/product\/esschert-design-acryl-haengefutterhaus\/#breadcrumb"},"inLanguage":"de","potentialAction":[{"@type":"ReadAction","target":["https:\/\/trendsandvision.nl\/de\/product\/esschert-design-acryl-haengefutterhaus\/"]}]},{"@type":"ImageObject","inLanguage":"de","@id":"https:\/\/trendsandvision.nl\/de\/product\/esschert-design-acryl-haengefutterhaus\/#primaryimage","url":"https:\/\/trendsandvision.nl\/de\/wp-content\/uploads\/sites\/3\/2022\/04\/FB373_01.jpg","contentUrl":"https:\/\/trendsandvision.nl\/de\/wp-content\/uploads\/sites\/3\/2022\/04\/FB373_01.jpg","width":800,"height":800,"caption":"Esschert Design Acryl hangende voedertafel huis (FB373"},{"@type":"BreadcrumbList","@id":"https:\/\/trendsandvision.nl\/de\/product\/esschert-design-acryl-haengefutterhaus\/#breadcrumb","itemListElement":[{"@type":"ListItem","position":1,"name":"Home","item":"https:\/\/trendsandvision.nl\/de\/"},{"@type":"ListItem","position":2,"name":"Gesch\u00e4ft","item":"https:\/\/trendsandvision.nl\/de\/geschaft\/"},{"@type":"ListItem","position":3,"name":"Esschert Design Acryl H\u00e4ngefutterhaus"}]},{"@type":"WebSite","@id":"https:\/\/trendsandvision.nl\/de\/#website","url":"https:\/\/trendsandvision.nl\/de\/","name":"Trends &amp; Vision (DE)","description":"Der Webshop f\u00fcr Esschert Design Artikel","publisher":{"@id":"https:\/\/trendsandvision.nl\/de\/#organization"},"potentialAction":[{"@type":"SearchAction","target":{"@type":"EntryPoint","urlTemplate":"https:\/\/trendsandvision.nl\/de\/?s={search_term_string}"},"query-input":{"@type":"PropertyValueSpecification","valueRequired":true,"valueName":"search_term_string"}}],"inLanguage":"de"},{"@type":"Organization","@id":"https:\/\/trendsandvision.nl\/de\/#organization","name":"Trends &amp; Vision (DE)","url":"https:\/\/trendsandvision.nl\/de\/","logo":{"@type":"ImageObject","inLanguage":"de","@id":"https:\/\/trendsandvision.nl\/de\/#\/schema\/logo\/image\/","url":"https:\/\/trendsandvision.nl\/de\/wp-content\/uploads\/sites\/3\/2022\/04\/trends-and-vision-logo.jpg","contentUrl":"https:\/\/trendsandvision.nl\/de\/wp-content\/uploads\/sites\/3\/2022\/04\/trends-and-vision-logo.jpg","width":213,"height":100,"caption":"Trends &amp; Vision (DE)"},"image":{"@id":"https:\/\/trendsandvision.nl\/de\/#\/schema\/logo\/image\/"}}]}},"_links":{"self":[{"href":"https:\/\/trendsandvision.nl\/de\/wp-json\/wp\/v2\/product\/2789","targetHints":{"allow":["GET"]}}],"collection":[{"href":"https:\/\/trendsandvision.nl\/de\/wp-json\/wp\/v2\/product"}],"about":[{"href":"https:\/\/trendsandvision.nl\/de\/wp-json\/wp\/v2\/types\/product"}],"wp:featuredmedia":[{"embeddable":true,"href":"https:\/\/trendsandvision.nl\/de\/wp-json\/wp\/v2\/media\/2790"}],"wp:attachment":[{"href":"https:\/\/trendsandvision.nl\/de\/wp-json\/wp\/v2\/media?parent=2789"}],"wp:term":[{"taxonomy":"product_brand","embeddable":true,"href":"https:\/\/trendsandvision.nl\/de\/wp-json\/wp\/v2\/product_brand?post=2789"},{"taxonomy":"product_cat","embeddable":true,"href":"https:\/\/trendsandvision.nl\/de\/wp-json\/wp\/v2\/product_cat?post=2789"},{"taxonomy":"product_tag","embeddable":true,"href":"https:\/\/trendsandvision.nl\/de\/wp-json\/wp\/v2\/product_tag?post=2789"}],"curies":[{"name":"wp","href":"https:\/\/api.w.org\/{rel}","templated":true}]}}