{"id":2786,"date":"2022-04-22T17:37:54","date_gmt":"2022-04-22T15:37:54","guid":{"rendered":"https:\/\/trendsandvision.nl\/de\/product\/esschert-design-acryl-combi-raamsilo-huis\/"},"modified":"2026-04-07T10:25:34","modified_gmt":"2026-04-07T08:25:34","slug":"esschert-design-acryl-fensterkombifuttersilo-haus","status":"publish","type":"product","link":"https:\/\/trendsandvision.nl\/de\/product\/esschert-design-acryl-fensterkombifuttersilo-haus\/","title":{"rendered":"Esschert Design Acryl Fensterkombifuttersilo Haus"},"content":{"rendered":"<p>Dieses moderne und funktionale Fensterkombifuttersilo in der Form eines Hauses bringt viele praktische Eigenschaften mit sich.<br \/>\nDas Futterhaus wird mittels der zwei mitgelieferten Saugn\u00e4pfen von au\u00dfen an der Fensterscheibe befestigt.<br \/>\nDank des durchsichtigen Materials lassen sich die V\u00f6gel so ungest\u00f6rt von Innen bei der Futteraufnahme zu beobachten.<br \/>\nDar\u00fcber hinaus ist leicht zu erkennen, wann das Futtersilo wieder aufgef\u00fcllt werden muss.<br \/>\nDas Nachf\u00fcllen erfolgt durch einfaches nach vorne schieben des Daches. Der Vorratsbeh\u00e4lter ist in zwei F\u00e4cher unterteilt, die mit unterschiedlichem Futter voneinander getrennt bef\u00fcllt werden k\u00f6nnen.<br \/>\nDer erh\u00f6hte Rand dient den V\u00f6geln als Sitzm\u00f6glichkeit und sorgt gleichzeitig f\u00fcr ein abgetrenntes Futterfach.<br \/>\nSomit sitzen die V\u00f6gel nicht direkt im Futter, was Krankheiten durch Verunreinigungen verhindert.<br \/>\nAlternativ l\u00e4sst sich das Futtersilo auch mittels einer Schraube oder Nagels an einer Wand aufh\u00e4ngen.<\/p>\n<p>&#8211; inklusive zwei Saugn\u00e4pfen<br \/>\n&#8211; geeignet zur Befestigung an einer Scheibe oder Wand<br \/>\n&#8211; leicht zu reinigen<br \/>\n&#8211; einfach zu bef\u00fcllen<br \/>\n&#8211; Kombifuttersilo<br \/>\n&#8211; 2 getrennte Futterf\u00e4cher<\/p>\n<p>Artikelname: Acryl Fensterkombifuttersilo Haus<br \/>\nArtikelnummer: FB372<br \/>\nProduktgruppe(n) V\u00f6gel&amp;Gartentiere, Futterungssysteme, Futtersilos<br \/>\nProduktabmessungen in cm L 14,2 x T 11,4 x H 15,8<br \/>\nMaterial: PMMA, PVC<br \/>\nNettogewicht 0,191 kg<br \/>\nBarcode 8714982115066<\/p>\n","protected":false},"excerpt":{"rendered":"<p>&#8211; inklusive zwei Saugn\u00e4pfen<br \/>\n&#8211; geeignet zur Befestigung<br \/>\n&#8211; an einer Scheibe oder Wand<br \/>\n&#8211; leicht zu reinigen<br \/>\n&#8211; einfach zu bef\u00fcllen<br \/>\n&#8211; Kombifuttersilo<br \/>\n&#8211; 2 getrennte Futterf\u00e4cher<br \/>\n&#8211; L 14,2 x T 11,4 x H 15,8 cm<br \/>\n&#8211; Material: PMMA, PVC<br \/>\n&#8211; Nettogewicht 0,191 kg<br \/>\n&#8211; Barcode 8714982115066<\/p>\n","protected":false},"featured_media":2787,"template":"","meta":[],"product_brand":[9597,9598],"product_cat":[1315],"product_tag":[8190,6960,8191,7994],"class_list":{"0":"post-2786","1":"product","2":"type-product","3":"status-publish","4":"has-post-thumbnail","6":"product_brand-esschert-design","7":"product_brand-trends-and-vision","8":"product_cat-best-for-birds","9":"product_tag-acryl","10":"product_tag-futtersilos","11":"product_tag-plexiglas","12":"product_tag-transparent","13":"pa_anbieter-esschert-design","14":"pa_ean-code-1657","15":"pa_material-pmma-pvc","16":"pa_messungen-147x100x150-cm","18":"first","19":"instock","20":"sale","21":"taxable","22":"shipping-taxable","23":"purchasable","24":"product-type-simple","25":"czr-hentry"},"yoast_head":"<!-- This site is optimized with the Yoast SEO Premium plugin v26.4 (Yoast SEO v27.3) - https:\/\/yoast.com\/product\/yoast-seo-premium-wordpress\/ -->\n<title>Esschert Design Acryl combi raamsilo huis (FB372, 8714982115066) - Trends &amp; Vision<\/title>\n<meta name=\"description\" content=\"Esschert Design Acryl combi raamsilo huis: Deze moderne en functionele combi raamsilo heeft verschillende praktische eigenschappen. Het voederhuis wordt met de bijgeleverde twee zuignappen op h...\" \/>\n<meta name=\"robots\" content=\"index, follow, max-snippet:-1, max-image-preview:large, max-video-preview:-1\" \/>\n<link rel=\"canonical\" href=\"https:\/\/trendsandvision.nl\/de\/product\/esschert-design-acryl-fensterkombifuttersilo-haus\/\" \/>\n<meta property=\"og:locale\" content=\"de_DE\" \/>\n<meta property=\"og:type\" content=\"article\" \/>\n<meta property=\"og:title\" content=\"Esschert Design Acryl Fensterkombifuttersilo Haus\" \/>\n<meta property=\"og:description\" content=\"Esschert Design Acryl combi raamsilo huis: Deze moderne en functionele combi raamsilo heeft verschillende praktische eigenschappen. Het voederhuis wordt met de bijgeleverde twee zuignappen op h...\" \/>\n<meta property=\"og:url\" content=\"https:\/\/trendsandvision.nl\/de\/product\/esschert-design-acryl-fensterkombifuttersilo-haus\/\" \/>\n<meta property=\"og:site_name\" content=\"Trends &amp; Vision (DE)\" \/>\n<meta property=\"article:modified_time\" content=\"2026-04-07T08:25:34+00:00\" \/>\n<meta property=\"og:image\" content=\"https:\/\/trendsandvision.nl\/de\/wp-content\/uploads\/sites\/3\/2022\/04\/FB372_01.jpg\" \/>\n\t<meta property=\"og:image:width\" content=\"800\" \/>\n\t<meta property=\"og:image:height\" content=\"800\" \/>\n\t<meta property=\"og:image:type\" content=\"image\/jpeg\" \/>\n<meta name=\"twitter:card\" content=\"summary_large_image\" \/>\n<meta name=\"twitter:label1\" content=\"Gesch\u00e4tzte Lesezeit\" \/>\n\t<meta name=\"twitter:data1\" content=\"2\u00a0Minuten\" \/>\n<script type=\"application\/ld+json\" class=\"yoast-schema-graph\">{\"@context\":\"https:\\\/\\\/schema.org\",\"@graph\":[{\"@type\":\"WebPage\",\"@id\":\"https:\\\/\\\/trendsandvision.nl\\\/de\\\/product\\\/esschert-design-acryl-fensterkombifuttersilo-haus\\\/\",\"url\":\"https:\\\/\\\/trendsandvision.nl\\\/de\\\/product\\\/esschert-design-acryl-fensterkombifuttersilo-haus\\\/\",\"name\":\"Esschert Design Acryl combi raamsilo huis (FB372, 8714982115066) - Trends & Vision\",\"isPartOf\":{\"@id\":\"https:\\\/\\\/trendsandvision.nl\\\/de\\\/#website\"},\"primaryImageOfPage\":{\"@id\":\"https:\\\/\\\/trendsandvision.nl\\\/de\\\/product\\\/esschert-design-acryl-fensterkombifuttersilo-haus\\\/#primaryimage\"},\"image\":{\"@id\":\"https:\\\/\\\/trendsandvision.nl\\\/de\\\/product\\\/esschert-design-acryl-fensterkombifuttersilo-haus\\\/#primaryimage\"},\"thumbnailUrl\":\"https:\\\/\\\/trendsandvision.nl\\\/de\\\/wp-content\\\/uploads\\\/sites\\\/3\\\/2022\\\/04\\\/FB372_01.jpg\",\"datePublished\":\"2022-04-22T15:37:54+00:00\",\"dateModified\":\"2026-04-07T08:25:34+00:00\",\"description\":\"Esschert Design Acryl combi raamsilo huis: Deze moderne en functionele combi raamsilo heeft verschillende praktische eigenschappen. Het voederhuis wordt met de bijgeleverde twee zuignappen op h...\",\"breadcrumb\":{\"@id\":\"https:\\\/\\\/trendsandvision.nl\\\/de\\\/product\\\/esschert-design-acryl-fensterkombifuttersilo-haus\\\/#breadcrumb\"},\"inLanguage\":\"de\",\"potentialAction\":[{\"@type\":\"ReadAction\",\"target\":[\"https:\\\/\\\/trendsandvision.nl\\\/de\\\/product\\\/esschert-design-acryl-fensterkombifuttersilo-haus\\\/\"]}]},{\"@type\":\"ImageObject\",\"inLanguage\":\"de\",\"@id\":\"https:\\\/\\\/trendsandvision.nl\\\/de\\\/product\\\/esschert-design-acryl-fensterkombifuttersilo-haus\\\/#primaryimage\",\"url\":\"https:\\\/\\\/trendsandvision.nl\\\/de\\\/wp-content\\\/uploads\\\/sites\\\/3\\\/2022\\\/04\\\/FB372_01.jpg\",\"contentUrl\":\"https:\\\/\\\/trendsandvision.nl\\\/de\\\/wp-content\\\/uploads\\\/sites\\\/3\\\/2022\\\/04\\\/FB372_01.jpg\",\"width\":800,\"height\":800,\"caption\":\"Esschert Design Acryl combi raamsilo huis (FB372\"},{\"@type\":\"BreadcrumbList\",\"@id\":\"https:\\\/\\\/trendsandvision.nl\\\/de\\\/product\\\/esschert-design-acryl-fensterkombifuttersilo-haus\\\/#breadcrumb\",\"itemListElement\":[{\"@type\":\"ListItem\",\"position\":1,\"name\":\"Home\",\"item\":\"https:\\\/\\\/trendsandvision.nl\\\/de\\\/\"},{\"@type\":\"ListItem\",\"position\":2,\"name\":\"Gesch\u00e4ft\",\"item\":\"https:\\\/\\\/trendsandvision.nl\\\/de\\\/geschaft\\\/\"},{\"@type\":\"ListItem\",\"position\":3,\"name\":\"Esschert Design Acryl Fensterkombifuttersilo Haus\"}]},{\"@type\":\"WebSite\",\"@id\":\"https:\\\/\\\/trendsandvision.nl\\\/de\\\/#website\",\"url\":\"https:\\\/\\\/trendsandvision.nl\\\/de\\\/\",\"name\":\"Trends &amp; Vision (DE)\",\"description\":\"Der Webshop f\u00fcr Esschert Design Artikel\",\"publisher\":{\"@id\":\"https:\\\/\\\/trendsandvision.nl\\\/de\\\/#organization\"},\"potentialAction\":[{\"@type\":\"SearchAction\",\"target\":{\"@type\":\"EntryPoint\",\"urlTemplate\":\"https:\\\/\\\/trendsandvision.nl\\\/de\\\/?s={search_term_string}\"},\"query-input\":{\"@type\":\"PropertyValueSpecification\",\"valueRequired\":true,\"valueName\":\"search_term_string\"}}],\"inLanguage\":\"de\"},{\"@type\":\"Organization\",\"@id\":\"https:\\\/\\\/trendsandvision.nl\\\/de\\\/#organization\",\"name\":\"Trends &amp; Vision (DE)\",\"url\":\"https:\\\/\\\/trendsandvision.nl\\\/de\\\/\",\"logo\":{\"@type\":\"ImageObject\",\"inLanguage\":\"de\",\"@id\":\"https:\\\/\\\/trendsandvision.nl\\\/de\\\/#\\\/schema\\\/logo\\\/image\\\/\",\"url\":\"https:\\\/\\\/trendsandvision.nl\\\/de\\\/wp-content\\\/uploads\\\/sites\\\/3\\\/2022\\\/04\\\/trends-and-vision-logo.jpg\",\"contentUrl\":\"https:\\\/\\\/trendsandvision.nl\\\/de\\\/wp-content\\\/uploads\\\/sites\\\/3\\\/2022\\\/04\\\/trends-and-vision-logo.jpg\",\"width\":213,\"height\":100,\"caption\":\"Trends &amp; Vision (DE)\"},\"image\":{\"@id\":\"https:\\\/\\\/trendsandvision.nl\\\/de\\\/#\\\/schema\\\/logo\\\/image\\\/\"}}]}<\/script>\n<!-- \/ Yoast SEO Premium plugin. -->","yoast_head_json":{"title":"Esschert Design Acryl combi raamsilo huis (FB372, 8714982115066) - Trends & Vision","description":"Esschert Design Acryl combi raamsilo huis: Deze moderne en functionele combi raamsilo heeft verschillende praktische eigenschappen. Het voederhuis wordt met de bijgeleverde twee zuignappen op h...","robots":{"index":"index","follow":"follow","max-snippet":"max-snippet:-1","max-image-preview":"max-image-preview:large","max-video-preview":"max-video-preview:-1"},"canonical":"https:\/\/trendsandvision.nl\/de\/product\/esschert-design-acryl-fensterkombifuttersilo-haus\/","og_locale":"de_DE","og_type":"article","og_title":"Esschert Design Acryl Fensterkombifuttersilo Haus","og_description":"Esschert Design Acryl combi raamsilo huis: Deze moderne en functionele combi raamsilo heeft verschillende praktische eigenschappen. Het voederhuis wordt met de bijgeleverde twee zuignappen op h...","og_url":"https:\/\/trendsandvision.nl\/de\/product\/esschert-design-acryl-fensterkombifuttersilo-haus\/","og_site_name":"Trends &amp; Vision (DE)","article_modified_time":"2026-04-07T08:25:34+00:00","og_image":[{"width":800,"height":800,"url":"https:\/\/trendsandvision.nl\/de\/wp-content\/uploads\/sites\/3\/2022\/04\/FB372_01.jpg","type":"image\/jpeg"}],"twitter_card":"summary_large_image","twitter_misc":{"Gesch\u00e4tzte Lesezeit":"2\u00a0Minuten"},"schema":{"@context":"https:\/\/schema.org","@graph":[{"@type":"WebPage","@id":"https:\/\/trendsandvision.nl\/de\/product\/esschert-design-acryl-fensterkombifuttersilo-haus\/","url":"https:\/\/trendsandvision.nl\/de\/product\/esschert-design-acryl-fensterkombifuttersilo-haus\/","name":"Esschert Design Acryl combi raamsilo huis (FB372, 8714982115066) - Trends & Vision","isPartOf":{"@id":"https:\/\/trendsandvision.nl\/de\/#website"},"primaryImageOfPage":{"@id":"https:\/\/trendsandvision.nl\/de\/product\/esschert-design-acryl-fensterkombifuttersilo-haus\/#primaryimage"},"image":{"@id":"https:\/\/trendsandvision.nl\/de\/product\/esschert-design-acryl-fensterkombifuttersilo-haus\/#primaryimage"},"thumbnailUrl":"https:\/\/trendsandvision.nl\/de\/wp-content\/uploads\/sites\/3\/2022\/04\/FB372_01.jpg","datePublished":"2022-04-22T15:37:54+00:00","dateModified":"2026-04-07T08:25:34+00:00","description":"Esschert Design Acryl combi raamsilo huis: Deze moderne en functionele combi raamsilo heeft verschillende praktische eigenschappen. Het voederhuis wordt met de bijgeleverde twee zuignappen op h...","breadcrumb":{"@id":"https:\/\/trendsandvision.nl\/de\/product\/esschert-design-acryl-fensterkombifuttersilo-haus\/#breadcrumb"},"inLanguage":"de","potentialAction":[{"@type":"ReadAction","target":["https:\/\/trendsandvision.nl\/de\/product\/esschert-design-acryl-fensterkombifuttersilo-haus\/"]}]},{"@type":"ImageObject","inLanguage":"de","@id":"https:\/\/trendsandvision.nl\/de\/product\/esschert-design-acryl-fensterkombifuttersilo-haus\/#primaryimage","url":"https:\/\/trendsandvision.nl\/de\/wp-content\/uploads\/sites\/3\/2022\/04\/FB372_01.jpg","contentUrl":"https:\/\/trendsandvision.nl\/de\/wp-content\/uploads\/sites\/3\/2022\/04\/FB372_01.jpg","width":800,"height":800,"caption":"Esschert Design Acryl combi raamsilo huis (FB372"},{"@type":"BreadcrumbList","@id":"https:\/\/trendsandvision.nl\/de\/product\/esschert-design-acryl-fensterkombifuttersilo-haus\/#breadcrumb","itemListElement":[{"@type":"ListItem","position":1,"name":"Home","item":"https:\/\/trendsandvision.nl\/de\/"},{"@type":"ListItem","position":2,"name":"Gesch\u00e4ft","item":"https:\/\/trendsandvision.nl\/de\/geschaft\/"},{"@type":"ListItem","position":3,"name":"Esschert Design Acryl Fensterkombifuttersilo Haus"}]},{"@type":"WebSite","@id":"https:\/\/trendsandvision.nl\/de\/#website","url":"https:\/\/trendsandvision.nl\/de\/","name":"Trends &amp; Vision (DE)","description":"Der Webshop f\u00fcr Esschert Design Artikel","publisher":{"@id":"https:\/\/trendsandvision.nl\/de\/#organization"},"potentialAction":[{"@type":"SearchAction","target":{"@type":"EntryPoint","urlTemplate":"https:\/\/trendsandvision.nl\/de\/?s={search_term_string}"},"query-input":{"@type":"PropertyValueSpecification","valueRequired":true,"valueName":"search_term_string"}}],"inLanguage":"de"},{"@type":"Organization","@id":"https:\/\/trendsandvision.nl\/de\/#organization","name":"Trends &amp; Vision (DE)","url":"https:\/\/trendsandvision.nl\/de\/","logo":{"@type":"ImageObject","inLanguage":"de","@id":"https:\/\/trendsandvision.nl\/de\/#\/schema\/logo\/image\/","url":"https:\/\/trendsandvision.nl\/de\/wp-content\/uploads\/sites\/3\/2022\/04\/trends-and-vision-logo.jpg","contentUrl":"https:\/\/trendsandvision.nl\/de\/wp-content\/uploads\/sites\/3\/2022\/04\/trends-and-vision-logo.jpg","width":213,"height":100,"caption":"Trends &amp; Vision (DE)"},"image":{"@id":"https:\/\/trendsandvision.nl\/de\/#\/schema\/logo\/image\/"}}]}},"_links":{"self":[{"href":"https:\/\/trendsandvision.nl\/de\/wp-json\/wp\/v2\/product\/2786","targetHints":{"allow":["GET"]}}],"collection":[{"href":"https:\/\/trendsandvision.nl\/de\/wp-json\/wp\/v2\/product"}],"about":[{"href":"https:\/\/trendsandvision.nl\/de\/wp-json\/wp\/v2\/types\/product"}],"wp:featuredmedia":[{"embeddable":true,"href":"https:\/\/trendsandvision.nl\/de\/wp-json\/wp\/v2\/media\/2787"}],"wp:attachment":[{"href":"https:\/\/trendsandvision.nl\/de\/wp-json\/wp\/v2\/media?parent=2786"}],"wp:term":[{"taxonomy":"product_brand","embeddable":true,"href":"https:\/\/trendsandvision.nl\/de\/wp-json\/wp\/v2\/product_brand?post=2786"},{"taxonomy":"product_cat","embeddable":true,"href":"https:\/\/trendsandvision.nl\/de\/wp-json\/wp\/v2\/product_cat?post=2786"},{"taxonomy":"product_tag","embeddable":true,"href":"https:\/\/trendsandvision.nl\/de\/wp-json\/wp\/v2\/product_tag?post=2786"}],"curies":[{"name":"wp","href":"https:\/\/api.w.org\/{rel}","templated":true}]}}