{"id":2698,"date":"2022-04-22T17:35:23","date_gmt":"2022-04-22T15:35:23","guid":{"rendered":"https:\/\/trendsandvision.nl\/de\/product\/esschert-design-nistkasten-kaffeekanne-farbwahl\/"},"modified":"2026-04-22T14:57:28","modified_gmt":"2026-04-22T12:57:28","slug":"esschert-design-nistkasten-kaffeekanne-farbwahl","status":"publish","type":"product","link":"https:\/\/trendsandvision.nl\/de\/product\/esschert-design-nistkasten-kaffeekanne-farbwahl\/","title":{"rendered":"Esschert Design Nistkasten Kaffeekanne Farbwahl"},"content":{"rendered":"<p>Teezeit f\u00fcr die V\u00f6gel! Gro\u00dfmutters Tee-Set bietet bietet der Kohlmeise einen guten Platz zum Nisten und hilft daher, die Population dieser Vogelart in einer Region zu erhalten oder sogar zu vermehren.<br \/>\nDiese Kaffeekanne in nostalgischen Farben bietet nicht nur der Kohlmeise, sondern auch der Blaumeise, dem Ringsperling, Haussperling, Kleiber und dem Trauerschn\u00e4pper einen guten Platz zum Nisten.<br \/>\nIm Winter nutzen die V\u00f6gel den Nistkasten oft als Unterschlupf.<br \/>\nH\u00e4ngen Sie den Nistkasten an einen ruhigen und einigerma\u00dfen gesch\u00fctzten Ort, also nicht direkt in der Sonne oder auf der Regenseite und mit der M\u00f6glichkeit eines freien Anflugs f\u00fcr den Vogel.<br \/>\nDer Herbst ist die beste Zeit, um den Nistkasten zu reinigen.<\/p>\n<p>&#8211; Einflugloch mit 32 mm Durchmesser<br \/>\n&#8211; abgeflachter R\u00fccken<br \/>\n&#8211; Schl\u00fcsselloch\u00f6ffnung<br \/>\n&#8211; passend f\u00fcr Kohlmeise, Blaumeise, Feldsperling, Haussperling, Kleiber und Trauerschn\u00e4pper<br \/>\n&#8211; Wahl in 4 Farbkombinationen Preis pro St\u00fcck<br \/>\n&#8211; Mit unseren Aluminiumn\u00e4geln FB318 besch\u00e4digen Sie den Baum auch nicht!<\/p>\n<p>Artikelnummer: FB283<br \/>\nProduktgruppe(n) V\u00f6gel&amp;Gartentiere, Nistk\u00e4sten und Vogelh\u00e4user, Meisen und Spatzen<br \/>\nProduktabmessungen in cm L 27,2 x T 12 x H 21,3<br \/>\nMaterial: Keramik, EukalyptusHolz<br \/>\nNettogewicht 0,8 kg<br \/>\nBarcode 8714982092312<\/p>\n","protected":false},"excerpt":{"rendered":"<p>Artikelnummer: FB283<br \/>\nNistkasten Kaffeekanne Farbwahl<br \/>\nEinflugloch mit 32 mm Durchmesser<br \/>\nL 27,2 x T 12 x H 21,3 cm<br \/>\nMaterial: Keramik, EukalyptusHolz<br \/>\nNettogewicht 0,8 kg<br \/>\nBarcode 8714982092312<\/p>\n","protected":false},"featured_media":2699,"template":"","meta":[],"product_brand":[9597,9598],"product_cat":[1315],"product_tag":[9419,9420,9410,6849,6828,7284],"class_list":{"0":"post-2698","1":"product","2":"type-product","3":"status-publish","4":"has-post-thumbnail","6":"product_brand-esschert-design","7":"product_brand-trends-and-vision","8":"product_cat-best-for-birds","9":"product_tag-aluminiumnaegelfb318","10":"product_tag-fb318","11":"product_tag-fb528","12":"product_tag-keramik","13":"product_tag-nistkasten","14":"product_tag-nistkasten-kaffeekanne","15":"pa_anbieter-esschert-design","16":"pa_ean-code-1603","17":"pa_material-keramiek-en-metaal","18":"pa_messungen-27-x-12-x-21-cm-11-x-4-7-x-8-4-inch","20":"first","21":"instock","22":"sale","23":"taxable","24":"shipping-taxable","25":"purchasable","26":"product-type-simple","27":"czr-hentry"},"yoast_head":"<!-- This site is optimized with the Yoast SEO Premium plugin v27.4 (Yoast SEO v27.4) - https:\/\/yoast.com\/product\/yoast-seo-premium-wordpress\/ -->\n<title>Esschert Design Nistkasten Kaffeekanne Farbwahl (FB283, 8714982092312) - Trends &amp; Vision<\/title>\n<meta name=\"description\" content=\"Esschert Design Nistkasten Kaffeekanne Farbwahl: Nistkasten Kaffeekanne Farbwahl: 27 x 12 x 21 cm\" \/>\n<meta name=\"robots\" content=\"index, follow, max-snippet:-1, max-image-preview:large, max-video-preview:-1\" \/>\n<link rel=\"canonical\" href=\"https:\/\/trendsandvision.nl\/de\/product\/esschert-design-nistkasten-kaffeekanne-farbwahl\/\" \/>\n<meta property=\"og:locale\" content=\"de_DE\" \/>\n<meta property=\"og:type\" content=\"article\" \/>\n<meta property=\"og:title\" content=\"Esschert Design Nistkasten Kaffeekanne Farbwahl\" \/>\n<meta property=\"og:description\" content=\"Esschert Design Nistkasten Kaffeekanne Farbwahl: Nistkasten Kaffeekanne Farbwahl: 27 x 12 x 21 cm\" \/>\n<meta property=\"og:url\" content=\"https:\/\/trendsandvision.nl\/de\/product\/esschert-design-nistkasten-kaffeekanne-farbwahl\/\" \/>\n<meta property=\"og:site_name\" content=\"Trends &amp; Vision (DE)\" \/>\n<meta property=\"article:modified_time\" content=\"2026-04-22T12:57:28+00:00\" \/>\n<meta property=\"og:image\" content=\"https:\/\/trendsandvision.nl\/de\/wp-content\/uploads\/sites\/3\/2022\/04\/FB283_01.jpg\" \/>\n\t<meta property=\"og:image:width\" content=\"800\" \/>\n\t<meta property=\"og:image:height\" content=\"800\" \/>\n\t<meta property=\"og:image:type\" content=\"image\/jpeg\" \/>\n<meta name=\"twitter:card\" content=\"summary_large_image\" \/>\n<meta name=\"twitter:label1\" content=\"Gesch\u00e4tzte Lesezeit\" \/>\n\t<meta name=\"twitter:data1\" content=\"2\u00a0Minuten\" \/>\n<script type=\"application\/ld+json\" class=\"yoast-schema-graph\">{\"@context\":\"https:\\\/\\\/schema.org\",\"@graph\":[{\"@type\":\"WebPage\",\"@id\":\"https:\\\/\\\/trendsandvision.nl\\\/de\\\/product\\\/esschert-design-nistkasten-kaffeekanne-farbwahl\\\/\",\"url\":\"https:\\\/\\\/trendsandvision.nl\\\/de\\\/product\\\/esschert-design-nistkasten-kaffeekanne-farbwahl\\\/\",\"name\":\"Esschert Design Nistkasten Kaffeekanne Farbwahl (FB283, 8714982092312) - Trends & Vision\",\"isPartOf\":{\"@id\":\"https:\\\/\\\/trendsandvision.nl\\\/de\\\/#website\"},\"primaryImageOfPage\":{\"@id\":\"https:\\\/\\\/trendsandvision.nl\\\/de\\\/product\\\/esschert-design-nistkasten-kaffeekanne-farbwahl\\\/#primaryimage\"},\"image\":{\"@id\":\"https:\\\/\\\/trendsandvision.nl\\\/de\\\/product\\\/esschert-design-nistkasten-kaffeekanne-farbwahl\\\/#primaryimage\"},\"thumbnailUrl\":\"https:\\\/\\\/trendsandvision.nl\\\/de\\\/wp-content\\\/uploads\\\/sites\\\/3\\\/2022\\\/04\\\/FB283_01.jpg\",\"datePublished\":\"2022-04-22T15:35:23+00:00\",\"dateModified\":\"2026-04-22T12:57:28+00:00\",\"description\":\"Esschert Design Nistkasten Kaffeekanne Farbwahl: Nistkasten Kaffeekanne Farbwahl: 27 x 12 x 21 cm\",\"breadcrumb\":{\"@id\":\"https:\\\/\\\/trendsandvision.nl\\\/de\\\/product\\\/esschert-design-nistkasten-kaffeekanne-farbwahl\\\/#breadcrumb\"},\"inLanguage\":\"de\",\"potentialAction\":[{\"@type\":\"ReadAction\",\"target\":[\"https:\\\/\\\/trendsandvision.nl\\\/de\\\/product\\\/esschert-design-nistkasten-kaffeekanne-farbwahl\\\/\"]}]},{\"@type\":\"ImageObject\",\"inLanguage\":\"de\",\"@id\":\"https:\\\/\\\/trendsandvision.nl\\\/de\\\/product\\\/esschert-design-nistkasten-kaffeekanne-farbwahl\\\/#primaryimage\",\"url\":\"https:\\\/\\\/trendsandvision.nl\\\/de\\\/wp-content\\\/uploads\\\/sites\\\/3\\\/2022\\\/04\\\/FB283_01.jpg\",\"contentUrl\":\"https:\\\/\\\/trendsandvision.nl\\\/de\\\/wp-content\\\/uploads\\\/sites\\\/3\\\/2022\\\/04\\\/FB283_01.jpg\",\"width\":800,\"height\":800,\"caption\":\"Esschert Design Nistkasten Kaffeekanne Farbwahl (FB283\"},{\"@type\":\"BreadcrumbList\",\"@id\":\"https:\\\/\\\/trendsandvision.nl\\\/de\\\/product\\\/esschert-design-nistkasten-kaffeekanne-farbwahl\\\/#breadcrumb\",\"itemListElement\":[{\"@type\":\"ListItem\",\"position\":1,\"name\":\"Home\",\"item\":\"https:\\\/\\\/trendsandvision.nl\\\/de\\\/\"},{\"@type\":\"ListItem\",\"position\":2,\"name\":\"Gesch\u00e4ft\",\"item\":\"https:\\\/\\\/trendsandvision.nl\\\/de\\\/geschaft\\\/\"},{\"@type\":\"ListItem\",\"position\":3,\"name\":\"Esschert Design Nistkasten Kaffeekanne Farbwahl\"}]},{\"@type\":\"WebSite\",\"@id\":\"https:\\\/\\\/trendsandvision.nl\\\/de\\\/#website\",\"url\":\"https:\\\/\\\/trendsandvision.nl\\\/de\\\/\",\"name\":\"Trends &amp; Vision (DE)\",\"description\":\"Der Webshop f\u00fcr Esschert Design Artikel\",\"publisher\":{\"@id\":\"https:\\\/\\\/trendsandvision.nl\\\/de\\\/#organization\"},\"potentialAction\":[{\"@type\":\"SearchAction\",\"target\":{\"@type\":\"EntryPoint\",\"urlTemplate\":\"https:\\\/\\\/trendsandvision.nl\\\/de\\\/?s={search_term_string}\"},\"query-input\":{\"@type\":\"PropertyValueSpecification\",\"valueRequired\":true,\"valueName\":\"search_term_string\"}}],\"inLanguage\":\"de\"},{\"@type\":\"Organization\",\"@id\":\"https:\\\/\\\/trendsandvision.nl\\\/de\\\/#organization\",\"name\":\"Trends &amp; Vision (DE)\",\"url\":\"https:\\\/\\\/trendsandvision.nl\\\/de\\\/\",\"logo\":{\"@type\":\"ImageObject\",\"inLanguage\":\"de\",\"@id\":\"https:\\\/\\\/trendsandvision.nl\\\/de\\\/#\\\/schema\\\/logo\\\/image\\\/\",\"url\":\"https:\\\/\\\/trendsandvision.nl\\\/de\\\/wp-content\\\/uploads\\\/sites\\\/3\\\/2022\\\/04\\\/trends-and-vision-logo.jpg\",\"contentUrl\":\"https:\\\/\\\/trendsandvision.nl\\\/de\\\/wp-content\\\/uploads\\\/sites\\\/3\\\/2022\\\/04\\\/trends-and-vision-logo.jpg\",\"width\":213,\"height\":100,\"caption\":\"Trends &amp; Vision (DE)\"},\"image\":{\"@id\":\"https:\\\/\\\/trendsandvision.nl\\\/de\\\/#\\\/schema\\\/logo\\\/image\\\/\"}}]}<\/script>\n<!-- \/ Yoast SEO Premium plugin. -->","yoast_head_json":{"title":"Esschert Design Nistkasten Kaffeekanne Farbwahl (FB283, 8714982092312) - Trends & Vision","description":"Esschert Design Nistkasten Kaffeekanne Farbwahl: Nistkasten Kaffeekanne Farbwahl: 27 x 12 x 21 cm","robots":{"index":"index","follow":"follow","max-snippet":"max-snippet:-1","max-image-preview":"max-image-preview:large","max-video-preview":"max-video-preview:-1"},"canonical":"https:\/\/trendsandvision.nl\/de\/product\/esschert-design-nistkasten-kaffeekanne-farbwahl\/","og_locale":"de_DE","og_type":"article","og_title":"Esschert Design Nistkasten Kaffeekanne Farbwahl","og_description":"Esschert Design Nistkasten Kaffeekanne Farbwahl: Nistkasten Kaffeekanne Farbwahl: 27 x 12 x 21 cm","og_url":"https:\/\/trendsandvision.nl\/de\/product\/esschert-design-nistkasten-kaffeekanne-farbwahl\/","og_site_name":"Trends &amp; Vision (DE)","article_modified_time":"2026-04-22T12:57:28+00:00","og_image":[{"width":800,"height":800,"url":"https:\/\/trendsandvision.nl\/de\/wp-content\/uploads\/sites\/3\/2022\/04\/FB283_01.jpg","type":"image\/jpeg"}],"twitter_card":"summary_large_image","twitter_misc":{"Gesch\u00e4tzte Lesezeit":"2\u00a0Minuten"},"schema":{"@context":"https:\/\/schema.org","@graph":[{"@type":"WebPage","@id":"https:\/\/trendsandvision.nl\/de\/product\/esschert-design-nistkasten-kaffeekanne-farbwahl\/","url":"https:\/\/trendsandvision.nl\/de\/product\/esschert-design-nistkasten-kaffeekanne-farbwahl\/","name":"Esschert Design Nistkasten Kaffeekanne Farbwahl (FB283, 8714982092312) - Trends & Vision","isPartOf":{"@id":"https:\/\/trendsandvision.nl\/de\/#website"},"primaryImageOfPage":{"@id":"https:\/\/trendsandvision.nl\/de\/product\/esschert-design-nistkasten-kaffeekanne-farbwahl\/#primaryimage"},"image":{"@id":"https:\/\/trendsandvision.nl\/de\/product\/esschert-design-nistkasten-kaffeekanne-farbwahl\/#primaryimage"},"thumbnailUrl":"https:\/\/trendsandvision.nl\/de\/wp-content\/uploads\/sites\/3\/2022\/04\/FB283_01.jpg","datePublished":"2022-04-22T15:35:23+00:00","dateModified":"2026-04-22T12:57:28+00:00","description":"Esschert Design Nistkasten Kaffeekanne Farbwahl: Nistkasten Kaffeekanne Farbwahl: 27 x 12 x 21 cm","breadcrumb":{"@id":"https:\/\/trendsandvision.nl\/de\/product\/esschert-design-nistkasten-kaffeekanne-farbwahl\/#breadcrumb"},"inLanguage":"de","potentialAction":[{"@type":"ReadAction","target":["https:\/\/trendsandvision.nl\/de\/product\/esschert-design-nistkasten-kaffeekanne-farbwahl\/"]}]},{"@type":"ImageObject","inLanguage":"de","@id":"https:\/\/trendsandvision.nl\/de\/product\/esschert-design-nistkasten-kaffeekanne-farbwahl\/#primaryimage","url":"https:\/\/trendsandvision.nl\/de\/wp-content\/uploads\/sites\/3\/2022\/04\/FB283_01.jpg","contentUrl":"https:\/\/trendsandvision.nl\/de\/wp-content\/uploads\/sites\/3\/2022\/04\/FB283_01.jpg","width":800,"height":800,"caption":"Esschert Design Nistkasten Kaffeekanne Farbwahl (FB283"},{"@type":"BreadcrumbList","@id":"https:\/\/trendsandvision.nl\/de\/product\/esschert-design-nistkasten-kaffeekanne-farbwahl\/#breadcrumb","itemListElement":[{"@type":"ListItem","position":1,"name":"Home","item":"https:\/\/trendsandvision.nl\/de\/"},{"@type":"ListItem","position":2,"name":"Gesch\u00e4ft","item":"https:\/\/trendsandvision.nl\/de\/geschaft\/"},{"@type":"ListItem","position":3,"name":"Esschert Design Nistkasten Kaffeekanne Farbwahl"}]},{"@type":"WebSite","@id":"https:\/\/trendsandvision.nl\/de\/#website","url":"https:\/\/trendsandvision.nl\/de\/","name":"Trends &amp; Vision (DE)","description":"Der Webshop f\u00fcr Esschert Design Artikel","publisher":{"@id":"https:\/\/trendsandvision.nl\/de\/#organization"},"potentialAction":[{"@type":"SearchAction","target":{"@type":"EntryPoint","urlTemplate":"https:\/\/trendsandvision.nl\/de\/?s={search_term_string}"},"query-input":{"@type":"PropertyValueSpecification","valueRequired":true,"valueName":"search_term_string"}}],"inLanguage":"de"},{"@type":"Organization","@id":"https:\/\/trendsandvision.nl\/de\/#organization","name":"Trends &amp; Vision (DE)","url":"https:\/\/trendsandvision.nl\/de\/","logo":{"@type":"ImageObject","inLanguage":"de","@id":"https:\/\/trendsandvision.nl\/de\/#\/schema\/logo\/image\/","url":"https:\/\/trendsandvision.nl\/de\/wp-content\/uploads\/sites\/3\/2022\/04\/trends-and-vision-logo.jpg","contentUrl":"https:\/\/trendsandvision.nl\/de\/wp-content\/uploads\/sites\/3\/2022\/04\/trends-and-vision-logo.jpg","width":213,"height":100,"caption":"Trends &amp; Vision (DE)"},"image":{"@id":"https:\/\/trendsandvision.nl\/de\/#\/schema\/logo\/image\/"}}]}},"_links":{"self":[{"href":"https:\/\/trendsandvision.nl\/de\/wp-json\/wp\/v2\/product\/2698","targetHints":{"allow":["GET"]}}],"collection":[{"href":"https:\/\/trendsandvision.nl\/de\/wp-json\/wp\/v2\/product"}],"about":[{"href":"https:\/\/trendsandvision.nl\/de\/wp-json\/wp\/v2\/types\/product"}],"wp:featuredmedia":[{"embeddable":true,"href":"https:\/\/trendsandvision.nl\/de\/wp-json\/wp\/v2\/media\/2699"}],"wp:attachment":[{"href":"https:\/\/trendsandvision.nl\/de\/wp-json\/wp\/v2\/media?parent=2698"}],"wp:term":[{"taxonomy":"product_brand","embeddable":true,"href":"https:\/\/trendsandvision.nl\/de\/wp-json\/wp\/v2\/product_brand?post=2698"},{"taxonomy":"product_cat","embeddable":true,"href":"https:\/\/trendsandvision.nl\/de\/wp-json\/wp\/v2\/product_cat?post=2698"},{"taxonomy":"product_tag","embeddable":true,"href":"https:\/\/trendsandvision.nl\/de\/wp-json\/wp\/v2\/product_tag?post=2698"}],"curies":[{"name":"wp","href":"https:\/\/api.w.org\/{rel}","templated":true}]}}