{"id":2684,"date":"2022-04-22T17:35:23","date_gmt":"2022-04-22T15:35:23","guid":{"rendered":"https:\/\/trendsandvision.nl\/de\/product\/esschert-design-vogelfuttertasse-in-geschenkverpackung\/"},"modified":"2026-04-07T10:25:19","modified_gmt":"2026-04-07T08:25:19","slug":"esschert-design-vogelfuttertasse-in-geschenkverpackung-pro-stueck-wahl","status":"publish","type":"product","link":"https:\/\/trendsandvision.nl\/de\/product\/esschert-design-vogelfuttertasse-in-geschenkverpackung-pro-stueck-wahl\/","title":{"rendered":"Esschert Design Vogelfuttertasse in Geschenkverpackung pro St\u00fcck\/Wahl"},"content":{"rendered":"<p>Vogelfuttertasse in Geschenkverpackung.<br \/>\nIhr Wahl (Preis ist pro St\u00fcck) angeben, in &#8222;Anmerkungen zu meiner Bestellung&#8220;.<\/p>\n<p>Sortierte Vogelfuttertasse mit Kette zum Aufh\u00e4ngen, in Geschenkverpackung.<br \/>\nRosenmotive mit verschiedenen Hintergrundfarben: gelb, rosa, gr\u00fcn oder blau.<br \/>\nTeezeit f\u00fcr die V\u00f6gel! Gro\u00dfmutters Tee-Set bietet den V\u00f6geln einen Futterplatz.<br \/>\nDas Teegeschirr verleiht diesem Futteraufh\u00e4nger einen nostalgischen Look.<br \/>\nDieser Artikel ist eine Kombination aus einer Futter- und einer Trinkschale.<br \/>\nDank der mitgelieferten Schnur kann diese Tasse \u00fcberall aufgeh\u00e4ngt werden.<\/p>\n<p>&#8211; Mit unseren Aluminiumn\u00e4geln besch\u00e4digen Sie den Baum auch nicht!<br \/>\n&#8211; inklusive Metall-Aufh\u00e4ngeschnur<br \/>\n&#8211; verpackt in einer Geschenkbox<br \/>\n&#8211; 4 Farbkombinationen<br \/>\n&#8211; Alle <strong><a href=\"https:\/\/trendsandvision.nl\/de\/?s=haken&amp;post_type=product&amp;dgwt_wcas=1\">Haken<\/a><\/strong><\/p>\n<p>Artikelnummer: FB280<br \/>\nProduktgruppe(n) V\u00f6gel&amp;Gartentiere, Futterungssysteme, Futterh\u00e4nger<br \/>\nProduktabmessungen in cm L 14,2 x T 14,2 x H 8,2<br \/>\nMaterial: Keramik, Eisen<br \/>\nNettogewicht 0,347 kg<br \/>\nBarcode 8714982092282<\/p>\n","protected":false},"excerpt":{"rendered":"<p>&#8211; L 14,2 x T 14,2 x H 8,2 cm<br \/>\n&#8211; Material: Keramik, Eisen<br \/>\n&#8211; Preis pro St\u00fcck\/farbwahl<br \/>\n&#8211; verpackt in einer Geschenkbox<br \/>\n&#8211; 4 Farbkombinationen<br \/>\n&#8211; Nettogewicht 0,347 kg<br \/>\n&#8211; Barcode 8714982092282<br \/>\n&#8211; Alle <strong><a href=\"https:\/\/trendsandvision.nl\/de\/?s=haken&amp;post_type=product&amp;dgwt_wcas=1\">Haken<\/a><\/strong><\/p>\n","protected":false},"featured_media":2685,"template":"","meta":[],"product_brand":[9597,9598],"product_cat":[1315],"product_tag":[9419,7061,7155,7274],"class_list":{"0":"post-2684","1":"product","2":"type-product","3":"status-publish","4":"has-post-thumbnail","6":"product_brand-esschert-design","7":"product_brand-trends-and-vision","8":"product_cat-best-for-birds","9":"product_tag-aluminiumnaegelfb318","10":"product_tag-farbwahl","11":"product_tag-futterhaenger","12":"product_tag-futtertasse-haengend","13":"pa_anbieter-esschert-design","14":"pa_ean-code-1600","15":"pa_material-keramiek-en-metaal","16":"pa_messungen-14-x-14-x-8-2-cm-5-6-x-5-6-x-3-2-inch","18":"first","19":"instock","20":"sale","21":"taxable","22":"shipping-taxable","23":"purchasable","24":"product-type-simple","25":"czr-hentry"},"yoast_head":"<!-- This site is optimized with the Yoast SEO Premium plugin v26.4 (Yoast SEO v27.3) - https:\/\/yoast.com\/product\/yoast-seo-premium-wordpress\/ -->\n<title>Esschert Design Vogelfuttertasse in Geschenkverpackung (FB280, 8714982092282) - Trends &amp; Vision<\/title>\n<meta name=\"description\" content=\"Esschert Design Vogelfuttertasse in Geschenkverpackung: Vogelfuttertasse in Geschenkverpackung: 14 x 14 x 8.2 cm\" \/>\n<meta name=\"robots\" content=\"index, follow, max-snippet:-1, max-image-preview:large, max-video-preview:-1\" \/>\n<link rel=\"canonical\" href=\"https:\/\/trendsandvision.nl\/de\/product\/esschert-design-vogelfuttertasse-in-geschenkverpackung-pro-stueck-wahl\/\" \/>\n<meta property=\"og:locale\" content=\"de_DE\" \/>\n<meta property=\"og:type\" content=\"article\" \/>\n<meta property=\"og:title\" content=\"Esschert Design Vogelfuttertasse in Geschenkverpackung pro St\u00fcck\/Wahl\" \/>\n<meta property=\"og:description\" content=\"Esschert Design Vogelfuttertasse in Geschenkverpackung: Vogelfuttertasse in Geschenkverpackung: 14 x 14 x 8.2 cm\" \/>\n<meta property=\"og:url\" content=\"https:\/\/trendsandvision.nl\/de\/product\/esschert-design-vogelfuttertasse-in-geschenkverpackung-pro-stueck-wahl\/\" \/>\n<meta property=\"og:site_name\" content=\"Trends &amp; Vision (DE)\" \/>\n<meta property=\"article:modified_time\" content=\"2026-04-07T08:25:19+00:00\" \/>\n<meta property=\"og:image\" content=\"https:\/\/trendsandvision.nl\/de\/wp-content\/uploads\/sites\/3\/2022\/04\/FB280_01.jpg\" \/>\n\t<meta property=\"og:image:width\" content=\"800\" \/>\n\t<meta property=\"og:image:height\" content=\"800\" \/>\n\t<meta property=\"og:image:type\" content=\"image\/jpeg\" \/>\n<meta name=\"twitter:card\" content=\"summary_large_image\" \/>\n<meta name=\"twitter:label1\" content=\"Gesch\u00e4tzte Lesezeit\" \/>\n\t<meta name=\"twitter:data1\" content=\"1\u00a0Minute\" \/>\n<script type=\"application\/ld+json\" class=\"yoast-schema-graph\">{\"@context\":\"https:\\\/\\\/schema.org\",\"@graph\":[{\"@type\":\"WebPage\",\"@id\":\"https:\\\/\\\/trendsandvision.nl\\\/de\\\/product\\\/esschert-design-vogelfuttertasse-in-geschenkverpackung-pro-stueck-wahl\\\/\",\"url\":\"https:\\\/\\\/trendsandvision.nl\\\/de\\\/product\\\/esschert-design-vogelfuttertasse-in-geschenkverpackung-pro-stueck-wahl\\\/\",\"name\":\"Esschert Design Vogelfuttertasse in Geschenkverpackung (FB280, 8714982092282) - Trends & Vision\",\"isPartOf\":{\"@id\":\"https:\\\/\\\/trendsandvision.nl\\\/de\\\/#website\"},\"primaryImageOfPage\":{\"@id\":\"https:\\\/\\\/trendsandvision.nl\\\/de\\\/product\\\/esschert-design-vogelfuttertasse-in-geschenkverpackung-pro-stueck-wahl\\\/#primaryimage\"},\"image\":{\"@id\":\"https:\\\/\\\/trendsandvision.nl\\\/de\\\/product\\\/esschert-design-vogelfuttertasse-in-geschenkverpackung-pro-stueck-wahl\\\/#primaryimage\"},\"thumbnailUrl\":\"https:\\\/\\\/trendsandvision.nl\\\/de\\\/wp-content\\\/uploads\\\/sites\\\/3\\\/2022\\\/04\\\/FB280_01.jpg\",\"datePublished\":\"2022-04-22T15:35:23+00:00\",\"dateModified\":\"2026-04-07T08:25:19+00:00\",\"description\":\"Esschert Design Vogelfuttertasse in Geschenkverpackung: Vogelfuttertasse in Geschenkverpackung: 14 x 14 x 8.2 cm\",\"breadcrumb\":{\"@id\":\"https:\\\/\\\/trendsandvision.nl\\\/de\\\/product\\\/esschert-design-vogelfuttertasse-in-geschenkverpackung-pro-stueck-wahl\\\/#breadcrumb\"},\"inLanguage\":\"de\",\"potentialAction\":[{\"@type\":\"ReadAction\",\"target\":[\"https:\\\/\\\/trendsandvision.nl\\\/de\\\/product\\\/esschert-design-vogelfuttertasse-in-geschenkverpackung-pro-stueck-wahl\\\/\"]}]},{\"@type\":\"ImageObject\",\"inLanguage\":\"de\",\"@id\":\"https:\\\/\\\/trendsandvision.nl\\\/de\\\/product\\\/esschert-design-vogelfuttertasse-in-geschenkverpackung-pro-stueck-wahl\\\/#primaryimage\",\"url\":\"https:\\\/\\\/trendsandvision.nl\\\/de\\\/wp-content\\\/uploads\\\/sites\\\/3\\\/2022\\\/04\\\/FB280_01.jpg\",\"contentUrl\":\"https:\\\/\\\/trendsandvision.nl\\\/de\\\/wp-content\\\/uploads\\\/sites\\\/3\\\/2022\\\/04\\\/FB280_01.jpg\",\"width\":800,\"height\":800,\"caption\":\"Esschert Design Vogelfuttertasse in Geschenkverpackung (FB280\"},{\"@type\":\"BreadcrumbList\",\"@id\":\"https:\\\/\\\/trendsandvision.nl\\\/de\\\/product\\\/esschert-design-vogelfuttertasse-in-geschenkverpackung-pro-stueck-wahl\\\/#breadcrumb\",\"itemListElement\":[{\"@type\":\"ListItem\",\"position\":1,\"name\":\"Home\",\"item\":\"https:\\\/\\\/trendsandvision.nl\\\/de\\\/\"},{\"@type\":\"ListItem\",\"position\":2,\"name\":\"Gesch\u00e4ft\",\"item\":\"https:\\\/\\\/trendsandvision.nl\\\/de\\\/geschaft\\\/\"},{\"@type\":\"ListItem\",\"position\":3,\"name\":\"Esschert Design Vogelfuttertasse in Geschenkverpackung pro St\u00fcck\\\/Wahl\"}]},{\"@type\":\"WebSite\",\"@id\":\"https:\\\/\\\/trendsandvision.nl\\\/de\\\/#website\",\"url\":\"https:\\\/\\\/trendsandvision.nl\\\/de\\\/\",\"name\":\"Trends &amp; Vision (DE)\",\"description\":\"Der Webshop f\u00fcr Esschert Design Artikel\",\"publisher\":{\"@id\":\"https:\\\/\\\/trendsandvision.nl\\\/de\\\/#organization\"},\"potentialAction\":[{\"@type\":\"SearchAction\",\"target\":{\"@type\":\"EntryPoint\",\"urlTemplate\":\"https:\\\/\\\/trendsandvision.nl\\\/de\\\/?s={search_term_string}\"},\"query-input\":{\"@type\":\"PropertyValueSpecification\",\"valueRequired\":true,\"valueName\":\"search_term_string\"}}],\"inLanguage\":\"de\"},{\"@type\":\"Organization\",\"@id\":\"https:\\\/\\\/trendsandvision.nl\\\/de\\\/#organization\",\"name\":\"Trends &amp; Vision (DE)\",\"url\":\"https:\\\/\\\/trendsandvision.nl\\\/de\\\/\",\"logo\":{\"@type\":\"ImageObject\",\"inLanguage\":\"de\",\"@id\":\"https:\\\/\\\/trendsandvision.nl\\\/de\\\/#\\\/schema\\\/logo\\\/image\\\/\",\"url\":\"https:\\\/\\\/trendsandvision.nl\\\/de\\\/wp-content\\\/uploads\\\/sites\\\/3\\\/2022\\\/04\\\/trends-and-vision-logo.jpg\",\"contentUrl\":\"https:\\\/\\\/trendsandvision.nl\\\/de\\\/wp-content\\\/uploads\\\/sites\\\/3\\\/2022\\\/04\\\/trends-and-vision-logo.jpg\",\"width\":213,\"height\":100,\"caption\":\"Trends &amp; Vision (DE)\"},\"image\":{\"@id\":\"https:\\\/\\\/trendsandvision.nl\\\/de\\\/#\\\/schema\\\/logo\\\/image\\\/\"}}]}<\/script>\n<!-- \/ Yoast SEO Premium plugin. -->","yoast_head_json":{"title":"Esschert Design Vogelfuttertasse in Geschenkverpackung (FB280, 8714982092282) - Trends & Vision","description":"Esschert Design Vogelfuttertasse in Geschenkverpackung: Vogelfuttertasse in Geschenkverpackung: 14 x 14 x 8.2 cm","robots":{"index":"index","follow":"follow","max-snippet":"max-snippet:-1","max-image-preview":"max-image-preview:large","max-video-preview":"max-video-preview:-1"},"canonical":"https:\/\/trendsandvision.nl\/de\/product\/esschert-design-vogelfuttertasse-in-geschenkverpackung-pro-stueck-wahl\/","og_locale":"de_DE","og_type":"article","og_title":"Esschert Design Vogelfuttertasse in Geschenkverpackung pro St\u00fcck\/Wahl","og_description":"Esschert Design Vogelfuttertasse in Geschenkverpackung: Vogelfuttertasse in Geschenkverpackung: 14 x 14 x 8.2 cm","og_url":"https:\/\/trendsandvision.nl\/de\/product\/esschert-design-vogelfuttertasse-in-geschenkverpackung-pro-stueck-wahl\/","og_site_name":"Trends &amp; Vision (DE)","article_modified_time":"2026-04-07T08:25:19+00:00","og_image":[{"width":800,"height":800,"url":"https:\/\/trendsandvision.nl\/de\/wp-content\/uploads\/sites\/3\/2022\/04\/FB280_01.jpg","type":"image\/jpeg"}],"twitter_card":"summary_large_image","twitter_misc":{"Gesch\u00e4tzte Lesezeit":"1\u00a0Minute"},"schema":{"@context":"https:\/\/schema.org","@graph":[{"@type":"WebPage","@id":"https:\/\/trendsandvision.nl\/de\/product\/esschert-design-vogelfuttertasse-in-geschenkverpackung-pro-stueck-wahl\/","url":"https:\/\/trendsandvision.nl\/de\/product\/esschert-design-vogelfuttertasse-in-geschenkverpackung-pro-stueck-wahl\/","name":"Esschert Design Vogelfuttertasse in Geschenkverpackung (FB280, 8714982092282) - Trends & Vision","isPartOf":{"@id":"https:\/\/trendsandvision.nl\/de\/#website"},"primaryImageOfPage":{"@id":"https:\/\/trendsandvision.nl\/de\/product\/esschert-design-vogelfuttertasse-in-geschenkverpackung-pro-stueck-wahl\/#primaryimage"},"image":{"@id":"https:\/\/trendsandvision.nl\/de\/product\/esschert-design-vogelfuttertasse-in-geschenkverpackung-pro-stueck-wahl\/#primaryimage"},"thumbnailUrl":"https:\/\/trendsandvision.nl\/de\/wp-content\/uploads\/sites\/3\/2022\/04\/FB280_01.jpg","datePublished":"2022-04-22T15:35:23+00:00","dateModified":"2026-04-07T08:25:19+00:00","description":"Esschert Design Vogelfuttertasse in Geschenkverpackung: Vogelfuttertasse in Geschenkverpackung: 14 x 14 x 8.2 cm","breadcrumb":{"@id":"https:\/\/trendsandvision.nl\/de\/product\/esschert-design-vogelfuttertasse-in-geschenkverpackung-pro-stueck-wahl\/#breadcrumb"},"inLanguage":"de","potentialAction":[{"@type":"ReadAction","target":["https:\/\/trendsandvision.nl\/de\/product\/esschert-design-vogelfuttertasse-in-geschenkverpackung-pro-stueck-wahl\/"]}]},{"@type":"ImageObject","inLanguage":"de","@id":"https:\/\/trendsandvision.nl\/de\/product\/esschert-design-vogelfuttertasse-in-geschenkverpackung-pro-stueck-wahl\/#primaryimage","url":"https:\/\/trendsandvision.nl\/de\/wp-content\/uploads\/sites\/3\/2022\/04\/FB280_01.jpg","contentUrl":"https:\/\/trendsandvision.nl\/de\/wp-content\/uploads\/sites\/3\/2022\/04\/FB280_01.jpg","width":800,"height":800,"caption":"Esschert Design Vogelfuttertasse in Geschenkverpackung (FB280"},{"@type":"BreadcrumbList","@id":"https:\/\/trendsandvision.nl\/de\/product\/esschert-design-vogelfuttertasse-in-geschenkverpackung-pro-stueck-wahl\/#breadcrumb","itemListElement":[{"@type":"ListItem","position":1,"name":"Home","item":"https:\/\/trendsandvision.nl\/de\/"},{"@type":"ListItem","position":2,"name":"Gesch\u00e4ft","item":"https:\/\/trendsandvision.nl\/de\/geschaft\/"},{"@type":"ListItem","position":3,"name":"Esschert Design Vogelfuttertasse in Geschenkverpackung pro St\u00fcck\/Wahl"}]},{"@type":"WebSite","@id":"https:\/\/trendsandvision.nl\/de\/#website","url":"https:\/\/trendsandvision.nl\/de\/","name":"Trends &amp; Vision (DE)","description":"Der Webshop f\u00fcr Esschert Design Artikel","publisher":{"@id":"https:\/\/trendsandvision.nl\/de\/#organization"},"potentialAction":[{"@type":"SearchAction","target":{"@type":"EntryPoint","urlTemplate":"https:\/\/trendsandvision.nl\/de\/?s={search_term_string}"},"query-input":{"@type":"PropertyValueSpecification","valueRequired":true,"valueName":"search_term_string"}}],"inLanguage":"de"},{"@type":"Organization","@id":"https:\/\/trendsandvision.nl\/de\/#organization","name":"Trends &amp; Vision (DE)","url":"https:\/\/trendsandvision.nl\/de\/","logo":{"@type":"ImageObject","inLanguage":"de","@id":"https:\/\/trendsandvision.nl\/de\/#\/schema\/logo\/image\/","url":"https:\/\/trendsandvision.nl\/de\/wp-content\/uploads\/sites\/3\/2022\/04\/trends-and-vision-logo.jpg","contentUrl":"https:\/\/trendsandvision.nl\/de\/wp-content\/uploads\/sites\/3\/2022\/04\/trends-and-vision-logo.jpg","width":213,"height":100,"caption":"Trends &amp; Vision (DE)"},"image":{"@id":"https:\/\/trendsandvision.nl\/de\/#\/schema\/logo\/image\/"}}]}},"_links":{"self":[{"href":"https:\/\/trendsandvision.nl\/de\/wp-json\/wp\/v2\/product\/2684","targetHints":{"allow":["GET"]}}],"collection":[{"href":"https:\/\/trendsandvision.nl\/de\/wp-json\/wp\/v2\/product"}],"about":[{"href":"https:\/\/trendsandvision.nl\/de\/wp-json\/wp\/v2\/types\/product"}],"wp:featuredmedia":[{"embeddable":true,"href":"https:\/\/trendsandvision.nl\/de\/wp-json\/wp\/v2\/media\/2685"}],"wp:attachment":[{"href":"https:\/\/trendsandvision.nl\/de\/wp-json\/wp\/v2\/media?parent=2684"}],"wp:term":[{"taxonomy":"product_brand","embeddable":true,"href":"https:\/\/trendsandvision.nl\/de\/wp-json\/wp\/v2\/product_brand?post=2684"},{"taxonomy":"product_cat","embeddable":true,"href":"https:\/\/trendsandvision.nl\/de\/wp-json\/wp\/v2\/product_cat?post=2684"},{"taxonomy":"product_tag","embeddable":true,"href":"https:\/\/trendsandvision.nl\/de\/wp-json\/wp\/v2\/product_tag?post=2684"}],"curies":[{"name":"wp","href":"https:\/\/api.w.org\/{rel}","templated":true}]}}