{"id":2656,"date":"2022-04-22T17:34:22","date_gmt":"2022-04-22T15:34:22","guid":{"rendered":"https:\/\/trendsandvision.nl\/de\/product\/esschert-design-erdnussbutter-haus-altes-holz\/"},"modified":"2026-04-07T10:25:13","modified_gmt":"2026-04-07T08:25:13","slug":"esschert-design-erdnussbutter-haus-altes-holz","status":"publish","type":"product","link":"https:\/\/trendsandvision.nl\/de\/product\/esschert-design-erdnussbutter-haus-altes-holz\/","title":{"rendered":"Esschert Design Erdnussbutter Haus Altes Holz"},"content":{"rendered":"<p>Vogelerdnussbutter ist ein wahrer Genuss f\u00fcr unsere gefl\u00fcgelten Freunde! Ein Erdnussbutterbeh\u00e4lter sollte in keinem Garten fehlen.<br \/>\nDieser Halter aus verwittertem Holz bietet die M\u00f6glichkeit, ein Erdnussbutterglas aufzustellen.<br \/>\nDieses Futter zieht akrobatische V\u00f6gel wie Meisen, Spatzen, Kleiber und Spechte an.<\/p>\n<p>&#8211; kann mit Erdnussbuttergl\u00e4sern (FB261 \/ 252\/279) kombiniert werden<br \/>\n&#8211; exklusive Erdnussbutterglas<br \/>\n&#8211; geeignet f\u00fcr akrobatische V\u00f6gel<\/p>\n<p>Artikelname: Erdnussbutter Haus Altes Holz<br \/>\nArtikelnummer: FB249<br \/>\nProduktgruppe(n) V\u00f6gel&amp;Gartentiere, Futterungssysteme, Futterh\u00e4uschen<br \/>\nProduktabmessungen in cm L 13,5 x T 13,2 x H 19,1<br \/>\nMaterial: Monterey-Kiefernholz<br \/>\nBarcode 8714982082771<br \/>\nFSC\u00ae 100%<\/p>\n","protected":false},"excerpt":{"rendered":"<p>&#8211; L 13,5 x T 13,2 x H 19,1 cm<br \/>\n&#8211; Material Monterey-Kiefernholz<br \/>\n&#8211; kann mit Erdnussbuttergl\u00e4sern<br \/>\n&#8211; (FB261 \/ 252\/279) kombiniert werden<br \/>\n&#8211; exklusive Erdnussbutterglas<br \/>\n&#8211; geeignet f\u00fcr akrobatische V\u00f6gel<br \/>\n&#8211; Barcode 8714982082771<br \/>\n&#8211; Altes Holz<br \/>\n&#8211; FSC\u00ae 100%<\/p>\n","protected":false},"featured_media":2657,"template":"","meta":[],"product_brand":[9597,9598],"product_cat":[1315],"product_tag":[7279,9419,7166,7145],"class_list":{"0":"post-2656","1":"product","2":"type-product","3":"status-publish","4":"has-post-thumbnail","6":"product_brand-esschert-design","7":"product_brand-trends-and-vision","8":"product_cat-best-for-birds","9":"product_tag-altes-holz","10":"product_tag-aluminiumnaegelfb318","11":"product_tag-fsc-fsc-100","12":"product_tag-futterhaeuschen","13":"pa_anbieter-esschert-design","14":"pa_ean-code-1579","15":"pa_material-fsc-hout","16":"pa_messungen-15-x-13-x-12-cm-5-7-x-5-2-x-4-6-inch","18":"first","19":"instock","20":"sale","21":"taxable","22":"shipping-taxable","23":"purchasable","24":"product-type-simple","25":"czr-hentry"},"yoast_head":"<!-- This site is optimized with the Yoast SEO Premium plugin v26.4 (Yoast SEO v27.3) - https:\/\/yoast.com\/product\/yoast-seo-premium-wordpress\/ -->\n<title>Esschert Design Erdnussbutter Haus Altes Holz (FB249, 8714982082771) - Trends &amp; Vision<\/title>\n<meta name=\"description\" content=\"Esschert Design Erdnussbutter Haus Altes Holz: Erdnussbutter Haus Altes Holz: 15 x 13 x 12 cm\" \/>\n<meta name=\"robots\" content=\"index, follow, max-snippet:-1, max-image-preview:large, max-video-preview:-1\" \/>\n<link rel=\"canonical\" href=\"https:\/\/trendsandvision.nl\/de\/product\/esschert-design-erdnussbutter-haus-altes-holz\/\" \/>\n<meta property=\"og:locale\" content=\"de_DE\" \/>\n<meta property=\"og:type\" content=\"article\" \/>\n<meta property=\"og:title\" content=\"Esschert Design Erdnussbutter Haus Altes Holz\" \/>\n<meta property=\"og:description\" content=\"Esschert Design Erdnussbutter Haus Altes Holz: Erdnussbutter Haus Altes Holz: 15 x 13 x 12 cm\" \/>\n<meta property=\"og:url\" content=\"https:\/\/trendsandvision.nl\/de\/product\/esschert-design-erdnussbutter-haus-altes-holz\/\" \/>\n<meta property=\"og:site_name\" content=\"Trends &amp; Vision (DE)\" \/>\n<meta property=\"article:modified_time\" content=\"2026-04-07T08:25:13+00:00\" \/>\n<meta property=\"og:image\" content=\"https:\/\/trendsandvision.nl\/de\/wp-content\/uploads\/sites\/3\/2022\/04\/FB249_01.jpg\" \/>\n\t<meta property=\"og:image:width\" content=\"800\" \/>\n\t<meta property=\"og:image:height\" content=\"800\" \/>\n\t<meta property=\"og:image:type\" content=\"image\/jpeg\" \/>\n<meta name=\"twitter:card\" content=\"summary_large_image\" \/>\n<meta name=\"twitter:label1\" content=\"Gesch\u00e4tzte Lesezeit\" \/>\n\t<meta name=\"twitter:data1\" content=\"1\u00a0Minute\" \/>\n<script type=\"application\/ld+json\" class=\"yoast-schema-graph\">{\"@context\":\"https:\\\/\\\/schema.org\",\"@graph\":[{\"@type\":\"WebPage\",\"@id\":\"https:\\\/\\\/trendsandvision.nl\\\/de\\\/product\\\/esschert-design-erdnussbutter-haus-altes-holz\\\/\",\"url\":\"https:\\\/\\\/trendsandvision.nl\\\/de\\\/product\\\/esschert-design-erdnussbutter-haus-altes-holz\\\/\",\"name\":\"Esschert Design Erdnussbutter Haus Altes Holz (FB249, 8714982082771) - Trends & Vision\",\"isPartOf\":{\"@id\":\"https:\\\/\\\/trendsandvision.nl\\\/de\\\/#website\"},\"primaryImageOfPage\":{\"@id\":\"https:\\\/\\\/trendsandvision.nl\\\/de\\\/product\\\/esschert-design-erdnussbutter-haus-altes-holz\\\/#primaryimage\"},\"image\":{\"@id\":\"https:\\\/\\\/trendsandvision.nl\\\/de\\\/product\\\/esschert-design-erdnussbutter-haus-altes-holz\\\/#primaryimage\"},\"thumbnailUrl\":\"https:\\\/\\\/trendsandvision.nl\\\/de\\\/wp-content\\\/uploads\\\/sites\\\/3\\\/2022\\\/04\\\/FB249_01.jpg\",\"datePublished\":\"2022-04-22T15:34:22+00:00\",\"dateModified\":\"2026-04-07T08:25:13+00:00\",\"description\":\"Esschert Design Erdnussbutter Haus Altes Holz: Erdnussbutter Haus Altes Holz: 15 x 13 x 12 cm\",\"breadcrumb\":{\"@id\":\"https:\\\/\\\/trendsandvision.nl\\\/de\\\/product\\\/esschert-design-erdnussbutter-haus-altes-holz\\\/#breadcrumb\"},\"inLanguage\":\"de\",\"potentialAction\":[{\"@type\":\"ReadAction\",\"target\":[\"https:\\\/\\\/trendsandvision.nl\\\/de\\\/product\\\/esschert-design-erdnussbutter-haus-altes-holz\\\/\"]}]},{\"@type\":\"ImageObject\",\"inLanguage\":\"de\",\"@id\":\"https:\\\/\\\/trendsandvision.nl\\\/de\\\/product\\\/esschert-design-erdnussbutter-haus-altes-holz\\\/#primaryimage\",\"url\":\"https:\\\/\\\/trendsandvision.nl\\\/de\\\/wp-content\\\/uploads\\\/sites\\\/3\\\/2022\\\/04\\\/FB249_01.jpg\",\"contentUrl\":\"https:\\\/\\\/trendsandvision.nl\\\/de\\\/wp-content\\\/uploads\\\/sites\\\/3\\\/2022\\\/04\\\/FB249_01.jpg\",\"width\":800,\"height\":800,\"caption\":\"Esschert Design Erdnussbutter Haus Altes Holz (FB249\"},{\"@type\":\"BreadcrumbList\",\"@id\":\"https:\\\/\\\/trendsandvision.nl\\\/de\\\/product\\\/esschert-design-erdnussbutter-haus-altes-holz\\\/#breadcrumb\",\"itemListElement\":[{\"@type\":\"ListItem\",\"position\":1,\"name\":\"Home\",\"item\":\"https:\\\/\\\/trendsandvision.nl\\\/de\\\/\"},{\"@type\":\"ListItem\",\"position\":2,\"name\":\"Gesch\u00e4ft\",\"item\":\"https:\\\/\\\/trendsandvision.nl\\\/de\\\/geschaft\\\/\"},{\"@type\":\"ListItem\",\"position\":3,\"name\":\"Esschert Design Erdnussbutter Haus Altes Holz\"}]},{\"@type\":\"WebSite\",\"@id\":\"https:\\\/\\\/trendsandvision.nl\\\/de\\\/#website\",\"url\":\"https:\\\/\\\/trendsandvision.nl\\\/de\\\/\",\"name\":\"Trends &amp; Vision (DE)\",\"description\":\"Der Webshop f\u00fcr Esschert Design Artikel\",\"publisher\":{\"@id\":\"https:\\\/\\\/trendsandvision.nl\\\/de\\\/#organization\"},\"potentialAction\":[{\"@type\":\"SearchAction\",\"target\":{\"@type\":\"EntryPoint\",\"urlTemplate\":\"https:\\\/\\\/trendsandvision.nl\\\/de\\\/?s={search_term_string}\"},\"query-input\":{\"@type\":\"PropertyValueSpecification\",\"valueRequired\":true,\"valueName\":\"search_term_string\"}}],\"inLanguage\":\"de\"},{\"@type\":\"Organization\",\"@id\":\"https:\\\/\\\/trendsandvision.nl\\\/de\\\/#organization\",\"name\":\"Trends &amp; Vision (DE)\",\"url\":\"https:\\\/\\\/trendsandvision.nl\\\/de\\\/\",\"logo\":{\"@type\":\"ImageObject\",\"inLanguage\":\"de\",\"@id\":\"https:\\\/\\\/trendsandvision.nl\\\/de\\\/#\\\/schema\\\/logo\\\/image\\\/\",\"url\":\"https:\\\/\\\/trendsandvision.nl\\\/de\\\/wp-content\\\/uploads\\\/sites\\\/3\\\/2022\\\/04\\\/trends-and-vision-logo.jpg\",\"contentUrl\":\"https:\\\/\\\/trendsandvision.nl\\\/de\\\/wp-content\\\/uploads\\\/sites\\\/3\\\/2022\\\/04\\\/trends-and-vision-logo.jpg\",\"width\":213,\"height\":100,\"caption\":\"Trends &amp; Vision (DE)\"},\"image\":{\"@id\":\"https:\\\/\\\/trendsandvision.nl\\\/de\\\/#\\\/schema\\\/logo\\\/image\\\/\"}}]}<\/script>\n<!-- \/ Yoast SEO Premium plugin. -->","yoast_head_json":{"title":"Esschert Design Erdnussbutter Haus Altes Holz (FB249, 8714982082771) - Trends & Vision","description":"Esschert Design Erdnussbutter Haus Altes Holz: Erdnussbutter Haus Altes Holz: 15 x 13 x 12 cm","robots":{"index":"index","follow":"follow","max-snippet":"max-snippet:-1","max-image-preview":"max-image-preview:large","max-video-preview":"max-video-preview:-1"},"canonical":"https:\/\/trendsandvision.nl\/de\/product\/esschert-design-erdnussbutter-haus-altes-holz\/","og_locale":"de_DE","og_type":"article","og_title":"Esschert Design Erdnussbutter Haus Altes Holz","og_description":"Esschert Design Erdnussbutter Haus Altes Holz: Erdnussbutter Haus Altes Holz: 15 x 13 x 12 cm","og_url":"https:\/\/trendsandvision.nl\/de\/product\/esschert-design-erdnussbutter-haus-altes-holz\/","og_site_name":"Trends &amp; Vision (DE)","article_modified_time":"2026-04-07T08:25:13+00:00","og_image":[{"width":800,"height":800,"url":"https:\/\/trendsandvision.nl\/de\/wp-content\/uploads\/sites\/3\/2022\/04\/FB249_01.jpg","type":"image\/jpeg"}],"twitter_card":"summary_large_image","twitter_misc":{"Gesch\u00e4tzte Lesezeit":"1\u00a0Minute"},"schema":{"@context":"https:\/\/schema.org","@graph":[{"@type":"WebPage","@id":"https:\/\/trendsandvision.nl\/de\/product\/esschert-design-erdnussbutter-haus-altes-holz\/","url":"https:\/\/trendsandvision.nl\/de\/product\/esschert-design-erdnussbutter-haus-altes-holz\/","name":"Esschert Design Erdnussbutter Haus Altes Holz (FB249, 8714982082771) - Trends & Vision","isPartOf":{"@id":"https:\/\/trendsandvision.nl\/de\/#website"},"primaryImageOfPage":{"@id":"https:\/\/trendsandvision.nl\/de\/product\/esschert-design-erdnussbutter-haus-altes-holz\/#primaryimage"},"image":{"@id":"https:\/\/trendsandvision.nl\/de\/product\/esschert-design-erdnussbutter-haus-altes-holz\/#primaryimage"},"thumbnailUrl":"https:\/\/trendsandvision.nl\/de\/wp-content\/uploads\/sites\/3\/2022\/04\/FB249_01.jpg","datePublished":"2022-04-22T15:34:22+00:00","dateModified":"2026-04-07T08:25:13+00:00","description":"Esschert Design Erdnussbutter Haus Altes Holz: Erdnussbutter Haus Altes Holz: 15 x 13 x 12 cm","breadcrumb":{"@id":"https:\/\/trendsandvision.nl\/de\/product\/esschert-design-erdnussbutter-haus-altes-holz\/#breadcrumb"},"inLanguage":"de","potentialAction":[{"@type":"ReadAction","target":["https:\/\/trendsandvision.nl\/de\/product\/esschert-design-erdnussbutter-haus-altes-holz\/"]}]},{"@type":"ImageObject","inLanguage":"de","@id":"https:\/\/trendsandvision.nl\/de\/product\/esschert-design-erdnussbutter-haus-altes-holz\/#primaryimage","url":"https:\/\/trendsandvision.nl\/de\/wp-content\/uploads\/sites\/3\/2022\/04\/FB249_01.jpg","contentUrl":"https:\/\/trendsandvision.nl\/de\/wp-content\/uploads\/sites\/3\/2022\/04\/FB249_01.jpg","width":800,"height":800,"caption":"Esschert Design Erdnussbutter Haus Altes Holz (FB249"},{"@type":"BreadcrumbList","@id":"https:\/\/trendsandvision.nl\/de\/product\/esschert-design-erdnussbutter-haus-altes-holz\/#breadcrumb","itemListElement":[{"@type":"ListItem","position":1,"name":"Home","item":"https:\/\/trendsandvision.nl\/de\/"},{"@type":"ListItem","position":2,"name":"Gesch\u00e4ft","item":"https:\/\/trendsandvision.nl\/de\/geschaft\/"},{"@type":"ListItem","position":3,"name":"Esschert Design Erdnussbutter Haus Altes Holz"}]},{"@type":"WebSite","@id":"https:\/\/trendsandvision.nl\/de\/#website","url":"https:\/\/trendsandvision.nl\/de\/","name":"Trends &amp; Vision (DE)","description":"Der Webshop f\u00fcr Esschert Design Artikel","publisher":{"@id":"https:\/\/trendsandvision.nl\/de\/#organization"},"potentialAction":[{"@type":"SearchAction","target":{"@type":"EntryPoint","urlTemplate":"https:\/\/trendsandvision.nl\/de\/?s={search_term_string}"},"query-input":{"@type":"PropertyValueSpecification","valueRequired":true,"valueName":"search_term_string"}}],"inLanguage":"de"},{"@type":"Organization","@id":"https:\/\/trendsandvision.nl\/de\/#organization","name":"Trends &amp; Vision (DE)","url":"https:\/\/trendsandvision.nl\/de\/","logo":{"@type":"ImageObject","inLanguage":"de","@id":"https:\/\/trendsandvision.nl\/de\/#\/schema\/logo\/image\/","url":"https:\/\/trendsandvision.nl\/de\/wp-content\/uploads\/sites\/3\/2022\/04\/trends-and-vision-logo.jpg","contentUrl":"https:\/\/trendsandvision.nl\/de\/wp-content\/uploads\/sites\/3\/2022\/04\/trends-and-vision-logo.jpg","width":213,"height":100,"caption":"Trends &amp; Vision (DE)"},"image":{"@id":"https:\/\/trendsandvision.nl\/de\/#\/schema\/logo\/image\/"}}]}},"_links":{"self":[{"href":"https:\/\/trendsandvision.nl\/de\/wp-json\/wp\/v2\/product\/2656","targetHints":{"allow":["GET"]}}],"collection":[{"href":"https:\/\/trendsandvision.nl\/de\/wp-json\/wp\/v2\/product"}],"about":[{"href":"https:\/\/trendsandvision.nl\/de\/wp-json\/wp\/v2\/types\/product"}],"wp:featuredmedia":[{"embeddable":true,"href":"https:\/\/trendsandvision.nl\/de\/wp-json\/wp\/v2\/media\/2657"}],"wp:attachment":[{"href":"https:\/\/trendsandvision.nl\/de\/wp-json\/wp\/v2\/media?parent=2656"}],"wp:term":[{"taxonomy":"product_brand","embeddable":true,"href":"https:\/\/trendsandvision.nl\/de\/wp-json\/wp\/v2\/product_brand?post=2656"},{"taxonomy":"product_cat","embeddable":true,"href":"https:\/\/trendsandvision.nl\/de\/wp-json\/wp\/v2\/product_cat?post=2656"},{"taxonomy":"product_tag","embeddable":true,"href":"https:\/\/trendsandvision.nl\/de\/wp-json\/wp\/v2\/product_tag?post=2656"}],"curies":[{"name":"wp","href":"https:\/\/api.w.org\/{rel}","templated":true}]}}