{"id":2613,"date":"2022-04-22T17:33:18","date_gmt":"2022-04-22T15:33:18","guid":{"rendered":"https:\/\/trendsandvision.nl\/de\/product\/esschert-design-schutzsilo-fuer-streufutter\/"},"modified":"2025-10-14T23:33:57","modified_gmt":"2025-10-14T21:33:57","slug":"esschert-design-schutzsilo-fuer-streufutter","status":"publish","type":"product","link":"https:\/\/trendsandvision.nl\/de\/product\/esschert-design-schutzsilo-fuer-streufutter\/","title":{"rendered":"Esschert Design Schutzsilo f\u00fcr Streufutter"},"content":{"rendered":"<p>Um zu verhindern, dass Kr\u00e4hen oder Eichh\u00f6rnchen auf das Vogelfutter zugreifen, befindet sich in dieser selektiven Futterstation ein Futtersilo.<br \/>\nKleine V\u00f6gel, wie Meisen, k\u00f6nnen problemlos durch die Maschen zum Futter gelangen.<br \/>\nMit diesem Futtersilo bleibt das Streufutter trocken und vor Regen gesch\u00fctzt.<br \/>\nDie beiden \u00d6ffnungen sorgen f\u00fcr eine gute Futterdosierung. Durch Hochziehen des Deckels oben l\u00e4sst sich das Silo leicht bef\u00fcllen .<\/p>\n<p>&#8211; Schutz vor Kr\u00e4hen und Eichh\u00f6rnchen<\/p>\n<p>Artikelnummer: FB207<br \/>\nProduktgruppe(n) V\u00f6gel&amp;Gartentiere, Nistk\u00e4sten und Vogelh\u00e4user, Sonstiges, Futterungssysteme, Futterh\u00e4uschen, Futtern\u00e4pfe und Futtersch\u00fcsseln, Futter, Dekorativ<br \/>\nProduktabmessungen in cm L 23,1 x T 14,5 x H 20,1<br \/>\nMaterial: Weichstahl, PVC, HDPP<br \/>\nNettogewicht 0,806 kg<br \/>\nBarcode 8714982062421<\/p>\n","protected":false},"excerpt":{"rendered":"<p>Artikelnummer: FB207<br \/>\nL 23,1 x T 14,5 x H 20,1 cm<br \/>\nSchutz vor Kr\u00e4hen und Eichh\u00f6rnchen<br \/>\nMaterial: Weichstahl, PVC, HDPP<br \/>\nNettogewicht 0,806 kg<br \/>\nBarcode 8714982062421<\/p>\n","protected":false},"featured_media":2614,"template":"","meta":[],"product_brand":[9597,9598],"product_cat":[1315],"product_tag":[7155,7278,6759,7292],"class_list":{"0":"post-2613","1":"product","2":"type-product","3":"status-publish","4":"has-post-thumbnail","6":"product_brand-esschert-design","7":"product_brand-trends-and-vision","8":"product_cat-best-for-birds","9":"product_tag-futterhaenger","10":"product_tag-futternaepfe","11":"product_tag-fuetterungssysteme","12":"product_tag-schutz","13":"pa_anbieter-esschert-design","14":"pa_ean-code-1555","15":"pa_material-geplastificeerd-metaal-en-kunststof","16":"pa_messungen-178x178x265-cm","18":"first","19":"outofstock","20":"sale","21":"taxable","22":"shipping-taxable","23":"purchasable","24":"product-type-simple","25":"czr-hentry"},"yoast_head":"<!-- This site is optimized with the Yoast SEO Premium plugin v27.4 (Yoast SEO v27.4) - https:\/\/yoast.com\/product\/yoast-seo-premium-wordpress\/ -->\n<title>Esschert Design Schutzsilo f\u00fcr Streufutter (FB207, 8714982062421) - Trends &amp; Vision<\/title>\n<meta name=\"description\" content=\"Esschert Design Schutzsilo f\u00fcr Streufutter: Schutzsilo f\u00fcr Streufutter\" \/>\n<meta name=\"robots\" content=\"index, follow, max-snippet:-1, max-image-preview:large, max-video-preview:-1\" \/>\n<link rel=\"canonical\" href=\"https:\/\/trendsandvision.nl\/de\/product\/esschert-design-schutzsilo-fuer-streufutter\/\" \/>\n<meta property=\"og:locale\" content=\"de_DE\" \/>\n<meta property=\"og:type\" content=\"article\" \/>\n<meta property=\"og:title\" content=\"Esschert Design Schutzsilo f\u00fcr Streufutter\" \/>\n<meta property=\"og:description\" content=\"Esschert Design Schutzsilo f\u00fcr Streufutter: Schutzsilo f\u00fcr Streufutter\" \/>\n<meta property=\"og:url\" content=\"https:\/\/trendsandvision.nl\/de\/product\/esschert-design-schutzsilo-fuer-streufutter\/\" \/>\n<meta property=\"og:site_name\" content=\"Trends &amp; Vision (DE)\" \/>\n<meta property=\"article:modified_time\" content=\"2025-10-14T21:33:57+00:00\" \/>\n<meta property=\"og:image\" content=\"https:\/\/trendsandvision.nl\/de\/wp-content\/uploads\/sites\/3\/2022\/04\/FB207_01.jpg\" \/>\n\t<meta property=\"og:image:width\" content=\"800\" \/>\n\t<meta property=\"og:image:height\" content=\"800\" \/>\n\t<meta property=\"og:image:type\" content=\"image\/jpeg\" \/>\n<meta name=\"twitter:card\" content=\"summary_large_image\" \/>\n<meta name=\"twitter:label1\" content=\"Gesch\u00e4tzte Lesezeit\" \/>\n\t<meta name=\"twitter:data1\" content=\"1\u00a0Minute\" \/>\n<script type=\"application\/ld+json\" class=\"yoast-schema-graph\">{\"@context\":\"https:\\\/\\\/schema.org\",\"@graph\":[{\"@type\":\"WebPage\",\"@id\":\"https:\\\/\\\/trendsandvision.nl\\\/de\\\/product\\\/esschert-design-schutzsilo-fuer-streufutter\\\/\",\"url\":\"https:\\\/\\\/trendsandvision.nl\\\/de\\\/product\\\/esschert-design-schutzsilo-fuer-streufutter\\\/\",\"name\":\"Esschert Design Schutzsilo f\u00fcr Streufutter (FB207, 8714982062421) - Trends & Vision\",\"isPartOf\":{\"@id\":\"https:\\\/\\\/trendsandvision.nl\\\/de\\\/#website\"},\"primaryImageOfPage\":{\"@id\":\"https:\\\/\\\/trendsandvision.nl\\\/de\\\/product\\\/esschert-design-schutzsilo-fuer-streufutter\\\/#primaryimage\"},\"image\":{\"@id\":\"https:\\\/\\\/trendsandvision.nl\\\/de\\\/product\\\/esschert-design-schutzsilo-fuer-streufutter\\\/#primaryimage\"},\"thumbnailUrl\":\"https:\\\/\\\/trendsandvision.nl\\\/de\\\/wp-content\\\/uploads\\\/sites\\\/3\\\/2022\\\/04\\\/FB207_01.jpg\",\"datePublished\":\"2022-04-22T15:33:18+00:00\",\"dateModified\":\"2025-10-14T21:33:57+00:00\",\"description\":\"Esschert Design Schutzsilo f\u00fcr Streufutter: Schutzsilo f\u00fcr Streufutter\",\"breadcrumb\":{\"@id\":\"https:\\\/\\\/trendsandvision.nl\\\/de\\\/product\\\/esschert-design-schutzsilo-fuer-streufutter\\\/#breadcrumb\"},\"inLanguage\":\"de\",\"potentialAction\":[{\"@type\":\"ReadAction\",\"target\":[\"https:\\\/\\\/trendsandvision.nl\\\/de\\\/product\\\/esschert-design-schutzsilo-fuer-streufutter\\\/\"]}]},{\"@type\":\"ImageObject\",\"inLanguage\":\"de\",\"@id\":\"https:\\\/\\\/trendsandvision.nl\\\/de\\\/product\\\/esschert-design-schutzsilo-fuer-streufutter\\\/#primaryimage\",\"url\":\"https:\\\/\\\/trendsandvision.nl\\\/de\\\/wp-content\\\/uploads\\\/sites\\\/3\\\/2022\\\/04\\\/FB207_01.jpg\",\"contentUrl\":\"https:\\\/\\\/trendsandvision.nl\\\/de\\\/wp-content\\\/uploads\\\/sites\\\/3\\\/2022\\\/04\\\/FB207_01.jpg\",\"width\":800,\"height\":800,\"caption\":\"Esschert Design Schutzsilo f\u00fcr Streufutter (FB207\"},{\"@type\":\"BreadcrumbList\",\"@id\":\"https:\\\/\\\/trendsandvision.nl\\\/de\\\/product\\\/esschert-design-schutzsilo-fuer-streufutter\\\/#breadcrumb\",\"itemListElement\":[{\"@type\":\"ListItem\",\"position\":1,\"name\":\"Home\",\"item\":\"https:\\\/\\\/trendsandvision.nl\\\/de\\\/\"},{\"@type\":\"ListItem\",\"position\":2,\"name\":\"Gesch\u00e4ft\",\"item\":\"https:\\\/\\\/trendsandvision.nl\\\/de\\\/geschaft\\\/\"},{\"@type\":\"ListItem\",\"position\":3,\"name\":\"Esschert Design Schutzsilo f\u00fcr Streufutter\"}]},{\"@type\":\"WebSite\",\"@id\":\"https:\\\/\\\/trendsandvision.nl\\\/de\\\/#website\",\"url\":\"https:\\\/\\\/trendsandvision.nl\\\/de\\\/\",\"name\":\"Trends &amp; Vision (DE)\",\"description\":\"Der Webshop f\u00fcr Esschert Design Artikel\",\"publisher\":{\"@id\":\"https:\\\/\\\/trendsandvision.nl\\\/de\\\/#organization\"},\"potentialAction\":[{\"@type\":\"SearchAction\",\"target\":{\"@type\":\"EntryPoint\",\"urlTemplate\":\"https:\\\/\\\/trendsandvision.nl\\\/de\\\/?s={search_term_string}\"},\"query-input\":{\"@type\":\"PropertyValueSpecification\",\"valueRequired\":true,\"valueName\":\"search_term_string\"}}],\"inLanguage\":\"de\"},{\"@type\":\"Organization\",\"@id\":\"https:\\\/\\\/trendsandvision.nl\\\/de\\\/#organization\",\"name\":\"Trends &amp; Vision (DE)\",\"url\":\"https:\\\/\\\/trendsandvision.nl\\\/de\\\/\",\"logo\":{\"@type\":\"ImageObject\",\"inLanguage\":\"de\",\"@id\":\"https:\\\/\\\/trendsandvision.nl\\\/de\\\/#\\\/schema\\\/logo\\\/image\\\/\",\"url\":\"https:\\\/\\\/trendsandvision.nl\\\/de\\\/wp-content\\\/uploads\\\/sites\\\/3\\\/2022\\\/04\\\/trends-and-vision-logo.jpg\",\"contentUrl\":\"https:\\\/\\\/trendsandvision.nl\\\/de\\\/wp-content\\\/uploads\\\/sites\\\/3\\\/2022\\\/04\\\/trends-and-vision-logo.jpg\",\"width\":213,\"height\":100,\"caption\":\"Trends &amp; Vision (DE)\"},\"image\":{\"@id\":\"https:\\\/\\\/trendsandvision.nl\\\/de\\\/#\\\/schema\\\/logo\\\/image\\\/\"}}]}<\/script>\n<!-- \/ Yoast SEO Premium plugin. -->","yoast_head_json":{"title":"Esschert Design Schutzsilo f\u00fcr Streufutter (FB207, 8714982062421) - Trends & Vision","description":"Esschert Design Schutzsilo f\u00fcr Streufutter: Schutzsilo f\u00fcr Streufutter","robots":{"index":"index","follow":"follow","max-snippet":"max-snippet:-1","max-image-preview":"max-image-preview:large","max-video-preview":"max-video-preview:-1"},"canonical":"https:\/\/trendsandvision.nl\/de\/product\/esschert-design-schutzsilo-fuer-streufutter\/","og_locale":"de_DE","og_type":"article","og_title":"Esschert Design Schutzsilo f\u00fcr Streufutter","og_description":"Esschert Design Schutzsilo f\u00fcr Streufutter: Schutzsilo f\u00fcr Streufutter","og_url":"https:\/\/trendsandvision.nl\/de\/product\/esschert-design-schutzsilo-fuer-streufutter\/","og_site_name":"Trends &amp; Vision (DE)","article_modified_time":"2025-10-14T21:33:57+00:00","og_image":[{"width":800,"height":800,"url":"https:\/\/trendsandvision.nl\/de\/wp-content\/uploads\/sites\/3\/2022\/04\/FB207_01.jpg","type":"image\/jpeg"}],"twitter_card":"summary_large_image","twitter_misc":{"Gesch\u00e4tzte Lesezeit":"1\u00a0Minute"},"schema":{"@context":"https:\/\/schema.org","@graph":[{"@type":"WebPage","@id":"https:\/\/trendsandvision.nl\/de\/product\/esschert-design-schutzsilo-fuer-streufutter\/","url":"https:\/\/trendsandvision.nl\/de\/product\/esschert-design-schutzsilo-fuer-streufutter\/","name":"Esschert Design Schutzsilo f\u00fcr Streufutter (FB207, 8714982062421) - Trends & Vision","isPartOf":{"@id":"https:\/\/trendsandvision.nl\/de\/#website"},"primaryImageOfPage":{"@id":"https:\/\/trendsandvision.nl\/de\/product\/esschert-design-schutzsilo-fuer-streufutter\/#primaryimage"},"image":{"@id":"https:\/\/trendsandvision.nl\/de\/product\/esschert-design-schutzsilo-fuer-streufutter\/#primaryimage"},"thumbnailUrl":"https:\/\/trendsandvision.nl\/de\/wp-content\/uploads\/sites\/3\/2022\/04\/FB207_01.jpg","datePublished":"2022-04-22T15:33:18+00:00","dateModified":"2025-10-14T21:33:57+00:00","description":"Esschert Design Schutzsilo f\u00fcr Streufutter: Schutzsilo f\u00fcr Streufutter","breadcrumb":{"@id":"https:\/\/trendsandvision.nl\/de\/product\/esschert-design-schutzsilo-fuer-streufutter\/#breadcrumb"},"inLanguage":"de","potentialAction":[{"@type":"ReadAction","target":["https:\/\/trendsandvision.nl\/de\/product\/esschert-design-schutzsilo-fuer-streufutter\/"]}]},{"@type":"ImageObject","inLanguage":"de","@id":"https:\/\/trendsandvision.nl\/de\/product\/esschert-design-schutzsilo-fuer-streufutter\/#primaryimage","url":"https:\/\/trendsandvision.nl\/de\/wp-content\/uploads\/sites\/3\/2022\/04\/FB207_01.jpg","contentUrl":"https:\/\/trendsandvision.nl\/de\/wp-content\/uploads\/sites\/3\/2022\/04\/FB207_01.jpg","width":800,"height":800,"caption":"Esschert Design Schutzsilo f\u00fcr Streufutter (FB207"},{"@type":"BreadcrumbList","@id":"https:\/\/trendsandvision.nl\/de\/product\/esschert-design-schutzsilo-fuer-streufutter\/#breadcrumb","itemListElement":[{"@type":"ListItem","position":1,"name":"Home","item":"https:\/\/trendsandvision.nl\/de\/"},{"@type":"ListItem","position":2,"name":"Gesch\u00e4ft","item":"https:\/\/trendsandvision.nl\/de\/geschaft\/"},{"@type":"ListItem","position":3,"name":"Esschert Design Schutzsilo f\u00fcr Streufutter"}]},{"@type":"WebSite","@id":"https:\/\/trendsandvision.nl\/de\/#website","url":"https:\/\/trendsandvision.nl\/de\/","name":"Trends &amp; Vision (DE)","description":"Der Webshop f\u00fcr Esschert Design Artikel","publisher":{"@id":"https:\/\/trendsandvision.nl\/de\/#organization"},"potentialAction":[{"@type":"SearchAction","target":{"@type":"EntryPoint","urlTemplate":"https:\/\/trendsandvision.nl\/de\/?s={search_term_string}"},"query-input":{"@type":"PropertyValueSpecification","valueRequired":true,"valueName":"search_term_string"}}],"inLanguage":"de"},{"@type":"Organization","@id":"https:\/\/trendsandvision.nl\/de\/#organization","name":"Trends &amp; Vision (DE)","url":"https:\/\/trendsandvision.nl\/de\/","logo":{"@type":"ImageObject","inLanguage":"de","@id":"https:\/\/trendsandvision.nl\/de\/#\/schema\/logo\/image\/","url":"https:\/\/trendsandvision.nl\/de\/wp-content\/uploads\/sites\/3\/2022\/04\/trends-and-vision-logo.jpg","contentUrl":"https:\/\/trendsandvision.nl\/de\/wp-content\/uploads\/sites\/3\/2022\/04\/trends-and-vision-logo.jpg","width":213,"height":100,"caption":"Trends &amp; Vision (DE)"},"image":{"@id":"https:\/\/trendsandvision.nl\/de\/#\/schema\/logo\/image\/"}}]}},"_links":{"self":[{"href":"https:\/\/trendsandvision.nl\/de\/wp-json\/wp\/v2\/product\/2613","targetHints":{"allow":["GET"]}}],"collection":[{"href":"https:\/\/trendsandvision.nl\/de\/wp-json\/wp\/v2\/product"}],"about":[{"href":"https:\/\/trendsandvision.nl\/de\/wp-json\/wp\/v2\/types\/product"}],"wp:featuredmedia":[{"embeddable":true,"href":"https:\/\/trendsandvision.nl\/de\/wp-json\/wp\/v2\/media\/2614"}],"wp:attachment":[{"href":"https:\/\/trendsandvision.nl\/de\/wp-json\/wp\/v2\/media?parent=2613"}],"wp:term":[{"taxonomy":"product_brand","embeddable":true,"href":"https:\/\/trendsandvision.nl\/de\/wp-json\/wp\/v2\/product_brand?post=2613"},{"taxonomy":"product_cat","embeddable":true,"href":"https:\/\/trendsandvision.nl\/de\/wp-json\/wp\/v2\/product_cat?post=2613"},{"taxonomy":"product_tag","embeddable":true,"href":"https:\/\/trendsandvision.nl\/de\/wp-json\/wp\/v2\/product_tag?post=2613"}],"curies":[{"name":"wp","href":"https:\/\/api.w.org\/{rel}","templated":true}]}}