{"id":2601,"date":"2022-04-22T17:33:18","date_gmt":"2022-04-22T15:33:18","guid":{"rendered":"https:\/\/trendsandvision.nl\/de\/product\/esschert-design-villafutterhaus-fuss-4-sort\/"},"modified":"2025-09-15T15:55:33","modified_gmt":"2025-09-15T13:55:33","slug":"esschert-design-villafutterhaus-fuss-wahl","status":"publish","type":"product","link":"https:\/\/trendsandvision.nl\/de\/product\/esschert-design-villafutterhaus-fuss-wahl\/","title":{"rendered":"Esschert Design Villafutterhaus Fuss  Wahl"},"content":{"rendered":"<p>Ein Nistkasten sollte in keinem Garten fehlen.<br \/>\nDieses skandinavische Villafutterhaus mit detaillierten Elementen bietet V\u00f6geln einen geeigneten Futterplatz Dank der gegenseitigen \u00d6ffnungen k\u00f6nnen die V\u00f6gel das Futterhaus von zwei Seiten anfliegen und den Futtertisch erreichen.<br \/>\nDank des praktischen Silos in der Mitte haben die V\u00f6gel t\u00e4glich gen\u00fcgend Nahrung und ein t\u00e4gliches Nachf\u00fcllen ist nicht n\u00f6tig.<br \/>\nDas Dach sch\u00fctzt das Futter vor N\u00e4sse.<br \/>\nAn der Unterseite ist ein Haken vormontiert zum einfachen Aufh\u00e4ngen von Vogelfutter in T\u00fcten oder Netzen.<br \/>\nDank des Fu\u00dfes l\u00e4sst sich dieser Futtertisch ganz einfach in den Boden stecken.<\/p>\n<p>&#8211; Wahl aus 4 verschiedenen Vogelh\u00e4usern, Preis pro St\u00fcck<\/p>\n<p>Artikelname: Villafutterhaus auf Fu\u00df Wahl<br \/>\nArtikelnummer: FB186<br \/>\nProduktgruppe(n) V\u00f6gel&amp;Gartentiere, Futterungssysteme, Futterh\u00e4uschen<br \/>\nProduktabmessungen in cm L 17,7 x T 17,1 x H 117<br \/>\nMaterial: Sperrholz, kiefernholz<br \/>\nNettogewicht 1,373 kg<br \/>\nBarcode 8714982053207<\/p>\n<p>finden Sie in der Anzeige (n) von Esschert Design \/ Trends &amp; Vision:. Im Freien, 2012 Nr. 1<\/p>\n<p>Laura Wohnen kreativ oktober 2012 Seite 77<\/p>\n","protected":false},"excerpt":{"rendered":"<p>&#8211; Artikelnummer: FB186<br \/>\n&#8211; Wahl aus 4 verschiedenen Vogelh\u00e4usern,<br \/>\n&#8211; Preis pro St\u00fcck<br \/>\n&#8211; L 17,7 x T 17,1 x H 117 cm<br \/>\n&#8211; Material: Sperrholz, kiefernholz<br \/>\n&#8211; Nettogewicht 1,373 kg<br \/>\n&#8211; Barcode 8714982053207<\/p>\n","protected":false},"featured_media":2602,"template":"","meta":[],"product_brand":[9597,9598],"product_cat":[1315],"product_tag":[7145,6759,6945],"class_list":{"0":"post-2601","1":"product","2":"type-product","3":"status-publish","4":"has-post-thumbnail","6":"product_brand-esschert-design","7":"product_brand-trends-and-vision","8":"product_cat-best-for-birds","9":"product_tag-futterhaeuschen","10":"product_tag-fuetterungssysteme","11":"product_tag-wahl","12":"pa_anbieter-esschert-design","13":"pa_ean-code-1547","14":"pa_material-fsc-zertifiziert-kiefernholz","15":"pa_messungen-117x17x17-cm","17":"first","18":"instock","19":"sale","20":"taxable","21":"shipping-taxable","22":"purchasable","23":"product-type-simple","24":"czr-hentry"},"yoast_head":"<!-- This site is optimized with the Yoast SEO Premium plugin v26.4 (Yoast SEO v27.4) - https:\/\/yoast.com\/product\/yoast-seo-premium-wordpress\/ -->\n<title>Esschert Design Villafutterhaus Fuss 4 sort. (FB186, 8714982053207) - Trends &amp; Vision<\/title>\n<meta name=\"description\" content=\"Esschert Design Villafutterhaus Fuss 4 sort.: Villafutterhaus Fuss 4 sort.\" \/>\n<meta name=\"robots\" content=\"index, follow, max-snippet:-1, max-image-preview:large, max-video-preview:-1\" \/>\n<link rel=\"canonical\" href=\"https:\/\/trendsandvision.nl\/de\/product\/esschert-design-villafutterhaus-fuss-wahl\/\" \/>\n<meta property=\"og:locale\" content=\"de_DE\" \/>\n<meta property=\"og:type\" content=\"article\" \/>\n<meta property=\"og:title\" content=\"Esschert Design Villafutterhaus Fuss Wahl\" \/>\n<meta property=\"og:description\" content=\"Esschert Design Villafutterhaus Fuss 4 sort.: Villafutterhaus Fuss 4 sort.\" \/>\n<meta property=\"og:url\" content=\"https:\/\/trendsandvision.nl\/de\/product\/esschert-design-villafutterhaus-fuss-wahl\/\" \/>\n<meta property=\"og:site_name\" content=\"Trends &amp; Vision (DE)\" \/>\n<meta property=\"article:modified_time\" content=\"2025-09-15T13:55:33+00:00\" \/>\n<meta property=\"og:image\" content=\"https:\/\/trendsandvision.nl\/de\/wp-content\/uploads\/sites\/3\/2022\/04\/FB186_01.jpg\" \/>\n\t<meta property=\"og:image:width\" content=\"800\" \/>\n\t<meta property=\"og:image:height\" content=\"800\" \/>\n\t<meta property=\"og:image:type\" content=\"image\/jpeg\" \/>\n<meta name=\"twitter:card\" content=\"summary_large_image\" \/>\n<meta name=\"twitter:label1\" content=\"Gesch\u00e4tzte Lesezeit\" \/>\n\t<meta name=\"twitter:data1\" content=\"2\u00a0Minuten\" \/>\n<script type=\"application\/ld+json\" class=\"yoast-schema-graph\">{\"@context\":\"https:\\\/\\\/schema.org\",\"@graph\":[{\"@type\":\"WebPage\",\"@id\":\"https:\\\/\\\/trendsandvision.nl\\\/de\\\/product\\\/esschert-design-villafutterhaus-fuss-wahl\\\/\",\"url\":\"https:\\\/\\\/trendsandvision.nl\\\/de\\\/product\\\/esschert-design-villafutterhaus-fuss-wahl\\\/\",\"name\":\"Esschert Design Villafutterhaus Fuss 4 sort. (FB186, 8714982053207) - Trends & Vision\",\"isPartOf\":{\"@id\":\"https:\\\/\\\/trendsandvision.nl\\\/de\\\/#website\"},\"primaryImageOfPage\":{\"@id\":\"https:\\\/\\\/trendsandvision.nl\\\/de\\\/product\\\/esschert-design-villafutterhaus-fuss-wahl\\\/#primaryimage\"},\"image\":{\"@id\":\"https:\\\/\\\/trendsandvision.nl\\\/de\\\/product\\\/esschert-design-villafutterhaus-fuss-wahl\\\/#primaryimage\"},\"thumbnailUrl\":\"https:\\\/\\\/trendsandvision.nl\\\/de\\\/wp-content\\\/uploads\\\/sites\\\/3\\\/2022\\\/04\\\/FB186_01.jpg\",\"datePublished\":\"2022-04-22T15:33:18+00:00\",\"dateModified\":\"2025-09-15T13:55:33+00:00\",\"description\":\"Esschert Design Villafutterhaus Fuss 4 sort.: Villafutterhaus Fuss 4 sort.\",\"breadcrumb\":{\"@id\":\"https:\\\/\\\/trendsandvision.nl\\\/de\\\/product\\\/esschert-design-villafutterhaus-fuss-wahl\\\/#breadcrumb\"},\"inLanguage\":\"de\",\"potentialAction\":[{\"@type\":\"ReadAction\",\"target\":[\"https:\\\/\\\/trendsandvision.nl\\\/de\\\/product\\\/esschert-design-villafutterhaus-fuss-wahl\\\/\"]}]},{\"@type\":\"ImageObject\",\"inLanguage\":\"de\",\"@id\":\"https:\\\/\\\/trendsandvision.nl\\\/de\\\/product\\\/esschert-design-villafutterhaus-fuss-wahl\\\/#primaryimage\",\"url\":\"https:\\\/\\\/trendsandvision.nl\\\/de\\\/wp-content\\\/uploads\\\/sites\\\/3\\\/2022\\\/04\\\/FB186_01.jpg\",\"contentUrl\":\"https:\\\/\\\/trendsandvision.nl\\\/de\\\/wp-content\\\/uploads\\\/sites\\\/3\\\/2022\\\/04\\\/FB186_01.jpg\",\"width\":800,\"height\":800,\"caption\":\"Esschert Design Villafutterhaus Fuss 4 sort. (FB186\"},{\"@type\":\"BreadcrumbList\",\"@id\":\"https:\\\/\\\/trendsandvision.nl\\\/de\\\/product\\\/esschert-design-villafutterhaus-fuss-wahl\\\/#breadcrumb\",\"itemListElement\":[{\"@type\":\"ListItem\",\"position\":1,\"name\":\"Home\",\"item\":\"https:\\\/\\\/trendsandvision.nl\\\/de\\\/\"},{\"@type\":\"ListItem\",\"position\":2,\"name\":\"Gesch\u00e4ft\",\"item\":\"https:\\\/\\\/trendsandvision.nl\\\/de\\\/geschaft\\\/\"},{\"@type\":\"ListItem\",\"position\":3,\"name\":\"Esschert Design Villafutterhaus Fuss Wahl\"}]},{\"@type\":\"WebSite\",\"@id\":\"https:\\\/\\\/trendsandvision.nl\\\/de\\\/#website\",\"url\":\"https:\\\/\\\/trendsandvision.nl\\\/de\\\/\",\"name\":\"Trends &amp; Vision (DE)\",\"description\":\"Der Webshop f\u00fcr Esschert Design Artikel\",\"publisher\":{\"@id\":\"https:\\\/\\\/trendsandvision.nl\\\/de\\\/#organization\"},\"potentialAction\":[{\"@type\":\"SearchAction\",\"target\":{\"@type\":\"EntryPoint\",\"urlTemplate\":\"https:\\\/\\\/trendsandvision.nl\\\/de\\\/?s={search_term_string}\"},\"query-input\":{\"@type\":\"PropertyValueSpecification\",\"valueRequired\":true,\"valueName\":\"search_term_string\"}}],\"inLanguage\":\"de\"},{\"@type\":\"Organization\",\"@id\":\"https:\\\/\\\/trendsandvision.nl\\\/de\\\/#organization\",\"name\":\"Trends &amp; Vision (DE)\",\"url\":\"https:\\\/\\\/trendsandvision.nl\\\/de\\\/\",\"logo\":{\"@type\":\"ImageObject\",\"inLanguage\":\"de\",\"@id\":\"https:\\\/\\\/trendsandvision.nl\\\/de\\\/#\\\/schema\\\/logo\\\/image\\\/\",\"url\":\"https:\\\/\\\/trendsandvision.nl\\\/de\\\/wp-content\\\/uploads\\\/sites\\\/3\\\/2022\\\/04\\\/trends-and-vision-logo.jpg\",\"contentUrl\":\"https:\\\/\\\/trendsandvision.nl\\\/de\\\/wp-content\\\/uploads\\\/sites\\\/3\\\/2022\\\/04\\\/trends-and-vision-logo.jpg\",\"width\":213,\"height\":100,\"caption\":\"Trends &amp; Vision (DE)\"},\"image\":{\"@id\":\"https:\\\/\\\/trendsandvision.nl\\\/de\\\/#\\\/schema\\\/logo\\\/image\\\/\"}}]}<\/script>\n<!-- \/ Yoast SEO Premium plugin. -->","yoast_head_json":{"title":"Esschert Design Villafutterhaus Fuss 4 sort. (FB186, 8714982053207) - Trends & Vision","description":"Esschert Design Villafutterhaus Fuss 4 sort.: Villafutterhaus Fuss 4 sort.","robots":{"index":"index","follow":"follow","max-snippet":"max-snippet:-1","max-image-preview":"max-image-preview:large","max-video-preview":"max-video-preview:-1"},"canonical":"https:\/\/trendsandvision.nl\/de\/product\/esschert-design-villafutterhaus-fuss-wahl\/","og_locale":"de_DE","og_type":"article","og_title":"Esschert Design Villafutterhaus Fuss Wahl","og_description":"Esschert Design Villafutterhaus Fuss 4 sort.: Villafutterhaus Fuss 4 sort.","og_url":"https:\/\/trendsandvision.nl\/de\/product\/esschert-design-villafutterhaus-fuss-wahl\/","og_site_name":"Trends &amp; Vision (DE)","article_modified_time":"2025-09-15T13:55:33+00:00","og_image":[{"width":800,"height":800,"url":"https:\/\/trendsandvision.nl\/de\/wp-content\/uploads\/sites\/3\/2022\/04\/FB186_01.jpg","type":"image\/jpeg"}],"twitter_card":"summary_large_image","twitter_misc":{"Gesch\u00e4tzte Lesezeit":"2\u00a0Minuten"},"schema":{"@context":"https:\/\/schema.org","@graph":[{"@type":"WebPage","@id":"https:\/\/trendsandvision.nl\/de\/product\/esschert-design-villafutterhaus-fuss-wahl\/","url":"https:\/\/trendsandvision.nl\/de\/product\/esschert-design-villafutterhaus-fuss-wahl\/","name":"Esschert Design Villafutterhaus Fuss 4 sort. (FB186, 8714982053207) - Trends & Vision","isPartOf":{"@id":"https:\/\/trendsandvision.nl\/de\/#website"},"primaryImageOfPage":{"@id":"https:\/\/trendsandvision.nl\/de\/product\/esschert-design-villafutterhaus-fuss-wahl\/#primaryimage"},"image":{"@id":"https:\/\/trendsandvision.nl\/de\/product\/esschert-design-villafutterhaus-fuss-wahl\/#primaryimage"},"thumbnailUrl":"https:\/\/trendsandvision.nl\/de\/wp-content\/uploads\/sites\/3\/2022\/04\/FB186_01.jpg","datePublished":"2022-04-22T15:33:18+00:00","dateModified":"2025-09-15T13:55:33+00:00","description":"Esschert Design Villafutterhaus Fuss 4 sort.: Villafutterhaus Fuss 4 sort.","breadcrumb":{"@id":"https:\/\/trendsandvision.nl\/de\/product\/esschert-design-villafutterhaus-fuss-wahl\/#breadcrumb"},"inLanguage":"de","potentialAction":[{"@type":"ReadAction","target":["https:\/\/trendsandvision.nl\/de\/product\/esschert-design-villafutterhaus-fuss-wahl\/"]}]},{"@type":"ImageObject","inLanguage":"de","@id":"https:\/\/trendsandvision.nl\/de\/product\/esschert-design-villafutterhaus-fuss-wahl\/#primaryimage","url":"https:\/\/trendsandvision.nl\/de\/wp-content\/uploads\/sites\/3\/2022\/04\/FB186_01.jpg","contentUrl":"https:\/\/trendsandvision.nl\/de\/wp-content\/uploads\/sites\/3\/2022\/04\/FB186_01.jpg","width":800,"height":800,"caption":"Esschert Design Villafutterhaus Fuss 4 sort. (FB186"},{"@type":"BreadcrumbList","@id":"https:\/\/trendsandvision.nl\/de\/product\/esschert-design-villafutterhaus-fuss-wahl\/#breadcrumb","itemListElement":[{"@type":"ListItem","position":1,"name":"Home","item":"https:\/\/trendsandvision.nl\/de\/"},{"@type":"ListItem","position":2,"name":"Gesch\u00e4ft","item":"https:\/\/trendsandvision.nl\/de\/geschaft\/"},{"@type":"ListItem","position":3,"name":"Esschert Design Villafutterhaus Fuss Wahl"}]},{"@type":"WebSite","@id":"https:\/\/trendsandvision.nl\/de\/#website","url":"https:\/\/trendsandvision.nl\/de\/","name":"Trends &amp; Vision (DE)","description":"Der Webshop f\u00fcr Esschert Design Artikel","publisher":{"@id":"https:\/\/trendsandvision.nl\/de\/#organization"},"potentialAction":[{"@type":"SearchAction","target":{"@type":"EntryPoint","urlTemplate":"https:\/\/trendsandvision.nl\/de\/?s={search_term_string}"},"query-input":{"@type":"PropertyValueSpecification","valueRequired":true,"valueName":"search_term_string"}}],"inLanguage":"de"},{"@type":"Organization","@id":"https:\/\/trendsandvision.nl\/de\/#organization","name":"Trends &amp; Vision (DE)","url":"https:\/\/trendsandvision.nl\/de\/","logo":{"@type":"ImageObject","inLanguage":"de","@id":"https:\/\/trendsandvision.nl\/de\/#\/schema\/logo\/image\/","url":"https:\/\/trendsandvision.nl\/de\/wp-content\/uploads\/sites\/3\/2022\/04\/trends-and-vision-logo.jpg","contentUrl":"https:\/\/trendsandvision.nl\/de\/wp-content\/uploads\/sites\/3\/2022\/04\/trends-and-vision-logo.jpg","width":213,"height":100,"caption":"Trends &amp; Vision (DE)"},"image":{"@id":"https:\/\/trendsandvision.nl\/de\/#\/schema\/logo\/image\/"}}]}},"_links":{"self":[{"href":"https:\/\/trendsandvision.nl\/de\/wp-json\/wp\/v2\/product\/2601","targetHints":{"allow":["GET"]}}],"collection":[{"href":"https:\/\/trendsandvision.nl\/de\/wp-json\/wp\/v2\/product"}],"about":[{"href":"https:\/\/trendsandvision.nl\/de\/wp-json\/wp\/v2\/types\/product"}],"wp:featuredmedia":[{"embeddable":true,"href":"https:\/\/trendsandvision.nl\/de\/wp-json\/wp\/v2\/media\/2602"}],"wp:attachment":[{"href":"https:\/\/trendsandvision.nl\/de\/wp-json\/wp\/v2\/media?parent=2601"}],"wp:term":[{"taxonomy":"product_brand","embeddable":true,"href":"https:\/\/trendsandvision.nl\/de\/wp-json\/wp\/v2\/product_brand?post=2601"},{"taxonomy":"product_cat","embeddable":true,"href":"https:\/\/trendsandvision.nl\/de\/wp-json\/wp\/v2\/product_cat?post=2601"},{"taxonomy":"product_tag","embeddable":true,"href":"https:\/\/trendsandvision.nl\/de\/wp-json\/wp\/v2\/product_tag?post=2601"}],"curies":[{"name":"wp","href":"https:\/\/api.w.org\/{rel}","templated":true}]}}