{"id":2594,"date":"2022-04-22T17:32:54","date_gmt":"2022-04-22T15:32:54","guid":{"rendered":"https:\/\/trendsandvision.nl\/de\/product\/esschert-design-vogelfutterplaetzchen-3-sortierte-motive-gross-15-cm\/"},"modified":"2026-04-07T10:25:10","modified_gmt":"2026-04-07T08:25:10","slug":"esschert-design-vogelfutterplaetzchen-pro-stueck-wahl-motive-gross-15-cm","status":"publish","type":"product","link":"https:\/\/trendsandvision.nl\/de\/product\/esschert-design-vogelfutterplaetzchen-pro-stueck-wahl-motive-gross-15-cm\/","title":{"rendered":"Esschert Design Vogelfutterpl\u00e4tzchen  pro St\u00fcck\/Wahl Motive gro\u00df 15 cm"},"content":{"rendered":"<p>G\u00f6nnen Sie den V\u00f6geln einen Leckerbissen! Durch Pressen des Vogelfutters entstehen dekorative Formen, die mit der Schnur \u00fcberall im Garten aufgeh\u00e4ngt werden k\u00f6nnen. Das zusammengepresste Vogelfutter enth\u00e4lt ausschlie\u00dflich nat\u00fcrliche Zutaten und ist somit eine Erg\u00e4nzung zum nat\u00fcrlich vorkommenden Futter.<br \/>\nVogelfutter sollte f\u00fcr V\u00f6gel immer im Garten vorhanden sein. Die Vogelfutterversorgung wird immer knapper, was verschiedene Vogelarten seltener macht.<br \/>\nF\u00fcttern Sie das ganze Jahr \u00fcber mit diesen Futterfiguren und bringen Sie die farbenfrohe Vogelwelt zur\u00fcck in den Garten.<\/p>\n<p>&#8211; 3er-Sortiment (Haus, Kranz, Herz)<br \/>\n&#8211; optimale Erg\u00e4nzung zu nat\u00fcrlich vorkommendem Futter<br \/>\n&#8211; nat\u00fcrliche Zutaten<br \/>\n&#8211; H\u00e4ngeschnur<\/p>\n<p>Artikelnummer: FB170<br \/>\nProduktgruppe(n) V\u00f6gel&amp;Gartentiere, Futter, Futterpakete<br \/>\nProduktabmessungen in cm L 15 x T 3,6 x H 14,4<br \/>\nMaterial:Zutaten: Weizen, Hirse, grob gemahlener Mais, E441 (essbare Gelatine), Rapssamen und schwarze Sonnenblumenkerne. Analyse: 13,1 % Rohprotein, 4.4 % Rohfett, 5,12 % Rohfaser, 1.9 % Rohasche, Feuchtigkeit (max.) 10.2 %. Additiven\/kg: 0.163 mg Vitamin A, &lt; 0.<br \/>\nNettogewicht 0,326 kg<br \/>\nBarcode 8714982045059<\/p>\n","protected":false},"excerpt":{"rendered":"<p>Artikelnummer: FB170<br \/>\nVogelfutterpl\u00e4tzchen<br \/>\n3er-Sortiment (Haus, Kranz, Herz)<br \/>\nGro\u00df 15 cm<br \/>\nPreis Pro St\u00fcck\/Wahl<br \/>\nNettogewicht 0,326 kg<br \/>\nBarcode 8714982045059<\/p>\n","protected":false},"featured_media":2595,"template":"","meta":[],"product_brand":[9597,9598],"product_cat":[1315],"product_tag":[7155,7277,6945],"class_list":{"0":"post-2594","1":"product","2":"type-product","3":"status-publish","4":"has-post-thumbnail","6":"product_brand-esschert-design","7":"product_brand-trends-and-vision","8":"product_cat-best-for-birds","9":"product_tag-futterhaenger","10":"product_tag-futterpakete","11":"product_tag-wahl","12":"pa_anbieter-esschert-design","13":"pa_ean-code-1542","14":"pa_material-vogel-und-textil-band","15":"pa_messungen-15x15x3-13x155x3-145x14x3-cm","17":"first","18":"instock","19":"sale","20":"taxable","21":"shipping-taxable","22":"purchasable","23":"product-type-simple","24":"czr-hentry"},"yoast_head":"<!-- This site is optimized with the Yoast SEO Premium plugin v26.4 (Yoast SEO v27.4) - https:\/\/yoast.com\/product\/yoast-seo-premium-wordpress\/ -->\n<title>Esschert Design Vogelfutterpl\u00e4tzchen 3 sortierte Motive gro\u00df 15 cm (FB170, 8714982045059) - Trends &amp; Vision<\/title>\n<meta name=\"description\" content=\"Esschert Design Vogelfutterpl\u00e4tzchen 3 sortierte Motive gro\u00df 15 cm: Vogelfutterpl\u00e4tzchen 3 sortierte Motive gro\u00df 15 cm\" \/>\n<meta name=\"robots\" content=\"index, follow, max-snippet:-1, max-image-preview:large, max-video-preview:-1\" \/>\n<link rel=\"canonical\" href=\"https:\/\/trendsandvision.nl\/de\/product\/esschert-design-vogelfutterplaetzchen-pro-stueck-wahl-motive-gross-15-cm\/\" \/>\n<meta property=\"og:locale\" content=\"de_DE\" \/>\n<meta property=\"og:type\" content=\"article\" \/>\n<meta property=\"og:title\" content=\"Esschert Design Vogelfutterpl\u00e4tzchen pro St\u00fcck\/Wahl Motive gro\u00df 15 cm\" \/>\n<meta property=\"og:description\" content=\"Esschert Design Vogelfutterpl\u00e4tzchen 3 sortierte Motive gro\u00df 15 cm: Vogelfutterpl\u00e4tzchen 3 sortierte Motive gro\u00df 15 cm\" \/>\n<meta property=\"og:url\" content=\"https:\/\/trendsandvision.nl\/de\/product\/esschert-design-vogelfutterplaetzchen-pro-stueck-wahl-motive-gross-15-cm\/\" \/>\n<meta property=\"og:site_name\" content=\"Trends &amp; Vision (DE)\" \/>\n<meta property=\"article:modified_time\" content=\"2026-04-07T08:25:10+00:00\" \/>\n<meta property=\"og:image\" content=\"https:\/\/trendsandvision.nl\/de\/wp-content\/uploads\/sites\/3\/2022\/04\/FB170_01.jpg\" \/>\n\t<meta property=\"og:image:width\" content=\"800\" \/>\n\t<meta property=\"og:image:height\" content=\"800\" \/>\n\t<meta property=\"og:image:type\" content=\"image\/jpeg\" \/>\n<meta name=\"twitter:card\" content=\"summary_large_image\" \/>\n<meta name=\"twitter:label1\" content=\"Gesch\u00e4tzte Lesezeit\" \/>\n\t<meta name=\"twitter:data1\" content=\"1\u00a0Minute\" \/>\n<script type=\"application\/ld+json\" class=\"yoast-schema-graph\">{\"@context\":\"https:\\\/\\\/schema.org\",\"@graph\":[{\"@type\":\"WebPage\",\"@id\":\"https:\\\/\\\/trendsandvision.nl\\\/de\\\/product\\\/esschert-design-vogelfutterplaetzchen-pro-stueck-wahl-motive-gross-15-cm\\\/\",\"url\":\"https:\\\/\\\/trendsandvision.nl\\\/de\\\/product\\\/esschert-design-vogelfutterplaetzchen-pro-stueck-wahl-motive-gross-15-cm\\\/\",\"name\":\"Esschert Design Vogelfutterpl\u00e4tzchen 3 sortierte Motive gro\u00df 15 cm (FB170, 8714982045059) - Trends & Vision\",\"isPartOf\":{\"@id\":\"https:\\\/\\\/trendsandvision.nl\\\/de\\\/#website\"},\"primaryImageOfPage\":{\"@id\":\"https:\\\/\\\/trendsandvision.nl\\\/de\\\/product\\\/esschert-design-vogelfutterplaetzchen-pro-stueck-wahl-motive-gross-15-cm\\\/#primaryimage\"},\"image\":{\"@id\":\"https:\\\/\\\/trendsandvision.nl\\\/de\\\/product\\\/esschert-design-vogelfutterplaetzchen-pro-stueck-wahl-motive-gross-15-cm\\\/#primaryimage\"},\"thumbnailUrl\":\"https:\\\/\\\/trendsandvision.nl\\\/de\\\/wp-content\\\/uploads\\\/sites\\\/3\\\/2022\\\/04\\\/FB170_01.jpg\",\"datePublished\":\"2022-04-22T15:32:54+00:00\",\"dateModified\":\"2026-04-07T08:25:10+00:00\",\"description\":\"Esschert Design Vogelfutterpl\u00e4tzchen 3 sortierte Motive gro\u00df 15 cm: Vogelfutterpl\u00e4tzchen 3 sortierte Motive gro\u00df 15 cm\",\"breadcrumb\":{\"@id\":\"https:\\\/\\\/trendsandvision.nl\\\/de\\\/product\\\/esschert-design-vogelfutterplaetzchen-pro-stueck-wahl-motive-gross-15-cm\\\/#breadcrumb\"},\"inLanguage\":\"de\",\"potentialAction\":[{\"@type\":\"ReadAction\",\"target\":[\"https:\\\/\\\/trendsandvision.nl\\\/de\\\/product\\\/esschert-design-vogelfutterplaetzchen-pro-stueck-wahl-motive-gross-15-cm\\\/\"]}]},{\"@type\":\"ImageObject\",\"inLanguage\":\"de\",\"@id\":\"https:\\\/\\\/trendsandvision.nl\\\/de\\\/product\\\/esschert-design-vogelfutterplaetzchen-pro-stueck-wahl-motive-gross-15-cm\\\/#primaryimage\",\"url\":\"https:\\\/\\\/trendsandvision.nl\\\/de\\\/wp-content\\\/uploads\\\/sites\\\/3\\\/2022\\\/04\\\/FB170_01.jpg\",\"contentUrl\":\"https:\\\/\\\/trendsandvision.nl\\\/de\\\/wp-content\\\/uploads\\\/sites\\\/3\\\/2022\\\/04\\\/FB170_01.jpg\",\"width\":800,\"height\":800,\"caption\":\"Esschert Design Vogelfutterpl\u00e4tzchen 3 sortierte Motive gro\u00df 15 cm (FB170\"},{\"@type\":\"BreadcrumbList\",\"@id\":\"https:\\\/\\\/trendsandvision.nl\\\/de\\\/product\\\/esschert-design-vogelfutterplaetzchen-pro-stueck-wahl-motive-gross-15-cm\\\/#breadcrumb\",\"itemListElement\":[{\"@type\":\"ListItem\",\"position\":1,\"name\":\"Home\",\"item\":\"https:\\\/\\\/trendsandvision.nl\\\/de\\\/\"},{\"@type\":\"ListItem\",\"position\":2,\"name\":\"Gesch\u00e4ft\",\"item\":\"https:\\\/\\\/trendsandvision.nl\\\/de\\\/geschaft\\\/\"},{\"@type\":\"ListItem\",\"position\":3,\"name\":\"Esschert Design Vogelfutterpl\u00e4tzchen pro St\u00fcck\\\/Wahl Motive gro\u00df 15 cm\"}]},{\"@type\":\"WebSite\",\"@id\":\"https:\\\/\\\/trendsandvision.nl\\\/de\\\/#website\",\"url\":\"https:\\\/\\\/trendsandvision.nl\\\/de\\\/\",\"name\":\"Trends &amp; Vision (DE)\",\"description\":\"Der Webshop f\u00fcr Esschert Design Artikel\",\"publisher\":{\"@id\":\"https:\\\/\\\/trendsandvision.nl\\\/de\\\/#organization\"},\"potentialAction\":[{\"@type\":\"SearchAction\",\"target\":{\"@type\":\"EntryPoint\",\"urlTemplate\":\"https:\\\/\\\/trendsandvision.nl\\\/de\\\/?s={search_term_string}\"},\"query-input\":{\"@type\":\"PropertyValueSpecification\",\"valueRequired\":true,\"valueName\":\"search_term_string\"}}],\"inLanguage\":\"de\"},{\"@type\":\"Organization\",\"@id\":\"https:\\\/\\\/trendsandvision.nl\\\/de\\\/#organization\",\"name\":\"Trends &amp; Vision (DE)\",\"url\":\"https:\\\/\\\/trendsandvision.nl\\\/de\\\/\",\"logo\":{\"@type\":\"ImageObject\",\"inLanguage\":\"de\",\"@id\":\"https:\\\/\\\/trendsandvision.nl\\\/de\\\/#\\\/schema\\\/logo\\\/image\\\/\",\"url\":\"https:\\\/\\\/trendsandvision.nl\\\/de\\\/wp-content\\\/uploads\\\/sites\\\/3\\\/2022\\\/04\\\/trends-and-vision-logo.jpg\",\"contentUrl\":\"https:\\\/\\\/trendsandvision.nl\\\/de\\\/wp-content\\\/uploads\\\/sites\\\/3\\\/2022\\\/04\\\/trends-and-vision-logo.jpg\",\"width\":213,\"height\":100,\"caption\":\"Trends &amp; Vision (DE)\"},\"image\":{\"@id\":\"https:\\\/\\\/trendsandvision.nl\\\/de\\\/#\\\/schema\\\/logo\\\/image\\\/\"}}]}<\/script>\n<!-- \/ Yoast SEO Premium plugin. -->","yoast_head_json":{"title":"Esschert Design Vogelfutterpl\u00e4tzchen 3 sortierte Motive gro\u00df 15 cm (FB170, 8714982045059) - Trends & Vision","description":"Esschert Design Vogelfutterpl\u00e4tzchen 3 sortierte Motive gro\u00df 15 cm: Vogelfutterpl\u00e4tzchen 3 sortierte Motive gro\u00df 15 cm","robots":{"index":"index","follow":"follow","max-snippet":"max-snippet:-1","max-image-preview":"max-image-preview:large","max-video-preview":"max-video-preview:-1"},"canonical":"https:\/\/trendsandvision.nl\/de\/product\/esschert-design-vogelfutterplaetzchen-pro-stueck-wahl-motive-gross-15-cm\/","og_locale":"de_DE","og_type":"article","og_title":"Esschert Design Vogelfutterpl\u00e4tzchen pro St\u00fcck\/Wahl Motive gro\u00df 15 cm","og_description":"Esschert Design Vogelfutterpl\u00e4tzchen 3 sortierte Motive gro\u00df 15 cm: Vogelfutterpl\u00e4tzchen 3 sortierte Motive gro\u00df 15 cm","og_url":"https:\/\/trendsandvision.nl\/de\/product\/esschert-design-vogelfutterplaetzchen-pro-stueck-wahl-motive-gross-15-cm\/","og_site_name":"Trends &amp; Vision (DE)","article_modified_time":"2026-04-07T08:25:10+00:00","og_image":[{"width":800,"height":800,"url":"https:\/\/trendsandvision.nl\/de\/wp-content\/uploads\/sites\/3\/2022\/04\/FB170_01.jpg","type":"image\/jpeg"}],"twitter_card":"summary_large_image","twitter_misc":{"Gesch\u00e4tzte Lesezeit":"1\u00a0Minute"},"schema":{"@context":"https:\/\/schema.org","@graph":[{"@type":"WebPage","@id":"https:\/\/trendsandvision.nl\/de\/product\/esschert-design-vogelfutterplaetzchen-pro-stueck-wahl-motive-gross-15-cm\/","url":"https:\/\/trendsandvision.nl\/de\/product\/esschert-design-vogelfutterplaetzchen-pro-stueck-wahl-motive-gross-15-cm\/","name":"Esschert Design Vogelfutterpl\u00e4tzchen 3 sortierte Motive gro\u00df 15 cm (FB170, 8714982045059) - Trends & Vision","isPartOf":{"@id":"https:\/\/trendsandvision.nl\/de\/#website"},"primaryImageOfPage":{"@id":"https:\/\/trendsandvision.nl\/de\/product\/esschert-design-vogelfutterplaetzchen-pro-stueck-wahl-motive-gross-15-cm\/#primaryimage"},"image":{"@id":"https:\/\/trendsandvision.nl\/de\/product\/esschert-design-vogelfutterplaetzchen-pro-stueck-wahl-motive-gross-15-cm\/#primaryimage"},"thumbnailUrl":"https:\/\/trendsandvision.nl\/de\/wp-content\/uploads\/sites\/3\/2022\/04\/FB170_01.jpg","datePublished":"2022-04-22T15:32:54+00:00","dateModified":"2026-04-07T08:25:10+00:00","description":"Esschert Design Vogelfutterpl\u00e4tzchen 3 sortierte Motive gro\u00df 15 cm: Vogelfutterpl\u00e4tzchen 3 sortierte Motive gro\u00df 15 cm","breadcrumb":{"@id":"https:\/\/trendsandvision.nl\/de\/product\/esschert-design-vogelfutterplaetzchen-pro-stueck-wahl-motive-gross-15-cm\/#breadcrumb"},"inLanguage":"de","potentialAction":[{"@type":"ReadAction","target":["https:\/\/trendsandvision.nl\/de\/product\/esschert-design-vogelfutterplaetzchen-pro-stueck-wahl-motive-gross-15-cm\/"]}]},{"@type":"ImageObject","inLanguage":"de","@id":"https:\/\/trendsandvision.nl\/de\/product\/esschert-design-vogelfutterplaetzchen-pro-stueck-wahl-motive-gross-15-cm\/#primaryimage","url":"https:\/\/trendsandvision.nl\/de\/wp-content\/uploads\/sites\/3\/2022\/04\/FB170_01.jpg","contentUrl":"https:\/\/trendsandvision.nl\/de\/wp-content\/uploads\/sites\/3\/2022\/04\/FB170_01.jpg","width":800,"height":800,"caption":"Esschert Design Vogelfutterpl\u00e4tzchen 3 sortierte Motive gro\u00df 15 cm (FB170"},{"@type":"BreadcrumbList","@id":"https:\/\/trendsandvision.nl\/de\/product\/esschert-design-vogelfutterplaetzchen-pro-stueck-wahl-motive-gross-15-cm\/#breadcrumb","itemListElement":[{"@type":"ListItem","position":1,"name":"Home","item":"https:\/\/trendsandvision.nl\/de\/"},{"@type":"ListItem","position":2,"name":"Gesch\u00e4ft","item":"https:\/\/trendsandvision.nl\/de\/geschaft\/"},{"@type":"ListItem","position":3,"name":"Esschert Design Vogelfutterpl\u00e4tzchen pro St\u00fcck\/Wahl Motive gro\u00df 15 cm"}]},{"@type":"WebSite","@id":"https:\/\/trendsandvision.nl\/de\/#website","url":"https:\/\/trendsandvision.nl\/de\/","name":"Trends &amp; Vision (DE)","description":"Der Webshop f\u00fcr Esschert Design Artikel","publisher":{"@id":"https:\/\/trendsandvision.nl\/de\/#organization"},"potentialAction":[{"@type":"SearchAction","target":{"@type":"EntryPoint","urlTemplate":"https:\/\/trendsandvision.nl\/de\/?s={search_term_string}"},"query-input":{"@type":"PropertyValueSpecification","valueRequired":true,"valueName":"search_term_string"}}],"inLanguage":"de"},{"@type":"Organization","@id":"https:\/\/trendsandvision.nl\/de\/#organization","name":"Trends &amp; Vision (DE)","url":"https:\/\/trendsandvision.nl\/de\/","logo":{"@type":"ImageObject","inLanguage":"de","@id":"https:\/\/trendsandvision.nl\/de\/#\/schema\/logo\/image\/","url":"https:\/\/trendsandvision.nl\/de\/wp-content\/uploads\/sites\/3\/2022\/04\/trends-and-vision-logo.jpg","contentUrl":"https:\/\/trendsandvision.nl\/de\/wp-content\/uploads\/sites\/3\/2022\/04\/trends-and-vision-logo.jpg","width":213,"height":100,"caption":"Trends &amp; Vision (DE)"},"image":{"@id":"https:\/\/trendsandvision.nl\/de\/#\/schema\/logo\/image\/"}}]}},"_links":{"self":[{"href":"https:\/\/trendsandvision.nl\/de\/wp-json\/wp\/v2\/product\/2594","targetHints":{"allow":["GET"]}}],"collection":[{"href":"https:\/\/trendsandvision.nl\/de\/wp-json\/wp\/v2\/product"}],"about":[{"href":"https:\/\/trendsandvision.nl\/de\/wp-json\/wp\/v2\/types\/product"}],"wp:featuredmedia":[{"embeddable":true,"href":"https:\/\/trendsandvision.nl\/de\/wp-json\/wp\/v2\/media\/2595"}],"wp:attachment":[{"href":"https:\/\/trendsandvision.nl\/de\/wp-json\/wp\/v2\/media?parent=2594"}],"wp:term":[{"taxonomy":"product_brand","embeddable":true,"href":"https:\/\/trendsandvision.nl\/de\/wp-json\/wp\/v2\/product_brand?post=2594"},{"taxonomy":"product_cat","embeddable":true,"href":"https:\/\/trendsandvision.nl\/de\/wp-json\/wp\/v2\/product_cat?post=2594"},{"taxonomy":"product_tag","embeddable":true,"href":"https:\/\/trendsandvision.nl\/de\/wp-json\/wp\/v2\/product_tag?post=2594"}],"curies":[{"name":"wp","href":"https:\/\/api.w.org\/{rel}","templated":true}]}}